{"id":12368,"date":"2023-11-15T19:26:30","date_gmt":"2023-11-15T19:26:30","guid":{"rendered":"https:\/\/anivet.lt\/elparduotuve\/?post_type=product&#038;p=12368"},"modified":"2025-06-27T00:00:44","modified_gmt":"2025-06-27T00:00:44","slug":"gimcat-multivitamin-pasta-katems","status":"publish","type":"product","link":"https:\/\/anivet.lt\/elparduotuve\/produktas\/gimcat-multivitamin-pasta-katems\/","title":{"rendered":"GimCat Multivitamin pasta kat\u0117ms 100g"},"content":{"rendered":"<ul>\n<li><span style=\"font-weight: 400;\">Stiprina imunitet\u0105: Vitamin\u0173 kompleksas, \u012fskaitant D3, E ir C, padeda stiprinti nat\u016brali\u0105 organizmo apsaug\u0105.<\/span><\/li>\n<li><span style=\"font-weight: 400;\">Sveika oda ir kailis: Omega-3 ir Omega-6 riebal\u0173 r\u016bg\u0161tys u\u017etikrina blizgant\u012f kail\u012f ir sveik\u0105 od\u0105.<\/span><\/li>\n<li><span style=\"font-weight: 400;\">Reg\u0117jimo ir \u0161irdies palaikymas: Taurinas padeda i\u0161laikyti sveik\u0105 reg\u0117jim\u0105 ir \u0161irdies funkcij\u0105.<\/span><\/li>\n<li><span style=\"font-weight: 400;\">Nat\u016brali sud\u0117tis: Be prid\u0117tinio cukraus, dirbtini\u0173 da\u017eikli\u0173 ir konservant\u0173 \u2013 tinkama nat\u016braliai mitybai.<\/span><\/li>\n<li><span style=\"font-weight: 400;\">Bendras gyvybingumas: Sud\u0117tyje esantis L-karnitinas ir cholinas padeda palaikyti energijos lyg\u012f ir med\u017eiag\u0173 apykait\u0105.<\/span><\/li>\n<\/ul>\n<p><span style=\"font-weight: 400;\">\u0160i pasta yra puikus papildas kat\u0117s kasdienei mitybai, palaikantis sveik\u0105 od\u0105, kail\u012f ir bendr\u0105 sveikat\u0105. Patogu naudoti kaip skan\u0117st\u0105 ar pried\u0105 prie \u012fprasto maisto. Rekomenduojama laikytis dozavimo instrukcij\u0173, kad b\u016bt\u0173 u\u017etikrinta optimali nauda j\u016bs\u0173 katei.<\/span><\/p>\n","protected":false},"excerpt":{"rendered":"<p><span style=\"font-weight: 400;\">Maisto papildas, skirtas suaugusioms kat\u0117ms. Jos sud\u0117tyje esan\u010dios 12 pagrindini\u0173 vitamin\u0173 ir verting\u0173 med\u017eiag\u0173 formul\u0117 padeda palaikyti nat\u016brali\u0105 organizmo apsaug\u0105 ir bendr\u0105 gerov\u0119.<\/span><\/p>\n","protected":false},"featured_media":12369,"template":"","meta":[],"product_brand":[],"product_cat":[102,124],"product_tag":[],"class_list":{"0":"post-12368","1":"product","2":"type-product","3":"status-publish","4":"has-post-thumbnail","6":"product_cat-katems","7":"product_cat-vitaminai-ir-papildai-katems","8":"pa_prekinis-zenklas-gimcat","10":"first","11":"instock","12":"taxable","13":"shipping-taxable","14":"purchasable","15":"product-type-simple"},"yoast_head":"<!-- This site is optimized with the Yoast SEO Premium plugin v27.1 (Yoast SEO v27.5) - https:\/\/yoast.com\/product\/yoast-seo-premium-wordpress\/ -->\n<title>GimCat Multivitamin pasta kat\u0117ms 100g - anivet.lt<\/title>\n<meta name=\"description\" content=\"Maisto papildas, skirtas suaugusioms kat\u0117ms. Jos sud\u0117tyje esan\u010dios 12 pagrindini\u0173 vitamin\u0173 ir verting\u0173 med\u017eiag\u0173 formul\u0117 padeda palaikyti nat\u016brali\u0105 organizmo apsaug\u0105 ir bendr\u0105 gerov\u0119.\" \/>\n<meta name=\"robots\" content=\"index, follow, max-snippet:-1, max-image-preview:large, max-video-preview:-1\" \/>\n<link rel=\"canonical\" href=\"https:\/\/anivet.lt\/elparduotuve\/produktas\/gimcat-multivitamin-pasta-katems\/\" \/>\n<meta property=\"og:locale\" content=\"lt_LT\" \/>\n<meta property=\"og:type\" content=\"article\" \/>\n<meta property=\"og:title\" content=\"GimCat Multivitamin pasta kat\u0117ms 100g\" \/>\n<meta property=\"og:description\" content=\"Maisto papildas, skirtas suaugusioms kat\u0117ms. Jos sud\u0117tyje esan\u010dios 12 pagrindini\u0173 vitamin\u0173 ir verting\u0173 med\u017eiag\u0173 formul\u0117 padeda palaikyti nat\u016brali\u0105 organizmo apsaug\u0105 ir bendr\u0105 gerov\u0119.\" \/>\n<meta property=\"og:url\" content=\"https:\/\/anivet.lt\/elparduotuve\/produktas\/gimcat-multivitamin-pasta-katems\/\" \/>\n<meta property=\"og:site_name\" content=\"anivet.lt\" \/>\n<meta property=\"article:modified_time\" content=\"2025-06-27T00:00:44+00:00\" \/>\n<meta property=\"og:image\" content=\"https:\/\/anivet.lt\/elparduotuve\/wp-content\/uploads\/2023\/11\/gimcat-multivitamin-paste-professional-100g-pasta-katems-imuniteto-stiprinimui.jpg\" \/>\n\t<meta property=\"og:image:width\" content=\"800\" \/>\n\t<meta property=\"og:image:height\" content=\"800\" \/>\n\t<meta property=\"og:image:type\" content=\"image\/jpeg\" \/>\n<meta name=\"twitter:card\" content=\"summary_large_image\" \/>\n<meta name=\"twitter:label1\" content=\"Est. reading time\" \/>\n\t<meta name=\"twitter:data1\" content=\"1 minut\u0117\" \/>\n<script type=\"application\/ld+json\" class=\"yoast-schema-graph\">{\"@context\":\"https:\\\/\\\/schema.org\",\"@graph\":[{\"@type\":\"WebPage\",\"@id\":\"https:\\\/\\\/anivet.lt\\\/elparduotuve\\\/produktas\\\/gimcat-multivitamin-pasta-katems\\\/\",\"url\":\"https:\\\/\\\/anivet.lt\\\/elparduotuve\\\/produktas\\\/gimcat-multivitamin-pasta-katems\\\/\",\"name\":\"GimCat Multivitamin pasta kat\u0117ms 100g - anivet.lt\",\"isPartOf\":{\"@id\":\"https:\\\/\\\/anivet.lt\\\/elparduotuve\\\/#website\"},\"primaryImageOfPage\":{\"@id\":\"https:\\\/\\\/anivet.lt\\\/elparduotuve\\\/produktas\\\/gimcat-multivitamin-pasta-katems\\\/#primaryimage\"},\"image\":{\"@id\":\"https:\\\/\\\/anivet.lt\\\/elparduotuve\\\/produktas\\\/gimcat-multivitamin-pasta-katems\\\/#primaryimage\"},\"thumbnailUrl\":\"https:\\\/\\\/anivet.lt\\\/elparduotuve\\\/wp-content\\\/uploads\\\/2023\\\/11\\\/gimcat-multivitamin-paste-professional-100g-pasta-katems-imuniteto-stiprinimui.jpg\",\"datePublished\":\"2023-11-15T19:26:30+00:00\",\"dateModified\":\"2025-06-27T00:00:44+00:00\",\"description\":\"Maisto papildas, skirtas suaugusioms kat\u0117ms. Jos sud\u0117tyje esan\u010dios 12 pagrindini\u0173 vitamin\u0173 ir verting\u0173 med\u017eiag\u0173 formul\u0117 padeda palaikyti nat\u016brali\u0105 organizmo apsaug\u0105 ir bendr\u0105 gerov\u0119.\",\"breadcrumb\":{\"@id\":\"https:\\\/\\\/anivet.lt\\\/elparduotuve\\\/produktas\\\/gimcat-multivitamin-pasta-katems\\\/#breadcrumb\"},\"inLanguage\":\"lt-LT\",\"potentialAction\":[{\"@type\":\"ReadAction\",\"target\":[\"https:\\\/\\\/anivet.lt\\\/elparduotuve\\\/produktas\\\/gimcat-multivitamin-pasta-katems\\\/\"]}]},{\"@type\":\"ImageObject\",\"inLanguage\":\"lt-LT\",\"@id\":\"https:\\\/\\\/anivet.lt\\\/elparduotuve\\\/produktas\\\/gimcat-multivitamin-pasta-katems\\\/#primaryimage\",\"url\":\"https:\\\/\\\/anivet.lt\\\/elparduotuve\\\/wp-content\\\/uploads\\\/2023\\\/11\\\/gimcat-multivitamin-paste-professional-100g-pasta-katems-imuniteto-stiprinimui.jpg\",\"contentUrl\":\"https:\\\/\\\/anivet.lt\\\/elparduotuve\\\/wp-content\\\/uploads\\\/2023\\\/11\\\/gimcat-multivitamin-paste-professional-100g-pasta-katems-imuniteto-stiprinimui.jpg\",\"width\":800,\"height\":800,\"caption\":\"GimCat Multivitamin pasta kat\u0117ms 100g\"},{\"@type\":\"BreadcrumbList\",\"@id\":\"https:\\\/\\\/anivet.lt\\\/elparduotuve\\\/produktas\\\/gimcat-multivitamin-pasta-katems\\\/#breadcrumb\",\"itemListElement\":[{\"@type\":\"ListItem\",\"position\":1,\"name\":\"Home\",\"item\":\"https:\\\/\\\/anivet.lt\\\/elparduotuve\\\/\"},{\"@type\":\"ListItem\",\"position\":2,\"name\":\"Produktai\",\"item\":\"https:\\\/\\\/anivet.lt\\\/elparduotuve\\\/produktai\\\/\"},{\"@type\":\"ListItem\",\"position\":3,\"name\":\"GimCat Multivitamin pasta kat\u0117ms 100g\"}]},{\"@type\":\"WebSite\",\"@id\":\"https:\\\/\\\/anivet.lt\\\/elparduotuve\\\/#website\",\"url\":\"https:\\\/\\\/anivet.lt\\\/elparduotuve\\\/\",\"name\":\"anivet.lt\",\"description\":\"Viskas J\u016bs\u0173 \u0161uns, kat\u0117s prie\u017ei\u016brai\",\"publisher\":{\"@id\":\"https:\\\/\\\/anivet.lt\\\/elparduotuve\\\/#organization\"},\"alternateName\":\"Viskas J\u016bs\u0173 \u0161uns, kat\u0117s prie\u017ei\u016brai\",\"potentialAction\":[{\"@type\":\"SearchAction\",\"target\":{\"@type\":\"EntryPoint\",\"urlTemplate\":\"https:\\\/\\\/anivet.lt\\\/elparduotuve\\\/?s={search_term_string}\"},\"query-input\":{\"@type\":\"PropertyValueSpecification\",\"valueRequired\":true,\"valueName\":\"search_term_string\"}}],\"inLanguage\":\"lt-LT\"},{\"@type\":\"Organization\",\"@id\":\"https:\\\/\\\/anivet.lt\\\/elparduotuve\\\/#organization\",\"name\":\"Viskas J\u016bs\u0173 \u0161uns, kat\u0117s prie\u017ei\u016brai\",\"url\":\"https:\\\/\\\/anivet.lt\\\/elparduotuve\\\/\",\"logo\":{\"@type\":\"ImageObject\",\"inLanguage\":\"lt-LT\",\"@id\":\"https:\\\/\\\/anivet.lt\\\/elparduotuve\\\/#\\\/schema\\\/logo\\\/image\\\/\",\"url\":\"https:\\\/\\\/anivet.lt\\\/elparduotuve\\\/wp-content\\\/uploads\\\/2023\\\/06\\\/logo2.jpg\",\"contentUrl\":\"https:\\\/\\\/anivet.lt\\\/elparduotuve\\\/wp-content\\\/uploads\\\/2023\\\/06\\\/logo2.jpg\",\"width\":655,\"height\":194,\"caption\":\"Viskas J\u016bs\u0173 \u0161uns, kat\u0117s prie\u017ei\u016brai\"},\"image\":{\"@id\":\"https:\\\/\\\/anivet.lt\\\/elparduotuve\\\/#\\\/schema\\\/logo\\\/image\\\/\"}}]}<\/script>\n<!-- \/ Yoast SEO Premium plugin. -->","yoast_head_json":{"title":"GimCat Multivitamin pasta kat\u0117ms 100g - anivet.lt","description":"Maisto papildas, skirtas suaugusioms kat\u0117ms. Jos sud\u0117tyje esan\u010dios 12 pagrindini\u0173 vitamin\u0173 ir verting\u0173 med\u017eiag\u0173 formul\u0117 padeda palaikyti nat\u016brali\u0105 organizmo apsaug\u0105 ir bendr\u0105 gerov\u0119.","robots":{"index":"index","follow":"follow","max-snippet":"max-snippet:-1","max-image-preview":"max-image-preview:large","max-video-preview":"max-video-preview:-1"},"canonical":"https:\/\/anivet.lt\/elparduotuve\/produktas\/gimcat-multivitamin-pasta-katems\/","og_locale":"lt_LT","og_type":"article","og_title":"GimCat Multivitamin pasta kat\u0117ms 100g","og_description":"Maisto papildas, skirtas suaugusioms kat\u0117ms. Jos sud\u0117tyje esan\u010dios 12 pagrindini\u0173 vitamin\u0173 ir verting\u0173 med\u017eiag\u0173 formul\u0117 padeda palaikyti nat\u016brali\u0105 organizmo apsaug\u0105 ir bendr\u0105 gerov\u0119.","og_url":"https:\/\/anivet.lt\/elparduotuve\/produktas\/gimcat-multivitamin-pasta-katems\/","og_site_name":"anivet.lt","article_modified_time":"2025-06-27T00:00:44+00:00","og_image":[{"width":800,"height":800,"url":"https:\/\/anivet.lt\/elparduotuve\/wp-content\/uploads\/2023\/11\/gimcat-multivitamin-paste-professional-100g-pasta-katems-imuniteto-stiprinimui.jpg","type":"image\/jpeg"}],"twitter_card":"summary_large_image","twitter_misc":{"Est. reading time":"1 minut\u0117"},"schema":{"@context":"https:\/\/schema.org","@graph":[{"@type":"WebPage","@id":"https:\/\/anivet.lt\/elparduotuve\/produktas\/gimcat-multivitamin-pasta-katems\/","url":"https:\/\/anivet.lt\/elparduotuve\/produktas\/gimcat-multivitamin-pasta-katems\/","name":"GimCat Multivitamin pasta kat\u0117ms 100g - anivet.lt","isPartOf":{"@id":"https:\/\/anivet.lt\/elparduotuve\/#website"},"primaryImageOfPage":{"@id":"https:\/\/anivet.lt\/elparduotuve\/produktas\/gimcat-multivitamin-pasta-katems\/#primaryimage"},"image":{"@id":"https:\/\/anivet.lt\/elparduotuve\/produktas\/gimcat-multivitamin-pasta-katems\/#primaryimage"},"thumbnailUrl":"https:\/\/anivet.lt\/elparduotuve\/wp-content\/uploads\/2023\/11\/gimcat-multivitamin-paste-professional-100g-pasta-katems-imuniteto-stiprinimui.jpg","datePublished":"2023-11-15T19:26:30+00:00","dateModified":"2025-06-27T00:00:44+00:00","description":"Maisto papildas, skirtas suaugusioms kat\u0117ms. Jos sud\u0117tyje esan\u010dios 12 pagrindini\u0173 vitamin\u0173 ir verting\u0173 med\u017eiag\u0173 formul\u0117 padeda palaikyti nat\u016brali\u0105 organizmo apsaug\u0105 ir bendr\u0105 gerov\u0119.","breadcrumb":{"@id":"https:\/\/anivet.lt\/elparduotuve\/produktas\/gimcat-multivitamin-pasta-katems\/#breadcrumb"},"inLanguage":"lt-LT","potentialAction":[{"@type":"ReadAction","target":["https:\/\/anivet.lt\/elparduotuve\/produktas\/gimcat-multivitamin-pasta-katems\/"]}]},{"@type":"ImageObject","inLanguage":"lt-LT","@id":"https:\/\/anivet.lt\/elparduotuve\/produktas\/gimcat-multivitamin-pasta-katems\/#primaryimage","url":"https:\/\/anivet.lt\/elparduotuve\/wp-content\/uploads\/2023\/11\/gimcat-multivitamin-paste-professional-100g-pasta-katems-imuniteto-stiprinimui.jpg","contentUrl":"https:\/\/anivet.lt\/elparduotuve\/wp-content\/uploads\/2023\/11\/gimcat-multivitamin-paste-professional-100g-pasta-katems-imuniteto-stiprinimui.jpg","width":800,"height":800,"caption":"GimCat Multivitamin pasta kat\u0117ms 100g"},{"@type":"BreadcrumbList","@id":"https:\/\/anivet.lt\/elparduotuve\/produktas\/gimcat-multivitamin-pasta-katems\/#breadcrumb","itemListElement":[{"@type":"ListItem","position":1,"name":"Home","item":"https:\/\/anivet.lt\/elparduotuve\/"},{"@type":"ListItem","position":2,"name":"Produktai","item":"https:\/\/anivet.lt\/elparduotuve\/produktai\/"},{"@type":"ListItem","position":3,"name":"GimCat Multivitamin pasta kat\u0117ms 100g"}]},{"@type":"WebSite","@id":"https:\/\/anivet.lt\/elparduotuve\/#website","url":"https:\/\/anivet.lt\/elparduotuve\/","name":"anivet.lt","description":"Viskas J\u016bs\u0173 \u0161uns, kat\u0117s prie\u017ei\u016brai","publisher":{"@id":"https:\/\/anivet.lt\/elparduotuve\/#organization"},"alternateName":"Viskas J\u016bs\u0173 \u0161uns, kat\u0117s prie\u017ei\u016brai","potentialAction":[{"@type":"SearchAction","target":{"@type":"EntryPoint","urlTemplate":"https:\/\/anivet.lt\/elparduotuve\/?s={search_term_string}"},"query-input":{"@type":"PropertyValueSpecification","valueRequired":true,"valueName":"search_term_string"}}],"inLanguage":"lt-LT"},{"@type":"Organization","@id":"https:\/\/anivet.lt\/elparduotuve\/#organization","name":"Viskas J\u016bs\u0173 \u0161uns, kat\u0117s prie\u017ei\u016brai","url":"https:\/\/anivet.lt\/elparduotuve\/","logo":{"@type":"ImageObject","inLanguage":"lt-LT","@id":"https:\/\/anivet.lt\/elparduotuve\/#\/schema\/logo\/image\/","url":"https:\/\/anivet.lt\/elparduotuve\/wp-content\/uploads\/2023\/06\/logo2.jpg","contentUrl":"https:\/\/anivet.lt\/elparduotuve\/wp-content\/uploads\/2023\/06\/logo2.jpg","width":655,"height":194,"caption":"Viskas J\u016bs\u0173 \u0161uns, kat\u0117s prie\u017ei\u016brai"},"image":{"@id":"https:\/\/anivet.lt\/elparduotuve\/#\/schema\/logo\/image\/"}}]}},"_links":{"self":[{"href":"https:\/\/anivet.lt\/elparduotuve\/wp-json\/wp\/v2\/product\/12368","targetHints":{"allow":["GET"]}}],"collection":[{"href":"https:\/\/anivet.lt\/elparduotuve\/wp-json\/wp\/v2\/product"}],"about":[{"href":"https:\/\/anivet.lt\/elparduotuve\/wp-json\/wp\/v2\/types\/product"}],"wp:featuredmedia":[{"embeddable":true,"href":"https:\/\/anivet.lt\/elparduotuve\/wp-json\/wp\/v2\/media\/12369"}],"wp:attachment":[{"href":"https:\/\/anivet.lt\/elparduotuve\/wp-json\/wp\/v2\/media?parent=12368"}],"wp:term":[{"taxonomy":"product_brand","embeddable":true,"href":"https:\/\/anivet.lt\/elparduotuve\/wp-json\/wp\/v2\/product_brand?post=12368"},{"taxonomy":"product_cat","embeddable":true,"href":"https:\/\/anivet.lt\/elparduotuve\/wp-json\/wp\/v2\/product_cat?post=12368"},{"taxonomy":"product_tag","embeddable":true,"href":"https:\/\/anivet.lt\/elparduotuve\/wp-json\/wp\/v2\/product_tag?post=12368"}],"curies":[{"name":"wp","href":"https:\/\/api.w.org\/{rel}","templated":true}]}}