{"id":12371,"date":"2023-11-15T20:05:32","date_gmt":"2023-11-15T20:05:32","guid":{"rendered":"https:\/\/anivet.lt\/elparduotuve\/?post_type=product&#038;p=12371"},"modified":"2025-10-11T12:41:55","modified_gmt":"2025-10-11T12:41:55","slug":"gimcat-kitten-paste-expert-line-pasta-jauniems-kaciukams-50g","status":"publish","type":"product","link":"https:\/\/anivet.lt\/elparduotuve\/produktas\/gimcat-kitten-paste-expert-line-pasta-jauniems-kaciukams-50g\/","title":{"rendered":"GimCat Kitten Paste Expert Line pasta jauniems ka\u010diukams 50g"},"content":{"rendered":"<ul>\n<li style=\"font-weight: 400;\" aria-level=\"1\"><span style=\"font-weight: 400;\">Imunin\u0117s sistemos palaikymas: Sud\u0117tyje yra 12 gyvybi\u0161kai svarbi\u0173 vitamin\u0173 bei mikro ir makro element\u0173, kurie stiprina imunitet\u0105.<\/span><\/li>\n<li style=\"font-weight: 400;\" aria-level=\"1\"><span style=\"font-weight: 400;\">Sveiki kaulai ir augimas: Optimalus kalcio ir fosforo santykis prisideda prie kaul\u0173 tvirtumo ir tinkamo augimo.<\/span><\/li>\n<li style=\"font-weight: 400;\" aria-level=\"1\"><span style=\"font-weight: 400;\">Sveikos l\u0105stel\u0117s: Lin\u0173 s\u0117men\u0173 aliejus ir \u017euv\u0173 taukai u\u017etikrina sveik\u0173 l\u0105steli\u0173 apsaug\u0105.<\/span><\/li>\n<li style=\"font-weight: 400;\" aria-level=\"1\"><span style=\"font-weight: 400;\">Reg\u0117jimas ir \u0161irdis: Taurinas palaiko sveik\u0105 reg\u0117jim\u0105 ir \u0161irdies funkcijas.<\/span><\/li>\n<li style=\"font-weight: 400;\" aria-level=\"1\"><span style=\"font-weight: 400;\">Nat\u016brali sud\u0117tis: Kiau\u0161inio trynys apr\u016bpina b\u016btin\u0105ja arachidono r\u016bg\u0161timi, o sud\u0117tyje n\u0117ra prid\u0117tinio cukraus.<\/span><\/li>\n<\/ul>\n<p><span style=\"font-weight: 400;\">\u0160i pasta yra idealus papildas jauniems ka\u010diukams, u\u017etikrinantis subalansuot\u0105 augim\u0105 ir sveikat\u0105. Patogu naudoti kasdien kaip skan\u0117st\u0105 arba kaip papild\u0105 \u012f \u012fprast\u0105 maist\u0105. Rekomenduojama laikytis nurodytos doz\u0117s, kad ka\u010diukai gaut\u0173 visus b\u016btinus vitaminus ir mineralus sveikam vystymuisi.<\/span><\/p>\n","protected":false},"excerpt":{"rendered":"<p><span style=\"font-weight: 400;\">Papildas, skirtas ka\u010diukams nuo 6 savai\u010di\u0173 am\u017eiaus. Specialiai sukurta formul\u0117 padeda skatinti sveik\u0105 augim\u0105, stiprina kaul\u0173 strukt\u016br\u0105, imunin\u0119 sistem\u0105 ir l\u0105steli\u0173 vystym\u0105si.<\/span><\/p>\n","protected":false},"featured_media":12372,"template":"","meta":[],"product_brand":[],"product_cat":[102,124],"product_tag":[],"class_list":{"0":"post-12371","1":"product","2":"type-product","3":"status-publish","4":"has-post-thumbnail","6":"product_cat-katems","7":"product_cat-vitaminai-ir-papildai-katems","8":"pa_prekinis-zenklas-gimcat","10":"first","11":"instock","12":"taxable","13":"shipping-taxable","14":"purchasable","15":"product-type-simple"},"yoast_head":"<!-- This site is optimized with the Yoast SEO Premium plugin v27.1 (Yoast SEO v27.5) - https:\/\/yoast.com\/product\/yoast-seo-premium-wordpress\/ -->\n<title>GimCat Kitten Paste Expert Line pasta jauniems ka\u010diukams 50g - anivet.lt<\/title>\n<meta name=\"description\" content=\"Papildas, skirtas ka\u010diukams nuo 6 savai\u010di\u0173 am\u017eiaus. Specialiai sukurta formul\u0117 padeda skatinti sveik\u0105 augim\u0105, stiprina kaul\u0173 strukt\u016br\u0105, imunin\u0119 sistem\u0105 ir l\u0105steli\u0173 vystym\u0105si.\" \/>\n<meta name=\"robots\" content=\"index, follow, max-snippet:-1, max-image-preview:large, max-video-preview:-1\" \/>\n<link rel=\"canonical\" href=\"https:\/\/anivet.lt\/elparduotuve\/produktas\/gimcat-kitten-paste-expert-line-pasta-jauniems-kaciukams-50g\/\" \/>\n<meta property=\"og:locale\" content=\"lt_LT\" \/>\n<meta property=\"og:type\" content=\"article\" \/>\n<meta property=\"og:title\" content=\"GimCat Kitten Paste Expert Line pasta jauniems ka\u010diukams 50g\" \/>\n<meta property=\"og:description\" content=\"Papildas, skirtas ka\u010diukams nuo 6 savai\u010di\u0173 am\u017eiaus. Specialiai sukurta formul\u0117 padeda skatinti sveik\u0105 augim\u0105, stiprina kaul\u0173 strukt\u016br\u0105, imunin\u0119 sistem\u0105 ir l\u0105steli\u0173 vystym\u0105si.\" \/>\n<meta property=\"og:url\" content=\"https:\/\/anivet.lt\/elparduotuve\/produktas\/gimcat-kitten-paste-expert-line-pasta-jauniems-kaciukams-50g\/\" \/>\n<meta property=\"og:site_name\" content=\"anivet.lt\" \/>\n<meta property=\"article:modified_time\" content=\"2025-10-11T12:41:55+00:00\" \/>\n<meta property=\"og:image\" content=\"https:\/\/anivet.lt\/elparduotuve\/wp-content\/uploads\/2023\/11\/gimcat-kitten-paste-expert-line-50g-pasta-jauniems-kaciukams.png\" \/>\n\t<meta property=\"og:image:width\" content=\"800\" \/>\n\t<meta property=\"og:image:height\" content=\"800\" \/>\n\t<meta property=\"og:image:type\" content=\"image\/png\" \/>\n<meta name=\"twitter:card\" content=\"summary_large_image\" \/>\n<meta name=\"twitter:label1\" content=\"Est. reading time\" \/>\n\t<meta name=\"twitter:data1\" content=\"1 minut\u0117\" \/>\n<script type=\"application\/ld+json\" class=\"yoast-schema-graph\">{\"@context\":\"https:\\\/\\\/schema.org\",\"@graph\":[{\"@type\":\"WebPage\",\"@id\":\"https:\\\/\\\/anivet.lt\\\/elparduotuve\\\/produktas\\\/gimcat-kitten-paste-expert-line-pasta-jauniems-kaciukams-50g\\\/\",\"url\":\"https:\\\/\\\/anivet.lt\\\/elparduotuve\\\/produktas\\\/gimcat-kitten-paste-expert-line-pasta-jauniems-kaciukams-50g\\\/\",\"name\":\"GimCat Kitten Paste Expert Line pasta jauniems ka\u010diukams 50g - anivet.lt\",\"isPartOf\":{\"@id\":\"https:\\\/\\\/anivet.lt\\\/elparduotuve\\\/#website\"},\"primaryImageOfPage\":{\"@id\":\"https:\\\/\\\/anivet.lt\\\/elparduotuve\\\/produktas\\\/gimcat-kitten-paste-expert-line-pasta-jauniems-kaciukams-50g\\\/#primaryimage\"},\"image\":{\"@id\":\"https:\\\/\\\/anivet.lt\\\/elparduotuve\\\/produktas\\\/gimcat-kitten-paste-expert-line-pasta-jauniems-kaciukams-50g\\\/#primaryimage\"},\"thumbnailUrl\":\"https:\\\/\\\/anivet.lt\\\/elparduotuve\\\/wp-content\\\/uploads\\\/2023\\\/11\\\/gimcat-kitten-paste-expert-line-50g-pasta-jauniems-kaciukams.png\",\"datePublished\":\"2023-11-15T20:05:32+00:00\",\"dateModified\":\"2025-10-11T12:41:55+00:00\",\"description\":\"Papildas, skirtas ka\u010diukams nuo 6 savai\u010di\u0173 am\u017eiaus. Specialiai sukurta formul\u0117 padeda skatinti sveik\u0105 augim\u0105, stiprina kaul\u0173 strukt\u016br\u0105, imunin\u0119 sistem\u0105 ir l\u0105steli\u0173 vystym\u0105si.\",\"breadcrumb\":{\"@id\":\"https:\\\/\\\/anivet.lt\\\/elparduotuve\\\/produktas\\\/gimcat-kitten-paste-expert-line-pasta-jauniems-kaciukams-50g\\\/#breadcrumb\"},\"inLanguage\":\"lt-LT\",\"potentialAction\":[{\"@type\":\"ReadAction\",\"target\":[\"https:\\\/\\\/anivet.lt\\\/elparduotuve\\\/produktas\\\/gimcat-kitten-paste-expert-line-pasta-jauniems-kaciukams-50g\\\/\"]}]},{\"@type\":\"ImageObject\",\"inLanguage\":\"lt-LT\",\"@id\":\"https:\\\/\\\/anivet.lt\\\/elparduotuve\\\/produktas\\\/gimcat-kitten-paste-expert-line-pasta-jauniems-kaciukams-50g\\\/#primaryimage\",\"url\":\"https:\\\/\\\/anivet.lt\\\/elparduotuve\\\/wp-content\\\/uploads\\\/2023\\\/11\\\/gimcat-kitten-paste-expert-line-50g-pasta-jauniems-kaciukams.png\",\"contentUrl\":\"https:\\\/\\\/anivet.lt\\\/elparduotuve\\\/wp-content\\\/uploads\\\/2023\\\/11\\\/gimcat-kitten-paste-expert-line-50g-pasta-jauniems-kaciukams.png\",\"width\":800,\"height\":800,\"caption\":\"GimCat Kitten Paste Expert Line pasta jauniems ka\u010diukams 50g\"},{\"@type\":\"BreadcrumbList\",\"@id\":\"https:\\\/\\\/anivet.lt\\\/elparduotuve\\\/produktas\\\/gimcat-kitten-paste-expert-line-pasta-jauniems-kaciukams-50g\\\/#breadcrumb\",\"itemListElement\":[{\"@type\":\"ListItem\",\"position\":1,\"name\":\"Home\",\"item\":\"https:\\\/\\\/anivet.lt\\\/elparduotuve\\\/\"},{\"@type\":\"ListItem\",\"position\":2,\"name\":\"Produktai\",\"item\":\"https:\\\/\\\/anivet.lt\\\/elparduotuve\\\/produktai\\\/\"},{\"@type\":\"ListItem\",\"position\":3,\"name\":\"GimCat Kitten Paste Expert Line pasta jauniems ka\u010diukams 50g\"}]},{\"@type\":\"WebSite\",\"@id\":\"https:\\\/\\\/anivet.lt\\\/elparduotuve\\\/#website\",\"url\":\"https:\\\/\\\/anivet.lt\\\/elparduotuve\\\/\",\"name\":\"anivet.lt\",\"description\":\"Viskas J\u016bs\u0173 \u0161uns, kat\u0117s prie\u017ei\u016brai\",\"publisher\":{\"@id\":\"https:\\\/\\\/anivet.lt\\\/elparduotuve\\\/#organization\"},\"alternateName\":\"Viskas J\u016bs\u0173 \u0161uns, kat\u0117s prie\u017ei\u016brai\",\"potentialAction\":[{\"@type\":\"SearchAction\",\"target\":{\"@type\":\"EntryPoint\",\"urlTemplate\":\"https:\\\/\\\/anivet.lt\\\/elparduotuve\\\/?s={search_term_string}\"},\"query-input\":{\"@type\":\"PropertyValueSpecification\",\"valueRequired\":true,\"valueName\":\"search_term_string\"}}],\"inLanguage\":\"lt-LT\"},{\"@type\":\"Organization\",\"@id\":\"https:\\\/\\\/anivet.lt\\\/elparduotuve\\\/#organization\",\"name\":\"Viskas J\u016bs\u0173 \u0161uns, kat\u0117s prie\u017ei\u016brai\",\"url\":\"https:\\\/\\\/anivet.lt\\\/elparduotuve\\\/\",\"logo\":{\"@type\":\"ImageObject\",\"inLanguage\":\"lt-LT\",\"@id\":\"https:\\\/\\\/anivet.lt\\\/elparduotuve\\\/#\\\/schema\\\/logo\\\/image\\\/\",\"url\":\"https:\\\/\\\/anivet.lt\\\/elparduotuve\\\/wp-content\\\/uploads\\\/2023\\\/06\\\/logo2.jpg\",\"contentUrl\":\"https:\\\/\\\/anivet.lt\\\/elparduotuve\\\/wp-content\\\/uploads\\\/2023\\\/06\\\/logo2.jpg\",\"width\":655,\"height\":194,\"caption\":\"Viskas J\u016bs\u0173 \u0161uns, kat\u0117s prie\u017ei\u016brai\"},\"image\":{\"@id\":\"https:\\\/\\\/anivet.lt\\\/elparduotuve\\\/#\\\/schema\\\/logo\\\/image\\\/\"}}]}<\/script>\n<!-- \/ Yoast SEO Premium plugin. -->","yoast_head_json":{"title":"GimCat Kitten Paste Expert Line pasta jauniems ka\u010diukams 50g - anivet.lt","description":"Papildas, skirtas ka\u010diukams nuo 6 savai\u010di\u0173 am\u017eiaus. Specialiai sukurta formul\u0117 padeda skatinti sveik\u0105 augim\u0105, stiprina kaul\u0173 strukt\u016br\u0105, imunin\u0119 sistem\u0105 ir l\u0105steli\u0173 vystym\u0105si.","robots":{"index":"index","follow":"follow","max-snippet":"max-snippet:-1","max-image-preview":"max-image-preview:large","max-video-preview":"max-video-preview:-1"},"canonical":"https:\/\/anivet.lt\/elparduotuve\/produktas\/gimcat-kitten-paste-expert-line-pasta-jauniems-kaciukams-50g\/","og_locale":"lt_LT","og_type":"article","og_title":"GimCat Kitten Paste Expert Line pasta jauniems ka\u010diukams 50g","og_description":"Papildas, skirtas ka\u010diukams nuo 6 savai\u010di\u0173 am\u017eiaus. Specialiai sukurta formul\u0117 padeda skatinti sveik\u0105 augim\u0105, stiprina kaul\u0173 strukt\u016br\u0105, imunin\u0119 sistem\u0105 ir l\u0105steli\u0173 vystym\u0105si.","og_url":"https:\/\/anivet.lt\/elparduotuve\/produktas\/gimcat-kitten-paste-expert-line-pasta-jauniems-kaciukams-50g\/","og_site_name":"anivet.lt","article_modified_time":"2025-10-11T12:41:55+00:00","og_image":[{"width":800,"height":800,"url":"https:\/\/anivet.lt\/elparduotuve\/wp-content\/uploads\/2023\/11\/gimcat-kitten-paste-expert-line-50g-pasta-jauniems-kaciukams.png","type":"image\/png"}],"twitter_card":"summary_large_image","twitter_misc":{"Est. reading time":"1 minut\u0117"},"schema":{"@context":"https:\/\/schema.org","@graph":[{"@type":"WebPage","@id":"https:\/\/anivet.lt\/elparduotuve\/produktas\/gimcat-kitten-paste-expert-line-pasta-jauniems-kaciukams-50g\/","url":"https:\/\/anivet.lt\/elparduotuve\/produktas\/gimcat-kitten-paste-expert-line-pasta-jauniems-kaciukams-50g\/","name":"GimCat Kitten Paste Expert Line pasta jauniems ka\u010diukams 50g - anivet.lt","isPartOf":{"@id":"https:\/\/anivet.lt\/elparduotuve\/#website"},"primaryImageOfPage":{"@id":"https:\/\/anivet.lt\/elparduotuve\/produktas\/gimcat-kitten-paste-expert-line-pasta-jauniems-kaciukams-50g\/#primaryimage"},"image":{"@id":"https:\/\/anivet.lt\/elparduotuve\/produktas\/gimcat-kitten-paste-expert-line-pasta-jauniems-kaciukams-50g\/#primaryimage"},"thumbnailUrl":"https:\/\/anivet.lt\/elparduotuve\/wp-content\/uploads\/2023\/11\/gimcat-kitten-paste-expert-line-50g-pasta-jauniems-kaciukams.png","datePublished":"2023-11-15T20:05:32+00:00","dateModified":"2025-10-11T12:41:55+00:00","description":"Papildas, skirtas ka\u010diukams nuo 6 savai\u010di\u0173 am\u017eiaus. Specialiai sukurta formul\u0117 padeda skatinti sveik\u0105 augim\u0105, stiprina kaul\u0173 strukt\u016br\u0105, imunin\u0119 sistem\u0105 ir l\u0105steli\u0173 vystym\u0105si.","breadcrumb":{"@id":"https:\/\/anivet.lt\/elparduotuve\/produktas\/gimcat-kitten-paste-expert-line-pasta-jauniems-kaciukams-50g\/#breadcrumb"},"inLanguage":"lt-LT","potentialAction":[{"@type":"ReadAction","target":["https:\/\/anivet.lt\/elparduotuve\/produktas\/gimcat-kitten-paste-expert-line-pasta-jauniems-kaciukams-50g\/"]}]},{"@type":"ImageObject","inLanguage":"lt-LT","@id":"https:\/\/anivet.lt\/elparduotuve\/produktas\/gimcat-kitten-paste-expert-line-pasta-jauniems-kaciukams-50g\/#primaryimage","url":"https:\/\/anivet.lt\/elparduotuve\/wp-content\/uploads\/2023\/11\/gimcat-kitten-paste-expert-line-50g-pasta-jauniems-kaciukams.png","contentUrl":"https:\/\/anivet.lt\/elparduotuve\/wp-content\/uploads\/2023\/11\/gimcat-kitten-paste-expert-line-50g-pasta-jauniems-kaciukams.png","width":800,"height":800,"caption":"GimCat Kitten Paste Expert Line pasta jauniems ka\u010diukams 50g"},{"@type":"BreadcrumbList","@id":"https:\/\/anivet.lt\/elparduotuve\/produktas\/gimcat-kitten-paste-expert-line-pasta-jauniems-kaciukams-50g\/#breadcrumb","itemListElement":[{"@type":"ListItem","position":1,"name":"Home","item":"https:\/\/anivet.lt\/elparduotuve\/"},{"@type":"ListItem","position":2,"name":"Produktai","item":"https:\/\/anivet.lt\/elparduotuve\/produktai\/"},{"@type":"ListItem","position":3,"name":"GimCat Kitten Paste Expert Line pasta jauniems ka\u010diukams 50g"}]},{"@type":"WebSite","@id":"https:\/\/anivet.lt\/elparduotuve\/#website","url":"https:\/\/anivet.lt\/elparduotuve\/","name":"anivet.lt","description":"Viskas J\u016bs\u0173 \u0161uns, kat\u0117s prie\u017ei\u016brai","publisher":{"@id":"https:\/\/anivet.lt\/elparduotuve\/#organization"},"alternateName":"Viskas J\u016bs\u0173 \u0161uns, kat\u0117s prie\u017ei\u016brai","potentialAction":[{"@type":"SearchAction","target":{"@type":"EntryPoint","urlTemplate":"https:\/\/anivet.lt\/elparduotuve\/?s={search_term_string}"},"query-input":{"@type":"PropertyValueSpecification","valueRequired":true,"valueName":"search_term_string"}}],"inLanguage":"lt-LT"},{"@type":"Organization","@id":"https:\/\/anivet.lt\/elparduotuve\/#organization","name":"Viskas J\u016bs\u0173 \u0161uns, kat\u0117s prie\u017ei\u016brai","url":"https:\/\/anivet.lt\/elparduotuve\/","logo":{"@type":"ImageObject","inLanguage":"lt-LT","@id":"https:\/\/anivet.lt\/elparduotuve\/#\/schema\/logo\/image\/","url":"https:\/\/anivet.lt\/elparduotuve\/wp-content\/uploads\/2023\/06\/logo2.jpg","contentUrl":"https:\/\/anivet.lt\/elparduotuve\/wp-content\/uploads\/2023\/06\/logo2.jpg","width":655,"height":194,"caption":"Viskas J\u016bs\u0173 \u0161uns, kat\u0117s prie\u017ei\u016brai"},"image":{"@id":"https:\/\/anivet.lt\/elparduotuve\/#\/schema\/logo\/image\/"}}]}},"_links":{"self":[{"href":"https:\/\/anivet.lt\/elparduotuve\/wp-json\/wp\/v2\/product\/12371","targetHints":{"allow":["GET"]}}],"collection":[{"href":"https:\/\/anivet.lt\/elparduotuve\/wp-json\/wp\/v2\/product"}],"about":[{"href":"https:\/\/anivet.lt\/elparduotuve\/wp-json\/wp\/v2\/types\/product"}],"wp:featuredmedia":[{"embeddable":true,"href":"https:\/\/anivet.lt\/elparduotuve\/wp-json\/wp\/v2\/media\/12372"}],"wp:attachment":[{"href":"https:\/\/anivet.lt\/elparduotuve\/wp-json\/wp\/v2\/media?parent=12371"}],"wp:term":[{"taxonomy":"product_brand","embeddable":true,"href":"https:\/\/anivet.lt\/elparduotuve\/wp-json\/wp\/v2\/product_brand?post=12371"},{"taxonomy":"product_cat","embeddable":true,"href":"https:\/\/anivet.lt\/elparduotuve\/wp-json\/wp\/v2\/product_cat?post=12371"},{"taxonomy":"product_tag","embeddable":true,"href":"https:\/\/anivet.lt\/elparduotuve\/wp-json\/wp\/v2\/product_tag?post=12371"}],"curies":[{"name":"wp","href":"https:\/\/api.w.org\/{rel}","templated":true}]}}