{"id":12428,"date":"2023-12-05T16:00:44","date_gmt":"2023-12-05T16:00:44","guid":{"rendered":"https:\/\/anivet.lt\/elparduotuve\/?post_type=product&#038;p=12428"},"modified":"2026-01-31T23:51:16","modified_gmt":"2026-01-31T23:51:16","slug":"raw-paleo-puppy-mini-sausas-maistas-suniukams-su-kalakutiena","status":"publish","type":"product","link":"https:\/\/anivet.lt\/elparduotuve\/produktas\/raw-paleo-puppy-mini-sausas-maistas-suniukams-su-kalakutiena\/","title":{"rendered":"RAW PALEO Ultra Puppy Mini sausas maistas \u0161uniukams su kalakutiena 2kg"},"content":{"rendered":"<ul>\n<li style=\"font-weight: 400;\" aria-level=\"1\"><span style=\"font-weight: 400;\">Didelis kalakutienos kiekis: 80 g kalakutienos 100 g pa\u0161aro u\u017etikrina auk\u0161tos kokyb\u0117s baltymus be \u0161alutini\u0173 m\u0117sos produkt\u0173.<\/span><\/li>\n<li style=\"font-weight: 400;\" aria-level=\"1\"><span style=\"font-weight: 400;\">Be gr\u016bd\u0173: Idealiai tinka jautrios vir\u0161kinimo sistemos \u0161uniukams, nes sud\u0117tyje n\u0117ra gr\u016bd\u0173, soj\u0173 ar kukur\u016bz\u0173.<\/span><\/li>\n<li style=\"font-weight: 400;\" aria-level=\"1\"><span style=\"font-weight: 400;\">Vir\u0161kinimo sveikata: Fruktooligosacharidai (FOS) ir mananoligosacharidai (MOS) palaiko ger\u0105 vir\u0161kinim\u0105 bei normali\u0105 i\u0161mat\u0173 konsistencij\u0105.<\/span><\/li>\n<li style=\"font-weight: 400;\" aria-level=\"1\"><span style=\"font-weight: 400;\">Odos ir kailio prie\u017ei\u016bra: Omega-3 riebal\u0173 r\u016bg\u0161tys i\u0161 la\u0161i\u0161\u0173 aliejaus ir agurkli\u0173 aliejus padeda i\u0161laikyti sveik\u0105 od\u0105 ir blizgant\u012f kail\u012f.<\/span><\/li>\n<li style=\"font-weight: 400;\" aria-level=\"1\"><span style=\"font-weight: 400;\">Smegen\u0173 ir reg\u0117jimo vystymasis: Papildytas DHR, kuris svarbus tinkamai smegen\u0173 ir reg\u0117jimo raidai.<\/span><\/li>\n<\/ul>\n<p><span style=\"font-weight: 400;\">Puikus pasirinkimas \u0161uniukams, kuriems reikia subalansuotos ir nat\u016bralios mitybos. \u0160is pa\u0161aras, praturtintas vitaminais, mineralais ir probiotikais, padeda u\u017etikrinti ger\u0105 vir\u0161kinim\u0105, imunin\u0117s sistemos stiprinim\u0105 ir sveik\u0105 augim\u0105. Tinkamas kasdieniam naudojimui, siekiant palaikyti \u0161uniuko energij\u0105 ir aktyvum\u0105.<\/span><\/p>\n","protected":false},"excerpt":{"rendered":"<p><span style=\"font-weight: 400;\">Visavertis sausas pa\u0161aras, skirtas ma\u017e\u0173 veisli\u0173 \u0161uniukams, u\u017etikrinantis sveik\u0105 augim\u0105, energij\u0105 ir ger\u0105 savijaut\u0105. Pagamintas i\u0161 auk\u0161tos kokyb\u0117s nat\u016brali\u0173 ingredient\u0173, pa\u0161aras yra lengvai vir\u0161kinamas ir praturtintas svarbiausiomis maistin\u0117mis med\u017eiagomis.<\/span><\/p>\n","protected":false},"featured_media":14042,"template":"","meta":[],"product_brand":[],"product_cat":[101,103,104,336],"product_tag":[],"class_list":{"0":"post-12428","1":"product","2":"type-product","3":"status-publish","4":"has-post-thumbnail","6":"product_cat-sunims","7":"product_cat-sunu-maistas","8":"product_cat-sausas-maistas","9":"product_cat-raw-paleo-sunu-maistas","10":"pa_prekinis-zenklas-raw-paleo","12":"first","13":"instock","14":"taxable","15":"shipping-taxable","16":"purchasable","17":"product-type-simple"},"yoast_head":"<!-- This site is optimized with the Yoast SEO Premium plugin v27.1 (Yoast SEO v27.5) - https:\/\/yoast.com\/product\/yoast-seo-premium-wordpress\/ -->\n<title>RAW PALEO Ultra Puppy Mini sausas maistas \u0161uniukams su kalakutiena 2kg - anivet.lt<\/title>\n<meta name=\"description\" content=\"Visavertis sausas pa\u0161aras, skirtas ma\u017e\u0173 veisli\u0173 \u0161uniukams, u\u017etikrinantis sveik\u0105 augim\u0105, energij\u0105 ir ger\u0105 savijaut\u0105. Pagamintas i\u0161 auk\u0161tos kokyb\u0117s nat\u016brali\u0173 ingredient\u0173, pa\u0161aras yra lengvai vir\u0161kinamas ir praturtintas svarbiausiomis maistin\u0117mis med\u017eiagomis.\" \/>\n<meta name=\"robots\" content=\"index, follow, max-snippet:-1, max-image-preview:large, max-video-preview:-1\" \/>\n<link rel=\"canonical\" href=\"https:\/\/anivet.lt\/elparduotuve\/produktas\/raw-paleo-puppy-mini-sausas-maistas-suniukams-su-kalakutiena\/\" \/>\n<meta property=\"og:locale\" content=\"lt_LT\" \/>\n<meta property=\"og:type\" content=\"article\" \/>\n<meta property=\"og:title\" content=\"RAW PALEO Ultra Puppy Mini sausas maistas \u0161uniukams su kalakutiena 2kg\" \/>\n<meta property=\"og:description\" content=\"Visavertis sausas pa\u0161aras, skirtas ma\u017e\u0173 veisli\u0173 \u0161uniukams, u\u017etikrinantis sveik\u0105 augim\u0105, energij\u0105 ir ger\u0105 savijaut\u0105. Pagamintas i\u0161 auk\u0161tos kokyb\u0117s nat\u016brali\u0173 ingredient\u0173, pa\u0161aras yra lengvai vir\u0161kinamas ir praturtintas svarbiausiomis maistin\u0117mis med\u017eiagomis.\" \/>\n<meta property=\"og:url\" content=\"https:\/\/anivet.lt\/elparduotuve\/produktas\/raw-paleo-puppy-mini-sausas-maistas-suniukams-su-kalakutiena\/\" \/>\n<meta property=\"og:site_name\" content=\"anivet.lt\" \/>\n<meta property=\"article:modified_time\" content=\"2026-01-31T23:51:16+00:00\" \/>\n<meta property=\"og:image\" content=\"https:\/\/anivet.lt\/elparduotuve\/wp-content\/uploads\/2023\/12\/RP_ULTRA-TURKEY-MINI-PUPPY-2kg.jpg\" \/>\n\t<meta property=\"og:image:width\" content=\"650\" \/>\n\t<meta property=\"og:image:height\" content=\"851\" \/>\n\t<meta property=\"og:image:type\" content=\"image\/jpeg\" \/>\n<meta name=\"twitter:card\" content=\"summary_large_image\" \/>\n<meta name=\"twitter:label1\" content=\"Est. reading time\" \/>\n\t<meta name=\"twitter:data1\" content=\"1 minut\u0117\" \/>\n<script type=\"application\/ld+json\" class=\"yoast-schema-graph\">{\"@context\":\"https:\\\/\\\/schema.org\",\"@graph\":[{\"@type\":\"WebPage\",\"@id\":\"https:\\\/\\\/anivet.lt\\\/elparduotuve\\\/produktas\\\/raw-paleo-puppy-mini-sausas-maistas-suniukams-su-kalakutiena\\\/\",\"url\":\"https:\\\/\\\/anivet.lt\\\/elparduotuve\\\/produktas\\\/raw-paleo-puppy-mini-sausas-maistas-suniukams-su-kalakutiena\\\/\",\"name\":\"RAW PALEO Ultra Puppy Mini sausas maistas \u0161uniukams su kalakutiena 2kg - anivet.lt\",\"isPartOf\":{\"@id\":\"https:\\\/\\\/anivet.lt\\\/elparduotuve\\\/#website\"},\"primaryImageOfPage\":{\"@id\":\"https:\\\/\\\/anivet.lt\\\/elparduotuve\\\/produktas\\\/raw-paleo-puppy-mini-sausas-maistas-suniukams-su-kalakutiena\\\/#primaryimage\"},\"image\":{\"@id\":\"https:\\\/\\\/anivet.lt\\\/elparduotuve\\\/produktas\\\/raw-paleo-puppy-mini-sausas-maistas-suniukams-su-kalakutiena\\\/#primaryimage\"},\"thumbnailUrl\":\"https:\\\/\\\/anivet.lt\\\/elparduotuve\\\/wp-content\\\/uploads\\\/2023\\\/12\\\/RP_ULTRA-TURKEY-MINI-PUPPY-2kg.jpg\",\"datePublished\":\"2023-12-05T16:00:44+00:00\",\"dateModified\":\"2026-01-31T23:51:16+00:00\",\"description\":\"Visavertis sausas pa\u0161aras, skirtas ma\u017e\u0173 veisli\u0173 \u0161uniukams, u\u017etikrinantis sveik\u0105 augim\u0105, energij\u0105 ir ger\u0105 savijaut\u0105. Pagamintas i\u0161 auk\u0161tos kokyb\u0117s nat\u016brali\u0173 ingredient\u0173, pa\u0161aras yra lengvai vir\u0161kinamas ir praturtintas svarbiausiomis maistin\u0117mis med\u017eiagomis.\",\"breadcrumb\":{\"@id\":\"https:\\\/\\\/anivet.lt\\\/elparduotuve\\\/produktas\\\/raw-paleo-puppy-mini-sausas-maistas-suniukams-su-kalakutiena\\\/#breadcrumb\"},\"inLanguage\":\"lt-LT\",\"potentialAction\":[{\"@type\":\"ReadAction\",\"target\":[\"https:\\\/\\\/anivet.lt\\\/elparduotuve\\\/produktas\\\/raw-paleo-puppy-mini-sausas-maistas-suniukams-su-kalakutiena\\\/\"]}]},{\"@type\":\"ImageObject\",\"inLanguage\":\"lt-LT\",\"@id\":\"https:\\\/\\\/anivet.lt\\\/elparduotuve\\\/produktas\\\/raw-paleo-puppy-mini-sausas-maistas-suniukams-su-kalakutiena\\\/#primaryimage\",\"url\":\"https:\\\/\\\/anivet.lt\\\/elparduotuve\\\/wp-content\\\/uploads\\\/2023\\\/12\\\/RP_ULTRA-TURKEY-MINI-PUPPY-2kg.jpg\",\"contentUrl\":\"https:\\\/\\\/anivet.lt\\\/elparduotuve\\\/wp-content\\\/uploads\\\/2023\\\/12\\\/RP_ULTRA-TURKEY-MINI-PUPPY-2kg.jpg\",\"width\":650,\"height\":851,\"caption\":\"RAW PALEO Ultra Puppy Mini sausas maistas \u0161uniukams su kalakutiena 2kg\"},{\"@type\":\"BreadcrumbList\",\"@id\":\"https:\\\/\\\/anivet.lt\\\/elparduotuve\\\/produktas\\\/raw-paleo-puppy-mini-sausas-maistas-suniukams-su-kalakutiena\\\/#breadcrumb\",\"itemListElement\":[{\"@type\":\"ListItem\",\"position\":1,\"name\":\"Home\",\"item\":\"https:\\\/\\\/anivet.lt\\\/elparduotuve\\\/\"},{\"@type\":\"ListItem\",\"position\":2,\"name\":\"Produktai\",\"item\":\"https:\\\/\\\/anivet.lt\\\/elparduotuve\\\/produktai\\\/\"},{\"@type\":\"ListItem\",\"position\":3,\"name\":\"RAW PALEO Ultra Puppy Mini sausas maistas \u0161uniukams su kalakutiena 2kg\"}]},{\"@type\":\"WebSite\",\"@id\":\"https:\\\/\\\/anivet.lt\\\/elparduotuve\\\/#website\",\"url\":\"https:\\\/\\\/anivet.lt\\\/elparduotuve\\\/\",\"name\":\"anivet.lt\",\"description\":\"Viskas J\u016bs\u0173 \u0161uns, kat\u0117s prie\u017ei\u016brai\",\"publisher\":{\"@id\":\"https:\\\/\\\/anivet.lt\\\/elparduotuve\\\/#organization\"},\"alternateName\":\"Viskas J\u016bs\u0173 \u0161uns, kat\u0117s prie\u017ei\u016brai\",\"potentialAction\":[{\"@type\":\"SearchAction\",\"target\":{\"@type\":\"EntryPoint\",\"urlTemplate\":\"https:\\\/\\\/anivet.lt\\\/elparduotuve\\\/?s={search_term_string}\"},\"query-input\":{\"@type\":\"PropertyValueSpecification\",\"valueRequired\":true,\"valueName\":\"search_term_string\"}}],\"inLanguage\":\"lt-LT\"},{\"@type\":\"Organization\",\"@id\":\"https:\\\/\\\/anivet.lt\\\/elparduotuve\\\/#organization\",\"name\":\"Viskas J\u016bs\u0173 \u0161uns, kat\u0117s prie\u017ei\u016brai\",\"url\":\"https:\\\/\\\/anivet.lt\\\/elparduotuve\\\/\",\"logo\":{\"@type\":\"ImageObject\",\"inLanguage\":\"lt-LT\",\"@id\":\"https:\\\/\\\/anivet.lt\\\/elparduotuve\\\/#\\\/schema\\\/logo\\\/image\\\/\",\"url\":\"https:\\\/\\\/anivet.lt\\\/elparduotuve\\\/wp-content\\\/uploads\\\/2023\\\/06\\\/logo2.jpg\",\"contentUrl\":\"https:\\\/\\\/anivet.lt\\\/elparduotuve\\\/wp-content\\\/uploads\\\/2023\\\/06\\\/logo2.jpg\",\"width\":655,\"height\":194,\"caption\":\"Viskas J\u016bs\u0173 \u0161uns, kat\u0117s prie\u017ei\u016brai\"},\"image\":{\"@id\":\"https:\\\/\\\/anivet.lt\\\/elparduotuve\\\/#\\\/schema\\\/logo\\\/image\\\/\"}}]}<\/script>\n<!-- \/ Yoast SEO Premium plugin. -->","yoast_head_json":{"title":"RAW PALEO Ultra Puppy Mini sausas maistas \u0161uniukams su kalakutiena 2kg - anivet.lt","description":"Visavertis sausas pa\u0161aras, skirtas ma\u017e\u0173 veisli\u0173 \u0161uniukams, u\u017etikrinantis sveik\u0105 augim\u0105, energij\u0105 ir ger\u0105 savijaut\u0105. Pagamintas i\u0161 auk\u0161tos kokyb\u0117s nat\u016brali\u0173 ingredient\u0173, pa\u0161aras yra lengvai vir\u0161kinamas ir praturtintas svarbiausiomis maistin\u0117mis med\u017eiagomis.","robots":{"index":"index","follow":"follow","max-snippet":"max-snippet:-1","max-image-preview":"max-image-preview:large","max-video-preview":"max-video-preview:-1"},"canonical":"https:\/\/anivet.lt\/elparduotuve\/produktas\/raw-paleo-puppy-mini-sausas-maistas-suniukams-su-kalakutiena\/","og_locale":"lt_LT","og_type":"article","og_title":"RAW PALEO Ultra Puppy Mini sausas maistas \u0161uniukams su kalakutiena 2kg","og_description":"Visavertis sausas pa\u0161aras, skirtas ma\u017e\u0173 veisli\u0173 \u0161uniukams, u\u017etikrinantis sveik\u0105 augim\u0105, energij\u0105 ir ger\u0105 savijaut\u0105. Pagamintas i\u0161 auk\u0161tos kokyb\u0117s nat\u016brali\u0173 ingredient\u0173, pa\u0161aras yra lengvai vir\u0161kinamas ir praturtintas svarbiausiomis maistin\u0117mis med\u017eiagomis.","og_url":"https:\/\/anivet.lt\/elparduotuve\/produktas\/raw-paleo-puppy-mini-sausas-maistas-suniukams-su-kalakutiena\/","og_site_name":"anivet.lt","article_modified_time":"2026-01-31T23:51:16+00:00","og_image":[{"width":650,"height":851,"url":"https:\/\/anivet.lt\/elparduotuve\/wp-content\/uploads\/2023\/12\/RP_ULTRA-TURKEY-MINI-PUPPY-2kg.jpg","type":"image\/jpeg"}],"twitter_card":"summary_large_image","twitter_misc":{"Est. reading time":"1 minut\u0117"},"schema":{"@context":"https:\/\/schema.org","@graph":[{"@type":"WebPage","@id":"https:\/\/anivet.lt\/elparduotuve\/produktas\/raw-paleo-puppy-mini-sausas-maistas-suniukams-su-kalakutiena\/","url":"https:\/\/anivet.lt\/elparduotuve\/produktas\/raw-paleo-puppy-mini-sausas-maistas-suniukams-su-kalakutiena\/","name":"RAW PALEO Ultra Puppy Mini sausas maistas \u0161uniukams su kalakutiena 2kg - anivet.lt","isPartOf":{"@id":"https:\/\/anivet.lt\/elparduotuve\/#website"},"primaryImageOfPage":{"@id":"https:\/\/anivet.lt\/elparduotuve\/produktas\/raw-paleo-puppy-mini-sausas-maistas-suniukams-su-kalakutiena\/#primaryimage"},"image":{"@id":"https:\/\/anivet.lt\/elparduotuve\/produktas\/raw-paleo-puppy-mini-sausas-maistas-suniukams-su-kalakutiena\/#primaryimage"},"thumbnailUrl":"https:\/\/anivet.lt\/elparduotuve\/wp-content\/uploads\/2023\/12\/RP_ULTRA-TURKEY-MINI-PUPPY-2kg.jpg","datePublished":"2023-12-05T16:00:44+00:00","dateModified":"2026-01-31T23:51:16+00:00","description":"Visavertis sausas pa\u0161aras, skirtas ma\u017e\u0173 veisli\u0173 \u0161uniukams, u\u017etikrinantis sveik\u0105 augim\u0105, energij\u0105 ir ger\u0105 savijaut\u0105. Pagamintas i\u0161 auk\u0161tos kokyb\u0117s nat\u016brali\u0173 ingredient\u0173, pa\u0161aras yra lengvai vir\u0161kinamas ir praturtintas svarbiausiomis maistin\u0117mis med\u017eiagomis.","breadcrumb":{"@id":"https:\/\/anivet.lt\/elparduotuve\/produktas\/raw-paleo-puppy-mini-sausas-maistas-suniukams-su-kalakutiena\/#breadcrumb"},"inLanguage":"lt-LT","potentialAction":[{"@type":"ReadAction","target":["https:\/\/anivet.lt\/elparduotuve\/produktas\/raw-paleo-puppy-mini-sausas-maistas-suniukams-su-kalakutiena\/"]}]},{"@type":"ImageObject","inLanguage":"lt-LT","@id":"https:\/\/anivet.lt\/elparduotuve\/produktas\/raw-paleo-puppy-mini-sausas-maistas-suniukams-su-kalakutiena\/#primaryimage","url":"https:\/\/anivet.lt\/elparduotuve\/wp-content\/uploads\/2023\/12\/RP_ULTRA-TURKEY-MINI-PUPPY-2kg.jpg","contentUrl":"https:\/\/anivet.lt\/elparduotuve\/wp-content\/uploads\/2023\/12\/RP_ULTRA-TURKEY-MINI-PUPPY-2kg.jpg","width":650,"height":851,"caption":"RAW PALEO Ultra Puppy Mini sausas maistas \u0161uniukams su kalakutiena 2kg"},{"@type":"BreadcrumbList","@id":"https:\/\/anivet.lt\/elparduotuve\/produktas\/raw-paleo-puppy-mini-sausas-maistas-suniukams-su-kalakutiena\/#breadcrumb","itemListElement":[{"@type":"ListItem","position":1,"name":"Home","item":"https:\/\/anivet.lt\/elparduotuve\/"},{"@type":"ListItem","position":2,"name":"Produktai","item":"https:\/\/anivet.lt\/elparduotuve\/produktai\/"},{"@type":"ListItem","position":3,"name":"RAW PALEO Ultra Puppy Mini sausas maistas \u0161uniukams su kalakutiena 2kg"}]},{"@type":"WebSite","@id":"https:\/\/anivet.lt\/elparduotuve\/#website","url":"https:\/\/anivet.lt\/elparduotuve\/","name":"anivet.lt","description":"Viskas J\u016bs\u0173 \u0161uns, kat\u0117s prie\u017ei\u016brai","publisher":{"@id":"https:\/\/anivet.lt\/elparduotuve\/#organization"},"alternateName":"Viskas J\u016bs\u0173 \u0161uns, kat\u0117s prie\u017ei\u016brai","potentialAction":[{"@type":"SearchAction","target":{"@type":"EntryPoint","urlTemplate":"https:\/\/anivet.lt\/elparduotuve\/?s={search_term_string}"},"query-input":{"@type":"PropertyValueSpecification","valueRequired":true,"valueName":"search_term_string"}}],"inLanguage":"lt-LT"},{"@type":"Organization","@id":"https:\/\/anivet.lt\/elparduotuve\/#organization","name":"Viskas J\u016bs\u0173 \u0161uns, kat\u0117s prie\u017ei\u016brai","url":"https:\/\/anivet.lt\/elparduotuve\/","logo":{"@type":"ImageObject","inLanguage":"lt-LT","@id":"https:\/\/anivet.lt\/elparduotuve\/#\/schema\/logo\/image\/","url":"https:\/\/anivet.lt\/elparduotuve\/wp-content\/uploads\/2023\/06\/logo2.jpg","contentUrl":"https:\/\/anivet.lt\/elparduotuve\/wp-content\/uploads\/2023\/06\/logo2.jpg","width":655,"height":194,"caption":"Viskas J\u016bs\u0173 \u0161uns, kat\u0117s prie\u017ei\u016brai"},"image":{"@id":"https:\/\/anivet.lt\/elparduotuve\/#\/schema\/logo\/image\/"}}]}},"_links":{"self":[{"href":"https:\/\/anivet.lt\/elparduotuve\/wp-json\/wp\/v2\/product\/12428","targetHints":{"allow":["GET"]}}],"collection":[{"href":"https:\/\/anivet.lt\/elparduotuve\/wp-json\/wp\/v2\/product"}],"about":[{"href":"https:\/\/anivet.lt\/elparduotuve\/wp-json\/wp\/v2\/types\/product"}],"wp:featuredmedia":[{"embeddable":true,"href":"https:\/\/anivet.lt\/elparduotuve\/wp-json\/wp\/v2\/media\/14042"}],"wp:attachment":[{"href":"https:\/\/anivet.lt\/elparduotuve\/wp-json\/wp\/v2\/media?parent=12428"}],"wp:term":[{"taxonomy":"product_brand","embeddable":true,"href":"https:\/\/anivet.lt\/elparduotuve\/wp-json\/wp\/v2\/product_brand?post=12428"},{"taxonomy":"product_cat","embeddable":true,"href":"https:\/\/anivet.lt\/elparduotuve\/wp-json\/wp\/v2\/product_cat?post=12428"},{"taxonomy":"product_tag","embeddable":true,"href":"https:\/\/anivet.lt\/elparduotuve\/wp-json\/wp\/v2\/product_tag?post=12428"}],"curies":[{"name":"wp","href":"https:\/\/api.w.org\/{rel}","templated":true}]}}