{"id":12433,"date":"2023-12-05T17:06:53","date_gmt":"2023-12-05T17:06:53","guid":{"rendered":"https:\/\/anivet.lt\/elparduotuve\/?post_type=product&#038;p=12433"},"modified":"2026-03-18T16:15:23","modified_gmt":"2026-03-18T16:15:23","slug":"raw-paleo-adult-mini-sausas-maitas-sunims-su-kalakutiena","status":"publish","type":"product","link":"https:\/\/anivet.lt\/elparduotuve\/produktas\/raw-paleo-adult-mini-sausas-maitas-sunims-su-kalakutiena\/","title":{"rendered":"RAW PALEO Ultra Adult Mini sausas maistas \u0161unims su kalakutiena"},"content":{"rendered":"<ul>\n<li><span style=\"font-weight: 400;\">Hipoalerginis: Tinka \u0161unims, linkusiems \u012f alergijas, nes sud\u0117tyje n\u0117ra gr\u016bd\u0173, \u017eirni\u0173 ar kit\u0173 da\u017enai alergizuojan\u010di\u0173 ingredient\u0173.<\/span><\/li>\n<li style=\"font-weight: 400;\" aria-level=\"1\"><span style=\"font-weight: 400;\">Monoproteininis: Vienas gyv\u016bnini\u0173 baltym\u0173 \u0161altinis (kalakutiena) padeda suma\u017einti alergijos rizik\u0105.<\/span><\/li>\n<li style=\"font-weight: 400;\" aria-level=\"1\"><span style=\"font-weight: 400;\">Praturtintas Agurkl\u0117s aliejumi: palaiko sveik\u0105 od\u0105 ir blizgant\u012f kail\u012f.<\/span><\/li>\n<li style=\"font-weight: 400;\" aria-level=\"1\"><span style=\"font-weight: 400;\">Probiotikas Enterococcus faecium: U\u017etikrina sveik\u0105 \u017earnyno mikroflor\u0105, gerina vir\u0161kinim\u0105 ir maistini\u0173 med\u017eiag\u0173 \u012fsisavinim\u0105.<\/span><\/li>\n<li style=\"font-weight: 400;\" aria-level=\"1\"><span style=\"font-weight: 400;\">Nat\u016brali sud\u0117tis: 80 g m\u0117sos ir subprodukt\u0173 100 g pa\u0161aro, u\u017etikrinant auk\u0161tos kokyb\u0117s baltymus.<\/span><\/li>\n<\/ul>\n<p><span style=\"font-weight: 400;\">Sukurtas veterinarijos gydytoj\u0173 ir mitybos specialist\u0173, tod\u0117l u\u017etikrina moksli\u0161kai pagr\u012fst\u0105 ir kokybi\u0161k\u0105 mityb\u0105 j\u016bs\u0173 \u0161uniui. Nat\u016brali ir paprasta sud\u0117tis be dirbtini\u0173 pried\u0173 puikiai tinka net jautriausiems augintiniams. \u0160is pa\u0161aras idealiai tinka ma\u017e\u0173 veisli\u0173 \u0161unims, atsi\u017evelgiant \u012f j\u0173 specifinius mitybos poreikius ir u\u017etikrina puiki\u0105 augintinio savijaut\u0105.<\/span><\/p>\n","protected":false},"excerpt":{"rendered":"<p><span style=\"font-weight: 400;\">Visavertis ir subalansuotas sausas pa\u0161aras, sukurtas specialiai ma\u017e\u0173 veisli\u0173 \u0161unims. \u0160is pa\u0161aras yra hipoalerginis ir monoproteininis, jo sud\u0117tyje yra tik vienas gyv\u016bnini\u0173 baltym\u0173 \u0161altinis (kalakutiena) ir atitinkamas riebal\u0173 \u0161altinis (kalakutienos riebalai), tod\u0117l jis idealiai tinka jautriems augintiniams.<\/span><\/p>\n","protected":false},"featured_media":14046,"template":"","meta":[],"product_brand":[],"product_cat":[101,103,104,336],"product_tag":[],"class_list":{"0":"post-12433","1":"product","2":"type-product","3":"status-publish","4":"has-post-thumbnail","6":"product_cat-sunims","7":"product_cat-sunu-maistas","8":"product_cat-sausas-maistas","9":"product_cat-raw-paleo-sunu-maistas","10":"pa_prekinis-zenklas-raw-paleo","12":"first","13":"instock","14":"taxable","15":"shipping-taxable","16":"purchasable","17":"product-type-variable"},"yoast_head":"<!-- This site is optimized with the Yoast SEO Premium plugin v27.1 (Yoast SEO v27.5) - https:\/\/yoast.com\/product\/yoast-seo-premium-wordpress\/ -->\n<title>RAW PALEO Ultra Adult Mini sausas maistas \u0161unims su kalakutiena - anivet.lt<\/title>\n<meta name=\"description\" content=\"Visavertis ir subalansuotas sausas pa\u0161aras, sukurtas specialiai ma\u017e\u0173 veisli\u0173 \u0161unims. \u0160is pa\u0161aras yra hipoalerginis ir monoproteininis, jo sud\u0117tyje yra tik vienas gyv\u016bnini\u0173 baltym\u0173 \u0161altinis (kalakutiena) ir atitinkamas riebal\u0173 \u0161altinis (kalakutienos riebalai), tod\u0117l jis idealiai tinka jautriems augintiniams.\" \/>\n<meta name=\"robots\" content=\"index, follow, max-snippet:-1, max-image-preview:large, max-video-preview:-1\" \/>\n<link rel=\"canonical\" href=\"https:\/\/anivet.lt\/elparduotuve\/produktas\/raw-paleo-adult-mini-sausas-maitas-sunims-su-kalakutiena\/\" \/>\n<meta property=\"og:locale\" content=\"lt_LT\" \/>\n<meta property=\"og:type\" content=\"article\" \/>\n<meta property=\"og:title\" content=\"RAW PALEO Ultra Adult Mini sausas maistas \u0161unims su kalakutiena\" \/>\n<meta property=\"og:description\" content=\"Visavertis ir subalansuotas sausas pa\u0161aras, sukurtas specialiai ma\u017e\u0173 veisli\u0173 \u0161unims. \u0160is pa\u0161aras yra hipoalerginis ir monoproteininis, jo sud\u0117tyje yra tik vienas gyv\u016bnini\u0173 baltym\u0173 \u0161altinis (kalakutiena) ir atitinkamas riebal\u0173 \u0161altinis (kalakutienos riebalai), tod\u0117l jis idealiai tinka jautriems augintiniams.\" \/>\n<meta property=\"og:url\" content=\"https:\/\/anivet.lt\/elparduotuve\/produktas\/raw-paleo-adult-mini-sausas-maitas-sunims-su-kalakutiena\/\" \/>\n<meta property=\"og:site_name\" content=\"anivet.lt\" \/>\n<meta property=\"article:modified_time\" content=\"2026-03-18T16:15:23+00:00\" \/>\n<meta property=\"og:image\" content=\"https:\/\/anivet.lt\/elparduotuve\/wp-content\/uploads\/2023\/12\/RP_ULTRA-TURKEY-MINI-ADULT-2kg.jpg\" \/>\n\t<meta property=\"og:image:width\" content=\"650\" \/>\n\t<meta property=\"og:image:height\" content=\"851\" \/>\n\t<meta property=\"og:image:type\" content=\"image\/jpeg\" \/>\n<meta name=\"twitter:card\" content=\"summary_large_image\" \/>\n<meta name=\"twitter:label1\" content=\"Est. reading time\" \/>\n\t<meta name=\"twitter:data1\" content=\"1 minut\u0117\" \/>\n<script type=\"application\/ld+json\" class=\"yoast-schema-graph\">{\"@context\":\"https:\\\/\\\/schema.org\",\"@graph\":[{\"@type\":\"WebPage\",\"@id\":\"https:\\\/\\\/anivet.lt\\\/elparduotuve\\\/produktas\\\/raw-paleo-adult-mini-sausas-maitas-sunims-su-kalakutiena\\\/\",\"url\":\"https:\\\/\\\/anivet.lt\\\/elparduotuve\\\/produktas\\\/raw-paleo-adult-mini-sausas-maitas-sunims-su-kalakutiena\\\/\",\"name\":\"RAW PALEO Ultra Adult Mini sausas maistas \u0161unims su kalakutiena - anivet.lt\",\"isPartOf\":{\"@id\":\"https:\\\/\\\/anivet.lt\\\/elparduotuve\\\/#website\"},\"primaryImageOfPage\":{\"@id\":\"https:\\\/\\\/anivet.lt\\\/elparduotuve\\\/produktas\\\/raw-paleo-adult-mini-sausas-maitas-sunims-su-kalakutiena\\\/#primaryimage\"},\"image\":{\"@id\":\"https:\\\/\\\/anivet.lt\\\/elparduotuve\\\/produktas\\\/raw-paleo-adult-mini-sausas-maitas-sunims-su-kalakutiena\\\/#primaryimage\"},\"thumbnailUrl\":\"https:\\\/\\\/anivet.lt\\\/elparduotuve\\\/wp-content\\\/uploads\\\/2023\\\/12\\\/RP_ULTRA-TURKEY-MINI-ADULT-2kg.jpg\",\"datePublished\":\"2023-12-05T17:06:53+00:00\",\"dateModified\":\"2026-03-18T16:15:23+00:00\",\"description\":\"Visavertis ir subalansuotas sausas pa\u0161aras, sukurtas specialiai ma\u017e\u0173 veisli\u0173 \u0161unims. \u0160is pa\u0161aras yra hipoalerginis ir monoproteininis, jo sud\u0117tyje yra tik vienas gyv\u016bnini\u0173 baltym\u0173 \u0161altinis (kalakutiena) ir atitinkamas riebal\u0173 \u0161altinis (kalakutienos riebalai), tod\u0117l jis idealiai tinka jautriems augintiniams.\",\"breadcrumb\":{\"@id\":\"https:\\\/\\\/anivet.lt\\\/elparduotuve\\\/produktas\\\/raw-paleo-adult-mini-sausas-maitas-sunims-su-kalakutiena\\\/#breadcrumb\"},\"inLanguage\":\"lt-LT\",\"potentialAction\":[{\"@type\":\"ReadAction\",\"target\":[\"https:\\\/\\\/anivet.lt\\\/elparduotuve\\\/produktas\\\/raw-paleo-adult-mini-sausas-maitas-sunims-su-kalakutiena\\\/\"]}]},{\"@type\":\"ImageObject\",\"inLanguage\":\"lt-LT\",\"@id\":\"https:\\\/\\\/anivet.lt\\\/elparduotuve\\\/produktas\\\/raw-paleo-adult-mini-sausas-maitas-sunims-su-kalakutiena\\\/#primaryimage\",\"url\":\"https:\\\/\\\/anivet.lt\\\/elparduotuve\\\/wp-content\\\/uploads\\\/2023\\\/12\\\/RP_ULTRA-TURKEY-MINI-ADULT-2kg.jpg\",\"contentUrl\":\"https:\\\/\\\/anivet.lt\\\/elparduotuve\\\/wp-content\\\/uploads\\\/2023\\\/12\\\/RP_ULTRA-TURKEY-MINI-ADULT-2kg.jpg\",\"width\":650,\"height\":851,\"caption\":\"RAW PALEO Ultra Adult Mini sausas maistas \u0161unims su kalakutiena\"},{\"@type\":\"BreadcrumbList\",\"@id\":\"https:\\\/\\\/anivet.lt\\\/elparduotuve\\\/produktas\\\/raw-paleo-adult-mini-sausas-maitas-sunims-su-kalakutiena\\\/#breadcrumb\",\"itemListElement\":[{\"@type\":\"ListItem\",\"position\":1,\"name\":\"Home\",\"item\":\"https:\\\/\\\/anivet.lt\\\/elparduotuve\\\/\"},{\"@type\":\"ListItem\",\"position\":2,\"name\":\"Produktai\",\"item\":\"https:\\\/\\\/anivet.lt\\\/elparduotuve\\\/produktai\\\/\"},{\"@type\":\"ListItem\",\"position\":3,\"name\":\"RAW PALEO Ultra Adult Mini sausas maistas \u0161unims su kalakutiena\"}]},{\"@type\":\"WebSite\",\"@id\":\"https:\\\/\\\/anivet.lt\\\/elparduotuve\\\/#website\",\"url\":\"https:\\\/\\\/anivet.lt\\\/elparduotuve\\\/\",\"name\":\"anivet.lt\",\"description\":\"Viskas J\u016bs\u0173 \u0161uns, kat\u0117s prie\u017ei\u016brai\",\"publisher\":{\"@id\":\"https:\\\/\\\/anivet.lt\\\/elparduotuve\\\/#organization\"},\"alternateName\":\"Viskas J\u016bs\u0173 \u0161uns, kat\u0117s prie\u017ei\u016brai\",\"potentialAction\":[{\"@type\":\"SearchAction\",\"target\":{\"@type\":\"EntryPoint\",\"urlTemplate\":\"https:\\\/\\\/anivet.lt\\\/elparduotuve\\\/?s={search_term_string}\"},\"query-input\":{\"@type\":\"PropertyValueSpecification\",\"valueRequired\":true,\"valueName\":\"search_term_string\"}}],\"inLanguage\":\"lt-LT\"},{\"@type\":\"Organization\",\"@id\":\"https:\\\/\\\/anivet.lt\\\/elparduotuve\\\/#organization\",\"name\":\"Viskas J\u016bs\u0173 \u0161uns, kat\u0117s prie\u017ei\u016brai\",\"url\":\"https:\\\/\\\/anivet.lt\\\/elparduotuve\\\/\",\"logo\":{\"@type\":\"ImageObject\",\"inLanguage\":\"lt-LT\",\"@id\":\"https:\\\/\\\/anivet.lt\\\/elparduotuve\\\/#\\\/schema\\\/logo\\\/image\\\/\",\"url\":\"https:\\\/\\\/anivet.lt\\\/elparduotuve\\\/wp-content\\\/uploads\\\/2023\\\/06\\\/logo2.jpg\",\"contentUrl\":\"https:\\\/\\\/anivet.lt\\\/elparduotuve\\\/wp-content\\\/uploads\\\/2023\\\/06\\\/logo2.jpg\",\"width\":655,\"height\":194,\"caption\":\"Viskas J\u016bs\u0173 \u0161uns, kat\u0117s prie\u017ei\u016brai\"},\"image\":{\"@id\":\"https:\\\/\\\/anivet.lt\\\/elparduotuve\\\/#\\\/schema\\\/logo\\\/image\\\/\"}}]}<\/script>\n<!-- \/ Yoast SEO Premium plugin. -->","yoast_head_json":{"title":"RAW PALEO Ultra Adult Mini sausas maistas \u0161unims su kalakutiena - anivet.lt","description":"Visavertis ir subalansuotas sausas pa\u0161aras, sukurtas specialiai ma\u017e\u0173 veisli\u0173 \u0161unims. \u0160is pa\u0161aras yra hipoalerginis ir monoproteininis, jo sud\u0117tyje yra tik vienas gyv\u016bnini\u0173 baltym\u0173 \u0161altinis (kalakutiena) ir atitinkamas riebal\u0173 \u0161altinis (kalakutienos riebalai), tod\u0117l jis idealiai tinka jautriems augintiniams.","robots":{"index":"index","follow":"follow","max-snippet":"max-snippet:-1","max-image-preview":"max-image-preview:large","max-video-preview":"max-video-preview:-1"},"canonical":"https:\/\/anivet.lt\/elparduotuve\/produktas\/raw-paleo-adult-mini-sausas-maitas-sunims-su-kalakutiena\/","og_locale":"lt_LT","og_type":"article","og_title":"RAW PALEO Ultra Adult Mini sausas maistas \u0161unims su kalakutiena","og_description":"Visavertis ir subalansuotas sausas pa\u0161aras, sukurtas specialiai ma\u017e\u0173 veisli\u0173 \u0161unims. \u0160is pa\u0161aras yra hipoalerginis ir monoproteininis, jo sud\u0117tyje yra tik vienas gyv\u016bnini\u0173 baltym\u0173 \u0161altinis (kalakutiena) ir atitinkamas riebal\u0173 \u0161altinis (kalakutienos riebalai), tod\u0117l jis idealiai tinka jautriems augintiniams.","og_url":"https:\/\/anivet.lt\/elparduotuve\/produktas\/raw-paleo-adult-mini-sausas-maitas-sunims-su-kalakutiena\/","og_site_name":"anivet.lt","article_modified_time":"2026-03-18T16:15:23+00:00","og_image":[{"width":650,"height":851,"url":"https:\/\/anivet.lt\/elparduotuve\/wp-content\/uploads\/2023\/12\/RP_ULTRA-TURKEY-MINI-ADULT-2kg.jpg","type":"image\/jpeg"}],"twitter_card":"summary_large_image","twitter_misc":{"Est. reading time":"1 minut\u0117"},"schema":{"@context":"https:\/\/schema.org","@graph":[{"@type":"WebPage","@id":"https:\/\/anivet.lt\/elparduotuve\/produktas\/raw-paleo-adult-mini-sausas-maitas-sunims-su-kalakutiena\/","url":"https:\/\/anivet.lt\/elparduotuve\/produktas\/raw-paleo-adult-mini-sausas-maitas-sunims-su-kalakutiena\/","name":"RAW PALEO Ultra Adult Mini sausas maistas \u0161unims su kalakutiena - anivet.lt","isPartOf":{"@id":"https:\/\/anivet.lt\/elparduotuve\/#website"},"primaryImageOfPage":{"@id":"https:\/\/anivet.lt\/elparduotuve\/produktas\/raw-paleo-adult-mini-sausas-maitas-sunims-su-kalakutiena\/#primaryimage"},"image":{"@id":"https:\/\/anivet.lt\/elparduotuve\/produktas\/raw-paleo-adult-mini-sausas-maitas-sunims-su-kalakutiena\/#primaryimage"},"thumbnailUrl":"https:\/\/anivet.lt\/elparduotuve\/wp-content\/uploads\/2023\/12\/RP_ULTRA-TURKEY-MINI-ADULT-2kg.jpg","datePublished":"2023-12-05T17:06:53+00:00","dateModified":"2026-03-18T16:15:23+00:00","description":"Visavertis ir subalansuotas sausas pa\u0161aras, sukurtas specialiai ma\u017e\u0173 veisli\u0173 \u0161unims. \u0160is pa\u0161aras yra hipoalerginis ir monoproteininis, jo sud\u0117tyje yra tik vienas gyv\u016bnini\u0173 baltym\u0173 \u0161altinis (kalakutiena) ir atitinkamas riebal\u0173 \u0161altinis (kalakutienos riebalai), tod\u0117l jis idealiai tinka jautriems augintiniams.","breadcrumb":{"@id":"https:\/\/anivet.lt\/elparduotuve\/produktas\/raw-paleo-adult-mini-sausas-maitas-sunims-su-kalakutiena\/#breadcrumb"},"inLanguage":"lt-LT","potentialAction":[{"@type":"ReadAction","target":["https:\/\/anivet.lt\/elparduotuve\/produktas\/raw-paleo-adult-mini-sausas-maitas-sunims-su-kalakutiena\/"]}]},{"@type":"ImageObject","inLanguage":"lt-LT","@id":"https:\/\/anivet.lt\/elparduotuve\/produktas\/raw-paleo-adult-mini-sausas-maitas-sunims-su-kalakutiena\/#primaryimage","url":"https:\/\/anivet.lt\/elparduotuve\/wp-content\/uploads\/2023\/12\/RP_ULTRA-TURKEY-MINI-ADULT-2kg.jpg","contentUrl":"https:\/\/anivet.lt\/elparduotuve\/wp-content\/uploads\/2023\/12\/RP_ULTRA-TURKEY-MINI-ADULT-2kg.jpg","width":650,"height":851,"caption":"RAW PALEO Ultra Adult Mini sausas maistas \u0161unims su kalakutiena"},{"@type":"BreadcrumbList","@id":"https:\/\/anivet.lt\/elparduotuve\/produktas\/raw-paleo-adult-mini-sausas-maitas-sunims-su-kalakutiena\/#breadcrumb","itemListElement":[{"@type":"ListItem","position":1,"name":"Home","item":"https:\/\/anivet.lt\/elparduotuve\/"},{"@type":"ListItem","position":2,"name":"Produktai","item":"https:\/\/anivet.lt\/elparduotuve\/produktai\/"},{"@type":"ListItem","position":3,"name":"RAW PALEO Ultra Adult Mini sausas maistas \u0161unims su kalakutiena"}]},{"@type":"WebSite","@id":"https:\/\/anivet.lt\/elparduotuve\/#website","url":"https:\/\/anivet.lt\/elparduotuve\/","name":"anivet.lt","description":"Viskas J\u016bs\u0173 \u0161uns, kat\u0117s prie\u017ei\u016brai","publisher":{"@id":"https:\/\/anivet.lt\/elparduotuve\/#organization"},"alternateName":"Viskas J\u016bs\u0173 \u0161uns, kat\u0117s prie\u017ei\u016brai","potentialAction":[{"@type":"SearchAction","target":{"@type":"EntryPoint","urlTemplate":"https:\/\/anivet.lt\/elparduotuve\/?s={search_term_string}"},"query-input":{"@type":"PropertyValueSpecification","valueRequired":true,"valueName":"search_term_string"}}],"inLanguage":"lt-LT"},{"@type":"Organization","@id":"https:\/\/anivet.lt\/elparduotuve\/#organization","name":"Viskas J\u016bs\u0173 \u0161uns, kat\u0117s prie\u017ei\u016brai","url":"https:\/\/anivet.lt\/elparduotuve\/","logo":{"@type":"ImageObject","inLanguage":"lt-LT","@id":"https:\/\/anivet.lt\/elparduotuve\/#\/schema\/logo\/image\/","url":"https:\/\/anivet.lt\/elparduotuve\/wp-content\/uploads\/2023\/06\/logo2.jpg","contentUrl":"https:\/\/anivet.lt\/elparduotuve\/wp-content\/uploads\/2023\/06\/logo2.jpg","width":655,"height":194,"caption":"Viskas J\u016bs\u0173 \u0161uns, kat\u0117s prie\u017ei\u016brai"},"image":{"@id":"https:\/\/anivet.lt\/elparduotuve\/#\/schema\/logo\/image\/"}}]}},"_links":{"self":[{"href":"https:\/\/anivet.lt\/elparduotuve\/wp-json\/wp\/v2\/product\/12433","targetHints":{"allow":["GET"]}}],"collection":[{"href":"https:\/\/anivet.lt\/elparduotuve\/wp-json\/wp\/v2\/product"}],"about":[{"href":"https:\/\/anivet.lt\/elparduotuve\/wp-json\/wp\/v2\/types\/product"}],"wp:featuredmedia":[{"embeddable":true,"href":"https:\/\/anivet.lt\/elparduotuve\/wp-json\/wp\/v2\/media\/14046"}],"wp:attachment":[{"href":"https:\/\/anivet.lt\/elparduotuve\/wp-json\/wp\/v2\/media?parent=12433"}],"wp:term":[{"taxonomy":"product_brand","embeddable":true,"href":"https:\/\/anivet.lt\/elparduotuve\/wp-json\/wp\/v2\/product_brand?post=12433"},{"taxonomy":"product_cat","embeddable":true,"href":"https:\/\/anivet.lt\/elparduotuve\/wp-json\/wp\/v2\/product_cat?post=12433"},{"taxonomy":"product_tag","embeddable":true,"href":"https:\/\/anivet.lt\/elparduotuve\/wp-json\/wp\/v2\/product_tag?post=12433"}],"curies":[{"name":"wp","href":"https:\/\/api.w.org\/{rel}","templated":true}]}}