{"id":12451,"date":"2023-12-06T09:01:49","date_gmt":"2023-12-06T09:01:49","guid":{"rendered":"https:\/\/anivet.lt\/elparduotuve\/?post_type=product&#038;p=12451"},"modified":"2026-03-18T16:15:45","modified_gmt":"2026-03-18T16:15:45","slug":"raw-paleo-adult-large-breed-sausas-maistas-su-kalakutiena","status":"publish","type":"product","link":"https:\/\/anivet.lt\/elparduotuve\/produktas\/raw-paleo-adult-large-breed-sausas-maistas-su-kalakutiena\/","title":{"rendered":"RAW PALEO Ultra Adult Medium &#038; Large sausas maistas su kalakutiena"},"content":{"rendered":"<ul>\n<li style=\"font-weight: 400;\" aria-level=\"1\"><span style=\"font-weight: 400;\">Didelis kalakutienos kiekis: 80 g kalakutienos 100 g pa\u0161aro suteikia auk\u0161tos kokyb\u0117s baltymus ir energij\u0105.<\/span><\/li>\n<li style=\"font-weight: 400;\" aria-level=\"1\"><span style=\"font-weight: 400;\">Odos ir kailio sveikatai: Agurkli\u0173 ir la\u0161i\u0161\u0173 aliejai, praturtinti omega-3 ir omega-6 riebal\u0173 r\u016bg\u0161timis, palaiko odos sveikat\u0105 ir kailio \u017evilges\u012f.<\/span><\/li>\n<li style=\"font-weight: 400;\" aria-level=\"1\"><span style=\"font-weight: 400;\">Sveikam vir\u0161kinimui: Fruktooligosacharidai (FOS), mannanoligosacharidai (MOS) ir probiotikai (Enterococcus faecium) gerina \u017earnyno mikroflor\u0105 ir palaiko vir\u0161kinimo sistem\u0105.<\/span><\/li>\n<li style=\"font-weight: 400;\" aria-level=\"1\"><span style=\"font-weight: 400;\">Be gr\u016bd\u0173: Tinkamas jautrios vir\u0161kinimo sistemos \u0161unims, nes sud\u0117tyje n\u0117ra gr\u016bd\u0173, soj\u0173 ar kukur\u016bz\u0173.<\/span><\/li>\n<li style=\"font-weight: 400;\" aria-level=\"1\"><span style=\"font-weight: 400;\">Nat\u016bral\u016bs ingredientai: Sud\u0117tyje n\u0117ra dirbtini\u0173 da\u017eikli\u0173, konservant\u0173 ar kit\u0173 nereikaling\u0173 pried\u0173.<\/span><\/li>\n<\/ul>\n<p><span style=\"font-weight: 400;\">Tai idealus pasirinkimas \u0161unims, kuriems reikalingas nat\u016bralus, maistingas ir lengvai vir\u0161kinamas maistas. Pa\u0161aras ne tik skanus, bet ir puikiai tinka augintiniams, turintiems jautri\u0105 od\u0105 ar subtili\u0105 vir\u0161kinimo sistem\u0105.<\/span><\/p>\n","protected":false},"excerpt":{"rendered":"<p><span style=\"font-weight: 400;\">Visavertis begr\u016bdis sausas pa\u0161aras, pritaikytas vidutini\u0173 ir dideli\u0173 veisli\u0173 suaugusiems \u0161unims nuo 1 met\u0173 am\u017eiaus. Sukurtas remiantis nat\u016bralios ir subalansuotos mitybos principais, \u0161is pa\u0161aras u\u017etikrina lengv\u0105 vir\u0161kinim\u0105, puik\u0173 skon\u012f ir visapusi\u0161k\u0105 sveikat\u0105.<\/span><\/p>\n","protected":false},"featured_media":14028,"template":"","meta":[],"product_brand":[],"product_cat":[101,103,104,336],"product_tag":[],"class_list":{"0":"post-12451","1":"product","2":"type-product","3":"status-publish","4":"has-post-thumbnail","6":"product_cat-sunims","7":"product_cat-sunu-maistas","8":"product_cat-sausas-maistas","9":"product_cat-raw-paleo-sunu-maistas","10":"pa_prekinis-zenklas-raw-paleo","12":"first","13":"instock","14":"taxable","15":"shipping-taxable","16":"purchasable","17":"product-type-variable"},"yoast_head":"<!-- This site is optimized with the Yoast SEO Premium plugin v27.1 (Yoast SEO v27.5) - https:\/\/yoast.com\/product\/yoast-seo-premium-wordpress\/ -->\n<title>RAW PALEO Ultra Adult Medium &amp; Large sausas maistas su kalakutiena - anivet.lt<\/title>\n<meta name=\"description\" content=\"Visavertis begr\u016bdis sausas pa\u0161aras, pritaikytas vidutini\u0173 ir dideli\u0173 veisli\u0173 suaugusiems \u0161unims nuo 1 met\u0173 am\u017eiaus. Sukurtas remiantis nat\u016bralios ir subalansuotos mitybos principais, \u0161is pa\u0161aras u\u017etikrina lengv\u0105 vir\u0161kinim\u0105, puik\u0173 skon\u012f ir visapusi\u0161k\u0105 sveikat\u0105.\" \/>\n<meta name=\"robots\" content=\"index, follow, max-snippet:-1, max-image-preview:large, max-video-preview:-1\" \/>\n<link rel=\"canonical\" href=\"https:\/\/anivet.lt\/elparduotuve\/produktas\/raw-paleo-adult-large-breed-sausas-maistas-su-kalakutiena\/\" \/>\n<meta property=\"og:locale\" content=\"lt_LT\" \/>\n<meta property=\"og:type\" content=\"article\" \/>\n<meta property=\"og:title\" content=\"RAW PALEO Ultra Adult Medium &amp; Large sausas maistas su kalakutiena\" \/>\n<meta property=\"og:description\" content=\"Visavertis begr\u016bdis sausas pa\u0161aras, pritaikytas vidutini\u0173 ir dideli\u0173 veisli\u0173 suaugusiems \u0161unims nuo 1 met\u0173 am\u017eiaus. Sukurtas remiantis nat\u016bralios ir subalansuotos mitybos principais, \u0161is pa\u0161aras u\u017etikrina lengv\u0105 vir\u0161kinim\u0105, puik\u0173 skon\u012f ir visapusi\u0161k\u0105 sveikat\u0105.\" \/>\n<meta property=\"og:url\" content=\"https:\/\/anivet.lt\/elparduotuve\/produktas\/raw-paleo-adult-large-breed-sausas-maistas-su-kalakutiena\/\" \/>\n<meta property=\"og:site_name\" content=\"anivet.lt\" \/>\n<meta property=\"article:modified_time\" content=\"2026-03-18T16:15:45+00:00\" \/>\n<meta property=\"og:image\" content=\"https:\/\/anivet.lt\/elparduotuve\/wp-content\/uploads\/2023\/12\/RP-ULTRA-TURKEY-MEDIUMLARGE-ADULT-2kg.jpg\" \/>\n\t<meta property=\"og:image:width\" content=\"650\" \/>\n\t<meta property=\"og:image:height\" content=\"851\" \/>\n\t<meta property=\"og:image:type\" content=\"image\/jpeg\" \/>\n<meta name=\"twitter:card\" content=\"summary_large_image\" \/>\n<meta name=\"twitter:label1\" content=\"Est. reading time\" \/>\n\t<meta name=\"twitter:data1\" content=\"1 minut\u0117\" \/>\n<script type=\"application\/ld+json\" class=\"yoast-schema-graph\">{\"@context\":\"https:\\\/\\\/schema.org\",\"@graph\":[{\"@type\":\"WebPage\",\"@id\":\"https:\\\/\\\/anivet.lt\\\/elparduotuve\\\/produktas\\\/raw-paleo-adult-large-breed-sausas-maistas-su-kalakutiena\\\/\",\"url\":\"https:\\\/\\\/anivet.lt\\\/elparduotuve\\\/produktas\\\/raw-paleo-adult-large-breed-sausas-maistas-su-kalakutiena\\\/\",\"name\":\"RAW PALEO Ultra Adult Medium & Large sausas maistas su kalakutiena - anivet.lt\",\"isPartOf\":{\"@id\":\"https:\\\/\\\/anivet.lt\\\/elparduotuve\\\/#website\"},\"primaryImageOfPage\":{\"@id\":\"https:\\\/\\\/anivet.lt\\\/elparduotuve\\\/produktas\\\/raw-paleo-adult-large-breed-sausas-maistas-su-kalakutiena\\\/#primaryimage\"},\"image\":{\"@id\":\"https:\\\/\\\/anivet.lt\\\/elparduotuve\\\/produktas\\\/raw-paleo-adult-large-breed-sausas-maistas-su-kalakutiena\\\/#primaryimage\"},\"thumbnailUrl\":\"https:\\\/\\\/anivet.lt\\\/elparduotuve\\\/wp-content\\\/uploads\\\/2023\\\/12\\\/RP-ULTRA-TURKEY-MEDIUMLARGE-ADULT-2kg.jpg\",\"datePublished\":\"2023-12-06T09:01:49+00:00\",\"dateModified\":\"2026-03-18T16:15:45+00:00\",\"description\":\"Visavertis begr\u016bdis sausas pa\u0161aras, pritaikytas vidutini\u0173 ir dideli\u0173 veisli\u0173 suaugusiems \u0161unims nuo 1 met\u0173 am\u017eiaus. Sukurtas remiantis nat\u016bralios ir subalansuotos mitybos principais, \u0161is pa\u0161aras u\u017etikrina lengv\u0105 vir\u0161kinim\u0105, puik\u0173 skon\u012f ir visapusi\u0161k\u0105 sveikat\u0105.\",\"breadcrumb\":{\"@id\":\"https:\\\/\\\/anivet.lt\\\/elparduotuve\\\/produktas\\\/raw-paleo-adult-large-breed-sausas-maistas-su-kalakutiena\\\/#breadcrumb\"},\"inLanguage\":\"lt-LT\",\"potentialAction\":[{\"@type\":\"ReadAction\",\"target\":[\"https:\\\/\\\/anivet.lt\\\/elparduotuve\\\/produktas\\\/raw-paleo-adult-large-breed-sausas-maistas-su-kalakutiena\\\/\"]}]},{\"@type\":\"ImageObject\",\"inLanguage\":\"lt-LT\",\"@id\":\"https:\\\/\\\/anivet.lt\\\/elparduotuve\\\/produktas\\\/raw-paleo-adult-large-breed-sausas-maistas-su-kalakutiena\\\/#primaryimage\",\"url\":\"https:\\\/\\\/anivet.lt\\\/elparduotuve\\\/wp-content\\\/uploads\\\/2023\\\/12\\\/RP-ULTRA-TURKEY-MEDIUMLARGE-ADULT-2kg.jpg\",\"contentUrl\":\"https:\\\/\\\/anivet.lt\\\/elparduotuve\\\/wp-content\\\/uploads\\\/2023\\\/12\\\/RP-ULTRA-TURKEY-MEDIUMLARGE-ADULT-2kg.jpg\",\"width\":650,\"height\":851,\"caption\":\"RAW PALEO Ultra Adult Medium & Large sausas maistas su kalakutiena\"},{\"@type\":\"BreadcrumbList\",\"@id\":\"https:\\\/\\\/anivet.lt\\\/elparduotuve\\\/produktas\\\/raw-paleo-adult-large-breed-sausas-maistas-su-kalakutiena\\\/#breadcrumb\",\"itemListElement\":[{\"@type\":\"ListItem\",\"position\":1,\"name\":\"Home\",\"item\":\"https:\\\/\\\/anivet.lt\\\/elparduotuve\\\/\"},{\"@type\":\"ListItem\",\"position\":2,\"name\":\"Produktai\",\"item\":\"https:\\\/\\\/anivet.lt\\\/elparduotuve\\\/produktai\\\/\"},{\"@type\":\"ListItem\",\"position\":3,\"name\":\"RAW PALEO Ultra Adult Medium &#038; Large sausas maistas su kalakutiena\"}]},{\"@type\":\"WebSite\",\"@id\":\"https:\\\/\\\/anivet.lt\\\/elparduotuve\\\/#website\",\"url\":\"https:\\\/\\\/anivet.lt\\\/elparduotuve\\\/\",\"name\":\"anivet.lt\",\"description\":\"Viskas J\u016bs\u0173 \u0161uns, kat\u0117s prie\u017ei\u016brai\",\"publisher\":{\"@id\":\"https:\\\/\\\/anivet.lt\\\/elparduotuve\\\/#organization\"},\"alternateName\":\"Viskas J\u016bs\u0173 \u0161uns, kat\u0117s prie\u017ei\u016brai\",\"potentialAction\":[{\"@type\":\"SearchAction\",\"target\":{\"@type\":\"EntryPoint\",\"urlTemplate\":\"https:\\\/\\\/anivet.lt\\\/elparduotuve\\\/?s={search_term_string}\"},\"query-input\":{\"@type\":\"PropertyValueSpecification\",\"valueRequired\":true,\"valueName\":\"search_term_string\"}}],\"inLanguage\":\"lt-LT\"},{\"@type\":\"Organization\",\"@id\":\"https:\\\/\\\/anivet.lt\\\/elparduotuve\\\/#organization\",\"name\":\"Viskas J\u016bs\u0173 \u0161uns, kat\u0117s prie\u017ei\u016brai\",\"url\":\"https:\\\/\\\/anivet.lt\\\/elparduotuve\\\/\",\"logo\":{\"@type\":\"ImageObject\",\"inLanguage\":\"lt-LT\",\"@id\":\"https:\\\/\\\/anivet.lt\\\/elparduotuve\\\/#\\\/schema\\\/logo\\\/image\\\/\",\"url\":\"https:\\\/\\\/anivet.lt\\\/elparduotuve\\\/wp-content\\\/uploads\\\/2023\\\/06\\\/logo2.jpg\",\"contentUrl\":\"https:\\\/\\\/anivet.lt\\\/elparduotuve\\\/wp-content\\\/uploads\\\/2023\\\/06\\\/logo2.jpg\",\"width\":655,\"height\":194,\"caption\":\"Viskas J\u016bs\u0173 \u0161uns, kat\u0117s prie\u017ei\u016brai\"},\"image\":{\"@id\":\"https:\\\/\\\/anivet.lt\\\/elparduotuve\\\/#\\\/schema\\\/logo\\\/image\\\/\"}}]}<\/script>\n<!-- \/ Yoast SEO Premium plugin. -->","yoast_head_json":{"title":"RAW PALEO Ultra Adult Medium & Large sausas maistas su kalakutiena - anivet.lt","description":"Visavertis begr\u016bdis sausas pa\u0161aras, pritaikytas vidutini\u0173 ir dideli\u0173 veisli\u0173 suaugusiems \u0161unims nuo 1 met\u0173 am\u017eiaus. Sukurtas remiantis nat\u016bralios ir subalansuotos mitybos principais, \u0161is pa\u0161aras u\u017etikrina lengv\u0105 vir\u0161kinim\u0105, puik\u0173 skon\u012f ir visapusi\u0161k\u0105 sveikat\u0105.","robots":{"index":"index","follow":"follow","max-snippet":"max-snippet:-1","max-image-preview":"max-image-preview:large","max-video-preview":"max-video-preview:-1"},"canonical":"https:\/\/anivet.lt\/elparduotuve\/produktas\/raw-paleo-adult-large-breed-sausas-maistas-su-kalakutiena\/","og_locale":"lt_LT","og_type":"article","og_title":"RAW PALEO Ultra Adult Medium & Large sausas maistas su kalakutiena","og_description":"Visavertis begr\u016bdis sausas pa\u0161aras, pritaikytas vidutini\u0173 ir dideli\u0173 veisli\u0173 suaugusiems \u0161unims nuo 1 met\u0173 am\u017eiaus. Sukurtas remiantis nat\u016bralios ir subalansuotos mitybos principais, \u0161is pa\u0161aras u\u017etikrina lengv\u0105 vir\u0161kinim\u0105, puik\u0173 skon\u012f ir visapusi\u0161k\u0105 sveikat\u0105.","og_url":"https:\/\/anivet.lt\/elparduotuve\/produktas\/raw-paleo-adult-large-breed-sausas-maistas-su-kalakutiena\/","og_site_name":"anivet.lt","article_modified_time":"2026-03-18T16:15:45+00:00","og_image":[{"width":650,"height":851,"url":"https:\/\/anivet.lt\/elparduotuve\/wp-content\/uploads\/2023\/12\/RP-ULTRA-TURKEY-MEDIUMLARGE-ADULT-2kg.jpg","type":"image\/jpeg"}],"twitter_card":"summary_large_image","twitter_misc":{"Est. reading time":"1 minut\u0117"},"schema":{"@context":"https:\/\/schema.org","@graph":[{"@type":"WebPage","@id":"https:\/\/anivet.lt\/elparduotuve\/produktas\/raw-paleo-adult-large-breed-sausas-maistas-su-kalakutiena\/","url":"https:\/\/anivet.lt\/elparduotuve\/produktas\/raw-paleo-adult-large-breed-sausas-maistas-su-kalakutiena\/","name":"RAW PALEO Ultra Adult Medium & Large sausas maistas su kalakutiena - anivet.lt","isPartOf":{"@id":"https:\/\/anivet.lt\/elparduotuve\/#website"},"primaryImageOfPage":{"@id":"https:\/\/anivet.lt\/elparduotuve\/produktas\/raw-paleo-adult-large-breed-sausas-maistas-su-kalakutiena\/#primaryimage"},"image":{"@id":"https:\/\/anivet.lt\/elparduotuve\/produktas\/raw-paleo-adult-large-breed-sausas-maistas-su-kalakutiena\/#primaryimage"},"thumbnailUrl":"https:\/\/anivet.lt\/elparduotuve\/wp-content\/uploads\/2023\/12\/RP-ULTRA-TURKEY-MEDIUMLARGE-ADULT-2kg.jpg","datePublished":"2023-12-06T09:01:49+00:00","dateModified":"2026-03-18T16:15:45+00:00","description":"Visavertis begr\u016bdis sausas pa\u0161aras, pritaikytas vidutini\u0173 ir dideli\u0173 veisli\u0173 suaugusiems \u0161unims nuo 1 met\u0173 am\u017eiaus. Sukurtas remiantis nat\u016bralios ir subalansuotos mitybos principais, \u0161is pa\u0161aras u\u017etikrina lengv\u0105 vir\u0161kinim\u0105, puik\u0173 skon\u012f ir visapusi\u0161k\u0105 sveikat\u0105.","breadcrumb":{"@id":"https:\/\/anivet.lt\/elparduotuve\/produktas\/raw-paleo-adult-large-breed-sausas-maistas-su-kalakutiena\/#breadcrumb"},"inLanguage":"lt-LT","potentialAction":[{"@type":"ReadAction","target":["https:\/\/anivet.lt\/elparduotuve\/produktas\/raw-paleo-adult-large-breed-sausas-maistas-su-kalakutiena\/"]}]},{"@type":"ImageObject","inLanguage":"lt-LT","@id":"https:\/\/anivet.lt\/elparduotuve\/produktas\/raw-paleo-adult-large-breed-sausas-maistas-su-kalakutiena\/#primaryimage","url":"https:\/\/anivet.lt\/elparduotuve\/wp-content\/uploads\/2023\/12\/RP-ULTRA-TURKEY-MEDIUMLARGE-ADULT-2kg.jpg","contentUrl":"https:\/\/anivet.lt\/elparduotuve\/wp-content\/uploads\/2023\/12\/RP-ULTRA-TURKEY-MEDIUMLARGE-ADULT-2kg.jpg","width":650,"height":851,"caption":"RAW PALEO Ultra Adult Medium & Large sausas maistas su kalakutiena"},{"@type":"BreadcrumbList","@id":"https:\/\/anivet.lt\/elparduotuve\/produktas\/raw-paleo-adult-large-breed-sausas-maistas-su-kalakutiena\/#breadcrumb","itemListElement":[{"@type":"ListItem","position":1,"name":"Home","item":"https:\/\/anivet.lt\/elparduotuve\/"},{"@type":"ListItem","position":2,"name":"Produktai","item":"https:\/\/anivet.lt\/elparduotuve\/produktai\/"},{"@type":"ListItem","position":3,"name":"RAW PALEO Ultra Adult Medium &#038; Large sausas maistas su kalakutiena"}]},{"@type":"WebSite","@id":"https:\/\/anivet.lt\/elparduotuve\/#website","url":"https:\/\/anivet.lt\/elparduotuve\/","name":"anivet.lt","description":"Viskas J\u016bs\u0173 \u0161uns, kat\u0117s prie\u017ei\u016brai","publisher":{"@id":"https:\/\/anivet.lt\/elparduotuve\/#organization"},"alternateName":"Viskas J\u016bs\u0173 \u0161uns, kat\u0117s prie\u017ei\u016brai","potentialAction":[{"@type":"SearchAction","target":{"@type":"EntryPoint","urlTemplate":"https:\/\/anivet.lt\/elparduotuve\/?s={search_term_string}"},"query-input":{"@type":"PropertyValueSpecification","valueRequired":true,"valueName":"search_term_string"}}],"inLanguage":"lt-LT"},{"@type":"Organization","@id":"https:\/\/anivet.lt\/elparduotuve\/#organization","name":"Viskas J\u016bs\u0173 \u0161uns, kat\u0117s prie\u017ei\u016brai","url":"https:\/\/anivet.lt\/elparduotuve\/","logo":{"@type":"ImageObject","inLanguage":"lt-LT","@id":"https:\/\/anivet.lt\/elparduotuve\/#\/schema\/logo\/image\/","url":"https:\/\/anivet.lt\/elparduotuve\/wp-content\/uploads\/2023\/06\/logo2.jpg","contentUrl":"https:\/\/anivet.lt\/elparduotuve\/wp-content\/uploads\/2023\/06\/logo2.jpg","width":655,"height":194,"caption":"Viskas J\u016bs\u0173 \u0161uns, kat\u0117s prie\u017ei\u016brai"},"image":{"@id":"https:\/\/anivet.lt\/elparduotuve\/#\/schema\/logo\/image\/"}}]}},"_links":{"self":[{"href":"https:\/\/anivet.lt\/elparduotuve\/wp-json\/wp\/v2\/product\/12451","targetHints":{"allow":["GET"]}}],"collection":[{"href":"https:\/\/anivet.lt\/elparduotuve\/wp-json\/wp\/v2\/product"}],"about":[{"href":"https:\/\/anivet.lt\/elparduotuve\/wp-json\/wp\/v2\/types\/product"}],"wp:featuredmedia":[{"embeddable":true,"href":"https:\/\/anivet.lt\/elparduotuve\/wp-json\/wp\/v2\/media\/14028"}],"wp:attachment":[{"href":"https:\/\/anivet.lt\/elparduotuve\/wp-json\/wp\/v2\/media?parent=12451"}],"wp:term":[{"taxonomy":"product_brand","embeddable":true,"href":"https:\/\/anivet.lt\/elparduotuve\/wp-json\/wp\/v2\/product_brand?post=12451"},{"taxonomy":"product_cat","embeddable":true,"href":"https:\/\/anivet.lt\/elparduotuve\/wp-json\/wp\/v2\/product_cat?post=12451"},{"taxonomy":"product_tag","embeddable":true,"href":"https:\/\/anivet.lt\/elparduotuve\/wp-json\/wp\/v2\/product_tag?post=12451"}],"curies":[{"name":"wp","href":"https:\/\/api.w.org\/{rel}","templated":true}]}}