{"id":12476,"date":"2023-12-08T16:34:14","date_gmt":"2023-12-08T16:34:14","guid":{"rendered":"https:\/\/anivet.lt\/elparduotuve\/?post_type=product&#038;p=12476"},"modified":"2026-04-06T15:01:59","modified_gmt":"2026-04-06T15:01:59","slug":"raw-paleo-adult-cat-beef-pouch-guliasas-suaugusioms-katems-su-jautiena-100g","status":"publish","type":"product","link":"https:\/\/anivet.lt\/elparduotuve\/produktas\/raw-paleo-adult-cat-beef-pouch-guliasas-suaugusioms-katems-su-jautiena-100g\/","title":{"rendered":"Raw Paleo Adult Cat beef pouch gulia\u0161as suaugusioms kat\u0117ms su jautiena, 100g"},"content":{"rendered":"<p><span style=\"font-weight: 400;\">Pilnavertis ir subalansuotas begr\u016bdis gulia\u0161as suaugusioms kat\u0117ms nuo 1 met\u0173 am\u017eiaus. Sud\u0117tyje tik vienas baltym\u0173 \u0161altinis \u2013 jautiena. Praturtintas vitaminais ir mineralais, be konservant\u0173 ar gr\u016bd\u0173.<\/span><\/p>\n<ul>\n<li style=\"font-weight: 400;\" aria-level=\"1\"><span style=\"font-weight: 400;\">Vienas baltym\u0173 \u0161altinis: Jautiena, tinkama jautresni\u0173 ka\u010di\u0173 mitybai.<\/span><\/li>\n<li style=\"font-weight: 400;\" aria-level=\"1\"><span style=\"font-weight: 400;\">Begr\u016bdis: Pa\u0161are n\u0117ra gr\u016bd\u0173, tod\u0117l lengvai vir\u0161kinamas.<\/span><\/li>\n<li style=\"font-weight: 400;\" aria-level=\"1\"><span style=\"font-weight: 400;\">Nat\u016bral\u016bs ingredientai: Sud\u0117tyje n\u0117ra dirbtini\u0173 konservant\u0173.<\/span><\/li>\n<li style=\"font-weight: 400;\" aria-level=\"1\"><span style=\"font-weight: 400;\">Praturtintas vitaminais ir mineralais: Subalansuota mityba kasdieniam poreikiui.<\/span><\/li>\n<li style=\"font-weight: 400;\" aria-level=\"1\"><span style=\"font-weight: 400;\">Auk\u0161tas gyv\u016bnini\u0173 ingredient\u0173 kiekis: 70% jautienos ir jos subprodukt\u0173.<\/span><\/li>\n<\/ul>\n<p><span style=\"font-weight: 400;\">\u201eRAW PALEO Beef Pouch\u201d yra idealus pasirinkimas kat\u0117ms, vertinan\u010dioms nat\u016bral\u0173 skon\u012f ir kokyb\u0119. Vienas baltym\u0173 \u0161altinis bei begr\u016bd\u0117 sud\u0117tis u\u017etikrina, kad pa\u0161aras tikt\u0173 net jautresn\u0117ms kat\u0117ms. \u0160is pa\u0161aras ne tik palaiko ger\u0105 savijaut\u0105, bet ir u\u017etikrina tinkam\u0105 vitamin\u0173 bei mineral\u0173 balans\u0105, reikaling\u0105 sveikai mitybai.<\/span><\/p>\n","protected":false},"excerpt":{"rendered":"<p>Pilnavertis ir subalansuotas begr\u016bdis gulia\u0161as suaugusioms kat\u0117ms nuo 1 met\u0173 am\u017eiaus. Sud\u0117tyje tik vienas baltym\u0173 \u0161altinis \u2013 jautiena. Praturtintas vitaminais<\/p>\n","protected":false},"featured_media":12477,"template":"","meta":[],"product_brand":[],"product_cat":[114,102,116,346],"product_tag":[],"class_list":{"0":"post-12476","1":"product","2":"type-product","3":"status-publish","4":"has-post-thumbnail","6":"product_cat-kaciu-maistas","7":"product_cat-katems","8":"product_cat-konservai-katems","9":"product_cat-raw-paleo-kaciu-maistas","10":"pa_prekinis-zenklas-raw-paleo","12":"first","13":"instock","14":"sale","15":"taxable","16":"shipping-taxable","17":"purchasable","18":"product-type-simple"},"yoast_head":"<!-- This site is optimized with the Yoast SEO Premium plugin v27.1 (Yoast SEO v27.5) - https:\/\/yoast.com\/product\/yoast-seo-premium-wordpress\/ -->\n<title>Raw Paleo Adult Cat beef pouch gulia\u0161as suaugusioms kat\u0117ms su jautiena, 100g - anivet.lt<\/title>\n<meta name=\"description\" content=\"Pilnavertis ir subalansuotas begr\u016bdis gulia\u0161as suaugusioms kat\u0117ms nuo 1 met\u0173 am\u017eiaus. Sud\u0117tyje tik vienas baltym\u0173 \u0161altinis \u2013 jautiena. Praturtintas\" \/>\n<meta name=\"robots\" content=\"index, follow, max-snippet:-1, max-image-preview:large, max-video-preview:-1\" \/>\n<link rel=\"canonical\" href=\"https:\/\/anivet.lt\/elparduotuve\/produktas\/raw-paleo-adult-cat-beef-pouch-guliasas-suaugusioms-katems-su-jautiena-100g\/\" \/>\n<meta property=\"og:locale\" content=\"lt_LT\" \/>\n<meta property=\"og:type\" content=\"article\" \/>\n<meta property=\"og:title\" content=\"Raw Paleo Adult Cat beef pouch gulia\u0161as suaugusioms kat\u0117ms su jautiena, 100g\" \/>\n<meta property=\"og:description\" content=\"Pilnavertis ir subalansuotas begr\u016bdis gulia\u0161as suaugusioms kat\u0117ms nuo 1 met\u0173 am\u017eiaus. Sud\u0117tyje tik vienas baltym\u0173 \u0161altinis \u2013 jautiena. Praturtintas\" \/>\n<meta property=\"og:url\" content=\"https:\/\/anivet.lt\/elparduotuve\/produktas\/raw-paleo-adult-cat-beef-pouch-guliasas-suaugusioms-katems-su-jautiena-100g\/\" \/>\n<meta property=\"og:site_name\" content=\"anivet.lt\" \/>\n<meta property=\"article:modified_time\" content=\"2026-04-06T15:01:59+00:00\" \/>\n<meta property=\"og:image\" content=\"https:\/\/anivet.lt\/elparduotuve\/wp-content\/uploads\/2023\/12\/RawPaleo_Cat_Adult_Beef_1.2c.jpg\" \/>\n\t<meta property=\"og:image:width\" content=\"768\" \/>\n\t<meta property=\"og:image:height\" content=\"768\" \/>\n\t<meta property=\"og:image:type\" content=\"image\/jpeg\" \/>\n<meta name=\"twitter:card\" content=\"summary_large_image\" \/>\n<meta name=\"twitter:label1\" content=\"Est. reading time\" \/>\n\t<meta name=\"twitter:data1\" content=\"1 minut\u0117\" \/>\n<script type=\"application\/ld+json\" class=\"yoast-schema-graph\">{\"@context\":\"https:\\\/\\\/schema.org\",\"@graph\":[{\"@type\":\"WebPage\",\"@id\":\"https:\\\/\\\/anivet.lt\\\/elparduotuve\\\/produktas\\\/raw-paleo-adult-cat-beef-pouch-guliasas-suaugusioms-katems-su-jautiena-100g\\\/\",\"url\":\"https:\\\/\\\/anivet.lt\\\/elparduotuve\\\/produktas\\\/raw-paleo-adult-cat-beef-pouch-guliasas-suaugusioms-katems-su-jautiena-100g\\\/\",\"name\":\"Raw Paleo Adult Cat beef pouch gulia\u0161as suaugusioms kat\u0117ms su jautiena, 100g - anivet.lt\",\"isPartOf\":{\"@id\":\"https:\\\/\\\/anivet.lt\\\/elparduotuve\\\/#website\"},\"primaryImageOfPage\":{\"@id\":\"https:\\\/\\\/anivet.lt\\\/elparduotuve\\\/produktas\\\/raw-paleo-adult-cat-beef-pouch-guliasas-suaugusioms-katems-su-jautiena-100g\\\/#primaryimage\"},\"image\":{\"@id\":\"https:\\\/\\\/anivet.lt\\\/elparduotuve\\\/produktas\\\/raw-paleo-adult-cat-beef-pouch-guliasas-suaugusioms-katems-su-jautiena-100g\\\/#primaryimage\"},\"thumbnailUrl\":\"https:\\\/\\\/anivet.lt\\\/elparduotuve\\\/wp-content\\\/uploads\\\/2023\\\/12\\\/RawPaleo_Cat_Adult_Beef_1.2c.jpg\",\"datePublished\":\"2023-12-08T16:34:14+00:00\",\"dateModified\":\"2026-04-06T15:01:59+00:00\",\"description\":\"Pilnavertis ir subalansuotas begr\u016bdis gulia\u0161as suaugusioms kat\u0117ms nuo 1 met\u0173 am\u017eiaus. Sud\u0117tyje tik vienas baltym\u0173 \u0161altinis \u2013 jautiena. Praturtintas\",\"breadcrumb\":{\"@id\":\"https:\\\/\\\/anivet.lt\\\/elparduotuve\\\/produktas\\\/raw-paleo-adult-cat-beef-pouch-guliasas-suaugusioms-katems-su-jautiena-100g\\\/#breadcrumb\"},\"inLanguage\":\"lt-LT\",\"potentialAction\":[{\"@type\":\"ReadAction\",\"target\":[\"https:\\\/\\\/anivet.lt\\\/elparduotuve\\\/produktas\\\/raw-paleo-adult-cat-beef-pouch-guliasas-suaugusioms-katems-su-jautiena-100g\\\/\"]}]},{\"@type\":\"ImageObject\",\"inLanguage\":\"lt-LT\",\"@id\":\"https:\\\/\\\/anivet.lt\\\/elparduotuve\\\/produktas\\\/raw-paleo-adult-cat-beef-pouch-guliasas-suaugusioms-katems-su-jautiena-100g\\\/#primaryimage\",\"url\":\"https:\\\/\\\/anivet.lt\\\/elparduotuve\\\/wp-content\\\/uploads\\\/2023\\\/12\\\/RawPaleo_Cat_Adult_Beef_1.2c.jpg\",\"contentUrl\":\"https:\\\/\\\/anivet.lt\\\/elparduotuve\\\/wp-content\\\/uploads\\\/2023\\\/12\\\/RawPaleo_Cat_Adult_Beef_1.2c.jpg\",\"width\":768,\"height\":768,\"caption\":\"Raw Paleo Adult Cat beef pouch gulia\u0161as suaugusioms kat\u0117ms su jautiena, 100g\"},{\"@type\":\"BreadcrumbList\",\"@id\":\"https:\\\/\\\/anivet.lt\\\/elparduotuve\\\/produktas\\\/raw-paleo-adult-cat-beef-pouch-guliasas-suaugusioms-katems-su-jautiena-100g\\\/#breadcrumb\",\"itemListElement\":[{\"@type\":\"ListItem\",\"position\":1,\"name\":\"Home\",\"item\":\"https:\\\/\\\/anivet.lt\\\/elparduotuve\\\/\"},{\"@type\":\"ListItem\",\"position\":2,\"name\":\"Produktai\",\"item\":\"https:\\\/\\\/anivet.lt\\\/elparduotuve\\\/produktai\\\/\"},{\"@type\":\"ListItem\",\"position\":3,\"name\":\"Raw Paleo Adult Cat beef pouch gulia\u0161as suaugusioms kat\u0117ms su jautiena, 100g\"}]},{\"@type\":\"WebSite\",\"@id\":\"https:\\\/\\\/anivet.lt\\\/elparduotuve\\\/#website\",\"url\":\"https:\\\/\\\/anivet.lt\\\/elparduotuve\\\/\",\"name\":\"anivet.lt\",\"description\":\"Viskas J\u016bs\u0173 \u0161uns, kat\u0117s prie\u017ei\u016brai\",\"publisher\":{\"@id\":\"https:\\\/\\\/anivet.lt\\\/elparduotuve\\\/#organization\"},\"alternateName\":\"Viskas J\u016bs\u0173 \u0161uns, kat\u0117s prie\u017ei\u016brai\",\"potentialAction\":[{\"@type\":\"SearchAction\",\"target\":{\"@type\":\"EntryPoint\",\"urlTemplate\":\"https:\\\/\\\/anivet.lt\\\/elparduotuve\\\/?s={search_term_string}\"},\"query-input\":{\"@type\":\"PropertyValueSpecification\",\"valueRequired\":true,\"valueName\":\"search_term_string\"}}],\"inLanguage\":\"lt-LT\"},{\"@type\":\"Organization\",\"@id\":\"https:\\\/\\\/anivet.lt\\\/elparduotuve\\\/#organization\",\"name\":\"Viskas J\u016bs\u0173 \u0161uns, kat\u0117s prie\u017ei\u016brai\",\"url\":\"https:\\\/\\\/anivet.lt\\\/elparduotuve\\\/\",\"logo\":{\"@type\":\"ImageObject\",\"inLanguage\":\"lt-LT\",\"@id\":\"https:\\\/\\\/anivet.lt\\\/elparduotuve\\\/#\\\/schema\\\/logo\\\/image\\\/\",\"url\":\"https:\\\/\\\/anivet.lt\\\/elparduotuve\\\/wp-content\\\/uploads\\\/2023\\\/06\\\/logo2.jpg\",\"contentUrl\":\"https:\\\/\\\/anivet.lt\\\/elparduotuve\\\/wp-content\\\/uploads\\\/2023\\\/06\\\/logo2.jpg\",\"width\":655,\"height\":194,\"caption\":\"Viskas J\u016bs\u0173 \u0161uns, kat\u0117s prie\u017ei\u016brai\"},\"image\":{\"@id\":\"https:\\\/\\\/anivet.lt\\\/elparduotuve\\\/#\\\/schema\\\/logo\\\/image\\\/\"}}]}<\/script>\n<!-- \/ Yoast SEO Premium plugin. -->","yoast_head_json":{"title":"Raw Paleo Adult Cat beef pouch gulia\u0161as suaugusioms kat\u0117ms su jautiena, 100g - anivet.lt","description":"Pilnavertis ir subalansuotas begr\u016bdis gulia\u0161as suaugusioms kat\u0117ms nuo 1 met\u0173 am\u017eiaus. Sud\u0117tyje tik vienas baltym\u0173 \u0161altinis \u2013 jautiena. Praturtintas","robots":{"index":"index","follow":"follow","max-snippet":"max-snippet:-1","max-image-preview":"max-image-preview:large","max-video-preview":"max-video-preview:-1"},"canonical":"https:\/\/anivet.lt\/elparduotuve\/produktas\/raw-paleo-adult-cat-beef-pouch-guliasas-suaugusioms-katems-su-jautiena-100g\/","og_locale":"lt_LT","og_type":"article","og_title":"Raw Paleo Adult Cat beef pouch gulia\u0161as suaugusioms kat\u0117ms su jautiena, 100g","og_description":"Pilnavertis ir subalansuotas begr\u016bdis gulia\u0161as suaugusioms kat\u0117ms nuo 1 met\u0173 am\u017eiaus. Sud\u0117tyje tik vienas baltym\u0173 \u0161altinis \u2013 jautiena. Praturtintas","og_url":"https:\/\/anivet.lt\/elparduotuve\/produktas\/raw-paleo-adult-cat-beef-pouch-guliasas-suaugusioms-katems-su-jautiena-100g\/","og_site_name":"anivet.lt","article_modified_time":"2026-04-06T15:01:59+00:00","og_image":[{"width":768,"height":768,"url":"https:\/\/anivet.lt\/elparduotuve\/wp-content\/uploads\/2023\/12\/RawPaleo_Cat_Adult_Beef_1.2c.jpg","type":"image\/jpeg"}],"twitter_card":"summary_large_image","twitter_misc":{"Est. reading time":"1 minut\u0117"},"schema":{"@context":"https:\/\/schema.org","@graph":[{"@type":"WebPage","@id":"https:\/\/anivet.lt\/elparduotuve\/produktas\/raw-paleo-adult-cat-beef-pouch-guliasas-suaugusioms-katems-su-jautiena-100g\/","url":"https:\/\/anivet.lt\/elparduotuve\/produktas\/raw-paleo-adult-cat-beef-pouch-guliasas-suaugusioms-katems-su-jautiena-100g\/","name":"Raw Paleo Adult Cat beef pouch gulia\u0161as suaugusioms kat\u0117ms su jautiena, 100g - anivet.lt","isPartOf":{"@id":"https:\/\/anivet.lt\/elparduotuve\/#website"},"primaryImageOfPage":{"@id":"https:\/\/anivet.lt\/elparduotuve\/produktas\/raw-paleo-adult-cat-beef-pouch-guliasas-suaugusioms-katems-su-jautiena-100g\/#primaryimage"},"image":{"@id":"https:\/\/anivet.lt\/elparduotuve\/produktas\/raw-paleo-adult-cat-beef-pouch-guliasas-suaugusioms-katems-su-jautiena-100g\/#primaryimage"},"thumbnailUrl":"https:\/\/anivet.lt\/elparduotuve\/wp-content\/uploads\/2023\/12\/RawPaleo_Cat_Adult_Beef_1.2c.jpg","datePublished":"2023-12-08T16:34:14+00:00","dateModified":"2026-04-06T15:01:59+00:00","description":"Pilnavertis ir subalansuotas begr\u016bdis gulia\u0161as suaugusioms kat\u0117ms nuo 1 met\u0173 am\u017eiaus. Sud\u0117tyje tik vienas baltym\u0173 \u0161altinis \u2013 jautiena. Praturtintas","breadcrumb":{"@id":"https:\/\/anivet.lt\/elparduotuve\/produktas\/raw-paleo-adult-cat-beef-pouch-guliasas-suaugusioms-katems-su-jautiena-100g\/#breadcrumb"},"inLanguage":"lt-LT","potentialAction":[{"@type":"ReadAction","target":["https:\/\/anivet.lt\/elparduotuve\/produktas\/raw-paleo-adult-cat-beef-pouch-guliasas-suaugusioms-katems-su-jautiena-100g\/"]}]},{"@type":"ImageObject","inLanguage":"lt-LT","@id":"https:\/\/anivet.lt\/elparduotuve\/produktas\/raw-paleo-adult-cat-beef-pouch-guliasas-suaugusioms-katems-su-jautiena-100g\/#primaryimage","url":"https:\/\/anivet.lt\/elparduotuve\/wp-content\/uploads\/2023\/12\/RawPaleo_Cat_Adult_Beef_1.2c.jpg","contentUrl":"https:\/\/anivet.lt\/elparduotuve\/wp-content\/uploads\/2023\/12\/RawPaleo_Cat_Adult_Beef_1.2c.jpg","width":768,"height":768,"caption":"Raw Paleo Adult Cat beef pouch gulia\u0161as suaugusioms kat\u0117ms su jautiena, 100g"},{"@type":"BreadcrumbList","@id":"https:\/\/anivet.lt\/elparduotuve\/produktas\/raw-paleo-adult-cat-beef-pouch-guliasas-suaugusioms-katems-su-jautiena-100g\/#breadcrumb","itemListElement":[{"@type":"ListItem","position":1,"name":"Home","item":"https:\/\/anivet.lt\/elparduotuve\/"},{"@type":"ListItem","position":2,"name":"Produktai","item":"https:\/\/anivet.lt\/elparduotuve\/produktai\/"},{"@type":"ListItem","position":3,"name":"Raw Paleo Adult Cat beef pouch gulia\u0161as suaugusioms kat\u0117ms su jautiena, 100g"}]},{"@type":"WebSite","@id":"https:\/\/anivet.lt\/elparduotuve\/#website","url":"https:\/\/anivet.lt\/elparduotuve\/","name":"anivet.lt","description":"Viskas J\u016bs\u0173 \u0161uns, kat\u0117s prie\u017ei\u016brai","publisher":{"@id":"https:\/\/anivet.lt\/elparduotuve\/#organization"},"alternateName":"Viskas J\u016bs\u0173 \u0161uns, kat\u0117s prie\u017ei\u016brai","potentialAction":[{"@type":"SearchAction","target":{"@type":"EntryPoint","urlTemplate":"https:\/\/anivet.lt\/elparduotuve\/?s={search_term_string}"},"query-input":{"@type":"PropertyValueSpecification","valueRequired":true,"valueName":"search_term_string"}}],"inLanguage":"lt-LT"},{"@type":"Organization","@id":"https:\/\/anivet.lt\/elparduotuve\/#organization","name":"Viskas J\u016bs\u0173 \u0161uns, kat\u0117s prie\u017ei\u016brai","url":"https:\/\/anivet.lt\/elparduotuve\/","logo":{"@type":"ImageObject","inLanguage":"lt-LT","@id":"https:\/\/anivet.lt\/elparduotuve\/#\/schema\/logo\/image\/","url":"https:\/\/anivet.lt\/elparduotuve\/wp-content\/uploads\/2023\/06\/logo2.jpg","contentUrl":"https:\/\/anivet.lt\/elparduotuve\/wp-content\/uploads\/2023\/06\/logo2.jpg","width":655,"height":194,"caption":"Viskas J\u016bs\u0173 \u0161uns, kat\u0117s prie\u017ei\u016brai"},"image":{"@id":"https:\/\/anivet.lt\/elparduotuve\/#\/schema\/logo\/image\/"}}]}},"_links":{"self":[{"href":"https:\/\/anivet.lt\/elparduotuve\/wp-json\/wp\/v2\/product\/12476","targetHints":{"allow":["GET"]}}],"collection":[{"href":"https:\/\/anivet.lt\/elparduotuve\/wp-json\/wp\/v2\/product"}],"about":[{"href":"https:\/\/anivet.lt\/elparduotuve\/wp-json\/wp\/v2\/types\/product"}],"wp:featuredmedia":[{"embeddable":true,"href":"https:\/\/anivet.lt\/elparduotuve\/wp-json\/wp\/v2\/media\/12477"}],"wp:attachment":[{"href":"https:\/\/anivet.lt\/elparduotuve\/wp-json\/wp\/v2\/media?parent=12476"}],"wp:term":[{"taxonomy":"product_brand","embeddable":true,"href":"https:\/\/anivet.lt\/elparduotuve\/wp-json\/wp\/v2\/product_brand?post=12476"},{"taxonomy":"product_cat","embeddable":true,"href":"https:\/\/anivet.lt\/elparduotuve\/wp-json\/wp\/v2\/product_cat?post=12476"},{"taxonomy":"product_tag","embeddable":true,"href":"https:\/\/anivet.lt\/elparduotuve\/wp-json\/wp\/v2\/product_tag?post=12476"}],"curies":[{"name":"wp","href":"https:\/\/api.w.org\/{rel}","templated":true}]}}