{"id":12481,"date":"2023-12-08T17:01:30","date_gmt":"2023-12-08T17:01:30","guid":{"rendered":"https:\/\/anivet.lt\/elparduotuve\/?post_type=product&#038;p=12481"},"modified":"2026-04-06T15:01:14","modified_gmt":"2026-04-06T15:01:14","slug":"raw-paleo-adult-cat-turkey-pouch-guliasas-suaugusioms-katems-su-kalakutiena-100g","status":"publish","type":"product","link":"https:\/\/anivet.lt\/elparduotuve\/produktas\/raw-paleo-adult-cat-turkey-pouch-guliasas-suaugusioms-katems-su-kalakutiena-100g\/","title":{"rendered":"Raw Paleo Adult Cat Turkey pouch gulia\u0161as suaugusioms kat\u0117ms su kalakutiena, 100g"},"content":{"rendered":"<ul>\n<li style=\"font-weight: 400;\" aria-level=\"1\"><span style=\"font-weight: 400;\">Vienas baltym\u0173 \u0161altinis: Kalakutiena, tinkanti jautrioms kat\u0117ms.<\/span><\/li>\n<li style=\"font-weight: 400;\" aria-level=\"1\"><span style=\"font-weight: 400;\">Begr\u016bdis receptas: Puikus pasirinkimas alergi\u0161koms kat\u0117ms.<\/span><\/li>\n<li style=\"font-weight: 400;\" aria-level=\"1\"><span style=\"font-weight: 400;\">Sud\u0117tyje yra 70% kalakutienos ir kalakutienos subprodukt\u0173.<\/span><\/li>\n<li style=\"font-weight: 400;\" aria-level=\"1\"><span style=\"font-weight: 400;\">Papildytas mineralais ir taurinu: Palaiko sveik\u0105 \u0161irdies veikl\u0105.<\/span><\/li>\n<li style=\"font-weight: 400;\" aria-level=\"1\"><span style=\"font-weight: 400;\">Nat\u016bralus saul\u0117gr\u0105\u017e\u0173 aliejus: Padeda palaikyti sveik\u0105 od\u0105 ir blizgant\u012f kail\u012f.<\/span><\/li>\n<\/ul>\n<p><span style=\"font-weight: 400;\">\u0160is nat\u016brali\u0173 ingredient\u0173 pa\u0161aras su kalakutienos sultiniu ne tik puikiai tinka kat\u0117s mitybai, bet ir u\u017etikrina tinkam\u0105 hidratacij\u0105. Subalansuota sud\u0117tis pad\u0117s j\u016bs\u0173 augintiniui i\u0161likti energingam ir sveikam kasdien.<\/span><\/p>\n","protected":false},"excerpt":{"rendered":"<p><span style=\"font-weight: 400;\">Pilnavertis ir subalansuotas gulia\u0161as suaugusioms kat\u0117ms su kalakutiena. \u0160is begr\u016bdis pa\u0161aras yra puikus pasirinkimas jautrioms kat\u0117ms, nes jame yra tik vienas baltym\u0173 \u0161altinis \u2013 kalakutiena, kuri u\u017etikrina lengv\u0105 vir\u0161kinim\u0105 ir sveik\u0105 mityb\u0105. Pa\u0161aro sud\u0117tyje n\u0117ra dirbtini\u0173 konservant\u0173, tod\u0117l jis tinkamas nat\u016brali\u0105 mityb\u0105 vertinantiems \u0161eimininkams.<\/span><\/p>\n","protected":false},"featured_media":12482,"template":"","meta":[],"product_brand":[],"product_cat":[114,102,116,346],"product_tag":[],"class_list":{"0":"post-12481","1":"product","2":"type-product","3":"status-publish","4":"has-post-thumbnail","6":"product_cat-kaciu-maistas","7":"product_cat-katems","8":"product_cat-konservai-katems","9":"product_cat-raw-paleo-kaciu-maistas","10":"pa_prekinis-zenklas-raw-paleo","12":"first","13":"instock","14":"sale","15":"taxable","16":"shipping-taxable","17":"purchasable","18":"product-type-simple"},"yoast_head":"<!-- This site is optimized with the Yoast SEO Premium plugin v27.1 (Yoast SEO v27.5) - https:\/\/yoast.com\/product\/yoast-seo-premium-wordpress\/ -->\n<title>Raw Paleo Adult Cat Turkey pouch gulia\u0161as suaugusioms kat\u0117ms su kalakutiena, 100g - anivet.lt<\/title>\n<meta name=\"description\" content=\"Pilnavertis ir subalansuotas gulia\u0161as suaugusioms kat\u0117ms su kalakutiena. \u0160is begr\u016bdis pa\u0161aras yra puikus pasirinkimas jautrioms kat\u0117ms, nes jame yra tik vienas baltym\u0173 \u0161altinis \u2013 kalakutiena, kuri u\u017etikrina lengv\u0105 vir\u0161kinim\u0105 ir sveik\u0105 mityb\u0105. Pa\u0161aro sud\u0117tyje n\u0117ra dirbtini\u0173 konservant\u0173, tod\u0117l jis tinkamas nat\u016brali\u0105 mityb\u0105 vertinantiems \u0161eimininkams.\" \/>\n<meta name=\"robots\" content=\"index, follow, max-snippet:-1, max-image-preview:large, max-video-preview:-1\" \/>\n<link rel=\"canonical\" href=\"https:\/\/anivet.lt\/elparduotuve\/produktas\/raw-paleo-adult-cat-turkey-pouch-guliasas-suaugusioms-katems-su-kalakutiena-100g\/\" \/>\n<meta property=\"og:locale\" content=\"lt_LT\" \/>\n<meta property=\"og:type\" content=\"article\" \/>\n<meta property=\"og:title\" content=\"Raw Paleo Adult Cat Turkey pouch gulia\u0161as suaugusioms kat\u0117ms su kalakutiena, 100g\" \/>\n<meta property=\"og:description\" content=\"Pilnavertis ir subalansuotas gulia\u0161as suaugusioms kat\u0117ms su kalakutiena. \u0160is begr\u016bdis pa\u0161aras yra puikus pasirinkimas jautrioms kat\u0117ms, nes jame yra tik vienas baltym\u0173 \u0161altinis \u2013 kalakutiena, kuri u\u017etikrina lengv\u0105 vir\u0161kinim\u0105 ir sveik\u0105 mityb\u0105. Pa\u0161aro sud\u0117tyje n\u0117ra dirbtini\u0173 konservant\u0173, tod\u0117l jis tinkamas nat\u016brali\u0105 mityb\u0105 vertinantiems \u0161eimininkams.\" \/>\n<meta property=\"og:url\" content=\"https:\/\/anivet.lt\/elparduotuve\/produktas\/raw-paleo-adult-cat-turkey-pouch-guliasas-suaugusioms-katems-su-kalakutiena-100g\/\" \/>\n<meta property=\"og:site_name\" content=\"anivet.lt\" \/>\n<meta property=\"article:modified_time\" content=\"2026-04-06T15:01:14+00:00\" \/>\n<meta property=\"og:image\" content=\"https:\/\/anivet.lt\/elparduotuve\/wp-content\/uploads\/2023\/12\/RawPaleo_Cat_Adult_Turkey_1.2c.jpg\" \/>\n\t<meta property=\"og:image:width\" content=\"768\" \/>\n\t<meta property=\"og:image:height\" content=\"768\" \/>\n\t<meta property=\"og:image:type\" content=\"image\/jpeg\" \/>\n<meta name=\"twitter:card\" content=\"summary_large_image\" \/>\n<meta name=\"twitter:label1\" content=\"Est. reading time\" \/>\n\t<meta name=\"twitter:data1\" content=\"1 minut\u0117\" \/>\n<script type=\"application\/ld+json\" class=\"yoast-schema-graph\">{\"@context\":\"https:\\\/\\\/schema.org\",\"@graph\":[{\"@type\":\"WebPage\",\"@id\":\"https:\\\/\\\/anivet.lt\\\/elparduotuve\\\/produktas\\\/raw-paleo-adult-cat-turkey-pouch-guliasas-suaugusioms-katems-su-kalakutiena-100g\\\/\",\"url\":\"https:\\\/\\\/anivet.lt\\\/elparduotuve\\\/produktas\\\/raw-paleo-adult-cat-turkey-pouch-guliasas-suaugusioms-katems-su-kalakutiena-100g\\\/\",\"name\":\"Raw Paleo Adult Cat Turkey pouch gulia\u0161as suaugusioms kat\u0117ms su kalakutiena, 100g - anivet.lt\",\"isPartOf\":{\"@id\":\"https:\\\/\\\/anivet.lt\\\/elparduotuve\\\/#website\"},\"primaryImageOfPage\":{\"@id\":\"https:\\\/\\\/anivet.lt\\\/elparduotuve\\\/produktas\\\/raw-paleo-adult-cat-turkey-pouch-guliasas-suaugusioms-katems-su-kalakutiena-100g\\\/#primaryimage\"},\"image\":{\"@id\":\"https:\\\/\\\/anivet.lt\\\/elparduotuve\\\/produktas\\\/raw-paleo-adult-cat-turkey-pouch-guliasas-suaugusioms-katems-su-kalakutiena-100g\\\/#primaryimage\"},\"thumbnailUrl\":\"https:\\\/\\\/anivet.lt\\\/elparduotuve\\\/wp-content\\\/uploads\\\/2023\\\/12\\\/RawPaleo_Cat_Adult_Turkey_1.2c.jpg\",\"datePublished\":\"2023-12-08T17:01:30+00:00\",\"dateModified\":\"2026-04-06T15:01:14+00:00\",\"description\":\"Pilnavertis ir subalansuotas gulia\u0161as suaugusioms kat\u0117ms su kalakutiena. \u0160is begr\u016bdis pa\u0161aras yra puikus pasirinkimas jautrioms kat\u0117ms, nes jame yra tik vienas baltym\u0173 \u0161altinis \u2013 kalakutiena, kuri u\u017etikrina lengv\u0105 vir\u0161kinim\u0105 ir sveik\u0105 mityb\u0105. Pa\u0161aro sud\u0117tyje n\u0117ra dirbtini\u0173 konservant\u0173, tod\u0117l jis tinkamas nat\u016brali\u0105 mityb\u0105 vertinantiems \u0161eimininkams.\",\"breadcrumb\":{\"@id\":\"https:\\\/\\\/anivet.lt\\\/elparduotuve\\\/produktas\\\/raw-paleo-adult-cat-turkey-pouch-guliasas-suaugusioms-katems-su-kalakutiena-100g\\\/#breadcrumb\"},\"inLanguage\":\"lt-LT\",\"potentialAction\":[{\"@type\":\"ReadAction\",\"target\":[\"https:\\\/\\\/anivet.lt\\\/elparduotuve\\\/produktas\\\/raw-paleo-adult-cat-turkey-pouch-guliasas-suaugusioms-katems-su-kalakutiena-100g\\\/\"]}]},{\"@type\":\"ImageObject\",\"inLanguage\":\"lt-LT\",\"@id\":\"https:\\\/\\\/anivet.lt\\\/elparduotuve\\\/produktas\\\/raw-paleo-adult-cat-turkey-pouch-guliasas-suaugusioms-katems-su-kalakutiena-100g\\\/#primaryimage\",\"url\":\"https:\\\/\\\/anivet.lt\\\/elparduotuve\\\/wp-content\\\/uploads\\\/2023\\\/12\\\/RawPaleo_Cat_Adult_Turkey_1.2c.jpg\",\"contentUrl\":\"https:\\\/\\\/anivet.lt\\\/elparduotuve\\\/wp-content\\\/uploads\\\/2023\\\/12\\\/RawPaleo_Cat_Adult_Turkey_1.2c.jpg\",\"width\":768,\"height\":768,\"caption\":\"Raw Paleo Adult Cat Turkey pouch gulia\u0161as suaugusioms kat\u0117ms su kalakutiena, 100g\"},{\"@type\":\"BreadcrumbList\",\"@id\":\"https:\\\/\\\/anivet.lt\\\/elparduotuve\\\/produktas\\\/raw-paleo-adult-cat-turkey-pouch-guliasas-suaugusioms-katems-su-kalakutiena-100g\\\/#breadcrumb\",\"itemListElement\":[{\"@type\":\"ListItem\",\"position\":1,\"name\":\"Home\",\"item\":\"https:\\\/\\\/anivet.lt\\\/elparduotuve\\\/\"},{\"@type\":\"ListItem\",\"position\":2,\"name\":\"Produktai\",\"item\":\"https:\\\/\\\/anivet.lt\\\/elparduotuve\\\/produktai\\\/\"},{\"@type\":\"ListItem\",\"position\":3,\"name\":\"Raw Paleo Adult Cat Turkey pouch gulia\u0161as suaugusioms kat\u0117ms su kalakutiena, 100g\"}]},{\"@type\":\"WebSite\",\"@id\":\"https:\\\/\\\/anivet.lt\\\/elparduotuve\\\/#website\",\"url\":\"https:\\\/\\\/anivet.lt\\\/elparduotuve\\\/\",\"name\":\"anivet.lt\",\"description\":\"Viskas J\u016bs\u0173 \u0161uns, kat\u0117s prie\u017ei\u016brai\",\"publisher\":{\"@id\":\"https:\\\/\\\/anivet.lt\\\/elparduotuve\\\/#organization\"},\"alternateName\":\"Viskas J\u016bs\u0173 \u0161uns, kat\u0117s prie\u017ei\u016brai\",\"potentialAction\":[{\"@type\":\"SearchAction\",\"target\":{\"@type\":\"EntryPoint\",\"urlTemplate\":\"https:\\\/\\\/anivet.lt\\\/elparduotuve\\\/?s={search_term_string}\"},\"query-input\":{\"@type\":\"PropertyValueSpecification\",\"valueRequired\":true,\"valueName\":\"search_term_string\"}}],\"inLanguage\":\"lt-LT\"},{\"@type\":\"Organization\",\"@id\":\"https:\\\/\\\/anivet.lt\\\/elparduotuve\\\/#organization\",\"name\":\"Viskas J\u016bs\u0173 \u0161uns, kat\u0117s prie\u017ei\u016brai\",\"url\":\"https:\\\/\\\/anivet.lt\\\/elparduotuve\\\/\",\"logo\":{\"@type\":\"ImageObject\",\"inLanguage\":\"lt-LT\",\"@id\":\"https:\\\/\\\/anivet.lt\\\/elparduotuve\\\/#\\\/schema\\\/logo\\\/image\\\/\",\"url\":\"https:\\\/\\\/anivet.lt\\\/elparduotuve\\\/wp-content\\\/uploads\\\/2023\\\/06\\\/logo2.jpg\",\"contentUrl\":\"https:\\\/\\\/anivet.lt\\\/elparduotuve\\\/wp-content\\\/uploads\\\/2023\\\/06\\\/logo2.jpg\",\"width\":655,\"height\":194,\"caption\":\"Viskas J\u016bs\u0173 \u0161uns, kat\u0117s prie\u017ei\u016brai\"},\"image\":{\"@id\":\"https:\\\/\\\/anivet.lt\\\/elparduotuve\\\/#\\\/schema\\\/logo\\\/image\\\/\"}}]}<\/script>\n<!-- \/ Yoast SEO Premium plugin. -->","yoast_head_json":{"title":"Raw Paleo Adult Cat Turkey pouch gulia\u0161as suaugusioms kat\u0117ms su kalakutiena, 100g - anivet.lt","description":"Pilnavertis ir subalansuotas gulia\u0161as suaugusioms kat\u0117ms su kalakutiena. \u0160is begr\u016bdis pa\u0161aras yra puikus pasirinkimas jautrioms kat\u0117ms, nes jame yra tik vienas baltym\u0173 \u0161altinis \u2013 kalakutiena, kuri u\u017etikrina lengv\u0105 vir\u0161kinim\u0105 ir sveik\u0105 mityb\u0105. Pa\u0161aro sud\u0117tyje n\u0117ra dirbtini\u0173 konservant\u0173, tod\u0117l jis tinkamas nat\u016brali\u0105 mityb\u0105 vertinantiems \u0161eimininkams.","robots":{"index":"index","follow":"follow","max-snippet":"max-snippet:-1","max-image-preview":"max-image-preview:large","max-video-preview":"max-video-preview:-1"},"canonical":"https:\/\/anivet.lt\/elparduotuve\/produktas\/raw-paleo-adult-cat-turkey-pouch-guliasas-suaugusioms-katems-su-kalakutiena-100g\/","og_locale":"lt_LT","og_type":"article","og_title":"Raw Paleo Adult Cat Turkey pouch gulia\u0161as suaugusioms kat\u0117ms su kalakutiena, 100g","og_description":"Pilnavertis ir subalansuotas gulia\u0161as suaugusioms kat\u0117ms su kalakutiena. \u0160is begr\u016bdis pa\u0161aras yra puikus pasirinkimas jautrioms kat\u0117ms, nes jame yra tik vienas baltym\u0173 \u0161altinis \u2013 kalakutiena, kuri u\u017etikrina lengv\u0105 vir\u0161kinim\u0105 ir sveik\u0105 mityb\u0105. Pa\u0161aro sud\u0117tyje n\u0117ra dirbtini\u0173 konservant\u0173, tod\u0117l jis tinkamas nat\u016brali\u0105 mityb\u0105 vertinantiems \u0161eimininkams.","og_url":"https:\/\/anivet.lt\/elparduotuve\/produktas\/raw-paleo-adult-cat-turkey-pouch-guliasas-suaugusioms-katems-su-kalakutiena-100g\/","og_site_name":"anivet.lt","article_modified_time":"2026-04-06T15:01:14+00:00","og_image":[{"width":768,"height":768,"url":"https:\/\/anivet.lt\/elparduotuve\/wp-content\/uploads\/2023\/12\/RawPaleo_Cat_Adult_Turkey_1.2c.jpg","type":"image\/jpeg"}],"twitter_card":"summary_large_image","twitter_misc":{"Est. reading time":"1 minut\u0117"},"schema":{"@context":"https:\/\/schema.org","@graph":[{"@type":"WebPage","@id":"https:\/\/anivet.lt\/elparduotuve\/produktas\/raw-paleo-adult-cat-turkey-pouch-guliasas-suaugusioms-katems-su-kalakutiena-100g\/","url":"https:\/\/anivet.lt\/elparduotuve\/produktas\/raw-paleo-adult-cat-turkey-pouch-guliasas-suaugusioms-katems-su-kalakutiena-100g\/","name":"Raw Paleo Adult Cat Turkey pouch gulia\u0161as suaugusioms kat\u0117ms su kalakutiena, 100g - anivet.lt","isPartOf":{"@id":"https:\/\/anivet.lt\/elparduotuve\/#website"},"primaryImageOfPage":{"@id":"https:\/\/anivet.lt\/elparduotuve\/produktas\/raw-paleo-adult-cat-turkey-pouch-guliasas-suaugusioms-katems-su-kalakutiena-100g\/#primaryimage"},"image":{"@id":"https:\/\/anivet.lt\/elparduotuve\/produktas\/raw-paleo-adult-cat-turkey-pouch-guliasas-suaugusioms-katems-su-kalakutiena-100g\/#primaryimage"},"thumbnailUrl":"https:\/\/anivet.lt\/elparduotuve\/wp-content\/uploads\/2023\/12\/RawPaleo_Cat_Adult_Turkey_1.2c.jpg","datePublished":"2023-12-08T17:01:30+00:00","dateModified":"2026-04-06T15:01:14+00:00","description":"Pilnavertis ir subalansuotas gulia\u0161as suaugusioms kat\u0117ms su kalakutiena. \u0160is begr\u016bdis pa\u0161aras yra puikus pasirinkimas jautrioms kat\u0117ms, nes jame yra tik vienas baltym\u0173 \u0161altinis \u2013 kalakutiena, kuri u\u017etikrina lengv\u0105 vir\u0161kinim\u0105 ir sveik\u0105 mityb\u0105. Pa\u0161aro sud\u0117tyje n\u0117ra dirbtini\u0173 konservant\u0173, tod\u0117l jis tinkamas nat\u016brali\u0105 mityb\u0105 vertinantiems \u0161eimininkams.","breadcrumb":{"@id":"https:\/\/anivet.lt\/elparduotuve\/produktas\/raw-paleo-adult-cat-turkey-pouch-guliasas-suaugusioms-katems-su-kalakutiena-100g\/#breadcrumb"},"inLanguage":"lt-LT","potentialAction":[{"@type":"ReadAction","target":["https:\/\/anivet.lt\/elparduotuve\/produktas\/raw-paleo-adult-cat-turkey-pouch-guliasas-suaugusioms-katems-su-kalakutiena-100g\/"]}]},{"@type":"ImageObject","inLanguage":"lt-LT","@id":"https:\/\/anivet.lt\/elparduotuve\/produktas\/raw-paleo-adult-cat-turkey-pouch-guliasas-suaugusioms-katems-su-kalakutiena-100g\/#primaryimage","url":"https:\/\/anivet.lt\/elparduotuve\/wp-content\/uploads\/2023\/12\/RawPaleo_Cat_Adult_Turkey_1.2c.jpg","contentUrl":"https:\/\/anivet.lt\/elparduotuve\/wp-content\/uploads\/2023\/12\/RawPaleo_Cat_Adult_Turkey_1.2c.jpg","width":768,"height":768,"caption":"Raw Paleo Adult Cat Turkey pouch gulia\u0161as suaugusioms kat\u0117ms su kalakutiena, 100g"},{"@type":"BreadcrumbList","@id":"https:\/\/anivet.lt\/elparduotuve\/produktas\/raw-paleo-adult-cat-turkey-pouch-guliasas-suaugusioms-katems-su-kalakutiena-100g\/#breadcrumb","itemListElement":[{"@type":"ListItem","position":1,"name":"Home","item":"https:\/\/anivet.lt\/elparduotuve\/"},{"@type":"ListItem","position":2,"name":"Produktai","item":"https:\/\/anivet.lt\/elparduotuve\/produktai\/"},{"@type":"ListItem","position":3,"name":"Raw Paleo Adult Cat Turkey pouch gulia\u0161as suaugusioms kat\u0117ms su kalakutiena, 100g"}]},{"@type":"WebSite","@id":"https:\/\/anivet.lt\/elparduotuve\/#website","url":"https:\/\/anivet.lt\/elparduotuve\/","name":"anivet.lt","description":"Viskas J\u016bs\u0173 \u0161uns, kat\u0117s prie\u017ei\u016brai","publisher":{"@id":"https:\/\/anivet.lt\/elparduotuve\/#organization"},"alternateName":"Viskas J\u016bs\u0173 \u0161uns, kat\u0117s prie\u017ei\u016brai","potentialAction":[{"@type":"SearchAction","target":{"@type":"EntryPoint","urlTemplate":"https:\/\/anivet.lt\/elparduotuve\/?s={search_term_string}"},"query-input":{"@type":"PropertyValueSpecification","valueRequired":true,"valueName":"search_term_string"}}],"inLanguage":"lt-LT"},{"@type":"Organization","@id":"https:\/\/anivet.lt\/elparduotuve\/#organization","name":"Viskas J\u016bs\u0173 \u0161uns, kat\u0117s prie\u017ei\u016brai","url":"https:\/\/anivet.lt\/elparduotuve\/","logo":{"@type":"ImageObject","inLanguage":"lt-LT","@id":"https:\/\/anivet.lt\/elparduotuve\/#\/schema\/logo\/image\/","url":"https:\/\/anivet.lt\/elparduotuve\/wp-content\/uploads\/2023\/06\/logo2.jpg","contentUrl":"https:\/\/anivet.lt\/elparduotuve\/wp-content\/uploads\/2023\/06\/logo2.jpg","width":655,"height":194,"caption":"Viskas J\u016bs\u0173 \u0161uns, kat\u0117s prie\u017ei\u016brai"},"image":{"@id":"https:\/\/anivet.lt\/elparduotuve\/#\/schema\/logo\/image\/"}}]}},"_links":{"self":[{"href":"https:\/\/anivet.lt\/elparduotuve\/wp-json\/wp\/v2\/product\/12481","targetHints":{"allow":["GET"]}}],"collection":[{"href":"https:\/\/anivet.lt\/elparduotuve\/wp-json\/wp\/v2\/product"}],"about":[{"href":"https:\/\/anivet.lt\/elparduotuve\/wp-json\/wp\/v2\/types\/product"}],"wp:featuredmedia":[{"embeddable":true,"href":"https:\/\/anivet.lt\/elparduotuve\/wp-json\/wp\/v2\/media\/12482"}],"wp:attachment":[{"href":"https:\/\/anivet.lt\/elparduotuve\/wp-json\/wp\/v2\/media?parent=12481"}],"wp:term":[{"taxonomy":"product_brand","embeddable":true,"href":"https:\/\/anivet.lt\/elparduotuve\/wp-json\/wp\/v2\/product_brand?post=12481"},{"taxonomy":"product_cat","embeddable":true,"href":"https:\/\/anivet.lt\/elparduotuve\/wp-json\/wp\/v2\/product_cat?post=12481"},{"taxonomy":"product_tag","embeddable":true,"href":"https:\/\/anivet.lt\/elparduotuve\/wp-json\/wp\/v2\/product_tag?post=12481"}],"curies":[{"name":"wp","href":"https:\/\/api.w.org\/{rel}","templated":true}]}}