{"id":12483,"date":"2023-12-08T17:07:56","date_gmt":"2023-12-08T17:07:56","guid":{"rendered":"https:\/\/anivet.lt\/elparduotuve\/?post_type=product&#038;p=12483"},"modified":"2026-05-08T15:22:39","modified_gmt":"2026-05-08T15:22:39","slug":"raw-paleo-kitten-beef-pouch-guliasas-kaciukams-su-jautiena-100g","status":"publish","type":"product","link":"https:\/\/anivet.lt\/elparduotuve\/produktas\/raw-paleo-kitten-beef-pouch-guliasas-kaciukams-su-jautiena-100g\/","title":{"rendered":"Raw Paleo Kitten Beef pouch gulia\u0161as ka\u010diukams su jautiena, 100g"},"content":{"rendered":"<ul>\n<li style=\"font-weight: 400;\" aria-level=\"1\"><span style=\"font-weight: 400;\">Vienas baltym\u0173 \u0161altinis: Tik jautiena, padedanti i\u0161vengti alergini\u0173 reakcij\u0173.<\/span><\/li>\n<li style=\"font-weight: 400;\" aria-level=\"1\"><span style=\"font-weight: 400;\">Subalansuota sud\u0117tis: Nat\u016bralus kalcio \u0161altinis ir tinkamas baltym\u0173 kiekis raumen\u0173 bei kaul\u0173 vystymuisi.<\/span><\/li>\n<li style=\"font-weight: 400;\" aria-level=\"1\"><span style=\"font-weight: 400;\">Vitamin\u0173 ir mineral\u0173 papildai: U\u017etikrina ka\u010diuko organizmo poreiki\u0173 patenkinim\u0105.<\/span><\/li>\n<li style=\"font-weight: 400;\" aria-level=\"1\"><span style=\"font-weight: 400;\">Be konservant\u0173 ir gr\u016bd\u0173: Nat\u016brali sud\u0117tis, tinkama jautriam vir\u0161kinimui.<\/span><\/li>\n<\/ul>\n<p><span style=\"font-weight: 400;\">\u0160is dr\u0117gnas \u0117dalas ne tik apr\u016bpina ka\u010diuk\u0105 svarbiausiomis maistin\u0117mis med\u017eiagomis, bet ir prisideda prie sveiko vystymosi. \u201eRAW PALEO\u201d u\u017etikrina, kad j\u016bs\u0173 augintinis m\u0117gaut\u0173si maistu, kuris yra skanus ir maistingas, tuo pa\u010diu padedant jam i\u0161likti energingam ir stipriam.<\/span><\/p>\n","protected":false},"excerpt":{"rendered":"<p><span style=\"font-weight: 400;\">Puikus pasirinkimas augantiems ka\u010diukams, u\u017etikrinantis nat\u016brali\u0105 ir subalansuot\u0105 mityb\u0105. Pa\u0161aras yra praturtintas vienu baltym\u0173 \u0161altiniu \u2013 jautiena, tod\u0117l idealiai tinka jautriems ar alergi\u0161kiems augintiniams.<\/span><\/p>\n","protected":false},"featured_media":12484,"template":"","meta":[],"product_brand":[],"product_cat":[114,102,116,346],"product_tag":[],"class_list":{"0":"post-12483","1":"product","2":"type-product","3":"status-publish","4":"has-post-thumbnail","6":"product_cat-kaciu-maistas","7":"product_cat-katems","8":"product_cat-konservai-katems","9":"product_cat-raw-paleo-kaciu-maistas","10":"pa_prekinis-zenklas-raw-paleo","12":"first","13":"instock","14":"sale","15":"taxable","16":"shipping-taxable","17":"purchasable","18":"product-type-simple"},"yoast_head":"<!-- This site is optimized with the Yoast SEO Premium plugin v27.1 (Yoast SEO v27.5) - https:\/\/yoast.com\/product\/yoast-seo-premium-wordpress\/ -->\n<title>Raw Paleo Kitten Beef pouch gulia\u0161as ka\u010diukams su jautiena, 100g - anivet.lt<\/title>\n<meta name=\"description\" content=\"Puikus pasirinkimas augantiems ka\u010diukams, u\u017etikrinantis nat\u016brali\u0105 ir subalansuot\u0105 mityb\u0105. Pa\u0161aras yra praturtintas vienu baltym\u0173 \u0161altiniu \u2013 jautiena, tod\u0117l idealiai tinka jautriems ar alergi\u0161kiems augintiniams.\" \/>\n<meta name=\"robots\" content=\"index, follow, max-snippet:-1, max-image-preview:large, max-video-preview:-1\" \/>\n<link rel=\"canonical\" href=\"https:\/\/anivet.lt\/elparduotuve\/produktas\/raw-paleo-kitten-beef-pouch-guliasas-kaciukams-su-jautiena-100g\/\" \/>\n<meta property=\"og:locale\" content=\"lt_LT\" \/>\n<meta property=\"og:type\" content=\"article\" \/>\n<meta property=\"og:title\" content=\"Raw Paleo Kitten Beef pouch gulia\u0161as ka\u010diukams su jautiena, 100g\" \/>\n<meta property=\"og:description\" content=\"Puikus pasirinkimas augantiems ka\u010diukams, u\u017etikrinantis nat\u016brali\u0105 ir subalansuot\u0105 mityb\u0105. Pa\u0161aras yra praturtintas vienu baltym\u0173 \u0161altiniu \u2013 jautiena, tod\u0117l idealiai tinka jautriems ar alergi\u0161kiems augintiniams.\" \/>\n<meta property=\"og:url\" content=\"https:\/\/anivet.lt\/elparduotuve\/produktas\/raw-paleo-kitten-beef-pouch-guliasas-kaciukams-su-jautiena-100g\/\" \/>\n<meta property=\"og:site_name\" content=\"anivet.lt\" \/>\n<meta property=\"article:modified_time\" content=\"2026-05-08T15:22:39+00:00\" \/>\n<meta property=\"og:image\" content=\"https:\/\/anivet.lt\/elparduotuve\/wp-content\/uploads\/2023\/12\/RawPaleo_Cat_Kitten_Beef_1.2c.jpg\" \/>\n\t<meta property=\"og:image:width\" content=\"768\" \/>\n\t<meta property=\"og:image:height\" content=\"768\" \/>\n\t<meta property=\"og:image:type\" content=\"image\/jpeg\" \/>\n<meta name=\"twitter:card\" content=\"summary_large_image\" \/>\n<meta name=\"twitter:label1\" content=\"Est. reading time\" \/>\n\t<meta name=\"twitter:data1\" content=\"1 minut\u0117\" \/>\n<script type=\"application\/ld+json\" class=\"yoast-schema-graph\">{\"@context\":\"https:\\\/\\\/schema.org\",\"@graph\":[{\"@type\":\"WebPage\",\"@id\":\"https:\\\/\\\/anivet.lt\\\/elparduotuve\\\/produktas\\\/raw-paleo-kitten-beef-pouch-guliasas-kaciukams-su-jautiena-100g\\\/\",\"url\":\"https:\\\/\\\/anivet.lt\\\/elparduotuve\\\/produktas\\\/raw-paleo-kitten-beef-pouch-guliasas-kaciukams-su-jautiena-100g\\\/\",\"name\":\"Raw Paleo Kitten Beef pouch gulia\u0161as ka\u010diukams su jautiena, 100g - anivet.lt\",\"isPartOf\":{\"@id\":\"https:\\\/\\\/anivet.lt\\\/elparduotuve\\\/#website\"},\"primaryImageOfPage\":{\"@id\":\"https:\\\/\\\/anivet.lt\\\/elparduotuve\\\/produktas\\\/raw-paleo-kitten-beef-pouch-guliasas-kaciukams-su-jautiena-100g\\\/#primaryimage\"},\"image\":{\"@id\":\"https:\\\/\\\/anivet.lt\\\/elparduotuve\\\/produktas\\\/raw-paleo-kitten-beef-pouch-guliasas-kaciukams-su-jautiena-100g\\\/#primaryimage\"},\"thumbnailUrl\":\"https:\\\/\\\/anivet.lt\\\/elparduotuve\\\/wp-content\\\/uploads\\\/2023\\\/12\\\/RawPaleo_Cat_Kitten_Beef_1.2c.jpg\",\"datePublished\":\"2023-12-08T17:07:56+00:00\",\"dateModified\":\"2026-05-08T15:22:39+00:00\",\"description\":\"Puikus pasirinkimas augantiems ka\u010diukams, u\u017etikrinantis nat\u016brali\u0105 ir subalansuot\u0105 mityb\u0105. Pa\u0161aras yra praturtintas vienu baltym\u0173 \u0161altiniu \u2013 jautiena, tod\u0117l idealiai tinka jautriems ar alergi\u0161kiems augintiniams.\",\"breadcrumb\":{\"@id\":\"https:\\\/\\\/anivet.lt\\\/elparduotuve\\\/produktas\\\/raw-paleo-kitten-beef-pouch-guliasas-kaciukams-su-jautiena-100g\\\/#breadcrumb\"},\"inLanguage\":\"lt-LT\",\"potentialAction\":[{\"@type\":\"ReadAction\",\"target\":[\"https:\\\/\\\/anivet.lt\\\/elparduotuve\\\/produktas\\\/raw-paleo-kitten-beef-pouch-guliasas-kaciukams-su-jautiena-100g\\\/\"]}]},{\"@type\":\"ImageObject\",\"inLanguage\":\"lt-LT\",\"@id\":\"https:\\\/\\\/anivet.lt\\\/elparduotuve\\\/produktas\\\/raw-paleo-kitten-beef-pouch-guliasas-kaciukams-su-jautiena-100g\\\/#primaryimage\",\"url\":\"https:\\\/\\\/anivet.lt\\\/elparduotuve\\\/wp-content\\\/uploads\\\/2023\\\/12\\\/RawPaleo_Cat_Kitten_Beef_1.2c.jpg\",\"contentUrl\":\"https:\\\/\\\/anivet.lt\\\/elparduotuve\\\/wp-content\\\/uploads\\\/2023\\\/12\\\/RawPaleo_Cat_Kitten_Beef_1.2c.jpg\",\"width\":768,\"height\":768,\"caption\":\"Raw Paleo Kitten Beef pouch gulia\u0161as ka\u010diukams su jautiena, 100g\"},{\"@type\":\"BreadcrumbList\",\"@id\":\"https:\\\/\\\/anivet.lt\\\/elparduotuve\\\/produktas\\\/raw-paleo-kitten-beef-pouch-guliasas-kaciukams-su-jautiena-100g\\\/#breadcrumb\",\"itemListElement\":[{\"@type\":\"ListItem\",\"position\":1,\"name\":\"Home\",\"item\":\"https:\\\/\\\/anivet.lt\\\/elparduotuve\\\/\"},{\"@type\":\"ListItem\",\"position\":2,\"name\":\"Produktai\",\"item\":\"https:\\\/\\\/anivet.lt\\\/elparduotuve\\\/produktai\\\/\"},{\"@type\":\"ListItem\",\"position\":3,\"name\":\"Raw Paleo Kitten Beef pouch gulia\u0161as ka\u010diukams su jautiena, 100g\"}]},{\"@type\":\"WebSite\",\"@id\":\"https:\\\/\\\/anivet.lt\\\/elparduotuve\\\/#website\",\"url\":\"https:\\\/\\\/anivet.lt\\\/elparduotuve\\\/\",\"name\":\"anivet.lt\",\"description\":\"Viskas J\u016bs\u0173 \u0161uns, kat\u0117s prie\u017ei\u016brai\",\"publisher\":{\"@id\":\"https:\\\/\\\/anivet.lt\\\/elparduotuve\\\/#organization\"},\"alternateName\":\"Viskas J\u016bs\u0173 \u0161uns, kat\u0117s prie\u017ei\u016brai\",\"potentialAction\":[{\"@type\":\"SearchAction\",\"target\":{\"@type\":\"EntryPoint\",\"urlTemplate\":\"https:\\\/\\\/anivet.lt\\\/elparduotuve\\\/?s={search_term_string}\"},\"query-input\":{\"@type\":\"PropertyValueSpecification\",\"valueRequired\":true,\"valueName\":\"search_term_string\"}}],\"inLanguage\":\"lt-LT\"},{\"@type\":\"Organization\",\"@id\":\"https:\\\/\\\/anivet.lt\\\/elparduotuve\\\/#organization\",\"name\":\"Viskas J\u016bs\u0173 \u0161uns, kat\u0117s prie\u017ei\u016brai\",\"url\":\"https:\\\/\\\/anivet.lt\\\/elparduotuve\\\/\",\"logo\":{\"@type\":\"ImageObject\",\"inLanguage\":\"lt-LT\",\"@id\":\"https:\\\/\\\/anivet.lt\\\/elparduotuve\\\/#\\\/schema\\\/logo\\\/image\\\/\",\"url\":\"https:\\\/\\\/anivet.lt\\\/elparduotuve\\\/wp-content\\\/uploads\\\/2023\\\/06\\\/logo2.jpg\",\"contentUrl\":\"https:\\\/\\\/anivet.lt\\\/elparduotuve\\\/wp-content\\\/uploads\\\/2023\\\/06\\\/logo2.jpg\",\"width\":655,\"height\":194,\"caption\":\"Viskas J\u016bs\u0173 \u0161uns, kat\u0117s prie\u017ei\u016brai\"},\"image\":{\"@id\":\"https:\\\/\\\/anivet.lt\\\/elparduotuve\\\/#\\\/schema\\\/logo\\\/image\\\/\"}}]}<\/script>\n<!-- \/ Yoast SEO Premium plugin. -->","yoast_head_json":{"title":"Raw Paleo Kitten Beef pouch gulia\u0161as ka\u010diukams su jautiena, 100g - anivet.lt","description":"Puikus pasirinkimas augantiems ka\u010diukams, u\u017etikrinantis nat\u016brali\u0105 ir subalansuot\u0105 mityb\u0105. Pa\u0161aras yra praturtintas vienu baltym\u0173 \u0161altiniu \u2013 jautiena, tod\u0117l idealiai tinka jautriems ar alergi\u0161kiems augintiniams.","robots":{"index":"index","follow":"follow","max-snippet":"max-snippet:-1","max-image-preview":"max-image-preview:large","max-video-preview":"max-video-preview:-1"},"canonical":"https:\/\/anivet.lt\/elparduotuve\/produktas\/raw-paleo-kitten-beef-pouch-guliasas-kaciukams-su-jautiena-100g\/","og_locale":"lt_LT","og_type":"article","og_title":"Raw Paleo Kitten Beef pouch gulia\u0161as ka\u010diukams su jautiena, 100g","og_description":"Puikus pasirinkimas augantiems ka\u010diukams, u\u017etikrinantis nat\u016brali\u0105 ir subalansuot\u0105 mityb\u0105. Pa\u0161aras yra praturtintas vienu baltym\u0173 \u0161altiniu \u2013 jautiena, tod\u0117l idealiai tinka jautriems ar alergi\u0161kiems augintiniams.","og_url":"https:\/\/anivet.lt\/elparduotuve\/produktas\/raw-paleo-kitten-beef-pouch-guliasas-kaciukams-su-jautiena-100g\/","og_site_name":"anivet.lt","article_modified_time":"2026-05-08T15:22:39+00:00","og_image":[{"width":768,"height":768,"url":"https:\/\/anivet.lt\/elparduotuve\/wp-content\/uploads\/2023\/12\/RawPaleo_Cat_Kitten_Beef_1.2c.jpg","type":"image\/jpeg"}],"twitter_card":"summary_large_image","twitter_misc":{"Est. reading time":"1 minut\u0117"},"schema":{"@context":"https:\/\/schema.org","@graph":[{"@type":"WebPage","@id":"https:\/\/anivet.lt\/elparduotuve\/produktas\/raw-paleo-kitten-beef-pouch-guliasas-kaciukams-su-jautiena-100g\/","url":"https:\/\/anivet.lt\/elparduotuve\/produktas\/raw-paleo-kitten-beef-pouch-guliasas-kaciukams-su-jautiena-100g\/","name":"Raw Paleo Kitten Beef pouch gulia\u0161as ka\u010diukams su jautiena, 100g - anivet.lt","isPartOf":{"@id":"https:\/\/anivet.lt\/elparduotuve\/#website"},"primaryImageOfPage":{"@id":"https:\/\/anivet.lt\/elparduotuve\/produktas\/raw-paleo-kitten-beef-pouch-guliasas-kaciukams-su-jautiena-100g\/#primaryimage"},"image":{"@id":"https:\/\/anivet.lt\/elparduotuve\/produktas\/raw-paleo-kitten-beef-pouch-guliasas-kaciukams-su-jautiena-100g\/#primaryimage"},"thumbnailUrl":"https:\/\/anivet.lt\/elparduotuve\/wp-content\/uploads\/2023\/12\/RawPaleo_Cat_Kitten_Beef_1.2c.jpg","datePublished":"2023-12-08T17:07:56+00:00","dateModified":"2026-05-08T15:22:39+00:00","description":"Puikus pasirinkimas augantiems ka\u010diukams, u\u017etikrinantis nat\u016brali\u0105 ir subalansuot\u0105 mityb\u0105. Pa\u0161aras yra praturtintas vienu baltym\u0173 \u0161altiniu \u2013 jautiena, tod\u0117l idealiai tinka jautriems ar alergi\u0161kiems augintiniams.","breadcrumb":{"@id":"https:\/\/anivet.lt\/elparduotuve\/produktas\/raw-paleo-kitten-beef-pouch-guliasas-kaciukams-su-jautiena-100g\/#breadcrumb"},"inLanguage":"lt-LT","potentialAction":[{"@type":"ReadAction","target":["https:\/\/anivet.lt\/elparduotuve\/produktas\/raw-paleo-kitten-beef-pouch-guliasas-kaciukams-su-jautiena-100g\/"]}]},{"@type":"ImageObject","inLanguage":"lt-LT","@id":"https:\/\/anivet.lt\/elparduotuve\/produktas\/raw-paleo-kitten-beef-pouch-guliasas-kaciukams-su-jautiena-100g\/#primaryimage","url":"https:\/\/anivet.lt\/elparduotuve\/wp-content\/uploads\/2023\/12\/RawPaleo_Cat_Kitten_Beef_1.2c.jpg","contentUrl":"https:\/\/anivet.lt\/elparduotuve\/wp-content\/uploads\/2023\/12\/RawPaleo_Cat_Kitten_Beef_1.2c.jpg","width":768,"height":768,"caption":"Raw Paleo Kitten Beef pouch gulia\u0161as ka\u010diukams su jautiena, 100g"},{"@type":"BreadcrumbList","@id":"https:\/\/anivet.lt\/elparduotuve\/produktas\/raw-paleo-kitten-beef-pouch-guliasas-kaciukams-su-jautiena-100g\/#breadcrumb","itemListElement":[{"@type":"ListItem","position":1,"name":"Home","item":"https:\/\/anivet.lt\/elparduotuve\/"},{"@type":"ListItem","position":2,"name":"Produktai","item":"https:\/\/anivet.lt\/elparduotuve\/produktai\/"},{"@type":"ListItem","position":3,"name":"Raw Paleo Kitten Beef pouch gulia\u0161as ka\u010diukams su jautiena, 100g"}]},{"@type":"WebSite","@id":"https:\/\/anivet.lt\/elparduotuve\/#website","url":"https:\/\/anivet.lt\/elparduotuve\/","name":"anivet.lt","description":"Viskas J\u016bs\u0173 \u0161uns, kat\u0117s prie\u017ei\u016brai","publisher":{"@id":"https:\/\/anivet.lt\/elparduotuve\/#organization"},"alternateName":"Viskas J\u016bs\u0173 \u0161uns, kat\u0117s prie\u017ei\u016brai","potentialAction":[{"@type":"SearchAction","target":{"@type":"EntryPoint","urlTemplate":"https:\/\/anivet.lt\/elparduotuve\/?s={search_term_string}"},"query-input":{"@type":"PropertyValueSpecification","valueRequired":true,"valueName":"search_term_string"}}],"inLanguage":"lt-LT"},{"@type":"Organization","@id":"https:\/\/anivet.lt\/elparduotuve\/#organization","name":"Viskas J\u016bs\u0173 \u0161uns, kat\u0117s prie\u017ei\u016brai","url":"https:\/\/anivet.lt\/elparduotuve\/","logo":{"@type":"ImageObject","inLanguage":"lt-LT","@id":"https:\/\/anivet.lt\/elparduotuve\/#\/schema\/logo\/image\/","url":"https:\/\/anivet.lt\/elparduotuve\/wp-content\/uploads\/2023\/06\/logo2.jpg","contentUrl":"https:\/\/anivet.lt\/elparduotuve\/wp-content\/uploads\/2023\/06\/logo2.jpg","width":655,"height":194,"caption":"Viskas J\u016bs\u0173 \u0161uns, kat\u0117s prie\u017ei\u016brai"},"image":{"@id":"https:\/\/anivet.lt\/elparduotuve\/#\/schema\/logo\/image\/"}}]}},"_links":{"self":[{"href":"https:\/\/anivet.lt\/elparduotuve\/wp-json\/wp\/v2\/product\/12483","targetHints":{"allow":["GET"]}}],"collection":[{"href":"https:\/\/anivet.lt\/elparduotuve\/wp-json\/wp\/v2\/product"}],"about":[{"href":"https:\/\/anivet.lt\/elparduotuve\/wp-json\/wp\/v2\/types\/product"}],"wp:featuredmedia":[{"embeddable":true,"href":"https:\/\/anivet.lt\/elparduotuve\/wp-json\/wp\/v2\/media\/12484"}],"wp:attachment":[{"href":"https:\/\/anivet.lt\/elparduotuve\/wp-json\/wp\/v2\/media?parent=12483"}],"wp:term":[{"taxonomy":"product_brand","embeddable":true,"href":"https:\/\/anivet.lt\/elparduotuve\/wp-json\/wp\/v2\/product_brand?post=12483"},{"taxonomy":"product_cat","embeddable":true,"href":"https:\/\/anivet.lt\/elparduotuve\/wp-json\/wp\/v2\/product_cat?post=12483"},{"taxonomy":"product_tag","embeddable":true,"href":"https:\/\/anivet.lt\/elparduotuve\/wp-json\/wp\/v2\/product_tag?post=12483"}],"curies":[{"name":"wp","href":"https:\/\/api.w.org\/{rel}","templated":true}]}}