{"id":12495,"date":"2023-12-08T18:23:34","date_gmt":"2023-12-08T18:23:34","guid":{"rendered":"https:\/\/anivet.lt\/elparduotuve\/?post_type=product&#038;p=12495"},"modified":"2026-05-12T18:20:40","modified_gmt":"2026-05-12T18:20:40","slug":"raw-paleo-adult-cat-turkey-chicken-sausas-maistas-katems-su-kalakutiena-vistiena","status":"publish","type":"product","link":"https:\/\/anivet.lt\/elparduotuve\/produktas\/raw-paleo-adult-cat-turkey-chicken-sausas-maistas-katems-su-kalakutiena-vistiena\/","title":{"rendered":"RAW PALEO Adult Cat Turkey &amp; Chicken sausas maistas kat\u0117ms su kalakutiena\/vi\u0161tiena"},"content":{"rendered":"<ul>\n<li style=\"font-weight: 400;\" aria-level=\"1\"><span style=\"font-weight: 400;\">93% kalakutienos ir vi\u0161tienos: Didelis m\u0117sos kiekis u\u017etikrina auk\u0161t\u0105 baltym\u0173 kiek\u012f, reikaling\u0105 kat\u0117s raumenims ir energijai palaikyti.<\/span><\/li>\n<li style=\"font-weight: 400;\" aria-level=\"1\"><span style=\"font-weight: 400;\">Be gr\u016bd\u0173: Puikiai tinka kat\u0117ms su jautrumu gr\u016bdams ar glitimui.<\/span><\/li>\n<li style=\"font-weight: 400;\" aria-level=\"1\"><span style=\"font-weight: 400;\">Taurinas: Esmin\u0117 maistin\u0117 med\u017eiaga, palaikanti sveik\u0105 \u0161irdies veikl\u0105 ir reg\u0117jim\u0105.<\/span><\/li>\n<li style=\"font-weight: 400;\" aria-level=\"1\"><span style=\"font-weight: 400;\">Prebiotikai (FOS ir MOS): Skatina sveik\u0105 vir\u0161kinimo trakto mikroflor\u0105 ir gerina vir\u0161kinim\u0105.<\/span><\/li>\n<li style=\"font-weight: 400;\" aria-level=\"1\"><span style=\"font-weight: 400;\">Omega-3 ir Omega-6: Palaiko blizg\u0173 kail\u012f ir sveik\u0105 od\u0105.<\/span><\/li>\n<\/ul>\n<p><span style=\"font-weight: 400;\">\u0160is pa\u0161aras puikiai subalansuotas ir praturtintas nat\u016braliais ingredientais, kad atitikt\u0173 kasdienius j\u016bs\u0173 kat\u0117s mitybos poreikius. Puikus pasirinkimas augintinio sveikatai ir energijai palaikyti, suteikiantis pilnavert\u012f maistini\u0173 med\u017eiag\u0173 spektr\u0105 ir skan\u0173 maitinim\u0105 kiekvien\u0105 dien\u0105.<\/span><\/p>\n","protected":false},"excerpt":{"rendered":"<p><span style=\"font-weight: 400;\">Subalansuotas ir itin skanus pa\u0161aras suaugusioms kat\u0117ms nuo vieneri\u0173 met\u0173. \u0160is pa\u0161aras puikiai tinka kat\u0117ms, kurioms svarbu nat\u016bral\u016bs ingredientai ir auk\u0161ta kokyb\u0117. Pagrindin\u0117 sud\u0117tis apima \u0161vie\u017eiai paruo\u0161t\u0105 kalakutien\u0105 ir vi\u0161tien\u0105, o gr\u016bdai pakeisti bulv\u0117mis kaip pagrindiniu angliavandeni\u0173 \u0161altiniu.<\/span><\/p>\n","protected":false},"featured_media":12496,"template":"","meta":[],"product_brand":[],"product_cat":[114,115,102,346],"product_tag":[],"class_list":{"0":"post-12495","1":"product","2":"type-product","3":"status-publish","4":"has-post-thumbnail","6":"product_cat-kaciu-maistas","7":"product_cat-sausas-maistas-ir-skanestai-katems","8":"product_cat-katems","9":"product_cat-raw-paleo-kaciu-maistas","10":"pa_prekinis-zenklas-raw-paleo","12":"first","13":"instock","14":"taxable","15":"shipping-taxable","16":"purchasable","17":"product-type-variable"},"yoast_head":"<!-- This site is optimized with the Yoast SEO Premium plugin v27.1 (Yoast SEO v27.5) - https:\/\/yoast.com\/product\/yoast-seo-premium-wordpress\/ -->\n<title>RAW PALEO Adult Cat Turkey &amp; Chicken sausas maistas kat\u0117ms su kalakutiena\/vi\u0161tiena - anivet.lt<\/title>\n<meta name=\"description\" content=\"Subalansuotas ir itin skanus pa\u0161aras suaugusioms kat\u0117ms nuo vieneri\u0173 met\u0173. \u0160is pa\u0161aras puikiai tinka kat\u0117ms, kurioms svarbu nat\u016bral\u016bs ingredientai ir auk\u0161ta kokyb\u0117. Pagrindin\u0117 sud\u0117tis apima \u0161vie\u017eiai paruo\u0161t\u0105 kalakutien\u0105 ir vi\u0161tien\u0105, o gr\u016bdai pakeisti bulv\u0117mis kaip pagrindiniu angliavandeni\u0173 \u0161altiniu.\" \/>\n<meta name=\"robots\" content=\"index, follow, max-snippet:-1, max-image-preview:large, max-video-preview:-1\" \/>\n<link rel=\"canonical\" href=\"https:\/\/anivet.lt\/elparduotuve\/produktas\/raw-paleo-adult-cat-turkey-chicken-sausas-maistas-katems-su-kalakutiena-vistiena\/\" \/>\n<meta property=\"og:locale\" content=\"lt_LT\" \/>\n<meta property=\"og:type\" content=\"article\" \/>\n<meta property=\"og:title\" content=\"RAW PALEO Adult Cat Turkey &amp; Chicken sausas maistas kat\u0117ms su kalakutiena\/vi\u0161tiena\" \/>\n<meta property=\"og:description\" content=\"Subalansuotas ir itin skanus pa\u0161aras suaugusioms kat\u0117ms nuo vieneri\u0173 met\u0173. \u0160is pa\u0161aras puikiai tinka kat\u0117ms, kurioms svarbu nat\u016bral\u016bs ingredientai ir auk\u0161ta kokyb\u0117. Pagrindin\u0117 sud\u0117tis apima \u0161vie\u017eiai paruo\u0161t\u0105 kalakutien\u0105 ir vi\u0161tien\u0105, o gr\u016bdai pakeisti bulv\u0117mis kaip pagrindiniu angliavandeni\u0173 \u0161altiniu.\" \/>\n<meta property=\"og:url\" content=\"https:\/\/anivet.lt\/elparduotuve\/produktas\/raw-paleo-adult-cat-turkey-chicken-sausas-maistas-katems-su-kalakutiena-vistiena\/\" \/>\n<meta property=\"og:site_name\" content=\"anivet.lt\" \/>\n<meta property=\"article:modified_time\" content=\"2026-05-12T18:20:40+00:00\" \/>\n<meta property=\"og:image\" content=\"https:\/\/anivet.lt\/elparduotuve\/wp-content\/uploads\/2023\/12\/RP_ADULT-CAT_2KG_20220921.jpg\" \/>\n\t<meta property=\"og:image:width\" content=\"768\" \/>\n\t<meta property=\"og:image:height\" content=\"1005\" \/>\n\t<meta property=\"og:image:type\" content=\"image\/jpeg\" \/>\n<meta name=\"twitter:card\" content=\"summary_large_image\" \/>\n<meta name=\"twitter:label1\" content=\"Est. reading time\" \/>\n\t<meta name=\"twitter:data1\" content=\"1 minut\u0117\" \/>\n<script type=\"application\/ld+json\" class=\"yoast-schema-graph\">{\"@context\":\"https:\\\/\\\/schema.org\",\"@graph\":[{\"@type\":\"WebPage\",\"@id\":\"https:\\\/\\\/anivet.lt\\\/elparduotuve\\\/produktas\\\/raw-paleo-adult-cat-turkey-chicken-sausas-maistas-katems-su-kalakutiena-vistiena\\\/\",\"url\":\"https:\\\/\\\/anivet.lt\\\/elparduotuve\\\/produktas\\\/raw-paleo-adult-cat-turkey-chicken-sausas-maistas-katems-su-kalakutiena-vistiena\\\/\",\"name\":\"RAW PALEO Adult Cat Turkey &amp; Chicken sausas maistas kat\u0117ms su kalakutiena\\\/vi\u0161tiena - anivet.lt\",\"isPartOf\":{\"@id\":\"https:\\\/\\\/anivet.lt\\\/elparduotuve\\\/#website\"},\"primaryImageOfPage\":{\"@id\":\"https:\\\/\\\/anivet.lt\\\/elparduotuve\\\/produktas\\\/raw-paleo-adult-cat-turkey-chicken-sausas-maistas-katems-su-kalakutiena-vistiena\\\/#primaryimage\"},\"image\":{\"@id\":\"https:\\\/\\\/anivet.lt\\\/elparduotuve\\\/produktas\\\/raw-paleo-adult-cat-turkey-chicken-sausas-maistas-katems-su-kalakutiena-vistiena\\\/#primaryimage\"},\"thumbnailUrl\":\"https:\\\/\\\/anivet.lt\\\/elparduotuve\\\/wp-content\\\/uploads\\\/2023\\\/12\\\/RP_ADULT-CAT_2KG_20220921.jpg\",\"datePublished\":\"2023-12-08T18:23:34+00:00\",\"dateModified\":\"2026-05-12T18:20:40+00:00\",\"description\":\"Subalansuotas ir itin skanus pa\u0161aras suaugusioms kat\u0117ms nuo vieneri\u0173 met\u0173. \u0160is pa\u0161aras puikiai tinka kat\u0117ms, kurioms svarbu nat\u016bral\u016bs ingredientai ir auk\u0161ta kokyb\u0117. Pagrindin\u0117 sud\u0117tis apima \u0161vie\u017eiai paruo\u0161t\u0105 kalakutien\u0105 ir vi\u0161tien\u0105, o gr\u016bdai pakeisti bulv\u0117mis kaip pagrindiniu angliavandeni\u0173 \u0161altiniu.\",\"breadcrumb\":{\"@id\":\"https:\\\/\\\/anivet.lt\\\/elparduotuve\\\/produktas\\\/raw-paleo-adult-cat-turkey-chicken-sausas-maistas-katems-su-kalakutiena-vistiena\\\/#breadcrumb\"},\"inLanguage\":\"lt-LT\",\"potentialAction\":[{\"@type\":\"ReadAction\",\"target\":[\"https:\\\/\\\/anivet.lt\\\/elparduotuve\\\/produktas\\\/raw-paleo-adult-cat-turkey-chicken-sausas-maistas-katems-su-kalakutiena-vistiena\\\/\"]}]},{\"@type\":\"ImageObject\",\"inLanguage\":\"lt-LT\",\"@id\":\"https:\\\/\\\/anivet.lt\\\/elparduotuve\\\/produktas\\\/raw-paleo-adult-cat-turkey-chicken-sausas-maistas-katems-su-kalakutiena-vistiena\\\/#primaryimage\",\"url\":\"https:\\\/\\\/anivet.lt\\\/elparduotuve\\\/wp-content\\\/uploads\\\/2023\\\/12\\\/RP_ADULT-CAT_2KG_20220921.jpg\",\"contentUrl\":\"https:\\\/\\\/anivet.lt\\\/elparduotuve\\\/wp-content\\\/uploads\\\/2023\\\/12\\\/RP_ADULT-CAT_2KG_20220921.jpg\",\"width\":768,\"height\":1005,\"caption\":\"RAW PALEO Adult Cat Turkey &amp; Chicken sausas maistas kat\u0117ms su kalakutiena\\\/vi\u0161tiena\"},{\"@type\":\"BreadcrumbList\",\"@id\":\"https:\\\/\\\/anivet.lt\\\/elparduotuve\\\/produktas\\\/raw-paleo-adult-cat-turkey-chicken-sausas-maistas-katems-su-kalakutiena-vistiena\\\/#breadcrumb\",\"itemListElement\":[{\"@type\":\"ListItem\",\"position\":1,\"name\":\"Home\",\"item\":\"https:\\\/\\\/anivet.lt\\\/elparduotuve\\\/\"},{\"@type\":\"ListItem\",\"position\":2,\"name\":\"Produktai\",\"item\":\"https:\\\/\\\/anivet.lt\\\/elparduotuve\\\/produktai\\\/\"},{\"@type\":\"ListItem\",\"position\":3,\"name\":\"RAW PALEO Adult Cat Turkey &amp; Chicken sausas maistas kat\u0117ms su kalakutiena\\\/vi\u0161tiena\"}]},{\"@type\":\"WebSite\",\"@id\":\"https:\\\/\\\/anivet.lt\\\/elparduotuve\\\/#website\",\"url\":\"https:\\\/\\\/anivet.lt\\\/elparduotuve\\\/\",\"name\":\"anivet.lt\",\"description\":\"Viskas J\u016bs\u0173 \u0161uns, kat\u0117s prie\u017ei\u016brai\",\"publisher\":{\"@id\":\"https:\\\/\\\/anivet.lt\\\/elparduotuve\\\/#organization\"},\"alternateName\":\"Viskas J\u016bs\u0173 \u0161uns, kat\u0117s prie\u017ei\u016brai\",\"potentialAction\":[{\"@type\":\"SearchAction\",\"target\":{\"@type\":\"EntryPoint\",\"urlTemplate\":\"https:\\\/\\\/anivet.lt\\\/elparduotuve\\\/?s={search_term_string}\"},\"query-input\":{\"@type\":\"PropertyValueSpecification\",\"valueRequired\":true,\"valueName\":\"search_term_string\"}}],\"inLanguage\":\"lt-LT\"},{\"@type\":\"Organization\",\"@id\":\"https:\\\/\\\/anivet.lt\\\/elparduotuve\\\/#organization\",\"name\":\"Viskas J\u016bs\u0173 \u0161uns, kat\u0117s prie\u017ei\u016brai\",\"url\":\"https:\\\/\\\/anivet.lt\\\/elparduotuve\\\/\",\"logo\":{\"@type\":\"ImageObject\",\"inLanguage\":\"lt-LT\",\"@id\":\"https:\\\/\\\/anivet.lt\\\/elparduotuve\\\/#\\\/schema\\\/logo\\\/image\\\/\",\"url\":\"https:\\\/\\\/anivet.lt\\\/elparduotuve\\\/wp-content\\\/uploads\\\/2023\\\/06\\\/logo2.jpg\",\"contentUrl\":\"https:\\\/\\\/anivet.lt\\\/elparduotuve\\\/wp-content\\\/uploads\\\/2023\\\/06\\\/logo2.jpg\",\"width\":655,\"height\":194,\"caption\":\"Viskas J\u016bs\u0173 \u0161uns, kat\u0117s prie\u017ei\u016brai\"},\"image\":{\"@id\":\"https:\\\/\\\/anivet.lt\\\/elparduotuve\\\/#\\\/schema\\\/logo\\\/image\\\/\"}}]}<\/script>\n<!-- \/ Yoast SEO Premium plugin. -->","yoast_head_json":{"title":"RAW PALEO Adult Cat Turkey &amp; Chicken sausas maistas kat\u0117ms su kalakutiena\/vi\u0161tiena - anivet.lt","description":"Subalansuotas ir itin skanus pa\u0161aras suaugusioms kat\u0117ms nuo vieneri\u0173 met\u0173. \u0160is pa\u0161aras puikiai tinka kat\u0117ms, kurioms svarbu nat\u016bral\u016bs ingredientai ir auk\u0161ta kokyb\u0117. Pagrindin\u0117 sud\u0117tis apima \u0161vie\u017eiai paruo\u0161t\u0105 kalakutien\u0105 ir vi\u0161tien\u0105, o gr\u016bdai pakeisti bulv\u0117mis kaip pagrindiniu angliavandeni\u0173 \u0161altiniu.","robots":{"index":"index","follow":"follow","max-snippet":"max-snippet:-1","max-image-preview":"max-image-preview:large","max-video-preview":"max-video-preview:-1"},"canonical":"https:\/\/anivet.lt\/elparduotuve\/produktas\/raw-paleo-adult-cat-turkey-chicken-sausas-maistas-katems-su-kalakutiena-vistiena\/","og_locale":"lt_LT","og_type":"article","og_title":"RAW PALEO Adult Cat Turkey &amp; Chicken sausas maistas kat\u0117ms su kalakutiena\/vi\u0161tiena","og_description":"Subalansuotas ir itin skanus pa\u0161aras suaugusioms kat\u0117ms nuo vieneri\u0173 met\u0173. \u0160is pa\u0161aras puikiai tinka kat\u0117ms, kurioms svarbu nat\u016bral\u016bs ingredientai ir auk\u0161ta kokyb\u0117. Pagrindin\u0117 sud\u0117tis apima \u0161vie\u017eiai paruo\u0161t\u0105 kalakutien\u0105 ir vi\u0161tien\u0105, o gr\u016bdai pakeisti bulv\u0117mis kaip pagrindiniu angliavandeni\u0173 \u0161altiniu.","og_url":"https:\/\/anivet.lt\/elparduotuve\/produktas\/raw-paleo-adult-cat-turkey-chicken-sausas-maistas-katems-su-kalakutiena-vistiena\/","og_site_name":"anivet.lt","article_modified_time":"2026-05-12T18:20:40+00:00","og_image":[{"width":768,"height":1005,"url":"https:\/\/anivet.lt\/elparduotuve\/wp-content\/uploads\/2023\/12\/RP_ADULT-CAT_2KG_20220921.jpg","type":"image\/jpeg"}],"twitter_card":"summary_large_image","twitter_misc":{"Est. reading time":"1 minut\u0117"},"schema":{"@context":"https:\/\/schema.org","@graph":[{"@type":"WebPage","@id":"https:\/\/anivet.lt\/elparduotuve\/produktas\/raw-paleo-adult-cat-turkey-chicken-sausas-maistas-katems-su-kalakutiena-vistiena\/","url":"https:\/\/anivet.lt\/elparduotuve\/produktas\/raw-paleo-adult-cat-turkey-chicken-sausas-maistas-katems-su-kalakutiena-vistiena\/","name":"RAW PALEO Adult Cat Turkey &amp; Chicken sausas maistas kat\u0117ms su kalakutiena\/vi\u0161tiena - anivet.lt","isPartOf":{"@id":"https:\/\/anivet.lt\/elparduotuve\/#website"},"primaryImageOfPage":{"@id":"https:\/\/anivet.lt\/elparduotuve\/produktas\/raw-paleo-adult-cat-turkey-chicken-sausas-maistas-katems-su-kalakutiena-vistiena\/#primaryimage"},"image":{"@id":"https:\/\/anivet.lt\/elparduotuve\/produktas\/raw-paleo-adult-cat-turkey-chicken-sausas-maistas-katems-su-kalakutiena-vistiena\/#primaryimage"},"thumbnailUrl":"https:\/\/anivet.lt\/elparduotuve\/wp-content\/uploads\/2023\/12\/RP_ADULT-CAT_2KG_20220921.jpg","datePublished":"2023-12-08T18:23:34+00:00","dateModified":"2026-05-12T18:20:40+00:00","description":"Subalansuotas ir itin skanus pa\u0161aras suaugusioms kat\u0117ms nuo vieneri\u0173 met\u0173. \u0160is pa\u0161aras puikiai tinka kat\u0117ms, kurioms svarbu nat\u016bral\u016bs ingredientai ir auk\u0161ta kokyb\u0117. Pagrindin\u0117 sud\u0117tis apima \u0161vie\u017eiai paruo\u0161t\u0105 kalakutien\u0105 ir vi\u0161tien\u0105, o gr\u016bdai pakeisti bulv\u0117mis kaip pagrindiniu angliavandeni\u0173 \u0161altiniu.","breadcrumb":{"@id":"https:\/\/anivet.lt\/elparduotuve\/produktas\/raw-paleo-adult-cat-turkey-chicken-sausas-maistas-katems-su-kalakutiena-vistiena\/#breadcrumb"},"inLanguage":"lt-LT","potentialAction":[{"@type":"ReadAction","target":["https:\/\/anivet.lt\/elparduotuve\/produktas\/raw-paleo-adult-cat-turkey-chicken-sausas-maistas-katems-su-kalakutiena-vistiena\/"]}]},{"@type":"ImageObject","inLanguage":"lt-LT","@id":"https:\/\/anivet.lt\/elparduotuve\/produktas\/raw-paleo-adult-cat-turkey-chicken-sausas-maistas-katems-su-kalakutiena-vistiena\/#primaryimage","url":"https:\/\/anivet.lt\/elparduotuve\/wp-content\/uploads\/2023\/12\/RP_ADULT-CAT_2KG_20220921.jpg","contentUrl":"https:\/\/anivet.lt\/elparduotuve\/wp-content\/uploads\/2023\/12\/RP_ADULT-CAT_2KG_20220921.jpg","width":768,"height":1005,"caption":"RAW PALEO Adult Cat Turkey &amp; Chicken sausas maistas kat\u0117ms su kalakutiena\/vi\u0161tiena"},{"@type":"BreadcrumbList","@id":"https:\/\/anivet.lt\/elparduotuve\/produktas\/raw-paleo-adult-cat-turkey-chicken-sausas-maistas-katems-su-kalakutiena-vistiena\/#breadcrumb","itemListElement":[{"@type":"ListItem","position":1,"name":"Home","item":"https:\/\/anivet.lt\/elparduotuve\/"},{"@type":"ListItem","position":2,"name":"Produktai","item":"https:\/\/anivet.lt\/elparduotuve\/produktai\/"},{"@type":"ListItem","position":3,"name":"RAW PALEO Adult Cat Turkey &amp; Chicken sausas maistas kat\u0117ms su kalakutiena\/vi\u0161tiena"}]},{"@type":"WebSite","@id":"https:\/\/anivet.lt\/elparduotuve\/#website","url":"https:\/\/anivet.lt\/elparduotuve\/","name":"anivet.lt","description":"Viskas J\u016bs\u0173 \u0161uns, kat\u0117s prie\u017ei\u016brai","publisher":{"@id":"https:\/\/anivet.lt\/elparduotuve\/#organization"},"alternateName":"Viskas J\u016bs\u0173 \u0161uns, kat\u0117s prie\u017ei\u016brai","potentialAction":[{"@type":"SearchAction","target":{"@type":"EntryPoint","urlTemplate":"https:\/\/anivet.lt\/elparduotuve\/?s={search_term_string}"},"query-input":{"@type":"PropertyValueSpecification","valueRequired":true,"valueName":"search_term_string"}}],"inLanguage":"lt-LT"},{"@type":"Organization","@id":"https:\/\/anivet.lt\/elparduotuve\/#organization","name":"Viskas J\u016bs\u0173 \u0161uns, kat\u0117s prie\u017ei\u016brai","url":"https:\/\/anivet.lt\/elparduotuve\/","logo":{"@type":"ImageObject","inLanguage":"lt-LT","@id":"https:\/\/anivet.lt\/elparduotuve\/#\/schema\/logo\/image\/","url":"https:\/\/anivet.lt\/elparduotuve\/wp-content\/uploads\/2023\/06\/logo2.jpg","contentUrl":"https:\/\/anivet.lt\/elparduotuve\/wp-content\/uploads\/2023\/06\/logo2.jpg","width":655,"height":194,"caption":"Viskas J\u016bs\u0173 \u0161uns, kat\u0117s prie\u017ei\u016brai"},"image":{"@id":"https:\/\/anivet.lt\/elparduotuve\/#\/schema\/logo\/image\/"}}]}},"_links":{"self":[{"href":"https:\/\/anivet.lt\/elparduotuve\/wp-json\/wp\/v2\/product\/12495","targetHints":{"allow":["GET"]}}],"collection":[{"href":"https:\/\/anivet.lt\/elparduotuve\/wp-json\/wp\/v2\/product"}],"about":[{"href":"https:\/\/anivet.lt\/elparduotuve\/wp-json\/wp\/v2\/types\/product"}],"wp:featuredmedia":[{"embeddable":true,"href":"https:\/\/anivet.lt\/elparduotuve\/wp-json\/wp\/v2\/media\/12496"}],"wp:attachment":[{"href":"https:\/\/anivet.lt\/elparduotuve\/wp-json\/wp\/v2\/media?parent=12495"}],"wp:term":[{"taxonomy":"product_brand","embeddable":true,"href":"https:\/\/anivet.lt\/elparduotuve\/wp-json\/wp\/v2\/product_brand?post=12495"},{"taxonomy":"product_cat","embeddable":true,"href":"https:\/\/anivet.lt\/elparduotuve\/wp-json\/wp\/v2\/product_cat?post=12495"},{"taxonomy":"product_tag","embeddable":true,"href":"https:\/\/anivet.lt\/elparduotuve\/wp-json\/wp\/v2\/product_tag?post=12495"}],"curies":[{"name":"wp","href":"https:\/\/api.w.org\/{rel}","templated":true}]}}