{"id":12522,"date":"2023-12-09T11:03:11","date_gmt":"2023-12-09T11:03:11","guid":{"rendered":"https:\/\/anivet.lt\/elparduotuve\/?post_type=product&#038;p=12522"},"modified":"2026-05-07T15:12:07","modified_gmt":"2026-05-07T15:12:07","slug":"raw-paleo-adult-mini-sausas-maistas-sunims-su-jautiena","status":"publish","type":"product","link":"https:\/\/anivet.lt\/elparduotuve\/produktas\/raw-paleo-adult-mini-sausas-maistas-sunims-su-jautiena\/","title":{"rendered":"RAW PALEO Ultra Adult Mini sausas maistas \u0161unims su jautiena"},"content":{"rendered":"<ul>\n<li><span style=\"font-weight: 400;\">Vieno baltymo \u0161altinis: Jautiena kaip vienintelis gyv\u016bnini\u0173 baltym\u0173 \u0161altinis, idealiai tinka jautriems ar alergi\u0161kiems \u0161unims.<\/span><\/li>\n<li><span style=\"font-weight: 400;\">Be gr\u016bd\u0173 ir \u017eirni\u0173: Nat\u016brali sud\u0117tis u\u017etikrina geresn\u012f vir\u0161kinim\u0105 ir suma\u017eina alergen\u0173 rizik\u0105.<\/span><\/li>\n<li><span style=\"font-weight: 400;\">Odos ir kailio sveikata: Agurkl\u0117s aliejus ir la\u0161i\u0161\u0173 aliejus padeda palaikyti odos ir kailio sveikat\u0105.<\/span><\/li>\n<li><span style=\"font-weight: 400;\">Probiotikai geram vir\u0161kinimui: Sud\u0117tyje yra Enterococcus faecium, palaikan\u010dio sveik\u0105 \u017earnyno mikroflor\u0105.<\/span><\/li>\n<li><span style=\"font-weight: 400;\">Pagaminta pagal auk\u0161tus standartus: Recept\u0105 suk\u016br\u0117 patyr\u0119 veterinarai ir mitybos specialistai, atsi\u017evelgdami \u012f ma\u017e\u0173 veisli\u0173 \u0161un\u0173 poreikius.<\/span><\/li>\n<\/ul>\n","protected":false},"excerpt":{"rendered":"<p><span style=\"font-weight: 400;\">Visavertis ir subalansuotas sausas pa\u0161aras ma\u017e\u0173 veisli\u0173 suaugusiems \u0161unims, kuris idealiai tinka augintiniams, turintiems jautri\u0105 vir\u0161kinimo sistem\u0105 ar alergijas. Pa\u0161aras praturtintas Omega-3 ir Omega-6 riebal\u0173 r\u016bg\u0161timis bei prebiotikais, u\u017etikrinan\u010diais ger\u0105 sveikat\u0105 ir optimal\u0173 vir\u0161kinim\u0105.<\/span><\/p>\n","protected":false},"featured_media":14033,"template":"","meta":[],"product_brand":[],"product_cat":[101,103,104,336],"product_tag":[],"class_list":{"0":"post-12522","1":"product","2":"type-product","3":"status-publish","4":"has-post-thumbnail","6":"product_cat-sunims","7":"product_cat-sunu-maistas","8":"product_cat-sausas-maistas","9":"product_cat-raw-paleo-sunu-maistas","10":"pa_prekinis-zenklas-raw-paleo","12":"first","13":"instock","14":"taxable","15":"shipping-taxable","16":"purchasable","17":"product-type-variable"},"yoast_head":"<!-- This site is optimized with the Yoast SEO Premium plugin v27.1 (Yoast SEO v27.5) - https:\/\/yoast.com\/product\/yoast-seo-premium-wordpress\/ -->\n<title>RAW PALEO Ultra Adult Mini sausas maistas \u0161unims su jautiena - anivet.lt<\/title>\n<meta name=\"description\" content=\"Visavertis ir subalansuotas sausas pa\u0161aras ma\u017e\u0173 veisli\u0173 suaugusiems \u0161unims, kuris idealiai tinka augintiniams, turintiems jautri\u0105 vir\u0161kinimo sistem\u0105 ar alergijas. Pa\u0161aras praturtintas Omega-3 ir Omega-6 riebal\u0173 r\u016bg\u0161timis bei prebiotikais, u\u017etikrinan\u010diais ger\u0105 sveikat\u0105 ir optimal\u0173 vir\u0161kinim\u0105.\" \/>\n<meta name=\"robots\" content=\"index, follow, max-snippet:-1, max-image-preview:large, max-video-preview:-1\" \/>\n<link rel=\"canonical\" href=\"https:\/\/anivet.lt\/elparduotuve\/produktas\/raw-paleo-adult-mini-sausas-maistas-sunims-su-jautiena\/\" \/>\n<meta property=\"og:locale\" content=\"lt_LT\" \/>\n<meta property=\"og:type\" content=\"article\" \/>\n<meta property=\"og:title\" content=\"RAW PALEO Ultra Adult Mini sausas maistas \u0161unims su jautiena\" \/>\n<meta property=\"og:description\" content=\"Visavertis ir subalansuotas sausas pa\u0161aras ma\u017e\u0173 veisli\u0173 suaugusiems \u0161unims, kuris idealiai tinka augintiniams, turintiems jautri\u0105 vir\u0161kinimo sistem\u0105 ar alergijas. Pa\u0161aras praturtintas Omega-3 ir Omega-6 riebal\u0173 r\u016bg\u0161timis bei prebiotikais, u\u017etikrinan\u010diais ger\u0105 sveikat\u0105 ir optimal\u0173 vir\u0161kinim\u0105.\" \/>\n<meta property=\"og:url\" content=\"https:\/\/anivet.lt\/elparduotuve\/produktas\/raw-paleo-adult-mini-sausas-maistas-sunims-su-jautiena\/\" \/>\n<meta property=\"og:site_name\" content=\"anivet.lt\" \/>\n<meta property=\"article:modified_time\" content=\"2026-05-07T15:12:07+00:00\" \/>\n<meta property=\"og:image\" content=\"https:\/\/anivet.lt\/elparduotuve\/wp-content\/uploads\/2023\/12\/RP-ULTRA-BEEF-MINI-ADULT-2kg.jpg\" \/>\n\t<meta property=\"og:image:width\" content=\"650\" \/>\n\t<meta property=\"og:image:height\" content=\"851\" \/>\n\t<meta property=\"og:image:type\" content=\"image\/jpeg\" \/>\n<meta name=\"twitter:card\" content=\"summary_large_image\" \/>\n<meta name=\"twitter:label1\" content=\"Est. reading time\" \/>\n\t<meta name=\"twitter:data1\" content=\"1 minut\u0117\" \/>\n<script type=\"application\/ld+json\" class=\"yoast-schema-graph\">{\"@context\":\"https:\\\/\\\/schema.org\",\"@graph\":[{\"@type\":\"WebPage\",\"@id\":\"https:\\\/\\\/anivet.lt\\\/elparduotuve\\\/produktas\\\/raw-paleo-adult-mini-sausas-maistas-sunims-su-jautiena\\\/\",\"url\":\"https:\\\/\\\/anivet.lt\\\/elparduotuve\\\/produktas\\\/raw-paleo-adult-mini-sausas-maistas-sunims-su-jautiena\\\/\",\"name\":\"RAW PALEO Ultra Adult Mini sausas maistas \u0161unims su jautiena - anivet.lt\",\"isPartOf\":{\"@id\":\"https:\\\/\\\/anivet.lt\\\/elparduotuve\\\/#website\"},\"primaryImageOfPage\":{\"@id\":\"https:\\\/\\\/anivet.lt\\\/elparduotuve\\\/produktas\\\/raw-paleo-adult-mini-sausas-maistas-sunims-su-jautiena\\\/#primaryimage\"},\"image\":{\"@id\":\"https:\\\/\\\/anivet.lt\\\/elparduotuve\\\/produktas\\\/raw-paleo-adult-mini-sausas-maistas-sunims-su-jautiena\\\/#primaryimage\"},\"thumbnailUrl\":\"https:\\\/\\\/anivet.lt\\\/elparduotuve\\\/wp-content\\\/uploads\\\/2023\\\/12\\\/RP-ULTRA-BEEF-MINI-ADULT-2kg.jpg\",\"datePublished\":\"2023-12-09T11:03:11+00:00\",\"dateModified\":\"2026-05-07T15:12:07+00:00\",\"description\":\"Visavertis ir subalansuotas sausas pa\u0161aras ma\u017e\u0173 veisli\u0173 suaugusiems \u0161unims, kuris idealiai tinka augintiniams, turintiems jautri\u0105 vir\u0161kinimo sistem\u0105 ar alergijas. Pa\u0161aras praturtintas Omega-3 ir Omega-6 riebal\u0173 r\u016bg\u0161timis bei prebiotikais, u\u017etikrinan\u010diais ger\u0105 sveikat\u0105 ir optimal\u0173 vir\u0161kinim\u0105.\",\"breadcrumb\":{\"@id\":\"https:\\\/\\\/anivet.lt\\\/elparduotuve\\\/produktas\\\/raw-paleo-adult-mini-sausas-maistas-sunims-su-jautiena\\\/#breadcrumb\"},\"inLanguage\":\"lt-LT\",\"potentialAction\":[{\"@type\":\"ReadAction\",\"target\":[\"https:\\\/\\\/anivet.lt\\\/elparduotuve\\\/produktas\\\/raw-paleo-adult-mini-sausas-maistas-sunims-su-jautiena\\\/\"]}]},{\"@type\":\"ImageObject\",\"inLanguage\":\"lt-LT\",\"@id\":\"https:\\\/\\\/anivet.lt\\\/elparduotuve\\\/produktas\\\/raw-paleo-adult-mini-sausas-maistas-sunims-su-jautiena\\\/#primaryimage\",\"url\":\"https:\\\/\\\/anivet.lt\\\/elparduotuve\\\/wp-content\\\/uploads\\\/2023\\\/12\\\/RP-ULTRA-BEEF-MINI-ADULT-2kg.jpg\",\"contentUrl\":\"https:\\\/\\\/anivet.lt\\\/elparduotuve\\\/wp-content\\\/uploads\\\/2023\\\/12\\\/RP-ULTRA-BEEF-MINI-ADULT-2kg.jpg\",\"width\":650,\"height\":851,\"caption\":\"RAW PALEO Ultra Adult Mini sausas maistas \u0161unims su jautiena\"},{\"@type\":\"BreadcrumbList\",\"@id\":\"https:\\\/\\\/anivet.lt\\\/elparduotuve\\\/produktas\\\/raw-paleo-adult-mini-sausas-maistas-sunims-su-jautiena\\\/#breadcrumb\",\"itemListElement\":[{\"@type\":\"ListItem\",\"position\":1,\"name\":\"Home\",\"item\":\"https:\\\/\\\/anivet.lt\\\/elparduotuve\\\/\"},{\"@type\":\"ListItem\",\"position\":2,\"name\":\"Produktai\",\"item\":\"https:\\\/\\\/anivet.lt\\\/elparduotuve\\\/produktai\\\/\"},{\"@type\":\"ListItem\",\"position\":3,\"name\":\"RAW PALEO Ultra Adult Mini sausas maistas \u0161unims su jautiena\"}]},{\"@type\":\"WebSite\",\"@id\":\"https:\\\/\\\/anivet.lt\\\/elparduotuve\\\/#website\",\"url\":\"https:\\\/\\\/anivet.lt\\\/elparduotuve\\\/\",\"name\":\"anivet.lt\",\"description\":\"Viskas J\u016bs\u0173 \u0161uns, kat\u0117s prie\u017ei\u016brai\",\"publisher\":{\"@id\":\"https:\\\/\\\/anivet.lt\\\/elparduotuve\\\/#organization\"},\"alternateName\":\"Viskas J\u016bs\u0173 \u0161uns, kat\u0117s prie\u017ei\u016brai\",\"potentialAction\":[{\"@type\":\"SearchAction\",\"target\":{\"@type\":\"EntryPoint\",\"urlTemplate\":\"https:\\\/\\\/anivet.lt\\\/elparduotuve\\\/?s={search_term_string}\"},\"query-input\":{\"@type\":\"PropertyValueSpecification\",\"valueRequired\":true,\"valueName\":\"search_term_string\"}}],\"inLanguage\":\"lt-LT\"},{\"@type\":\"Organization\",\"@id\":\"https:\\\/\\\/anivet.lt\\\/elparduotuve\\\/#organization\",\"name\":\"Viskas J\u016bs\u0173 \u0161uns, kat\u0117s prie\u017ei\u016brai\",\"url\":\"https:\\\/\\\/anivet.lt\\\/elparduotuve\\\/\",\"logo\":{\"@type\":\"ImageObject\",\"inLanguage\":\"lt-LT\",\"@id\":\"https:\\\/\\\/anivet.lt\\\/elparduotuve\\\/#\\\/schema\\\/logo\\\/image\\\/\",\"url\":\"https:\\\/\\\/anivet.lt\\\/elparduotuve\\\/wp-content\\\/uploads\\\/2023\\\/06\\\/logo2.jpg\",\"contentUrl\":\"https:\\\/\\\/anivet.lt\\\/elparduotuve\\\/wp-content\\\/uploads\\\/2023\\\/06\\\/logo2.jpg\",\"width\":655,\"height\":194,\"caption\":\"Viskas J\u016bs\u0173 \u0161uns, kat\u0117s prie\u017ei\u016brai\"},\"image\":{\"@id\":\"https:\\\/\\\/anivet.lt\\\/elparduotuve\\\/#\\\/schema\\\/logo\\\/image\\\/\"}}]}<\/script>\n<!-- \/ Yoast SEO Premium plugin. -->","yoast_head_json":{"title":"RAW PALEO Ultra Adult Mini sausas maistas \u0161unims su jautiena - anivet.lt","description":"Visavertis ir subalansuotas sausas pa\u0161aras ma\u017e\u0173 veisli\u0173 suaugusiems \u0161unims, kuris idealiai tinka augintiniams, turintiems jautri\u0105 vir\u0161kinimo sistem\u0105 ar alergijas. Pa\u0161aras praturtintas Omega-3 ir Omega-6 riebal\u0173 r\u016bg\u0161timis bei prebiotikais, u\u017etikrinan\u010diais ger\u0105 sveikat\u0105 ir optimal\u0173 vir\u0161kinim\u0105.","robots":{"index":"index","follow":"follow","max-snippet":"max-snippet:-1","max-image-preview":"max-image-preview:large","max-video-preview":"max-video-preview:-1"},"canonical":"https:\/\/anivet.lt\/elparduotuve\/produktas\/raw-paleo-adult-mini-sausas-maistas-sunims-su-jautiena\/","og_locale":"lt_LT","og_type":"article","og_title":"RAW PALEO Ultra Adult Mini sausas maistas \u0161unims su jautiena","og_description":"Visavertis ir subalansuotas sausas pa\u0161aras ma\u017e\u0173 veisli\u0173 suaugusiems \u0161unims, kuris idealiai tinka augintiniams, turintiems jautri\u0105 vir\u0161kinimo sistem\u0105 ar alergijas. Pa\u0161aras praturtintas Omega-3 ir Omega-6 riebal\u0173 r\u016bg\u0161timis bei prebiotikais, u\u017etikrinan\u010diais ger\u0105 sveikat\u0105 ir optimal\u0173 vir\u0161kinim\u0105.","og_url":"https:\/\/anivet.lt\/elparduotuve\/produktas\/raw-paleo-adult-mini-sausas-maistas-sunims-su-jautiena\/","og_site_name":"anivet.lt","article_modified_time":"2026-05-07T15:12:07+00:00","og_image":[{"width":650,"height":851,"url":"https:\/\/anivet.lt\/elparduotuve\/wp-content\/uploads\/2023\/12\/RP-ULTRA-BEEF-MINI-ADULT-2kg.jpg","type":"image\/jpeg"}],"twitter_card":"summary_large_image","twitter_misc":{"Est. reading time":"1 minut\u0117"},"schema":{"@context":"https:\/\/schema.org","@graph":[{"@type":"WebPage","@id":"https:\/\/anivet.lt\/elparduotuve\/produktas\/raw-paleo-adult-mini-sausas-maistas-sunims-su-jautiena\/","url":"https:\/\/anivet.lt\/elparduotuve\/produktas\/raw-paleo-adult-mini-sausas-maistas-sunims-su-jautiena\/","name":"RAW PALEO Ultra Adult Mini sausas maistas \u0161unims su jautiena - anivet.lt","isPartOf":{"@id":"https:\/\/anivet.lt\/elparduotuve\/#website"},"primaryImageOfPage":{"@id":"https:\/\/anivet.lt\/elparduotuve\/produktas\/raw-paleo-adult-mini-sausas-maistas-sunims-su-jautiena\/#primaryimage"},"image":{"@id":"https:\/\/anivet.lt\/elparduotuve\/produktas\/raw-paleo-adult-mini-sausas-maistas-sunims-su-jautiena\/#primaryimage"},"thumbnailUrl":"https:\/\/anivet.lt\/elparduotuve\/wp-content\/uploads\/2023\/12\/RP-ULTRA-BEEF-MINI-ADULT-2kg.jpg","datePublished":"2023-12-09T11:03:11+00:00","dateModified":"2026-05-07T15:12:07+00:00","description":"Visavertis ir subalansuotas sausas pa\u0161aras ma\u017e\u0173 veisli\u0173 suaugusiems \u0161unims, kuris idealiai tinka augintiniams, turintiems jautri\u0105 vir\u0161kinimo sistem\u0105 ar alergijas. Pa\u0161aras praturtintas Omega-3 ir Omega-6 riebal\u0173 r\u016bg\u0161timis bei prebiotikais, u\u017etikrinan\u010diais ger\u0105 sveikat\u0105 ir optimal\u0173 vir\u0161kinim\u0105.","breadcrumb":{"@id":"https:\/\/anivet.lt\/elparduotuve\/produktas\/raw-paleo-adult-mini-sausas-maistas-sunims-su-jautiena\/#breadcrumb"},"inLanguage":"lt-LT","potentialAction":[{"@type":"ReadAction","target":["https:\/\/anivet.lt\/elparduotuve\/produktas\/raw-paleo-adult-mini-sausas-maistas-sunims-su-jautiena\/"]}]},{"@type":"ImageObject","inLanguage":"lt-LT","@id":"https:\/\/anivet.lt\/elparduotuve\/produktas\/raw-paleo-adult-mini-sausas-maistas-sunims-su-jautiena\/#primaryimage","url":"https:\/\/anivet.lt\/elparduotuve\/wp-content\/uploads\/2023\/12\/RP-ULTRA-BEEF-MINI-ADULT-2kg.jpg","contentUrl":"https:\/\/anivet.lt\/elparduotuve\/wp-content\/uploads\/2023\/12\/RP-ULTRA-BEEF-MINI-ADULT-2kg.jpg","width":650,"height":851,"caption":"RAW PALEO Ultra Adult Mini sausas maistas \u0161unims su jautiena"},{"@type":"BreadcrumbList","@id":"https:\/\/anivet.lt\/elparduotuve\/produktas\/raw-paleo-adult-mini-sausas-maistas-sunims-su-jautiena\/#breadcrumb","itemListElement":[{"@type":"ListItem","position":1,"name":"Home","item":"https:\/\/anivet.lt\/elparduotuve\/"},{"@type":"ListItem","position":2,"name":"Produktai","item":"https:\/\/anivet.lt\/elparduotuve\/produktai\/"},{"@type":"ListItem","position":3,"name":"RAW PALEO Ultra Adult Mini sausas maistas \u0161unims su jautiena"}]},{"@type":"WebSite","@id":"https:\/\/anivet.lt\/elparduotuve\/#website","url":"https:\/\/anivet.lt\/elparduotuve\/","name":"anivet.lt","description":"Viskas J\u016bs\u0173 \u0161uns, kat\u0117s prie\u017ei\u016brai","publisher":{"@id":"https:\/\/anivet.lt\/elparduotuve\/#organization"},"alternateName":"Viskas J\u016bs\u0173 \u0161uns, kat\u0117s prie\u017ei\u016brai","potentialAction":[{"@type":"SearchAction","target":{"@type":"EntryPoint","urlTemplate":"https:\/\/anivet.lt\/elparduotuve\/?s={search_term_string}"},"query-input":{"@type":"PropertyValueSpecification","valueRequired":true,"valueName":"search_term_string"}}],"inLanguage":"lt-LT"},{"@type":"Organization","@id":"https:\/\/anivet.lt\/elparduotuve\/#organization","name":"Viskas J\u016bs\u0173 \u0161uns, kat\u0117s prie\u017ei\u016brai","url":"https:\/\/anivet.lt\/elparduotuve\/","logo":{"@type":"ImageObject","inLanguage":"lt-LT","@id":"https:\/\/anivet.lt\/elparduotuve\/#\/schema\/logo\/image\/","url":"https:\/\/anivet.lt\/elparduotuve\/wp-content\/uploads\/2023\/06\/logo2.jpg","contentUrl":"https:\/\/anivet.lt\/elparduotuve\/wp-content\/uploads\/2023\/06\/logo2.jpg","width":655,"height":194,"caption":"Viskas J\u016bs\u0173 \u0161uns, kat\u0117s prie\u017ei\u016brai"},"image":{"@id":"https:\/\/anivet.lt\/elparduotuve\/#\/schema\/logo\/image\/"}}]}},"_links":{"self":[{"href":"https:\/\/anivet.lt\/elparduotuve\/wp-json\/wp\/v2\/product\/12522","targetHints":{"allow":["GET"]}}],"collection":[{"href":"https:\/\/anivet.lt\/elparduotuve\/wp-json\/wp\/v2\/product"}],"about":[{"href":"https:\/\/anivet.lt\/elparduotuve\/wp-json\/wp\/v2\/types\/product"}],"wp:featuredmedia":[{"embeddable":true,"href":"https:\/\/anivet.lt\/elparduotuve\/wp-json\/wp\/v2\/media\/14033"}],"wp:attachment":[{"href":"https:\/\/anivet.lt\/elparduotuve\/wp-json\/wp\/v2\/media?parent=12522"}],"wp:term":[{"taxonomy":"product_brand","embeddable":true,"href":"https:\/\/anivet.lt\/elparduotuve\/wp-json\/wp\/v2\/product_brand?post=12522"},{"taxonomy":"product_cat","embeddable":true,"href":"https:\/\/anivet.lt\/elparduotuve\/wp-json\/wp\/v2\/product_cat?post=12522"},{"taxonomy":"product_tag","embeddable":true,"href":"https:\/\/anivet.lt\/elparduotuve\/wp-json\/wp\/v2\/product_tag?post=12522"}],"curies":[{"name":"wp","href":"https:\/\/api.w.org\/{rel}","templated":true}]}}