{"id":12568,"date":"2023-12-27T21:42:26","date_gmt":"2023-12-27T21:42:26","guid":{"rendered":"https:\/\/anivet.lt\/elparduotuve\/?post_type=product&#038;p=12568"},"modified":"2026-02-23T16:06:10","modified_gmt":"2026-02-23T16:06:10","slug":"virbac-adult-dog-small-toy-maistas-mazu-veisliu-sunims","status":"publish","type":"product","link":"https:\/\/anivet.lt\/elparduotuve\/produktas\/virbac-adult-dog-small-toy-maistas-mazu-veisliu-sunims\/","title":{"rendered":"Virbac Adult Dog Small &amp; Toy maistas ma\u017e\u0173 veisli\u0173 \u0161unims"},"content":{"rendered":"<ul>\n<li style=\"font-weight: 400;\" aria-level=\"1\"><span style=\"font-weight: 400;\">Specialiai ma\u017eoms veisl\u0117ms: Pa\u0161aro granul\u0117s dydis (10,5 mm) pritaikytas ma\u017e\u0173 ir nyk\u0161tukini\u0173 \u0161un\u0173 poreikiams.<\/span><\/li>\n<li style=\"font-weight: 400;\" aria-level=\"1\"><span style=\"font-weight: 400;\">Auk\u0161tos kokyb\u0117s baltymai: Sud\u0117tyje yra kiaulienos ir pauk\u0161tienos baltym\u0173, kurie u\u017etikrina raumen\u0173 palaikym\u0105 ir bendr\u0105 organizmo stiprum\u0105.<\/span><\/li>\n<li style=\"font-weight: 400;\" aria-level=\"1\"><span style=\"font-weight: 400;\">Sveikam vir\u0161kinimui: Sud\u0117tyje esantys gyslo\u010dio s\u0117kl\u0173 luobel\u0117s ir fruktooligosacharidai padeda palaikyti sveik\u0105 \u017earnyno mikroflor\u0105.<\/span><\/li>\n<li style=\"font-weight: 400;\" aria-level=\"1\"><span style=\"font-weight: 400;\">Oda ir kailis: Omega-3 ir omega-6 riebal\u0173 r\u016bg\u0161tys prisideda prie sveikos odos ir blizgan\u010dio kailio.<\/span><\/li>\n<li style=\"font-weight: 400;\" aria-level=\"1\"><span style=\"font-weight: 400;\">Papildomas palaikymas: Pa\u0161aras praturtintas L-karnitinu, kuris skatina energijos i\u0161 riebal\u0173 i\u0161gavim\u0105 ir padeda palaikyti optimal\u0173 k\u016bno svor\u012f.<\/span><\/li>\n<\/ul>\n<p><span style=\"font-weight: 400;\">\u201eVirbac Adult Dog Small &amp; Toy\u201d pa\u0161aras sukurtas atsi\u017evelgiant \u012f specifinius ma\u017e\u0173 ir nyk\u0161tukini\u0173 veisli\u0173 \u0161un\u0173 poreikius, siekiant u\u017etikrinti j\u0173 sveik\u0105 vir\u0161kinim\u0105, energingum\u0105 ir puiki\u0105 bendr\u0105 savijaut\u0105. <\/span><\/p>\n","protected":false},"excerpt":{"rendered":"<p><span style=\"font-weight: 400;\">Visavertis sausas maistas, specialiai sukurtas ma\u017e\u0173 ir nyk\u0161tukini\u0173 veisli\u0173 \u0161unims, kuri\u0173 suaugusi\u0173 svoris nevir\u0161ija 10 kg. \u0160is pa\u0161aras pritaikytas suaugusiems \u0161unims nuo 10 m\u0117nesi\u0173 am\u017eiaus, u\u017etikrinant j\u0173 energijos ir maistini\u0173 med\u017eiag\u0173 poreikius.<\/span><\/p>\n","protected":false},"featured_media":18941,"template":"","meta":[],"product_brand":[],"product_cat":[101,103,104,337],"product_tag":[],"class_list":{"0":"post-12568","1":"product","2":"type-product","3":"status-publish","4":"has-post-thumbnail","6":"product_cat-sunims","7":"product_cat-sunu-maistas","8":"product_cat-sausas-maistas","9":"product_cat-virbac-sunu-maistas","10":"pa_prekinis-zenklas-virbac","12":"first","13":"instock","14":"taxable","15":"shipping-taxable","16":"purchasable","17":"product-type-variable"},"yoast_head":"<!-- This site is optimized with the Yoast SEO Premium plugin v27.1 (Yoast SEO v27.5) - https:\/\/yoast.com\/product\/yoast-seo-premium-wordpress\/ -->\n<title>Virbac Adult Dog Small &amp; Toy maistas ma\u017e\u0173 veisli\u0173 \u0161unims - anivet.lt<\/title>\n<meta name=\"description\" content=\"Visavertis sausas maistas, specialiai sukurtas ma\u017e\u0173 ir nyk\u0161tukini\u0173 veisli\u0173 \u0161unims, kuri\u0173 suaugusi\u0173 svoris nevir\u0161ija 10 kg. \u0160is pa\u0161aras pritaikytas suaugusiems \u0161unims nuo 10 m\u0117nesi\u0173 am\u017eiaus, u\u017etikrinant j\u0173 energijos ir maistini\u0173 med\u017eiag\u0173 poreikius.\" \/>\n<meta name=\"robots\" content=\"index, follow, max-snippet:-1, max-image-preview:large, max-video-preview:-1\" \/>\n<link rel=\"canonical\" href=\"https:\/\/anivet.lt\/elparduotuve\/produktas\/virbac-adult-dog-small-toy-maistas-mazu-veisliu-sunims\/\" \/>\n<meta property=\"og:locale\" content=\"lt_LT\" \/>\n<meta property=\"og:type\" content=\"article\" \/>\n<meta property=\"og:title\" content=\"Virbac Adult Dog Small &amp; Toy maistas ma\u017e\u0173 veisli\u0173 \u0161unims\" \/>\n<meta property=\"og:description\" content=\"Visavertis sausas maistas, specialiai sukurtas ma\u017e\u0173 ir nyk\u0161tukini\u0173 veisli\u0173 \u0161unims, kuri\u0173 suaugusi\u0173 svoris nevir\u0161ija 10 kg. \u0160is pa\u0161aras pritaikytas suaugusiems \u0161unims nuo 10 m\u0117nesi\u0173 am\u017eiaus, u\u017etikrinant j\u0173 energijos ir maistini\u0173 med\u017eiag\u0173 poreikius.\" \/>\n<meta property=\"og:url\" content=\"https:\/\/anivet.lt\/elparduotuve\/produktas\/virbac-adult-dog-small-toy-maistas-mazu-veisliu-sunims\/\" \/>\n<meta property=\"og:site_name\" content=\"anivet.lt\" \/>\n<meta property=\"article:modified_time\" content=\"2026-02-23T16:06:10+00:00\" \/>\n<meta property=\"og:image\" content=\"https:\/\/anivet.lt\/elparduotuve\/wp-content\/uploads\/2023\/12\/Virbac-Adult-Dog-Small-amp-Toy-maistas-mazu-veisliu-sunims.jpg\" \/>\n\t<meta property=\"og:image:width\" content=\"600\" \/>\n\t<meta property=\"og:image:height\" content=\"600\" \/>\n\t<meta property=\"og:image:type\" content=\"image\/jpeg\" \/>\n<meta name=\"twitter:card\" content=\"summary_large_image\" \/>\n<meta name=\"twitter:label1\" content=\"Est. reading time\" \/>\n\t<meta name=\"twitter:data1\" content=\"1 minut\u0117\" \/>\n<script type=\"application\/ld+json\" class=\"yoast-schema-graph\">{\"@context\":\"https:\\\/\\\/schema.org\",\"@graph\":[{\"@type\":\"WebPage\",\"@id\":\"https:\\\/\\\/anivet.lt\\\/elparduotuve\\\/produktas\\\/virbac-adult-dog-small-toy-maistas-mazu-veisliu-sunims\\\/\",\"url\":\"https:\\\/\\\/anivet.lt\\\/elparduotuve\\\/produktas\\\/virbac-adult-dog-small-toy-maistas-mazu-veisliu-sunims\\\/\",\"name\":\"Virbac Adult Dog Small &amp; Toy maistas ma\u017e\u0173 veisli\u0173 \u0161unims - anivet.lt\",\"isPartOf\":{\"@id\":\"https:\\\/\\\/anivet.lt\\\/elparduotuve\\\/#website\"},\"primaryImageOfPage\":{\"@id\":\"https:\\\/\\\/anivet.lt\\\/elparduotuve\\\/produktas\\\/virbac-adult-dog-small-toy-maistas-mazu-veisliu-sunims\\\/#primaryimage\"},\"image\":{\"@id\":\"https:\\\/\\\/anivet.lt\\\/elparduotuve\\\/produktas\\\/virbac-adult-dog-small-toy-maistas-mazu-veisliu-sunims\\\/#primaryimage\"},\"thumbnailUrl\":\"https:\\\/\\\/anivet.lt\\\/elparduotuve\\\/wp-content\\\/uploads\\\/2023\\\/12\\\/Virbac-Adult-Dog-Small-amp-Toy-maistas-mazu-veisliu-sunims.jpg\",\"datePublished\":\"2023-12-27T21:42:26+00:00\",\"dateModified\":\"2026-02-23T16:06:10+00:00\",\"description\":\"Visavertis sausas maistas, specialiai sukurtas ma\u017e\u0173 ir nyk\u0161tukini\u0173 veisli\u0173 \u0161unims, kuri\u0173 suaugusi\u0173 svoris nevir\u0161ija 10 kg. \u0160is pa\u0161aras pritaikytas suaugusiems \u0161unims nuo 10 m\u0117nesi\u0173 am\u017eiaus, u\u017etikrinant j\u0173 energijos ir maistini\u0173 med\u017eiag\u0173 poreikius.\",\"breadcrumb\":{\"@id\":\"https:\\\/\\\/anivet.lt\\\/elparduotuve\\\/produktas\\\/virbac-adult-dog-small-toy-maistas-mazu-veisliu-sunims\\\/#breadcrumb\"},\"inLanguage\":\"lt-LT\",\"potentialAction\":[{\"@type\":\"ReadAction\",\"target\":[\"https:\\\/\\\/anivet.lt\\\/elparduotuve\\\/produktas\\\/virbac-adult-dog-small-toy-maistas-mazu-veisliu-sunims\\\/\"]}]},{\"@type\":\"ImageObject\",\"inLanguage\":\"lt-LT\",\"@id\":\"https:\\\/\\\/anivet.lt\\\/elparduotuve\\\/produktas\\\/virbac-adult-dog-small-toy-maistas-mazu-veisliu-sunims\\\/#primaryimage\",\"url\":\"https:\\\/\\\/anivet.lt\\\/elparduotuve\\\/wp-content\\\/uploads\\\/2023\\\/12\\\/Virbac-Adult-Dog-Small-amp-Toy-maistas-mazu-veisliu-sunims.jpg\",\"contentUrl\":\"https:\\\/\\\/anivet.lt\\\/elparduotuve\\\/wp-content\\\/uploads\\\/2023\\\/12\\\/Virbac-Adult-Dog-Small-amp-Toy-maistas-mazu-veisliu-sunims.jpg\",\"width\":600,\"height\":600,\"caption\":\"Virbac Adult Dog Small &amp; Toy maistas ma\u017e\u0173 veisli\u0173 \u0161unims\"},{\"@type\":\"BreadcrumbList\",\"@id\":\"https:\\\/\\\/anivet.lt\\\/elparduotuve\\\/produktas\\\/virbac-adult-dog-small-toy-maistas-mazu-veisliu-sunims\\\/#breadcrumb\",\"itemListElement\":[{\"@type\":\"ListItem\",\"position\":1,\"name\":\"Home\",\"item\":\"https:\\\/\\\/anivet.lt\\\/elparduotuve\\\/\"},{\"@type\":\"ListItem\",\"position\":2,\"name\":\"Produktai\",\"item\":\"https:\\\/\\\/anivet.lt\\\/elparduotuve\\\/produktai\\\/\"},{\"@type\":\"ListItem\",\"position\":3,\"name\":\"Virbac Adult Dog Small &amp; Toy maistas ma\u017e\u0173 veisli\u0173 \u0161unims\"}]},{\"@type\":\"WebSite\",\"@id\":\"https:\\\/\\\/anivet.lt\\\/elparduotuve\\\/#website\",\"url\":\"https:\\\/\\\/anivet.lt\\\/elparduotuve\\\/\",\"name\":\"anivet.lt\",\"description\":\"Viskas J\u016bs\u0173 \u0161uns, kat\u0117s prie\u017ei\u016brai\",\"publisher\":{\"@id\":\"https:\\\/\\\/anivet.lt\\\/elparduotuve\\\/#organization\"},\"alternateName\":\"Viskas J\u016bs\u0173 \u0161uns, kat\u0117s prie\u017ei\u016brai\",\"potentialAction\":[{\"@type\":\"SearchAction\",\"target\":{\"@type\":\"EntryPoint\",\"urlTemplate\":\"https:\\\/\\\/anivet.lt\\\/elparduotuve\\\/?s={search_term_string}\"},\"query-input\":{\"@type\":\"PropertyValueSpecification\",\"valueRequired\":true,\"valueName\":\"search_term_string\"}}],\"inLanguage\":\"lt-LT\"},{\"@type\":\"Organization\",\"@id\":\"https:\\\/\\\/anivet.lt\\\/elparduotuve\\\/#organization\",\"name\":\"Viskas J\u016bs\u0173 \u0161uns, kat\u0117s prie\u017ei\u016brai\",\"url\":\"https:\\\/\\\/anivet.lt\\\/elparduotuve\\\/\",\"logo\":{\"@type\":\"ImageObject\",\"inLanguage\":\"lt-LT\",\"@id\":\"https:\\\/\\\/anivet.lt\\\/elparduotuve\\\/#\\\/schema\\\/logo\\\/image\\\/\",\"url\":\"https:\\\/\\\/anivet.lt\\\/elparduotuve\\\/wp-content\\\/uploads\\\/2023\\\/06\\\/logo2.jpg\",\"contentUrl\":\"https:\\\/\\\/anivet.lt\\\/elparduotuve\\\/wp-content\\\/uploads\\\/2023\\\/06\\\/logo2.jpg\",\"width\":655,\"height\":194,\"caption\":\"Viskas J\u016bs\u0173 \u0161uns, kat\u0117s prie\u017ei\u016brai\"},\"image\":{\"@id\":\"https:\\\/\\\/anivet.lt\\\/elparduotuve\\\/#\\\/schema\\\/logo\\\/image\\\/\"}}]}<\/script>\n<!-- \/ Yoast SEO Premium plugin. -->","yoast_head_json":{"title":"Virbac Adult Dog Small &amp; Toy maistas ma\u017e\u0173 veisli\u0173 \u0161unims - anivet.lt","description":"Visavertis sausas maistas, specialiai sukurtas ma\u017e\u0173 ir nyk\u0161tukini\u0173 veisli\u0173 \u0161unims, kuri\u0173 suaugusi\u0173 svoris nevir\u0161ija 10 kg. \u0160is pa\u0161aras pritaikytas suaugusiems \u0161unims nuo 10 m\u0117nesi\u0173 am\u017eiaus, u\u017etikrinant j\u0173 energijos ir maistini\u0173 med\u017eiag\u0173 poreikius.","robots":{"index":"index","follow":"follow","max-snippet":"max-snippet:-1","max-image-preview":"max-image-preview:large","max-video-preview":"max-video-preview:-1"},"canonical":"https:\/\/anivet.lt\/elparduotuve\/produktas\/virbac-adult-dog-small-toy-maistas-mazu-veisliu-sunims\/","og_locale":"lt_LT","og_type":"article","og_title":"Virbac Adult Dog Small &amp; Toy maistas ma\u017e\u0173 veisli\u0173 \u0161unims","og_description":"Visavertis sausas maistas, specialiai sukurtas ma\u017e\u0173 ir nyk\u0161tukini\u0173 veisli\u0173 \u0161unims, kuri\u0173 suaugusi\u0173 svoris nevir\u0161ija 10 kg. \u0160is pa\u0161aras pritaikytas suaugusiems \u0161unims nuo 10 m\u0117nesi\u0173 am\u017eiaus, u\u017etikrinant j\u0173 energijos ir maistini\u0173 med\u017eiag\u0173 poreikius.","og_url":"https:\/\/anivet.lt\/elparduotuve\/produktas\/virbac-adult-dog-small-toy-maistas-mazu-veisliu-sunims\/","og_site_name":"anivet.lt","article_modified_time":"2026-02-23T16:06:10+00:00","og_image":[{"width":600,"height":600,"url":"https:\/\/anivet.lt\/elparduotuve\/wp-content\/uploads\/2023\/12\/Virbac-Adult-Dog-Small-amp-Toy-maistas-mazu-veisliu-sunims.jpg","type":"image\/jpeg"}],"twitter_card":"summary_large_image","twitter_misc":{"Est. reading time":"1 minut\u0117"},"schema":{"@context":"https:\/\/schema.org","@graph":[{"@type":"WebPage","@id":"https:\/\/anivet.lt\/elparduotuve\/produktas\/virbac-adult-dog-small-toy-maistas-mazu-veisliu-sunims\/","url":"https:\/\/anivet.lt\/elparduotuve\/produktas\/virbac-adult-dog-small-toy-maistas-mazu-veisliu-sunims\/","name":"Virbac Adult Dog Small &amp; Toy maistas ma\u017e\u0173 veisli\u0173 \u0161unims - anivet.lt","isPartOf":{"@id":"https:\/\/anivet.lt\/elparduotuve\/#website"},"primaryImageOfPage":{"@id":"https:\/\/anivet.lt\/elparduotuve\/produktas\/virbac-adult-dog-small-toy-maistas-mazu-veisliu-sunims\/#primaryimage"},"image":{"@id":"https:\/\/anivet.lt\/elparduotuve\/produktas\/virbac-adult-dog-small-toy-maistas-mazu-veisliu-sunims\/#primaryimage"},"thumbnailUrl":"https:\/\/anivet.lt\/elparduotuve\/wp-content\/uploads\/2023\/12\/Virbac-Adult-Dog-Small-amp-Toy-maistas-mazu-veisliu-sunims.jpg","datePublished":"2023-12-27T21:42:26+00:00","dateModified":"2026-02-23T16:06:10+00:00","description":"Visavertis sausas maistas, specialiai sukurtas ma\u017e\u0173 ir nyk\u0161tukini\u0173 veisli\u0173 \u0161unims, kuri\u0173 suaugusi\u0173 svoris nevir\u0161ija 10 kg. \u0160is pa\u0161aras pritaikytas suaugusiems \u0161unims nuo 10 m\u0117nesi\u0173 am\u017eiaus, u\u017etikrinant j\u0173 energijos ir maistini\u0173 med\u017eiag\u0173 poreikius.","breadcrumb":{"@id":"https:\/\/anivet.lt\/elparduotuve\/produktas\/virbac-adult-dog-small-toy-maistas-mazu-veisliu-sunims\/#breadcrumb"},"inLanguage":"lt-LT","potentialAction":[{"@type":"ReadAction","target":["https:\/\/anivet.lt\/elparduotuve\/produktas\/virbac-adult-dog-small-toy-maistas-mazu-veisliu-sunims\/"]}]},{"@type":"ImageObject","inLanguage":"lt-LT","@id":"https:\/\/anivet.lt\/elparduotuve\/produktas\/virbac-adult-dog-small-toy-maistas-mazu-veisliu-sunims\/#primaryimage","url":"https:\/\/anivet.lt\/elparduotuve\/wp-content\/uploads\/2023\/12\/Virbac-Adult-Dog-Small-amp-Toy-maistas-mazu-veisliu-sunims.jpg","contentUrl":"https:\/\/anivet.lt\/elparduotuve\/wp-content\/uploads\/2023\/12\/Virbac-Adult-Dog-Small-amp-Toy-maistas-mazu-veisliu-sunims.jpg","width":600,"height":600,"caption":"Virbac Adult Dog Small &amp; Toy maistas ma\u017e\u0173 veisli\u0173 \u0161unims"},{"@type":"BreadcrumbList","@id":"https:\/\/anivet.lt\/elparduotuve\/produktas\/virbac-adult-dog-small-toy-maistas-mazu-veisliu-sunims\/#breadcrumb","itemListElement":[{"@type":"ListItem","position":1,"name":"Home","item":"https:\/\/anivet.lt\/elparduotuve\/"},{"@type":"ListItem","position":2,"name":"Produktai","item":"https:\/\/anivet.lt\/elparduotuve\/produktai\/"},{"@type":"ListItem","position":3,"name":"Virbac Adult Dog Small &amp; Toy maistas ma\u017e\u0173 veisli\u0173 \u0161unims"}]},{"@type":"WebSite","@id":"https:\/\/anivet.lt\/elparduotuve\/#website","url":"https:\/\/anivet.lt\/elparduotuve\/","name":"anivet.lt","description":"Viskas J\u016bs\u0173 \u0161uns, kat\u0117s prie\u017ei\u016brai","publisher":{"@id":"https:\/\/anivet.lt\/elparduotuve\/#organization"},"alternateName":"Viskas J\u016bs\u0173 \u0161uns, kat\u0117s prie\u017ei\u016brai","potentialAction":[{"@type":"SearchAction","target":{"@type":"EntryPoint","urlTemplate":"https:\/\/anivet.lt\/elparduotuve\/?s={search_term_string}"},"query-input":{"@type":"PropertyValueSpecification","valueRequired":true,"valueName":"search_term_string"}}],"inLanguage":"lt-LT"},{"@type":"Organization","@id":"https:\/\/anivet.lt\/elparduotuve\/#organization","name":"Viskas J\u016bs\u0173 \u0161uns, kat\u0117s prie\u017ei\u016brai","url":"https:\/\/anivet.lt\/elparduotuve\/","logo":{"@type":"ImageObject","inLanguage":"lt-LT","@id":"https:\/\/anivet.lt\/elparduotuve\/#\/schema\/logo\/image\/","url":"https:\/\/anivet.lt\/elparduotuve\/wp-content\/uploads\/2023\/06\/logo2.jpg","contentUrl":"https:\/\/anivet.lt\/elparduotuve\/wp-content\/uploads\/2023\/06\/logo2.jpg","width":655,"height":194,"caption":"Viskas J\u016bs\u0173 \u0161uns, kat\u0117s prie\u017ei\u016brai"},"image":{"@id":"https:\/\/anivet.lt\/elparduotuve\/#\/schema\/logo\/image\/"}}]}},"_links":{"self":[{"href":"https:\/\/anivet.lt\/elparduotuve\/wp-json\/wp\/v2\/product\/12568","targetHints":{"allow":["GET"]}}],"collection":[{"href":"https:\/\/anivet.lt\/elparduotuve\/wp-json\/wp\/v2\/product"}],"about":[{"href":"https:\/\/anivet.lt\/elparduotuve\/wp-json\/wp\/v2\/types\/product"}],"wp:featuredmedia":[{"embeddable":true,"href":"https:\/\/anivet.lt\/elparduotuve\/wp-json\/wp\/v2\/media\/18941"}],"wp:attachment":[{"href":"https:\/\/anivet.lt\/elparduotuve\/wp-json\/wp\/v2\/media?parent=12568"}],"wp:term":[{"taxonomy":"product_brand","embeddable":true,"href":"https:\/\/anivet.lt\/elparduotuve\/wp-json\/wp\/v2\/product_brand?post=12568"},{"taxonomy":"product_cat","embeddable":true,"href":"https:\/\/anivet.lt\/elparduotuve\/wp-json\/wp\/v2\/product_cat?post=12568"},{"taxonomy":"product_tag","embeddable":true,"href":"https:\/\/anivet.lt\/elparduotuve\/wp-json\/wp\/v2\/product_tag?post=12568"}],"curies":[{"name":"wp","href":"https:\/\/api.w.org\/{rel}","templated":true}]}}