{"id":12574,"date":"2023-12-28T09:50:20","date_gmt":"2023-12-28T09:50:20","guid":{"rendered":"https:\/\/anivet.lt\/elparduotuve\/?post_type=product&#038;p=12574"},"modified":"2026-02-23T16:03:24","modified_gmt":"2026-02-23T16:03:24","slug":"virbac-adult-neutered-dog-small-toy-maistas-mazu-veisliu-sterilizuotiems-sunims","status":"publish","type":"product","link":"https:\/\/anivet.lt\/elparduotuve\/produktas\/virbac-adult-neutered-dog-small-toy-maistas-mazu-veisliu-sterilizuotiems-sunims\/","title":{"rendered":"Virbac Adult Neutered Dog Small &amp; Toy maistas ma\u017e\u0173 veisli\u0173 sterilizuotiems \u0161unims 7kg"},"content":{"rendered":"<ul>\n<li style=\"font-weight: 400;\" aria-level=\"1\"><span style=\"font-weight: 400;\">K\u016bno svorio kontrol\u0117: Suma\u017eintas riebal\u0173 kiekis (13,5%) ir praturtintas L-karnitinu (330 mg\/kg) padeda i\u0161vengti svorio priaugimo.<\/span><\/li>\n<li style=\"font-weight: 400;\" aria-level=\"1\"><span style=\"font-weight: 400;\">Sveiki s\u0105nariai: Chondroitino sulfatas (430 mg\/kg) prisideda prie s\u0105nari\u0173 sveikatos, ypa\u010d svarbios aktyviems ma\u017e\u0173 veisli\u0173 \u0161unims.<\/span><\/li>\n<li style=\"font-weight: 400;\" aria-level=\"1\"><span style=\"font-weight: 400;\">Odos ir kailio palaikymas: Omega-3 (0,9%) ir Omega-6 (2,2%) riebal\u0173 r\u016bg\u0161tys u\u017etikrina sveik\u0105 od\u0105 ir blizgant\u012f kail\u012f.<\/span><\/li>\n<li style=\"font-weight: 400;\" aria-level=\"1\"><span style=\"font-weight: 400;\">Vir\u0161kinimo palaikymas: Frukto-oligosacharidai ir pasterizuoti Lactobacillus acidophilus palaiko sveik\u0105 \u017earnyno mikroflor\u0105 ir gerina vir\u0161kinim\u0105.<\/span><\/li>\n<li style=\"font-weight: 400;\" aria-level=\"1\"><span style=\"font-weight: 400;\">Ma\u017e\u0173 veisli\u0173 poreikiams pritaikytos granul\u0117s: 10,5 mm granul\u0117s dydis idealiai tinka ma\u017e\u0173 veisli\u0173 \u0161un\u0173 \u017eandikauliams.<\/span><\/li>\n<\/ul>\n<p><span style=\"font-weight: 400;\">\u201eVirbac Adult Neutered Dog Small &amp; Toy\u201c \u2013 tai puikus sprendimas, padedantis sterilizuotiems ma\u017e\u0173 veisli\u0173 \u0161unims i\u0161likti energingiems ir sveikiems, i\u0161laikant optimal\u0173 svor\u012f bei ger\u0105 savijaut\u0105.<\/span><\/p>\n","protected":false},"excerpt":{"rendered":"<p><span style=\"font-weight: 400;\">Visavertis ir subalansuotas sausas pa\u0161aras, sukurtas ma\u017e\u0173 veisli\u0173 sterilizuotoms kal\u0117ms ir kastruotiems \u0161unims, vyresniems nei 10 m\u0117nesi\u0173, kuri\u0173 svoris ma\u017eesnis nei 10 kg. \u0160is pa\u0161aras padeda palaikyti optimal\u0173 k\u016bno svor\u012f ir bendr\u0105 sveikat\u0105.<\/span><\/p>\n","protected":false},"featured_media":19761,"template":"","meta":[],"product_brand":[],"product_cat":[101,103,104,337],"product_tag":[],"class_list":{"0":"post-12574","1":"product","2":"type-product","3":"status-publish","4":"has-post-thumbnail","6":"product_cat-sunims","7":"product_cat-sunu-maistas","8":"product_cat-sausas-maistas","9":"product_cat-virbac-sunu-maistas","10":"pa_prekinis-zenklas-virbac","12":"first","13":"instock","14":"taxable","15":"shipping-taxable","16":"purchasable","17":"product-type-simple"},"yoast_head":"<!-- This site is optimized with the Yoast SEO Premium plugin v27.1 (Yoast SEO v27.5) - https:\/\/yoast.com\/product\/yoast-seo-premium-wordpress\/ -->\n<title>Virbac Adult Neutered Dog Small &amp; Toy maistas ma\u017e\u0173 veisli\u0173 sterilizuotiems \u0161unims 7kg - anivet.lt<\/title>\n<meta name=\"description\" content=\"Visavertis ir subalansuotas sausas pa\u0161aras, sukurtas ma\u017e\u0173 veisli\u0173 sterilizuotoms kal\u0117ms ir kastruotiems \u0161unims, vyresniems nei 10 m\u0117nesi\u0173, kuri\u0173 svoris ma\u017eesnis nei 10 kg. \u0160is pa\u0161aras padeda palaikyti optimal\u0173 k\u016bno svor\u012f ir bendr\u0105 sveikat\u0105.\" \/>\n<meta name=\"robots\" content=\"index, follow, max-snippet:-1, max-image-preview:large, max-video-preview:-1\" \/>\n<link rel=\"canonical\" href=\"https:\/\/anivet.lt\/elparduotuve\/produktas\/virbac-adult-neutered-dog-small-toy-maistas-mazu-veisliu-sterilizuotiems-sunims\/\" \/>\n<meta property=\"og:locale\" content=\"lt_LT\" \/>\n<meta property=\"og:type\" content=\"article\" \/>\n<meta property=\"og:title\" content=\"Virbac Adult Neutered Dog Small &amp; Toy maistas ma\u017e\u0173 veisli\u0173 sterilizuotiems \u0161unims 7kg\" \/>\n<meta property=\"og:description\" content=\"Visavertis ir subalansuotas sausas pa\u0161aras, sukurtas ma\u017e\u0173 veisli\u0173 sterilizuotoms kal\u0117ms ir kastruotiems \u0161unims, vyresniems nei 10 m\u0117nesi\u0173, kuri\u0173 svoris ma\u017eesnis nei 10 kg. \u0160is pa\u0161aras padeda palaikyti optimal\u0173 k\u016bno svor\u012f ir bendr\u0105 sveikat\u0105.\" \/>\n<meta property=\"og:url\" content=\"https:\/\/anivet.lt\/elparduotuve\/produktas\/virbac-adult-neutered-dog-small-toy-maistas-mazu-veisliu-sterilizuotiems-sunims\/\" \/>\n<meta property=\"og:site_name\" content=\"anivet.lt\" \/>\n<meta property=\"article:modified_time\" content=\"2026-02-23T16:03:24+00:00\" \/>\n<meta property=\"og:image\" content=\"https:\/\/anivet.lt\/elparduotuve\/wp-content\/uploads\/2023\/12\/Virbac-Adult-Neutered-Dog-Small-amp-Toy-maistas-mazu-veisliu-sterilizuotiems-sunims-7kg.jpg\" \/>\n\t<meta property=\"og:image:width\" content=\"600\" \/>\n\t<meta property=\"og:image:height\" content=\"600\" \/>\n\t<meta property=\"og:image:type\" content=\"image\/jpeg\" \/>\n<meta name=\"twitter:card\" content=\"summary_large_image\" \/>\n<meta name=\"twitter:label1\" content=\"Est. reading time\" \/>\n\t<meta name=\"twitter:data1\" content=\"1 minut\u0117\" \/>\n<script type=\"application\/ld+json\" class=\"yoast-schema-graph\">{\"@context\":\"https:\\\/\\\/schema.org\",\"@graph\":[{\"@type\":\"WebPage\",\"@id\":\"https:\\\/\\\/anivet.lt\\\/elparduotuve\\\/produktas\\\/virbac-adult-neutered-dog-small-toy-maistas-mazu-veisliu-sterilizuotiems-sunims\\\/\",\"url\":\"https:\\\/\\\/anivet.lt\\\/elparduotuve\\\/produktas\\\/virbac-adult-neutered-dog-small-toy-maistas-mazu-veisliu-sterilizuotiems-sunims\\\/\",\"name\":\"Virbac Adult Neutered Dog Small &amp; Toy maistas ma\u017e\u0173 veisli\u0173 sterilizuotiems \u0161unims 7kg - anivet.lt\",\"isPartOf\":{\"@id\":\"https:\\\/\\\/anivet.lt\\\/elparduotuve\\\/#website\"},\"primaryImageOfPage\":{\"@id\":\"https:\\\/\\\/anivet.lt\\\/elparduotuve\\\/produktas\\\/virbac-adult-neutered-dog-small-toy-maistas-mazu-veisliu-sterilizuotiems-sunims\\\/#primaryimage\"},\"image\":{\"@id\":\"https:\\\/\\\/anivet.lt\\\/elparduotuve\\\/produktas\\\/virbac-adult-neutered-dog-small-toy-maistas-mazu-veisliu-sterilizuotiems-sunims\\\/#primaryimage\"},\"thumbnailUrl\":\"https:\\\/\\\/anivet.lt\\\/elparduotuve\\\/wp-content\\\/uploads\\\/2023\\\/12\\\/Virbac-Adult-Neutered-Dog-Small-amp-Toy-maistas-mazu-veisliu-sterilizuotiems-sunims-7kg.jpg\",\"datePublished\":\"2023-12-28T09:50:20+00:00\",\"dateModified\":\"2026-02-23T16:03:24+00:00\",\"description\":\"Visavertis ir subalansuotas sausas pa\u0161aras, sukurtas ma\u017e\u0173 veisli\u0173 sterilizuotoms kal\u0117ms ir kastruotiems \u0161unims, vyresniems nei 10 m\u0117nesi\u0173, kuri\u0173 svoris ma\u017eesnis nei 10 kg. \u0160is pa\u0161aras padeda palaikyti optimal\u0173 k\u016bno svor\u012f ir bendr\u0105 sveikat\u0105.\",\"breadcrumb\":{\"@id\":\"https:\\\/\\\/anivet.lt\\\/elparduotuve\\\/produktas\\\/virbac-adult-neutered-dog-small-toy-maistas-mazu-veisliu-sterilizuotiems-sunims\\\/#breadcrumb\"},\"inLanguage\":\"lt-LT\",\"potentialAction\":[{\"@type\":\"ReadAction\",\"target\":[\"https:\\\/\\\/anivet.lt\\\/elparduotuve\\\/produktas\\\/virbac-adult-neutered-dog-small-toy-maistas-mazu-veisliu-sterilizuotiems-sunims\\\/\"]}]},{\"@type\":\"ImageObject\",\"inLanguage\":\"lt-LT\",\"@id\":\"https:\\\/\\\/anivet.lt\\\/elparduotuve\\\/produktas\\\/virbac-adult-neutered-dog-small-toy-maistas-mazu-veisliu-sterilizuotiems-sunims\\\/#primaryimage\",\"url\":\"https:\\\/\\\/anivet.lt\\\/elparduotuve\\\/wp-content\\\/uploads\\\/2023\\\/12\\\/Virbac-Adult-Neutered-Dog-Small-amp-Toy-maistas-mazu-veisliu-sterilizuotiems-sunims-7kg.jpg\",\"contentUrl\":\"https:\\\/\\\/anivet.lt\\\/elparduotuve\\\/wp-content\\\/uploads\\\/2023\\\/12\\\/Virbac-Adult-Neutered-Dog-Small-amp-Toy-maistas-mazu-veisliu-sterilizuotiems-sunims-7kg.jpg\",\"width\":600,\"height\":600,\"caption\":\"Virbac Adult Neutered Dog Small &amp; Toy maistas ma\u017e\u0173 veisli\u0173 sterilizuotiems \u0161unims 7kg\"},{\"@type\":\"BreadcrumbList\",\"@id\":\"https:\\\/\\\/anivet.lt\\\/elparduotuve\\\/produktas\\\/virbac-adult-neutered-dog-small-toy-maistas-mazu-veisliu-sterilizuotiems-sunims\\\/#breadcrumb\",\"itemListElement\":[{\"@type\":\"ListItem\",\"position\":1,\"name\":\"Home\",\"item\":\"https:\\\/\\\/anivet.lt\\\/elparduotuve\\\/\"},{\"@type\":\"ListItem\",\"position\":2,\"name\":\"Produktai\",\"item\":\"https:\\\/\\\/anivet.lt\\\/elparduotuve\\\/produktai\\\/\"},{\"@type\":\"ListItem\",\"position\":3,\"name\":\"Virbac Adult Neutered Dog Small &amp; Toy maistas ma\u017e\u0173 veisli\u0173 sterilizuotiems \u0161unims 7kg\"}]},{\"@type\":\"WebSite\",\"@id\":\"https:\\\/\\\/anivet.lt\\\/elparduotuve\\\/#website\",\"url\":\"https:\\\/\\\/anivet.lt\\\/elparduotuve\\\/\",\"name\":\"anivet.lt\",\"description\":\"Viskas J\u016bs\u0173 \u0161uns, kat\u0117s prie\u017ei\u016brai\",\"publisher\":{\"@id\":\"https:\\\/\\\/anivet.lt\\\/elparduotuve\\\/#organization\"},\"alternateName\":\"Viskas J\u016bs\u0173 \u0161uns, kat\u0117s prie\u017ei\u016brai\",\"potentialAction\":[{\"@type\":\"SearchAction\",\"target\":{\"@type\":\"EntryPoint\",\"urlTemplate\":\"https:\\\/\\\/anivet.lt\\\/elparduotuve\\\/?s={search_term_string}\"},\"query-input\":{\"@type\":\"PropertyValueSpecification\",\"valueRequired\":true,\"valueName\":\"search_term_string\"}}],\"inLanguage\":\"lt-LT\"},{\"@type\":\"Organization\",\"@id\":\"https:\\\/\\\/anivet.lt\\\/elparduotuve\\\/#organization\",\"name\":\"Viskas J\u016bs\u0173 \u0161uns, kat\u0117s prie\u017ei\u016brai\",\"url\":\"https:\\\/\\\/anivet.lt\\\/elparduotuve\\\/\",\"logo\":{\"@type\":\"ImageObject\",\"inLanguage\":\"lt-LT\",\"@id\":\"https:\\\/\\\/anivet.lt\\\/elparduotuve\\\/#\\\/schema\\\/logo\\\/image\\\/\",\"url\":\"https:\\\/\\\/anivet.lt\\\/elparduotuve\\\/wp-content\\\/uploads\\\/2023\\\/06\\\/logo2.jpg\",\"contentUrl\":\"https:\\\/\\\/anivet.lt\\\/elparduotuve\\\/wp-content\\\/uploads\\\/2023\\\/06\\\/logo2.jpg\",\"width\":655,\"height\":194,\"caption\":\"Viskas J\u016bs\u0173 \u0161uns, kat\u0117s prie\u017ei\u016brai\"},\"image\":{\"@id\":\"https:\\\/\\\/anivet.lt\\\/elparduotuve\\\/#\\\/schema\\\/logo\\\/image\\\/\"}}]}<\/script>\n<!-- \/ Yoast SEO Premium plugin. -->","yoast_head_json":{"title":"Virbac Adult Neutered Dog Small &amp; Toy maistas ma\u017e\u0173 veisli\u0173 sterilizuotiems \u0161unims 7kg - anivet.lt","description":"Visavertis ir subalansuotas sausas pa\u0161aras, sukurtas ma\u017e\u0173 veisli\u0173 sterilizuotoms kal\u0117ms ir kastruotiems \u0161unims, vyresniems nei 10 m\u0117nesi\u0173, kuri\u0173 svoris ma\u017eesnis nei 10 kg. \u0160is pa\u0161aras padeda palaikyti optimal\u0173 k\u016bno svor\u012f ir bendr\u0105 sveikat\u0105.","robots":{"index":"index","follow":"follow","max-snippet":"max-snippet:-1","max-image-preview":"max-image-preview:large","max-video-preview":"max-video-preview:-1"},"canonical":"https:\/\/anivet.lt\/elparduotuve\/produktas\/virbac-adult-neutered-dog-small-toy-maistas-mazu-veisliu-sterilizuotiems-sunims\/","og_locale":"lt_LT","og_type":"article","og_title":"Virbac Adult Neutered Dog Small &amp; Toy maistas ma\u017e\u0173 veisli\u0173 sterilizuotiems \u0161unims 7kg","og_description":"Visavertis ir subalansuotas sausas pa\u0161aras, sukurtas ma\u017e\u0173 veisli\u0173 sterilizuotoms kal\u0117ms ir kastruotiems \u0161unims, vyresniems nei 10 m\u0117nesi\u0173, kuri\u0173 svoris ma\u017eesnis nei 10 kg. \u0160is pa\u0161aras padeda palaikyti optimal\u0173 k\u016bno svor\u012f ir bendr\u0105 sveikat\u0105.","og_url":"https:\/\/anivet.lt\/elparduotuve\/produktas\/virbac-adult-neutered-dog-small-toy-maistas-mazu-veisliu-sterilizuotiems-sunims\/","og_site_name":"anivet.lt","article_modified_time":"2026-02-23T16:03:24+00:00","og_image":[{"width":600,"height":600,"url":"https:\/\/anivet.lt\/elparduotuve\/wp-content\/uploads\/2023\/12\/Virbac-Adult-Neutered-Dog-Small-amp-Toy-maistas-mazu-veisliu-sterilizuotiems-sunims-7kg.jpg","type":"image\/jpeg"}],"twitter_card":"summary_large_image","twitter_misc":{"Est. reading time":"1 minut\u0117"},"schema":{"@context":"https:\/\/schema.org","@graph":[{"@type":"WebPage","@id":"https:\/\/anivet.lt\/elparduotuve\/produktas\/virbac-adult-neutered-dog-small-toy-maistas-mazu-veisliu-sterilizuotiems-sunims\/","url":"https:\/\/anivet.lt\/elparduotuve\/produktas\/virbac-adult-neutered-dog-small-toy-maistas-mazu-veisliu-sterilizuotiems-sunims\/","name":"Virbac Adult Neutered Dog Small &amp; Toy maistas ma\u017e\u0173 veisli\u0173 sterilizuotiems \u0161unims 7kg - anivet.lt","isPartOf":{"@id":"https:\/\/anivet.lt\/elparduotuve\/#website"},"primaryImageOfPage":{"@id":"https:\/\/anivet.lt\/elparduotuve\/produktas\/virbac-adult-neutered-dog-small-toy-maistas-mazu-veisliu-sterilizuotiems-sunims\/#primaryimage"},"image":{"@id":"https:\/\/anivet.lt\/elparduotuve\/produktas\/virbac-adult-neutered-dog-small-toy-maistas-mazu-veisliu-sterilizuotiems-sunims\/#primaryimage"},"thumbnailUrl":"https:\/\/anivet.lt\/elparduotuve\/wp-content\/uploads\/2023\/12\/Virbac-Adult-Neutered-Dog-Small-amp-Toy-maistas-mazu-veisliu-sterilizuotiems-sunims-7kg.jpg","datePublished":"2023-12-28T09:50:20+00:00","dateModified":"2026-02-23T16:03:24+00:00","description":"Visavertis ir subalansuotas sausas pa\u0161aras, sukurtas ma\u017e\u0173 veisli\u0173 sterilizuotoms kal\u0117ms ir kastruotiems \u0161unims, vyresniems nei 10 m\u0117nesi\u0173, kuri\u0173 svoris ma\u017eesnis nei 10 kg. \u0160is pa\u0161aras padeda palaikyti optimal\u0173 k\u016bno svor\u012f ir bendr\u0105 sveikat\u0105.","breadcrumb":{"@id":"https:\/\/anivet.lt\/elparduotuve\/produktas\/virbac-adult-neutered-dog-small-toy-maistas-mazu-veisliu-sterilizuotiems-sunims\/#breadcrumb"},"inLanguage":"lt-LT","potentialAction":[{"@type":"ReadAction","target":["https:\/\/anivet.lt\/elparduotuve\/produktas\/virbac-adult-neutered-dog-small-toy-maistas-mazu-veisliu-sterilizuotiems-sunims\/"]}]},{"@type":"ImageObject","inLanguage":"lt-LT","@id":"https:\/\/anivet.lt\/elparduotuve\/produktas\/virbac-adult-neutered-dog-small-toy-maistas-mazu-veisliu-sterilizuotiems-sunims\/#primaryimage","url":"https:\/\/anivet.lt\/elparduotuve\/wp-content\/uploads\/2023\/12\/Virbac-Adult-Neutered-Dog-Small-amp-Toy-maistas-mazu-veisliu-sterilizuotiems-sunims-7kg.jpg","contentUrl":"https:\/\/anivet.lt\/elparduotuve\/wp-content\/uploads\/2023\/12\/Virbac-Adult-Neutered-Dog-Small-amp-Toy-maistas-mazu-veisliu-sterilizuotiems-sunims-7kg.jpg","width":600,"height":600,"caption":"Virbac Adult Neutered Dog Small &amp; Toy maistas ma\u017e\u0173 veisli\u0173 sterilizuotiems \u0161unims 7kg"},{"@type":"BreadcrumbList","@id":"https:\/\/anivet.lt\/elparduotuve\/produktas\/virbac-adult-neutered-dog-small-toy-maistas-mazu-veisliu-sterilizuotiems-sunims\/#breadcrumb","itemListElement":[{"@type":"ListItem","position":1,"name":"Home","item":"https:\/\/anivet.lt\/elparduotuve\/"},{"@type":"ListItem","position":2,"name":"Produktai","item":"https:\/\/anivet.lt\/elparduotuve\/produktai\/"},{"@type":"ListItem","position":3,"name":"Virbac Adult Neutered Dog Small &amp; Toy maistas ma\u017e\u0173 veisli\u0173 sterilizuotiems \u0161unims 7kg"}]},{"@type":"WebSite","@id":"https:\/\/anivet.lt\/elparduotuve\/#website","url":"https:\/\/anivet.lt\/elparduotuve\/","name":"anivet.lt","description":"Viskas J\u016bs\u0173 \u0161uns, kat\u0117s prie\u017ei\u016brai","publisher":{"@id":"https:\/\/anivet.lt\/elparduotuve\/#organization"},"alternateName":"Viskas J\u016bs\u0173 \u0161uns, kat\u0117s prie\u017ei\u016brai","potentialAction":[{"@type":"SearchAction","target":{"@type":"EntryPoint","urlTemplate":"https:\/\/anivet.lt\/elparduotuve\/?s={search_term_string}"},"query-input":{"@type":"PropertyValueSpecification","valueRequired":true,"valueName":"search_term_string"}}],"inLanguage":"lt-LT"},{"@type":"Organization","@id":"https:\/\/anivet.lt\/elparduotuve\/#organization","name":"Viskas J\u016bs\u0173 \u0161uns, kat\u0117s prie\u017ei\u016brai","url":"https:\/\/anivet.lt\/elparduotuve\/","logo":{"@type":"ImageObject","inLanguage":"lt-LT","@id":"https:\/\/anivet.lt\/elparduotuve\/#\/schema\/logo\/image\/","url":"https:\/\/anivet.lt\/elparduotuve\/wp-content\/uploads\/2023\/06\/logo2.jpg","contentUrl":"https:\/\/anivet.lt\/elparduotuve\/wp-content\/uploads\/2023\/06\/logo2.jpg","width":655,"height":194,"caption":"Viskas J\u016bs\u0173 \u0161uns, kat\u0117s prie\u017ei\u016brai"},"image":{"@id":"https:\/\/anivet.lt\/elparduotuve\/#\/schema\/logo\/image\/"}}]}},"_links":{"self":[{"href":"https:\/\/anivet.lt\/elparduotuve\/wp-json\/wp\/v2\/product\/12574","targetHints":{"allow":["GET"]}}],"collection":[{"href":"https:\/\/anivet.lt\/elparduotuve\/wp-json\/wp\/v2\/product"}],"about":[{"href":"https:\/\/anivet.lt\/elparduotuve\/wp-json\/wp\/v2\/types\/product"}],"wp:featuredmedia":[{"embeddable":true,"href":"https:\/\/anivet.lt\/elparduotuve\/wp-json\/wp\/v2\/media\/19761"}],"wp:attachment":[{"href":"https:\/\/anivet.lt\/elparduotuve\/wp-json\/wp\/v2\/media?parent=12574"}],"wp:term":[{"taxonomy":"product_brand","embeddable":true,"href":"https:\/\/anivet.lt\/elparduotuve\/wp-json\/wp\/v2\/product_brand?post=12574"},{"taxonomy":"product_cat","embeddable":true,"href":"https:\/\/anivet.lt\/elparduotuve\/wp-json\/wp\/v2\/product_cat?post=12574"},{"taxonomy":"product_tag","embeddable":true,"href":"https:\/\/anivet.lt\/elparduotuve\/wp-json\/wp\/v2\/product_tag?post=12574"}],"curies":[{"name":"wp","href":"https:\/\/api.w.org\/{rel}","templated":true}]}}