{"id":12615,"date":"2024-01-08T10:27:30","date_gmt":"2024-01-08T10:27:30","guid":{"rendered":"https:\/\/anivet.lt\/elparduotuve\/?post_type=product&#038;p=12615"},"modified":"2026-02-23T15:42:49","modified_gmt":"2026-02-23T15:42:49","slug":"virbac-puppy-dog-large-medium-maistas-vidutiniu-ir-dideliu-veisliu-suniukams-12kg","status":"publish","type":"product","link":"https:\/\/anivet.lt\/elparduotuve\/produktas\/virbac-puppy-dog-large-medium-maistas-vidutiniu-ir-dideliu-veisliu-suniukams-12kg\/","title":{"rendered":"Virbac Puppy Dog Large &amp; Medium maistas vidutini\u0173 ir dideli\u0173 veisli\u0173 \u0161uniukams 12kg"},"content":{"rendered":"<ul>\n<li><span style=\"font-weight: 400;\">Energija ir augimas: Didelis riebal\u0173 kiekis patenkina \u0161uniuko energijos poreikius, o baltym\u0173 ir kalcio-fosforo balansas skatina sveik\u0105 skeleto formavim\u0105si.<\/span><\/li>\n<li style=\"font-weight: 400;\" aria-level=\"1\"><span style=\"font-weight: 400;\">Imuniteto stiprinimas: Beta-gliukano turin\u010dios med\u017eiagos (alaus mieli\u0173 ekstraktas) padeda stiprinti apsaugines funkcijas, gerina reakcij\u0105 \u012f vakcinas ir atsparum\u0105 ligoms.<\/span><\/li>\n<li style=\"font-weight: 400;\" aria-level=\"1\"><span style=\"font-weight: 400;\">Vir\u0161kinimo palaikymas: Ma\u017eas krakmolo kiekis skatina fermento amilaz\u0117s aktyvum\u0105, probiotikai (Laktobacilus) stiprina \u017earnyno flor\u0105, o sepiolitas apsaugo vir\u0161kinam\u0105j\u012f trakt\u0105 bei normalizuoja i\u0161mat\u0173 konsistencij\u0105 ir kvap\u0105.<\/span><\/li>\n<li style=\"font-weight: 400;\" aria-level=\"1\"><span style=\"font-weight: 400;\">Sveika oda ir kailis: Didelis baltym\u0173 kiekis, aminor\u016bg\u0161tys ir omega-6\/omega-3 riebal\u0173 r\u016bg\u0161\u010di\u0173 balansas skatina sveikos odos ir tankaus kailio formavim\u0105si.<\/span><\/li>\n<\/ul>\n<p><span style=\"font-weight: 400;\">\u201eVirbac Puppy Dog Large &amp; Medium\u201c yra puikus pasirinkimas u\u017etikrinant sveik\u0105 augim\u0105 ir ger\u0105 \u0161uniuko savijaut\u0105 nuo pirm\u0173j\u0173 gyvenimo m\u0117nesi\u0173!<\/span><\/p>\n","protected":false},"excerpt":{"rendered":"<p><span style=\"font-weight: 400;\">Subalansuotas visavertis maistas, specialiai sukurtas vidutini\u0173 ir dideli\u0173 veisli\u0173 \u0161uniukams j\u0173 augimo prad\u017eiai ir pikui. \u0160is etapas reikalauja ypatingos mitybos, kad b\u016bt\u0173 patenkinti padid\u0117j\u0119 energijos, baltym\u0173 ir mineral\u0173 poreikiai, taip pat palaikoma jautri vir\u0161kinamoji ir imunin\u0117 sistema.<\/span><\/p>\n","protected":false},"featured_media":19757,"template":"","meta":[],"product_brand":[],"product_cat":[101,103,104,337],"product_tag":[],"class_list":{"0":"post-12615","1":"product","2":"type-product","3":"status-publish","4":"has-post-thumbnail","6":"product_cat-sunims","7":"product_cat-sunu-maistas","8":"product_cat-sausas-maistas","9":"product_cat-virbac-sunu-maistas","10":"pa_prekinis-zenklas-virbac","12":"first","13":"instock","14":"taxable","15":"shipping-taxable","16":"purchasable","17":"product-type-simple"},"yoast_head":"<!-- This site is optimized with the Yoast SEO Premium plugin v27.1 (Yoast SEO v27.5) - https:\/\/yoast.com\/product\/yoast-seo-premium-wordpress\/ -->\n<title>Virbac Puppy Dog Large &amp; Medium maistas vidutini\u0173 ir dideli\u0173 veisli\u0173 \u0161uniukams 12kg - anivet.lt<\/title>\n<meta name=\"description\" content=\"Subalansuotas visavertis maistas, specialiai sukurtas vidutini\u0173 ir dideli\u0173 veisli\u0173 \u0161uniukams j\u0173 augimo prad\u017eiai ir pikui. \u0160is etapas reikalauja ypatingos mitybos, kad b\u016bt\u0173 patenkinti padid\u0117j\u0119 energijos, baltym\u0173 ir mineral\u0173 poreikiai, taip pat palaikoma jautri vir\u0161kinamoji ir imunin\u0117 sistema.\" \/>\n<meta name=\"robots\" content=\"index, follow, max-snippet:-1, max-image-preview:large, max-video-preview:-1\" \/>\n<link rel=\"canonical\" href=\"https:\/\/anivet.lt\/elparduotuve\/produktas\/virbac-puppy-dog-large-medium-maistas-vidutiniu-ir-dideliu-veisliu-suniukams-12kg\/\" \/>\n<meta property=\"og:locale\" content=\"lt_LT\" \/>\n<meta property=\"og:type\" content=\"article\" \/>\n<meta property=\"og:title\" content=\"Virbac Puppy Dog Large &amp; Medium maistas vidutini\u0173 ir dideli\u0173 veisli\u0173 \u0161uniukams 12kg\" \/>\n<meta property=\"og:description\" content=\"Subalansuotas visavertis maistas, specialiai sukurtas vidutini\u0173 ir dideli\u0173 veisli\u0173 \u0161uniukams j\u0173 augimo prad\u017eiai ir pikui. \u0160is etapas reikalauja ypatingos mitybos, kad b\u016bt\u0173 patenkinti padid\u0117j\u0119 energijos, baltym\u0173 ir mineral\u0173 poreikiai, taip pat palaikoma jautri vir\u0161kinamoji ir imunin\u0117 sistema.\" \/>\n<meta property=\"og:url\" content=\"https:\/\/anivet.lt\/elparduotuve\/produktas\/virbac-puppy-dog-large-medium-maistas-vidutiniu-ir-dideliu-veisliu-suniukams-12kg\/\" \/>\n<meta property=\"og:site_name\" content=\"anivet.lt\" \/>\n<meta property=\"article:modified_time\" content=\"2026-02-23T15:42:49+00:00\" \/>\n<meta property=\"og:image\" content=\"https:\/\/anivet.lt\/elparduotuve\/wp-content\/uploads\/2024\/01\/Virbac-Puppy-Dog-Large-amp-Medium-maistas-vidutiniu-ir-dideliu-veisliu-suniukams-12kg.jpg\" \/>\n\t<meta property=\"og:image:width\" content=\"600\" \/>\n\t<meta property=\"og:image:height\" content=\"600\" \/>\n\t<meta property=\"og:image:type\" content=\"image\/jpeg\" \/>\n<meta name=\"twitter:card\" content=\"summary_large_image\" \/>\n<meta name=\"twitter:label1\" content=\"Est. reading time\" \/>\n\t<meta name=\"twitter:data1\" content=\"1 minut\u0117\" \/>\n<script type=\"application\/ld+json\" class=\"yoast-schema-graph\">{\"@context\":\"https:\\\/\\\/schema.org\",\"@graph\":[{\"@type\":\"WebPage\",\"@id\":\"https:\\\/\\\/anivet.lt\\\/elparduotuve\\\/produktas\\\/virbac-puppy-dog-large-medium-maistas-vidutiniu-ir-dideliu-veisliu-suniukams-12kg\\\/\",\"url\":\"https:\\\/\\\/anivet.lt\\\/elparduotuve\\\/produktas\\\/virbac-puppy-dog-large-medium-maistas-vidutiniu-ir-dideliu-veisliu-suniukams-12kg\\\/\",\"name\":\"Virbac Puppy Dog Large &amp; Medium maistas vidutini\u0173 ir dideli\u0173 veisli\u0173 \u0161uniukams 12kg - anivet.lt\",\"isPartOf\":{\"@id\":\"https:\\\/\\\/anivet.lt\\\/elparduotuve\\\/#website\"},\"primaryImageOfPage\":{\"@id\":\"https:\\\/\\\/anivet.lt\\\/elparduotuve\\\/produktas\\\/virbac-puppy-dog-large-medium-maistas-vidutiniu-ir-dideliu-veisliu-suniukams-12kg\\\/#primaryimage\"},\"image\":{\"@id\":\"https:\\\/\\\/anivet.lt\\\/elparduotuve\\\/produktas\\\/virbac-puppy-dog-large-medium-maistas-vidutiniu-ir-dideliu-veisliu-suniukams-12kg\\\/#primaryimage\"},\"thumbnailUrl\":\"https:\\\/\\\/anivet.lt\\\/elparduotuve\\\/wp-content\\\/uploads\\\/2024\\\/01\\\/Virbac-Puppy-Dog-Large-amp-Medium-maistas-vidutiniu-ir-dideliu-veisliu-suniukams-12kg.jpg\",\"datePublished\":\"2024-01-08T10:27:30+00:00\",\"dateModified\":\"2026-02-23T15:42:49+00:00\",\"description\":\"Subalansuotas visavertis maistas, specialiai sukurtas vidutini\u0173 ir dideli\u0173 veisli\u0173 \u0161uniukams j\u0173 augimo prad\u017eiai ir pikui. \u0160is etapas reikalauja ypatingos mitybos, kad b\u016bt\u0173 patenkinti padid\u0117j\u0119 energijos, baltym\u0173 ir mineral\u0173 poreikiai, taip pat palaikoma jautri vir\u0161kinamoji ir imunin\u0117 sistema.\",\"breadcrumb\":{\"@id\":\"https:\\\/\\\/anivet.lt\\\/elparduotuve\\\/produktas\\\/virbac-puppy-dog-large-medium-maistas-vidutiniu-ir-dideliu-veisliu-suniukams-12kg\\\/#breadcrumb\"},\"inLanguage\":\"lt-LT\",\"potentialAction\":[{\"@type\":\"ReadAction\",\"target\":[\"https:\\\/\\\/anivet.lt\\\/elparduotuve\\\/produktas\\\/virbac-puppy-dog-large-medium-maistas-vidutiniu-ir-dideliu-veisliu-suniukams-12kg\\\/\"]}]},{\"@type\":\"ImageObject\",\"inLanguage\":\"lt-LT\",\"@id\":\"https:\\\/\\\/anivet.lt\\\/elparduotuve\\\/produktas\\\/virbac-puppy-dog-large-medium-maistas-vidutiniu-ir-dideliu-veisliu-suniukams-12kg\\\/#primaryimage\",\"url\":\"https:\\\/\\\/anivet.lt\\\/elparduotuve\\\/wp-content\\\/uploads\\\/2024\\\/01\\\/Virbac-Puppy-Dog-Large-amp-Medium-maistas-vidutiniu-ir-dideliu-veisliu-suniukams-12kg.jpg\",\"contentUrl\":\"https:\\\/\\\/anivet.lt\\\/elparduotuve\\\/wp-content\\\/uploads\\\/2024\\\/01\\\/Virbac-Puppy-Dog-Large-amp-Medium-maistas-vidutiniu-ir-dideliu-veisliu-suniukams-12kg.jpg\",\"width\":600,\"height\":600,\"caption\":\"Virbac Baby Dog Large &amp; Medium maistas vidutini\u0173 ir dideli\u0173 veisli\u0173 \u0161uniukams 12kg\"},{\"@type\":\"BreadcrumbList\",\"@id\":\"https:\\\/\\\/anivet.lt\\\/elparduotuve\\\/produktas\\\/virbac-puppy-dog-large-medium-maistas-vidutiniu-ir-dideliu-veisliu-suniukams-12kg\\\/#breadcrumb\",\"itemListElement\":[{\"@type\":\"ListItem\",\"position\":1,\"name\":\"Home\",\"item\":\"https:\\\/\\\/anivet.lt\\\/elparduotuve\\\/\"},{\"@type\":\"ListItem\",\"position\":2,\"name\":\"Produktai\",\"item\":\"https:\\\/\\\/anivet.lt\\\/elparduotuve\\\/produktai\\\/\"},{\"@type\":\"ListItem\",\"position\":3,\"name\":\"Virbac Puppy Dog Large &amp; Medium maistas vidutini\u0173 ir dideli\u0173 veisli\u0173 \u0161uniukams 12kg\"}]},{\"@type\":\"WebSite\",\"@id\":\"https:\\\/\\\/anivet.lt\\\/elparduotuve\\\/#website\",\"url\":\"https:\\\/\\\/anivet.lt\\\/elparduotuve\\\/\",\"name\":\"anivet.lt\",\"description\":\"Viskas J\u016bs\u0173 \u0161uns, kat\u0117s prie\u017ei\u016brai\",\"publisher\":{\"@id\":\"https:\\\/\\\/anivet.lt\\\/elparduotuve\\\/#organization\"},\"alternateName\":\"Viskas J\u016bs\u0173 \u0161uns, kat\u0117s prie\u017ei\u016brai\",\"potentialAction\":[{\"@type\":\"SearchAction\",\"target\":{\"@type\":\"EntryPoint\",\"urlTemplate\":\"https:\\\/\\\/anivet.lt\\\/elparduotuve\\\/?s={search_term_string}\"},\"query-input\":{\"@type\":\"PropertyValueSpecification\",\"valueRequired\":true,\"valueName\":\"search_term_string\"}}],\"inLanguage\":\"lt-LT\"},{\"@type\":\"Organization\",\"@id\":\"https:\\\/\\\/anivet.lt\\\/elparduotuve\\\/#organization\",\"name\":\"Viskas J\u016bs\u0173 \u0161uns, kat\u0117s prie\u017ei\u016brai\",\"url\":\"https:\\\/\\\/anivet.lt\\\/elparduotuve\\\/\",\"logo\":{\"@type\":\"ImageObject\",\"inLanguage\":\"lt-LT\",\"@id\":\"https:\\\/\\\/anivet.lt\\\/elparduotuve\\\/#\\\/schema\\\/logo\\\/image\\\/\",\"url\":\"https:\\\/\\\/anivet.lt\\\/elparduotuve\\\/wp-content\\\/uploads\\\/2023\\\/06\\\/logo2.jpg\",\"contentUrl\":\"https:\\\/\\\/anivet.lt\\\/elparduotuve\\\/wp-content\\\/uploads\\\/2023\\\/06\\\/logo2.jpg\",\"width\":655,\"height\":194,\"caption\":\"Viskas J\u016bs\u0173 \u0161uns, kat\u0117s prie\u017ei\u016brai\"},\"image\":{\"@id\":\"https:\\\/\\\/anivet.lt\\\/elparduotuve\\\/#\\\/schema\\\/logo\\\/image\\\/\"}}]}<\/script>\n<!-- \/ Yoast SEO Premium plugin. -->","yoast_head_json":{"title":"Virbac Puppy Dog Large &amp; Medium maistas vidutini\u0173 ir dideli\u0173 veisli\u0173 \u0161uniukams 12kg - anivet.lt","description":"Subalansuotas visavertis maistas, specialiai sukurtas vidutini\u0173 ir dideli\u0173 veisli\u0173 \u0161uniukams j\u0173 augimo prad\u017eiai ir pikui. \u0160is etapas reikalauja ypatingos mitybos, kad b\u016bt\u0173 patenkinti padid\u0117j\u0119 energijos, baltym\u0173 ir mineral\u0173 poreikiai, taip pat palaikoma jautri vir\u0161kinamoji ir imunin\u0117 sistema.","robots":{"index":"index","follow":"follow","max-snippet":"max-snippet:-1","max-image-preview":"max-image-preview:large","max-video-preview":"max-video-preview:-1"},"canonical":"https:\/\/anivet.lt\/elparduotuve\/produktas\/virbac-puppy-dog-large-medium-maistas-vidutiniu-ir-dideliu-veisliu-suniukams-12kg\/","og_locale":"lt_LT","og_type":"article","og_title":"Virbac Puppy Dog Large &amp; Medium maistas vidutini\u0173 ir dideli\u0173 veisli\u0173 \u0161uniukams 12kg","og_description":"Subalansuotas visavertis maistas, specialiai sukurtas vidutini\u0173 ir dideli\u0173 veisli\u0173 \u0161uniukams j\u0173 augimo prad\u017eiai ir pikui. \u0160is etapas reikalauja ypatingos mitybos, kad b\u016bt\u0173 patenkinti padid\u0117j\u0119 energijos, baltym\u0173 ir mineral\u0173 poreikiai, taip pat palaikoma jautri vir\u0161kinamoji ir imunin\u0117 sistema.","og_url":"https:\/\/anivet.lt\/elparduotuve\/produktas\/virbac-puppy-dog-large-medium-maistas-vidutiniu-ir-dideliu-veisliu-suniukams-12kg\/","og_site_name":"anivet.lt","article_modified_time":"2026-02-23T15:42:49+00:00","og_image":[{"width":600,"height":600,"url":"https:\/\/anivet.lt\/elparduotuve\/wp-content\/uploads\/2024\/01\/Virbac-Puppy-Dog-Large-amp-Medium-maistas-vidutiniu-ir-dideliu-veisliu-suniukams-12kg.jpg","type":"image\/jpeg"}],"twitter_card":"summary_large_image","twitter_misc":{"Est. reading time":"1 minut\u0117"},"schema":{"@context":"https:\/\/schema.org","@graph":[{"@type":"WebPage","@id":"https:\/\/anivet.lt\/elparduotuve\/produktas\/virbac-puppy-dog-large-medium-maistas-vidutiniu-ir-dideliu-veisliu-suniukams-12kg\/","url":"https:\/\/anivet.lt\/elparduotuve\/produktas\/virbac-puppy-dog-large-medium-maistas-vidutiniu-ir-dideliu-veisliu-suniukams-12kg\/","name":"Virbac Puppy Dog Large &amp; Medium maistas vidutini\u0173 ir dideli\u0173 veisli\u0173 \u0161uniukams 12kg - anivet.lt","isPartOf":{"@id":"https:\/\/anivet.lt\/elparduotuve\/#website"},"primaryImageOfPage":{"@id":"https:\/\/anivet.lt\/elparduotuve\/produktas\/virbac-puppy-dog-large-medium-maistas-vidutiniu-ir-dideliu-veisliu-suniukams-12kg\/#primaryimage"},"image":{"@id":"https:\/\/anivet.lt\/elparduotuve\/produktas\/virbac-puppy-dog-large-medium-maistas-vidutiniu-ir-dideliu-veisliu-suniukams-12kg\/#primaryimage"},"thumbnailUrl":"https:\/\/anivet.lt\/elparduotuve\/wp-content\/uploads\/2024\/01\/Virbac-Puppy-Dog-Large-amp-Medium-maistas-vidutiniu-ir-dideliu-veisliu-suniukams-12kg.jpg","datePublished":"2024-01-08T10:27:30+00:00","dateModified":"2026-02-23T15:42:49+00:00","description":"Subalansuotas visavertis maistas, specialiai sukurtas vidutini\u0173 ir dideli\u0173 veisli\u0173 \u0161uniukams j\u0173 augimo prad\u017eiai ir pikui. \u0160is etapas reikalauja ypatingos mitybos, kad b\u016bt\u0173 patenkinti padid\u0117j\u0119 energijos, baltym\u0173 ir mineral\u0173 poreikiai, taip pat palaikoma jautri vir\u0161kinamoji ir imunin\u0117 sistema.","breadcrumb":{"@id":"https:\/\/anivet.lt\/elparduotuve\/produktas\/virbac-puppy-dog-large-medium-maistas-vidutiniu-ir-dideliu-veisliu-suniukams-12kg\/#breadcrumb"},"inLanguage":"lt-LT","potentialAction":[{"@type":"ReadAction","target":["https:\/\/anivet.lt\/elparduotuve\/produktas\/virbac-puppy-dog-large-medium-maistas-vidutiniu-ir-dideliu-veisliu-suniukams-12kg\/"]}]},{"@type":"ImageObject","inLanguage":"lt-LT","@id":"https:\/\/anivet.lt\/elparduotuve\/produktas\/virbac-puppy-dog-large-medium-maistas-vidutiniu-ir-dideliu-veisliu-suniukams-12kg\/#primaryimage","url":"https:\/\/anivet.lt\/elparduotuve\/wp-content\/uploads\/2024\/01\/Virbac-Puppy-Dog-Large-amp-Medium-maistas-vidutiniu-ir-dideliu-veisliu-suniukams-12kg.jpg","contentUrl":"https:\/\/anivet.lt\/elparduotuve\/wp-content\/uploads\/2024\/01\/Virbac-Puppy-Dog-Large-amp-Medium-maistas-vidutiniu-ir-dideliu-veisliu-suniukams-12kg.jpg","width":600,"height":600,"caption":"Virbac Baby Dog Large &amp; Medium maistas vidutini\u0173 ir dideli\u0173 veisli\u0173 \u0161uniukams 12kg"},{"@type":"BreadcrumbList","@id":"https:\/\/anivet.lt\/elparduotuve\/produktas\/virbac-puppy-dog-large-medium-maistas-vidutiniu-ir-dideliu-veisliu-suniukams-12kg\/#breadcrumb","itemListElement":[{"@type":"ListItem","position":1,"name":"Home","item":"https:\/\/anivet.lt\/elparduotuve\/"},{"@type":"ListItem","position":2,"name":"Produktai","item":"https:\/\/anivet.lt\/elparduotuve\/produktai\/"},{"@type":"ListItem","position":3,"name":"Virbac Puppy Dog Large &amp; Medium maistas vidutini\u0173 ir dideli\u0173 veisli\u0173 \u0161uniukams 12kg"}]},{"@type":"WebSite","@id":"https:\/\/anivet.lt\/elparduotuve\/#website","url":"https:\/\/anivet.lt\/elparduotuve\/","name":"anivet.lt","description":"Viskas J\u016bs\u0173 \u0161uns, kat\u0117s prie\u017ei\u016brai","publisher":{"@id":"https:\/\/anivet.lt\/elparduotuve\/#organization"},"alternateName":"Viskas J\u016bs\u0173 \u0161uns, kat\u0117s prie\u017ei\u016brai","potentialAction":[{"@type":"SearchAction","target":{"@type":"EntryPoint","urlTemplate":"https:\/\/anivet.lt\/elparduotuve\/?s={search_term_string}"},"query-input":{"@type":"PropertyValueSpecification","valueRequired":true,"valueName":"search_term_string"}}],"inLanguage":"lt-LT"},{"@type":"Organization","@id":"https:\/\/anivet.lt\/elparduotuve\/#organization","name":"Viskas J\u016bs\u0173 \u0161uns, kat\u0117s prie\u017ei\u016brai","url":"https:\/\/anivet.lt\/elparduotuve\/","logo":{"@type":"ImageObject","inLanguage":"lt-LT","@id":"https:\/\/anivet.lt\/elparduotuve\/#\/schema\/logo\/image\/","url":"https:\/\/anivet.lt\/elparduotuve\/wp-content\/uploads\/2023\/06\/logo2.jpg","contentUrl":"https:\/\/anivet.lt\/elparduotuve\/wp-content\/uploads\/2023\/06\/logo2.jpg","width":655,"height":194,"caption":"Viskas J\u016bs\u0173 \u0161uns, kat\u0117s prie\u017ei\u016brai"},"image":{"@id":"https:\/\/anivet.lt\/elparduotuve\/#\/schema\/logo\/image\/"}}]}},"_links":{"self":[{"href":"https:\/\/anivet.lt\/elparduotuve\/wp-json\/wp\/v2\/product\/12615","targetHints":{"allow":["GET"]}}],"collection":[{"href":"https:\/\/anivet.lt\/elparduotuve\/wp-json\/wp\/v2\/product"}],"about":[{"href":"https:\/\/anivet.lt\/elparduotuve\/wp-json\/wp\/v2\/types\/product"}],"wp:featuredmedia":[{"embeddable":true,"href":"https:\/\/anivet.lt\/elparduotuve\/wp-json\/wp\/v2\/media\/19757"}],"wp:attachment":[{"href":"https:\/\/anivet.lt\/elparduotuve\/wp-json\/wp\/v2\/media?parent=12615"}],"wp:term":[{"taxonomy":"product_brand","embeddable":true,"href":"https:\/\/anivet.lt\/elparduotuve\/wp-json\/wp\/v2\/product_brand?post=12615"},{"taxonomy":"product_cat","embeddable":true,"href":"https:\/\/anivet.lt\/elparduotuve\/wp-json\/wp\/v2\/product_cat?post=12615"},{"taxonomy":"product_tag","embeddable":true,"href":"https:\/\/anivet.lt\/elparduotuve\/wp-json\/wp\/v2\/product_tag?post=12615"}],"curies":[{"name":"wp","href":"https:\/\/api.w.org\/{rel}","templated":true}]}}