{"id":12625,"date":"2024-01-08T14:50:04","date_gmt":"2024-01-08T14:50:04","guid":{"rendered":"https:\/\/anivet.lt\/elparduotuve\/?post_type=product&#038;p=12625"},"modified":"2026-02-23T15:39:27","modified_gmt":"2026-02-23T15:39:27","slug":"virbac-adult-dog-large-medium-maistas-suaugusiems-vidutiniu-ir-dideliu-veisliu-sunims-12kg","status":"publish","type":"product","link":"https:\/\/anivet.lt\/elparduotuve\/produktas\/virbac-adult-dog-large-medium-maistas-suaugusiems-vidutiniu-ir-dideliu-veisliu-sunims-12kg\/","title":{"rendered":"Virbac Adult Dog Large &amp; Medium maistas suaugusiems vidutini\u0173 ir dideli\u0173 veisli\u0173 \u0161unims 16kg"},"content":{"rendered":"<ul>\n<li><span style=\"font-weight: 400;\">Tinka \u012fvairaus dyd\u017eio \u0161unims: Dideli\u0173 veisli\u0173 \u0161unims (&gt;25 kg) nuo 18 m\u0117nesi\u0173 ir vidutini\u0173 veisli\u0173 \u0161unims (11\u201325 kg) nuo 12 m\u0117nesi\u0173.<\/span><\/li>\n<li style=\"font-weight: 400;\" aria-level=\"1\"><span style=\"font-weight: 400;\">Auk\u0161tos kokyb\u0117s baltymai: 89% gyvulin\u0117s kilm\u0117s baltym\u0173, palaikan\u010di\u0173 raumen\u0173 mas\u0119.<\/span><\/li>\n<li style=\"font-weight: 400;\" aria-level=\"1\"><span style=\"font-weight: 400;\">Subalansuotas riebal\u0173 kiekis: 17% riebal\u0173 energijai ir kailio blizgesiui.<\/span><\/li>\n<li style=\"font-weight: 400;\" aria-level=\"1\"><span style=\"font-weight: 400;\">Papildytas sveikatai svarbiais elementais: Chondroitino sulfatas, chitosanas ir pasterizuotos Lactobacillus acidofilus bakterijos.<\/span><\/li>\n<li style=\"font-weight: 400;\" aria-level=\"1\"><span style=\"font-weight: 400;\">Omega-6 ir Omega-3 r\u016bg\u0161tys: Skatina sveik\u0105 od\u0105 ir kail\u012f.<\/span><\/li>\n<li style=\"font-weight: 400;\" aria-level=\"1\"><span style=\"font-weight: 400;\">Patogus energijos balansas: 382 kcal\/100 g suteikia pakankamai energijos be perkrovimo.<\/span><\/li>\n<\/ul>\n<p><span style=\"font-weight: 400;\">\u0160is maistas u\u017etikrina visavert\u0119 mityb\u0105 suaugusiems \u0161unims, palaiko j\u0173 sveikat\u0105 ir ger\u0105 savijaut\u0105. Subalansuota sud\u0117tis skirta raumen\u0173, odos ir s\u0105nari\u0173 sveikatai bei stipriam imunitetui. Puikus pasirinkimas vidutinio ir didelio dyd\u017eio \u0161un\u0173 savininkams, ie\u0161kantiems kokybi\u0161ko pa\u0161aro kasdieniam naudojimui.<\/span><\/p>\n","protected":false},"excerpt":{"rendered":"<p><span style=\"font-weight: 400;\">Visavertis sausas maistas suaugusiems vidutini\u0173 ir dideli\u0173 veisli\u0173 \u0161unims. Sukurtas palaikyti ger\u0105 sveikat\u0105 ir suteikti vis\u0173 b\u016btin\u0173 maistini\u0173 med\u017eiag\u0173 kasdien.<\/span><\/p>\n","protected":false},"featured_media":19755,"template":"","meta":[],"product_brand":[],"product_cat":[101,103,104,337],"product_tag":[],"class_list":{"0":"post-12625","1":"product","2":"type-product","3":"status-publish","4":"has-post-thumbnail","6":"product_cat-sunims","7":"product_cat-sunu-maistas","8":"product_cat-sausas-maistas","9":"product_cat-virbac-sunu-maistas","10":"pa_prekinis-zenklas-virbac","12":"first","13":"instock","14":"taxable","15":"shipping-taxable","16":"purchasable","17":"product-type-simple"},"yoast_head":"<!-- This site is optimized with the Yoast SEO Premium plugin v27.1 (Yoast SEO v27.5) - https:\/\/yoast.com\/product\/yoast-seo-premium-wordpress\/ -->\n<title>Virbac Adult Dog Large &amp; Medium maistas suaugusiems vidutini\u0173 ir dideli\u0173 veisli\u0173 \u0161unims 16kg - anivet.lt<\/title>\n<meta name=\"description\" content=\"Visavertis sausas maistas suaugusiems vidutini\u0173 ir dideli\u0173 veisli\u0173 \u0161unims. Sukurtas palaikyti ger\u0105 sveikat\u0105 ir suteikti vis\u0173 b\u016btin\u0173 maistini\u0173 med\u017eiag\u0173 kasdien.\" \/>\n<meta name=\"robots\" content=\"index, follow, max-snippet:-1, max-image-preview:large, max-video-preview:-1\" \/>\n<link rel=\"canonical\" href=\"https:\/\/anivet.lt\/elparduotuve\/produktas\/virbac-adult-dog-large-medium-maistas-suaugusiems-vidutiniu-ir-dideliu-veisliu-sunims-12kg\/\" \/>\n<meta property=\"og:locale\" content=\"lt_LT\" \/>\n<meta property=\"og:type\" content=\"article\" \/>\n<meta property=\"og:title\" content=\"Virbac Adult Dog Large &amp; Medium maistas suaugusiems vidutini\u0173 ir dideli\u0173 veisli\u0173 \u0161unims 16kg\" \/>\n<meta property=\"og:description\" content=\"Visavertis sausas maistas suaugusiems vidutini\u0173 ir dideli\u0173 veisli\u0173 \u0161unims. Sukurtas palaikyti ger\u0105 sveikat\u0105 ir suteikti vis\u0173 b\u016btin\u0173 maistini\u0173 med\u017eiag\u0173 kasdien.\" \/>\n<meta property=\"og:url\" content=\"https:\/\/anivet.lt\/elparduotuve\/produktas\/virbac-adult-dog-large-medium-maistas-suaugusiems-vidutiniu-ir-dideliu-veisliu-sunims-12kg\/\" \/>\n<meta property=\"og:site_name\" content=\"anivet.lt\" \/>\n<meta property=\"article:modified_time\" content=\"2026-02-23T15:39:27+00:00\" \/>\n<meta property=\"og:image\" content=\"https:\/\/anivet.lt\/elparduotuve\/wp-content\/uploads\/2024\/01\/Virbac-Adult-Dog-Large-amp-Medium-maistas-suaugusiems-vidutiniu-ir-dideliu-veisliu-sunims-16kg.jpg\" \/>\n\t<meta property=\"og:image:width\" content=\"600\" \/>\n\t<meta property=\"og:image:height\" content=\"600\" \/>\n\t<meta property=\"og:image:type\" content=\"image\/jpeg\" \/>\n<meta name=\"twitter:card\" content=\"summary_large_image\" \/>\n<meta name=\"twitter:label1\" content=\"Est. reading time\" \/>\n\t<meta name=\"twitter:data1\" content=\"1 minut\u0117\" \/>\n<script type=\"application\/ld+json\" class=\"yoast-schema-graph\">{\"@context\":\"https:\\\/\\\/schema.org\",\"@graph\":[{\"@type\":\"WebPage\",\"@id\":\"https:\\\/\\\/anivet.lt\\\/elparduotuve\\\/produktas\\\/virbac-adult-dog-large-medium-maistas-suaugusiems-vidutiniu-ir-dideliu-veisliu-sunims-12kg\\\/\",\"url\":\"https:\\\/\\\/anivet.lt\\\/elparduotuve\\\/produktas\\\/virbac-adult-dog-large-medium-maistas-suaugusiems-vidutiniu-ir-dideliu-veisliu-sunims-12kg\\\/\",\"name\":\"Virbac Adult Dog Large &amp; Medium maistas suaugusiems vidutini\u0173 ir dideli\u0173 veisli\u0173 \u0161unims 16kg - anivet.lt\",\"isPartOf\":{\"@id\":\"https:\\\/\\\/anivet.lt\\\/elparduotuve\\\/#website\"},\"primaryImageOfPage\":{\"@id\":\"https:\\\/\\\/anivet.lt\\\/elparduotuve\\\/produktas\\\/virbac-adult-dog-large-medium-maistas-suaugusiems-vidutiniu-ir-dideliu-veisliu-sunims-12kg\\\/#primaryimage\"},\"image\":{\"@id\":\"https:\\\/\\\/anivet.lt\\\/elparduotuve\\\/produktas\\\/virbac-adult-dog-large-medium-maistas-suaugusiems-vidutiniu-ir-dideliu-veisliu-sunims-12kg\\\/#primaryimage\"},\"thumbnailUrl\":\"https:\\\/\\\/anivet.lt\\\/elparduotuve\\\/wp-content\\\/uploads\\\/2024\\\/01\\\/Virbac-Adult-Dog-Large-amp-Medium-maistas-suaugusiems-vidutiniu-ir-dideliu-veisliu-sunims-16kg.jpg\",\"datePublished\":\"2024-01-08T14:50:04+00:00\",\"dateModified\":\"2026-02-23T15:39:27+00:00\",\"description\":\"Visavertis sausas maistas suaugusiems vidutini\u0173 ir dideli\u0173 veisli\u0173 \u0161unims. Sukurtas palaikyti ger\u0105 sveikat\u0105 ir suteikti vis\u0173 b\u016btin\u0173 maistini\u0173 med\u017eiag\u0173 kasdien.\",\"breadcrumb\":{\"@id\":\"https:\\\/\\\/anivet.lt\\\/elparduotuve\\\/produktas\\\/virbac-adult-dog-large-medium-maistas-suaugusiems-vidutiniu-ir-dideliu-veisliu-sunims-12kg\\\/#breadcrumb\"},\"inLanguage\":\"lt-LT\",\"potentialAction\":[{\"@type\":\"ReadAction\",\"target\":[\"https:\\\/\\\/anivet.lt\\\/elparduotuve\\\/produktas\\\/virbac-adult-dog-large-medium-maistas-suaugusiems-vidutiniu-ir-dideliu-veisliu-sunims-12kg\\\/\"]}]},{\"@type\":\"ImageObject\",\"inLanguage\":\"lt-LT\",\"@id\":\"https:\\\/\\\/anivet.lt\\\/elparduotuve\\\/produktas\\\/virbac-adult-dog-large-medium-maistas-suaugusiems-vidutiniu-ir-dideliu-veisliu-sunims-12kg\\\/#primaryimage\",\"url\":\"https:\\\/\\\/anivet.lt\\\/elparduotuve\\\/wp-content\\\/uploads\\\/2024\\\/01\\\/Virbac-Adult-Dog-Large-amp-Medium-maistas-suaugusiems-vidutiniu-ir-dideliu-veisliu-sunims-16kg.jpg\",\"contentUrl\":\"https:\\\/\\\/anivet.lt\\\/elparduotuve\\\/wp-content\\\/uploads\\\/2024\\\/01\\\/Virbac-Adult-Dog-Large-amp-Medium-maistas-suaugusiems-vidutiniu-ir-dideliu-veisliu-sunims-16kg.jpg\",\"width\":600,\"height\":600,\"caption\":\"Virbac Adult Dog Large &amp; Medium maistas suaugusiems vidutini\u0173 ir dideli\u0173 veisli\u0173 \u0161unims 16kg\"},{\"@type\":\"BreadcrumbList\",\"@id\":\"https:\\\/\\\/anivet.lt\\\/elparduotuve\\\/produktas\\\/virbac-adult-dog-large-medium-maistas-suaugusiems-vidutiniu-ir-dideliu-veisliu-sunims-12kg\\\/#breadcrumb\",\"itemListElement\":[{\"@type\":\"ListItem\",\"position\":1,\"name\":\"Home\",\"item\":\"https:\\\/\\\/anivet.lt\\\/elparduotuve\\\/\"},{\"@type\":\"ListItem\",\"position\":2,\"name\":\"Produktai\",\"item\":\"https:\\\/\\\/anivet.lt\\\/elparduotuve\\\/produktai\\\/\"},{\"@type\":\"ListItem\",\"position\":3,\"name\":\"Virbac Adult Dog Large &amp; Medium maistas suaugusiems vidutini\u0173 ir dideli\u0173 veisli\u0173 \u0161unims 16kg\"}]},{\"@type\":\"WebSite\",\"@id\":\"https:\\\/\\\/anivet.lt\\\/elparduotuve\\\/#website\",\"url\":\"https:\\\/\\\/anivet.lt\\\/elparduotuve\\\/\",\"name\":\"anivet.lt\",\"description\":\"Viskas J\u016bs\u0173 \u0161uns, kat\u0117s prie\u017ei\u016brai\",\"publisher\":{\"@id\":\"https:\\\/\\\/anivet.lt\\\/elparduotuve\\\/#organization\"},\"alternateName\":\"Viskas J\u016bs\u0173 \u0161uns, kat\u0117s prie\u017ei\u016brai\",\"potentialAction\":[{\"@type\":\"SearchAction\",\"target\":{\"@type\":\"EntryPoint\",\"urlTemplate\":\"https:\\\/\\\/anivet.lt\\\/elparduotuve\\\/?s={search_term_string}\"},\"query-input\":{\"@type\":\"PropertyValueSpecification\",\"valueRequired\":true,\"valueName\":\"search_term_string\"}}],\"inLanguage\":\"lt-LT\"},{\"@type\":\"Organization\",\"@id\":\"https:\\\/\\\/anivet.lt\\\/elparduotuve\\\/#organization\",\"name\":\"Viskas J\u016bs\u0173 \u0161uns, kat\u0117s prie\u017ei\u016brai\",\"url\":\"https:\\\/\\\/anivet.lt\\\/elparduotuve\\\/\",\"logo\":{\"@type\":\"ImageObject\",\"inLanguage\":\"lt-LT\",\"@id\":\"https:\\\/\\\/anivet.lt\\\/elparduotuve\\\/#\\\/schema\\\/logo\\\/image\\\/\",\"url\":\"https:\\\/\\\/anivet.lt\\\/elparduotuve\\\/wp-content\\\/uploads\\\/2023\\\/06\\\/logo2.jpg\",\"contentUrl\":\"https:\\\/\\\/anivet.lt\\\/elparduotuve\\\/wp-content\\\/uploads\\\/2023\\\/06\\\/logo2.jpg\",\"width\":655,\"height\":194,\"caption\":\"Viskas J\u016bs\u0173 \u0161uns, kat\u0117s prie\u017ei\u016brai\"},\"image\":{\"@id\":\"https:\\\/\\\/anivet.lt\\\/elparduotuve\\\/#\\\/schema\\\/logo\\\/image\\\/\"}}]}<\/script>\n<!-- \/ Yoast SEO Premium plugin. -->","yoast_head_json":{"title":"Virbac Adult Dog Large &amp; Medium maistas suaugusiems vidutini\u0173 ir dideli\u0173 veisli\u0173 \u0161unims 16kg - anivet.lt","description":"Visavertis sausas maistas suaugusiems vidutini\u0173 ir dideli\u0173 veisli\u0173 \u0161unims. Sukurtas palaikyti ger\u0105 sveikat\u0105 ir suteikti vis\u0173 b\u016btin\u0173 maistini\u0173 med\u017eiag\u0173 kasdien.","robots":{"index":"index","follow":"follow","max-snippet":"max-snippet:-1","max-image-preview":"max-image-preview:large","max-video-preview":"max-video-preview:-1"},"canonical":"https:\/\/anivet.lt\/elparduotuve\/produktas\/virbac-adult-dog-large-medium-maistas-suaugusiems-vidutiniu-ir-dideliu-veisliu-sunims-12kg\/","og_locale":"lt_LT","og_type":"article","og_title":"Virbac Adult Dog Large &amp; Medium maistas suaugusiems vidutini\u0173 ir dideli\u0173 veisli\u0173 \u0161unims 16kg","og_description":"Visavertis sausas maistas suaugusiems vidutini\u0173 ir dideli\u0173 veisli\u0173 \u0161unims. Sukurtas palaikyti ger\u0105 sveikat\u0105 ir suteikti vis\u0173 b\u016btin\u0173 maistini\u0173 med\u017eiag\u0173 kasdien.","og_url":"https:\/\/anivet.lt\/elparduotuve\/produktas\/virbac-adult-dog-large-medium-maistas-suaugusiems-vidutiniu-ir-dideliu-veisliu-sunims-12kg\/","og_site_name":"anivet.lt","article_modified_time":"2026-02-23T15:39:27+00:00","og_image":[{"width":600,"height":600,"url":"https:\/\/anivet.lt\/elparduotuve\/wp-content\/uploads\/2024\/01\/Virbac-Adult-Dog-Large-amp-Medium-maistas-suaugusiems-vidutiniu-ir-dideliu-veisliu-sunims-16kg.jpg","type":"image\/jpeg"}],"twitter_card":"summary_large_image","twitter_misc":{"Est. reading time":"1 minut\u0117"},"schema":{"@context":"https:\/\/schema.org","@graph":[{"@type":"WebPage","@id":"https:\/\/anivet.lt\/elparduotuve\/produktas\/virbac-adult-dog-large-medium-maistas-suaugusiems-vidutiniu-ir-dideliu-veisliu-sunims-12kg\/","url":"https:\/\/anivet.lt\/elparduotuve\/produktas\/virbac-adult-dog-large-medium-maistas-suaugusiems-vidutiniu-ir-dideliu-veisliu-sunims-12kg\/","name":"Virbac Adult Dog Large &amp; Medium maistas suaugusiems vidutini\u0173 ir dideli\u0173 veisli\u0173 \u0161unims 16kg - anivet.lt","isPartOf":{"@id":"https:\/\/anivet.lt\/elparduotuve\/#website"},"primaryImageOfPage":{"@id":"https:\/\/anivet.lt\/elparduotuve\/produktas\/virbac-adult-dog-large-medium-maistas-suaugusiems-vidutiniu-ir-dideliu-veisliu-sunims-12kg\/#primaryimage"},"image":{"@id":"https:\/\/anivet.lt\/elparduotuve\/produktas\/virbac-adult-dog-large-medium-maistas-suaugusiems-vidutiniu-ir-dideliu-veisliu-sunims-12kg\/#primaryimage"},"thumbnailUrl":"https:\/\/anivet.lt\/elparduotuve\/wp-content\/uploads\/2024\/01\/Virbac-Adult-Dog-Large-amp-Medium-maistas-suaugusiems-vidutiniu-ir-dideliu-veisliu-sunims-16kg.jpg","datePublished":"2024-01-08T14:50:04+00:00","dateModified":"2026-02-23T15:39:27+00:00","description":"Visavertis sausas maistas suaugusiems vidutini\u0173 ir dideli\u0173 veisli\u0173 \u0161unims. Sukurtas palaikyti ger\u0105 sveikat\u0105 ir suteikti vis\u0173 b\u016btin\u0173 maistini\u0173 med\u017eiag\u0173 kasdien.","breadcrumb":{"@id":"https:\/\/anivet.lt\/elparduotuve\/produktas\/virbac-adult-dog-large-medium-maistas-suaugusiems-vidutiniu-ir-dideliu-veisliu-sunims-12kg\/#breadcrumb"},"inLanguage":"lt-LT","potentialAction":[{"@type":"ReadAction","target":["https:\/\/anivet.lt\/elparduotuve\/produktas\/virbac-adult-dog-large-medium-maistas-suaugusiems-vidutiniu-ir-dideliu-veisliu-sunims-12kg\/"]}]},{"@type":"ImageObject","inLanguage":"lt-LT","@id":"https:\/\/anivet.lt\/elparduotuve\/produktas\/virbac-adult-dog-large-medium-maistas-suaugusiems-vidutiniu-ir-dideliu-veisliu-sunims-12kg\/#primaryimage","url":"https:\/\/anivet.lt\/elparduotuve\/wp-content\/uploads\/2024\/01\/Virbac-Adult-Dog-Large-amp-Medium-maistas-suaugusiems-vidutiniu-ir-dideliu-veisliu-sunims-16kg.jpg","contentUrl":"https:\/\/anivet.lt\/elparduotuve\/wp-content\/uploads\/2024\/01\/Virbac-Adult-Dog-Large-amp-Medium-maistas-suaugusiems-vidutiniu-ir-dideliu-veisliu-sunims-16kg.jpg","width":600,"height":600,"caption":"Virbac Adult Dog Large &amp; Medium maistas suaugusiems vidutini\u0173 ir dideli\u0173 veisli\u0173 \u0161unims 16kg"},{"@type":"BreadcrumbList","@id":"https:\/\/anivet.lt\/elparduotuve\/produktas\/virbac-adult-dog-large-medium-maistas-suaugusiems-vidutiniu-ir-dideliu-veisliu-sunims-12kg\/#breadcrumb","itemListElement":[{"@type":"ListItem","position":1,"name":"Home","item":"https:\/\/anivet.lt\/elparduotuve\/"},{"@type":"ListItem","position":2,"name":"Produktai","item":"https:\/\/anivet.lt\/elparduotuve\/produktai\/"},{"@type":"ListItem","position":3,"name":"Virbac Adult Dog Large &amp; Medium maistas suaugusiems vidutini\u0173 ir dideli\u0173 veisli\u0173 \u0161unims 16kg"}]},{"@type":"WebSite","@id":"https:\/\/anivet.lt\/elparduotuve\/#website","url":"https:\/\/anivet.lt\/elparduotuve\/","name":"anivet.lt","description":"Viskas J\u016bs\u0173 \u0161uns, kat\u0117s prie\u017ei\u016brai","publisher":{"@id":"https:\/\/anivet.lt\/elparduotuve\/#organization"},"alternateName":"Viskas J\u016bs\u0173 \u0161uns, kat\u0117s prie\u017ei\u016brai","potentialAction":[{"@type":"SearchAction","target":{"@type":"EntryPoint","urlTemplate":"https:\/\/anivet.lt\/elparduotuve\/?s={search_term_string}"},"query-input":{"@type":"PropertyValueSpecification","valueRequired":true,"valueName":"search_term_string"}}],"inLanguage":"lt-LT"},{"@type":"Organization","@id":"https:\/\/anivet.lt\/elparduotuve\/#organization","name":"Viskas J\u016bs\u0173 \u0161uns, kat\u0117s prie\u017ei\u016brai","url":"https:\/\/anivet.lt\/elparduotuve\/","logo":{"@type":"ImageObject","inLanguage":"lt-LT","@id":"https:\/\/anivet.lt\/elparduotuve\/#\/schema\/logo\/image\/","url":"https:\/\/anivet.lt\/elparduotuve\/wp-content\/uploads\/2023\/06\/logo2.jpg","contentUrl":"https:\/\/anivet.lt\/elparduotuve\/wp-content\/uploads\/2023\/06\/logo2.jpg","width":655,"height":194,"caption":"Viskas J\u016bs\u0173 \u0161uns, kat\u0117s prie\u017ei\u016brai"},"image":{"@id":"https:\/\/anivet.lt\/elparduotuve\/#\/schema\/logo\/image\/"}}]}},"_links":{"self":[{"href":"https:\/\/anivet.lt\/elparduotuve\/wp-json\/wp\/v2\/product\/12625","targetHints":{"allow":["GET"]}}],"collection":[{"href":"https:\/\/anivet.lt\/elparduotuve\/wp-json\/wp\/v2\/product"}],"about":[{"href":"https:\/\/anivet.lt\/elparduotuve\/wp-json\/wp\/v2\/types\/product"}],"wp:featuredmedia":[{"embeddable":true,"href":"https:\/\/anivet.lt\/elparduotuve\/wp-json\/wp\/v2\/media\/19755"}],"wp:attachment":[{"href":"https:\/\/anivet.lt\/elparduotuve\/wp-json\/wp\/v2\/media?parent=12625"}],"wp:term":[{"taxonomy":"product_brand","embeddable":true,"href":"https:\/\/anivet.lt\/elparduotuve\/wp-json\/wp\/v2\/product_brand?post=12625"},{"taxonomy":"product_cat","embeddable":true,"href":"https:\/\/anivet.lt\/elparduotuve\/wp-json\/wp\/v2\/product_cat?post=12625"},{"taxonomy":"product_tag","embeddable":true,"href":"https:\/\/anivet.lt\/elparduotuve\/wp-json\/wp\/v2\/product_tag?post=12625"}],"curies":[{"name":"wp","href":"https:\/\/api.w.org\/{rel}","templated":true}]}}