{"id":12629,"date":"2024-01-09T11:24:37","date_gmt":"2024-01-09T11:24:37","guid":{"rendered":"https:\/\/anivet.lt\/elparduotuve\/?post_type=product&#038;p=12629"},"modified":"2026-02-23T15:37:39","modified_gmt":"2026-02-23T15:37:39","slug":"virbac-senior-neutered-dog-large-medium-maistas-senyviems-sterilizuotiems-dideliu-ir-vidutiniu-veisliu-sunims-12kg","status":"publish","type":"product","link":"https:\/\/anivet.lt\/elparduotuve\/produktas\/virbac-senior-neutered-dog-large-medium-maistas-senyviems-sterilizuotiems-dideliu-ir-vidutiniu-veisliu-sunims-12kg\/","title":{"rendered":"Virbac Senior Neutered Dog Large &amp; Medium maistas senyviems, sterilizuotiems dideli\u0173 ir vidutini\u0173 veisli\u0173 \u0161unims 12kg"},"content":{"rendered":"<ul>\n<li><span style=\"font-weight: 400;\">Svorio kontrol\u0117: Ma\u017eas riebal\u0173 ir didesnis l\u0105stelienos kiekis u\u017etikrina suma\u017eint\u0105 kalorij\u0173 kiek\u012f.<\/span><\/li>\n<li><span style=\"font-weight: 400;\">Raumen\u0173 mas\u0117s palaikymas: Optimalus baltym\u0173 kiekis padeda palaikyti tvirtus raumenis, o tai naudinga s\u0105nari\u0173 stabilumui.<\/span><\/li>\n<li><span style=\"font-weight: 400;\">Sveiki s\u0105nariai: Sud\u0117tyje esantis chondroitinas ir chitosanas palaiko s\u0105nari\u0173 elastingum\u0105 bei tvirtum\u0105.<\/span><\/li>\n<li><span style=\"font-weight: 400;\">Stipri imunin\u0117 sistema: Subalansuotas baltym\u0173 ir vitamino E kiekis stiprina nat\u016brali\u0105 organizmo apsaug\u0105.<\/span><\/li>\n<li><span style=\"font-weight: 400;\">Sveika oda ir kailis: Tinkamas omega-6 ir omega-3 riebal\u0173 r\u016bg\u0161\u010di\u0173 balansas pagerina odos ir kailio b\u016bkl\u0119.<\/span><\/li>\n<\/ul>\n<p><span style=\"font-weight: 400;\">\u0160is pa\u0161aras sukurtas pagal senyviems, sterilizuotiems dideli\u0173 ir vidutini\u0173 veisli\u0173 \u0161unims b\u016bdingus poreikius. Pa\u0161aras padeda reguliuoti svor\u012f, palaikyti s\u0105nari\u0173 ir odos sveikat\u0105 bei u\u017etikrina ger\u0105 imunin\u0117s sistemos veikl\u0105. Jo sud\u0117tyje n\u0117ra potencialiai alergizuojan\u010di\u0173 ingredient\u0173, toki\u0173 kaip kukur\u016bzai, kvie\u010diai, sojos ar \u017euvis, tod\u0117l jis yra tinkamas jautresniems augintiniams<\/span><\/p>\n","protected":false},"excerpt":{"rendered":"<p><span style=\"font-weight: 400;\">Visavertis pa\u0161aras sterilizuotiems ir kastruotiems senyviems dideli\u0173 ir vidutini\u0173 veisli\u0173 \u0161unims, sukurtas specialiai ma\u017eesnio aktyvumo ir linkusiems priaugti svorio augintiniams. \u0160is pa\u0161aras tinkamas vidutini\u0173 veisli\u0173 \u0161unims (11\u201325 kg) nuo 8 met\u0173 am\u017eiaus bei dideli\u0173 veisli\u0173 \u0161unims (&gt;25 kg) nuo 6 met\u0173 am\u017eiaus.\u00a0<\/span><\/p>\n","protected":false},"featured_media":19759,"template":"","meta":[],"product_brand":[],"product_cat":[101,103,104,337],"product_tag":[],"class_list":{"0":"post-12629","1":"product","2":"type-product","3":"status-publish","4":"has-post-thumbnail","6":"product_cat-sunims","7":"product_cat-sunu-maistas","8":"product_cat-sausas-maistas","9":"product_cat-virbac-sunu-maistas","10":"pa_prekinis-zenklas-virbac","12":"first","13":"instock","14":"taxable","15":"shipping-taxable","16":"purchasable","17":"product-type-simple"},"yoast_head":"<!-- This site is optimized with the Yoast SEO Premium plugin v27.1 (Yoast SEO v27.5) - https:\/\/yoast.com\/product\/yoast-seo-premium-wordpress\/ -->\n<title>Virbac Senior Neutered Dog Large &amp; Medium maistas senyviems, sterilizuotiems dideli\u0173 ir vidutini\u0173 veisli\u0173 \u0161unims 12kg - anivet.lt<\/title>\n<meta name=\"description\" content=\"Visavertis pa\u0161aras sterilizuotiems ir kastruotiems senyviems dideli\u0173 ir vidutini\u0173 veisli\u0173 \u0161unims, sukurtas specialiai ma\u017eesnio aktyvumo ir linkusiems priaugti svorio augintiniams. \u0160is pa\u0161aras tinkamas vidutini\u0173 veisli\u0173 \u0161unims (11\u201325 kg) nuo 8 met\u0173 am\u017eiaus bei dideli\u0173 veisli\u0173 \u0161unims (&gt;25 kg) nuo 6 met\u0173 am\u017eiaus.\u00a0\" \/>\n<meta name=\"robots\" content=\"index, follow, max-snippet:-1, max-image-preview:large, max-video-preview:-1\" \/>\n<link rel=\"canonical\" href=\"https:\/\/anivet.lt\/elparduotuve\/produktas\/virbac-senior-neutered-dog-large-medium-maistas-senyviems-sterilizuotiems-dideliu-ir-vidutiniu-veisliu-sunims-12kg\/\" \/>\n<meta property=\"og:locale\" content=\"lt_LT\" \/>\n<meta property=\"og:type\" content=\"article\" \/>\n<meta property=\"og:title\" content=\"Virbac Senior Neutered Dog Large &amp; Medium maistas senyviems, sterilizuotiems dideli\u0173 ir vidutini\u0173 veisli\u0173 \u0161unims 12kg\" \/>\n<meta property=\"og:description\" content=\"Visavertis pa\u0161aras sterilizuotiems ir kastruotiems senyviems dideli\u0173 ir vidutini\u0173 veisli\u0173 \u0161unims, sukurtas specialiai ma\u017eesnio aktyvumo ir linkusiems priaugti svorio augintiniams. \u0160is pa\u0161aras tinkamas vidutini\u0173 veisli\u0173 \u0161unims (11\u201325 kg) nuo 8 met\u0173 am\u017eiaus bei dideli\u0173 veisli\u0173 \u0161unims (&gt;25 kg) nuo 6 met\u0173 am\u017eiaus.\u00a0\" \/>\n<meta property=\"og:url\" content=\"https:\/\/anivet.lt\/elparduotuve\/produktas\/virbac-senior-neutered-dog-large-medium-maistas-senyviems-sterilizuotiems-dideliu-ir-vidutiniu-veisliu-sunims-12kg\/\" \/>\n<meta property=\"og:site_name\" content=\"anivet.lt\" \/>\n<meta property=\"article:modified_time\" content=\"2026-02-23T15:37:39+00:00\" \/>\n<meta property=\"og:image\" content=\"https:\/\/anivet.lt\/elparduotuve\/wp-content\/uploads\/2024\/01\/Virbac-Senior-Neutered-Dog-Large-amp-Medium-maistas-senyviems-sterilizuotiems-dideliu-ir-vidutiniu-veisliu-sunims-12kg.jpg\" \/>\n\t<meta property=\"og:image:width\" content=\"600\" \/>\n\t<meta property=\"og:image:height\" content=\"600\" \/>\n\t<meta property=\"og:image:type\" content=\"image\/jpeg\" \/>\n<meta name=\"twitter:card\" content=\"summary_large_image\" \/>\n<meta name=\"twitter:label1\" content=\"Est. reading time\" \/>\n\t<meta name=\"twitter:data1\" content=\"1 minut\u0117\" \/>\n<script type=\"application\/ld+json\" class=\"yoast-schema-graph\">{\"@context\":\"https:\\\/\\\/schema.org\",\"@graph\":[{\"@type\":\"WebPage\",\"@id\":\"https:\\\/\\\/anivet.lt\\\/elparduotuve\\\/produktas\\\/virbac-senior-neutered-dog-large-medium-maistas-senyviems-sterilizuotiems-dideliu-ir-vidutiniu-veisliu-sunims-12kg\\\/\",\"url\":\"https:\\\/\\\/anivet.lt\\\/elparduotuve\\\/produktas\\\/virbac-senior-neutered-dog-large-medium-maistas-senyviems-sterilizuotiems-dideliu-ir-vidutiniu-veisliu-sunims-12kg\\\/\",\"name\":\"Virbac Senior Neutered Dog Large &amp; Medium maistas senyviems, sterilizuotiems dideli\u0173 ir vidutini\u0173 veisli\u0173 \u0161unims 12kg - anivet.lt\",\"isPartOf\":{\"@id\":\"https:\\\/\\\/anivet.lt\\\/elparduotuve\\\/#website\"},\"primaryImageOfPage\":{\"@id\":\"https:\\\/\\\/anivet.lt\\\/elparduotuve\\\/produktas\\\/virbac-senior-neutered-dog-large-medium-maistas-senyviems-sterilizuotiems-dideliu-ir-vidutiniu-veisliu-sunims-12kg\\\/#primaryimage\"},\"image\":{\"@id\":\"https:\\\/\\\/anivet.lt\\\/elparduotuve\\\/produktas\\\/virbac-senior-neutered-dog-large-medium-maistas-senyviems-sterilizuotiems-dideliu-ir-vidutiniu-veisliu-sunims-12kg\\\/#primaryimage\"},\"thumbnailUrl\":\"https:\\\/\\\/anivet.lt\\\/elparduotuve\\\/wp-content\\\/uploads\\\/2024\\\/01\\\/Virbac-Senior-Neutered-Dog-Large-amp-Medium-maistas-senyviems-sterilizuotiems-dideliu-ir-vidutiniu-veisliu-sunims-12kg.jpg\",\"datePublished\":\"2024-01-09T11:24:37+00:00\",\"dateModified\":\"2026-02-23T15:37:39+00:00\",\"description\":\"Visavertis pa\u0161aras sterilizuotiems ir kastruotiems senyviems dideli\u0173 ir vidutini\u0173 veisli\u0173 \u0161unims, sukurtas specialiai ma\u017eesnio aktyvumo ir linkusiems priaugti svorio augintiniams. \u0160is pa\u0161aras tinkamas vidutini\u0173 veisli\u0173 \u0161unims (11\u201325 kg) nuo 8 met\u0173 am\u017eiaus bei dideli\u0173 veisli\u0173 \u0161unims (&gt;25 kg) nuo 6 met\u0173 am\u017eiaus.\u00a0\",\"breadcrumb\":{\"@id\":\"https:\\\/\\\/anivet.lt\\\/elparduotuve\\\/produktas\\\/virbac-senior-neutered-dog-large-medium-maistas-senyviems-sterilizuotiems-dideliu-ir-vidutiniu-veisliu-sunims-12kg\\\/#breadcrumb\"},\"inLanguage\":\"lt-LT\",\"potentialAction\":[{\"@type\":\"ReadAction\",\"target\":[\"https:\\\/\\\/anivet.lt\\\/elparduotuve\\\/produktas\\\/virbac-senior-neutered-dog-large-medium-maistas-senyviems-sterilizuotiems-dideliu-ir-vidutiniu-veisliu-sunims-12kg\\\/\"]}]},{\"@type\":\"ImageObject\",\"inLanguage\":\"lt-LT\",\"@id\":\"https:\\\/\\\/anivet.lt\\\/elparduotuve\\\/produktas\\\/virbac-senior-neutered-dog-large-medium-maistas-senyviems-sterilizuotiems-dideliu-ir-vidutiniu-veisliu-sunims-12kg\\\/#primaryimage\",\"url\":\"https:\\\/\\\/anivet.lt\\\/elparduotuve\\\/wp-content\\\/uploads\\\/2024\\\/01\\\/Virbac-Senior-Neutered-Dog-Large-amp-Medium-maistas-senyviems-sterilizuotiems-dideliu-ir-vidutiniu-veisliu-sunims-12kg.jpg\",\"contentUrl\":\"https:\\\/\\\/anivet.lt\\\/elparduotuve\\\/wp-content\\\/uploads\\\/2024\\\/01\\\/Virbac-Senior-Neutered-Dog-Large-amp-Medium-maistas-senyviems-sterilizuotiems-dideliu-ir-vidutiniu-veisliu-sunims-12kg.jpg\",\"width\":600,\"height\":600,\"caption\":\"Virbac Senior Neutered Dog Large &amp; Medium maistas senyviems, sterilizuotiems dideli\u0173 ir vidutini\u0173 veisli\u0173 \u0161unims 12kg\"},{\"@type\":\"BreadcrumbList\",\"@id\":\"https:\\\/\\\/anivet.lt\\\/elparduotuve\\\/produktas\\\/virbac-senior-neutered-dog-large-medium-maistas-senyviems-sterilizuotiems-dideliu-ir-vidutiniu-veisliu-sunims-12kg\\\/#breadcrumb\",\"itemListElement\":[{\"@type\":\"ListItem\",\"position\":1,\"name\":\"Home\",\"item\":\"https:\\\/\\\/anivet.lt\\\/elparduotuve\\\/\"},{\"@type\":\"ListItem\",\"position\":2,\"name\":\"Produktai\",\"item\":\"https:\\\/\\\/anivet.lt\\\/elparduotuve\\\/produktai\\\/\"},{\"@type\":\"ListItem\",\"position\":3,\"name\":\"Virbac Senior Neutered Dog Large &amp; Medium maistas senyviems, sterilizuotiems dideli\u0173 ir vidutini\u0173 veisli\u0173 \u0161unims 12kg\"}]},{\"@type\":\"WebSite\",\"@id\":\"https:\\\/\\\/anivet.lt\\\/elparduotuve\\\/#website\",\"url\":\"https:\\\/\\\/anivet.lt\\\/elparduotuve\\\/\",\"name\":\"anivet.lt\",\"description\":\"Viskas J\u016bs\u0173 \u0161uns, kat\u0117s prie\u017ei\u016brai\",\"publisher\":{\"@id\":\"https:\\\/\\\/anivet.lt\\\/elparduotuve\\\/#organization\"},\"alternateName\":\"Viskas J\u016bs\u0173 \u0161uns, kat\u0117s prie\u017ei\u016brai\",\"potentialAction\":[{\"@type\":\"SearchAction\",\"target\":{\"@type\":\"EntryPoint\",\"urlTemplate\":\"https:\\\/\\\/anivet.lt\\\/elparduotuve\\\/?s={search_term_string}\"},\"query-input\":{\"@type\":\"PropertyValueSpecification\",\"valueRequired\":true,\"valueName\":\"search_term_string\"}}],\"inLanguage\":\"lt-LT\"},{\"@type\":\"Organization\",\"@id\":\"https:\\\/\\\/anivet.lt\\\/elparduotuve\\\/#organization\",\"name\":\"Viskas J\u016bs\u0173 \u0161uns, kat\u0117s prie\u017ei\u016brai\",\"url\":\"https:\\\/\\\/anivet.lt\\\/elparduotuve\\\/\",\"logo\":{\"@type\":\"ImageObject\",\"inLanguage\":\"lt-LT\",\"@id\":\"https:\\\/\\\/anivet.lt\\\/elparduotuve\\\/#\\\/schema\\\/logo\\\/image\\\/\",\"url\":\"https:\\\/\\\/anivet.lt\\\/elparduotuve\\\/wp-content\\\/uploads\\\/2023\\\/06\\\/logo2.jpg\",\"contentUrl\":\"https:\\\/\\\/anivet.lt\\\/elparduotuve\\\/wp-content\\\/uploads\\\/2023\\\/06\\\/logo2.jpg\",\"width\":655,\"height\":194,\"caption\":\"Viskas J\u016bs\u0173 \u0161uns, kat\u0117s prie\u017ei\u016brai\"},\"image\":{\"@id\":\"https:\\\/\\\/anivet.lt\\\/elparduotuve\\\/#\\\/schema\\\/logo\\\/image\\\/\"}}]}<\/script>\n<!-- \/ Yoast SEO Premium plugin. -->","yoast_head_json":{"title":"Virbac Senior Neutered Dog Large &amp; Medium maistas senyviems, sterilizuotiems dideli\u0173 ir vidutini\u0173 veisli\u0173 \u0161unims 12kg - anivet.lt","description":"Visavertis pa\u0161aras sterilizuotiems ir kastruotiems senyviems dideli\u0173 ir vidutini\u0173 veisli\u0173 \u0161unims, sukurtas specialiai ma\u017eesnio aktyvumo ir linkusiems priaugti svorio augintiniams. \u0160is pa\u0161aras tinkamas vidutini\u0173 veisli\u0173 \u0161unims (11\u201325 kg) nuo 8 met\u0173 am\u017eiaus bei dideli\u0173 veisli\u0173 \u0161unims (&gt;25 kg) nuo 6 met\u0173 am\u017eiaus.\u00a0","robots":{"index":"index","follow":"follow","max-snippet":"max-snippet:-1","max-image-preview":"max-image-preview:large","max-video-preview":"max-video-preview:-1"},"canonical":"https:\/\/anivet.lt\/elparduotuve\/produktas\/virbac-senior-neutered-dog-large-medium-maistas-senyviems-sterilizuotiems-dideliu-ir-vidutiniu-veisliu-sunims-12kg\/","og_locale":"lt_LT","og_type":"article","og_title":"Virbac Senior Neutered Dog Large &amp; Medium maistas senyviems, sterilizuotiems dideli\u0173 ir vidutini\u0173 veisli\u0173 \u0161unims 12kg","og_description":"Visavertis pa\u0161aras sterilizuotiems ir kastruotiems senyviems dideli\u0173 ir vidutini\u0173 veisli\u0173 \u0161unims, sukurtas specialiai ma\u017eesnio aktyvumo ir linkusiems priaugti svorio augintiniams. \u0160is pa\u0161aras tinkamas vidutini\u0173 veisli\u0173 \u0161unims (11\u201325 kg) nuo 8 met\u0173 am\u017eiaus bei dideli\u0173 veisli\u0173 \u0161unims (&gt;25 kg) nuo 6 met\u0173 am\u017eiaus.\u00a0","og_url":"https:\/\/anivet.lt\/elparduotuve\/produktas\/virbac-senior-neutered-dog-large-medium-maistas-senyviems-sterilizuotiems-dideliu-ir-vidutiniu-veisliu-sunims-12kg\/","og_site_name":"anivet.lt","article_modified_time":"2026-02-23T15:37:39+00:00","og_image":[{"width":600,"height":600,"url":"https:\/\/anivet.lt\/elparduotuve\/wp-content\/uploads\/2024\/01\/Virbac-Senior-Neutered-Dog-Large-amp-Medium-maistas-senyviems-sterilizuotiems-dideliu-ir-vidutiniu-veisliu-sunims-12kg.jpg","type":"image\/jpeg"}],"twitter_card":"summary_large_image","twitter_misc":{"Est. reading time":"1 minut\u0117"},"schema":{"@context":"https:\/\/schema.org","@graph":[{"@type":"WebPage","@id":"https:\/\/anivet.lt\/elparduotuve\/produktas\/virbac-senior-neutered-dog-large-medium-maistas-senyviems-sterilizuotiems-dideliu-ir-vidutiniu-veisliu-sunims-12kg\/","url":"https:\/\/anivet.lt\/elparduotuve\/produktas\/virbac-senior-neutered-dog-large-medium-maistas-senyviems-sterilizuotiems-dideliu-ir-vidutiniu-veisliu-sunims-12kg\/","name":"Virbac Senior Neutered Dog Large &amp; Medium maistas senyviems, sterilizuotiems dideli\u0173 ir vidutini\u0173 veisli\u0173 \u0161unims 12kg - anivet.lt","isPartOf":{"@id":"https:\/\/anivet.lt\/elparduotuve\/#website"},"primaryImageOfPage":{"@id":"https:\/\/anivet.lt\/elparduotuve\/produktas\/virbac-senior-neutered-dog-large-medium-maistas-senyviems-sterilizuotiems-dideliu-ir-vidutiniu-veisliu-sunims-12kg\/#primaryimage"},"image":{"@id":"https:\/\/anivet.lt\/elparduotuve\/produktas\/virbac-senior-neutered-dog-large-medium-maistas-senyviems-sterilizuotiems-dideliu-ir-vidutiniu-veisliu-sunims-12kg\/#primaryimage"},"thumbnailUrl":"https:\/\/anivet.lt\/elparduotuve\/wp-content\/uploads\/2024\/01\/Virbac-Senior-Neutered-Dog-Large-amp-Medium-maistas-senyviems-sterilizuotiems-dideliu-ir-vidutiniu-veisliu-sunims-12kg.jpg","datePublished":"2024-01-09T11:24:37+00:00","dateModified":"2026-02-23T15:37:39+00:00","description":"Visavertis pa\u0161aras sterilizuotiems ir kastruotiems senyviems dideli\u0173 ir vidutini\u0173 veisli\u0173 \u0161unims, sukurtas specialiai ma\u017eesnio aktyvumo ir linkusiems priaugti svorio augintiniams. \u0160is pa\u0161aras tinkamas vidutini\u0173 veisli\u0173 \u0161unims (11\u201325 kg) nuo 8 met\u0173 am\u017eiaus bei dideli\u0173 veisli\u0173 \u0161unims (&gt;25 kg) nuo 6 met\u0173 am\u017eiaus.\u00a0","breadcrumb":{"@id":"https:\/\/anivet.lt\/elparduotuve\/produktas\/virbac-senior-neutered-dog-large-medium-maistas-senyviems-sterilizuotiems-dideliu-ir-vidutiniu-veisliu-sunims-12kg\/#breadcrumb"},"inLanguage":"lt-LT","potentialAction":[{"@type":"ReadAction","target":["https:\/\/anivet.lt\/elparduotuve\/produktas\/virbac-senior-neutered-dog-large-medium-maistas-senyviems-sterilizuotiems-dideliu-ir-vidutiniu-veisliu-sunims-12kg\/"]}]},{"@type":"ImageObject","inLanguage":"lt-LT","@id":"https:\/\/anivet.lt\/elparduotuve\/produktas\/virbac-senior-neutered-dog-large-medium-maistas-senyviems-sterilizuotiems-dideliu-ir-vidutiniu-veisliu-sunims-12kg\/#primaryimage","url":"https:\/\/anivet.lt\/elparduotuve\/wp-content\/uploads\/2024\/01\/Virbac-Senior-Neutered-Dog-Large-amp-Medium-maistas-senyviems-sterilizuotiems-dideliu-ir-vidutiniu-veisliu-sunims-12kg.jpg","contentUrl":"https:\/\/anivet.lt\/elparduotuve\/wp-content\/uploads\/2024\/01\/Virbac-Senior-Neutered-Dog-Large-amp-Medium-maistas-senyviems-sterilizuotiems-dideliu-ir-vidutiniu-veisliu-sunims-12kg.jpg","width":600,"height":600,"caption":"Virbac Senior Neutered Dog Large &amp; Medium maistas senyviems, sterilizuotiems dideli\u0173 ir vidutini\u0173 veisli\u0173 \u0161unims 12kg"},{"@type":"BreadcrumbList","@id":"https:\/\/anivet.lt\/elparduotuve\/produktas\/virbac-senior-neutered-dog-large-medium-maistas-senyviems-sterilizuotiems-dideliu-ir-vidutiniu-veisliu-sunims-12kg\/#breadcrumb","itemListElement":[{"@type":"ListItem","position":1,"name":"Home","item":"https:\/\/anivet.lt\/elparduotuve\/"},{"@type":"ListItem","position":2,"name":"Produktai","item":"https:\/\/anivet.lt\/elparduotuve\/produktai\/"},{"@type":"ListItem","position":3,"name":"Virbac Senior Neutered Dog Large &amp; Medium maistas senyviems, sterilizuotiems dideli\u0173 ir vidutini\u0173 veisli\u0173 \u0161unims 12kg"}]},{"@type":"WebSite","@id":"https:\/\/anivet.lt\/elparduotuve\/#website","url":"https:\/\/anivet.lt\/elparduotuve\/","name":"anivet.lt","description":"Viskas J\u016bs\u0173 \u0161uns, kat\u0117s prie\u017ei\u016brai","publisher":{"@id":"https:\/\/anivet.lt\/elparduotuve\/#organization"},"alternateName":"Viskas J\u016bs\u0173 \u0161uns, kat\u0117s prie\u017ei\u016brai","potentialAction":[{"@type":"SearchAction","target":{"@type":"EntryPoint","urlTemplate":"https:\/\/anivet.lt\/elparduotuve\/?s={search_term_string}"},"query-input":{"@type":"PropertyValueSpecification","valueRequired":true,"valueName":"search_term_string"}}],"inLanguage":"lt-LT"},{"@type":"Organization","@id":"https:\/\/anivet.lt\/elparduotuve\/#organization","name":"Viskas J\u016bs\u0173 \u0161uns, kat\u0117s prie\u017ei\u016brai","url":"https:\/\/anivet.lt\/elparduotuve\/","logo":{"@type":"ImageObject","inLanguage":"lt-LT","@id":"https:\/\/anivet.lt\/elparduotuve\/#\/schema\/logo\/image\/","url":"https:\/\/anivet.lt\/elparduotuve\/wp-content\/uploads\/2023\/06\/logo2.jpg","contentUrl":"https:\/\/anivet.lt\/elparduotuve\/wp-content\/uploads\/2023\/06\/logo2.jpg","width":655,"height":194,"caption":"Viskas J\u016bs\u0173 \u0161uns, kat\u0117s prie\u017ei\u016brai"},"image":{"@id":"https:\/\/anivet.lt\/elparduotuve\/#\/schema\/logo\/image\/"}}]}},"_links":{"self":[{"href":"https:\/\/anivet.lt\/elparduotuve\/wp-json\/wp\/v2\/product\/12629","targetHints":{"allow":["GET"]}}],"collection":[{"href":"https:\/\/anivet.lt\/elparduotuve\/wp-json\/wp\/v2\/product"}],"about":[{"href":"https:\/\/anivet.lt\/elparduotuve\/wp-json\/wp\/v2\/types\/product"}],"wp:featuredmedia":[{"embeddable":true,"href":"https:\/\/anivet.lt\/elparduotuve\/wp-json\/wp\/v2\/media\/19759"}],"wp:attachment":[{"href":"https:\/\/anivet.lt\/elparduotuve\/wp-json\/wp\/v2\/media?parent=12629"}],"wp:term":[{"taxonomy":"product_brand","embeddable":true,"href":"https:\/\/anivet.lt\/elparduotuve\/wp-json\/wp\/v2\/product_brand?post=12629"},{"taxonomy":"product_cat","embeddable":true,"href":"https:\/\/anivet.lt\/elparduotuve\/wp-json\/wp\/v2\/product_cat?post=12629"},{"taxonomy":"product_tag","embeddable":true,"href":"https:\/\/anivet.lt\/elparduotuve\/wp-json\/wp\/v2\/product_tag?post=12629"}],"curies":[{"name":"wp","href":"https:\/\/api.w.org\/{rel}","templated":true}]}}