{"id":12651,"date":"2024-01-13T09:45:33","date_gmt":"2024-01-13T09:45:33","guid":{"rendered":"https:\/\/anivet.lt\/elparduotuve\/?post_type=product&#038;p=12651"},"modified":"2025-12-23T09:56:14","modified_gmt":"2025-12-23T09:56:14","slug":"aatu-pasaras-katems-85-15-su-vistiena-3kg","status":"publish","type":"product","link":"https:\/\/anivet.lt\/elparduotuve\/produktas\/aatu-pasaras-katems-85-15-su-vistiena-3kg\/","title":{"rendered":"AATU Pa\u0161aras Kat\u0117ms 85\/15 Su Vi\u0161tiena 3kg"},"content":{"rendered":"<ul>\n<li style=\"font-weight: 400;\" aria-level=\"1\"><span style=\"font-weight: 400;\">Auk\u0161tos kokyb\u0117s baltymai: Sud\u0117tyje yra 85% vi\u0161tienos (44% \u0161vie\u017eiai paruo\u0161tos ir 41% sausos), u\u017etikrinan\u010dios visavert\u012f ir lengvai vir\u0161kinam\u0105 baltym\u0173 \u0161altin\u012f.<\/span><\/li>\n<li style=\"font-weight: 400;\" aria-level=\"1\"><span style=\"font-weight: 400;\">Praturtintas aminor\u016bg\u0161timis: Taurinas, argininas ir triptofanas prisideda prie sveikos \u0161irdies, reg\u0117jimo ir bendrai stiprios imunin\u0117s sistemos.<\/span><\/li>\n<li style=\"font-weight: 400;\" aria-level=\"1\"><span style=\"font-weight: 400;\">\u201eSUPER-8\u201c formul\u0117: Unikalus 8 vaisi\u0173, 8 dar\u017eovi\u0173, 8 vaista\u017eoli\u0173 ir 8 prieskoni\u0173 derinys praturtina pa\u0161ar\u0105 nat\u016braliais antioksidantais ir maistin\u0117mis med\u017eiagomis.<\/span><\/li>\n<li style=\"font-weight: 400;\" aria-level=\"1\"><span style=\"font-weight: 400;\">Be gr\u016bd\u0173 ir gliuteno: Tinka jautrioms kat\u0117ms, suma\u017eina galim\u0173 alergij\u0173 rizik\u0105.<\/span><\/li>\n<li style=\"font-weight: 400;\" aria-level=\"1\"><span style=\"font-weight: 400;\">Nat\u016brali sud\u0117tis: Be sintetini\u0173 da\u017eikli\u0173, kvapikli\u0173 ir konservant\u0173 \u2013 tik nat\u016bral\u016bs ingredientai, skirti j\u016bs\u0173 kat\u0117s gerovei.<\/span><\/li>\n<\/ul>\n<p><span style=\"font-weight: 400;\">\u0160is pa\u0161aras ne tik atitinka evoliucinius kat\u0117s mitybos poreikius, bet ir yra gaminamas kruop\u0161\u010diai naudojant auk\u0161tos kokyb\u0117s ingredientus, kad b\u016bt\u0173 u\u017etikrinta gera vir\u0161kinamoji sveikata, energija ir sveikas kailis.\u00a0<\/span><\/p>\n","protected":false},"excerpt":{"rendered":"<p><span style=\"font-weight: 400;\">Nat\u016bralus ir subalansuotas sausas pa\u0161aras, specialiai sukurtas \u201eprisiekusiems\u201c m\u0117s\u0117d\u017eiams \u2013 kat\u0117ms. Su 85% vi\u0161tienos ir \u201eSUPER-8\u201c formul\u0117s ingredientais, \u0161is pa\u0161aras u\u017etikrina, kad j\u016bs\u0173 kat\u0117 gaut\u0173 reikalingas maistines med\u017eiagas ir m\u0117gaut\u0173si skaniu bei kokybi\u0161ku maistu.<\/span><\/p>\n","protected":false},"featured_media":12652,"template":"","meta":[],"product_brand":[],"product_cat":[338,114,115,102],"product_tag":[],"class_list":{"0":"post-12651","1":"product","2":"type-product","3":"status-publish","4":"has-post-thumbnail","6":"product_cat-aatu-kaciu-maistas","7":"product_cat-kaciu-maistas","8":"product_cat-sausas-maistas-ir-skanestai-katems","9":"product_cat-katems","10":"pa_prekinis-zenklas-aatu","12":"first","13":"outofstock","14":"taxable","15":"shipping-taxable","16":"purchasable","17":"product-type-simple"},"yoast_head":"<!-- This site is optimized with the Yoast SEO Premium plugin v27.1 (Yoast SEO v27.5) - https:\/\/yoast.com\/product\/yoast-seo-premium-wordpress\/ -->\n<title>AATU Pa\u0161aras Kat\u0117ms 85\/15 Su Vi\u0161tiena 3kg - anivet.lt<\/title>\n<meta name=\"description\" content=\"Nat\u016bralus ir subalansuotas sausas pa\u0161aras, specialiai sukurtas \u201eprisiekusiems\u201c m\u0117s\u0117d\u017eiams \u2013 kat\u0117ms. Su 85% vi\u0161tienos ir \u201eSUPER-8\u201c formul\u0117s ingredientais, \u0161is pa\u0161aras u\u017etikrina, kad j\u016bs\u0173 kat\u0117 gaut\u0173 reikalingas maistines med\u017eiagas ir m\u0117gaut\u0173si skaniu bei kokybi\u0161ku maistu.\" \/>\n<meta name=\"robots\" content=\"index, follow, max-snippet:-1, max-image-preview:large, max-video-preview:-1\" \/>\n<link rel=\"canonical\" href=\"https:\/\/anivet.lt\/elparduotuve\/produktas\/aatu-pasaras-katems-85-15-su-vistiena-3kg\/\" \/>\n<meta property=\"og:locale\" content=\"lt_LT\" \/>\n<meta property=\"og:type\" content=\"article\" \/>\n<meta property=\"og:title\" content=\"AATU Pa\u0161aras Kat\u0117ms 85\/15 Su Vi\u0161tiena 3kg\" \/>\n<meta property=\"og:description\" content=\"Nat\u016bralus ir subalansuotas sausas pa\u0161aras, specialiai sukurtas \u201eprisiekusiems\u201c m\u0117s\u0117d\u017eiams \u2013 kat\u0117ms. Su 85% vi\u0161tienos ir \u201eSUPER-8\u201c formul\u0117s ingredientais, \u0161is pa\u0161aras u\u017etikrina, kad j\u016bs\u0173 kat\u0117 gaut\u0173 reikalingas maistines med\u017eiagas ir m\u0117gaut\u0173si skaniu bei kokybi\u0161ku maistu.\" \/>\n<meta property=\"og:url\" content=\"https:\/\/anivet.lt\/elparduotuve\/produktas\/aatu-pasaras-katems-85-15-su-vistiena-3kg\/\" \/>\n<meta property=\"og:site_name\" content=\"anivet.lt\" \/>\n<meta property=\"article:modified_time\" content=\"2025-12-23T09:56:14+00:00\" \/>\n<meta property=\"og:image\" content=\"https:\/\/anivet.lt\/elparduotuve\/wp-content\/uploads\/2024\/01\/AATUsu-vistiena-3kg-cat.jpg\" \/>\n\t<meta property=\"og:image:width\" content=\"400\" \/>\n\t<meta property=\"og:image:height\" content=\"550\" \/>\n\t<meta property=\"og:image:type\" content=\"image\/jpeg\" \/>\n<meta name=\"twitter:card\" content=\"summary_large_image\" \/>\n<meta name=\"twitter:label1\" content=\"Est. reading time\" \/>\n\t<meta name=\"twitter:data1\" content=\"1 minut\u0117\" \/>\n<script type=\"application\/ld+json\" class=\"yoast-schema-graph\">{\"@context\":\"https:\\\/\\\/schema.org\",\"@graph\":[{\"@type\":\"WebPage\",\"@id\":\"https:\\\/\\\/anivet.lt\\\/elparduotuve\\\/produktas\\\/aatu-pasaras-katems-85-15-su-vistiena-3kg\\\/\",\"url\":\"https:\\\/\\\/anivet.lt\\\/elparduotuve\\\/produktas\\\/aatu-pasaras-katems-85-15-su-vistiena-3kg\\\/\",\"name\":\"AATU Pa\u0161aras Kat\u0117ms 85\\\/15 Su Vi\u0161tiena 3kg - anivet.lt\",\"isPartOf\":{\"@id\":\"https:\\\/\\\/anivet.lt\\\/elparduotuve\\\/#website\"},\"primaryImageOfPage\":{\"@id\":\"https:\\\/\\\/anivet.lt\\\/elparduotuve\\\/produktas\\\/aatu-pasaras-katems-85-15-su-vistiena-3kg\\\/#primaryimage\"},\"image\":{\"@id\":\"https:\\\/\\\/anivet.lt\\\/elparduotuve\\\/produktas\\\/aatu-pasaras-katems-85-15-su-vistiena-3kg\\\/#primaryimage\"},\"thumbnailUrl\":\"https:\\\/\\\/anivet.lt\\\/elparduotuve\\\/wp-content\\\/uploads\\\/2024\\\/01\\\/AATUsu-vistiena-3kg-cat.jpg\",\"datePublished\":\"2024-01-13T09:45:33+00:00\",\"dateModified\":\"2025-12-23T09:56:14+00:00\",\"description\":\"Nat\u016bralus ir subalansuotas sausas pa\u0161aras, specialiai sukurtas \u201eprisiekusiems\u201c m\u0117s\u0117d\u017eiams \u2013 kat\u0117ms. Su 85% vi\u0161tienos ir \u201eSUPER-8\u201c formul\u0117s ingredientais, \u0161is pa\u0161aras u\u017etikrina, kad j\u016bs\u0173 kat\u0117 gaut\u0173 reikalingas maistines med\u017eiagas ir m\u0117gaut\u0173si skaniu bei kokybi\u0161ku maistu.\",\"breadcrumb\":{\"@id\":\"https:\\\/\\\/anivet.lt\\\/elparduotuve\\\/produktas\\\/aatu-pasaras-katems-85-15-su-vistiena-3kg\\\/#breadcrumb\"},\"inLanguage\":\"lt-LT\",\"potentialAction\":[{\"@type\":\"ReadAction\",\"target\":[\"https:\\\/\\\/anivet.lt\\\/elparduotuve\\\/produktas\\\/aatu-pasaras-katems-85-15-su-vistiena-3kg\\\/\"]}]},{\"@type\":\"ImageObject\",\"inLanguage\":\"lt-LT\",\"@id\":\"https:\\\/\\\/anivet.lt\\\/elparduotuve\\\/produktas\\\/aatu-pasaras-katems-85-15-su-vistiena-3kg\\\/#primaryimage\",\"url\":\"https:\\\/\\\/anivet.lt\\\/elparduotuve\\\/wp-content\\\/uploads\\\/2024\\\/01\\\/AATUsu-vistiena-3kg-cat.jpg\",\"contentUrl\":\"https:\\\/\\\/anivet.lt\\\/elparduotuve\\\/wp-content\\\/uploads\\\/2024\\\/01\\\/AATUsu-vistiena-3kg-cat.jpg\",\"width\":400,\"height\":550,\"caption\":\"AATU Pa\u0161aras Kat\u0117ms 85\\\/15 Su Vi\u0161tiena 3kg\"},{\"@type\":\"BreadcrumbList\",\"@id\":\"https:\\\/\\\/anivet.lt\\\/elparduotuve\\\/produktas\\\/aatu-pasaras-katems-85-15-su-vistiena-3kg\\\/#breadcrumb\",\"itemListElement\":[{\"@type\":\"ListItem\",\"position\":1,\"name\":\"Home\",\"item\":\"https:\\\/\\\/anivet.lt\\\/elparduotuve\\\/\"},{\"@type\":\"ListItem\",\"position\":2,\"name\":\"Produktai\",\"item\":\"https:\\\/\\\/anivet.lt\\\/elparduotuve\\\/produktai\\\/\"},{\"@type\":\"ListItem\",\"position\":3,\"name\":\"AATU Pa\u0161aras Kat\u0117ms 85\\\/15 Su Vi\u0161tiena 3kg\"}]},{\"@type\":\"WebSite\",\"@id\":\"https:\\\/\\\/anivet.lt\\\/elparduotuve\\\/#website\",\"url\":\"https:\\\/\\\/anivet.lt\\\/elparduotuve\\\/\",\"name\":\"anivet.lt\",\"description\":\"Viskas J\u016bs\u0173 \u0161uns, kat\u0117s prie\u017ei\u016brai\",\"publisher\":{\"@id\":\"https:\\\/\\\/anivet.lt\\\/elparduotuve\\\/#organization\"},\"alternateName\":\"Viskas J\u016bs\u0173 \u0161uns, kat\u0117s prie\u017ei\u016brai\",\"potentialAction\":[{\"@type\":\"SearchAction\",\"target\":{\"@type\":\"EntryPoint\",\"urlTemplate\":\"https:\\\/\\\/anivet.lt\\\/elparduotuve\\\/?s={search_term_string}\"},\"query-input\":{\"@type\":\"PropertyValueSpecification\",\"valueRequired\":true,\"valueName\":\"search_term_string\"}}],\"inLanguage\":\"lt-LT\"},{\"@type\":\"Organization\",\"@id\":\"https:\\\/\\\/anivet.lt\\\/elparduotuve\\\/#organization\",\"name\":\"Viskas J\u016bs\u0173 \u0161uns, kat\u0117s prie\u017ei\u016brai\",\"url\":\"https:\\\/\\\/anivet.lt\\\/elparduotuve\\\/\",\"logo\":{\"@type\":\"ImageObject\",\"inLanguage\":\"lt-LT\",\"@id\":\"https:\\\/\\\/anivet.lt\\\/elparduotuve\\\/#\\\/schema\\\/logo\\\/image\\\/\",\"url\":\"https:\\\/\\\/anivet.lt\\\/elparduotuve\\\/wp-content\\\/uploads\\\/2023\\\/06\\\/logo2.jpg\",\"contentUrl\":\"https:\\\/\\\/anivet.lt\\\/elparduotuve\\\/wp-content\\\/uploads\\\/2023\\\/06\\\/logo2.jpg\",\"width\":655,\"height\":194,\"caption\":\"Viskas J\u016bs\u0173 \u0161uns, kat\u0117s prie\u017ei\u016brai\"},\"image\":{\"@id\":\"https:\\\/\\\/anivet.lt\\\/elparduotuve\\\/#\\\/schema\\\/logo\\\/image\\\/\"}}]}<\/script>\n<!-- \/ Yoast SEO Premium plugin. -->","yoast_head_json":{"title":"AATU Pa\u0161aras Kat\u0117ms 85\/15 Su Vi\u0161tiena 3kg - anivet.lt","description":"Nat\u016bralus ir subalansuotas sausas pa\u0161aras, specialiai sukurtas \u201eprisiekusiems\u201c m\u0117s\u0117d\u017eiams \u2013 kat\u0117ms. Su 85% vi\u0161tienos ir \u201eSUPER-8\u201c formul\u0117s ingredientais, \u0161is pa\u0161aras u\u017etikrina, kad j\u016bs\u0173 kat\u0117 gaut\u0173 reikalingas maistines med\u017eiagas ir m\u0117gaut\u0173si skaniu bei kokybi\u0161ku maistu.","robots":{"index":"index","follow":"follow","max-snippet":"max-snippet:-1","max-image-preview":"max-image-preview:large","max-video-preview":"max-video-preview:-1"},"canonical":"https:\/\/anivet.lt\/elparduotuve\/produktas\/aatu-pasaras-katems-85-15-su-vistiena-3kg\/","og_locale":"lt_LT","og_type":"article","og_title":"AATU Pa\u0161aras Kat\u0117ms 85\/15 Su Vi\u0161tiena 3kg","og_description":"Nat\u016bralus ir subalansuotas sausas pa\u0161aras, specialiai sukurtas \u201eprisiekusiems\u201c m\u0117s\u0117d\u017eiams \u2013 kat\u0117ms. Su 85% vi\u0161tienos ir \u201eSUPER-8\u201c formul\u0117s ingredientais, \u0161is pa\u0161aras u\u017etikrina, kad j\u016bs\u0173 kat\u0117 gaut\u0173 reikalingas maistines med\u017eiagas ir m\u0117gaut\u0173si skaniu bei kokybi\u0161ku maistu.","og_url":"https:\/\/anivet.lt\/elparduotuve\/produktas\/aatu-pasaras-katems-85-15-su-vistiena-3kg\/","og_site_name":"anivet.lt","article_modified_time":"2025-12-23T09:56:14+00:00","og_image":[{"width":400,"height":550,"url":"https:\/\/anivet.lt\/elparduotuve\/wp-content\/uploads\/2024\/01\/AATUsu-vistiena-3kg-cat.jpg","type":"image\/jpeg"}],"twitter_card":"summary_large_image","twitter_misc":{"Est. reading time":"1 minut\u0117"},"schema":{"@context":"https:\/\/schema.org","@graph":[{"@type":"WebPage","@id":"https:\/\/anivet.lt\/elparduotuve\/produktas\/aatu-pasaras-katems-85-15-su-vistiena-3kg\/","url":"https:\/\/anivet.lt\/elparduotuve\/produktas\/aatu-pasaras-katems-85-15-su-vistiena-3kg\/","name":"AATU Pa\u0161aras Kat\u0117ms 85\/15 Su Vi\u0161tiena 3kg - anivet.lt","isPartOf":{"@id":"https:\/\/anivet.lt\/elparduotuve\/#website"},"primaryImageOfPage":{"@id":"https:\/\/anivet.lt\/elparduotuve\/produktas\/aatu-pasaras-katems-85-15-su-vistiena-3kg\/#primaryimage"},"image":{"@id":"https:\/\/anivet.lt\/elparduotuve\/produktas\/aatu-pasaras-katems-85-15-su-vistiena-3kg\/#primaryimage"},"thumbnailUrl":"https:\/\/anivet.lt\/elparduotuve\/wp-content\/uploads\/2024\/01\/AATUsu-vistiena-3kg-cat.jpg","datePublished":"2024-01-13T09:45:33+00:00","dateModified":"2025-12-23T09:56:14+00:00","description":"Nat\u016bralus ir subalansuotas sausas pa\u0161aras, specialiai sukurtas \u201eprisiekusiems\u201c m\u0117s\u0117d\u017eiams \u2013 kat\u0117ms. Su 85% vi\u0161tienos ir \u201eSUPER-8\u201c formul\u0117s ingredientais, \u0161is pa\u0161aras u\u017etikrina, kad j\u016bs\u0173 kat\u0117 gaut\u0173 reikalingas maistines med\u017eiagas ir m\u0117gaut\u0173si skaniu bei kokybi\u0161ku maistu.","breadcrumb":{"@id":"https:\/\/anivet.lt\/elparduotuve\/produktas\/aatu-pasaras-katems-85-15-su-vistiena-3kg\/#breadcrumb"},"inLanguage":"lt-LT","potentialAction":[{"@type":"ReadAction","target":["https:\/\/anivet.lt\/elparduotuve\/produktas\/aatu-pasaras-katems-85-15-su-vistiena-3kg\/"]}]},{"@type":"ImageObject","inLanguage":"lt-LT","@id":"https:\/\/anivet.lt\/elparduotuve\/produktas\/aatu-pasaras-katems-85-15-su-vistiena-3kg\/#primaryimage","url":"https:\/\/anivet.lt\/elparduotuve\/wp-content\/uploads\/2024\/01\/AATUsu-vistiena-3kg-cat.jpg","contentUrl":"https:\/\/anivet.lt\/elparduotuve\/wp-content\/uploads\/2024\/01\/AATUsu-vistiena-3kg-cat.jpg","width":400,"height":550,"caption":"AATU Pa\u0161aras Kat\u0117ms 85\/15 Su Vi\u0161tiena 3kg"},{"@type":"BreadcrumbList","@id":"https:\/\/anivet.lt\/elparduotuve\/produktas\/aatu-pasaras-katems-85-15-su-vistiena-3kg\/#breadcrumb","itemListElement":[{"@type":"ListItem","position":1,"name":"Home","item":"https:\/\/anivet.lt\/elparduotuve\/"},{"@type":"ListItem","position":2,"name":"Produktai","item":"https:\/\/anivet.lt\/elparduotuve\/produktai\/"},{"@type":"ListItem","position":3,"name":"AATU Pa\u0161aras Kat\u0117ms 85\/15 Su Vi\u0161tiena 3kg"}]},{"@type":"WebSite","@id":"https:\/\/anivet.lt\/elparduotuve\/#website","url":"https:\/\/anivet.lt\/elparduotuve\/","name":"anivet.lt","description":"Viskas J\u016bs\u0173 \u0161uns, kat\u0117s prie\u017ei\u016brai","publisher":{"@id":"https:\/\/anivet.lt\/elparduotuve\/#organization"},"alternateName":"Viskas J\u016bs\u0173 \u0161uns, kat\u0117s prie\u017ei\u016brai","potentialAction":[{"@type":"SearchAction","target":{"@type":"EntryPoint","urlTemplate":"https:\/\/anivet.lt\/elparduotuve\/?s={search_term_string}"},"query-input":{"@type":"PropertyValueSpecification","valueRequired":true,"valueName":"search_term_string"}}],"inLanguage":"lt-LT"},{"@type":"Organization","@id":"https:\/\/anivet.lt\/elparduotuve\/#organization","name":"Viskas J\u016bs\u0173 \u0161uns, kat\u0117s prie\u017ei\u016brai","url":"https:\/\/anivet.lt\/elparduotuve\/","logo":{"@type":"ImageObject","inLanguage":"lt-LT","@id":"https:\/\/anivet.lt\/elparduotuve\/#\/schema\/logo\/image\/","url":"https:\/\/anivet.lt\/elparduotuve\/wp-content\/uploads\/2023\/06\/logo2.jpg","contentUrl":"https:\/\/anivet.lt\/elparduotuve\/wp-content\/uploads\/2023\/06\/logo2.jpg","width":655,"height":194,"caption":"Viskas J\u016bs\u0173 \u0161uns, kat\u0117s prie\u017ei\u016brai"},"image":{"@id":"https:\/\/anivet.lt\/elparduotuve\/#\/schema\/logo\/image\/"}}]}},"_links":{"self":[{"href":"https:\/\/anivet.lt\/elparduotuve\/wp-json\/wp\/v2\/product\/12651","targetHints":{"allow":["GET"]}}],"collection":[{"href":"https:\/\/anivet.lt\/elparduotuve\/wp-json\/wp\/v2\/product"}],"about":[{"href":"https:\/\/anivet.lt\/elparduotuve\/wp-json\/wp\/v2\/types\/product"}],"wp:featuredmedia":[{"embeddable":true,"href":"https:\/\/anivet.lt\/elparduotuve\/wp-json\/wp\/v2\/media\/12652"}],"wp:attachment":[{"href":"https:\/\/anivet.lt\/elparduotuve\/wp-json\/wp\/v2\/media?parent=12651"}],"wp:term":[{"taxonomy":"product_brand","embeddable":true,"href":"https:\/\/anivet.lt\/elparduotuve\/wp-json\/wp\/v2\/product_brand?post=12651"},{"taxonomy":"product_cat","embeddable":true,"href":"https:\/\/anivet.lt\/elparduotuve\/wp-json\/wp\/v2\/product_cat?post=12651"},{"taxonomy":"product_tag","embeddable":true,"href":"https:\/\/anivet.lt\/elparduotuve\/wp-json\/wp\/v2\/product_tag?post=12651"}],"curies":[{"name":"wp","href":"https:\/\/api.w.org\/{rel}","templated":true}]}}