{"id":12653,"date":"2024-01-13T10:20:34","date_gmt":"2024-01-13T10:20:34","guid":{"rendered":"https:\/\/anivet.lt\/elparduotuve\/?post_type=product&#038;p=12653"},"modified":"2025-12-09T10:51:14","modified_gmt":"2025-12-09T10:51:14","slug":"aatu-pasaras-katems-85-15-su-antiena-3kg","status":"publish","type":"product","link":"https:\/\/anivet.lt\/elparduotuve\/produktas\/aatu-pasaras-katems-85-15-su-antiena-3kg\/","title":{"rendered":"AATU Pa\u0161aras Kat\u0117ms 85\/15 Su Antiena 3kg"},"content":{"rendered":"<ul>\n<li style=\"font-weight: 400;\" aria-level=\"1\"><span style=\"font-weight: 400;\">Auk\u0161tos kokyb\u0117s baltymai: 85% antienos, i\u0161 kuri\u0173 45% \u0161vie\u017eiai paruo\u0161ta, u\u017etikrina puiki\u0105 mityb\u0105 ir prisitaikym\u0105 prie nat\u016bralaus kat\u0117s mitybos poreikio.<\/span><\/li>\n<li style=\"font-weight: 400;\" aria-level=\"1\"><span style=\"font-weight: 400;\">Unikali \u201eSUPER-8\u201c formul\u0117: Derinys i\u0161 8 dar\u017eovi\u0173, 8 vaisi\u0173, 8 vaista\u017eoli\u0173 ir 8 prieskoni\u0173 u\u017etikrina papildom\u0105 sveikat\u0105 ir imuniteto palaikym\u0105.<\/span><\/li>\n<li style=\"font-weight: 400;\" aria-level=\"1\"><span style=\"font-weight: 400;\">Be dirbtini\u0173 pried\u0173: Sud\u0117tyje n\u0117ra sintetini\u0173 da\u017eikli\u0173, kvapikli\u0173, konservant\u0173 ar GMO med\u017eiag\u0173.<\/span><\/li>\n<li style=\"font-weight: 400;\" aria-level=\"1\"><span style=\"font-weight: 400;\">Odos ir kailio prie\u017ei\u016bra: Praturtintas omega-3 ir omega-6 riebal\u0173 r\u016bg\u0161timis, kurios skatina sveik\u0105 od\u0105 ir blizgant\u012f kail\u012f.<\/span><\/li>\n<li style=\"font-weight: 400;\" aria-level=\"1\"><span style=\"font-weight: 400;\">Auk\u0161tas taurino kiekis: Taurinas yra b\u016btinas sveikai \u0161ird\u017eiai, akims ir bendrai gerovei u\u017etikrinti.<\/span><\/li>\n<\/ul>\n<p><span style=\"font-weight: 400;\">\u0160is pa\u0161aras yra puikus pasirinkimas j\u016bs\u0173 katei, jei ie\u0161kote nat\u016braliai pritaikyto ir maistingo produkto. D\u0117l unikalios sud\u0117ties ir auk\u0161tos kokyb\u0117s ingredient\u0173 j\u016bs\u0173 kat\u0117 gaus visk\u0105, ko reikia puikiai savijautai ir sveikatai.<\/span><\/p>\n","protected":false},"excerpt":{"rendered":"<p><span style=\"font-weight: 400;\">Pa\u0161aras sukurtas pagal nat\u016bralius m\u0117s\u0117d\u017ei\u0173 poreikius, u\u017etikrina auk\u0161t\u0105 baltym\u0173 kiek\u012f ir puiki\u0105 maistini\u0173 med\u017eiag\u0173 pusiausvyr\u0105, kad j\u016bs\u0173 kat\u0117 i\u0161likt\u0173 sveika ir energinga. Pagamintas naudojant unikali\u0105 \u201eSUPER-8\u201c formul\u0119, kuri apjungia dar\u017eoves, vaisius, vaista\u017eoles ir prieskonius.<\/span><\/p>\n","protected":false},"featured_media":12654,"template":"","meta":[],"product_brand":[],"product_cat":[338,114,115,102],"product_tag":[],"class_list":{"0":"post-12653","1":"product","2":"type-product","3":"status-publish","4":"has-post-thumbnail","6":"product_cat-aatu-kaciu-maistas","7":"product_cat-kaciu-maistas","8":"product_cat-sausas-maistas-ir-skanestai-katems","9":"product_cat-katems","10":"pa_prekinis-zenklas-aatu","12":"first","13":"outofstock","14":"taxable","15":"shipping-taxable","16":"purchasable","17":"product-type-simple"},"yoast_head":"<!-- This site is optimized with the Yoast SEO Premium plugin v27.1 (Yoast SEO v27.5) - https:\/\/yoast.com\/product\/yoast-seo-premium-wordpress\/ -->\n<title>AATU Pa\u0161aras Kat\u0117ms 85\/15 Su Antiena 3kg - anivet.lt<\/title>\n<meta name=\"description\" content=\"Pa\u0161aras sukurtas pagal nat\u016bralius m\u0117s\u0117d\u017ei\u0173 poreikius, u\u017etikrina auk\u0161t\u0105 baltym\u0173 kiek\u012f ir puiki\u0105 maistini\u0173 med\u017eiag\u0173 pusiausvyr\u0105, kad j\u016bs\u0173 kat\u0117 i\u0161likt\u0173 sveika ir energinga. Pagamintas naudojant unikali\u0105 \u201eSUPER-8\u201c formul\u0119, kuri apjungia dar\u017eoves, vaisius, vaista\u017eoles ir prieskonius.\" \/>\n<meta name=\"robots\" content=\"index, follow, max-snippet:-1, max-image-preview:large, max-video-preview:-1\" \/>\n<link rel=\"canonical\" href=\"https:\/\/anivet.lt\/elparduotuve\/produktas\/aatu-pasaras-katems-85-15-su-antiena-3kg\/\" \/>\n<meta property=\"og:locale\" content=\"lt_LT\" \/>\n<meta property=\"og:type\" content=\"article\" \/>\n<meta property=\"og:title\" content=\"AATU Pa\u0161aras Kat\u0117ms 85\/15 Su Antiena 3kg\" \/>\n<meta property=\"og:description\" content=\"Pa\u0161aras sukurtas pagal nat\u016bralius m\u0117s\u0117d\u017ei\u0173 poreikius, u\u017etikrina auk\u0161t\u0105 baltym\u0173 kiek\u012f ir puiki\u0105 maistini\u0173 med\u017eiag\u0173 pusiausvyr\u0105, kad j\u016bs\u0173 kat\u0117 i\u0161likt\u0173 sveika ir energinga. Pagamintas naudojant unikali\u0105 \u201eSUPER-8\u201c formul\u0119, kuri apjungia dar\u017eoves, vaisius, vaista\u017eoles ir prieskonius.\" \/>\n<meta property=\"og:url\" content=\"https:\/\/anivet.lt\/elparduotuve\/produktas\/aatu-pasaras-katems-85-15-su-antiena-3kg\/\" \/>\n<meta property=\"og:site_name\" content=\"anivet.lt\" \/>\n<meta property=\"article:modified_time\" content=\"2025-12-09T10:51:14+00:00\" \/>\n<meta property=\"og:image\" content=\"https:\/\/anivet.lt\/elparduotuve\/wp-content\/uploads\/2024\/01\/AATU-su-antiena-3kg-cat.jpg\" \/>\n\t<meta property=\"og:image:width\" content=\"400\" \/>\n\t<meta property=\"og:image:height\" content=\"550\" \/>\n\t<meta property=\"og:image:type\" content=\"image\/jpeg\" \/>\n<meta name=\"twitter:card\" content=\"summary_large_image\" \/>\n<meta name=\"twitter:label1\" content=\"Est. reading time\" \/>\n\t<meta name=\"twitter:data1\" content=\"2 minut\u0117s\" \/>\n<script type=\"application\/ld+json\" class=\"yoast-schema-graph\">{\"@context\":\"https:\\\/\\\/schema.org\",\"@graph\":[{\"@type\":\"WebPage\",\"@id\":\"https:\\\/\\\/anivet.lt\\\/elparduotuve\\\/produktas\\\/aatu-pasaras-katems-85-15-su-antiena-3kg\\\/\",\"url\":\"https:\\\/\\\/anivet.lt\\\/elparduotuve\\\/produktas\\\/aatu-pasaras-katems-85-15-su-antiena-3kg\\\/\",\"name\":\"AATU Pa\u0161aras Kat\u0117ms 85\\\/15 Su Antiena 3kg - anivet.lt\",\"isPartOf\":{\"@id\":\"https:\\\/\\\/anivet.lt\\\/elparduotuve\\\/#website\"},\"primaryImageOfPage\":{\"@id\":\"https:\\\/\\\/anivet.lt\\\/elparduotuve\\\/produktas\\\/aatu-pasaras-katems-85-15-su-antiena-3kg\\\/#primaryimage\"},\"image\":{\"@id\":\"https:\\\/\\\/anivet.lt\\\/elparduotuve\\\/produktas\\\/aatu-pasaras-katems-85-15-su-antiena-3kg\\\/#primaryimage\"},\"thumbnailUrl\":\"https:\\\/\\\/anivet.lt\\\/elparduotuve\\\/wp-content\\\/uploads\\\/2024\\\/01\\\/AATU-su-antiena-3kg-cat.jpg\",\"datePublished\":\"2024-01-13T10:20:34+00:00\",\"dateModified\":\"2025-12-09T10:51:14+00:00\",\"description\":\"Pa\u0161aras sukurtas pagal nat\u016bralius m\u0117s\u0117d\u017ei\u0173 poreikius, u\u017etikrina auk\u0161t\u0105 baltym\u0173 kiek\u012f ir puiki\u0105 maistini\u0173 med\u017eiag\u0173 pusiausvyr\u0105, kad j\u016bs\u0173 kat\u0117 i\u0161likt\u0173 sveika ir energinga. Pagamintas naudojant unikali\u0105 \u201eSUPER-8\u201c formul\u0119, kuri apjungia dar\u017eoves, vaisius, vaista\u017eoles ir prieskonius.\",\"breadcrumb\":{\"@id\":\"https:\\\/\\\/anivet.lt\\\/elparduotuve\\\/produktas\\\/aatu-pasaras-katems-85-15-su-antiena-3kg\\\/#breadcrumb\"},\"inLanguage\":\"lt-LT\",\"potentialAction\":[{\"@type\":\"ReadAction\",\"target\":[\"https:\\\/\\\/anivet.lt\\\/elparduotuve\\\/produktas\\\/aatu-pasaras-katems-85-15-su-antiena-3kg\\\/\"]}]},{\"@type\":\"ImageObject\",\"inLanguage\":\"lt-LT\",\"@id\":\"https:\\\/\\\/anivet.lt\\\/elparduotuve\\\/produktas\\\/aatu-pasaras-katems-85-15-su-antiena-3kg\\\/#primaryimage\",\"url\":\"https:\\\/\\\/anivet.lt\\\/elparduotuve\\\/wp-content\\\/uploads\\\/2024\\\/01\\\/AATU-su-antiena-3kg-cat.jpg\",\"contentUrl\":\"https:\\\/\\\/anivet.lt\\\/elparduotuve\\\/wp-content\\\/uploads\\\/2024\\\/01\\\/AATU-su-antiena-3kg-cat.jpg\",\"width\":400,\"height\":550,\"caption\":\"AATU Pa\u0161aras Kat\u0117ms 85\\\/15 Su Antiena 3kg\"},{\"@type\":\"BreadcrumbList\",\"@id\":\"https:\\\/\\\/anivet.lt\\\/elparduotuve\\\/produktas\\\/aatu-pasaras-katems-85-15-su-antiena-3kg\\\/#breadcrumb\",\"itemListElement\":[{\"@type\":\"ListItem\",\"position\":1,\"name\":\"Home\",\"item\":\"https:\\\/\\\/anivet.lt\\\/elparduotuve\\\/\"},{\"@type\":\"ListItem\",\"position\":2,\"name\":\"Produktai\",\"item\":\"https:\\\/\\\/anivet.lt\\\/elparduotuve\\\/produktai\\\/\"},{\"@type\":\"ListItem\",\"position\":3,\"name\":\"AATU Pa\u0161aras Kat\u0117ms 85\\\/15 Su Antiena 3kg\"}]},{\"@type\":\"WebSite\",\"@id\":\"https:\\\/\\\/anivet.lt\\\/elparduotuve\\\/#website\",\"url\":\"https:\\\/\\\/anivet.lt\\\/elparduotuve\\\/\",\"name\":\"anivet.lt\",\"description\":\"Viskas J\u016bs\u0173 \u0161uns, kat\u0117s prie\u017ei\u016brai\",\"publisher\":{\"@id\":\"https:\\\/\\\/anivet.lt\\\/elparduotuve\\\/#organization\"},\"alternateName\":\"Viskas J\u016bs\u0173 \u0161uns, kat\u0117s prie\u017ei\u016brai\",\"potentialAction\":[{\"@type\":\"SearchAction\",\"target\":{\"@type\":\"EntryPoint\",\"urlTemplate\":\"https:\\\/\\\/anivet.lt\\\/elparduotuve\\\/?s={search_term_string}\"},\"query-input\":{\"@type\":\"PropertyValueSpecification\",\"valueRequired\":true,\"valueName\":\"search_term_string\"}}],\"inLanguage\":\"lt-LT\"},{\"@type\":\"Organization\",\"@id\":\"https:\\\/\\\/anivet.lt\\\/elparduotuve\\\/#organization\",\"name\":\"Viskas J\u016bs\u0173 \u0161uns, kat\u0117s prie\u017ei\u016brai\",\"url\":\"https:\\\/\\\/anivet.lt\\\/elparduotuve\\\/\",\"logo\":{\"@type\":\"ImageObject\",\"inLanguage\":\"lt-LT\",\"@id\":\"https:\\\/\\\/anivet.lt\\\/elparduotuve\\\/#\\\/schema\\\/logo\\\/image\\\/\",\"url\":\"https:\\\/\\\/anivet.lt\\\/elparduotuve\\\/wp-content\\\/uploads\\\/2023\\\/06\\\/logo2.jpg\",\"contentUrl\":\"https:\\\/\\\/anivet.lt\\\/elparduotuve\\\/wp-content\\\/uploads\\\/2023\\\/06\\\/logo2.jpg\",\"width\":655,\"height\":194,\"caption\":\"Viskas J\u016bs\u0173 \u0161uns, kat\u0117s prie\u017ei\u016brai\"},\"image\":{\"@id\":\"https:\\\/\\\/anivet.lt\\\/elparduotuve\\\/#\\\/schema\\\/logo\\\/image\\\/\"}}]}<\/script>\n<!-- \/ Yoast SEO Premium plugin. -->","yoast_head_json":{"title":"AATU Pa\u0161aras Kat\u0117ms 85\/15 Su Antiena 3kg - anivet.lt","description":"Pa\u0161aras sukurtas pagal nat\u016bralius m\u0117s\u0117d\u017ei\u0173 poreikius, u\u017etikrina auk\u0161t\u0105 baltym\u0173 kiek\u012f ir puiki\u0105 maistini\u0173 med\u017eiag\u0173 pusiausvyr\u0105, kad j\u016bs\u0173 kat\u0117 i\u0161likt\u0173 sveika ir energinga. Pagamintas naudojant unikali\u0105 \u201eSUPER-8\u201c formul\u0119, kuri apjungia dar\u017eoves, vaisius, vaista\u017eoles ir prieskonius.","robots":{"index":"index","follow":"follow","max-snippet":"max-snippet:-1","max-image-preview":"max-image-preview:large","max-video-preview":"max-video-preview:-1"},"canonical":"https:\/\/anivet.lt\/elparduotuve\/produktas\/aatu-pasaras-katems-85-15-su-antiena-3kg\/","og_locale":"lt_LT","og_type":"article","og_title":"AATU Pa\u0161aras Kat\u0117ms 85\/15 Su Antiena 3kg","og_description":"Pa\u0161aras sukurtas pagal nat\u016bralius m\u0117s\u0117d\u017ei\u0173 poreikius, u\u017etikrina auk\u0161t\u0105 baltym\u0173 kiek\u012f ir puiki\u0105 maistini\u0173 med\u017eiag\u0173 pusiausvyr\u0105, kad j\u016bs\u0173 kat\u0117 i\u0161likt\u0173 sveika ir energinga. Pagamintas naudojant unikali\u0105 \u201eSUPER-8\u201c formul\u0119, kuri apjungia dar\u017eoves, vaisius, vaista\u017eoles ir prieskonius.","og_url":"https:\/\/anivet.lt\/elparduotuve\/produktas\/aatu-pasaras-katems-85-15-su-antiena-3kg\/","og_site_name":"anivet.lt","article_modified_time":"2025-12-09T10:51:14+00:00","og_image":[{"width":400,"height":550,"url":"https:\/\/anivet.lt\/elparduotuve\/wp-content\/uploads\/2024\/01\/AATU-su-antiena-3kg-cat.jpg","type":"image\/jpeg"}],"twitter_card":"summary_large_image","twitter_misc":{"Est. reading time":"2 minut\u0117s"},"schema":{"@context":"https:\/\/schema.org","@graph":[{"@type":"WebPage","@id":"https:\/\/anivet.lt\/elparduotuve\/produktas\/aatu-pasaras-katems-85-15-su-antiena-3kg\/","url":"https:\/\/anivet.lt\/elparduotuve\/produktas\/aatu-pasaras-katems-85-15-su-antiena-3kg\/","name":"AATU Pa\u0161aras Kat\u0117ms 85\/15 Su Antiena 3kg - anivet.lt","isPartOf":{"@id":"https:\/\/anivet.lt\/elparduotuve\/#website"},"primaryImageOfPage":{"@id":"https:\/\/anivet.lt\/elparduotuve\/produktas\/aatu-pasaras-katems-85-15-su-antiena-3kg\/#primaryimage"},"image":{"@id":"https:\/\/anivet.lt\/elparduotuve\/produktas\/aatu-pasaras-katems-85-15-su-antiena-3kg\/#primaryimage"},"thumbnailUrl":"https:\/\/anivet.lt\/elparduotuve\/wp-content\/uploads\/2024\/01\/AATU-su-antiena-3kg-cat.jpg","datePublished":"2024-01-13T10:20:34+00:00","dateModified":"2025-12-09T10:51:14+00:00","description":"Pa\u0161aras sukurtas pagal nat\u016bralius m\u0117s\u0117d\u017ei\u0173 poreikius, u\u017etikrina auk\u0161t\u0105 baltym\u0173 kiek\u012f ir puiki\u0105 maistini\u0173 med\u017eiag\u0173 pusiausvyr\u0105, kad j\u016bs\u0173 kat\u0117 i\u0161likt\u0173 sveika ir energinga. Pagamintas naudojant unikali\u0105 \u201eSUPER-8\u201c formul\u0119, kuri apjungia dar\u017eoves, vaisius, vaista\u017eoles ir prieskonius.","breadcrumb":{"@id":"https:\/\/anivet.lt\/elparduotuve\/produktas\/aatu-pasaras-katems-85-15-su-antiena-3kg\/#breadcrumb"},"inLanguage":"lt-LT","potentialAction":[{"@type":"ReadAction","target":["https:\/\/anivet.lt\/elparduotuve\/produktas\/aatu-pasaras-katems-85-15-su-antiena-3kg\/"]}]},{"@type":"ImageObject","inLanguage":"lt-LT","@id":"https:\/\/anivet.lt\/elparduotuve\/produktas\/aatu-pasaras-katems-85-15-su-antiena-3kg\/#primaryimage","url":"https:\/\/anivet.lt\/elparduotuve\/wp-content\/uploads\/2024\/01\/AATU-su-antiena-3kg-cat.jpg","contentUrl":"https:\/\/anivet.lt\/elparduotuve\/wp-content\/uploads\/2024\/01\/AATU-su-antiena-3kg-cat.jpg","width":400,"height":550,"caption":"AATU Pa\u0161aras Kat\u0117ms 85\/15 Su Antiena 3kg"},{"@type":"BreadcrumbList","@id":"https:\/\/anivet.lt\/elparduotuve\/produktas\/aatu-pasaras-katems-85-15-su-antiena-3kg\/#breadcrumb","itemListElement":[{"@type":"ListItem","position":1,"name":"Home","item":"https:\/\/anivet.lt\/elparduotuve\/"},{"@type":"ListItem","position":2,"name":"Produktai","item":"https:\/\/anivet.lt\/elparduotuve\/produktai\/"},{"@type":"ListItem","position":3,"name":"AATU Pa\u0161aras Kat\u0117ms 85\/15 Su Antiena 3kg"}]},{"@type":"WebSite","@id":"https:\/\/anivet.lt\/elparduotuve\/#website","url":"https:\/\/anivet.lt\/elparduotuve\/","name":"anivet.lt","description":"Viskas J\u016bs\u0173 \u0161uns, kat\u0117s prie\u017ei\u016brai","publisher":{"@id":"https:\/\/anivet.lt\/elparduotuve\/#organization"},"alternateName":"Viskas J\u016bs\u0173 \u0161uns, kat\u0117s prie\u017ei\u016brai","potentialAction":[{"@type":"SearchAction","target":{"@type":"EntryPoint","urlTemplate":"https:\/\/anivet.lt\/elparduotuve\/?s={search_term_string}"},"query-input":{"@type":"PropertyValueSpecification","valueRequired":true,"valueName":"search_term_string"}}],"inLanguage":"lt-LT"},{"@type":"Organization","@id":"https:\/\/anivet.lt\/elparduotuve\/#organization","name":"Viskas J\u016bs\u0173 \u0161uns, kat\u0117s prie\u017ei\u016brai","url":"https:\/\/anivet.lt\/elparduotuve\/","logo":{"@type":"ImageObject","inLanguage":"lt-LT","@id":"https:\/\/anivet.lt\/elparduotuve\/#\/schema\/logo\/image\/","url":"https:\/\/anivet.lt\/elparduotuve\/wp-content\/uploads\/2023\/06\/logo2.jpg","contentUrl":"https:\/\/anivet.lt\/elparduotuve\/wp-content\/uploads\/2023\/06\/logo2.jpg","width":655,"height":194,"caption":"Viskas J\u016bs\u0173 \u0161uns, kat\u0117s prie\u017ei\u016brai"},"image":{"@id":"https:\/\/anivet.lt\/elparduotuve\/#\/schema\/logo\/image\/"}}]}},"_links":{"self":[{"href":"https:\/\/anivet.lt\/elparduotuve\/wp-json\/wp\/v2\/product\/12653","targetHints":{"allow":["GET"]}}],"collection":[{"href":"https:\/\/anivet.lt\/elparduotuve\/wp-json\/wp\/v2\/product"}],"about":[{"href":"https:\/\/anivet.lt\/elparduotuve\/wp-json\/wp\/v2\/types\/product"}],"wp:featuredmedia":[{"embeddable":true,"href":"https:\/\/anivet.lt\/elparduotuve\/wp-json\/wp\/v2\/media\/12654"}],"wp:attachment":[{"href":"https:\/\/anivet.lt\/elparduotuve\/wp-json\/wp\/v2\/media?parent=12653"}],"wp:term":[{"taxonomy":"product_brand","embeddable":true,"href":"https:\/\/anivet.lt\/elparduotuve\/wp-json\/wp\/v2\/product_brand?post=12653"},{"taxonomy":"product_cat","embeddable":true,"href":"https:\/\/anivet.lt\/elparduotuve\/wp-json\/wp\/v2\/product_cat?post=12653"},{"taxonomy":"product_tag","embeddable":true,"href":"https:\/\/anivet.lt\/elparduotuve\/wp-json\/wp\/v2\/product_tag?post=12653"}],"curies":[{"name":"wp","href":"https:\/\/api.w.org\/{rel}","templated":true}]}}