{"id":12655,"date":"2024-01-13T11:18:30","date_gmt":"2024-01-13T11:18:30","guid":{"rendered":"https:\/\/anivet.lt\/elparduotuve\/?post_type=product&#038;p=12655"},"modified":"2026-03-16T13:58:00","modified_gmt":"2026-03-16T13:58:00","slug":"aatu-pasaras-katems-85-15-su-lasisa-ir-silke-3kg","status":"publish","type":"product","link":"https:\/\/anivet.lt\/elparduotuve\/produktas\/aatu-pasaras-katems-85-15-su-lasisa-ir-silke-3kg\/","title":{"rendered":"AATU Pa\u0161aras Kat\u0117ms 85\/15 Su La\u0161i\u0161a Ir Silke 3kg"},"content":{"rendered":"<ul>\n<li style=\"font-weight: 400;\" aria-level=\"1\"><span style=\"font-weight: 400;\">Auk\u0161ta baltym\u0173 koncentracija: 85% la\u0161i\u0161os ir silk\u0117s, u\u017etikrinanti kat\u0117s organizmui b\u016btinus gyv\u016bninius baltymus.<\/span><\/li>\n<li style=\"font-weight: 400;\" aria-level=\"1\"><span style=\"font-weight: 400;\">\u201eSuper 8\u201c formul\u0117 su dar\u017eov\u0117mis, vaisiais ir \u017eolel\u0117mis: Praturtina maist\u0105 nat\u016braliais vitaminais ir antioksidantais.<\/span><\/li>\n<li style=\"font-weight: 400;\" aria-level=\"1\"><span style=\"font-weight: 400;\">Be dirbtini\u0173 da\u017eikli\u0173, konservant\u0173 ir GMO: Tinkamas jautrioms kat\u0117ms.<\/span><\/li>\n<li style=\"font-weight: 400;\" aria-level=\"1\"><span style=\"font-weight: 400;\">\u017demo ir l\u0117to virimo technologija: U\u017etikrinanti maistini\u0173 med\u017eiag\u0173 i\u0161saugojim\u0105 ir lengv\u0105 vir\u0161kinim\u0105.<\/span><\/li>\n<li style=\"font-weight: 400;\" aria-level=\"1\"><span style=\"font-weight: 400;\">Be gr\u016bd\u0173 ir glitimo: Tinka alergi\u0161koms kat\u0117ms arba turin\u010dioms jautri\u0105 vir\u0161kinimo sistem\u0105.<\/span><\/li>\n<\/ul>\n<p><span style=\"font-weight: 400;\">\u0160is pa\u0161aras i\u0161siskiria ne tik puikia sud\u0117timi, bet ir ypatingu skoniu, kuris patiks net i\u0161rankiausioms kat\u0117ms. Nat\u016bral\u016bs ingredientai palaiko kat\u0117s energij\u0105, sveik\u0105 kail\u012f bei stipr\u0173 imunitet\u0105, o pa\u0161aras yra sukurtas taip, kad atitikt\u0173 net reikliausi\u0173 augintini\u0173 poreikius.<\/span><\/p>\n<p>&nbsp;<\/p>\n","protected":false},"excerpt":{"rendered":"<p><span style=\"font-weight: 400;\">Auk\u0161\u010diausios kokyb\u0117s maistas, sukurtas u\u017etikrinti kat\u0117s gerov\u0119 kiekviename gyvenimo etape. Pa\u0161aras sudarytas tik i\u0161 nat\u016brali\u0173 ingredient\u0173, pasi\u017eymi didele baltym\u0173 koncentracija ir yra lengvai vir\u0161kinamas. <\/span><\/p>\n","protected":false},"featured_media":12656,"template":"","meta":[],"product_brand":[],"product_cat":[338,114,115,102],"product_tag":[],"class_list":{"0":"post-12655","1":"product","2":"type-product","3":"status-publish","4":"has-post-thumbnail","6":"product_cat-aatu-kaciu-maistas","7":"product_cat-kaciu-maistas","8":"product_cat-sausas-maistas-ir-skanestai-katems","9":"product_cat-katems","10":"pa_prekinis-zenklas-aatu","12":"first","13":"outofstock","14":"taxable","15":"shipping-taxable","16":"purchasable","17":"product-type-simple"},"yoast_head":"<!-- This site is optimized with the Yoast SEO Premium plugin v27.1 (Yoast SEO v27.5) - https:\/\/yoast.com\/product\/yoast-seo-premium-wordpress\/ -->\n<title>AATU Pa\u0161aras Kat\u0117ms 85\/15 Su La\u0161i\u0161a Ir Silke 3kg - anivet.lt<\/title>\n<meta name=\"description\" content=\"Auk\u0161\u010diausios kokyb\u0117s maistas, sukurtas u\u017etikrinti kat\u0117s gerov\u0119 kiekviename gyvenimo etape. Pa\u0161aras sudarytas tik i\u0161 nat\u016brali\u0173 ingredient\u0173, pasi\u017eymi didele baltym\u0173 koncentracija ir yra lengvai vir\u0161kinamas.\" \/>\n<meta name=\"robots\" content=\"index, follow, max-snippet:-1, max-image-preview:large, max-video-preview:-1\" \/>\n<link rel=\"canonical\" href=\"https:\/\/anivet.lt\/elparduotuve\/produktas\/aatu-pasaras-katems-85-15-su-lasisa-ir-silke-3kg\/\" \/>\n<meta property=\"og:locale\" content=\"lt_LT\" \/>\n<meta property=\"og:type\" content=\"article\" \/>\n<meta property=\"og:title\" content=\"AATU Pa\u0161aras Kat\u0117ms 85\/15 Su La\u0161i\u0161a Ir Silke 3kg\" \/>\n<meta property=\"og:description\" content=\"Auk\u0161\u010diausios kokyb\u0117s maistas, sukurtas u\u017etikrinti kat\u0117s gerov\u0119 kiekviename gyvenimo etape. Pa\u0161aras sudarytas tik i\u0161 nat\u016brali\u0173 ingredient\u0173, pasi\u017eymi didele baltym\u0173 koncentracija ir yra lengvai vir\u0161kinamas.\" \/>\n<meta property=\"og:url\" content=\"https:\/\/anivet.lt\/elparduotuve\/produktas\/aatu-pasaras-katems-85-15-su-lasisa-ir-silke-3kg\/\" \/>\n<meta property=\"og:site_name\" content=\"anivet.lt\" \/>\n<meta property=\"article:modified_time\" content=\"2026-03-16T13:58:00+00:00\" \/>\n<meta property=\"og:image\" content=\"https:\/\/anivet.lt\/elparduotuve\/wp-content\/uploads\/2024\/01\/AATU-lasisa-silke-3kg-cat.jpg\" \/>\n\t<meta property=\"og:image:width\" content=\"355\" \/>\n\t<meta property=\"og:image:height\" content=\"355\" \/>\n\t<meta property=\"og:image:type\" content=\"image\/jpeg\" \/>\n<meta name=\"twitter:card\" content=\"summary_large_image\" \/>\n<meta name=\"twitter:label1\" content=\"Est. reading time\" \/>\n\t<meta name=\"twitter:data1\" content=\"1 minut\u0117\" \/>\n<script type=\"application\/ld+json\" class=\"yoast-schema-graph\">{\"@context\":\"https:\\\/\\\/schema.org\",\"@graph\":[{\"@type\":\"WebPage\",\"@id\":\"https:\\\/\\\/anivet.lt\\\/elparduotuve\\\/produktas\\\/aatu-pasaras-katems-85-15-su-lasisa-ir-silke-3kg\\\/\",\"url\":\"https:\\\/\\\/anivet.lt\\\/elparduotuve\\\/produktas\\\/aatu-pasaras-katems-85-15-su-lasisa-ir-silke-3kg\\\/\",\"name\":\"AATU Pa\u0161aras Kat\u0117ms 85\\\/15 Su La\u0161i\u0161a Ir Silke 3kg - anivet.lt\",\"isPartOf\":{\"@id\":\"https:\\\/\\\/anivet.lt\\\/elparduotuve\\\/#website\"},\"primaryImageOfPage\":{\"@id\":\"https:\\\/\\\/anivet.lt\\\/elparduotuve\\\/produktas\\\/aatu-pasaras-katems-85-15-su-lasisa-ir-silke-3kg\\\/#primaryimage\"},\"image\":{\"@id\":\"https:\\\/\\\/anivet.lt\\\/elparduotuve\\\/produktas\\\/aatu-pasaras-katems-85-15-su-lasisa-ir-silke-3kg\\\/#primaryimage\"},\"thumbnailUrl\":\"https:\\\/\\\/anivet.lt\\\/elparduotuve\\\/wp-content\\\/uploads\\\/2024\\\/01\\\/AATU-lasisa-silke-3kg-cat.jpg\",\"datePublished\":\"2024-01-13T11:18:30+00:00\",\"dateModified\":\"2026-03-16T13:58:00+00:00\",\"description\":\"Auk\u0161\u010diausios kokyb\u0117s maistas, sukurtas u\u017etikrinti kat\u0117s gerov\u0119 kiekviename gyvenimo etape. Pa\u0161aras sudarytas tik i\u0161 nat\u016brali\u0173 ingredient\u0173, pasi\u017eymi didele baltym\u0173 koncentracija ir yra lengvai vir\u0161kinamas.\",\"breadcrumb\":{\"@id\":\"https:\\\/\\\/anivet.lt\\\/elparduotuve\\\/produktas\\\/aatu-pasaras-katems-85-15-su-lasisa-ir-silke-3kg\\\/#breadcrumb\"},\"inLanguage\":\"lt-LT\",\"potentialAction\":[{\"@type\":\"ReadAction\",\"target\":[\"https:\\\/\\\/anivet.lt\\\/elparduotuve\\\/produktas\\\/aatu-pasaras-katems-85-15-su-lasisa-ir-silke-3kg\\\/\"]}]},{\"@type\":\"ImageObject\",\"inLanguage\":\"lt-LT\",\"@id\":\"https:\\\/\\\/anivet.lt\\\/elparduotuve\\\/produktas\\\/aatu-pasaras-katems-85-15-su-lasisa-ir-silke-3kg\\\/#primaryimage\",\"url\":\"https:\\\/\\\/anivet.lt\\\/elparduotuve\\\/wp-content\\\/uploads\\\/2024\\\/01\\\/AATU-lasisa-silke-3kg-cat.jpg\",\"contentUrl\":\"https:\\\/\\\/anivet.lt\\\/elparduotuve\\\/wp-content\\\/uploads\\\/2024\\\/01\\\/AATU-lasisa-silke-3kg-cat.jpg\",\"width\":355,\"height\":355,\"caption\":\"AATU Pa\u0161aras Kat\u0117ms 85\\\/15 Su La\u0161i\u0161a Ir Silke 3kg\"},{\"@type\":\"BreadcrumbList\",\"@id\":\"https:\\\/\\\/anivet.lt\\\/elparduotuve\\\/produktas\\\/aatu-pasaras-katems-85-15-su-lasisa-ir-silke-3kg\\\/#breadcrumb\",\"itemListElement\":[{\"@type\":\"ListItem\",\"position\":1,\"name\":\"Home\",\"item\":\"https:\\\/\\\/anivet.lt\\\/elparduotuve\\\/\"},{\"@type\":\"ListItem\",\"position\":2,\"name\":\"Produktai\",\"item\":\"https:\\\/\\\/anivet.lt\\\/elparduotuve\\\/produktai\\\/\"},{\"@type\":\"ListItem\",\"position\":3,\"name\":\"AATU Pa\u0161aras Kat\u0117ms 85\\\/15 Su La\u0161i\u0161a Ir Silke 3kg\"}]},{\"@type\":\"WebSite\",\"@id\":\"https:\\\/\\\/anivet.lt\\\/elparduotuve\\\/#website\",\"url\":\"https:\\\/\\\/anivet.lt\\\/elparduotuve\\\/\",\"name\":\"anivet.lt\",\"description\":\"Viskas J\u016bs\u0173 \u0161uns, kat\u0117s prie\u017ei\u016brai\",\"publisher\":{\"@id\":\"https:\\\/\\\/anivet.lt\\\/elparduotuve\\\/#organization\"},\"alternateName\":\"Viskas J\u016bs\u0173 \u0161uns, kat\u0117s prie\u017ei\u016brai\",\"potentialAction\":[{\"@type\":\"SearchAction\",\"target\":{\"@type\":\"EntryPoint\",\"urlTemplate\":\"https:\\\/\\\/anivet.lt\\\/elparduotuve\\\/?s={search_term_string}\"},\"query-input\":{\"@type\":\"PropertyValueSpecification\",\"valueRequired\":true,\"valueName\":\"search_term_string\"}}],\"inLanguage\":\"lt-LT\"},{\"@type\":\"Organization\",\"@id\":\"https:\\\/\\\/anivet.lt\\\/elparduotuve\\\/#organization\",\"name\":\"Viskas J\u016bs\u0173 \u0161uns, kat\u0117s prie\u017ei\u016brai\",\"url\":\"https:\\\/\\\/anivet.lt\\\/elparduotuve\\\/\",\"logo\":{\"@type\":\"ImageObject\",\"inLanguage\":\"lt-LT\",\"@id\":\"https:\\\/\\\/anivet.lt\\\/elparduotuve\\\/#\\\/schema\\\/logo\\\/image\\\/\",\"url\":\"https:\\\/\\\/anivet.lt\\\/elparduotuve\\\/wp-content\\\/uploads\\\/2023\\\/06\\\/logo2.jpg\",\"contentUrl\":\"https:\\\/\\\/anivet.lt\\\/elparduotuve\\\/wp-content\\\/uploads\\\/2023\\\/06\\\/logo2.jpg\",\"width\":655,\"height\":194,\"caption\":\"Viskas J\u016bs\u0173 \u0161uns, kat\u0117s prie\u017ei\u016brai\"},\"image\":{\"@id\":\"https:\\\/\\\/anivet.lt\\\/elparduotuve\\\/#\\\/schema\\\/logo\\\/image\\\/\"}}]}<\/script>\n<!-- \/ Yoast SEO Premium plugin. -->","yoast_head_json":{"title":"AATU Pa\u0161aras Kat\u0117ms 85\/15 Su La\u0161i\u0161a Ir Silke 3kg - anivet.lt","description":"Auk\u0161\u010diausios kokyb\u0117s maistas, sukurtas u\u017etikrinti kat\u0117s gerov\u0119 kiekviename gyvenimo etape. Pa\u0161aras sudarytas tik i\u0161 nat\u016brali\u0173 ingredient\u0173, pasi\u017eymi didele baltym\u0173 koncentracija ir yra lengvai vir\u0161kinamas.","robots":{"index":"index","follow":"follow","max-snippet":"max-snippet:-1","max-image-preview":"max-image-preview:large","max-video-preview":"max-video-preview:-1"},"canonical":"https:\/\/anivet.lt\/elparduotuve\/produktas\/aatu-pasaras-katems-85-15-su-lasisa-ir-silke-3kg\/","og_locale":"lt_LT","og_type":"article","og_title":"AATU Pa\u0161aras Kat\u0117ms 85\/15 Su La\u0161i\u0161a Ir Silke 3kg","og_description":"Auk\u0161\u010diausios kokyb\u0117s maistas, sukurtas u\u017etikrinti kat\u0117s gerov\u0119 kiekviename gyvenimo etape. Pa\u0161aras sudarytas tik i\u0161 nat\u016brali\u0173 ingredient\u0173, pasi\u017eymi didele baltym\u0173 koncentracija ir yra lengvai vir\u0161kinamas.","og_url":"https:\/\/anivet.lt\/elparduotuve\/produktas\/aatu-pasaras-katems-85-15-su-lasisa-ir-silke-3kg\/","og_site_name":"anivet.lt","article_modified_time":"2026-03-16T13:58:00+00:00","og_image":[{"width":355,"height":355,"url":"https:\/\/anivet.lt\/elparduotuve\/wp-content\/uploads\/2024\/01\/AATU-lasisa-silke-3kg-cat.jpg","type":"image\/jpeg"}],"twitter_card":"summary_large_image","twitter_misc":{"Est. reading time":"1 minut\u0117"},"schema":{"@context":"https:\/\/schema.org","@graph":[{"@type":"WebPage","@id":"https:\/\/anivet.lt\/elparduotuve\/produktas\/aatu-pasaras-katems-85-15-su-lasisa-ir-silke-3kg\/","url":"https:\/\/anivet.lt\/elparduotuve\/produktas\/aatu-pasaras-katems-85-15-su-lasisa-ir-silke-3kg\/","name":"AATU Pa\u0161aras Kat\u0117ms 85\/15 Su La\u0161i\u0161a Ir Silke 3kg - anivet.lt","isPartOf":{"@id":"https:\/\/anivet.lt\/elparduotuve\/#website"},"primaryImageOfPage":{"@id":"https:\/\/anivet.lt\/elparduotuve\/produktas\/aatu-pasaras-katems-85-15-su-lasisa-ir-silke-3kg\/#primaryimage"},"image":{"@id":"https:\/\/anivet.lt\/elparduotuve\/produktas\/aatu-pasaras-katems-85-15-su-lasisa-ir-silke-3kg\/#primaryimage"},"thumbnailUrl":"https:\/\/anivet.lt\/elparduotuve\/wp-content\/uploads\/2024\/01\/AATU-lasisa-silke-3kg-cat.jpg","datePublished":"2024-01-13T11:18:30+00:00","dateModified":"2026-03-16T13:58:00+00:00","description":"Auk\u0161\u010diausios kokyb\u0117s maistas, sukurtas u\u017etikrinti kat\u0117s gerov\u0119 kiekviename gyvenimo etape. Pa\u0161aras sudarytas tik i\u0161 nat\u016brali\u0173 ingredient\u0173, pasi\u017eymi didele baltym\u0173 koncentracija ir yra lengvai vir\u0161kinamas.","breadcrumb":{"@id":"https:\/\/anivet.lt\/elparduotuve\/produktas\/aatu-pasaras-katems-85-15-su-lasisa-ir-silke-3kg\/#breadcrumb"},"inLanguage":"lt-LT","potentialAction":[{"@type":"ReadAction","target":["https:\/\/anivet.lt\/elparduotuve\/produktas\/aatu-pasaras-katems-85-15-su-lasisa-ir-silke-3kg\/"]}]},{"@type":"ImageObject","inLanguage":"lt-LT","@id":"https:\/\/anivet.lt\/elparduotuve\/produktas\/aatu-pasaras-katems-85-15-su-lasisa-ir-silke-3kg\/#primaryimage","url":"https:\/\/anivet.lt\/elparduotuve\/wp-content\/uploads\/2024\/01\/AATU-lasisa-silke-3kg-cat.jpg","contentUrl":"https:\/\/anivet.lt\/elparduotuve\/wp-content\/uploads\/2024\/01\/AATU-lasisa-silke-3kg-cat.jpg","width":355,"height":355,"caption":"AATU Pa\u0161aras Kat\u0117ms 85\/15 Su La\u0161i\u0161a Ir Silke 3kg"},{"@type":"BreadcrumbList","@id":"https:\/\/anivet.lt\/elparduotuve\/produktas\/aatu-pasaras-katems-85-15-su-lasisa-ir-silke-3kg\/#breadcrumb","itemListElement":[{"@type":"ListItem","position":1,"name":"Home","item":"https:\/\/anivet.lt\/elparduotuve\/"},{"@type":"ListItem","position":2,"name":"Produktai","item":"https:\/\/anivet.lt\/elparduotuve\/produktai\/"},{"@type":"ListItem","position":3,"name":"AATU Pa\u0161aras Kat\u0117ms 85\/15 Su La\u0161i\u0161a Ir Silke 3kg"}]},{"@type":"WebSite","@id":"https:\/\/anivet.lt\/elparduotuve\/#website","url":"https:\/\/anivet.lt\/elparduotuve\/","name":"anivet.lt","description":"Viskas J\u016bs\u0173 \u0161uns, kat\u0117s prie\u017ei\u016brai","publisher":{"@id":"https:\/\/anivet.lt\/elparduotuve\/#organization"},"alternateName":"Viskas J\u016bs\u0173 \u0161uns, kat\u0117s prie\u017ei\u016brai","potentialAction":[{"@type":"SearchAction","target":{"@type":"EntryPoint","urlTemplate":"https:\/\/anivet.lt\/elparduotuve\/?s={search_term_string}"},"query-input":{"@type":"PropertyValueSpecification","valueRequired":true,"valueName":"search_term_string"}}],"inLanguage":"lt-LT"},{"@type":"Organization","@id":"https:\/\/anivet.lt\/elparduotuve\/#organization","name":"Viskas J\u016bs\u0173 \u0161uns, kat\u0117s prie\u017ei\u016brai","url":"https:\/\/anivet.lt\/elparduotuve\/","logo":{"@type":"ImageObject","inLanguage":"lt-LT","@id":"https:\/\/anivet.lt\/elparduotuve\/#\/schema\/logo\/image\/","url":"https:\/\/anivet.lt\/elparduotuve\/wp-content\/uploads\/2023\/06\/logo2.jpg","contentUrl":"https:\/\/anivet.lt\/elparduotuve\/wp-content\/uploads\/2023\/06\/logo2.jpg","width":655,"height":194,"caption":"Viskas J\u016bs\u0173 \u0161uns, kat\u0117s prie\u017ei\u016brai"},"image":{"@id":"https:\/\/anivet.lt\/elparduotuve\/#\/schema\/logo\/image\/"}}]}},"_links":{"self":[{"href":"https:\/\/anivet.lt\/elparduotuve\/wp-json\/wp\/v2\/product\/12655","targetHints":{"allow":["GET"]}}],"collection":[{"href":"https:\/\/anivet.lt\/elparduotuve\/wp-json\/wp\/v2\/product"}],"about":[{"href":"https:\/\/anivet.lt\/elparduotuve\/wp-json\/wp\/v2\/types\/product"}],"wp:featuredmedia":[{"embeddable":true,"href":"https:\/\/anivet.lt\/elparduotuve\/wp-json\/wp\/v2\/media\/12656"}],"wp:attachment":[{"href":"https:\/\/anivet.lt\/elparduotuve\/wp-json\/wp\/v2\/media?parent=12655"}],"wp:term":[{"taxonomy":"product_brand","embeddable":true,"href":"https:\/\/anivet.lt\/elparduotuve\/wp-json\/wp\/v2\/product_brand?post=12655"},{"taxonomy":"product_cat","embeddable":true,"href":"https:\/\/anivet.lt\/elparduotuve\/wp-json\/wp\/v2\/product_cat?post=12655"},{"taxonomy":"product_tag","embeddable":true,"href":"https:\/\/anivet.lt\/elparduotuve\/wp-json\/wp\/v2\/product_tag?post=12655"}],"curies":[{"name":"wp","href":"https:\/\/api.w.org\/{rel}","templated":true}]}}