{"id":12657,"date":"2024-01-13T11:38:12","date_gmt":"2024-01-13T11:38:12","guid":{"rendered":"https:\/\/anivet.lt\/elparduotuve\/?post_type=product&#038;p=12657"},"modified":"2026-04-13T17:15:26","modified_gmt":"2026-04-13T17:15:26","slug":"aatu-80-20-duck-pasaras-suaugusiems-sunims-su-80-antienos-10kg","status":"publish","type":"product","link":"https:\/\/anivet.lt\/elparduotuve\/produktas\/aatu-80-20-duck-pasaras-suaugusiems-sunims-su-80-antienos-10kg\/","title":{"rendered":"AATU 80\/20 DUCK Pa\u0161aras Suaugusiems \u0160unims Su 80% Antienos 10kg"},"content":{"rendered":"<ul>\n<li style=\"font-weight: 400;\" aria-level=\"1\"><span style=\"font-weight: 400;\">Auk\u0161tos kokyb\u0117s sud\u0117tis: 80% antienos, \u012fskaitant 51% \u0161vie\u017eiai paruo\u0161tos nukaulintos antienos.<\/span><\/li>\n<li style=\"font-weight: 400;\" aria-level=\"1\"><span style=\"font-weight: 400;\">Be gr\u016bd\u0173 ir glitimo: Tinka jautriems \u0161unims, turintiems alergij\u0173 ar vir\u0161kinimo problem\u0173.<\/span><\/li>\n<li style=\"font-weight: 400;\" aria-level=\"1\"><span style=\"font-weight: 400;\">\u201eSUPER 8\u201c formul\u0117: 8 dar\u017eov\u0117s, 8 vaisiai, 8 \u017eolel\u0117s ir 8 augal\u0173 ekstraktai bei prieskoniai, u\u017etikrinantys subalansuot\u0105 mityb\u0105.<\/span><\/li>\n<li style=\"font-weight: 400;\" aria-level=\"1\"><span style=\"font-weight: 400;\">S\u0105nari\u0173 prie\u017ei\u016bra: Papildyta gliukozaminu, MSM ir chondroitinu s\u0105nari\u0173 sveikatai palaikyti.<\/span><\/li>\n<li style=\"font-weight: 400;\" aria-level=\"1\"><span style=\"font-weight: 400;\">Nat\u016bralus maistas: Be sintetini\u0173 da\u017eikli\u0173, aromatini\u0173 med\u017eiag\u0173 ir konservant\u0173.<\/span><\/li>\n<\/ul>\n<p><span style=\"font-weight: 400;\">\u0160is pa\u0161aras yra puikus pasirinkimas ie\u0161kantiems nat\u016bralaus ir mitybos po\u017ei\u016briu praturtinto maisto. Antiena kaip vienintelis gyvulin\u0117s kilm\u0117s baltym\u0173 \u0161altinis padeda suma\u017einti alergij\u0173 tikimyb\u0119, o vaisiai, dar\u017eov\u0117s ir \u017eolel\u0117s papildo \u0161uns racion\u0105 svarbiais mikroelementais bei antioksidantais. Subalansuotas baltym\u0173 ir riebal\u0173 santykis u\u017etikrina energij\u0105 aktyviems \u0161unims.<\/span><\/p>\n","protected":false},"excerpt":{"rendered":"<p><span style=\"font-weight: 400;\">Premium klas\u0117s sausas maistas suaugusiems \u0161unims, kurio sud\u0117tis orientuota \u012f m\u0117s\u0117d\u017ei\u0173 nat\u016bralius poreikius. Pagrindinis ingredientas \u2013 antiena (80%), papildyta dar\u017eov\u0117mis, vaisiais, \u017eolel\u0117mis ir augal\u0173 ekstraktais.<\/span><\/p>\n","protected":false},"featured_media":12658,"template":"","meta":[],"product_brand":[],"product_cat":[330,101,103,104],"product_tag":[],"class_list":{"0":"post-12657","1":"product","2":"type-product","3":"status-publish","4":"has-post-thumbnail","6":"product_cat-aatu-sunu-maistas","7":"product_cat-sunims","8":"product_cat-sunu-maistas","9":"product_cat-sausas-maistas","10":"pa_prekinis-zenklas-aatu","12":"first","13":"outofstock","14":"taxable","15":"shipping-taxable","16":"purchasable","17":"product-type-simple"},"yoast_head":"<!-- This site is optimized with the Yoast SEO Premium plugin v27.1 (Yoast SEO v27.5) - https:\/\/yoast.com\/product\/yoast-seo-premium-wordpress\/ -->\n<title>AATU 80\/20 DUCK Pa\u0161aras Suaugusiems \u0160unims Su 80% Antienos 10kg - anivet.lt<\/title>\n<meta name=\"description\" content=\"Premium klas\u0117s sausas maistas suaugusiems \u0161unims, kurio sud\u0117tis orientuota \u012f m\u0117s\u0117d\u017ei\u0173 nat\u016bralius poreikius. Pagrindinis ingredientas \u2013 antiena (80%), papildyta dar\u017eov\u0117mis, vaisiais, \u017eolel\u0117mis ir augal\u0173 ekstraktais.\" \/>\n<meta name=\"robots\" content=\"index, follow, max-snippet:-1, max-image-preview:large, max-video-preview:-1\" \/>\n<link rel=\"canonical\" href=\"https:\/\/anivet.lt\/elparduotuve\/produktas\/aatu-80-20-duck-pasaras-suaugusiems-sunims-su-80-antienos-10kg\/\" \/>\n<meta property=\"og:locale\" content=\"lt_LT\" \/>\n<meta property=\"og:type\" content=\"article\" \/>\n<meta property=\"og:title\" content=\"AATU 80\/20 DUCK Pa\u0161aras Suaugusiems \u0160unims Su 80% Antienos 10kg\" \/>\n<meta property=\"og:description\" content=\"Premium klas\u0117s sausas maistas suaugusiems \u0161unims, kurio sud\u0117tis orientuota \u012f m\u0117s\u0117d\u017ei\u0173 nat\u016bralius poreikius. Pagrindinis ingredientas \u2013 antiena (80%), papildyta dar\u017eov\u0117mis, vaisiais, \u017eolel\u0117mis ir augal\u0173 ekstraktais.\" \/>\n<meta property=\"og:url\" content=\"https:\/\/anivet.lt\/elparduotuve\/produktas\/aatu-80-20-duck-pasaras-suaugusiems-sunims-su-80-antienos-10kg\/\" \/>\n<meta property=\"og:site_name\" content=\"anivet.lt\" \/>\n<meta property=\"article:modified_time\" content=\"2026-04-13T17:15:26+00:00\" \/>\n<meta property=\"og:image\" content=\"https:\/\/anivet.lt\/elparduotuve\/wp-content\/uploads\/2024\/01\/AATU-Dog_10kg_Duck.jpg\" \/>\n\t<meta property=\"og:image:width\" content=\"800\" \/>\n\t<meta property=\"og:image:height\" content=\"800\" \/>\n\t<meta property=\"og:image:type\" content=\"image\/jpeg\" \/>\n<meta name=\"twitter:card\" content=\"summary_large_image\" \/>\n<meta name=\"twitter:label1\" content=\"Est. reading time\" \/>\n\t<meta name=\"twitter:data1\" content=\"1 minut\u0117\" \/>\n<script type=\"application\/ld+json\" class=\"yoast-schema-graph\">{\"@context\":\"https:\\\/\\\/schema.org\",\"@graph\":[{\"@type\":\"WebPage\",\"@id\":\"https:\\\/\\\/anivet.lt\\\/elparduotuve\\\/produktas\\\/aatu-80-20-duck-pasaras-suaugusiems-sunims-su-80-antienos-10kg\\\/\",\"url\":\"https:\\\/\\\/anivet.lt\\\/elparduotuve\\\/produktas\\\/aatu-80-20-duck-pasaras-suaugusiems-sunims-su-80-antienos-10kg\\\/\",\"name\":\"AATU 80\\\/20 DUCK Pa\u0161aras Suaugusiems \u0160unims Su 80% Antienos 10kg - anivet.lt\",\"isPartOf\":{\"@id\":\"https:\\\/\\\/anivet.lt\\\/elparduotuve\\\/#website\"},\"primaryImageOfPage\":{\"@id\":\"https:\\\/\\\/anivet.lt\\\/elparduotuve\\\/produktas\\\/aatu-80-20-duck-pasaras-suaugusiems-sunims-su-80-antienos-10kg\\\/#primaryimage\"},\"image\":{\"@id\":\"https:\\\/\\\/anivet.lt\\\/elparduotuve\\\/produktas\\\/aatu-80-20-duck-pasaras-suaugusiems-sunims-su-80-antienos-10kg\\\/#primaryimage\"},\"thumbnailUrl\":\"https:\\\/\\\/anivet.lt\\\/elparduotuve\\\/wp-content\\\/uploads\\\/2024\\\/01\\\/AATU-Dog_10kg_Duck.jpg\",\"datePublished\":\"2024-01-13T11:38:12+00:00\",\"dateModified\":\"2026-04-13T17:15:26+00:00\",\"description\":\"Premium klas\u0117s sausas maistas suaugusiems \u0161unims, kurio sud\u0117tis orientuota \u012f m\u0117s\u0117d\u017ei\u0173 nat\u016bralius poreikius. Pagrindinis ingredientas \u2013 antiena (80%), papildyta dar\u017eov\u0117mis, vaisiais, \u017eolel\u0117mis ir augal\u0173 ekstraktais.\",\"breadcrumb\":{\"@id\":\"https:\\\/\\\/anivet.lt\\\/elparduotuve\\\/produktas\\\/aatu-80-20-duck-pasaras-suaugusiems-sunims-su-80-antienos-10kg\\\/#breadcrumb\"},\"inLanguage\":\"lt-LT\",\"potentialAction\":[{\"@type\":\"ReadAction\",\"target\":[\"https:\\\/\\\/anivet.lt\\\/elparduotuve\\\/produktas\\\/aatu-80-20-duck-pasaras-suaugusiems-sunims-su-80-antienos-10kg\\\/\"]}]},{\"@type\":\"ImageObject\",\"inLanguage\":\"lt-LT\",\"@id\":\"https:\\\/\\\/anivet.lt\\\/elparduotuve\\\/produktas\\\/aatu-80-20-duck-pasaras-suaugusiems-sunims-su-80-antienos-10kg\\\/#primaryimage\",\"url\":\"https:\\\/\\\/anivet.lt\\\/elparduotuve\\\/wp-content\\\/uploads\\\/2024\\\/01\\\/AATU-Dog_10kg_Duck.jpg\",\"contentUrl\":\"https:\\\/\\\/anivet.lt\\\/elparduotuve\\\/wp-content\\\/uploads\\\/2024\\\/01\\\/AATU-Dog_10kg_Duck.jpg\",\"width\":800,\"height\":800,\"caption\":\"AATU 80\\\/20 DUCK Pa\u0161aras Suaugusiems \u0160unims Su 80% Antienos 10kg\"},{\"@type\":\"BreadcrumbList\",\"@id\":\"https:\\\/\\\/anivet.lt\\\/elparduotuve\\\/produktas\\\/aatu-80-20-duck-pasaras-suaugusiems-sunims-su-80-antienos-10kg\\\/#breadcrumb\",\"itemListElement\":[{\"@type\":\"ListItem\",\"position\":1,\"name\":\"Home\",\"item\":\"https:\\\/\\\/anivet.lt\\\/elparduotuve\\\/\"},{\"@type\":\"ListItem\",\"position\":2,\"name\":\"Produktai\",\"item\":\"https:\\\/\\\/anivet.lt\\\/elparduotuve\\\/produktai\\\/\"},{\"@type\":\"ListItem\",\"position\":3,\"name\":\"AATU 80\\\/20 DUCK Pa\u0161aras Suaugusiems \u0160unims Su 80% Antienos 10kg\"}]},{\"@type\":\"WebSite\",\"@id\":\"https:\\\/\\\/anivet.lt\\\/elparduotuve\\\/#website\",\"url\":\"https:\\\/\\\/anivet.lt\\\/elparduotuve\\\/\",\"name\":\"anivet.lt\",\"description\":\"Viskas J\u016bs\u0173 \u0161uns, kat\u0117s prie\u017ei\u016brai\",\"publisher\":{\"@id\":\"https:\\\/\\\/anivet.lt\\\/elparduotuve\\\/#organization\"},\"alternateName\":\"Viskas J\u016bs\u0173 \u0161uns, kat\u0117s prie\u017ei\u016brai\",\"potentialAction\":[{\"@type\":\"SearchAction\",\"target\":{\"@type\":\"EntryPoint\",\"urlTemplate\":\"https:\\\/\\\/anivet.lt\\\/elparduotuve\\\/?s={search_term_string}\"},\"query-input\":{\"@type\":\"PropertyValueSpecification\",\"valueRequired\":true,\"valueName\":\"search_term_string\"}}],\"inLanguage\":\"lt-LT\"},{\"@type\":\"Organization\",\"@id\":\"https:\\\/\\\/anivet.lt\\\/elparduotuve\\\/#organization\",\"name\":\"Viskas J\u016bs\u0173 \u0161uns, kat\u0117s prie\u017ei\u016brai\",\"url\":\"https:\\\/\\\/anivet.lt\\\/elparduotuve\\\/\",\"logo\":{\"@type\":\"ImageObject\",\"inLanguage\":\"lt-LT\",\"@id\":\"https:\\\/\\\/anivet.lt\\\/elparduotuve\\\/#\\\/schema\\\/logo\\\/image\\\/\",\"url\":\"https:\\\/\\\/anivet.lt\\\/elparduotuve\\\/wp-content\\\/uploads\\\/2023\\\/06\\\/logo2.jpg\",\"contentUrl\":\"https:\\\/\\\/anivet.lt\\\/elparduotuve\\\/wp-content\\\/uploads\\\/2023\\\/06\\\/logo2.jpg\",\"width\":655,\"height\":194,\"caption\":\"Viskas J\u016bs\u0173 \u0161uns, kat\u0117s prie\u017ei\u016brai\"},\"image\":{\"@id\":\"https:\\\/\\\/anivet.lt\\\/elparduotuve\\\/#\\\/schema\\\/logo\\\/image\\\/\"}}]}<\/script>\n<!-- \/ Yoast SEO Premium plugin. -->","yoast_head_json":{"title":"AATU 80\/20 DUCK Pa\u0161aras Suaugusiems \u0160unims Su 80% Antienos 10kg - anivet.lt","description":"Premium klas\u0117s sausas maistas suaugusiems \u0161unims, kurio sud\u0117tis orientuota \u012f m\u0117s\u0117d\u017ei\u0173 nat\u016bralius poreikius. Pagrindinis ingredientas \u2013 antiena (80%), papildyta dar\u017eov\u0117mis, vaisiais, \u017eolel\u0117mis ir augal\u0173 ekstraktais.","robots":{"index":"index","follow":"follow","max-snippet":"max-snippet:-1","max-image-preview":"max-image-preview:large","max-video-preview":"max-video-preview:-1"},"canonical":"https:\/\/anivet.lt\/elparduotuve\/produktas\/aatu-80-20-duck-pasaras-suaugusiems-sunims-su-80-antienos-10kg\/","og_locale":"lt_LT","og_type":"article","og_title":"AATU 80\/20 DUCK Pa\u0161aras Suaugusiems \u0160unims Su 80% Antienos 10kg","og_description":"Premium klas\u0117s sausas maistas suaugusiems \u0161unims, kurio sud\u0117tis orientuota \u012f m\u0117s\u0117d\u017ei\u0173 nat\u016bralius poreikius. Pagrindinis ingredientas \u2013 antiena (80%), papildyta dar\u017eov\u0117mis, vaisiais, \u017eolel\u0117mis ir augal\u0173 ekstraktais.","og_url":"https:\/\/anivet.lt\/elparduotuve\/produktas\/aatu-80-20-duck-pasaras-suaugusiems-sunims-su-80-antienos-10kg\/","og_site_name":"anivet.lt","article_modified_time":"2026-04-13T17:15:26+00:00","og_image":[{"width":800,"height":800,"url":"https:\/\/anivet.lt\/elparduotuve\/wp-content\/uploads\/2024\/01\/AATU-Dog_10kg_Duck.jpg","type":"image\/jpeg"}],"twitter_card":"summary_large_image","twitter_misc":{"Est. reading time":"1 minut\u0117"},"schema":{"@context":"https:\/\/schema.org","@graph":[{"@type":"WebPage","@id":"https:\/\/anivet.lt\/elparduotuve\/produktas\/aatu-80-20-duck-pasaras-suaugusiems-sunims-su-80-antienos-10kg\/","url":"https:\/\/anivet.lt\/elparduotuve\/produktas\/aatu-80-20-duck-pasaras-suaugusiems-sunims-su-80-antienos-10kg\/","name":"AATU 80\/20 DUCK Pa\u0161aras Suaugusiems \u0160unims Su 80% Antienos 10kg - anivet.lt","isPartOf":{"@id":"https:\/\/anivet.lt\/elparduotuve\/#website"},"primaryImageOfPage":{"@id":"https:\/\/anivet.lt\/elparduotuve\/produktas\/aatu-80-20-duck-pasaras-suaugusiems-sunims-su-80-antienos-10kg\/#primaryimage"},"image":{"@id":"https:\/\/anivet.lt\/elparduotuve\/produktas\/aatu-80-20-duck-pasaras-suaugusiems-sunims-su-80-antienos-10kg\/#primaryimage"},"thumbnailUrl":"https:\/\/anivet.lt\/elparduotuve\/wp-content\/uploads\/2024\/01\/AATU-Dog_10kg_Duck.jpg","datePublished":"2024-01-13T11:38:12+00:00","dateModified":"2026-04-13T17:15:26+00:00","description":"Premium klas\u0117s sausas maistas suaugusiems \u0161unims, kurio sud\u0117tis orientuota \u012f m\u0117s\u0117d\u017ei\u0173 nat\u016bralius poreikius. Pagrindinis ingredientas \u2013 antiena (80%), papildyta dar\u017eov\u0117mis, vaisiais, \u017eolel\u0117mis ir augal\u0173 ekstraktais.","breadcrumb":{"@id":"https:\/\/anivet.lt\/elparduotuve\/produktas\/aatu-80-20-duck-pasaras-suaugusiems-sunims-su-80-antienos-10kg\/#breadcrumb"},"inLanguage":"lt-LT","potentialAction":[{"@type":"ReadAction","target":["https:\/\/anivet.lt\/elparduotuve\/produktas\/aatu-80-20-duck-pasaras-suaugusiems-sunims-su-80-antienos-10kg\/"]}]},{"@type":"ImageObject","inLanguage":"lt-LT","@id":"https:\/\/anivet.lt\/elparduotuve\/produktas\/aatu-80-20-duck-pasaras-suaugusiems-sunims-su-80-antienos-10kg\/#primaryimage","url":"https:\/\/anivet.lt\/elparduotuve\/wp-content\/uploads\/2024\/01\/AATU-Dog_10kg_Duck.jpg","contentUrl":"https:\/\/anivet.lt\/elparduotuve\/wp-content\/uploads\/2024\/01\/AATU-Dog_10kg_Duck.jpg","width":800,"height":800,"caption":"AATU 80\/20 DUCK Pa\u0161aras Suaugusiems \u0160unims Su 80% Antienos 10kg"},{"@type":"BreadcrumbList","@id":"https:\/\/anivet.lt\/elparduotuve\/produktas\/aatu-80-20-duck-pasaras-suaugusiems-sunims-su-80-antienos-10kg\/#breadcrumb","itemListElement":[{"@type":"ListItem","position":1,"name":"Home","item":"https:\/\/anivet.lt\/elparduotuve\/"},{"@type":"ListItem","position":2,"name":"Produktai","item":"https:\/\/anivet.lt\/elparduotuve\/produktai\/"},{"@type":"ListItem","position":3,"name":"AATU 80\/20 DUCK Pa\u0161aras Suaugusiems \u0160unims Su 80% Antienos 10kg"}]},{"@type":"WebSite","@id":"https:\/\/anivet.lt\/elparduotuve\/#website","url":"https:\/\/anivet.lt\/elparduotuve\/","name":"anivet.lt","description":"Viskas J\u016bs\u0173 \u0161uns, kat\u0117s prie\u017ei\u016brai","publisher":{"@id":"https:\/\/anivet.lt\/elparduotuve\/#organization"},"alternateName":"Viskas J\u016bs\u0173 \u0161uns, kat\u0117s prie\u017ei\u016brai","potentialAction":[{"@type":"SearchAction","target":{"@type":"EntryPoint","urlTemplate":"https:\/\/anivet.lt\/elparduotuve\/?s={search_term_string}"},"query-input":{"@type":"PropertyValueSpecification","valueRequired":true,"valueName":"search_term_string"}}],"inLanguage":"lt-LT"},{"@type":"Organization","@id":"https:\/\/anivet.lt\/elparduotuve\/#organization","name":"Viskas J\u016bs\u0173 \u0161uns, kat\u0117s prie\u017ei\u016brai","url":"https:\/\/anivet.lt\/elparduotuve\/","logo":{"@type":"ImageObject","inLanguage":"lt-LT","@id":"https:\/\/anivet.lt\/elparduotuve\/#\/schema\/logo\/image\/","url":"https:\/\/anivet.lt\/elparduotuve\/wp-content\/uploads\/2023\/06\/logo2.jpg","contentUrl":"https:\/\/anivet.lt\/elparduotuve\/wp-content\/uploads\/2023\/06\/logo2.jpg","width":655,"height":194,"caption":"Viskas J\u016bs\u0173 \u0161uns, kat\u0117s prie\u017ei\u016brai"},"image":{"@id":"https:\/\/anivet.lt\/elparduotuve\/#\/schema\/logo\/image\/"}}]}},"_links":{"self":[{"href":"https:\/\/anivet.lt\/elparduotuve\/wp-json\/wp\/v2\/product\/12657","targetHints":{"allow":["GET"]}}],"collection":[{"href":"https:\/\/anivet.lt\/elparduotuve\/wp-json\/wp\/v2\/product"}],"about":[{"href":"https:\/\/anivet.lt\/elparduotuve\/wp-json\/wp\/v2\/types\/product"}],"wp:featuredmedia":[{"embeddable":true,"href":"https:\/\/anivet.lt\/elparduotuve\/wp-json\/wp\/v2\/media\/12658"}],"wp:attachment":[{"href":"https:\/\/anivet.lt\/elparduotuve\/wp-json\/wp\/v2\/media?parent=12657"}],"wp:term":[{"taxonomy":"product_brand","embeddable":true,"href":"https:\/\/anivet.lt\/elparduotuve\/wp-json\/wp\/v2\/product_brand?post=12657"},{"taxonomy":"product_cat","embeddable":true,"href":"https:\/\/anivet.lt\/elparduotuve\/wp-json\/wp\/v2\/product_cat?post=12657"},{"taxonomy":"product_tag","embeddable":true,"href":"https:\/\/anivet.lt\/elparduotuve\/wp-json\/wp\/v2\/product_tag?post=12657"}],"curies":[{"name":"wp","href":"https:\/\/api.w.org\/{rel}","templated":true}]}}