{"id":12661,"date":"2024-01-13T11:51:56","date_gmt":"2024-01-13T11:51:56","guid":{"rendered":"https:\/\/anivet.lt\/elparduotuve\/?post_type=product&#038;p=12661"},"modified":"2026-04-13T17:15:18","modified_gmt":"2026-04-13T17:15:18","slug":"aatu-80-20-salmon-pasaras-suaugusiems-sunims-su-80-zuvies-10kg","status":"publish","type":"product","link":"https:\/\/anivet.lt\/elparduotuve\/produktas\/aatu-80-20-salmon-pasaras-suaugusiems-sunims-su-80-zuvies-10kg\/","title":{"rendered":"AATU 80\/20 SALMON Pa\u0161aras Suaugusiems \u0160unims Su 80% \u017duvies 10kg"},"content":{"rendered":"<ul>\n<li style=\"font-weight: 400;\" aria-level=\"1\"><span style=\"font-weight: 400;\">Auk\u0161ta baltym\u0173 kokyb\u0117: Sud\u0117tyje 64% la\u0161i\u0161os ir 16% d\u017eiovintos la\u0161i\u0161os.<\/span><\/li>\n<li style=\"font-weight: 400;\" aria-level=\"1\"><span style=\"font-weight: 400;\">\u201eSuper 8\u201c formul\u0117: Specialus vaisi\u0173, dar\u017eovi\u0173 ir \u017eoleli\u0173 derinys u\u017etikrina maistin\u0119 pusiausvyr\u0105.<\/span><\/li>\n<li style=\"font-weight: 400;\" aria-level=\"1\"><span style=\"font-weight: 400;\">Nat\u016brali sud\u0117tis: N\u0117ra dirbtini\u0173 da\u017eikli\u0173, konservant\u0173 ar GMO.<\/span><\/li>\n<li style=\"font-weight: 400;\" aria-level=\"1\"><span style=\"font-weight: 400;\">Sveikai odai ir kailiui: Omega-3 ir Omega-6 riebal\u0173 r\u016bg\u0161tys palaiko sveik\u0105 od\u0105 ir blizgant\u012f kail\u012f.<\/span><\/li>\n<li style=\"font-weight: 400;\" aria-level=\"1\"><span style=\"font-weight: 400;\">Papildomi priedai: Gliukozaminas ir chondroitinas s\u0105nari\u0173 sveikatai, taip pat L-karnitinas raumen\u0173 tonusui.<\/span><\/li>\n<\/ul>\n<p><span style=\"font-weight: 400;\">Puikus pasirinkimas \u0161unims, kuriems reikalinga subalansuota ir nat\u016brali mityba. Naudojama auk\u0161\u010diausios kokyb\u0117s la\u0161i\u0161a ir papildoma \u201eSuper 8\u201c formul\u0117 u\u017etikrina maisto pilnaverti\u0161kum\u0105, padeda palaikyti ger\u0105 vir\u0161kinim\u0105, sveik\u0105 kail\u012f ir energing\u0105 gyvenimo b\u016bd\u0105. Nat\u016brali sud\u0117tis u\u017etikrina, kad j\u016bs\u0173 augintinis gaut\u0173 tai, kas geriausia.<\/span><\/p>\n","protected":false},"excerpt":{"rendered":"<p><span style=\"font-weight: 400;\">Visavertis sausas pa\u0161aras, pagamintas i\u0161 80% \u017euvies, naudojant unikal\u0173 \u201e\u017eemo ir l\u0117to\u201c TM metod\u0105, kuris u\u017etikrina optimal\u0173 baltym\u0173 \u012fsisavinim\u0105. Praturtintas \u201eSuper 8\u201c formule, kuri apjungia 8 vaisius, 8 dar\u017eoves ir 8 \u017eoleles, \u0161is maistas suteikia b\u016btinus vitaminus, mineralus ir puik\u0173 skon\u012f.<\/span><\/p>\n","protected":false},"featured_media":12662,"template":"","meta":[],"product_brand":[],"product_cat":[330,101,103,104],"product_tag":[],"class_list":{"0":"post-12661","1":"product","2":"type-product","3":"status-publish","4":"has-post-thumbnail","6":"product_cat-aatu-sunu-maistas","7":"product_cat-sunims","8":"product_cat-sunu-maistas","9":"product_cat-sausas-maistas","10":"pa_prekinis-zenklas-aatu","12":"first","13":"outofstock","14":"taxable","15":"shipping-taxable","16":"purchasable","17":"product-type-simple"},"yoast_head":"<!-- This site is optimized with the Yoast SEO Premium plugin v27.1 (Yoast SEO v27.5) - https:\/\/yoast.com\/product\/yoast-seo-premium-wordpress\/ -->\n<title>AATU 80\/20 SALMON Pa\u0161aras Suaugusiems \u0160unims Su 80% \u017duvies 10kg - anivet.lt<\/title>\n<meta name=\"description\" content=\"Visavertis sausas pa\u0161aras, pagamintas i\u0161 80% \u017euvies, naudojant unikal\u0173 \u201e\u017eemo ir l\u0117to\u201c TM metod\u0105, kuris u\u017etikrina optimal\u0173 baltym\u0173 \u012fsisavinim\u0105. Praturtintas \u201eSuper 8\u201c formule, kuri apjungia 8 vaisius, 8 dar\u017eoves ir 8 \u017eoleles, \u0161is maistas suteikia b\u016btinus vitaminus, mineralus ir puik\u0173 skon\u012f.\" \/>\n<meta name=\"robots\" content=\"index, follow, max-snippet:-1, max-image-preview:large, max-video-preview:-1\" \/>\n<link rel=\"canonical\" href=\"https:\/\/anivet.lt\/elparduotuve\/produktas\/aatu-80-20-salmon-pasaras-suaugusiems-sunims-su-80-zuvies-10kg\/\" \/>\n<meta property=\"og:locale\" content=\"lt_LT\" \/>\n<meta property=\"og:type\" content=\"article\" \/>\n<meta property=\"og:title\" content=\"AATU 80\/20 SALMON Pa\u0161aras Suaugusiems \u0160unims Su 80% \u017duvies 10kg\" \/>\n<meta property=\"og:description\" content=\"Visavertis sausas pa\u0161aras, pagamintas i\u0161 80% \u017euvies, naudojant unikal\u0173 \u201e\u017eemo ir l\u0117to\u201c TM metod\u0105, kuris u\u017etikrina optimal\u0173 baltym\u0173 \u012fsisavinim\u0105. Praturtintas \u201eSuper 8\u201c formule, kuri apjungia 8 vaisius, 8 dar\u017eoves ir 8 \u017eoleles, \u0161is maistas suteikia b\u016btinus vitaminus, mineralus ir puik\u0173 skon\u012f.\" \/>\n<meta property=\"og:url\" content=\"https:\/\/anivet.lt\/elparduotuve\/produktas\/aatu-80-20-salmon-pasaras-suaugusiems-sunims-su-80-zuvies-10kg\/\" \/>\n<meta property=\"og:site_name\" content=\"anivet.lt\" \/>\n<meta property=\"article:modified_time\" content=\"2026-04-13T17:15:18+00:00\" \/>\n<meta property=\"og:image\" content=\"https:\/\/anivet.lt\/elparduotuve\/wp-content\/uploads\/2024\/01\/AATU-Dog_10kg_Salmon.jpg\" \/>\n\t<meta property=\"og:image:width\" content=\"800\" \/>\n\t<meta property=\"og:image:height\" content=\"800\" \/>\n\t<meta property=\"og:image:type\" content=\"image\/jpeg\" \/>\n<meta name=\"twitter:card\" content=\"summary_large_image\" \/>\n<meta name=\"twitter:label1\" content=\"Est. reading time\" \/>\n\t<meta name=\"twitter:data1\" content=\"1 minut\u0117\" \/>\n<script type=\"application\/ld+json\" class=\"yoast-schema-graph\">{\"@context\":\"https:\\\/\\\/schema.org\",\"@graph\":[{\"@type\":\"WebPage\",\"@id\":\"https:\\\/\\\/anivet.lt\\\/elparduotuve\\\/produktas\\\/aatu-80-20-salmon-pasaras-suaugusiems-sunims-su-80-zuvies-10kg\\\/\",\"url\":\"https:\\\/\\\/anivet.lt\\\/elparduotuve\\\/produktas\\\/aatu-80-20-salmon-pasaras-suaugusiems-sunims-su-80-zuvies-10kg\\\/\",\"name\":\"AATU 80\\\/20 SALMON Pa\u0161aras Suaugusiems \u0160unims Su 80% \u017duvies 10kg - anivet.lt\",\"isPartOf\":{\"@id\":\"https:\\\/\\\/anivet.lt\\\/elparduotuve\\\/#website\"},\"primaryImageOfPage\":{\"@id\":\"https:\\\/\\\/anivet.lt\\\/elparduotuve\\\/produktas\\\/aatu-80-20-salmon-pasaras-suaugusiems-sunims-su-80-zuvies-10kg\\\/#primaryimage\"},\"image\":{\"@id\":\"https:\\\/\\\/anivet.lt\\\/elparduotuve\\\/produktas\\\/aatu-80-20-salmon-pasaras-suaugusiems-sunims-su-80-zuvies-10kg\\\/#primaryimage\"},\"thumbnailUrl\":\"https:\\\/\\\/anivet.lt\\\/elparduotuve\\\/wp-content\\\/uploads\\\/2024\\\/01\\\/AATU-Dog_10kg_Salmon.jpg\",\"datePublished\":\"2024-01-13T11:51:56+00:00\",\"dateModified\":\"2026-04-13T17:15:18+00:00\",\"description\":\"Visavertis sausas pa\u0161aras, pagamintas i\u0161 80% \u017euvies, naudojant unikal\u0173 \u201e\u017eemo ir l\u0117to\u201c TM metod\u0105, kuris u\u017etikrina optimal\u0173 baltym\u0173 \u012fsisavinim\u0105. Praturtintas \u201eSuper 8\u201c formule, kuri apjungia 8 vaisius, 8 dar\u017eoves ir 8 \u017eoleles, \u0161is maistas suteikia b\u016btinus vitaminus, mineralus ir puik\u0173 skon\u012f.\",\"breadcrumb\":{\"@id\":\"https:\\\/\\\/anivet.lt\\\/elparduotuve\\\/produktas\\\/aatu-80-20-salmon-pasaras-suaugusiems-sunims-su-80-zuvies-10kg\\\/#breadcrumb\"},\"inLanguage\":\"lt-LT\",\"potentialAction\":[{\"@type\":\"ReadAction\",\"target\":[\"https:\\\/\\\/anivet.lt\\\/elparduotuve\\\/produktas\\\/aatu-80-20-salmon-pasaras-suaugusiems-sunims-su-80-zuvies-10kg\\\/\"]}]},{\"@type\":\"ImageObject\",\"inLanguage\":\"lt-LT\",\"@id\":\"https:\\\/\\\/anivet.lt\\\/elparduotuve\\\/produktas\\\/aatu-80-20-salmon-pasaras-suaugusiems-sunims-su-80-zuvies-10kg\\\/#primaryimage\",\"url\":\"https:\\\/\\\/anivet.lt\\\/elparduotuve\\\/wp-content\\\/uploads\\\/2024\\\/01\\\/AATU-Dog_10kg_Salmon.jpg\",\"contentUrl\":\"https:\\\/\\\/anivet.lt\\\/elparduotuve\\\/wp-content\\\/uploads\\\/2024\\\/01\\\/AATU-Dog_10kg_Salmon.jpg\",\"width\":800,\"height\":800,\"caption\":\"AATU 80\\\/20 SALMON Pa\u0161aras Suaugusiems \u0160unims Su 80% \u017duvies 10kg\"},{\"@type\":\"BreadcrumbList\",\"@id\":\"https:\\\/\\\/anivet.lt\\\/elparduotuve\\\/produktas\\\/aatu-80-20-salmon-pasaras-suaugusiems-sunims-su-80-zuvies-10kg\\\/#breadcrumb\",\"itemListElement\":[{\"@type\":\"ListItem\",\"position\":1,\"name\":\"Home\",\"item\":\"https:\\\/\\\/anivet.lt\\\/elparduotuve\\\/\"},{\"@type\":\"ListItem\",\"position\":2,\"name\":\"Produktai\",\"item\":\"https:\\\/\\\/anivet.lt\\\/elparduotuve\\\/produktai\\\/\"},{\"@type\":\"ListItem\",\"position\":3,\"name\":\"AATU 80\\\/20 SALMON Pa\u0161aras Suaugusiems \u0160unims Su 80% \u017duvies 10kg\"}]},{\"@type\":\"WebSite\",\"@id\":\"https:\\\/\\\/anivet.lt\\\/elparduotuve\\\/#website\",\"url\":\"https:\\\/\\\/anivet.lt\\\/elparduotuve\\\/\",\"name\":\"anivet.lt\",\"description\":\"Viskas J\u016bs\u0173 \u0161uns, kat\u0117s prie\u017ei\u016brai\",\"publisher\":{\"@id\":\"https:\\\/\\\/anivet.lt\\\/elparduotuve\\\/#organization\"},\"alternateName\":\"Viskas J\u016bs\u0173 \u0161uns, kat\u0117s prie\u017ei\u016brai\",\"potentialAction\":[{\"@type\":\"SearchAction\",\"target\":{\"@type\":\"EntryPoint\",\"urlTemplate\":\"https:\\\/\\\/anivet.lt\\\/elparduotuve\\\/?s={search_term_string}\"},\"query-input\":{\"@type\":\"PropertyValueSpecification\",\"valueRequired\":true,\"valueName\":\"search_term_string\"}}],\"inLanguage\":\"lt-LT\"},{\"@type\":\"Organization\",\"@id\":\"https:\\\/\\\/anivet.lt\\\/elparduotuve\\\/#organization\",\"name\":\"Viskas J\u016bs\u0173 \u0161uns, kat\u0117s prie\u017ei\u016brai\",\"url\":\"https:\\\/\\\/anivet.lt\\\/elparduotuve\\\/\",\"logo\":{\"@type\":\"ImageObject\",\"inLanguage\":\"lt-LT\",\"@id\":\"https:\\\/\\\/anivet.lt\\\/elparduotuve\\\/#\\\/schema\\\/logo\\\/image\\\/\",\"url\":\"https:\\\/\\\/anivet.lt\\\/elparduotuve\\\/wp-content\\\/uploads\\\/2023\\\/06\\\/logo2.jpg\",\"contentUrl\":\"https:\\\/\\\/anivet.lt\\\/elparduotuve\\\/wp-content\\\/uploads\\\/2023\\\/06\\\/logo2.jpg\",\"width\":655,\"height\":194,\"caption\":\"Viskas J\u016bs\u0173 \u0161uns, kat\u0117s prie\u017ei\u016brai\"},\"image\":{\"@id\":\"https:\\\/\\\/anivet.lt\\\/elparduotuve\\\/#\\\/schema\\\/logo\\\/image\\\/\"}}]}<\/script>\n<!-- \/ Yoast SEO Premium plugin. -->","yoast_head_json":{"title":"AATU 80\/20 SALMON Pa\u0161aras Suaugusiems \u0160unims Su 80% \u017duvies 10kg - anivet.lt","description":"Visavertis sausas pa\u0161aras, pagamintas i\u0161 80% \u017euvies, naudojant unikal\u0173 \u201e\u017eemo ir l\u0117to\u201c TM metod\u0105, kuris u\u017etikrina optimal\u0173 baltym\u0173 \u012fsisavinim\u0105. Praturtintas \u201eSuper 8\u201c formule, kuri apjungia 8 vaisius, 8 dar\u017eoves ir 8 \u017eoleles, \u0161is maistas suteikia b\u016btinus vitaminus, mineralus ir puik\u0173 skon\u012f.","robots":{"index":"index","follow":"follow","max-snippet":"max-snippet:-1","max-image-preview":"max-image-preview:large","max-video-preview":"max-video-preview:-1"},"canonical":"https:\/\/anivet.lt\/elparduotuve\/produktas\/aatu-80-20-salmon-pasaras-suaugusiems-sunims-su-80-zuvies-10kg\/","og_locale":"lt_LT","og_type":"article","og_title":"AATU 80\/20 SALMON Pa\u0161aras Suaugusiems \u0160unims Su 80% \u017duvies 10kg","og_description":"Visavertis sausas pa\u0161aras, pagamintas i\u0161 80% \u017euvies, naudojant unikal\u0173 \u201e\u017eemo ir l\u0117to\u201c TM metod\u0105, kuris u\u017etikrina optimal\u0173 baltym\u0173 \u012fsisavinim\u0105. Praturtintas \u201eSuper 8\u201c formule, kuri apjungia 8 vaisius, 8 dar\u017eoves ir 8 \u017eoleles, \u0161is maistas suteikia b\u016btinus vitaminus, mineralus ir puik\u0173 skon\u012f.","og_url":"https:\/\/anivet.lt\/elparduotuve\/produktas\/aatu-80-20-salmon-pasaras-suaugusiems-sunims-su-80-zuvies-10kg\/","og_site_name":"anivet.lt","article_modified_time":"2026-04-13T17:15:18+00:00","og_image":[{"width":800,"height":800,"url":"https:\/\/anivet.lt\/elparduotuve\/wp-content\/uploads\/2024\/01\/AATU-Dog_10kg_Salmon.jpg","type":"image\/jpeg"}],"twitter_card":"summary_large_image","twitter_misc":{"Est. reading time":"1 minut\u0117"},"schema":{"@context":"https:\/\/schema.org","@graph":[{"@type":"WebPage","@id":"https:\/\/anivet.lt\/elparduotuve\/produktas\/aatu-80-20-salmon-pasaras-suaugusiems-sunims-su-80-zuvies-10kg\/","url":"https:\/\/anivet.lt\/elparduotuve\/produktas\/aatu-80-20-salmon-pasaras-suaugusiems-sunims-su-80-zuvies-10kg\/","name":"AATU 80\/20 SALMON Pa\u0161aras Suaugusiems \u0160unims Su 80% \u017duvies 10kg - anivet.lt","isPartOf":{"@id":"https:\/\/anivet.lt\/elparduotuve\/#website"},"primaryImageOfPage":{"@id":"https:\/\/anivet.lt\/elparduotuve\/produktas\/aatu-80-20-salmon-pasaras-suaugusiems-sunims-su-80-zuvies-10kg\/#primaryimage"},"image":{"@id":"https:\/\/anivet.lt\/elparduotuve\/produktas\/aatu-80-20-salmon-pasaras-suaugusiems-sunims-su-80-zuvies-10kg\/#primaryimage"},"thumbnailUrl":"https:\/\/anivet.lt\/elparduotuve\/wp-content\/uploads\/2024\/01\/AATU-Dog_10kg_Salmon.jpg","datePublished":"2024-01-13T11:51:56+00:00","dateModified":"2026-04-13T17:15:18+00:00","description":"Visavertis sausas pa\u0161aras, pagamintas i\u0161 80% \u017euvies, naudojant unikal\u0173 \u201e\u017eemo ir l\u0117to\u201c TM metod\u0105, kuris u\u017etikrina optimal\u0173 baltym\u0173 \u012fsisavinim\u0105. Praturtintas \u201eSuper 8\u201c formule, kuri apjungia 8 vaisius, 8 dar\u017eoves ir 8 \u017eoleles, \u0161is maistas suteikia b\u016btinus vitaminus, mineralus ir puik\u0173 skon\u012f.","breadcrumb":{"@id":"https:\/\/anivet.lt\/elparduotuve\/produktas\/aatu-80-20-salmon-pasaras-suaugusiems-sunims-su-80-zuvies-10kg\/#breadcrumb"},"inLanguage":"lt-LT","potentialAction":[{"@type":"ReadAction","target":["https:\/\/anivet.lt\/elparduotuve\/produktas\/aatu-80-20-salmon-pasaras-suaugusiems-sunims-su-80-zuvies-10kg\/"]}]},{"@type":"ImageObject","inLanguage":"lt-LT","@id":"https:\/\/anivet.lt\/elparduotuve\/produktas\/aatu-80-20-salmon-pasaras-suaugusiems-sunims-su-80-zuvies-10kg\/#primaryimage","url":"https:\/\/anivet.lt\/elparduotuve\/wp-content\/uploads\/2024\/01\/AATU-Dog_10kg_Salmon.jpg","contentUrl":"https:\/\/anivet.lt\/elparduotuve\/wp-content\/uploads\/2024\/01\/AATU-Dog_10kg_Salmon.jpg","width":800,"height":800,"caption":"AATU 80\/20 SALMON Pa\u0161aras Suaugusiems \u0160unims Su 80% \u017duvies 10kg"},{"@type":"BreadcrumbList","@id":"https:\/\/anivet.lt\/elparduotuve\/produktas\/aatu-80-20-salmon-pasaras-suaugusiems-sunims-su-80-zuvies-10kg\/#breadcrumb","itemListElement":[{"@type":"ListItem","position":1,"name":"Home","item":"https:\/\/anivet.lt\/elparduotuve\/"},{"@type":"ListItem","position":2,"name":"Produktai","item":"https:\/\/anivet.lt\/elparduotuve\/produktai\/"},{"@type":"ListItem","position":3,"name":"AATU 80\/20 SALMON Pa\u0161aras Suaugusiems \u0160unims Su 80% \u017duvies 10kg"}]},{"@type":"WebSite","@id":"https:\/\/anivet.lt\/elparduotuve\/#website","url":"https:\/\/anivet.lt\/elparduotuve\/","name":"anivet.lt","description":"Viskas J\u016bs\u0173 \u0161uns, kat\u0117s prie\u017ei\u016brai","publisher":{"@id":"https:\/\/anivet.lt\/elparduotuve\/#organization"},"alternateName":"Viskas J\u016bs\u0173 \u0161uns, kat\u0117s prie\u017ei\u016brai","potentialAction":[{"@type":"SearchAction","target":{"@type":"EntryPoint","urlTemplate":"https:\/\/anivet.lt\/elparduotuve\/?s={search_term_string}"},"query-input":{"@type":"PropertyValueSpecification","valueRequired":true,"valueName":"search_term_string"}}],"inLanguage":"lt-LT"},{"@type":"Organization","@id":"https:\/\/anivet.lt\/elparduotuve\/#organization","name":"Viskas J\u016bs\u0173 \u0161uns, kat\u0117s prie\u017ei\u016brai","url":"https:\/\/anivet.lt\/elparduotuve\/","logo":{"@type":"ImageObject","inLanguage":"lt-LT","@id":"https:\/\/anivet.lt\/elparduotuve\/#\/schema\/logo\/image\/","url":"https:\/\/anivet.lt\/elparduotuve\/wp-content\/uploads\/2023\/06\/logo2.jpg","contentUrl":"https:\/\/anivet.lt\/elparduotuve\/wp-content\/uploads\/2023\/06\/logo2.jpg","width":655,"height":194,"caption":"Viskas J\u016bs\u0173 \u0161uns, kat\u0117s prie\u017ei\u016brai"},"image":{"@id":"https:\/\/anivet.lt\/elparduotuve\/#\/schema\/logo\/image\/"}}]}},"_links":{"self":[{"href":"https:\/\/anivet.lt\/elparduotuve\/wp-json\/wp\/v2\/product\/12661","targetHints":{"allow":["GET"]}}],"collection":[{"href":"https:\/\/anivet.lt\/elparduotuve\/wp-json\/wp\/v2\/product"}],"about":[{"href":"https:\/\/anivet.lt\/elparduotuve\/wp-json\/wp\/v2\/types\/product"}],"wp:featuredmedia":[{"embeddable":true,"href":"https:\/\/anivet.lt\/elparduotuve\/wp-json\/wp\/v2\/media\/12662"}],"wp:attachment":[{"href":"https:\/\/anivet.lt\/elparduotuve\/wp-json\/wp\/v2\/media?parent=12661"}],"wp:term":[{"taxonomy":"product_brand","embeddable":true,"href":"https:\/\/anivet.lt\/elparduotuve\/wp-json\/wp\/v2\/product_brand?post=12661"},{"taxonomy":"product_cat","embeddable":true,"href":"https:\/\/anivet.lt\/elparduotuve\/wp-json\/wp\/v2\/product_cat?post=12661"},{"taxonomy":"product_tag","embeddable":true,"href":"https:\/\/anivet.lt\/elparduotuve\/wp-json\/wp\/v2\/product_tag?post=12661"}],"curies":[{"name":"wp","href":"https:\/\/api.w.org\/{rel}","templated":true}]}}