{"id":12663,"date":"2024-01-13T12:01:39","date_gmt":"2024-01-13T12:01:39","guid":{"rendered":"https:\/\/anivet.lt\/elparduotuve\/?post_type=product&#038;p=12663"},"modified":"2026-04-13T17:15:09","modified_gmt":"2026-04-13T17:15:09","slug":"aatu-85-15-puppy-pasaras-jauniems-suniukams-5kg","status":"publish","type":"product","link":"https:\/\/anivet.lt\/elparduotuve\/produktas\/aatu-85-15-puppy-pasaras-jauniems-suniukams-5kg\/","title":{"rendered":"AATU 85\/15 PUPPY Pa\u0161aras Jauniems \u0160uniukams 5kg"},"content":{"rendered":"<ul>\n<li style=\"font-weight: 400;\" aria-level=\"1\"><span style=\"font-weight: 400;\">Auk\u0161tos kokyb\u0117s la\u0161i\u0161a: Sud\u0117tyje 85% la\u0161i\u0161os (\u0161vie\u017eiai paruo\u0161tos ir dehidratuotos), u\u017etikrinan\u010dios sveik\u0105 baltym\u0173 \u0161altin\u012f bei turting\u0105 DHA ir EPA riebi\u0173j\u0173 r\u016bg\u0161\u010di\u0173 kiek\u012f, svarb\u0173 smegen\u0173 vystymuisi.<\/span><\/li>\n<li style=\"font-weight: 400;\" aria-level=\"1\"><span style=\"font-weight: 400;\">\u017demas glikemijos indeksas: Palaiko lies\u0105 raumen\u0173 mas\u0119, suteikia ilgalaik\u0119 energij\u0105 ir prisideda prie sveikos k\u016bno sud\u0117ties.<\/span><\/li>\n<li style=\"font-weight: 400;\" aria-level=\"1\"><span style=\"font-weight: 400;\">Be gr\u016bd\u0173 ir gliuteno: Tinka alergi\u0161kiems ar jautriems \u0161uniukams, ma\u017einant alergini\u0173 reakcij\u0173 rizik\u0105.<\/span><\/li>\n<li style=\"font-weight: 400;\" aria-level=\"1\"><span style=\"font-weight: 400;\">\u201eSuper 8\u201c formul\u0117: Sud\u0117tyje yra 8 vaisiai, 8 dar\u017eov\u0117s, 8 \u017eolel\u0117s ir augal\u0173 ekstraktai, praturtinantys maist\u0105 nat\u016braliomis maistin\u0117mis med\u017eiagomis.<\/span><\/li>\n<li style=\"font-weight: 400;\" aria-level=\"1\"><span style=\"font-weight: 400;\">Probiotikai: Nat\u016brali pagalba palaikant sveik\u0105 \u017earnyno mikroflor\u0105, prisidedant prie geros vir\u0161kinimo sveikatos.<\/span><\/li>\n<\/ul>\n<p><span style=\"font-weight: 400;\">\u0160is pa\u0161aras ne tik u\u017etikrina visapusi\u0161k\u0105 jaun\u0173 \u0161uniuk\u0173 mityb\u0105, bet ir yra kruop\u0161\u010diai gaminamas naudojant \u201ema\u017eai ir l\u0117tai\u201c TM technologij\u0105, u\u017etikrinant auk\u0161t\u0105 maistini\u0173 med\u017eiag\u0173 kokyb\u0119 ir efektyv\u0173 \u012fsisavinim\u0105. Idealiai tinka augantiems \u0161uniukams, siekiant u\u017etikrinti j\u0173 energingum\u0105 ir gerov\u0119.<\/span><\/p>\n","protected":false},"excerpt":{"rendered":"<p><span style=\"font-weight: 400;\">Subalansuotas ir visavertis sausas pa\u0161aras, specialiai pritaikytas jauniems \u0161uniukams. Sud\u0117tyje yra 85% auk\u0161tos kokyb\u0117s la\u0161i\u0161os baltym\u0173, kurie palaiko sveik\u0105 augim\u0105 ir vystym\u0105si. \u0160is pa\u0161aras sukurtas remiantis \u0161uniuk\u0173 poreikiais, u\u017etikrinant nat\u016brali\u0105 ir visapusi\u0161k\u0105 mityb\u0105.<\/span><\/p>\n","protected":false},"featured_media":12664,"template":"","meta":[],"product_brand":[],"product_cat":[330,101,103,104],"product_tag":[],"class_list":{"0":"post-12663","1":"product","2":"type-product","3":"status-publish","4":"has-post-thumbnail","6":"product_cat-aatu-sunu-maistas","7":"product_cat-sunims","8":"product_cat-sunu-maistas","9":"product_cat-sausas-maistas","10":"pa_prekinis-zenklas-aatu","12":"first","13":"outofstock","14":"taxable","15":"shipping-taxable","16":"purchasable","17":"product-type-simple"},"yoast_head":"<!-- This site is optimized with the Yoast SEO Premium plugin v27.1 (Yoast SEO v27.5) - https:\/\/yoast.com\/product\/yoast-seo-premium-wordpress\/ -->\n<title>AATU 85\/15 PUPPY Pa\u0161aras Jauniems \u0160uniukams 5kg - anivet.lt<\/title>\n<meta name=\"description\" content=\"Subalansuotas ir visavertis sausas pa\u0161aras, specialiai pritaikytas jauniems \u0161uniukams. Sud\u0117tyje yra 85% auk\u0161tos kokyb\u0117s la\u0161i\u0161os baltym\u0173, kurie palaiko sveik\u0105 augim\u0105 ir vystym\u0105si. \u0160is pa\u0161aras sukurtas remiantis \u0161uniuk\u0173 poreikiais, u\u017etikrinant nat\u016brali\u0105 ir visapusi\u0161k\u0105 mityb\u0105.\" \/>\n<meta name=\"robots\" content=\"index, follow, max-snippet:-1, max-image-preview:large, max-video-preview:-1\" \/>\n<link rel=\"canonical\" href=\"https:\/\/anivet.lt\/elparduotuve\/produktas\/aatu-85-15-puppy-pasaras-jauniems-suniukams-5kg\/\" \/>\n<meta property=\"og:locale\" content=\"lt_LT\" \/>\n<meta property=\"og:type\" content=\"article\" \/>\n<meta property=\"og:title\" content=\"AATU 85\/15 PUPPY Pa\u0161aras Jauniems \u0160uniukams 5kg\" \/>\n<meta property=\"og:description\" content=\"Subalansuotas ir visavertis sausas pa\u0161aras, specialiai pritaikytas jauniems \u0161uniukams. Sud\u0117tyje yra 85% auk\u0161tos kokyb\u0117s la\u0161i\u0161os baltym\u0173, kurie palaiko sveik\u0105 augim\u0105 ir vystym\u0105si. \u0160is pa\u0161aras sukurtas remiantis \u0161uniuk\u0173 poreikiais, u\u017etikrinant nat\u016brali\u0105 ir visapusi\u0161k\u0105 mityb\u0105.\" \/>\n<meta property=\"og:url\" content=\"https:\/\/anivet.lt\/elparduotuve\/produktas\/aatu-85-15-puppy-pasaras-jauniems-suniukams-5kg\/\" \/>\n<meta property=\"og:site_name\" content=\"anivet.lt\" \/>\n<meta property=\"article:modified_time\" content=\"2026-04-13T17:15:09+00:00\" \/>\n<meta property=\"og:image\" content=\"https:\/\/anivet.lt\/elparduotuve\/wp-content\/uploads\/2024\/01\/AAtuPuppy5.jpg\" \/>\n\t<meta property=\"og:image:width\" content=\"1280\" \/>\n\t<meta property=\"og:image:height\" content=\"1280\" \/>\n\t<meta property=\"og:image:type\" content=\"image\/jpeg\" \/>\n<meta name=\"twitter:card\" content=\"summary_large_image\" \/>\n<meta name=\"twitter:label1\" content=\"Est. reading time\" \/>\n\t<meta name=\"twitter:data1\" content=\"1 minut\u0117\" \/>\n<script type=\"application\/ld+json\" class=\"yoast-schema-graph\">{\"@context\":\"https:\\\/\\\/schema.org\",\"@graph\":[{\"@type\":\"WebPage\",\"@id\":\"https:\\\/\\\/anivet.lt\\\/elparduotuve\\\/produktas\\\/aatu-85-15-puppy-pasaras-jauniems-suniukams-5kg\\\/\",\"url\":\"https:\\\/\\\/anivet.lt\\\/elparduotuve\\\/produktas\\\/aatu-85-15-puppy-pasaras-jauniems-suniukams-5kg\\\/\",\"name\":\"AATU 85\\\/15 PUPPY Pa\u0161aras Jauniems \u0160uniukams 5kg - anivet.lt\",\"isPartOf\":{\"@id\":\"https:\\\/\\\/anivet.lt\\\/elparduotuve\\\/#website\"},\"primaryImageOfPage\":{\"@id\":\"https:\\\/\\\/anivet.lt\\\/elparduotuve\\\/produktas\\\/aatu-85-15-puppy-pasaras-jauniems-suniukams-5kg\\\/#primaryimage\"},\"image\":{\"@id\":\"https:\\\/\\\/anivet.lt\\\/elparduotuve\\\/produktas\\\/aatu-85-15-puppy-pasaras-jauniems-suniukams-5kg\\\/#primaryimage\"},\"thumbnailUrl\":\"https:\\\/\\\/anivet.lt\\\/elparduotuve\\\/wp-content\\\/uploads\\\/2024\\\/01\\\/AAtuPuppy5.jpg\",\"datePublished\":\"2024-01-13T12:01:39+00:00\",\"dateModified\":\"2026-04-13T17:15:09+00:00\",\"description\":\"Subalansuotas ir visavertis sausas pa\u0161aras, specialiai pritaikytas jauniems \u0161uniukams. Sud\u0117tyje yra 85% auk\u0161tos kokyb\u0117s la\u0161i\u0161os baltym\u0173, kurie palaiko sveik\u0105 augim\u0105 ir vystym\u0105si. \u0160is pa\u0161aras sukurtas remiantis \u0161uniuk\u0173 poreikiais, u\u017etikrinant nat\u016brali\u0105 ir visapusi\u0161k\u0105 mityb\u0105.\",\"breadcrumb\":{\"@id\":\"https:\\\/\\\/anivet.lt\\\/elparduotuve\\\/produktas\\\/aatu-85-15-puppy-pasaras-jauniems-suniukams-5kg\\\/#breadcrumb\"},\"inLanguage\":\"lt-LT\",\"potentialAction\":[{\"@type\":\"ReadAction\",\"target\":[\"https:\\\/\\\/anivet.lt\\\/elparduotuve\\\/produktas\\\/aatu-85-15-puppy-pasaras-jauniems-suniukams-5kg\\\/\"]}]},{\"@type\":\"ImageObject\",\"inLanguage\":\"lt-LT\",\"@id\":\"https:\\\/\\\/anivet.lt\\\/elparduotuve\\\/produktas\\\/aatu-85-15-puppy-pasaras-jauniems-suniukams-5kg\\\/#primaryimage\",\"url\":\"https:\\\/\\\/anivet.lt\\\/elparduotuve\\\/wp-content\\\/uploads\\\/2024\\\/01\\\/AAtuPuppy5.jpg\",\"contentUrl\":\"https:\\\/\\\/anivet.lt\\\/elparduotuve\\\/wp-content\\\/uploads\\\/2024\\\/01\\\/AAtuPuppy5.jpg\",\"width\":1280,\"height\":1280,\"caption\":\"AATU 85\\\/15 PUPPY Pa\u0161aras Jauniems \u0160uniukams 5kg\"},{\"@type\":\"BreadcrumbList\",\"@id\":\"https:\\\/\\\/anivet.lt\\\/elparduotuve\\\/produktas\\\/aatu-85-15-puppy-pasaras-jauniems-suniukams-5kg\\\/#breadcrumb\",\"itemListElement\":[{\"@type\":\"ListItem\",\"position\":1,\"name\":\"Home\",\"item\":\"https:\\\/\\\/anivet.lt\\\/elparduotuve\\\/\"},{\"@type\":\"ListItem\",\"position\":2,\"name\":\"Produktai\",\"item\":\"https:\\\/\\\/anivet.lt\\\/elparduotuve\\\/produktai\\\/\"},{\"@type\":\"ListItem\",\"position\":3,\"name\":\"AATU 85\\\/15 PUPPY Pa\u0161aras Jauniems \u0160uniukams 5kg\"}]},{\"@type\":\"WebSite\",\"@id\":\"https:\\\/\\\/anivet.lt\\\/elparduotuve\\\/#website\",\"url\":\"https:\\\/\\\/anivet.lt\\\/elparduotuve\\\/\",\"name\":\"anivet.lt\",\"description\":\"Viskas J\u016bs\u0173 \u0161uns, kat\u0117s prie\u017ei\u016brai\",\"publisher\":{\"@id\":\"https:\\\/\\\/anivet.lt\\\/elparduotuve\\\/#organization\"},\"alternateName\":\"Viskas J\u016bs\u0173 \u0161uns, kat\u0117s prie\u017ei\u016brai\",\"potentialAction\":[{\"@type\":\"SearchAction\",\"target\":{\"@type\":\"EntryPoint\",\"urlTemplate\":\"https:\\\/\\\/anivet.lt\\\/elparduotuve\\\/?s={search_term_string}\"},\"query-input\":{\"@type\":\"PropertyValueSpecification\",\"valueRequired\":true,\"valueName\":\"search_term_string\"}}],\"inLanguage\":\"lt-LT\"},{\"@type\":\"Organization\",\"@id\":\"https:\\\/\\\/anivet.lt\\\/elparduotuve\\\/#organization\",\"name\":\"Viskas J\u016bs\u0173 \u0161uns, kat\u0117s prie\u017ei\u016brai\",\"url\":\"https:\\\/\\\/anivet.lt\\\/elparduotuve\\\/\",\"logo\":{\"@type\":\"ImageObject\",\"inLanguage\":\"lt-LT\",\"@id\":\"https:\\\/\\\/anivet.lt\\\/elparduotuve\\\/#\\\/schema\\\/logo\\\/image\\\/\",\"url\":\"https:\\\/\\\/anivet.lt\\\/elparduotuve\\\/wp-content\\\/uploads\\\/2023\\\/06\\\/logo2.jpg\",\"contentUrl\":\"https:\\\/\\\/anivet.lt\\\/elparduotuve\\\/wp-content\\\/uploads\\\/2023\\\/06\\\/logo2.jpg\",\"width\":655,\"height\":194,\"caption\":\"Viskas J\u016bs\u0173 \u0161uns, kat\u0117s prie\u017ei\u016brai\"},\"image\":{\"@id\":\"https:\\\/\\\/anivet.lt\\\/elparduotuve\\\/#\\\/schema\\\/logo\\\/image\\\/\"}}]}<\/script>\n<!-- \/ Yoast SEO Premium plugin. -->","yoast_head_json":{"title":"AATU 85\/15 PUPPY Pa\u0161aras Jauniems \u0160uniukams 5kg - anivet.lt","description":"Subalansuotas ir visavertis sausas pa\u0161aras, specialiai pritaikytas jauniems \u0161uniukams. Sud\u0117tyje yra 85% auk\u0161tos kokyb\u0117s la\u0161i\u0161os baltym\u0173, kurie palaiko sveik\u0105 augim\u0105 ir vystym\u0105si. \u0160is pa\u0161aras sukurtas remiantis \u0161uniuk\u0173 poreikiais, u\u017etikrinant nat\u016brali\u0105 ir visapusi\u0161k\u0105 mityb\u0105.","robots":{"index":"index","follow":"follow","max-snippet":"max-snippet:-1","max-image-preview":"max-image-preview:large","max-video-preview":"max-video-preview:-1"},"canonical":"https:\/\/anivet.lt\/elparduotuve\/produktas\/aatu-85-15-puppy-pasaras-jauniems-suniukams-5kg\/","og_locale":"lt_LT","og_type":"article","og_title":"AATU 85\/15 PUPPY Pa\u0161aras Jauniems \u0160uniukams 5kg","og_description":"Subalansuotas ir visavertis sausas pa\u0161aras, specialiai pritaikytas jauniems \u0161uniukams. Sud\u0117tyje yra 85% auk\u0161tos kokyb\u0117s la\u0161i\u0161os baltym\u0173, kurie palaiko sveik\u0105 augim\u0105 ir vystym\u0105si. \u0160is pa\u0161aras sukurtas remiantis \u0161uniuk\u0173 poreikiais, u\u017etikrinant nat\u016brali\u0105 ir visapusi\u0161k\u0105 mityb\u0105.","og_url":"https:\/\/anivet.lt\/elparduotuve\/produktas\/aatu-85-15-puppy-pasaras-jauniems-suniukams-5kg\/","og_site_name":"anivet.lt","article_modified_time":"2026-04-13T17:15:09+00:00","og_image":[{"width":1280,"height":1280,"url":"https:\/\/anivet.lt\/elparduotuve\/wp-content\/uploads\/2024\/01\/AAtuPuppy5.jpg","type":"image\/jpeg"}],"twitter_card":"summary_large_image","twitter_misc":{"Est. reading time":"1 minut\u0117"},"schema":{"@context":"https:\/\/schema.org","@graph":[{"@type":"WebPage","@id":"https:\/\/anivet.lt\/elparduotuve\/produktas\/aatu-85-15-puppy-pasaras-jauniems-suniukams-5kg\/","url":"https:\/\/anivet.lt\/elparduotuve\/produktas\/aatu-85-15-puppy-pasaras-jauniems-suniukams-5kg\/","name":"AATU 85\/15 PUPPY Pa\u0161aras Jauniems \u0160uniukams 5kg - anivet.lt","isPartOf":{"@id":"https:\/\/anivet.lt\/elparduotuve\/#website"},"primaryImageOfPage":{"@id":"https:\/\/anivet.lt\/elparduotuve\/produktas\/aatu-85-15-puppy-pasaras-jauniems-suniukams-5kg\/#primaryimage"},"image":{"@id":"https:\/\/anivet.lt\/elparduotuve\/produktas\/aatu-85-15-puppy-pasaras-jauniems-suniukams-5kg\/#primaryimage"},"thumbnailUrl":"https:\/\/anivet.lt\/elparduotuve\/wp-content\/uploads\/2024\/01\/AAtuPuppy5.jpg","datePublished":"2024-01-13T12:01:39+00:00","dateModified":"2026-04-13T17:15:09+00:00","description":"Subalansuotas ir visavertis sausas pa\u0161aras, specialiai pritaikytas jauniems \u0161uniukams. Sud\u0117tyje yra 85% auk\u0161tos kokyb\u0117s la\u0161i\u0161os baltym\u0173, kurie palaiko sveik\u0105 augim\u0105 ir vystym\u0105si. \u0160is pa\u0161aras sukurtas remiantis \u0161uniuk\u0173 poreikiais, u\u017etikrinant nat\u016brali\u0105 ir visapusi\u0161k\u0105 mityb\u0105.","breadcrumb":{"@id":"https:\/\/anivet.lt\/elparduotuve\/produktas\/aatu-85-15-puppy-pasaras-jauniems-suniukams-5kg\/#breadcrumb"},"inLanguage":"lt-LT","potentialAction":[{"@type":"ReadAction","target":["https:\/\/anivet.lt\/elparduotuve\/produktas\/aatu-85-15-puppy-pasaras-jauniems-suniukams-5kg\/"]}]},{"@type":"ImageObject","inLanguage":"lt-LT","@id":"https:\/\/anivet.lt\/elparduotuve\/produktas\/aatu-85-15-puppy-pasaras-jauniems-suniukams-5kg\/#primaryimage","url":"https:\/\/anivet.lt\/elparduotuve\/wp-content\/uploads\/2024\/01\/AAtuPuppy5.jpg","contentUrl":"https:\/\/anivet.lt\/elparduotuve\/wp-content\/uploads\/2024\/01\/AAtuPuppy5.jpg","width":1280,"height":1280,"caption":"AATU 85\/15 PUPPY Pa\u0161aras Jauniems \u0160uniukams 5kg"},{"@type":"BreadcrumbList","@id":"https:\/\/anivet.lt\/elparduotuve\/produktas\/aatu-85-15-puppy-pasaras-jauniems-suniukams-5kg\/#breadcrumb","itemListElement":[{"@type":"ListItem","position":1,"name":"Home","item":"https:\/\/anivet.lt\/elparduotuve\/"},{"@type":"ListItem","position":2,"name":"Produktai","item":"https:\/\/anivet.lt\/elparduotuve\/produktai\/"},{"@type":"ListItem","position":3,"name":"AATU 85\/15 PUPPY Pa\u0161aras Jauniems \u0160uniukams 5kg"}]},{"@type":"WebSite","@id":"https:\/\/anivet.lt\/elparduotuve\/#website","url":"https:\/\/anivet.lt\/elparduotuve\/","name":"anivet.lt","description":"Viskas J\u016bs\u0173 \u0161uns, kat\u0117s prie\u017ei\u016brai","publisher":{"@id":"https:\/\/anivet.lt\/elparduotuve\/#organization"},"alternateName":"Viskas J\u016bs\u0173 \u0161uns, kat\u0117s prie\u017ei\u016brai","potentialAction":[{"@type":"SearchAction","target":{"@type":"EntryPoint","urlTemplate":"https:\/\/anivet.lt\/elparduotuve\/?s={search_term_string}"},"query-input":{"@type":"PropertyValueSpecification","valueRequired":true,"valueName":"search_term_string"}}],"inLanguage":"lt-LT"},{"@type":"Organization","@id":"https:\/\/anivet.lt\/elparduotuve\/#organization","name":"Viskas J\u016bs\u0173 \u0161uns, kat\u0117s prie\u017ei\u016brai","url":"https:\/\/anivet.lt\/elparduotuve\/","logo":{"@type":"ImageObject","inLanguage":"lt-LT","@id":"https:\/\/anivet.lt\/elparduotuve\/#\/schema\/logo\/image\/","url":"https:\/\/anivet.lt\/elparduotuve\/wp-content\/uploads\/2023\/06\/logo2.jpg","contentUrl":"https:\/\/anivet.lt\/elparduotuve\/wp-content\/uploads\/2023\/06\/logo2.jpg","width":655,"height":194,"caption":"Viskas J\u016bs\u0173 \u0161uns, kat\u0117s prie\u017ei\u016brai"},"image":{"@id":"https:\/\/anivet.lt\/elparduotuve\/#\/schema\/logo\/image\/"}}]}},"_links":{"self":[{"href":"https:\/\/anivet.lt\/elparduotuve\/wp-json\/wp\/v2\/product\/12663","targetHints":{"allow":["GET"]}}],"collection":[{"href":"https:\/\/anivet.lt\/elparduotuve\/wp-json\/wp\/v2\/product"}],"about":[{"href":"https:\/\/anivet.lt\/elparduotuve\/wp-json\/wp\/v2\/types\/product"}],"wp:featuredmedia":[{"embeddable":true,"href":"https:\/\/anivet.lt\/elparduotuve\/wp-json\/wp\/v2\/media\/12664"}],"wp:attachment":[{"href":"https:\/\/anivet.lt\/elparduotuve\/wp-json\/wp\/v2\/media?parent=12663"}],"wp:term":[{"taxonomy":"product_brand","embeddable":true,"href":"https:\/\/anivet.lt\/elparduotuve\/wp-json\/wp\/v2\/product_brand?post=12663"},{"taxonomy":"product_cat","embeddable":true,"href":"https:\/\/anivet.lt\/elparduotuve\/wp-json\/wp\/v2\/product_cat?post=12663"},{"taxonomy":"product_tag","embeddable":true,"href":"https:\/\/anivet.lt\/elparduotuve\/wp-json\/wp\/v2\/product_tag?post=12663"}],"curies":[{"name":"wp","href":"https:\/\/api.w.org\/{rel}","templated":true}]}}