{"id":12666,"date":"2024-01-13T21:32:29","date_gmt":"2024-01-13T21:32:29","guid":{"rendered":"https:\/\/anivet.lt\/elparduotuve\/?post_type=product&#038;p=12666"},"modified":"2026-02-23T15:27:17","modified_gmt":"2026-02-23T15:27:17","slug":"virbac-dog-digestive-support","status":"publish","type":"product","link":"https:\/\/anivet.lt\/elparduotuve\/produktas\/virbac-dog-digestive-support\/","title":{"rendered":"Virbac Dog Digestive Support"},"content":{"rendered":"<ul>\n<li style=\"font-weight: 400;\" aria-level=\"1\"><span style=\"font-weight: 400;\">Subalansuotas maistini\u0173 med\u017eiag\u0173 kiekis: Didel\u0117 energijos ir maistini\u0173 med\u017eiag\u0173 koncentracija padeda greitai kompensuoti med\u017eiag\u0173 tr\u016bkum\u0105 ir skatina sveikim\u0105.<\/span><\/li>\n<li style=\"font-weight: 400;\" aria-level=\"1\"><span style=\"font-weight: 400;\">Hipoalergin\u0117 formul\u0117: Sud\u0117tyje n\u0117ra jautienos, gliuteno, kukur\u016bz\u0173, kvie\u010di\u0173, ry\u017ei\u0173, sojos, kiau\u0161ini\u0173, \u017euvies ar pieno produkt\u0173, tod\u0117l suma\u017einama alergini\u0173 reakcij\u0173 ir vir\u0161kinimo problem\u0173 rizika.<\/span><\/li>\n<li style=\"font-weight: 400;\" aria-level=\"1\"><span style=\"font-weight: 400;\">Ma\u017eas krakmolo kiekis: Neapsunkina vir\u0161kinimo, pagerina \u0117dalo toleravim\u0105 ir tinkam\u0105 pasisavinim\u0105.<\/span><\/li>\n<li style=\"font-weight: 400;\" aria-level=\"1\"><span style=\"font-weight: 400;\">Unikal\u016bs priedai: Molis, probiotikai, prebiotikai ir atrintos skaidulos apsaugo vir\u0161kinam\u0105j\u012f trakt\u0105, gerina jo veikl\u0105 ir formuoja normalias i\u0161matas.<\/span><\/li>\n<li style=\"font-weight: 400;\" aria-level=\"1\"><span style=\"font-weight: 400;\">Subalansuoti baltymai ir amino r\u016bg\u0161tys: Didelis gyvulin\u0117s kilm\u0117s baltym\u0173 kiekis kartu su vitaminais stiprina imunitet\u0105 ir u\u017etikrina greitesn\u012f atsistatym\u0105.<\/span><\/li>\n<\/ul>\n<p><span style=\"font-weight: 400;\">\u0160is pa\u0161aras yra puikus pasirinkimas \u0161unims, turintiems vir\u0161kinimo problem\u0173, nes jis ne tik padeda greitai atkurti vir\u0161kinimo funkcij\u0105, bet ir stiprina bendr\u0105 organizmo atsparum\u0105.\u00a0<\/span><\/p>\n<h3><b>Nerekomenduojama:<\/b><\/h3>\n<ul>\n<li style=\"font-weight: 400;\" aria-level=\"1\"><span style=\"font-weight: 400;\">Esant l\u0117tin\u0117ms inkst\u0173 ligoms.<\/span><\/li>\n<li style=\"font-weight: 400;\" aria-level=\"1\"><span style=\"font-weight: 400;\">Sergant \u0161irdies nepakankamumu.<\/span><\/li>\n<\/ul>\n","protected":false},"excerpt":{"rendered":"<p><span style=\"font-weight: 400;\">Specialiai sukurtas dietinis \u0117dalas, padedantis \u0161unims grei\u010diau atsigauti po vir\u0161kinimo sutrikim\u0173, \u016bmi\u0173 \u017earnyno absorbcijos problem\u0173, gastrito ar egzokrininio kasos nepakankamumo. \u0160is maistas u\u017etikrina greit\u0105 vir\u0161kinamojo trakto funkcijos atk\u016brim\u0105 ir imunin\u0117s sistemos stiprinim\u0105.<\/span><\/p>\n","protected":false},"featured_media":12667,"template":"","meta":[],"product_brand":[],"product_cat":[101,103,107,337],"product_tag":[],"class_list":{"0":"post-12666","1":"product","2":"type-product","3":"status-publish","4":"has-post-thumbnail","6":"product_cat-sunims","7":"product_cat-sunu-maistas","8":"product_cat-veterinarine-dieta","9":"product_cat-virbac-sunu-maistas","10":"pa_prekinis-zenklas-virbac","12":"first","13":"instock","14":"taxable","15":"shipping-taxable","16":"purchasable","17":"product-type-variable"},"yoast_head":"<!-- This site is optimized with the Yoast SEO Premium plugin v27.1 (Yoast SEO v27.5) - https:\/\/yoast.com\/product\/yoast-seo-premium-wordpress\/ -->\n<title>Virbac Dog Digestive Support - anivet.lt<\/title>\n<meta name=\"description\" content=\"Specialiai sukurtas dietinis \u0117dalas, padedantis \u0161unims grei\u010diau atsigauti po vir\u0161kinimo sutrikim\u0173, \u016bmi\u0173 \u017earnyno absorbcijos problem\u0173, gastrito ar egzokrininio kasos nepakankamumo. \u0160is maistas u\u017etikrina greit\u0105 vir\u0161kinamojo trakto funkcijos atk\u016brim\u0105 ir imunin\u0117s sistemos stiprinim\u0105.\" \/>\n<meta name=\"robots\" content=\"index, follow, max-snippet:-1, max-image-preview:large, max-video-preview:-1\" \/>\n<link rel=\"canonical\" href=\"https:\/\/anivet.lt\/elparduotuve\/produktas\/virbac-dog-digestive-support\/\" \/>\n<meta property=\"og:locale\" content=\"lt_LT\" \/>\n<meta property=\"og:type\" content=\"article\" \/>\n<meta property=\"og:title\" content=\"Virbac Dog Digestive Support\" \/>\n<meta property=\"og:description\" content=\"Specialiai sukurtas dietinis \u0117dalas, padedantis \u0161unims grei\u010diau atsigauti po vir\u0161kinimo sutrikim\u0173, \u016bmi\u0173 \u017earnyno absorbcijos problem\u0173, gastrito ar egzokrininio kasos nepakankamumo. \u0160is maistas u\u017etikrina greit\u0105 vir\u0161kinamojo trakto funkcijos atk\u016brim\u0105 ir imunin\u0117s sistemos stiprinim\u0105.\" \/>\n<meta property=\"og:url\" content=\"https:\/\/anivet.lt\/elparduotuve\/produktas\/virbac-dog-digestive-support\/\" \/>\n<meta property=\"og:site_name\" content=\"anivet.lt\" \/>\n<meta property=\"article:modified_time\" content=\"2026-02-23T15:27:17+00:00\" \/>\n<meta property=\"og:image\" content=\"https:\/\/anivet.lt\/elparduotuve\/wp-content\/uploads\/2024\/01\/virbac-dog-digestive-support-sausas-pasaras-sunims.jpg\" \/>\n\t<meta property=\"og:image:width\" content=\"800\" \/>\n\t<meta property=\"og:image:height\" content=\"800\" \/>\n\t<meta property=\"og:image:type\" content=\"image\/jpeg\" \/>\n<meta name=\"twitter:card\" content=\"summary_large_image\" \/>\n<meta name=\"twitter:label1\" content=\"Est. reading time\" \/>\n\t<meta name=\"twitter:data1\" content=\"1 minut\u0117\" \/>\n<script type=\"application\/ld+json\" class=\"yoast-schema-graph\">{\"@context\":\"https:\\\/\\\/schema.org\",\"@graph\":[{\"@type\":\"WebPage\",\"@id\":\"https:\\\/\\\/anivet.lt\\\/elparduotuve\\\/produktas\\\/virbac-dog-digestive-support\\\/\",\"url\":\"https:\\\/\\\/anivet.lt\\\/elparduotuve\\\/produktas\\\/virbac-dog-digestive-support\\\/\",\"name\":\"Virbac Dog Digestive Support - anivet.lt\",\"isPartOf\":{\"@id\":\"https:\\\/\\\/anivet.lt\\\/elparduotuve\\\/#website\"},\"primaryImageOfPage\":{\"@id\":\"https:\\\/\\\/anivet.lt\\\/elparduotuve\\\/produktas\\\/virbac-dog-digestive-support\\\/#primaryimage\"},\"image\":{\"@id\":\"https:\\\/\\\/anivet.lt\\\/elparduotuve\\\/produktas\\\/virbac-dog-digestive-support\\\/#primaryimage\"},\"thumbnailUrl\":\"https:\\\/\\\/anivet.lt\\\/elparduotuve\\\/wp-content\\\/uploads\\\/2024\\\/01\\\/virbac-dog-digestive-support-sausas-pasaras-sunims.jpg\",\"datePublished\":\"2024-01-13T21:32:29+00:00\",\"dateModified\":\"2026-02-23T15:27:17+00:00\",\"description\":\"Specialiai sukurtas dietinis \u0117dalas, padedantis \u0161unims grei\u010diau atsigauti po vir\u0161kinimo sutrikim\u0173, \u016bmi\u0173 \u017earnyno absorbcijos problem\u0173, gastrito ar egzokrininio kasos nepakankamumo. \u0160is maistas u\u017etikrina greit\u0105 vir\u0161kinamojo trakto funkcijos atk\u016brim\u0105 ir imunin\u0117s sistemos stiprinim\u0105.\",\"breadcrumb\":{\"@id\":\"https:\\\/\\\/anivet.lt\\\/elparduotuve\\\/produktas\\\/virbac-dog-digestive-support\\\/#breadcrumb\"},\"inLanguage\":\"lt-LT\",\"potentialAction\":[{\"@type\":\"ReadAction\",\"target\":[\"https:\\\/\\\/anivet.lt\\\/elparduotuve\\\/produktas\\\/virbac-dog-digestive-support\\\/\"]}]},{\"@type\":\"ImageObject\",\"inLanguage\":\"lt-LT\",\"@id\":\"https:\\\/\\\/anivet.lt\\\/elparduotuve\\\/produktas\\\/virbac-dog-digestive-support\\\/#primaryimage\",\"url\":\"https:\\\/\\\/anivet.lt\\\/elparduotuve\\\/wp-content\\\/uploads\\\/2024\\\/01\\\/virbac-dog-digestive-support-sausas-pasaras-sunims.jpg\",\"contentUrl\":\"https:\\\/\\\/anivet.lt\\\/elparduotuve\\\/wp-content\\\/uploads\\\/2024\\\/01\\\/virbac-dog-digestive-support-sausas-pasaras-sunims.jpg\",\"width\":800,\"height\":800,\"caption\":\"Virbac Dog Digestive Support\"},{\"@type\":\"BreadcrumbList\",\"@id\":\"https:\\\/\\\/anivet.lt\\\/elparduotuve\\\/produktas\\\/virbac-dog-digestive-support\\\/#breadcrumb\",\"itemListElement\":[{\"@type\":\"ListItem\",\"position\":1,\"name\":\"Home\",\"item\":\"https:\\\/\\\/anivet.lt\\\/elparduotuve\\\/\"},{\"@type\":\"ListItem\",\"position\":2,\"name\":\"Produktai\",\"item\":\"https:\\\/\\\/anivet.lt\\\/elparduotuve\\\/produktai\\\/\"},{\"@type\":\"ListItem\",\"position\":3,\"name\":\"Virbac Dog Digestive Support\"}]},{\"@type\":\"WebSite\",\"@id\":\"https:\\\/\\\/anivet.lt\\\/elparduotuve\\\/#website\",\"url\":\"https:\\\/\\\/anivet.lt\\\/elparduotuve\\\/\",\"name\":\"anivet.lt\",\"description\":\"Viskas J\u016bs\u0173 \u0161uns, kat\u0117s prie\u017ei\u016brai\",\"publisher\":{\"@id\":\"https:\\\/\\\/anivet.lt\\\/elparduotuve\\\/#organization\"},\"alternateName\":\"Viskas J\u016bs\u0173 \u0161uns, kat\u0117s prie\u017ei\u016brai\",\"potentialAction\":[{\"@type\":\"SearchAction\",\"target\":{\"@type\":\"EntryPoint\",\"urlTemplate\":\"https:\\\/\\\/anivet.lt\\\/elparduotuve\\\/?s={search_term_string}\"},\"query-input\":{\"@type\":\"PropertyValueSpecification\",\"valueRequired\":true,\"valueName\":\"search_term_string\"}}],\"inLanguage\":\"lt-LT\"},{\"@type\":\"Organization\",\"@id\":\"https:\\\/\\\/anivet.lt\\\/elparduotuve\\\/#organization\",\"name\":\"Viskas J\u016bs\u0173 \u0161uns, kat\u0117s prie\u017ei\u016brai\",\"url\":\"https:\\\/\\\/anivet.lt\\\/elparduotuve\\\/\",\"logo\":{\"@type\":\"ImageObject\",\"inLanguage\":\"lt-LT\",\"@id\":\"https:\\\/\\\/anivet.lt\\\/elparduotuve\\\/#\\\/schema\\\/logo\\\/image\\\/\",\"url\":\"https:\\\/\\\/anivet.lt\\\/elparduotuve\\\/wp-content\\\/uploads\\\/2023\\\/06\\\/logo2.jpg\",\"contentUrl\":\"https:\\\/\\\/anivet.lt\\\/elparduotuve\\\/wp-content\\\/uploads\\\/2023\\\/06\\\/logo2.jpg\",\"width\":655,\"height\":194,\"caption\":\"Viskas J\u016bs\u0173 \u0161uns, kat\u0117s prie\u017ei\u016brai\"},\"image\":{\"@id\":\"https:\\\/\\\/anivet.lt\\\/elparduotuve\\\/#\\\/schema\\\/logo\\\/image\\\/\"}}]}<\/script>\n<!-- \/ Yoast SEO Premium plugin. -->","yoast_head_json":{"title":"Virbac Dog Digestive Support - anivet.lt","description":"Specialiai sukurtas dietinis \u0117dalas, padedantis \u0161unims grei\u010diau atsigauti po vir\u0161kinimo sutrikim\u0173, \u016bmi\u0173 \u017earnyno absorbcijos problem\u0173, gastrito ar egzokrininio kasos nepakankamumo. \u0160is maistas u\u017etikrina greit\u0105 vir\u0161kinamojo trakto funkcijos atk\u016brim\u0105 ir imunin\u0117s sistemos stiprinim\u0105.","robots":{"index":"index","follow":"follow","max-snippet":"max-snippet:-1","max-image-preview":"max-image-preview:large","max-video-preview":"max-video-preview:-1"},"canonical":"https:\/\/anivet.lt\/elparduotuve\/produktas\/virbac-dog-digestive-support\/","og_locale":"lt_LT","og_type":"article","og_title":"Virbac Dog Digestive Support","og_description":"Specialiai sukurtas dietinis \u0117dalas, padedantis \u0161unims grei\u010diau atsigauti po vir\u0161kinimo sutrikim\u0173, \u016bmi\u0173 \u017earnyno absorbcijos problem\u0173, gastrito ar egzokrininio kasos nepakankamumo. \u0160is maistas u\u017etikrina greit\u0105 vir\u0161kinamojo trakto funkcijos atk\u016brim\u0105 ir imunin\u0117s sistemos stiprinim\u0105.","og_url":"https:\/\/anivet.lt\/elparduotuve\/produktas\/virbac-dog-digestive-support\/","og_site_name":"anivet.lt","article_modified_time":"2026-02-23T15:27:17+00:00","og_image":[{"width":800,"height":800,"url":"https:\/\/anivet.lt\/elparduotuve\/wp-content\/uploads\/2024\/01\/virbac-dog-digestive-support-sausas-pasaras-sunims.jpg","type":"image\/jpeg"}],"twitter_card":"summary_large_image","twitter_misc":{"Est. reading time":"1 minut\u0117"},"schema":{"@context":"https:\/\/schema.org","@graph":[{"@type":"WebPage","@id":"https:\/\/anivet.lt\/elparduotuve\/produktas\/virbac-dog-digestive-support\/","url":"https:\/\/anivet.lt\/elparduotuve\/produktas\/virbac-dog-digestive-support\/","name":"Virbac Dog Digestive Support - anivet.lt","isPartOf":{"@id":"https:\/\/anivet.lt\/elparduotuve\/#website"},"primaryImageOfPage":{"@id":"https:\/\/anivet.lt\/elparduotuve\/produktas\/virbac-dog-digestive-support\/#primaryimage"},"image":{"@id":"https:\/\/anivet.lt\/elparduotuve\/produktas\/virbac-dog-digestive-support\/#primaryimage"},"thumbnailUrl":"https:\/\/anivet.lt\/elparduotuve\/wp-content\/uploads\/2024\/01\/virbac-dog-digestive-support-sausas-pasaras-sunims.jpg","datePublished":"2024-01-13T21:32:29+00:00","dateModified":"2026-02-23T15:27:17+00:00","description":"Specialiai sukurtas dietinis \u0117dalas, padedantis \u0161unims grei\u010diau atsigauti po vir\u0161kinimo sutrikim\u0173, \u016bmi\u0173 \u017earnyno absorbcijos problem\u0173, gastrito ar egzokrininio kasos nepakankamumo. \u0160is maistas u\u017etikrina greit\u0105 vir\u0161kinamojo trakto funkcijos atk\u016brim\u0105 ir imunin\u0117s sistemos stiprinim\u0105.","breadcrumb":{"@id":"https:\/\/anivet.lt\/elparduotuve\/produktas\/virbac-dog-digestive-support\/#breadcrumb"},"inLanguage":"lt-LT","potentialAction":[{"@type":"ReadAction","target":["https:\/\/anivet.lt\/elparduotuve\/produktas\/virbac-dog-digestive-support\/"]}]},{"@type":"ImageObject","inLanguage":"lt-LT","@id":"https:\/\/anivet.lt\/elparduotuve\/produktas\/virbac-dog-digestive-support\/#primaryimage","url":"https:\/\/anivet.lt\/elparduotuve\/wp-content\/uploads\/2024\/01\/virbac-dog-digestive-support-sausas-pasaras-sunims.jpg","contentUrl":"https:\/\/anivet.lt\/elparduotuve\/wp-content\/uploads\/2024\/01\/virbac-dog-digestive-support-sausas-pasaras-sunims.jpg","width":800,"height":800,"caption":"Virbac Dog Digestive Support"},{"@type":"BreadcrumbList","@id":"https:\/\/anivet.lt\/elparduotuve\/produktas\/virbac-dog-digestive-support\/#breadcrumb","itemListElement":[{"@type":"ListItem","position":1,"name":"Home","item":"https:\/\/anivet.lt\/elparduotuve\/"},{"@type":"ListItem","position":2,"name":"Produktai","item":"https:\/\/anivet.lt\/elparduotuve\/produktai\/"},{"@type":"ListItem","position":3,"name":"Virbac Dog Digestive Support"}]},{"@type":"WebSite","@id":"https:\/\/anivet.lt\/elparduotuve\/#website","url":"https:\/\/anivet.lt\/elparduotuve\/","name":"anivet.lt","description":"Viskas J\u016bs\u0173 \u0161uns, kat\u0117s prie\u017ei\u016brai","publisher":{"@id":"https:\/\/anivet.lt\/elparduotuve\/#organization"},"alternateName":"Viskas J\u016bs\u0173 \u0161uns, kat\u0117s prie\u017ei\u016brai","potentialAction":[{"@type":"SearchAction","target":{"@type":"EntryPoint","urlTemplate":"https:\/\/anivet.lt\/elparduotuve\/?s={search_term_string}"},"query-input":{"@type":"PropertyValueSpecification","valueRequired":true,"valueName":"search_term_string"}}],"inLanguage":"lt-LT"},{"@type":"Organization","@id":"https:\/\/anivet.lt\/elparduotuve\/#organization","name":"Viskas J\u016bs\u0173 \u0161uns, kat\u0117s prie\u017ei\u016brai","url":"https:\/\/anivet.lt\/elparduotuve\/","logo":{"@type":"ImageObject","inLanguage":"lt-LT","@id":"https:\/\/anivet.lt\/elparduotuve\/#\/schema\/logo\/image\/","url":"https:\/\/anivet.lt\/elparduotuve\/wp-content\/uploads\/2023\/06\/logo2.jpg","contentUrl":"https:\/\/anivet.lt\/elparduotuve\/wp-content\/uploads\/2023\/06\/logo2.jpg","width":655,"height":194,"caption":"Viskas J\u016bs\u0173 \u0161uns, kat\u0117s prie\u017ei\u016brai"},"image":{"@id":"https:\/\/anivet.lt\/elparduotuve\/#\/schema\/logo\/image\/"}}]}},"_links":{"self":[{"href":"https:\/\/anivet.lt\/elparduotuve\/wp-json\/wp\/v2\/product\/12666","targetHints":{"allow":["GET"]}}],"collection":[{"href":"https:\/\/anivet.lt\/elparduotuve\/wp-json\/wp\/v2\/product"}],"about":[{"href":"https:\/\/anivet.lt\/elparduotuve\/wp-json\/wp\/v2\/types\/product"}],"wp:featuredmedia":[{"embeddable":true,"href":"https:\/\/anivet.lt\/elparduotuve\/wp-json\/wp\/v2\/media\/12667"}],"wp:attachment":[{"href":"https:\/\/anivet.lt\/elparduotuve\/wp-json\/wp\/v2\/media?parent=12666"}],"wp:term":[{"taxonomy":"product_brand","embeddable":true,"href":"https:\/\/anivet.lt\/elparduotuve\/wp-json\/wp\/v2\/product_brand?post=12666"},{"taxonomy":"product_cat","embeddable":true,"href":"https:\/\/anivet.lt\/elparduotuve\/wp-json\/wp\/v2\/product_cat?post=12666"},{"taxonomy":"product_tag","embeddable":true,"href":"https:\/\/anivet.lt\/elparduotuve\/wp-json\/wp\/v2\/product_tag?post=12666"}],"curies":[{"name":"wp","href":"https:\/\/api.w.org\/{rel}","templated":true}]}}