{"id":12675,"date":"2024-01-13T22:40:20","date_gmt":"2024-01-13T22:40:20","guid":{"rendered":"https:\/\/anivet.lt\/elparduotuve\/?post_type=product&#038;p=12675"},"modified":"2026-02-23T15:18:27","modified_gmt":"2026-02-23T15:18:27","slug":"virbac-hypoallergy-dog","status":"publish","type":"product","link":"https:\/\/anivet.lt\/elparduotuve\/produktas\/virbac-hypoallergy-dog\/","title":{"rendered":"Virbac A2 Hypoallergy Dog"},"content":{"rendered":"<ul>\n<li><span style=\"font-weight: 400;\">Hipoalergin\u0117 sud\u0117tis: Pa\u0161alina imunologines ir neimunologines reakcijas \u012f alergenus.<\/span><\/li>\n<li style=\"font-weight: 400;\" aria-level=\"1\"><span style=\"font-weight: 400;\">Hidrolizuoti baltymai: Lengvai vir\u0161kinami, suma\u017eina alergijos rizik\u0105.<\/span><\/li>\n<li style=\"font-weight: 400;\" aria-level=\"1\"><span style=\"font-weight: 400;\">Tapijoka kaip angliavandeni\u0173 \u0161altinis: Lengvai vir\u0161kinama, puikiai toleruojama.<\/span><\/li>\n<li style=\"font-weight: 400;\" aria-level=\"1\"><span style=\"font-weight: 400;\">Papildyta laktobacilais: Skatina sveik\u0105 \u017earnyno flor\u0105.<\/span><\/li>\n<li style=\"font-weight: 400;\" aria-level=\"1\"><span style=\"font-weight: 400;\">Omega-6 ir Omega-3 riebal\u0173 r\u016bg\u0161tys: Palaiko sveik\u0105 od\u0105 ir kail\u012f.<\/span><\/li>\n<li style=\"font-weight: 400;\" aria-level=\"1\"><span style=\"font-weight: 400;\">Tinka \u0161unims su vir\u0161kinimo ir odos sutrikimais.<\/span><\/li>\n<\/ul>\n<p><span style=\"font-weight: 400;\">\u201eVirbac Hypoallergy Dog\u201d yra puikus pasirinkimas \u0161unims, turintiems jautri\u0105 vir\u0161kinimo sistem\u0105 arba ken\u010diantiems nuo maisto netoleravimo ir alergijos. Auk\u0161tos kokyb\u0117s hidrolizuoti \u017euv\u0173 baltymai ir tapijoka u\u017etikrina, kad pa\u0161aras lengvai \u012fsisavinamas ir saugus net jautriausiems augintiniams.<\/span><\/p>\n","protected":false},"excerpt":{"rendered":"<p><span style=\"font-weight: 400;\">Specialiai sukurtas hipoalerginis pa\u0161aras \u0161unims, kurie ken\u010dia nuo \u0117dalo netoleravimo ar alergijos. Pagamintas i\u0161 hidrolizuot\u0173 \u017euv\u0173 baltym\u0173 ir tapijokos, kad suma\u017eint\u0173 alergini\u0173 reakcij\u0173 rizik\u0105 ir palaikyt\u0173 sveik\u0105 vir\u0161kinim\u0105.<\/span><\/p>\n","protected":false},"featured_media":13186,"template":"","meta":[],"product_brand":[],"product_cat":[101,103,107,337],"product_tag":[],"class_list":{"0":"post-12675","1":"product","2":"type-product","3":"status-publish","4":"has-post-thumbnail","6":"product_cat-sunims","7":"product_cat-sunu-maistas","8":"product_cat-veterinarine-dieta","9":"product_cat-virbac-sunu-maistas","10":"pa_prekinis-zenklas-virbac","12":"first","13":"instock","14":"taxable","15":"shipping-taxable","16":"purchasable","17":"product-type-variable"},"yoast_head":"<!-- This site is optimized with the Yoast SEO Premium plugin v27.1 (Yoast SEO v27.5) - https:\/\/yoast.com\/product\/yoast-seo-premium-wordpress\/ -->\n<title>Virbac A2 Hypoallergy Dog - anivet.lt<\/title>\n<meta name=\"description\" content=\"Specialiai sukurtas hipoalerginis pa\u0161aras \u0161unims, kurie ken\u010dia nuo \u0117dalo netoleravimo ar alergijos. Pagamintas i\u0161 hidrolizuot\u0173 \u017euv\u0173 baltym\u0173 ir tapijokos, kad suma\u017eint\u0173 alergini\u0173 reakcij\u0173 rizik\u0105 ir palaikyt\u0173 sveik\u0105 vir\u0161kinim\u0105.\" \/>\n<meta name=\"robots\" content=\"index, follow, max-snippet:-1, max-image-preview:large, max-video-preview:-1\" \/>\n<link rel=\"canonical\" href=\"https:\/\/anivet.lt\/elparduotuve\/produktas\/virbac-hypoallergy-dog\/\" \/>\n<meta property=\"og:locale\" content=\"lt_LT\" \/>\n<meta property=\"og:type\" content=\"article\" \/>\n<meta property=\"og:title\" content=\"Virbac A2 Hypoallergy Dog\" \/>\n<meta property=\"og:description\" content=\"Specialiai sukurtas hipoalerginis pa\u0161aras \u0161unims, kurie ken\u010dia nuo \u0117dalo netoleravimo ar alergijos. Pagamintas i\u0161 hidrolizuot\u0173 \u017euv\u0173 baltym\u0173 ir tapijokos, kad suma\u017eint\u0173 alergini\u0173 reakcij\u0173 rizik\u0105 ir palaikyt\u0173 sveik\u0105 vir\u0161kinim\u0105.\" \/>\n<meta property=\"og:url\" content=\"https:\/\/anivet.lt\/elparduotuve\/produktas\/virbac-hypoallergy-dog\/\" \/>\n<meta property=\"og:site_name\" content=\"anivet.lt\" \/>\n<meta property=\"article:modified_time\" content=\"2026-02-23T15:18:27+00:00\" \/>\n<meta property=\"og:image\" content=\"https:\/\/anivet.lt\/elparduotuve\/wp-content\/uploads\/2024\/01\/Hypoallergy-A2.jpg\" \/>\n\t<meta property=\"og:image:width\" content=\"250\" \/>\n\t<meta property=\"og:image:height\" content=\"250\" \/>\n\t<meta property=\"og:image:type\" content=\"image\/jpeg\" \/>\n<meta name=\"twitter:card\" content=\"summary_large_image\" \/>\n<meta name=\"twitter:label1\" content=\"Est. reading time\" \/>\n\t<meta name=\"twitter:data1\" content=\"1 minut\u0117\" \/>\n<script type=\"application\/ld+json\" class=\"yoast-schema-graph\">{\"@context\":\"https:\\\/\\\/schema.org\",\"@graph\":[{\"@type\":\"WebPage\",\"@id\":\"https:\\\/\\\/anivet.lt\\\/elparduotuve\\\/produktas\\\/virbac-hypoallergy-dog\\\/\",\"url\":\"https:\\\/\\\/anivet.lt\\\/elparduotuve\\\/produktas\\\/virbac-hypoallergy-dog\\\/\",\"name\":\"Virbac A2 Hypoallergy Dog - anivet.lt\",\"isPartOf\":{\"@id\":\"https:\\\/\\\/anivet.lt\\\/elparduotuve\\\/#website\"},\"primaryImageOfPage\":{\"@id\":\"https:\\\/\\\/anivet.lt\\\/elparduotuve\\\/produktas\\\/virbac-hypoallergy-dog\\\/#primaryimage\"},\"image\":{\"@id\":\"https:\\\/\\\/anivet.lt\\\/elparduotuve\\\/produktas\\\/virbac-hypoallergy-dog\\\/#primaryimage\"},\"thumbnailUrl\":\"https:\\\/\\\/anivet.lt\\\/elparduotuve\\\/wp-content\\\/uploads\\\/2024\\\/01\\\/Hypoallergy-A2.jpg\",\"datePublished\":\"2024-01-13T22:40:20+00:00\",\"dateModified\":\"2026-02-23T15:18:27+00:00\",\"description\":\"Specialiai sukurtas hipoalerginis pa\u0161aras \u0161unims, kurie ken\u010dia nuo \u0117dalo netoleravimo ar alergijos. Pagamintas i\u0161 hidrolizuot\u0173 \u017euv\u0173 baltym\u0173 ir tapijokos, kad suma\u017eint\u0173 alergini\u0173 reakcij\u0173 rizik\u0105 ir palaikyt\u0173 sveik\u0105 vir\u0161kinim\u0105.\",\"breadcrumb\":{\"@id\":\"https:\\\/\\\/anivet.lt\\\/elparduotuve\\\/produktas\\\/virbac-hypoallergy-dog\\\/#breadcrumb\"},\"inLanguage\":\"lt-LT\",\"potentialAction\":[{\"@type\":\"ReadAction\",\"target\":[\"https:\\\/\\\/anivet.lt\\\/elparduotuve\\\/produktas\\\/virbac-hypoallergy-dog\\\/\"]}]},{\"@type\":\"ImageObject\",\"inLanguage\":\"lt-LT\",\"@id\":\"https:\\\/\\\/anivet.lt\\\/elparduotuve\\\/produktas\\\/virbac-hypoallergy-dog\\\/#primaryimage\",\"url\":\"https:\\\/\\\/anivet.lt\\\/elparduotuve\\\/wp-content\\\/uploads\\\/2024\\\/01\\\/Hypoallergy-A2.jpg\",\"contentUrl\":\"https:\\\/\\\/anivet.lt\\\/elparduotuve\\\/wp-content\\\/uploads\\\/2024\\\/01\\\/Hypoallergy-A2.jpg\",\"width\":250,\"height\":250,\"caption\":\"Virbac A2 Hypoallergy Dog\"},{\"@type\":\"BreadcrumbList\",\"@id\":\"https:\\\/\\\/anivet.lt\\\/elparduotuve\\\/produktas\\\/virbac-hypoallergy-dog\\\/#breadcrumb\",\"itemListElement\":[{\"@type\":\"ListItem\",\"position\":1,\"name\":\"Home\",\"item\":\"https:\\\/\\\/anivet.lt\\\/elparduotuve\\\/\"},{\"@type\":\"ListItem\",\"position\":2,\"name\":\"Produktai\",\"item\":\"https:\\\/\\\/anivet.lt\\\/elparduotuve\\\/produktai\\\/\"},{\"@type\":\"ListItem\",\"position\":3,\"name\":\"Virbac A2 Hypoallergy Dog\"}]},{\"@type\":\"WebSite\",\"@id\":\"https:\\\/\\\/anivet.lt\\\/elparduotuve\\\/#website\",\"url\":\"https:\\\/\\\/anivet.lt\\\/elparduotuve\\\/\",\"name\":\"anivet.lt\",\"description\":\"Viskas J\u016bs\u0173 \u0161uns, kat\u0117s prie\u017ei\u016brai\",\"publisher\":{\"@id\":\"https:\\\/\\\/anivet.lt\\\/elparduotuve\\\/#organization\"},\"alternateName\":\"Viskas J\u016bs\u0173 \u0161uns, kat\u0117s prie\u017ei\u016brai\",\"potentialAction\":[{\"@type\":\"SearchAction\",\"target\":{\"@type\":\"EntryPoint\",\"urlTemplate\":\"https:\\\/\\\/anivet.lt\\\/elparduotuve\\\/?s={search_term_string}\"},\"query-input\":{\"@type\":\"PropertyValueSpecification\",\"valueRequired\":true,\"valueName\":\"search_term_string\"}}],\"inLanguage\":\"lt-LT\"},{\"@type\":\"Organization\",\"@id\":\"https:\\\/\\\/anivet.lt\\\/elparduotuve\\\/#organization\",\"name\":\"Viskas J\u016bs\u0173 \u0161uns, kat\u0117s prie\u017ei\u016brai\",\"url\":\"https:\\\/\\\/anivet.lt\\\/elparduotuve\\\/\",\"logo\":{\"@type\":\"ImageObject\",\"inLanguage\":\"lt-LT\",\"@id\":\"https:\\\/\\\/anivet.lt\\\/elparduotuve\\\/#\\\/schema\\\/logo\\\/image\\\/\",\"url\":\"https:\\\/\\\/anivet.lt\\\/elparduotuve\\\/wp-content\\\/uploads\\\/2023\\\/06\\\/logo2.jpg\",\"contentUrl\":\"https:\\\/\\\/anivet.lt\\\/elparduotuve\\\/wp-content\\\/uploads\\\/2023\\\/06\\\/logo2.jpg\",\"width\":655,\"height\":194,\"caption\":\"Viskas J\u016bs\u0173 \u0161uns, kat\u0117s prie\u017ei\u016brai\"},\"image\":{\"@id\":\"https:\\\/\\\/anivet.lt\\\/elparduotuve\\\/#\\\/schema\\\/logo\\\/image\\\/\"}}]}<\/script>\n<!-- \/ Yoast SEO Premium plugin. -->","yoast_head_json":{"title":"Virbac A2 Hypoallergy Dog - anivet.lt","description":"Specialiai sukurtas hipoalerginis pa\u0161aras \u0161unims, kurie ken\u010dia nuo \u0117dalo netoleravimo ar alergijos. Pagamintas i\u0161 hidrolizuot\u0173 \u017euv\u0173 baltym\u0173 ir tapijokos, kad suma\u017eint\u0173 alergini\u0173 reakcij\u0173 rizik\u0105 ir palaikyt\u0173 sveik\u0105 vir\u0161kinim\u0105.","robots":{"index":"index","follow":"follow","max-snippet":"max-snippet:-1","max-image-preview":"max-image-preview:large","max-video-preview":"max-video-preview:-1"},"canonical":"https:\/\/anivet.lt\/elparduotuve\/produktas\/virbac-hypoallergy-dog\/","og_locale":"lt_LT","og_type":"article","og_title":"Virbac A2 Hypoallergy Dog","og_description":"Specialiai sukurtas hipoalerginis pa\u0161aras \u0161unims, kurie ken\u010dia nuo \u0117dalo netoleravimo ar alergijos. Pagamintas i\u0161 hidrolizuot\u0173 \u017euv\u0173 baltym\u0173 ir tapijokos, kad suma\u017eint\u0173 alergini\u0173 reakcij\u0173 rizik\u0105 ir palaikyt\u0173 sveik\u0105 vir\u0161kinim\u0105.","og_url":"https:\/\/anivet.lt\/elparduotuve\/produktas\/virbac-hypoallergy-dog\/","og_site_name":"anivet.lt","article_modified_time":"2026-02-23T15:18:27+00:00","og_image":[{"width":250,"height":250,"url":"https:\/\/anivet.lt\/elparduotuve\/wp-content\/uploads\/2024\/01\/Hypoallergy-A2.jpg","type":"image\/jpeg"}],"twitter_card":"summary_large_image","twitter_misc":{"Est. reading time":"1 minut\u0117"},"schema":{"@context":"https:\/\/schema.org","@graph":[{"@type":"WebPage","@id":"https:\/\/anivet.lt\/elparduotuve\/produktas\/virbac-hypoallergy-dog\/","url":"https:\/\/anivet.lt\/elparduotuve\/produktas\/virbac-hypoallergy-dog\/","name":"Virbac A2 Hypoallergy Dog - anivet.lt","isPartOf":{"@id":"https:\/\/anivet.lt\/elparduotuve\/#website"},"primaryImageOfPage":{"@id":"https:\/\/anivet.lt\/elparduotuve\/produktas\/virbac-hypoallergy-dog\/#primaryimage"},"image":{"@id":"https:\/\/anivet.lt\/elparduotuve\/produktas\/virbac-hypoallergy-dog\/#primaryimage"},"thumbnailUrl":"https:\/\/anivet.lt\/elparduotuve\/wp-content\/uploads\/2024\/01\/Hypoallergy-A2.jpg","datePublished":"2024-01-13T22:40:20+00:00","dateModified":"2026-02-23T15:18:27+00:00","description":"Specialiai sukurtas hipoalerginis pa\u0161aras \u0161unims, kurie ken\u010dia nuo \u0117dalo netoleravimo ar alergijos. Pagamintas i\u0161 hidrolizuot\u0173 \u017euv\u0173 baltym\u0173 ir tapijokos, kad suma\u017eint\u0173 alergini\u0173 reakcij\u0173 rizik\u0105 ir palaikyt\u0173 sveik\u0105 vir\u0161kinim\u0105.","breadcrumb":{"@id":"https:\/\/anivet.lt\/elparduotuve\/produktas\/virbac-hypoallergy-dog\/#breadcrumb"},"inLanguage":"lt-LT","potentialAction":[{"@type":"ReadAction","target":["https:\/\/anivet.lt\/elparduotuve\/produktas\/virbac-hypoallergy-dog\/"]}]},{"@type":"ImageObject","inLanguage":"lt-LT","@id":"https:\/\/anivet.lt\/elparduotuve\/produktas\/virbac-hypoallergy-dog\/#primaryimage","url":"https:\/\/anivet.lt\/elparduotuve\/wp-content\/uploads\/2024\/01\/Hypoallergy-A2.jpg","contentUrl":"https:\/\/anivet.lt\/elparduotuve\/wp-content\/uploads\/2024\/01\/Hypoallergy-A2.jpg","width":250,"height":250,"caption":"Virbac A2 Hypoallergy Dog"},{"@type":"BreadcrumbList","@id":"https:\/\/anivet.lt\/elparduotuve\/produktas\/virbac-hypoallergy-dog\/#breadcrumb","itemListElement":[{"@type":"ListItem","position":1,"name":"Home","item":"https:\/\/anivet.lt\/elparduotuve\/"},{"@type":"ListItem","position":2,"name":"Produktai","item":"https:\/\/anivet.lt\/elparduotuve\/produktai\/"},{"@type":"ListItem","position":3,"name":"Virbac A2 Hypoallergy Dog"}]},{"@type":"WebSite","@id":"https:\/\/anivet.lt\/elparduotuve\/#website","url":"https:\/\/anivet.lt\/elparduotuve\/","name":"anivet.lt","description":"Viskas J\u016bs\u0173 \u0161uns, kat\u0117s prie\u017ei\u016brai","publisher":{"@id":"https:\/\/anivet.lt\/elparduotuve\/#organization"},"alternateName":"Viskas J\u016bs\u0173 \u0161uns, kat\u0117s prie\u017ei\u016brai","potentialAction":[{"@type":"SearchAction","target":{"@type":"EntryPoint","urlTemplate":"https:\/\/anivet.lt\/elparduotuve\/?s={search_term_string}"},"query-input":{"@type":"PropertyValueSpecification","valueRequired":true,"valueName":"search_term_string"}}],"inLanguage":"lt-LT"},{"@type":"Organization","@id":"https:\/\/anivet.lt\/elparduotuve\/#organization","name":"Viskas J\u016bs\u0173 \u0161uns, kat\u0117s prie\u017ei\u016brai","url":"https:\/\/anivet.lt\/elparduotuve\/","logo":{"@type":"ImageObject","inLanguage":"lt-LT","@id":"https:\/\/anivet.lt\/elparduotuve\/#\/schema\/logo\/image\/","url":"https:\/\/anivet.lt\/elparduotuve\/wp-content\/uploads\/2023\/06\/logo2.jpg","contentUrl":"https:\/\/anivet.lt\/elparduotuve\/wp-content\/uploads\/2023\/06\/logo2.jpg","width":655,"height":194,"caption":"Viskas J\u016bs\u0173 \u0161uns, kat\u0117s prie\u017ei\u016brai"},"image":{"@id":"https:\/\/anivet.lt\/elparduotuve\/#\/schema\/logo\/image\/"}}]}},"_links":{"self":[{"href":"https:\/\/anivet.lt\/elparduotuve\/wp-json\/wp\/v2\/product\/12675","targetHints":{"allow":["GET"]}}],"collection":[{"href":"https:\/\/anivet.lt\/elparduotuve\/wp-json\/wp\/v2\/product"}],"about":[{"href":"https:\/\/anivet.lt\/elparduotuve\/wp-json\/wp\/v2\/types\/product"}],"wp:featuredmedia":[{"embeddable":true,"href":"https:\/\/anivet.lt\/elparduotuve\/wp-json\/wp\/v2\/media\/13186"}],"wp:attachment":[{"href":"https:\/\/anivet.lt\/elparduotuve\/wp-json\/wp\/v2\/media?parent=12675"}],"wp:term":[{"taxonomy":"product_brand","embeddable":true,"href":"https:\/\/anivet.lt\/elparduotuve\/wp-json\/wp\/v2\/product_brand?post=12675"},{"taxonomy":"product_cat","embeddable":true,"href":"https:\/\/anivet.lt\/elparduotuve\/wp-json\/wp\/v2\/product_cat?post=12675"},{"taxonomy":"product_tag","embeddable":true,"href":"https:\/\/anivet.lt\/elparduotuve\/wp-json\/wp\/v2\/product_tag?post=12675"}],"curies":[{"name":"wp","href":"https:\/\/api.w.org\/{rel}","templated":true}]}}