{"id":12680,"date":"2024-01-14T21:25:18","date_gmt":"2024-01-14T21:25:18","guid":{"rendered":"https:\/\/anivet.lt\/elparduotuve\/?post_type=product&#038;p=12680"},"modified":"2026-02-23T15:15:02","modified_gmt":"2026-02-23T15:15:02","slug":"virbac-kidney-support-dog","status":"publish","type":"product","link":"https:\/\/anivet.lt\/elparduotuve\/produktas\/virbac-kidney-support-dog\/","title":{"rendered":"Virbac Kidney Support Dog"},"content":{"rendered":"<ul>\n<li><span lang=\"en-US\">Ma\u017eas fosforo kiekis: Sul\u0117tina inkst\u0173 lig\u0173 progresavim\u0105 ir suma\u017eina antrinio hiperparatiroidizmo rizik\u0105.<\/span><\/li>\n<li>Auk\u0161tos kokyb\u0117s baltymai: Ribotas kiekis ma\u017eina uremijos toksin\u0173 gamyb\u0105, palengvina pa\u017eeist\u0173 inkst\u0173 darb\u0105.<\/li>\n<li>Fosforo suri\u0161\u0117jai: Chitosanas ir kalcio karbonatas suma\u017eina fosforo absorbcij\u0105 organizme.<\/li>\n<li>Daug Omega-3 riebal\u0173 r\u016bg\u0161\u010di\u0173 (EPA + DHA): Slopina u\u017edegiminius procesus inkstuose.<\/li>\n<li>Vitamino E gausa: Skatina antioksidacinius procesus organizme.<\/li>\n<li>Sepiolitas: Apsaugo vir\u0161kinamojo trakto gleivin\u0119 nuo uremijos sukelt\u0173 pa\u017eeidim\u0173.<\/li>\n<li>Tinka \u0161lapimo tak\u0173 problem\u0173 prevencijai: Padeda tirpdyti struvit\u0173 ir oksalat\u0173 akmenis.<\/li>\n<\/ul>\n<p><strong>Nerekomenduojama:<\/strong><\/p>\n<ul>\n<li>\u0160uniukams augimo laikotarpiu.<\/li>\n<li>\u0160uningoms arba \u017eindan\u010dioms kal\u0117ms.<\/li>\n<\/ul>\n","protected":false},"excerpt":{"rendered":"<p><span style=\"font-weight: 400;\">Specializuotas pa\u0161aras, skirtas \u0161unims, turintiems l\u0117tin\u012f ar laikin\u0105 inkst\u0173 nepakankamum\u0105. Pa\u0161aras taip pat gali b\u016bti naudojamas esant l\u0117tiniams kepen\u0173 funkcijos sutrikimams.<\/span><\/p>\n","protected":false},"featured_media":12681,"template":"","meta":[],"product_brand":[],"product_cat":[101,103,107,337],"product_tag":[],"class_list":{"0":"post-12680","1":"product","2":"type-product","3":"status-publish","4":"has-post-thumbnail","6":"product_cat-sunims","7":"product_cat-sunu-maistas","8":"product_cat-veterinarine-dieta","9":"product_cat-virbac-sunu-maistas","10":"pa_prekinis-zenklas-virbac","12":"first","13":"instock","14":"taxable","15":"shipping-taxable","16":"purchasable","17":"product-type-variable"},"yoast_head":"<!-- This site is optimized with the Yoast SEO Premium plugin v27.1 (Yoast SEO v27.5) - https:\/\/yoast.com\/product\/yoast-seo-premium-wordpress\/ -->\n<title>Virbac Kidney Support Dog - anivet.lt<\/title>\n<meta name=\"description\" content=\"Specializuotas pa\u0161aras, skirtas \u0161unims, turintiems l\u0117tin\u012f ar laikin\u0105 inkst\u0173 nepakankamum\u0105. Pa\u0161aras taip pat gali b\u016bti naudojamas esant l\u0117tiniams kepen\u0173 funkcijos sutrikimams.\" \/>\n<meta name=\"robots\" content=\"index, follow, max-snippet:-1, max-image-preview:large, max-video-preview:-1\" \/>\n<link rel=\"canonical\" href=\"https:\/\/anivet.lt\/elparduotuve\/produktas\/virbac-kidney-support-dog\/\" \/>\n<meta property=\"og:locale\" content=\"lt_LT\" \/>\n<meta property=\"og:type\" content=\"article\" \/>\n<meta property=\"og:title\" content=\"Virbac Kidney Support Dog\" \/>\n<meta property=\"og:description\" content=\"Specializuotas pa\u0161aras, skirtas \u0161unims, turintiems l\u0117tin\u012f ar laikin\u0105 inkst\u0173 nepakankamum\u0105. Pa\u0161aras taip pat gali b\u016bti naudojamas esant l\u0117tiniams kepen\u0173 funkcijos sutrikimams.\" \/>\n<meta property=\"og:url\" content=\"https:\/\/anivet.lt\/elparduotuve\/produktas\/virbac-kidney-support-dog\/\" \/>\n<meta property=\"og:site_name\" content=\"anivet.lt\" \/>\n<meta property=\"article:modified_time\" content=\"2026-02-23T15:15:02+00:00\" \/>\n<meta property=\"og:image\" content=\"https:\/\/anivet.lt\/elparduotuve\/wp-content\/uploads\/2024\/01\/virbac-dog-kidney-support-sausas-pasaras-sunims.jpg\" \/>\n\t<meta property=\"og:image:width\" content=\"800\" \/>\n\t<meta property=\"og:image:height\" content=\"800\" \/>\n\t<meta property=\"og:image:type\" content=\"image\/jpeg\" \/>\n<meta name=\"twitter:card\" content=\"summary_large_image\" \/>\n<meta name=\"twitter:label1\" content=\"Est. reading time\" \/>\n\t<meta name=\"twitter:data1\" content=\"1 minut\u0117\" \/>\n<script type=\"application\/ld+json\" class=\"yoast-schema-graph\">{\"@context\":\"https:\\\/\\\/schema.org\",\"@graph\":[{\"@type\":\"WebPage\",\"@id\":\"https:\\\/\\\/anivet.lt\\\/elparduotuve\\\/produktas\\\/virbac-kidney-support-dog\\\/\",\"url\":\"https:\\\/\\\/anivet.lt\\\/elparduotuve\\\/produktas\\\/virbac-kidney-support-dog\\\/\",\"name\":\"Virbac Kidney Support Dog - anivet.lt\",\"isPartOf\":{\"@id\":\"https:\\\/\\\/anivet.lt\\\/elparduotuve\\\/#website\"},\"primaryImageOfPage\":{\"@id\":\"https:\\\/\\\/anivet.lt\\\/elparduotuve\\\/produktas\\\/virbac-kidney-support-dog\\\/#primaryimage\"},\"image\":{\"@id\":\"https:\\\/\\\/anivet.lt\\\/elparduotuve\\\/produktas\\\/virbac-kidney-support-dog\\\/#primaryimage\"},\"thumbnailUrl\":\"https:\\\/\\\/anivet.lt\\\/elparduotuve\\\/wp-content\\\/uploads\\\/2024\\\/01\\\/virbac-dog-kidney-support-sausas-pasaras-sunims.jpg\",\"datePublished\":\"2024-01-14T21:25:18+00:00\",\"dateModified\":\"2026-02-23T15:15:02+00:00\",\"description\":\"Specializuotas pa\u0161aras, skirtas \u0161unims, turintiems l\u0117tin\u012f ar laikin\u0105 inkst\u0173 nepakankamum\u0105. Pa\u0161aras taip pat gali b\u016bti naudojamas esant l\u0117tiniams kepen\u0173 funkcijos sutrikimams.\",\"breadcrumb\":{\"@id\":\"https:\\\/\\\/anivet.lt\\\/elparduotuve\\\/produktas\\\/virbac-kidney-support-dog\\\/#breadcrumb\"},\"inLanguage\":\"lt-LT\",\"potentialAction\":[{\"@type\":\"ReadAction\",\"target\":[\"https:\\\/\\\/anivet.lt\\\/elparduotuve\\\/produktas\\\/virbac-kidney-support-dog\\\/\"]}]},{\"@type\":\"ImageObject\",\"inLanguage\":\"lt-LT\",\"@id\":\"https:\\\/\\\/anivet.lt\\\/elparduotuve\\\/produktas\\\/virbac-kidney-support-dog\\\/#primaryimage\",\"url\":\"https:\\\/\\\/anivet.lt\\\/elparduotuve\\\/wp-content\\\/uploads\\\/2024\\\/01\\\/virbac-dog-kidney-support-sausas-pasaras-sunims.jpg\",\"contentUrl\":\"https:\\\/\\\/anivet.lt\\\/elparduotuve\\\/wp-content\\\/uploads\\\/2024\\\/01\\\/virbac-dog-kidney-support-sausas-pasaras-sunims.jpg\",\"width\":800,\"height\":800,\"caption\":\"Virbac Kidney Support Dog\"},{\"@type\":\"BreadcrumbList\",\"@id\":\"https:\\\/\\\/anivet.lt\\\/elparduotuve\\\/produktas\\\/virbac-kidney-support-dog\\\/#breadcrumb\",\"itemListElement\":[{\"@type\":\"ListItem\",\"position\":1,\"name\":\"Home\",\"item\":\"https:\\\/\\\/anivet.lt\\\/elparduotuve\\\/\"},{\"@type\":\"ListItem\",\"position\":2,\"name\":\"Produktai\",\"item\":\"https:\\\/\\\/anivet.lt\\\/elparduotuve\\\/produktai\\\/\"},{\"@type\":\"ListItem\",\"position\":3,\"name\":\"Virbac Kidney Support Dog\"}]},{\"@type\":\"WebSite\",\"@id\":\"https:\\\/\\\/anivet.lt\\\/elparduotuve\\\/#website\",\"url\":\"https:\\\/\\\/anivet.lt\\\/elparduotuve\\\/\",\"name\":\"anivet.lt\",\"description\":\"Viskas J\u016bs\u0173 \u0161uns, kat\u0117s prie\u017ei\u016brai\",\"publisher\":{\"@id\":\"https:\\\/\\\/anivet.lt\\\/elparduotuve\\\/#organization\"},\"alternateName\":\"Viskas J\u016bs\u0173 \u0161uns, kat\u0117s prie\u017ei\u016brai\",\"potentialAction\":[{\"@type\":\"SearchAction\",\"target\":{\"@type\":\"EntryPoint\",\"urlTemplate\":\"https:\\\/\\\/anivet.lt\\\/elparduotuve\\\/?s={search_term_string}\"},\"query-input\":{\"@type\":\"PropertyValueSpecification\",\"valueRequired\":true,\"valueName\":\"search_term_string\"}}],\"inLanguage\":\"lt-LT\"},{\"@type\":\"Organization\",\"@id\":\"https:\\\/\\\/anivet.lt\\\/elparduotuve\\\/#organization\",\"name\":\"Viskas J\u016bs\u0173 \u0161uns, kat\u0117s prie\u017ei\u016brai\",\"url\":\"https:\\\/\\\/anivet.lt\\\/elparduotuve\\\/\",\"logo\":{\"@type\":\"ImageObject\",\"inLanguage\":\"lt-LT\",\"@id\":\"https:\\\/\\\/anivet.lt\\\/elparduotuve\\\/#\\\/schema\\\/logo\\\/image\\\/\",\"url\":\"https:\\\/\\\/anivet.lt\\\/elparduotuve\\\/wp-content\\\/uploads\\\/2023\\\/06\\\/logo2.jpg\",\"contentUrl\":\"https:\\\/\\\/anivet.lt\\\/elparduotuve\\\/wp-content\\\/uploads\\\/2023\\\/06\\\/logo2.jpg\",\"width\":655,\"height\":194,\"caption\":\"Viskas J\u016bs\u0173 \u0161uns, kat\u0117s prie\u017ei\u016brai\"},\"image\":{\"@id\":\"https:\\\/\\\/anivet.lt\\\/elparduotuve\\\/#\\\/schema\\\/logo\\\/image\\\/\"}}]}<\/script>\n<!-- \/ Yoast SEO Premium plugin. -->","yoast_head_json":{"title":"Virbac Kidney Support Dog - anivet.lt","description":"Specializuotas pa\u0161aras, skirtas \u0161unims, turintiems l\u0117tin\u012f ar laikin\u0105 inkst\u0173 nepakankamum\u0105. Pa\u0161aras taip pat gali b\u016bti naudojamas esant l\u0117tiniams kepen\u0173 funkcijos sutrikimams.","robots":{"index":"index","follow":"follow","max-snippet":"max-snippet:-1","max-image-preview":"max-image-preview:large","max-video-preview":"max-video-preview:-1"},"canonical":"https:\/\/anivet.lt\/elparduotuve\/produktas\/virbac-kidney-support-dog\/","og_locale":"lt_LT","og_type":"article","og_title":"Virbac Kidney Support Dog","og_description":"Specializuotas pa\u0161aras, skirtas \u0161unims, turintiems l\u0117tin\u012f ar laikin\u0105 inkst\u0173 nepakankamum\u0105. Pa\u0161aras taip pat gali b\u016bti naudojamas esant l\u0117tiniams kepen\u0173 funkcijos sutrikimams.","og_url":"https:\/\/anivet.lt\/elparduotuve\/produktas\/virbac-kidney-support-dog\/","og_site_name":"anivet.lt","article_modified_time":"2026-02-23T15:15:02+00:00","og_image":[{"width":800,"height":800,"url":"https:\/\/anivet.lt\/elparduotuve\/wp-content\/uploads\/2024\/01\/virbac-dog-kidney-support-sausas-pasaras-sunims.jpg","type":"image\/jpeg"}],"twitter_card":"summary_large_image","twitter_misc":{"Est. reading time":"1 minut\u0117"},"schema":{"@context":"https:\/\/schema.org","@graph":[{"@type":"WebPage","@id":"https:\/\/anivet.lt\/elparduotuve\/produktas\/virbac-kidney-support-dog\/","url":"https:\/\/anivet.lt\/elparduotuve\/produktas\/virbac-kidney-support-dog\/","name":"Virbac Kidney Support Dog - anivet.lt","isPartOf":{"@id":"https:\/\/anivet.lt\/elparduotuve\/#website"},"primaryImageOfPage":{"@id":"https:\/\/anivet.lt\/elparduotuve\/produktas\/virbac-kidney-support-dog\/#primaryimage"},"image":{"@id":"https:\/\/anivet.lt\/elparduotuve\/produktas\/virbac-kidney-support-dog\/#primaryimage"},"thumbnailUrl":"https:\/\/anivet.lt\/elparduotuve\/wp-content\/uploads\/2024\/01\/virbac-dog-kidney-support-sausas-pasaras-sunims.jpg","datePublished":"2024-01-14T21:25:18+00:00","dateModified":"2026-02-23T15:15:02+00:00","description":"Specializuotas pa\u0161aras, skirtas \u0161unims, turintiems l\u0117tin\u012f ar laikin\u0105 inkst\u0173 nepakankamum\u0105. Pa\u0161aras taip pat gali b\u016bti naudojamas esant l\u0117tiniams kepen\u0173 funkcijos sutrikimams.","breadcrumb":{"@id":"https:\/\/anivet.lt\/elparduotuve\/produktas\/virbac-kidney-support-dog\/#breadcrumb"},"inLanguage":"lt-LT","potentialAction":[{"@type":"ReadAction","target":["https:\/\/anivet.lt\/elparduotuve\/produktas\/virbac-kidney-support-dog\/"]}]},{"@type":"ImageObject","inLanguage":"lt-LT","@id":"https:\/\/anivet.lt\/elparduotuve\/produktas\/virbac-kidney-support-dog\/#primaryimage","url":"https:\/\/anivet.lt\/elparduotuve\/wp-content\/uploads\/2024\/01\/virbac-dog-kidney-support-sausas-pasaras-sunims.jpg","contentUrl":"https:\/\/anivet.lt\/elparduotuve\/wp-content\/uploads\/2024\/01\/virbac-dog-kidney-support-sausas-pasaras-sunims.jpg","width":800,"height":800,"caption":"Virbac Kidney Support Dog"},{"@type":"BreadcrumbList","@id":"https:\/\/anivet.lt\/elparduotuve\/produktas\/virbac-kidney-support-dog\/#breadcrumb","itemListElement":[{"@type":"ListItem","position":1,"name":"Home","item":"https:\/\/anivet.lt\/elparduotuve\/"},{"@type":"ListItem","position":2,"name":"Produktai","item":"https:\/\/anivet.lt\/elparduotuve\/produktai\/"},{"@type":"ListItem","position":3,"name":"Virbac Kidney Support Dog"}]},{"@type":"WebSite","@id":"https:\/\/anivet.lt\/elparduotuve\/#website","url":"https:\/\/anivet.lt\/elparduotuve\/","name":"anivet.lt","description":"Viskas J\u016bs\u0173 \u0161uns, kat\u0117s prie\u017ei\u016brai","publisher":{"@id":"https:\/\/anivet.lt\/elparduotuve\/#organization"},"alternateName":"Viskas J\u016bs\u0173 \u0161uns, kat\u0117s prie\u017ei\u016brai","potentialAction":[{"@type":"SearchAction","target":{"@type":"EntryPoint","urlTemplate":"https:\/\/anivet.lt\/elparduotuve\/?s={search_term_string}"},"query-input":{"@type":"PropertyValueSpecification","valueRequired":true,"valueName":"search_term_string"}}],"inLanguage":"lt-LT"},{"@type":"Organization","@id":"https:\/\/anivet.lt\/elparduotuve\/#organization","name":"Viskas J\u016bs\u0173 \u0161uns, kat\u0117s prie\u017ei\u016brai","url":"https:\/\/anivet.lt\/elparduotuve\/","logo":{"@type":"ImageObject","inLanguage":"lt-LT","@id":"https:\/\/anivet.lt\/elparduotuve\/#\/schema\/logo\/image\/","url":"https:\/\/anivet.lt\/elparduotuve\/wp-content\/uploads\/2023\/06\/logo2.jpg","contentUrl":"https:\/\/anivet.lt\/elparduotuve\/wp-content\/uploads\/2023\/06\/logo2.jpg","width":655,"height":194,"caption":"Viskas J\u016bs\u0173 \u0161uns, kat\u0117s prie\u017ei\u016brai"},"image":{"@id":"https:\/\/anivet.lt\/elparduotuve\/#\/schema\/logo\/image\/"}}]}},"_links":{"self":[{"href":"https:\/\/anivet.lt\/elparduotuve\/wp-json\/wp\/v2\/product\/12680","targetHints":{"allow":["GET"]}}],"collection":[{"href":"https:\/\/anivet.lt\/elparduotuve\/wp-json\/wp\/v2\/product"}],"about":[{"href":"https:\/\/anivet.lt\/elparduotuve\/wp-json\/wp\/v2\/types\/product"}],"wp:featuredmedia":[{"embeddable":true,"href":"https:\/\/anivet.lt\/elparduotuve\/wp-json\/wp\/v2\/media\/12681"}],"wp:attachment":[{"href":"https:\/\/anivet.lt\/elparduotuve\/wp-json\/wp\/v2\/media?parent=12680"}],"wp:term":[{"taxonomy":"product_brand","embeddable":true,"href":"https:\/\/anivet.lt\/elparduotuve\/wp-json\/wp\/v2\/product_brand?post=12680"},{"taxonomy":"product_cat","embeddable":true,"href":"https:\/\/anivet.lt\/elparduotuve\/wp-json\/wp\/v2\/product_cat?post=12680"},{"taxonomy":"product_tag","embeddable":true,"href":"https:\/\/anivet.lt\/elparduotuve\/wp-json\/wp\/v2\/product_tag?post=12680"}],"curies":[{"name":"wp","href":"https:\/\/api.w.org\/{rel}","templated":true}]}}