{"id":12712,"date":"2024-01-15T13:26:46","date_gmt":"2024-01-15T13:26:46","guid":{"rendered":"https:\/\/anivet.lt\/elparduotuve\/?post_type=product&#038;p=12712"},"modified":"2026-02-23T22:46:32","modified_gmt":"2026-02-23T22:46:32","slug":"virbac-adult-neutered-cat-guliasai-katems-su-lasisa","status":"publish","type":"product","link":"https:\/\/anivet.lt\/elparduotuve\/produktas\/virbac-adult-neutered-cat-guliasai-katems-su-lasisa\/","title":{"rendered":"Virbac Adult Neutered Cat gulia\u0161ai kat\u0117ms su la\u0161i\u0161a"},"content":{"rendered":"<ul>\n<li style=\"font-weight: 400;\" aria-level=\"1\">Optimalus k\u016bno svoris: D\u0117l didelio vandens kiekio \u0161is pa\u0161aras skatina sotumo jausm\u0105 ir padeda i\u0161vengti persivalgymo.<\/li>\n<li style=\"font-weight: 400;\" aria-level=\"1\">Sveika \u0161lapimo sistema: Didinamas vandens suvartojimas ma\u017eina mineral\u0173 koncentracij\u0105 \u0161lapime, suma\u017eindamas u\u017edegimo ir kristal\u0173 susidarymo rizik\u0105.<\/li>\n<li style=\"font-weight: 400;\" aria-level=\"1\">Palaiko hidratacij\u0105: Nat\u016braliai skatina kates suvartoti daugiau vandens, o tai ypa\u010d svarbu j\u0173 \u0161lapimo sistemos sveikatai.<\/li>\n<li style=\"font-weight: 400;\" aria-level=\"1\">Turtingas baltym\u0173: Auk\u0161tos kokyb\u0117s baltymai prisideda prie sveiko k\u016bno funkcionavimo ir skatina papildom\u0105 vandens vartojim\u0105.<\/li>\n<li style=\"font-weight: 400;\" aria-level=\"1\">Gardus la\u0161i\u0161os skonis: 4,6% la\u0161i\u0161os suteikia pa\u0161arui puik\u0173 skon\u012f, kuris patiks net i\u0161rankiausioms kat\u0117ms.<\/li>\n<\/ul>\n<p>\u201eVirbac Adult Neutered Cat\u201d gulia\u0161ai ne tik suteikia visas b\u016btinas maistines med\u017eiagas, bet ir padeda j\u016bs\u0173 katei i\u0161likti sveikai, energingai ir patenkintai. Tai idealus pasirinkimas norint r\u016bpintis sterilizuotos kat\u0117s kasdiene mityba ir gerove.<\/p>\n","protected":false},"excerpt":{"rendered":"<p><span style=\"font-weight: 400;\">\u0160ie visaver\u010diai gulia\u0161ai specialiai sukurti sterilizuotoms kat\u0117ms, vyresn\u0117ms nei 1 met\u0173. Jie padeda palaikyti optimali\u0105 sveikat\u0105, tinkam\u0105 k\u016bno svor\u012f ir sveik\u0105 \u0161lapimo sistem\u0105. Gardus la\u0161i\u0161os skonis patiks net i\u0161rankiausioms kat\u0117ms.<\/span><\/p>\n","protected":false},"featured_media":19764,"template":"","meta":[],"product_brand":[],"product_cat":[114,102,116,348],"product_tag":[],"class_list":{"0":"post-12712","1":"product","2":"type-product","3":"status-publish","4":"has-post-thumbnail","6":"product_cat-kaciu-maistas","7":"product_cat-katems","8":"product_cat-konservai-katems","9":"product_cat-virbac-kaciu-maistas","10":"pa_prekinis-zenklas-virbac","12":"first","13":"instock","14":"taxable","15":"shipping-taxable","16":"purchasable","17":"product-type-variable"},"yoast_head":"<!-- This site is optimized with the Yoast SEO Premium plugin v27.1 (Yoast SEO v27.5) - https:\/\/yoast.com\/product\/yoast-seo-premium-wordpress\/ -->\n<title>Virbac Adult Neutered Cat gulia\u0161ai kat\u0117ms su la\u0161i\u0161a - anivet.lt<\/title>\n<meta name=\"description\" content=\"\u0160ie visaver\u010diai gulia\u0161ai specialiai sukurti sterilizuotoms kat\u0117ms, vyresn\u0117ms nei 1 met\u0173. Jie padeda palaikyti optimali\u0105 sveikat\u0105, tinkam\u0105 k\u016bno svor\u012f ir sveik\u0105 \u0161lapimo sistem\u0105. Gardus la\u0161i\u0161os skonis patiks net i\u0161rankiausioms kat\u0117ms.\" \/>\n<meta name=\"robots\" content=\"index, follow, max-snippet:-1, max-image-preview:large, max-video-preview:-1\" \/>\n<link rel=\"canonical\" href=\"https:\/\/anivet.lt\/elparduotuve\/produktas\/virbac-adult-neutered-cat-guliasai-katems-su-lasisa\/\" \/>\n<meta property=\"og:locale\" content=\"lt_LT\" \/>\n<meta property=\"og:type\" content=\"article\" \/>\n<meta property=\"og:title\" content=\"Virbac Adult Neutered Cat gulia\u0161ai kat\u0117ms su la\u0161i\u0161a\" \/>\n<meta property=\"og:description\" content=\"\u0160ie visaver\u010diai gulia\u0161ai specialiai sukurti sterilizuotoms kat\u0117ms, vyresn\u0117ms nei 1 met\u0173. Jie padeda palaikyti optimali\u0105 sveikat\u0105, tinkam\u0105 k\u016bno svor\u012f ir sveik\u0105 \u0161lapimo sistem\u0105. Gardus la\u0161i\u0161os skonis patiks net i\u0161rankiausioms kat\u0117ms.\" \/>\n<meta property=\"og:url\" content=\"https:\/\/anivet.lt\/elparduotuve\/produktas\/virbac-adult-neutered-cat-guliasai-katems-su-lasisa\/\" \/>\n<meta property=\"og:site_name\" content=\"anivet.lt\" \/>\n<meta property=\"article:modified_time\" content=\"2026-02-23T22:46:32+00:00\" \/>\n<meta property=\"og:image\" content=\"https:\/\/anivet.lt\/elparduotuve\/wp-content\/uploads\/2024\/01\/Virbac-Adult-Neutered-Cat-guliasai-katems-su-lasisa.jpg\" \/>\n\t<meta property=\"og:image:width\" content=\"600\" \/>\n\t<meta property=\"og:image:height\" content=\"600\" \/>\n\t<meta property=\"og:image:type\" content=\"image\/jpeg\" \/>\n<meta name=\"twitter:card\" content=\"summary_large_image\" \/>\n<meta name=\"twitter:label1\" content=\"Est. reading time\" \/>\n\t<meta name=\"twitter:data1\" content=\"1 minut\u0117\" \/>\n<script type=\"application\/ld+json\" class=\"yoast-schema-graph\">{\"@context\":\"https:\\\/\\\/schema.org\",\"@graph\":[{\"@type\":\"WebPage\",\"@id\":\"https:\\\/\\\/anivet.lt\\\/elparduotuve\\\/produktas\\\/virbac-adult-neutered-cat-guliasai-katems-su-lasisa\\\/\",\"url\":\"https:\\\/\\\/anivet.lt\\\/elparduotuve\\\/produktas\\\/virbac-adult-neutered-cat-guliasai-katems-su-lasisa\\\/\",\"name\":\"Virbac Adult Neutered Cat gulia\u0161ai kat\u0117ms su la\u0161i\u0161a - anivet.lt\",\"isPartOf\":{\"@id\":\"https:\\\/\\\/anivet.lt\\\/elparduotuve\\\/#website\"},\"primaryImageOfPage\":{\"@id\":\"https:\\\/\\\/anivet.lt\\\/elparduotuve\\\/produktas\\\/virbac-adult-neutered-cat-guliasai-katems-su-lasisa\\\/#primaryimage\"},\"image\":{\"@id\":\"https:\\\/\\\/anivet.lt\\\/elparduotuve\\\/produktas\\\/virbac-adult-neutered-cat-guliasai-katems-su-lasisa\\\/#primaryimage\"},\"thumbnailUrl\":\"https:\\\/\\\/anivet.lt\\\/elparduotuve\\\/wp-content\\\/uploads\\\/2024\\\/01\\\/Virbac-Adult-Neutered-Cat-guliasai-katems-su-lasisa.jpg\",\"datePublished\":\"2024-01-15T13:26:46+00:00\",\"dateModified\":\"2026-02-23T22:46:32+00:00\",\"description\":\"\u0160ie visaver\u010diai gulia\u0161ai specialiai sukurti sterilizuotoms kat\u0117ms, vyresn\u0117ms nei 1 met\u0173. Jie padeda palaikyti optimali\u0105 sveikat\u0105, tinkam\u0105 k\u016bno svor\u012f ir sveik\u0105 \u0161lapimo sistem\u0105. Gardus la\u0161i\u0161os skonis patiks net i\u0161rankiausioms kat\u0117ms.\",\"breadcrumb\":{\"@id\":\"https:\\\/\\\/anivet.lt\\\/elparduotuve\\\/produktas\\\/virbac-adult-neutered-cat-guliasai-katems-su-lasisa\\\/#breadcrumb\"},\"inLanguage\":\"lt-LT\",\"potentialAction\":[{\"@type\":\"ReadAction\",\"target\":[\"https:\\\/\\\/anivet.lt\\\/elparduotuve\\\/produktas\\\/virbac-adult-neutered-cat-guliasai-katems-su-lasisa\\\/\"]}]},{\"@type\":\"ImageObject\",\"inLanguage\":\"lt-LT\",\"@id\":\"https:\\\/\\\/anivet.lt\\\/elparduotuve\\\/produktas\\\/virbac-adult-neutered-cat-guliasai-katems-su-lasisa\\\/#primaryimage\",\"url\":\"https:\\\/\\\/anivet.lt\\\/elparduotuve\\\/wp-content\\\/uploads\\\/2024\\\/01\\\/Virbac-Adult-Neutered-Cat-guliasai-katems-su-lasisa.jpg\",\"contentUrl\":\"https:\\\/\\\/anivet.lt\\\/elparduotuve\\\/wp-content\\\/uploads\\\/2024\\\/01\\\/Virbac-Adult-Neutered-Cat-guliasai-katems-su-lasisa.jpg\",\"width\":600,\"height\":600,\"caption\":\"Virbac Adult Neutered Cat gulia\u0161ai kat\u0117ms su la\u0161i\u0161a\"},{\"@type\":\"BreadcrumbList\",\"@id\":\"https:\\\/\\\/anivet.lt\\\/elparduotuve\\\/produktas\\\/virbac-adult-neutered-cat-guliasai-katems-su-lasisa\\\/#breadcrumb\",\"itemListElement\":[{\"@type\":\"ListItem\",\"position\":1,\"name\":\"Home\",\"item\":\"https:\\\/\\\/anivet.lt\\\/elparduotuve\\\/\"},{\"@type\":\"ListItem\",\"position\":2,\"name\":\"Produktai\",\"item\":\"https:\\\/\\\/anivet.lt\\\/elparduotuve\\\/produktai\\\/\"},{\"@type\":\"ListItem\",\"position\":3,\"name\":\"Virbac Adult Neutered Cat gulia\u0161ai kat\u0117ms su la\u0161i\u0161a\"}]},{\"@type\":\"WebSite\",\"@id\":\"https:\\\/\\\/anivet.lt\\\/elparduotuve\\\/#website\",\"url\":\"https:\\\/\\\/anivet.lt\\\/elparduotuve\\\/\",\"name\":\"anivet.lt\",\"description\":\"Viskas J\u016bs\u0173 \u0161uns, kat\u0117s prie\u017ei\u016brai\",\"publisher\":{\"@id\":\"https:\\\/\\\/anivet.lt\\\/elparduotuve\\\/#organization\"},\"alternateName\":\"Viskas J\u016bs\u0173 \u0161uns, kat\u0117s prie\u017ei\u016brai\",\"potentialAction\":[{\"@type\":\"SearchAction\",\"target\":{\"@type\":\"EntryPoint\",\"urlTemplate\":\"https:\\\/\\\/anivet.lt\\\/elparduotuve\\\/?s={search_term_string}\"},\"query-input\":{\"@type\":\"PropertyValueSpecification\",\"valueRequired\":true,\"valueName\":\"search_term_string\"}}],\"inLanguage\":\"lt-LT\"},{\"@type\":\"Organization\",\"@id\":\"https:\\\/\\\/anivet.lt\\\/elparduotuve\\\/#organization\",\"name\":\"Viskas J\u016bs\u0173 \u0161uns, kat\u0117s prie\u017ei\u016brai\",\"url\":\"https:\\\/\\\/anivet.lt\\\/elparduotuve\\\/\",\"logo\":{\"@type\":\"ImageObject\",\"inLanguage\":\"lt-LT\",\"@id\":\"https:\\\/\\\/anivet.lt\\\/elparduotuve\\\/#\\\/schema\\\/logo\\\/image\\\/\",\"url\":\"https:\\\/\\\/anivet.lt\\\/elparduotuve\\\/wp-content\\\/uploads\\\/2023\\\/06\\\/logo2.jpg\",\"contentUrl\":\"https:\\\/\\\/anivet.lt\\\/elparduotuve\\\/wp-content\\\/uploads\\\/2023\\\/06\\\/logo2.jpg\",\"width\":655,\"height\":194,\"caption\":\"Viskas J\u016bs\u0173 \u0161uns, kat\u0117s prie\u017ei\u016brai\"},\"image\":{\"@id\":\"https:\\\/\\\/anivet.lt\\\/elparduotuve\\\/#\\\/schema\\\/logo\\\/image\\\/\"}}]}<\/script>\n<!-- \/ Yoast SEO Premium plugin. -->","yoast_head_json":{"title":"Virbac Adult Neutered Cat gulia\u0161ai kat\u0117ms su la\u0161i\u0161a - anivet.lt","description":"\u0160ie visaver\u010diai gulia\u0161ai specialiai sukurti sterilizuotoms kat\u0117ms, vyresn\u0117ms nei 1 met\u0173. Jie padeda palaikyti optimali\u0105 sveikat\u0105, tinkam\u0105 k\u016bno svor\u012f ir sveik\u0105 \u0161lapimo sistem\u0105. Gardus la\u0161i\u0161os skonis patiks net i\u0161rankiausioms kat\u0117ms.","robots":{"index":"index","follow":"follow","max-snippet":"max-snippet:-1","max-image-preview":"max-image-preview:large","max-video-preview":"max-video-preview:-1"},"canonical":"https:\/\/anivet.lt\/elparduotuve\/produktas\/virbac-adult-neutered-cat-guliasai-katems-su-lasisa\/","og_locale":"lt_LT","og_type":"article","og_title":"Virbac Adult Neutered Cat gulia\u0161ai kat\u0117ms su la\u0161i\u0161a","og_description":"\u0160ie visaver\u010diai gulia\u0161ai specialiai sukurti sterilizuotoms kat\u0117ms, vyresn\u0117ms nei 1 met\u0173. Jie padeda palaikyti optimali\u0105 sveikat\u0105, tinkam\u0105 k\u016bno svor\u012f ir sveik\u0105 \u0161lapimo sistem\u0105. Gardus la\u0161i\u0161os skonis patiks net i\u0161rankiausioms kat\u0117ms.","og_url":"https:\/\/anivet.lt\/elparduotuve\/produktas\/virbac-adult-neutered-cat-guliasai-katems-su-lasisa\/","og_site_name":"anivet.lt","article_modified_time":"2026-02-23T22:46:32+00:00","og_image":[{"width":600,"height":600,"url":"https:\/\/anivet.lt\/elparduotuve\/wp-content\/uploads\/2024\/01\/Virbac-Adult-Neutered-Cat-guliasai-katems-su-lasisa.jpg","type":"image\/jpeg"}],"twitter_card":"summary_large_image","twitter_misc":{"Est. reading time":"1 minut\u0117"},"schema":{"@context":"https:\/\/schema.org","@graph":[{"@type":"WebPage","@id":"https:\/\/anivet.lt\/elparduotuve\/produktas\/virbac-adult-neutered-cat-guliasai-katems-su-lasisa\/","url":"https:\/\/anivet.lt\/elparduotuve\/produktas\/virbac-adult-neutered-cat-guliasai-katems-su-lasisa\/","name":"Virbac Adult Neutered Cat gulia\u0161ai kat\u0117ms su la\u0161i\u0161a - anivet.lt","isPartOf":{"@id":"https:\/\/anivet.lt\/elparduotuve\/#website"},"primaryImageOfPage":{"@id":"https:\/\/anivet.lt\/elparduotuve\/produktas\/virbac-adult-neutered-cat-guliasai-katems-su-lasisa\/#primaryimage"},"image":{"@id":"https:\/\/anivet.lt\/elparduotuve\/produktas\/virbac-adult-neutered-cat-guliasai-katems-su-lasisa\/#primaryimage"},"thumbnailUrl":"https:\/\/anivet.lt\/elparduotuve\/wp-content\/uploads\/2024\/01\/Virbac-Adult-Neutered-Cat-guliasai-katems-su-lasisa.jpg","datePublished":"2024-01-15T13:26:46+00:00","dateModified":"2026-02-23T22:46:32+00:00","description":"\u0160ie visaver\u010diai gulia\u0161ai specialiai sukurti sterilizuotoms kat\u0117ms, vyresn\u0117ms nei 1 met\u0173. Jie padeda palaikyti optimali\u0105 sveikat\u0105, tinkam\u0105 k\u016bno svor\u012f ir sveik\u0105 \u0161lapimo sistem\u0105. Gardus la\u0161i\u0161os skonis patiks net i\u0161rankiausioms kat\u0117ms.","breadcrumb":{"@id":"https:\/\/anivet.lt\/elparduotuve\/produktas\/virbac-adult-neutered-cat-guliasai-katems-su-lasisa\/#breadcrumb"},"inLanguage":"lt-LT","potentialAction":[{"@type":"ReadAction","target":["https:\/\/anivet.lt\/elparduotuve\/produktas\/virbac-adult-neutered-cat-guliasai-katems-su-lasisa\/"]}]},{"@type":"ImageObject","inLanguage":"lt-LT","@id":"https:\/\/anivet.lt\/elparduotuve\/produktas\/virbac-adult-neutered-cat-guliasai-katems-su-lasisa\/#primaryimage","url":"https:\/\/anivet.lt\/elparduotuve\/wp-content\/uploads\/2024\/01\/Virbac-Adult-Neutered-Cat-guliasai-katems-su-lasisa.jpg","contentUrl":"https:\/\/anivet.lt\/elparduotuve\/wp-content\/uploads\/2024\/01\/Virbac-Adult-Neutered-Cat-guliasai-katems-su-lasisa.jpg","width":600,"height":600,"caption":"Virbac Adult Neutered Cat gulia\u0161ai kat\u0117ms su la\u0161i\u0161a"},{"@type":"BreadcrumbList","@id":"https:\/\/anivet.lt\/elparduotuve\/produktas\/virbac-adult-neutered-cat-guliasai-katems-su-lasisa\/#breadcrumb","itemListElement":[{"@type":"ListItem","position":1,"name":"Home","item":"https:\/\/anivet.lt\/elparduotuve\/"},{"@type":"ListItem","position":2,"name":"Produktai","item":"https:\/\/anivet.lt\/elparduotuve\/produktai\/"},{"@type":"ListItem","position":3,"name":"Virbac Adult Neutered Cat gulia\u0161ai kat\u0117ms su la\u0161i\u0161a"}]},{"@type":"WebSite","@id":"https:\/\/anivet.lt\/elparduotuve\/#website","url":"https:\/\/anivet.lt\/elparduotuve\/","name":"anivet.lt","description":"Viskas J\u016bs\u0173 \u0161uns, kat\u0117s prie\u017ei\u016brai","publisher":{"@id":"https:\/\/anivet.lt\/elparduotuve\/#organization"},"alternateName":"Viskas J\u016bs\u0173 \u0161uns, kat\u0117s prie\u017ei\u016brai","potentialAction":[{"@type":"SearchAction","target":{"@type":"EntryPoint","urlTemplate":"https:\/\/anivet.lt\/elparduotuve\/?s={search_term_string}"},"query-input":{"@type":"PropertyValueSpecification","valueRequired":true,"valueName":"search_term_string"}}],"inLanguage":"lt-LT"},{"@type":"Organization","@id":"https:\/\/anivet.lt\/elparduotuve\/#organization","name":"Viskas J\u016bs\u0173 \u0161uns, kat\u0117s prie\u017ei\u016brai","url":"https:\/\/anivet.lt\/elparduotuve\/","logo":{"@type":"ImageObject","inLanguage":"lt-LT","@id":"https:\/\/anivet.lt\/elparduotuve\/#\/schema\/logo\/image\/","url":"https:\/\/anivet.lt\/elparduotuve\/wp-content\/uploads\/2023\/06\/logo2.jpg","contentUrl":"https:\/\/anivet.lt\/elparduotuve\/wp-content\/uploads\/2023\/06\/logo2.jpg","width":655,"height":194,"caption":"Viskas J\u016bs\u0173 \u0161uns, kat\u0117s prie\u017ei\u016brai"},"image":{"@id":"https:\/\/anivet.lt\/elparduotuve\/#\/schema\/logo\/image\/"}}]}},"_links":{"self":[{"href":"https:\/\/anivet.lt\/elparduotuve\/wp-json\/wp\/v2\/product\/12712","targetHints":{"allow":["GET"]}}],"collection":[{"href":"https:\/\/anivet.lt\/elparduotuve\/wp-json\/wp\/v2\/product"}],"about":[{"href":"https:\/\/anivet.lt\/elparduotuve\/wp-json\/wp\/v2\/types\/product"}],"wp:featuredmedia":[{"embeddable":true,"href":"https:\/\/anivet.lt\/elparduotuve\/wp-json\/wp\/v2\/media\/19764"}],"wp:attachment":[{"href":"https:\/\/anivet.lt\/elparduotuve\/wp-json\/wp\/v2\/media?parent=12712"}],"wp:term":[{"taxonomy":"product_brand","embeddable":true,"href":"https:\/\/anivet.lt\/elparduotuve\/wp-json\/wp\/v2\/product_brand?post=12712"},{"taxonomy":"product_cat","embeddable":true,"href":"https:\/\/anivet.lt\/elparduotuve\/wp-json\/wp\/v2\/product_cat?post=12712"},{"taxonomy":"product_tag","embeddable":true,"href":"https:\/\/anivet.lt\/elparduotuve\/wp-json\/wp\/v2\/product_tag?post=12712"}],"curies":[{"name":"wp","href":"https:\/\/api.w.org\/{rel}","templated":true}]}}