{"id":12717,"date":"2024-01-15T13:10:50","date_gmt":"2024-01-15T13:10:50","guid":{"rendered":"https:\/\/anivet.lt\/elparduotuve\/?post_type=product&#038;p=12717"},"modified":"2026-05-06T08:49:33","modified_gmt":"2026-05-06T08:49:33","slug":"trainer-natural-maxi-adult-su-kumpiu-sunims-12kg","status":"publish","type":"product","link":"https:\/\/anivet.lt\/elparduotuve\/produktas\/trainer-natural-maxi-adult-su-kumpiu-sunims-12kg\/","title":{"rendered":"Trainer Natural MAXI ADULT Su Kumpiu \u0161unims 12kg"},"content":{"rendered":"<ul>\n<li style=\"font-weight: 400;\" aria-level=\"1\"><span style=\"font-weight: 400;\">Auk\u0161tos kokyb\u0117s baltymai: 100% itali\u0161ko vytinto kumpio baltymai (7%), vi\u0161tiena ir kalakutiena palaiko raumen\u0173 mas\u0119 ir suteikia energijos.<\/span><\/li>\n<li style=\"font-weight: 400;\" aria-level=\"1\"><span style=\"font-weight: 400;\">Sveikas vir\u0161kinimas: Cikorij\u0173 \u0161akn\u0173 ekstraktas ir cukrini\u0173 runkeli\u0173 mas\u0117 padeda palaikyti sveik\u0105 \u017earnyn\u0105 ir ger\u0105 vir\u0161kinim\u0105.<\/span><\/li>\n<li style=\"font-weight: 400;\" aria-level=\"1\"><span style=\"font-weight: 400;\">Odos ir kailio prie\u017ei\u016bra: Omega-3 ir Omega-6 riebal\u0173 r\u016bg\u0161tys i\u0161 lin\u0173 s\u0117men\u0173 ir kukur\u016bz\u0173 aliejaus u\u017etikrina sveik\u0105 od\u0105 bei \u017evilgant\u012f kail\u012f.<\/span><\/li>\n<li style=\"font-weight: 400;\" aria-level=\"1\"><span style=\"font-weight: 400;\">Imunin\u0117s sistemos stiprinimas: Vitamin\u0173 A, D3, E ir C kompleksas praturtina pa\u0161ar\u0105 antioksidantais ir prisideda prie stiprios imunin\u0117s sistemos.<\/span><\/li>\n<li style=\"font-weight: 400;\" aria-level=\"1\"><span style=\"font-weight: 400;\">Nat\u016bral\u016bs ingredientai: Spirulina, obuoli\u0173 milteliai ir citrinos ekstraktas suteikia antioksidant\u0173, vitamin\u0173 ir papildomos naudos sveikatai.<\/span><\/li>\n<\/ul>\n<p><span style=\"font-weight: 400;\">\u0160is pa\u0161aras yra idealus pasirinkimas vidutini\u0173 ir dideli\u0173 \u0161un\u0173 kasdieninei mitybai. Subalansuota sud\u0117tis u\u017etikrina ger\u0105 sveikat\u0105, energij\u0105 ir puiki\u0105 savijaut\u0105 kiekvien\u0105 dien\u0105.<\/span><\/p>\n","protected":false},"excerpt":{"rendered":"<p><span style=\"font-weight: 400;\">Visavertis sausas maistas vidutini\u0173 ir dideli\u0173 veisli\u0173 \u0161unims su kumpiu \u2013 subalansuotas pa\u0161aras, sukurtas patenkinti \u0161un\u0173 kasdienius mitybos poreikius. Nat\u016brali sud\u0117tis ir auk\u0161tos kokyb\u0117s ingredientai u\u017etikrina sveik\u0105 ir energing\u0105 gyvenimo b\u016bd\u0105.<\/span><\/p>\n","protected":false},"featured_media":12720,"template":"","meta":[],"product_brand":[],"product_cat":[101,103,104,328],"product_tag":[],"class_list":{"0":"post-12717","1":"product","2":"type-product","3":"status-publish","4":"has-post-thumbnail","6":"product_cat-sunims","7":"product_cat-sunu-maistas","8":"product_cat-sausas-maistas","9":"product_cat-trainer-sunu-maistas","10":"pa_prekinis-zenklas-trainer","12":"first","13":"instock","14":"sale","15":"taxable","16":"shipping-taxable","17":"purchasable","18":"product-type-simple"},"yoast_head":"<!-- This site is optimized with the Yoast SEO Premium plugin v27.1 (Yoast SEO v27.5) - https:\/\/yoast.com\/product\/yoast-seo-premium-wordpress\/ -->\n<title>Trainer Natural MAXI ADULT Su Kumpiu \u0161unims 12kg - anivet.lt<\/title>\n<meta name=\"description\" content=\"Visavertis sausas maistas vidutini\u0173 ir dideli\u0173 veisli\u0173 \u0161unims su kumpiu \u2013 subalansuotas pa\u0161aras, sukurtas patenkinti \u0161un\u0173 kasdienius mitybos poreikius. Nat\u016brali sud\u0117tis ir auk\u0161tos kokyb\u0117s ingredientai u\u017etikrina sveik\u0105 ir energing\u0105 gyvenimo b\u016bd\u0105.\" \/>\n<meta name=\"robots\" content=\"index, follow, max-snippet:-1, max-image-preview:large, max-video-preview:-1\" \/>\n<link rel=\"canonical\" href=\"https:\/\/anivet.lt\/elparduotuve\/produktas\/trainer-natural-maxi-adult-su-kumpiu-sunims-12kg\/\" \/>\n<meta property=\"og:locale\" content=\"lt_LT\" \/>\n<meta property=\"og:type\" content=\"article\" \/>\n<meta property=\"og:title\" content=\"Trainer Natural MAXI ADULT Su Kumpiu \u0161unims 12kg\" \/>\n<meta property=\"og:description\" content=\"Visavertis sausas maistas vidutini\u0173 ir dideli\u0173 veisli\u0173 \u0161unims su kumpiu \u2013 subalansuotas pa\u0161aras, sukurtas patenkinti \u0161un\u0173 kasdienius mitybos poreikius. Nat\u016brali sud\u0117tis ir auk\u0161tos kokyb\u0117s ingredientai u\u017etikrina sveik\u0105 ir energing\u0105 gyvenimo b\u016bd\u0105.\" \/>\n<meta property=\"og:url\" content=\"https:\/\/anivet.lt\/elparduotuve\/produktas\/trainer-natural-maxi-adult-su-kumpiu-sunims-12kg\/\" \/>\n<meta property=\"og:site_name\" content=\"anivet.lt\" \/>\n<meta property=\"article:modified_time\" content=\"2026-05-06T08:49:33+00:00\" \/>\n<meta property=\"og:image\" content=\"https:\/\/anivet.lt\/elparduotuve\/wp-content\/uploads\/2024\/01\/maxi-trainer-kumpis.jpg\" \/>\n\t<meta property=\"og:image:width\" content=\"800\" \/>\n\t<meta property=\"og:image:height\" content=\"800\" \/>\n\t<meta property=\"og:image:type\" content=\"image\/jpeg\" \/>\n<meta name=\"twitter:card\" content=\"summary_large_image\" \/>\n<meta name=\"twitter:label1\" content=\"Est. reading time\" \/>\n\t<meta name=\"twitter:data1\" content=\"1 minut\u0117\" \/>\n<script type=\"application\/ld+json\" class=\"yoast-schema-graph\">{\"@context\":\"https:\\\/\\\/schema.org\",\"@graph\":[{\"@type\":\"WebPage\",\"@id\":\"https:\\\/\\\/anivet.lt\\\/elparduotuve\\\/produktas\\\/trainer-natural-maxi-adult-su-kumpiu-sunims-12kg\\\/\",\"url\":\"https:\\\/\\\/anivet.lt\\\/elparduotuve\\\/produktas\\\/trainer-natural-maxi-adult-su-kumpiu-sunims-12kg\\\/\",\"name\":\"Trainer Natural MAXI ADULT Su Kumpiu \u0161unims 12kg - anivet.lt\",\"isPartOf\":{\"@id\":\"https:\\\/\\\/anivet.lt\\\/elparduotuve\\\/#website\"},\"primaryImageOfPage\":{\"@id\":\"https:\\\/\\\/anivet.lt\\\/elparduotuve\\\/produktas\\\/trainer-natural-maxi-adult-su-kumpiu-sunims-12kg\\\/#primaryimage\"},\"image\":{\"@id\":\"https:\\\/\\\/anivet.lt\\\/elparduotuve\\\/produktas\\\/trainer-natural-maxi-adult-su-kumpiu-sunims-12kg\\\/#primaryimage\"},\"thumbnailUrl\":\"https:\\\/\\\/anivet.lt\\\/elparduotuve\\\/wp-content\\\/uploads\\\/2024\\\/01\\\/maxi-trainer-kumpis.jpg\",\"datePublished\":\"2024-01-15T13:10:50+00:00\",\"dateModified\":\"2026-05-06T08:49:33+00:00\",\"description\":\"Visavertis sausas maistas vidutini\u0173 ir dideli\u0173 veisli\u0173 \u0161unims su kumpiu \u2013 subalansuotas pa\u0161aras, sukurtas patenkinti \u0161un\u0173 kasdienius mitybos poreikius. Nat\u016brali sud\u0117tis ir auk\u0161tos kokyb\u0117s ingredientai u\u017etikrina sveik\u0105 ir energing\u0105 gyvenimo b\u016bd\u0105.\",\"breadcrumb\":{\"@id\":\"https:\\\/\\\/anivet.lt\\\/elparduotuve\\\/produktas\\\/trainer-natural-maxi-adult-su-kumpiu-sunims-12kg\\\/#breadcrumb\"},\"inLanguage\":\"lt-LT\",\"potentialAction\":[{\"@type\":\"ReadAction\",\"target\":[\"https:\\\/\\\/anivet.lt\\\/elparduotuve\\\/produktas\\\/trainer-natural-maxi-adult-su-kumpiu-sunims-12kg\\\/\"]}]},{\"@type\":\"ImageObject\",\"inLanguage\":\"lt-LT\",\"@id\":\"https:\\\/\\\/anivet.lt\\\/elparduotuve\\\/produktas\\\/trainer-natural-maxi-adult-su-kumpiu-sunims-12kg\\\/#primaryimage\",\"url\":\"https:\\\/\\\/anivet.lt\\\/elparduotuve\\\/wp-content\\\/uploads\\\/2024\\\/01\\\/maxi-trainer-kumpis.jpg\",\"contentUrl\":\"https:\\\/\\\/anivet.lt\\\/elparduotuve\\\/wp-content\\\/uploads\\\/2024\\\/01\\\/maxi-trainer-kumpis.jpg\",\"width\":800,\"height\":800,\"caption\":\"Trainer Natural MAXI ADULT Su Kumpiu \u0161unims 12kg\"},{\"@type\":\"BreadcrumbList\",\"@id\":\"https:\\\/\\\/anivet.lt\\\/elparduotuve\\\/produktas\\\/trainer-natural-maxi-adult-su-kumpiu-sunims-12kg\\\/#breadcrumb\",\"itemListElement\":[{\"@type\":\"ListItem\",\"position\":1,\"name\":\"Home\",\"item\":\"https:\\\/\\\/anivet.lt\\\/elparduotuve\\\/\"},{\"@type\":\"ListItem\",\"position\":2,\"name\":\"Produktai\",\"item\":\"https:\\\/\\\/anivet.lt\\\/elparduotuve\\\/produktai\\\/\"},{\"@type\":\"ListItem\",\"position\":3,\"name\":\"Trainer Natural MAXI ADULT Su Kumpiu \u0161unims 12kg\"}]},{\"@type\":\"WebSite\",\"@id\":\"https:\\\/\\\/anivet.lt\\\/elparduotuve\\\/#website\",\"url\":\"https:\\\/\\\/anivet.lt\\\/elparduotuve\\\/\",\"name\":\"anivet.lt\",\"description\":\"Viskas J\u016bs\u0173 \u0161uns, kat\u0117s prie\u017ei\u016brai\",\"publisher\":{\"@id\":\"https:\\\/\\\/anivet.lt\\\/elparduotuve\\\/#organization\"},\"alternateName\":\"Viskas J\u016bs\u0173 \u0161uns, kat\u0117s prie\u017ei\u016brai\",\"potentialAction\":[{\"@type\":\"SearchAction\",\"target\":{\"@type\":\"EntryPoint\",\"urlTemplate\":\"https:\\\/\\\/anivet.lt\\\/elparduotuve\\\/?s={search_term_string}\"},\"query-input\":{\"@type\":\"PropertyValueSpecification\",\"valueRequired\":true,\"valueName\":\"search_term_string\"}}],\"inLanguage\":\"lt-LT\"},{\"@type\":\"Organization\",\"@id\":\"https:\\\/\\\/anivet.lt\\\/elparduotuve\\\/#organization\",\"name\":\"Viskas J\u016bs\u0173 \u0161uns, kat\u0117s prie\u017ei\u016brai\",\"url\":\"https:\\\/\\\/anivet.lt\\\/elparduotuve\\\/\",\"logo\":{\"@type\":\"ImageObject\",\"inLanguage\":\"lt-LT\",\"@id\":\"https:\\\/\\\/anivet.lt\\\/elparduotuve\\\/#\\\/schema\\\/logo\\\/image\\\/\",\"url\":\"https:\\\/\\\/anivet.lt\\\/elparduotuve\\\/wp-content\\\/uploads\\\/2023\\\/06\\\/logo2.jpg\",\"contentUrl\":\"https:\\\/\\\/anivet.lt\\\/elparduotuve\\\/wp-content\\\/uploads\\\/2023\\\/06\\\/logo2.jpg\",\"width\":655,\"height\":194,\"caption\":\"Viskas J\u016bs\u0173 \u0161uns, kat\u0117s prie\u017ei\u016brai\"},\"image\":{\"@id\":\"https:\\\/\\\/anivet.lt\\\/elparduotuve\\\/#\\\/schema\\\/logo\\\/image\\\/\"}}]}<\/script>\n<!-- \/ Yoast SEO Premium plugin. -->","yoast_head_json":{"title":"Trainer Natural MAXI ADULT Su Kumpiu \u0161unims 12kg - anivet.lt","description":"Visavertis sausas maistas vidutini\u0173 ir dideli\u0173 veisli\u0173 \u0161unims su kumpiu \u2013 subalansuotas pa\u0161aras, sukurtas patenkinti \u0161un\u0173 kasdienius mitybos poreikius. Nat\u016brali sud\u0117tis ir auk\u0161tos kokyb\u0117s ingredientai u\u017etikrina sveik\u0105 ir energing\u0105 gyvenimo b\u016bd\u0105.","robots":{"index":"index","follow":"follow","max-snippet":"max-snippet:-1","max-image-preview":"max-image-preview:large","max-video-preview":"max-video-preview:-1"},"canonical":"https:\/\/anivet.lt\/elparduotuve\/produktas\/trainer-natural-maxi-adult-su-kumpiu-sunims-12kg\/","og_locale":"lt_LT","og_type":"article","og_title":"Trainer Natural MAXI ADULT Su Kumpiu \u0161unims 12kg","og_description":"Visavertis sausas maistas vidutini\u0173 ir dideli\u0173 veisli\u0173 \u0161unims su kumpiu \u2013 subalansuotas pa\u0161aras, sukurtas patenkinti \u0161un\u0173 kasdienius mitybos poreikius. Nat\u016brali sud\u0117tis ir auk\u0161tos kokyb\u0117s ingredientai u\u017etikrina sveik\u0105 ir energing\u0105 gyvenimo b\u016bd\u0105.","og_url":"https:\/\/anivet.lt\/elparduotuve\/produktas\/trainer-natural-maxi-adult-su-kumpiu-sunims-12kg\/","og_site_name":"anivet.lt","article_modified_time":"2026-05-06T08:49:33+00:00","og_image":[{"width":800,"height":800,"url":"https:\/\/anivet.lt\/elparduotuve\/wp-content\/uploads\/2024\/01\/maxi-trainer-kumpis.jpg","type":"image\/jpeg"}],"twitter_card":"summary_large_image","twitter_misc":{"Est. reading time":"1 minut\u0117"},"schema":{"@context":"https:\/\/schema.org","@graph":[{"@type":"WebPage","@id":"https:\/\/anivet.lt\/elparduotuve\/produktas\/trainer-natural-maxi-adult-su-kumpiu-sunims-12kg\/","url":"https:\/\/anivet.lt\/elparduotuve\/produktas\/trainer-natural-maxi-adult-su-kumpiu-sunims-12kg\/","name":"Trainer Natural MAXI ADULT Su Kumpiu \u0161unims 12kg - anivet.lt","isPartOf":{"@id":"https:\/\/anivet.lt\/elparduotuve\/#website"},"primaryImageOfPage":{"@id":"https:\/\/anivet.lt\/elparduotuve\/produktas\/trainer-natural-maxi-adult-su-kumpiu-sunims-12kg\/#primaryimage"},"image":{"@id":"https:\/\/anivet.lt\/elparduotuve\/produktas\/trainer-natural-maxi-adult-su-kumpiu-sunims-12kg\/#primaryimage"},"thumbnailUrl":"https:\/\/anivet.lt\/elparduotuve\/wp-content\/uploads\/2024\/01\/maxi-trainer-kumpis.jpg","datePublished":"2024-01-15T13:10:50+00:00","dateModified":"2026-05-06T08:49:33+00:00","description":"Visavertis sausas maistas vidutini\u0173 ir dideli\u0173 veisli\u0173 \u0161unims su kumpiu \u2013 subalansuotas pa\u0161aras, sukurtas patenkinti \u0161un\u0173 kasdienius mitybos poreikius. Nat\u016brali sud\u0117tis ir auk\u0161tos kokyb\u0117s ingredientai u\u017etikrina sveik\u0105 ir energing\u0105 gyvenimo b\u016bd\u0105.","breadcrumb":{"@id":"https:\/\/anivet.lt\/elparduotuve\/produktas\/trainer-natural-maxi-adult-su-kumpiu-sunims-12kg\/#breadcrumb"},"inLanguage":"lt-LT","potentialAction":[{"@type":"ReadAction","target":["https:\/\/anivet.lt\/elparduotuve\/produktas\/trainer-natural-maxi-adult-su-kumpiu-sunims-12kg\/"]}]},{"@type":"ImageObject","inLanguage":"lt-LT","@id":"https:\/\/anivet.lt\/elparduotuve\/produktas\/trainer-natural-maxi-adult-su-kumpiu-sunims-12kg\/#primaryimage","url":"https:\/\/anivet.lt\/elparduotuve\/wp-content\/uploads\/2024\/01\/maxi-trainer-kumpis.jpg","contentUrl":"https:\/\/anivet.lt\/elparduotuve\/wp-content\/uploads\/2024\/01\/maxi-trainer-kumpis.jpg","width":800,"height":800,"caption":"Trainer Natural MAXI ADULT Su Kumpiu \u0161unims 12kg"},{"@type":"BreadcrumbList","@id":"https:\/\/anivet.lt\/elparduotuve\/produktas\/trainer-natural-maxi-adult-su-kumpiu-sunims-12kg\/#breadcrumb","itemListElement":[{"@type":"ListItem","position":1,"name":"Home","item":"https:\/\/anivet.lt\/elparduotuve\/"},{"@type":"ListItem","position":2,"name":"Produktai","item":"https:\/\/anivet.lt\/elparduotuve\/produktai\/"},{"@type":"ListItem","position":3,"name":"Trainer Natural MAXI ADULT Su Kumpiu \u0161unims 12kg"}]},{"@type":"WebSite","@id":"https:\/\/anivet.lt\/elparduotuve\/#website","url":"https:\/\/anivet.lt\/elparduotuve\/","name":"anivet.lt","description":"Viskas J\u016bs\u0173 \u0161uns, kat\u0117s prie\u017ei\u016brai","publisher":{"@id":"https:\/\/anivet.lt\/elparduotuve\/#organization"},"alternateName":"Viskas J\u016bs\u0173 \u0161uns, kat\u0117s prie\u017ei\u016brai","potentialAction":[{"@type":"SearchAction","target":{"@type":"EntryPoint","urlTemplate":"https:\/\/anivet.lt\/elparduotuve\/?s={search_term_string}"},"query-input":{"@type":"PropertyValueSpecification","valueRequired":true,"valueName":"search_term_string"}}],"inLanguage":"lt-LT"},{"@type":"Organization","@id":"https:\/\/anivet.lt\/elparduotuve\/#organization","name":"Viskas J\u016bs\u0173 \u0161uns, kat\u0117s prie\u017ei\u016brai","url":"https:\/\/anivet.lt\/elparduotuve\/","logo":{"@type":"ImageObject","inLanguage":"lt-LT","@id":"https:\/\/anivet.lt\/elparduotuve\/#\/schema\/logo\/image\/","url":"https:\/\/anivet.lt\/elparduotuve\/wp-content\/uploads\/2023\/06\/logo2.jpg","contentUrl":"https:\/\/anivet.lt\/elparduotuve\/wp-content\/uploads\/2023\/06\/logo2.jpg","width":655,"height":194,"caption":"Viskas J\u016bs\u0173 \u0161uns, kat\u0117s prie\u017ei\u016brai"},"image":{"@id":"https:\/\/anivet.lt\/elparduotuve\/#\/schema\/logo\/image\/"}}]}},"_links":{"self":[{"href":"https:\/\/anivet.lt\/elparduotuve\/wp-json\/wp\/v2\/product\/12717","targetHints":{"allow":["GET"]}}],"collection":[{"href":"https:\/\/anivet.lt\/elparduotuve\/wp-json\/wp\/v2\/product"}],"about":[{"href":"https:\/\/anivet.lt\/elparduotuve\/wp-json\/wp\/v2\/types\/product"}],"wp:featuredmedia":[{"embeddable":true,"href":"https:\/\/anivet.lt\/elparduotuve\/wp-json\/wp\/v2\/media\/12720"}],"wp:attachment":[{"href":"https:\/\/anivet.lt\/elparduotuve\/wp-json\/wp\/v2\/media?parent=12717"}],"wp:term":[{"taxonomy":"product_brand","embeddable":true,"href":"https:\/\/anivet.lt\/elparduotuve\/wp-json\/wp\/v2\/product_brand?post=12717"},{"taxonomy":"product_cat","embeddable":true,"href":"https:\/\/anivet.lt\/elparduotuve\/wp-json\/wp\/v2\/product_cat?post=12717"},{"taxonomy":"product_tag","embeddable":true,"href":"https:\/\/anivet.lt\/elparduotuve\/wp-json\/wp\/v2\/product_tag?post=12717"}],"curies":[{"name":"wp","href":"https:\/\/api.w.org\/{rel}","templated":true}]}}