{"id":12723,"date":"2024-01-15T13:37:56","date_gmt":"2024-01-15T13:37:56","guid":{"rendered":"https:\/\/anivet.lt\/elparduotuve\/?post_type=product&#038;p=12723"},"modified":"2025-09-16T10:34:36","modified_gmt":"2025-09-16T10:34:36","slug":"trainer-natural-medium-adult-su-jautiena-3kg","status":"publish","type":"product","link":"https:\/\/anivet.lt\/elparduotuve\/produktas\/trainer-natural-medium-adult-su-jautiena-3kg\/","title":{"rendered":"Trainer Natural MEDIUM ADULT Su Jautiena 3kg"},"content":{"rendered":"<ul>\n<li style=\"font-weight: 400;\" aria-level=\"1\"><span style=\"font-weight: 400;\">Auk\u0161tos kokyb\u0117s baltymai: I\u0161 jautienos, vi\u0161tienos ir kalakutienos, padedantys palaikyti stiprius raumenis.<\/span><\/li>\n<li style=\"font-weight: 400;\" aria-level=\"1\"><span style=\"font-weight: 400;\">Skatina vir\u0161kinim\u0105: Sud\u0117tyje esantys inulinas ir d\u017eiovint\u0173 runkeli\u0173 grie\u017einiai palaiko sveik\u0105 \u017earnyno mikroflor\u0105.<\/span><\/li>\n<li style=\"font-weight: 400;\" aria-level=\"1\"><span style=\"font-weight: 400;\">Nat\u016bral\u016bs antioksidantai: Spirulinos dumbliai ir citrusini\u0173 vaisi\u0173 i\u0161spaudos, prisidedantys prie bendros organizmo apsaugos.<\/span><\/li>\n<li style=\"font-weight: 400;\" aria-level=\"1\"><span style=\"font-weight: 400;\">Subalansuotas Omega-3 ir Omega-6 riebal\u0173 r\u016bg\u0161\u010di\u0173 kiekis: Gerina odos ir kailio b\u016bkl\u0119.<\/span><\/li>\n<li style=\"font-weight: 400;\" aria-level=\"1\"><span style=\"font-weight: 400;\">Be dirbtini\u0173 pried\u0173: Pa\u0161aras gaminamas naudojant tik nat\u016bralius ingredientus.<\/span><\/li>\n<\/ul>\n<p><span style=\"font-weight: 400;\">\u0160is pa\u0161aras yra puikus pasirinkimas r\u016bpestingiems \u0161eimininkams, siekiantiems u\u017etikrinti savo augintinio sveik\u0105 mityb\u0105. Padeda palaikyti optimal\u0173 k\u016bno svor\u012f, energingum\u0105 ir ilgalaik\u0119 gerov\u0119, kad j\u016bs\u0173 \u0161uo jaust\u0173si laimingas ir sveikas.<\/span><\/p>\n","protected":false},"excerpt":{"rendered":"<p><span style=\"font-weight: 400;\">Subalansuotas pa\u0161aras vidutinio dyd\u017eio suaugusiems \u0161unims, u\u017etikrinantis j\u0173 energijos poreikius ir sveik\u0105 gyvenimo b\u016bd\u0105. Pa\u0161aro sud\u0117tyje esantys nat\u016bral\u016bs ingredientai ir specifiniai priedai skatina ger\u0105 vir\u0161kinim\u0105, sveik\u0105 od\u0105 ir blizgant\u012f kail\u012f. Speciali formul\u0117 tinka net ir jautresniems \u0161unims.<\/span><\/p>\n","protected":false},"featured_media":12724,"template":"","meta":[],"product_brand":[],"product_cat":[101,103,104,328],"product_tag":[],"class_list":{"0":"post-12723","1":"product","2":"type-product","3":"status-publish","4":"has-post-thumbnail","6":"product_cat-sunims","7":"product_cat-sunu-maistas","8":"product_cat-sausas-maistas","9":"product_cat-trainer-sunu-maistas","10":"pa_prekinis-zenklas-trainer","12":"first","13":"instock","14":"taxable","15":"shipping-taxable","16":"purchasable","17":"product-type-simple"},"yoast_head":"<!-- This site is optimized with the Yoast SEO Premium plugin v27.1 (Yoast SEO v27.5) - https:\/\/yoast.com\/product\/yoast-seo-premium-wordpress\/ -->\n<title>Trainer Natural MEDIUM ADULT Su Jautiena 3kg - anivet.lt<\/title>\n<meta name=\"description\" content=\"Subalansuotas pa\u0161aras vidutinio dyd\u017eio suaugusiems \u0161unims, u\u017etikrinantis j\u0173 energijos poreikius ir sveik\u0105 gyvenimo b\u016bd\u0105. Pa\u0161aro sud\u0117tyje esantys nat\u016bral\u016bs ingredientai ir specifiniai priedai skatina ger\u0105 vir\u0161kinim\u0105, sveik\u0105 od\u0105 ir blizgant\u012f kail\u012f. Speciali formul\u0117 tinka net ir jautresniems \u0161unims.\" \/>\n<meta name=\"robots\" content=\"index, follow, max-snippet:-1, max-image-preview:large, max-video-preview:-1\" \/>\n<link rel=\"canonical\" href=\"https:\/\/anivet.lt\/elparduotuve\/produktas\/trainer-natural-medium-adult-su-jautiena-3kg\/\" \/>\n<meta property=\"og:locale\" content=\"lt_LT\" \/>\n<meta property=\"og:type\" content=\"article\" \/>\n<meta property=\"og:title\" content=\"Trainer Natural MEDIUM ADULT Su Jautiena 3kg\" \/>\n<meta property=\"og:description\" content=\"Subalansuotas pa\u0161aras vidutinio dyd\u017eio suaugusiems \u0161unims, u\u017etikrinantis j\u0173 energijos poreikius ir sveik\u0105 gyvenimo b\u016bd\u0105. Pa\u0161aro sud\u0117tyje esantys nat\u016bral\u016bs ingredientai ir specifiniai priedai skatina ger\u0105 vir\u0161kinim\u0105, sveik\u0105 od\u0105 ir blizgant\u012f kail\u012f. Speciali formul\u0117 tinka net ir jautresniems \u0161unims.\" \/>\n<meta property=\"og:url\" content=\"https:\/\/anivet.lt\/elparduotuve\/produktas\/trainer-natural-medium-adult-su-jautiena-3kg\/\" \/>\n<meta property=\"og:site_name\" content=\"anivet.lt\" \/>\n<meta property=\"article:modified_time\" content=\"2025-09-16T10:34:36+00:00\" \/>\n<meta property=\"og:image\" content=\"https:\/\/anivet.lt\/elparduotuve\/wp-content\/uploads\/2024\/01\/medium-beef-3kg.jpg\" \/>\n\t<meta property=\"og:image:width\" content=\"800\" \/>\n\t<meta property=\"og:image:height\" content=\"800\" \/>\n\t<meta property=\"og:image:type\" content=\"image\/jpeg\" \/>\n<meta name=\"twitter:card\" content=\"summary_large_image\" \/>\n<meta name=\"twitter:label1\" content=\"Est. reading time\" \/>\n\t<meta name=\"twitter:data1\" content=\"1 minut\u0117\" \/>\n<script type=\"application\/ld+json\" class=\"yoast-schema-graph\">{\"@context\":\"https:\\\/\\\/schema.org\",\"@graph\":[{\"@type\":\"WebPage\",\"@id\":\"https:\\\/\\\/anivet.lt\\\/elparduotuve\\\/produktas\\\/trainer-natural-medium-adult-su-jautiena-3kg\\\/\",\"url\":\"https:\\\/\\\/anivet.lt\\\/elparduotuve\\\/produktas\\\/trainer-natural-medium-adult-su-jautiena-3kg\\\/\",\"name\":\"Trainer Natural MEDIUM ADULT Su Jautiena 3kg - anivet.lt\",\"isPartOf\":{\"@id\":\"https:\\\/\\\/anivet.lt\\\/elparduotuve\\\/#website\"},\"primaryImageOfPage\":{\"@id\":\"https:\\\/\\\/anivet.lt\\\/elparduotuve\\\/produktas\\\/trainer-natural-medium-adult-su-jautiena-3kg\\\/#primaryimage\"},\"image\":{\"@id\":\"https:\\\/\\\/anivet.lt\\\/elparduotuve\\\/produktas\\\/trainer-natural-medium-adult-su-jautiena-3kg\\\/#primaryimage\"},\"thumbnailUrl\":\"https:\\\/\\\/anivet.lt\\\/elparduotuve\\\/wp-content\\\/uploads\\\/2024\\\/01\\\/medium-beef-3kg.jpg\",\"datePublished\":\"2024-01-15T13:37:56+00:00\",\"dateModified\":\"2025-09-16T10:34:36+00:00\",\"description\":\"Subalansuotas pa\u0161aras vidutinio dyd\u017eio suaugusiems \u0161unims, u\u017etikrinantis j\u0173 energijos poreikius ir sveik\u0105 gyvenimo b\u016bd\u0105. Pa\u0161aro sud\u0117tyje esantys nat\u016bral\u016bs ingredientai ir specifiniai priedai skatina ger\u0105 vir\u0161kinim\u0105, sveik\u0105 od\u0105 ir blizgant\u012f kail\u012f. Speciali formul\u0117 tinka net ir jautresniems \u0161unims.\",\"breadcrumb\":{\"@id\":\"https:\\\/\\\/anivet.lt\\\/elparduotuve\\\/produktas\\\/trainer-natural-medium-adult-su-jautiena-3kg\\\/#breadcrumb\"},\"inLanguage\":\"lt-LT\",\"potentialAction\":[{\"@type\":\"ReadAction\",\"target\":[\"https:\\\/\\\/anivet.lt\\\/elparduotuve\\\/produktas\\\/trainer-natural-medium-adult-su-jautiena-3kg\\\/\"]}]},{\"@type\":\"ImageObject\",\"inLanguage\":\"lt-LT\",\"@id\":\"https:\\\/\\\/anivet.lt\\\/elparduotuve\\\/produktas\\\/trainer-natural-medium-adult-su-jautiena-3kg\\\/#primaryimage\",\"url\":\"https:\\\/\\\/anivet.lt\\\/elparduotuve\\\/wp-content\\\/uploads\\\/2024\\\/01\\\/medium-beef-3kg.jpg\",\"contentUrl\":\"https:\\\/\\\/anivet.lt\\\/elparduotuve\\\/wp-content\\\/uploads\\\/2024\\\/01\\\/medium-beef-3kg.jpg\",\"width\":800,\"height\":800,\"caption\":\"Trainer Natural MEDIUM ADULT Su Jautiena 3kg\"},{\"@type\":\"BreadcrumbList\",\"@id\":\"https:\\\/\\\/anivet.lt\\\/elparduotuve\\\/produktas\\\/trainer-natural-medium-adult-su-jautiena-3kg\\\/#breadcrumb\",\"itemListElement\":[{\"@type\":\"ListItem\",\"position\":1,\"name\":\"Home\",\"item\":\"https:\\\/\\\/anivet.lt\\\/elparduotuve\\\/\"},{\"@type\":\"ListItem\",\"position\":2,\"name\":\"Produktai\",\"item\":\"https:\\\/\\\/anivet.lt\\\/elparduotuve\\\/produktai\\\/\"},{\"@type\":\"ListItem\",\"position\":3,\"name\":\"Trainer Natural MEDIUM ADULT Su Jautiena 3kg\"}]},{\"@type\":\"WebSite\",\"@id\":\"https:\\\/\\\/anivet.lt\\\/elparduotuve\\\/#website\",\"url\":\"https:\\\/\\\/anivet.lt\\\/elparduotuve\\\/\",\"name\":\"anivet.lt\",\"description\":\"Viskas J\u016bs\u0173 \u0161uns, kat\u0117s prie\u017ei\u016brai\",\"publisher\":{\"@id\":\"https:\\\/\\\/anivet.lt\\\/elparduotuve\\\/#organization\"},\"alternateName\":\"Viskas J\u016bs\u0173 \u0161uns, kat\u0117s prie\u017ei\u016brai\",\"potentialAction\":[{\"@type\":\"SearchAction\",\"target\":{\"@type\":\"EntryPoint\",\"urlTemplate\":\"https:\\\/\\\/anivet.lt\\\/elparduotuve\\\/?s={search_term_string}\"},\"query-input\":{\"@type\":\"PropertyValueSpecification\",\"valueRequired\":true,\"valueName\":\"search_term_string\"}}],\"inLanguage\":\"lt-LT\"},{\"@type\":\"Organization\",\"@id\":\"https:\\\/\\\/anivet.lt\\\/elparduotuve\\\/#organization\",\"name\":\"Viskas J\u016bs\u0173 \u0161uns, kat\u0117s prie\u017ei\u016brai\",\"url\":\"https:\\\/\\\/anivet.lt\\\/elparduotuve\\\/\",\"logo\":{\"@type\":\"ImageObject\",\"inLanguage\":\"lt-LT\",\"@id\":\"https:\\\/\\\/anivet.lt\\\/elparduotuve\\\/#\\\/schema\\\/logo\\\/image\\\/\",\"url\":\"https:\\\/\\\/anivet.lt\\\/elparduotuve\\\/wp-content\\\/uploads\\\/2023\\\/06\\\/logo2.jpg\",\"contentUrl\":\"https:\\\/\\\/anivet.lt\\\/elparduotuve\\\/wp-content\\\/uploads\\\/2023\\\/06\\\/logo2.jpg\",\"width\":655,\"height\":194,\"caption\":\"Viskas J\u016bs\u0173 \u0161uns, kat\u0117s prie\u017ei\u016brai\"},\"image\":{\"@id\":\"https:\\\/\\\/anivet.lt\\\/elparduotuve\\\/#\\\/schema\\\/logo\\\/image\\\/\"}}]}<\/script>\n<!-- \/ Yoast SEO Premium plugin. -->","yoast_head_json":{"title":"Trainer Natural MEDIUM ADULT Su Jautiena 3kg - anivet.lt","description":"Subalansuotas pa\u0161aras vidutinio dyd\u017eio suaugusiems \u0161unims, u\u017etikrinantis j\u0173 energijos poreikius ir sveik\u0105 gyvenimo b\u016bd\u0105. Pa\u0161aro sud\u0117tyje esantys nat\u016bral\u016bs ingredientai ir specifiniai priedai skatina ger\u0105 vir\u0161kinim\u0105, sveik\u0105 od\u0105 ir blizgant\u012f kail\u012f. Speciali formul\u0117 tinka net ir jautresniems \u0161unims.","robots":{"index":"index","follow":"follow","max-snippet":"max-snippet:-1","max-image-preview":"max-image-preview:large","max-video-preview":"max-video-preview:-1"},"canonical":"https:\/\/anivet.lt\/elparduotuve\/produktas\/trainer-natural-medium-adult-su-jautiena-3kg\/","og_locale":"lt_LT","og_type":"article","og_title":"Trainer Natural MEDIUM ADULT Su Jautiena 3kg","og_description":"Subalansuotas pa\u0161aras vidutinio dyd\u017eio suaugusiems \u0161unims, u\u017etikrinantis j\u0173 energijos poreikius ir sveik\u0105 gyvenimo b\u016bd\u0105. Pa\u0161aro sud\u0117tyje esantys nat\u016bral\u016bs ingredientai ir specifiniai priedai skatina ger\u0105 vir\u0161kinim\u0105, sveik\u0105 od\u0105 ir blizgant\u012f kail\u012f. Speciali formul\u0117 tinka net ir jautresniems \u0161unims.","og_url":"https:\/\/anivet.lt\/elparduotuve\/produktas\/trainer-natural-medium-adult-su-jautiena-3kg\/","og_site_name":"anivet.lt","article_modified_time":"2025-09-16T10:34:36+00:00","og_image":[{"width":800,"height":800,"url":"https:\/\/anivet.lt\/elparduotuve\/wp-content\/uploads\/2024\/01\/medium-beef-3kg.jpg","type":"image\/jpeg"}],"twitter_card":"summary_large_image","twitter_misc":{"Est. reading time":"1 minut\u0117"},"schema":{"@context":"https:\/\/schema.org","@graph":[{"@type":"WebPage","@id":"https:\/\/anivet.lt\/elparduotuve\/produktas\/trainer-natural-medium-adult-su-jautiena-3kg\/","url":"https:\/\/anivet.lt\/elparduotuve\/produktas\/trainer-natural-medium-adult-su-jautiena-3kg\/","name":"Trainer Natural MEDIUM ADULT Su Jautiena 3kg - anivet.lt","isPartOf":{"@id":"https:\/\/anivet.lt\/elparduotuve\/#website"},"primaryImageOfPage":{"@id":"https:\/\/anivet.lt\/elparduotuve\/produktas\/trainer-natural-medium-adult-su-jautiena-3kg\/#primaryimage"},"image":{"@id":"https:\/\/anivet.lt\/elparduotuve\/produktas\/trainer-natural-medium-adult-su-jautiena-3kg\/#primaryimage"},"thumbnailUrl":"https:\/\/anivet.lt\/elparduotuve\/wp-content\/uploads\/2024\/01\/medium-beef-3kg.jpg","datePublished":"2024-01-15T13:37:56+00:00","dateModified":"2025-09-16T10:34:36+00:00","description":"Subalansuotas pa\u0161aras vidutinio dyd\u017eio suaugusiems \u0161unims, u\u017etikrinantis j\u0173 energijos poreikius ir sveik\u0105 gyvenimo b\u016bd\u0105. Pa\u0161aro sud\u0117tyje esantys nat\u016bral\u016bs ingredientai ir specifiniai priedai skatina ger\u0105 vir\u0161kinim\u0105, sveik\u0105 od\u0105 ir blizgant\u012f kail\u012f. Speciali formul\u0117 tinka net ir jautresniems \u0161unims.","breadcrumb":{"@id":"https:\/\/anivet.lt\/elparduotuve\/produktas\/trainer-natural-medium-adult-su-jautiena-3kg\/#breadcrumb"},"inLanguage":"lt-LT","potentialAction":[{"@type":"ReadAction","target":["https:\/\/anivet.lt\/elparduotuve\/produktas\/trainer-natural-medium-adult-su-jautiena-3kg\/"]}]},{"@type":"ImageObject","inLanguage":"lt-LT","@id":"https:\/\/anivet.lt\/elparduotuve\/produktas\/trainer-natural-medium-adult-su-jautiena-3kg\/#primaryimage","url":"https:\/\/anivet.lt\/elparduotuve\/wp-content\/uploads\/2024\/01\/medium-beef-3kg.jpg","contentUrl":"https:\/\/anivet.lt\/elparduotuve\/wp-content\/uploads\/2024\/01\/medium-beef-3kg.jpg","width":800,"height":800,"caption":"Trainer Natural MEDIUM ADULT Su Jautiena 3kg"},{"@type":"BreadcrumbList","@id":"https:\/\/anivet.lt\/elparduotuve\/produktas\/trainer-natural-medium-adult-su-jautiena-3kg\/#breadcrumb","itemListElement":[{"@type":"ListItem","position":1,"name":"Home","item":"https:\/\/anivet.lt\/elparduotuve\/"},{"@type":"ListItem","position":2,"name":"Produktai","item":"https:\/\/anivet.lt\/elparduotuve\/produktai\/"},{"@type":"ListItem","position":3,"name":"Trainer Natural MEDIUM ADULT Su Jautiena 3kg"}]},{"@type":"WebSite","@id":"https:\/\/anivet.lt\/elparduotuve\/#website","url":"https:\/\/anivet.lt\/elparduotuve\/","name":"anivet.lt","description":"Viskas J\u016bs\u0173 \u0161uns, kat\u0117s prie\u017ei\u016brai","publisher":{"@id":"https:\/\/anivet.lt\/elparduotuve\/#organization"},"alternateName":"Viskas J\u016bs\u0173 \u0161uns, kat\u0117s prie\u017ei\u016brai","potentialAction":[{"@type":"SearchAction","target":{"@type":"EntryPoint","urlTemplate":"https:\/\/anivet.lt\/elparduotuve\/?s={search_term_string}"},"query-input":{"@type":"PropertyValueSpecification","valueRequired":true,"valueName":"search_term_string"}}],"inLanguage":"lt-LT"},{"@type":"Organization","@id":"https:\/\/anivet.lt\/elparduotuve\/#organization","name":"Viskas J\u016bs\u0173 \u0161uns, kat\u0117s prie\u017ei\u016brai","url":"https:\/\/anivet.lt\/elparduotuve\/","logo":{"@type":"ImageObject","inLanguage":"lt-LT","@id":"https:\/\/anivet.lt\/elparduotuve\/#\/schema\/logo\/image\/","url":"https:\/\/anivet.lt\/elparduotuve\/wp-content\/uploads\/2023\/06\/logo2.jpg","contentUrl":"https:\/\/anivet.lt\/elparduotuve\/wp-content\/uploads\/2023\/06\/logo2.jpg","width":655,"height":194,"caption":"Viskas J\u016bs\u0173 \u0161uns, kat\u0117s prie\u017ei\u016brai"},"image":{"@id":"https:\/\/anivet.lt\/elparduotuve\/#\/schema\/logo\/image\/"}}]}},"_links":{"self":[{"href":"https:\/\/anivet.lt\/elparduotuve\/wp-json\/wp\/v2\/product\/12723","targetHints":{"allow":["GET"]}}],"collection":[{"href":"https:\/\/anivet.lt\/elparduotuve\/wp-json\/wp\/v2\/product"}],"about":[{"href":"https:\/\/anivet.lt\/elparduotuve\/wp-json\/wp\/v2\/types\/product"}],"wp:featuredmedia":[{"embeddable":true,"href":"https:\/\/anivet.lt\/elparduotuve\/wp-json\/wp\/v2\/media\/12724"}],"wp:attachment":[{"href":"https:\/\/anivet.lt\/elparduotuve\/wp-json\/wp\/v2\/media?parent=12723"}],"wp:term":[{"taxonomy":"product_brand","embeddable":true,"href":"https:\/\/anivet.lt\/elparduotuve\/wp-json\/wp\/v2\/product_brand?post=12723"},{"taxonomy":"product_cat","embeddable":true,"href":"https:\/\/anivet.lt\/elparduotuve\/wp-json\/wp\/v2\/product_cat?post=12723"},{"taxonomy":"product_tag","embeddable":true,"href":"https:\/\/anivet.lt\/elparduotuve\/wp-json\/wp\/v2\/product_tag?post=12723"}],"curies":[{"name":"wp","href":"https:\/\/api.w.org\/{rel}","templated":true}]}}