{"id":12732,"date":"2024-01-15T17:48:45","date_gmt":"2024-01-15T17:48:45","guid":{"rendered":"https:\/\/anivet.lt\/elparduotuve\/?post_type=product&#038;p=12732"},"modified":"2026-05-06T08:46:53","modified_gmt":"2026-05-06T08:46:53","slug":"trainer-natural-mini-adult-sunims-su-jautiena","status":"publish","type":"product","link":"https:\/\/anivet.lt\/elparduotuve\/produktas\/trainer-natural-mini-adult-sunims-su-jautiena\/","title":{"rendered":"Trainer Natural MINI ADULT \u0161unims su jautiena"},"content":{"rendered":"<ul>\n<li style=\"font-weight: 400;\" aria-level=\"1\"><span style=\"font-weight: 400;\">Sveika dant\u0173 b\u016bkl\u0117: Speciali granuli\u0173 strukt\u016bra ir obuoli\u0173 ekstraktas padeda ma\u017einti dant\u0173 apna\u0161\u0173 kaupim\u0105si.<\/span><\/li>\n<li style=\"font-weight: 400;\" aria-level=\"1\"><span style=\"font-weight: 400;\">Gerai vir\u0161kinamas: Ramun\u0117l\u0117s ir probiotikai palaiko skland\u0173 vir\u0161kinim\u0105 bei gerina \u017earnyno mikroflor\u0105.<\/span><\/li>\n<li style=\"font-weight: 400;\" aria-level=\"1\"><span style=\"font-weight: 400;\">Odos ir kailio sveikata: Kukur\u016bz\u0173 aliejus, turtingas linoleno r\u016bg\u0161timi ir vitaminu E, prisideda prie sveiko kailio ir odos i\u0161laikymo.<\/span><\/li>\n<li style=\"font-weight: 400;\" aria-level=\"1\"><span style=\"font-weight: 400;\">S\u0105nari\u0173 stiprinimas: \u017daliosios midijos padeda palaikyti sveikus s\u0105narius, kurie ypa\u010d svarb\u016bs ma\u017e\u0173 veisli\u0173 \u0161unims.<\/span><\/li>\n<li style=\"font-weight: 400;\" aria-level=\"1\"><span style=\"font-weight: 400;\">Ilgaam\u017ei\u0161kumo palaikymas: Subalansuota sud\u0117tis, praturtinta antioksidantais, l\u0117tina sen\u0117jimo procesus ir u\u017etikrina energij\u0105 bei sveikat\u0105.<\/span><\/li>\n<\/ul>\n<p><span style=\"font-weight: 400;\">\u0160is pa\u0161aras yra skirtas patenkinti specifinius ma\u017e\u0173 veisli\u0173 \u0161un\u0173 poreikius, u\u017etikrinant j\u0173 sveik\u0105 vystym\u0105si ir bendr\u0105 gerov\u0119. Jo sud\u0117tyje yra tik nat\u016bral\u016bs ingredientai, kurie ne tik gerina vir\u0161kinim\u0105 ir s\u0105nari\u0173 sveikat\u0105, bet ir palaiko optimal\u0173 k\u016bno svor\u012f bei dant\u0173 b\u016bkl\u0119. <\/span><\/p>\n","protected":false},"excerpt":{"rendered":"<p><span style=\"font-weight: 400;\">Visavertis, subalansuotas pa\u0161aras, skirtas ma\u017e\u0173 ir itin ma\u017e\u0173 veisli\u0173 \u0161unims nuo 10 m\u0117nesi\u0173 iki 8 met\u0173. Pa\u0161aras praturtintas nat\u016braliais ingredientais, padedan\u010diais palaikyti augintinio sveikat\u0105 ir ger\u0105 savijaut\u0105.<\/span><\/p>\n","protected":false},"featured_media":12735,"template":"","meta":[],"product_brand":[],"product_cat":[101,103,104,328],"product_tag":[],"class_list":{"0":"post-12732","1":"product","2":"type-product","3":"status-publish","4":"has-post-thumbnail","6":"product_cat-sunims","7":"product_cat-sunu-maistas","8":"product_cat-sausas-maistas","9":"product_cat-trainer-sunu-maistas","10":"pa_prekinis-zenklas-trainer","12":"first","13":"instock","14":"sale","15":"taxable","16":"shipping-taxable","17":"purchasable","18":"product-type-variable"},"yoast_head":"<!-- This site is optimized with the Yoast SEO Premium plugin v27.1 (Yoast SEO v27.5) - https:\/\/yoast.com\/product\/yoast-seo-premium-wordpress\/ -->\n<title>Trainer Natural MINI ADULT \u0161unims su jautiena - anivet.lt<\/title>\n<meta name=\"description\" content=\"Visavertis, subalansuotas pa\u0161aras, skirtas ma\u017e\u0173 ir itin ma\u017e\u0173 veisli\u0173 \u0161unims nuo 10 m\u0117nesi\u0173 iki 8 met\u0173. Pa\u0161aras praturtintas nat\u016braliais ingredientais, padedan\u010diais palaikyti augintinio sveikat\u0105 ir ger\u0105 savijaut\u0105.\" \/>\n<meta name=\"robots\" content=\"index, follow, max-snippet:-1, max-image-preview:large, max-video-preview:-1\" \/>\n<link rel=\"canonical\" href=\"https:\/\/anivet.lt\/elparduotuve\/produktas\/trainer-natural-mini-adult-sunims-su-jautiena\/\" \/>\n<meta property=\"og:locale\" content=\"lt_LT\" \/>\n<meta property=\"og:type\" content=\"article\" \/>\n<meta property=\"og:title\" content=\"Trainer Natural MINI ADULT \u0161unims su jautiena\" \/>\n<meta property=\"og:description\" content=\"Visavertis, subalansuotas pa\u0161aras, skirtas ma\u017e\u0173 ir itin ma\u017e\u0173 veisli\u0173 \u0161unims nuo 10 m\u0117nesi\u0173 iki 8 met\u0173. Pa\u0161aras praturtintas nat\u016braliais ingredientais, padedan\u010diais palaikyti augintinio sveikat\u0105 ir ger\u0105 savijaut\u0105.\" \/>\n<meta property=\"og:url\" content=\"https:\/\/anivet.lt\/elparduotuve\/produktas\/trainer-natural-mini-adult-sunims-su-jautiena\/\" \/>\n<meta property=\"og:site_name\" content=\"anivet.lt\" \/>\n<meta property=\"article:modified_time\" content=\"2026-05-06T08:46:53+00:00\" \/>\n<meta property=\"og:image\" content=\"https:\/\/anivet.lt\/elparduotuve\/wp-content\/uploads\/2024\/01\/926012_8015699006594.jpg\" \/>\n\t<meta property=\"og:image:width\" content=\"800\" \/>\n\t<meta property=\"og:image:height\" content=\"800\" \/>\n\t<meta property=\"og:image:type\" content=\"image\/jpeg\" \/>\n<meta name=\"twitter:card\" content=\"summary_large_image\" \/>\n<meta name=\"twitter:label1\" content=\"Est. reading time\" \/>\n\t<meta name=\"twitter:data1\" content=\"1 minut\u0117\" \/>\n<script type=\"application\/ld+json\" class=\"yoast-schema-graph\">{\"@context\":\"https:\\\/\\\/schema.org\",\"@graph\":[{\"@type\":\"WebPage\",\"@id\":\"https:\\\/\\\/anivet.lt\\\/elparduotuve\\\/produktas\\\/trainer-natural-mini-adult-sunims-su-jautiena\\\/\",\"url\":\"https:\\\/\\\/anivet.lt\\\/elparduotuve\\\/produktas\\\/trainer-natural-mini-adult-sunims-su-jautiena\\\/\",\"name\":\"Trainer Natural MINI ADULT \u0161unims su jautiena - anivet.lt\",\"isPartOf\":{\"@id\":\"https:\\\/\\\/anivet.lt\\\/elparduotuve\\\/#website\"},\"primaryImageOfPage\":{\"@id\":\"https:\\\/\\\/anivet.lt\\\/elparduotuve\\\/produktas\\\/trainer-natural-mini-adult-sunims-su-jautiena\\\/#primaryimage\"},\"image\":{\"@id\":\"https:\\\/\\\/anivet.lt\\\/elparduotuve\\\/produktas\\\/trainer-natural-mini-adult-sunims-su-jautiena\\\/#primaryimage\"},\"thumbnailUrl\":\"https:\\\/\\\/anivet.lt\\\/elparduotuve\\\/wp-content\\\/uploads\\\/2024\\\/01\\\/926012_8015699006594.jpg\",\"datePublished\":\"2024-01-15T17:48:45+00:00\",\"dateModified\":\"2026-05-06T08:46:53+00:00\",\"description\":\"Visavertis, subalansuotas pa\u0161aras, skirtas ma\u017e\u0173 ir itin ma\u017e\u0173 veisli\u0173 \u0161unims nuo 10 m\u0117nesi\u0173 iki 8 met\u0173. Pa\u0161aras praturtintas nat\u016braliais ingredientais, padedan\u010diais palaikyti augintinio sveikat\u0105 ir ger\u0105 savijaut\u0105.\",\"breadcrumb\":{\"@id\":\"https:\\\/\\\/anivet.lt\\\/elparduotuve\\\/produktas\\\/trainer-natural-mini-adult-sunims-su-jautiena\\\/#breadcrumb\"},\"inLanguage\":\"lt-LT\",\"potentialAction\":[{\"@type\":\"ReadAction\",\"target\":[\"https:\\\/\\\/anivet.lt\\\/elparduotuve\\\/produktas\\\/trainer-natural-mini-adult-sunims-su-jautiena\\\/\"]}]},{\"@type\":\"ImageObject\",\"inLanguage\":\"lt-LT\",\"@id\":\"https:\\\/\\\/anivet.lt\\\/elparduotuve\\\/produktas\\\/trainer-natural-mini-adult-sunims-su-jautiena\\\/#primaryimage\",\"url\":\"https:\\\/\\\/anivet.lt\\\/elparduotuve\\\/wp-content\\\/uploads\\\/2024\\\/01\\\/926012_8015699006594.jpg\",\"contentUrl\":\"https:\\\/\\\/anivet.lt\\\/elparduotuve\\\/wp-content\\\/uploads\\\/2024\\\/01\\\/926012_8015699006594.jpg\",\"width\":800,\"height\":800,\"caption\":\"Trainer Natural MINI ADULT \u0161unims su jautiena\"},{\"@type\":\"BreadcrumbList\",\"@id\":\"https:\\\/\\\/anivet.lt\\\/elparduotuve\\\/produktas\\\/trainer-natural-mini-adult-sunims-su-jautiena\\\/#breadcrumb\",\"itemListElement\":[{\"@type\":\"ListItem\",\"position\":1,\"name\":\"Home\",\"item\":\"https:\\\/\\\/anivet.lt\\\/elparduotuve\\\/\"},{\"@type\":\"ListItem\",\"position\":2,\"name\":\"Produktai\",\"item\":\"https:\\\/\\\/anivet.lt\\\/elparduotuve\\\/produktai\\\/\"},{\"@type\":\"ListItem\",\"position\":3,\"name\":\"Trainer Natural MINI ADULT \u0161unims su jautiena\"}]},{\"@type\":\"WebSite\",\"@id\":\"https:\\\/\\\/anivet.lt\\\/elparduotuve\\\/#website\",\"url\":\"https:\\\/\\\/anivet.lt\\\/elparduotuve\\\/\",\"name\":\"anivet.lt\",\"description\":\"Viskas J\u016bs\u0173 \u0161uns, kat\u0117s prie\u017ei\u016brai\",\"publisher\":{\"@id\":\"https:\\\/\\\/anivet.lt\\\/elparduotuve\\\/#organization\"},\"alternateName\":\"Viskas J\u016bs\u0173 \u0161uns, kat\u0117s prie\u017ei\u016brai\",\"potentialAction\":[{\"@type\":\"SearchAction\",\"target\":{\"@type\":\"EntryPoint\",\"urlTemplate\":\"https:\\\/\\\/anivet.lt\\\/elparduotuve\\\/?s={search_term_string}\"},\"query-input\":{\"@type\":\"PropertyValueSpecification\",\"valueRequired\":true,\"valueName\":\"search_term_string\"}}],\"inLanguage\":\"lt-LT\"},{\"@type\":\"Organization\",\"@id\":\"https:\\\/\\\/anivet.lt\\\/elparduotuve\\\/#organization\",\"name\":\"Viskas J\u016bs\u0173 \u0161uns, kat\u0117s prie\u017ei\u016brai\",\"url\":\"https:\\\/\\\/anivet.lt\\\/elparduotuve\\\/\",\"logo\":{\"@type\":\"ImageObject\",\"inLanguage\":\"lt-LT\",\"@id\":\"https:\\\/\\\/anivet.lt\\\/elparduotuve\\\/#\\\/schema\\\/logo\\\/image\\\/\",\"url\":\"https:\\\/\\\/anivet.lt\\\/elparduotuve\\\/wp-content\\\/uploads\\\/2023\\\/06\\\/logo2.jpg\",\"contentUrl\":\"https:\\\/\\\/anivet.lt\\\/elparduotuve\\\/wp-content\\\/uploads\\\/2023\\\/06\\\/logo2.jpg\",\"width\":655,\"height\":194,\"caption\":\"Viskas J\u016bs\u0173 \u0161uns, kat\u0117s prie\u017ei\u016brai\"},\"image\":{\"@id\":\"https:\\\/\\\/anivet.lt\\\/elparduotuve\\\/#\\\/schema\\\/logo\\\/image\\\/\"}}]}<\/script>\n<!-- \/ Yoast SEO Premium plugin. -->","yoast_head_json":{"title":"Trainer Natural MINI ADULT \u0161unims su jautiena - anivet.lt","description":"Visavertis, subalansuotas pa\u0161aras, skirtas ma\u017e\u0173 ir itin ma\u017e\u0173 veisli\u0173 \u0161unims nuo 10 m\u0117nesi\u0173 iki 8 met\u0173. Pa\u0161aras praturtintas nat\u016braliais ingredientais, padedan\u010diais palaikyti augintinio sveikat\u0105 ir ger\u0105 savijaut\u0105.","robots":{"index":"index","follow":"follow","max-snippet":"max-snippet:-1","max-image-preview":"max-image-preview:large","max-video-preview":"max-video-preview:-1"},"canonical":"https:\/\/anivet.lt\/elparduotuve\/produktas\/trainer-natural-mini-adult-sunims-su-jautiena\/","og_locale":"lt_LT","og_type":"article","og_title":"Trainer Natural MINI ADULT \u0161unims su jautiena","og_description":"Visavertis, subalansuotas pa\u0161aras, skirtas ma\u017e\u0173 ir itin ma\u017e\u0173 veisli\u0173 \u0161unims nuo 10 m\u0117nesi\u0173 iki 8 met\u0173. Pa\u0161aras praturtintas nat\u016braliais ingredientais, padedan\u010diais palaikyti augintinio sveikat\u0105 ir ger\u0105 savijaut\u0105.","og_url":"https:\/\/anivet.lt\/elparduotuve\/produktas\/trainer-natural-mini-adult-sunims-su-jautiena\/","og_site_name":"anivet.lt","article_modified_time":"2026-05-06T08:46:53+00:00","og_image":[{"width":800,"height":800,"url":"https:\/\/anivet.lt\/elparduotuve\/wp-content\/uploads\/2024\/01\/926012_8015699006594.jpg","type":"image\/jpeg"}],"twitter_card":"summary_large_image","twitter_misc":{"Est. reading time":"1 minut\u0117"},"schema":{"@context":"https:\/\/schema.org","@graph":[{"@type":"WebPage","@id":"https:\/\/anivet.lt\/elparduotuve\/produktas\/trainer-natural-mini-adult-sunims-su-jautiena\/","url":"https:\/\/anivet.lt\/elparduotuve\/produktas\/trainer-natural-mini-adult-sunims-su-jautiena\/","name":"Trainer Natural MINI ADULT \u0161unims su jautiena - anivet.lt","isPartOf":{"@id":"https:\/\/anivet.lt\/elparduotuve\/#website"},"primaryImageOfPage":{"@id":"https:\/\/anivet.lt\/elparduotuve\/produktas\/trainer-natural-mini-adult-sunims-su-jautiena\/#primaryimage"},"image":{"@id":"https:\/\/anivet.lt\/elparduotuve\/produktas\/trainer-natural-mini-adult-sunims-su-jautiena\/#primaryimage"},"thumbnailUrl":"https:\/\/anivet.lt\/elparduotuve\/wp-content\/uploads\/2024\/01\/926012_8015699006594.jpg","datePublished":"2024-01-15T17:48:45+00:00","dateModified":"2026-05-06T08:46:53+00:00","description":"Visavertis, subalansuotas pa\u0161aras, skirtas ma\u017e\u0173 ir itin ma\u017e\u0173 veisli\u0173 \u0161unims nuo 10 m\u0117nesi\u0173 iki 8 met\u0173. Pa\u0161aras praturtintas nat\u016braliais ingredientais, padedan\u010diais palaikyti augintinio sveikat\u0105 ir ger\u0105 savijaut\u0105.","breadcrumb":{"@id":"https:\/\/anivet.lt\/elparduotuve\/produktas\/trainer-natural-mini-adult-sunims-su-jautiena\/#breadcrumb"},"inLanguage":"lt-LT","potentialAction":[{"@type":"ReadAction","target":["https:\/\/anivet.lt\/elparduotuve\/produktas\/trainer-natural-mini-adult-sunims-su-jautiena\/"]}]},{"@type":"ImageObject","inLanguage":"lt-LT","@id":"https:\/\/anivet.lt\/elparduotuve\/produktas\/trainer-natural-mini-adult-sunims-su-jautiena\/#primaryimage","url":"https:\/\/anivet.lt\/elparduotuve\/wp-content\/uploads\/2024\/01\/926012_8015699006594.jpg","contentUrl":"https:\/\/anivet.lt\/elparduotuve\/wp-content\/uploads\/2024\/01\/926012_8015699006594.jpg","width":800,"height":800,"caption":"Trainer Natural MINI ADULT \u0161unims su jautiena"},{"@type":"BreadcrumbList","@id":"https:\/\/anivet.lt\/elparduotuve\/produktas\/trainer-natural-mini-adult-sunims-su-jautiena\/#breadcrumb","itemListElement":[{"@type":"ListItem","position":1,"name":"Home","item":"https:\/\/anivet.lt\/elparduotuve\/"},{"@type":"ListItem","position":2,"name":"Produktai","item":"https:\/\/anivet.lt\/elparduotuve\/produktai\/"},{"@type":"ListItem","position":3,"name":"Trainer Natural MINI ADULT \u0161unims su jautiena"}]},{"@type":"WebSite","@id":"https:\/\/anivet.lt\/elparduotuve\/#website","url":"https:\/\/anivet.lt\/elparduotuve\/","name":"anivet.lt","description":"Viskas J\u016bs\u0173 \u0161uns, kat\u0117s prie\u017ei\u016brai","publisher":{"@id":"https:\/\/anivet.lt\/elparduotuve\/#organization"},"alternateName":"Viskas J\u016bs\u0173 \u0161uns, kat\u0117s prie\u017ei\u016brai","potentialAction":[{"@type":"SearchAction","target":{"@type":"EntryPoint","urlTemplate":"https:\/\/anivet.lt\/elparduotuve\/?s={search_term_string}"},"query-input":{"@type":"PropertyValueSpecification","valueRequired":true,"valueName":"search_term_string"}}],"inLanguage":"lt-LT"},{"@type":"Organization","@id":"https:\/\/anivet.lt\/elparduotuve\/#organization","name":"Viskas J\u016bs\u0173 \u0161uns, kat\u0117s prie\u017ei\u016brai","url":"https:\/\/anivet.lt\/elparduotuve\/","logo":{"@type":"ImageObject","inLanguage":"lt-LT","@id":"https:\/\/anivet.lt\/elparduotuve\/#\/schema\/logo\/image\/","url":"https:\/\/anivet.lt\/elparduotuve\/wp-content\/uploads\/2023\/06\/logo2.jpg","contentUrl":"https:\/\/anivet.lt\/elparduotuve\/wp-content\/uploads\/2023\/06\/logo2.jpg","width":655,"height":194,"caption":"Viskas J\u016bs\u0173 \u0161uns, kat\u0117s prie\u017ei\u016brai"},"image":{"@id":"https:\/\/anivet.lt\/elparduotuve\/#\/schema\/logo\/image\/"}}]}},"_links":{"self":[{"href":"https:\/\/anivet.lt\/elparduotuve\/wp-json\/wp\/v2\/product\/12732","targetHints":{"allow":["GET"]}}],"collection":[{"href":"https:\/\/anivet.lt\/elparduotuve\/wp-json\/wp\/v2\/product"}],"about":[{"href":"https:\/\/anivet.lt\/elparduotuve\/wp-json\/wp\/v2\/types\/product"}],"wp:featuredmedia":[{"embeddable":true,"href":"https:\/\/anivet.lt\/elparduotuve\/wp-json\/wp\/v2\/media\/12735"}],"wp:attachment":[{"href":"https:\/\/anivet.lt\/elparduotuve\/wp-json\/wp\/v2\/media?parent=12732"}],"wp:term":[{"taxonomy":"product_brand","embeddable":true,"href":"https:\/\/anivet.lt\/elparduotuve\/wp-json\/wp\/v2\/product_brand?post=12732"},{"taxonomy":"product_cat","embeddable":true,"href":"https:\/\/anivet.lt\/elparduotuve\/wp-json\/wp\/v2\/product_cat?post=12732"},{"taxonomy":"product_tag","embeddable":true,"href":"https:\/\/anivet.lt\/elparduotuve\/wp-json\/wp\/v2\/product_tag?post=12732"}],"curies":[{"name":"wp","href":"https:\/\/api.w.org\/{rel}","templated":true}]}}