{"id":12733,"date":"2024-01-15T17:54:23","date_gmt":"2024-01-15T17:54:23","guid":{"rendered":"https:\/\/anivet.lt\/elparduotuve\/?post_type=product&#038;p=12733"},"modified":"2026-02-23T22:44:00","modified_gmt":"2026-02-23T22:44:00","slug":"virbac-urology-struvite-dissolution-cat-sausas-kaciu-maistas-struvitu-akmenu-tirpdymui","status":"publish","type":"product","link":"https:\/\/anivet.lt\/elparduotuve\/produktas\/virbac-urology-struvite-dissolution-cat-sausas-kaciu-maistas-struvitu-akmenu-tirpdymui\/","title":{"rendered":"Virbac Urology Struvite Dissolution Cat sausas ka\u010di\u0173 maistas struvit\u0173 akmen\u0173 tirpdymui"},"content":{"rendered":"<ul>\n<li><span style=\"font-weight: 400;\">Struvit\u0173 akmen\u0173 tirpdymas: Ma\u017eina j\u0173 susidarymo rizik\u0105, skatindamas \u0161lapimo r\u016bg\u0161t\u0117jim\u0105 (pH 6.0\u20136.5).<\/span><\/li>\n<li style=\"font-weight: 400;\" aria-level=\"1\"><span style=\"font-weight: 400;\">Padidintas baltym\u0173 ir natrio kiekis: Didina vandens suvartojim\u0105, \u0161lapimo kiek\u012f ir skatina da\u017enesn\u012f \u0161lapinim\u0105si.<\/span><\/li>\n<li style=\"font-weight: 400;\" aria-level=\"1\"><span style=\"font-weight: 400;\">Ma\u017eesnis kalcio, fosforo ir magnio kiekis: Apsaugo nuo struvit\u0173 ir oksalat\u0173 kristal\u0173 formavimosi.<\/span><\/li>\n<li style=\"font-weight: 400;\" aria-level=\"1\"><span style=\"font-weight: 400;\">Omega-3 riebal\u0173 r\u016bg\u0161tys (EPA+DHA): Ma\u017eina \u0161lapimo tak\u0173 infekcij\u0173 rizik\u0105.<\/span><\/li>\n<li style=\"font-weight: 400;\" aria-level=\"1\"><span style=\"font-weight: 400;\">Kalio citratas ir chitosanas: ma\u017eina kalcio oksalat\u0173 formavimosi tikimyb\u0119 ir fosforo \u012fsisavinim\u0105.<\/span><\/li>\n<li style=\"font-weight: 400;\" aria-level=\"1\"><span style=\"font-weight: 400;\">Arti\u0161oko lapai: Efektyviai ma\u017eina \u0161lapimo koncentracij\u0105.<\/span><\/li>\n<li style=\"font-weight: 400;\" aria-level=\"1\"><span style=\"font-weight: 400;\">Gausus gyvulin\u0117s kilm\u0117s baltym\u0173 kiekis: U\u017etikrina puik\u0173 skon\u012f ir maistini\u0173 med\u017eiag\u0173 \u012fsisavinim\u0105.<\/span><\/li>\n<\/ul>\n<p><span style=\"font-weight: 400;\">\u201eVirbac Urology Struvite Dissolution\u201c efektyviai ir greitai sprend\u017eia struvitini\u0173 akmen\u0173 problem\u0105 bei u\u017ekerta keli\u0105 j\u0173 atsinaujinimui. Jo subalansuota sud\u0117tis ne tik padeda tirpdyti akm<\/span><span style=\"font-weight: 400;\">enis, bet ir apsaugo nuo oksalat\u0173 formavimosi, palaiko sveikus \u0161lapimo takus bei u\u017etikrina ger\u0105 mityb\u0105.<\/span><\/p>\n<h3><b>Nerekomenduojama:<\/b><\/h3>\n<ul>\n<li style=\"font-weight: 400;\" aria-level=\"1\"><span style=\"font-weight: 400;\">Augimo laikotarpis;<\/span><\/li>\n<li style=\"font-weight: 400;\" aria-level=\"1\"><span style=\"font-weight: 400;\">N\u0117\u0161tumas ir laktacija;<\/span><\/li>\n<li style=\"font-weight: 400;\" aria-level=\"1\"><span style=\"font-weight: 400;\">L\u0117tin\u0117s inkst\u0173 ligos;<\/span><\/li>\n<li style=\"font-weight: 400;\" aria-level=\"1\"><span style=\"font-weight: 400;\">\u0160irdies nepakankamumas.<\/span><\/li>\n<\/ul>\n","protected":false},"excerpt":{"rendered":"<p><span style=\"font-weight: 400;\">Specialiai sukurtas gydomasis pa\u0161aras, skirtas struvitini\u0173 akmen\u0173 tirpdymui (per 5\u201312 savai\u010di\u0173) ir profilaktikai esant kalcio oksalat\u0173 formavimosi rizikai. Sud\u0117tis pritaikyta gerinti \u0161lapimo tak\u0173 sveikat\u0105 ir u\u017etikrinti ger\u0105 \u0117damum\u0105.<\/span><\/p>\n","protected":false},"featured_media":12734,"template":"","meta":[],"product_brand":[],"product_cat":[114,102,118,348],"product_tag":[],"class_list":{"0":"post-12733","1":"product","2":"type-product","3":"status-publish","4":"has-post-thumbnail","6":"product_cat-kaciu-maistas","7":"product_cat-katems","8":"product_cat-veterinarinis-maistas-katems","9":"product_cat-virbac-kaciu-maistas","10":"pa_prekinis-zenklas-virbac","12":"first","13":"instock","14":"taxable","15":"shipping-taxable","16":"purchasable","17":"product-type-variable"},"yoast_head":"<!-- This site is optimized with the Yoast SEO Premium plugin v27.1 (Yoast SEO v27.5) - https:\/\/yoast.com\/product\/yoast-seo-premium-wordpress\/ -->\n<title>Virbac Urology Struvite Dissolution Cat sausas ka\u010di\u0173 maistas struvit\u0173 akmen\u0173 tirpdymui - anivet.lt<\/title>\n<meta name=\"description\" content=\"Specialiai sukurtas gydomasis pa\u0161aras, skirtas struvitini\u0173 akmen\u0173 tirpdymui (per 5\u201312 savai\u010di\u0173) ir profilaktikai esant kalcio oksalat\u0173 formavimosi rizikai. Sud\u0117tis pritaikyta gerinti \u0161lapimo tak\u0173 sveikat\u0105 ir u\u017etikrinti ger\u0105 \u0117damum\u0105.\" \/>\n<meta name=\"robots\" content=\"index, follow, max-snippet:-1, max-image-preview:large, max-video-preview:-1\" \/>\n<link rel=\"canonical\" href=\"https:\/\/anivet.lt\/elparduotuve\/produktas\/virbac-urology-struvite-dissolution-cat-sausas-kaciu-maistas-struvitu-akmenu-tirpdymui\/\" \/>\n<meta property=\"og:locale\" content=\"lt_LT\" \/>\n<meta property=\"og:type\" content=\"article\" \/>\n<meta property=\"og:title\" content=\"Virbac Urology Struvite Dissolution Cat sausas ka\u010di\u0173 maistas struvit\u0173 akmen\u0173 tirpdymui\" \/>\n<meta property=\"og:description\" content=\"Specialiai sukurtas gydomasis pa\u0161aras, skirtas struvitini\u0173 akmen\u0173 tirpdymui (per 5\u201312 savai\u010di\u0173) ir profilaktikai esant kalcio oksalat\u0173 formavimosi rizikai. Sud\u0117tis pritaikyta gerinti \u0161lapimo tak\u0173 sveikat\u0105 ir u\u017etikrinti ger\u0105 \u0117damum\u0105.\" \/>\n<meta property=\"og:url\" content=\"https:\/\/anivet.lt\/elparduotuve\/produktas\/virbac-urology-struvite-dissolution-cat-sausas-kaciu-maistas-struvitu-akmenu-tirpdymui\/\" \/>\n<meta property=\"og:site_name\" content=\"anivet.lt\" \/>\n<meta property=\"article:modified_time\" content=\"2026-02-23T22:44:00+00:00\" \/>\n<meta property=\"og:image\" content=\"https:\/\/anivet.lt\/elparduotuve\/wp-content\/uploads\/2024\/01\/virbac-cat-urology-struvite-dissolution.jpg\" \/>\n\t<meta property=\"og:image:width\" content=\"555\" \/>\n\t<meta property=\"og:image:height\" content=\"617\" \/>\n\t<meta property=\"og:image:type\" content=\"image\/jpeg\" \/>\n<meta name=\"twitter:card\" content=\"summary_large_image\" \/>\n<meta name=\"twitter:label1\" content=\"Est. reading time\" \/>\n\t<meta name=\"twitter:data1\" content=\"1 minut\u0117\" \/>\n<script type=\"application\/ld+json\" class=\"yoast-schema-graph\">{\"@context\":\"https:\\\/\\\/schema.org\",\"@graph\":[{\"@type\":\"WebPage\",\"@id\":\"https:\\\/\\\/anivet.lt\\\/elparduotuve\\\/produktas\\\/virbac-urology-struvite-dissolution-cat-sausas-kaciu-maistas-struvitu-akmenu-tirpdymui\\\/\",\"url\":\"https:\\\/\\\/anivet.lt\\\/elparduotuve\\\/produktas\\\/virbac-urology-struvite-dissolution-cat-sausas-kaciu-maistas-struvitu-akmenu-tirpdymui\\\/\",\"name\":\"Virbac Urology Struvite Dissolution Cat sausas ka\u010di\u0173 maistas struvit\u0173 akmen\u0173 tirpdymui - anivet.lt\",\"isPartOf\":{\"@id\":\"https:\\\/\\\/anivet.lt\\\/elparduotuve\\\/#website\"},\"primaryImageOfPage\":{\"@id\":\"https:\\\/\\\/anivet.lt\\\/elparduotuve\\\/produktas\\\/virbac-urology-struvite-dissolution-cat-sausas-kaciu-maistas-struvitu-akmenu-tirpdymui\\\/#primaryimage\"},\"image\":{\"@id\":\"https:\\\/\\\/anivet.lt\\\/elparduotuve\\\/produktas\\\/virbac-urology-struvite-dissolution-cat-sausas-kaciu-maistas-struvitu-akmenu-tirpdymui\\\/#primaryimage\"},\"thumbnailUrl\":\"https:\\\/\\\/anivet.lt\\\/elparduotuve\\\/wp-content\\\/uploads\\\/2024\\\/01\\\/virbac-cat-urology-struvite-dissolution.jpg\",\"datePublished\":\"2024-01-15T17:54:23+00:00\",\"dateModified\":\"2026-02-23T22:44:00+00:00\",\"description\":\"Specialiai sukurtas gydomasis pa\u0161aras, skirtas struvitini\u0173 akmen\u0173 tirpdymui (per 5\u201312 savai\u010di\u0173) ir profilaktikai esant kalcio oksalat\u0173 formavimosi rizikai. Sud\u0117tis pritaikyta gerinti \u0161lapimo tak\u0173 sveikat\u0105 ir u\u017etikrinti ger\u0105 \u0117damum\u0105.\",\"breadcrumb\":{\"@id\":\"https:\\\/\\\/anivet.lt\\\/elparduotuve\\\/produktas\\\/virbac-urology-struvite-dissolution-cat-sausas-kaciu-maistas-struvitu-akmenu-tirpdymui\\\/#breadcrumb\"},\"inLanguage\":\"lt-LT\",\"potentialAction\":[{\"@type\":\"ReadAction\",\"target\":[\"https:\\\/\\\/anivet.lt\\\/elparduotuve\\\/produktas\\\/virbac-urology-struvite-dissolution-cat-sausas-kaciu-maistas-struvitu-akmenu-tirpdymui\\\/\"]}]},{\"@type\":\"ImageObject\",\"inLanguage\":\"lt-LT\",\"@id\":\"https:\\\/\\\/anivet.lt\\\/elparduotuve\\\/produktas\\\/virbac-urology-struvite-dissolution-cat-sausas-kaciu-maistas-struvitu-akmenu-tirpdymui\\\/#primaryimage\",\"url\":\"https:\\\/\\\/anivet.lt\\\/elparduotuve\\\/wp-content\\\/uploads\\\/2024\\\/01\\\/virbac-cat-urology-struvite-dissolution.jpg\",\"contentUrl\":\"https:\\\/\\\/anivet.lt\\\/elparduotuve\\\/wp-content\\\/uploads\\\/2024\\\/01\\\/virbac-cat-urology-struvite-dissolution.jpg\",\"width\":555,\"height\":617,\"caption\":\"Virbac Urology Struvite Dissolution Cat sausas ka\u010di\u0173 maistas struvit\u0173 akmen\u0173 tirpdymui\"},{\"@type\":\"BreadcrumbList\",\"@id\":\"https:\\\/\\\/anivet.lt\\\/elparduotuve\\\/produktas\\\/virbac-urology-struvite-dissolution-cat-sausas-kaciu-maistas-struvitu-akmenu-tirpdymui\\\/#breadcrumb\",\"itemListElement\":[{\"@type\":\"ListItem\",\"position\":1,\"name\":\"Home\",\"item\":\"https:\\\/\\\/anivet.lt\\\/elparduotuve\\\/\"},{\"@type\":\"ListItem\",\"position\":2,\"name\":\"Produktai\",\"item\":\"https:\\\/\\\/anivet.lt\\\/elparduotuve\\\/produktai\\\/\"},{\"@type\":\"ListItem\",\"position\":3,\"name\":\"Virbac Urology Struvite Dissolution Cat sausas ka\u010di\u0173 maistas struvit\u0173 akmen\u0173 tirpdymui\"}]},{\"@type\":\"WebSite\",\"@id\":\"https:\\\/\\\/anivet.lt\\\/elparduotuve\\\/#website\",\"url\":\"https:\\\/\\\/anivet.lt\\\/elparduotuve\\\/\",\"name\":\"anivet.lt\",\"description\":\"Viskas J\u016bs\u0173 \u0161uns, kat\u0117s prie\u017ei\u016brai\",\"publisher\":{\"@id\":\"https:\\\/\\\/anivet.lt\\\/elparduotuve\\\/#organization\"},\"alternateName\":\"Viskas J\u016bs\u0173 \u0161uns, kat\u0117s prie\u017ei\u016brai\",\"potentialAction\":[{\"@type\":\"SearchAction\",\"target\":{\"@type\":\"EntryPoint\",\"urlTemplate\":\"https:\\\/\\\/anivet.lt\\\/elparduotuve\\\/?s={search_term_string}\"},\"query-input\":{\"@type\":\"PropertyValueSpecification\",\"valueRequired\":true,\"valueName\":\"search_term_string\"}}],\"inLanguage\":\"lt-LT\"},{\"@type\":\"Organization\",\"@id\":\"https:\\\/\\\/anivet.lt\\\/elparduotuve\\\/#organization\",\"name\":\"Viskas J\u016bs\u0173 \u0161uns, kat\u0117s prie\u017ei\u016brai\",\"url\":\"https:\\\/\\\/anivet.lt\\\/elparduotuve\\\/\",\"logo\":{\"@type\":\"ImageObject\",\"inLanguage\":\"lt-LT\",\"@id\":\"https:\\\/\\\/anivet.lt\\\/elparduotuve\\\/#\\\/schema\\\/logo\\\/image\\\/\",\"url\":\"https:\\\/\\\/anivet.lt\\\/elparduotuve\\\/wp-content\\\/uploads\\\/2023\\\/06\\\/logo2.jpg\",\"contentUrl\":\"https:\\\/\\\/anivet.lt\\\/elparduotuve\\\/wp-content\\\/uploads\\\/2023\\\/06\\\/logo2.jpg\",\"width\":655,\"height\":194,\"caption\":\"Viskas J\u016bs\u0173 \u0161uns, kat\u0117s prie\u017ei\u016brai\"},\"image\":{\"@id\":\"https:\\\/\\\/anivet.lt\\\/elparduotuve\\\/#\\\/schema\\\/logo\\\/image\\\/\"}}]}<\/script>\n<!-- \/ Yoast SEO Premium plugin. -->","yoast_head_json":{"title":"Virbac Urology Struvite Dissolution Cat sausas ka\u010di\u0173 maistas struvit\u0173 akmen\u0173 tirpdymui - anivet.lt","description":"Specialiai sukurtas gydomasis pa\u0161aras, skirtas struvitini\u0173 akmen\u0173 tirpdymui (per 5\u201312 savai\u010di\u0173) ir profilaktikai esant kalcio oksalat\u0173 formavimosi rizikai. Sud\u0117tis pritaikyta gerinti \u0161lapimo tak\u0173 sveikat\u0105 ir u\u017etikrinti ger\u0105 \u0117damum\u0105.","robots":{"index":"index","follow":"follow","max-snippet":"max-snippet:-1","max-image-preview":"max-image-preview:large","max-video-preview":"max-video-preview:-1"},"canonical":"https:\/\/anivet.lt\/elparduotuve\/produktas\/virbac-urology-struvite-dissolution-cat-sausas-kaciu-maistas-struvitu-akmenu-tirpdymui\/","og_locale":"lt_LT","og_type":"article","og_title":"Virbac Urology Struvite Dissolution Cat sausas ka\u010di\u0173 maistas struvit\u0173 akmen\u0173 tirpdymui","og_description":"Specialiai sukurtas gydomasis pa\u0161aras, skirtas struvitini\u0173 akmen\u0173 tirpdymui (per 5\u201312 savai\u010di\u0173) ir profilaktikai esant kalcio oksalat\u0173 formavimosi rizikai. Sud\u0117tis pritaikyta gerinti \u0161lapimo tak\u0173 sveikat\u0105 ir u\u017etikrinti ger\u0105 \u0117damum\u0105.","og_url":"https:\/\/anivet.lt\/elparduotuve\/produktas\/virbac-urology-struvite-dissolution-cat-sausas-kaciu-maistas-struvitu-akmenu-tirpdymui\/","og_site_name":"anivet.lt","article_modified_time":"2026-02-23T22:44:00+00:00","og_image":[{"width":555,"height":617,"url":"https:\/\/anivet.lt\/elparduotuve\/wp-content\/uploads\/2024\/01\/virbac-cat-urology-struvite-dissolution.jpg","type":"image\/jpeg"}],"twitter_card":"summary_large_image","twitter_misc":{"Est. reading time":"1 minut\u0117"},"schema":{"@context":"https:\/\/schema.org","@graph":[{"@type":"WebPage","@id":"https:\/\/anivet.lt\/elparduotuve\/produktas\/virbac-urology-struvite-dissolution-cat-sausas-kaciu-maistas-struvitu-akmenu-tirpdymui\/","url":"https:\/\/anivet.lt\/elparduotuve\/produktas\/virbac-urology-struvite-dissolution-cat-sausas-kaciu-maistas-struvitu-akmenu-tirpdymui\/","name":"Virbac Urology Struvite Dissolution Cat sausas ka\u010di\u0173 maistas struvit\u0173 akmen\u0173 tirpdymui - anivet.lt","isPartOf":{"@id":"https:\/\/anivet.lt\/elparduotuve\/#website"},"primaryImageOfPage":{"@id":"https:\/\/anivet.lt\/elparduotuve\/produktas\/virbac-urology-struvite-dissolution-cat-sausas-kaciu-maistas-struvitu-akmenu-tirpdymui\/#primaryimage"},"image":{"@id":"https:\/\/anivet.lt\/elparduotuve\/produktas\/virbac-urology-struvite-dissolution-cat-sausas-kaciu-maistas-struvitu-akmenu-tirpdymui\/#primaryimage"},"thumbnailUrl":"https:\/\/anivet.lt\/elparduotuve\/wp-content\/uploads\/2024\/01\/virbac-cat-urology-struvite-dissolution.jpg","datePublished":"2024-01-15T17:54:23+00:00","dateModified":"2026-02-23T22:44:00+00:00","description":"Specialiai sukurtas gydomasis pa\u0161aras, skirtas struvitini\u0173 akmen\u0173 tirpdymui (per 5\u201312 savai\u010di\u0173) ir profilaktikai esant kalcio oksalat\u0173 formavimosi rizikai. Sud\u0117tis pritaikyta gerinti \u0161lapimo tak\u0173 sveikat\u0105 ir u\u017etikrinti ger\u0105 \u0117damum\u0105.","breadcrumb":{"@id":"https:\/\/anivet.lt\/elparduotuve\/produktas\/virbac-urology-struvite-dissolution-cat-sausas-kaciu-maistas-struvitu-akmenu-tirpdymui\/#breadcrumb"},"inLanguage":"lt-LT","potentialAction":[{"@type":"ReadAction","target":["https:\/\/anivet.lt\/elparduotuve\/produktas\/virbac-urology-struvite-dissolution-cat-sausas-kaciu-maistas-struvitu-akmenu-tirpdymui\/"]}]},{"@type":"ImageObject","inLanguage":"lt-LT","@id":"https:\/\/anivet.lt\/elparduotuve\/produktas\/virbac-urology-struvite-dissolution-cat-sausas-kaciu-maistas-struvitu-akmenu-tirpdymui\/#primaryimage","url":"https:\/\/anivet.lt\/elparduotuve\/wp-content\/uploads\/2024\/01\/virbac-cat-urology-struvite-dissolution.jpg","contentUrl":"https:\/\/anivet.lt\/elparduotuve\/wp-content\/uploads\/2024\/01\/virbac-cat-urology-struvite-dissolution.jpg","width":555,"height":617,"caption":"Virbac Urology Struvite Dissolution Cat sausas ka\u010di\u0173 maistas struvit\u0173 akmen\u0173 tirpdymui"},{"@type":"BreadcrumbList","@id":"https:\/\/anivet.lt\/elparduotuve\/produktas\/virbac-urology-struvite-dissolution-cat-sausas-kaciu-maistas-struvitu-akmenu-tirpdymui\/#breadcrumb","itemListElement":[{"@type":"ListItem","position":1,"name":"Home","item":"https:\/\/anivet.lt\/elparduotuve\/"},{"@type":"ListItem","position":2,"name":"Produktai","item":"https:\/\/anivet.lt\/elparduotuve\/produktai\/"},{"@type":"ListItem","position":3,"name":"Virbac Urology Struvite Dissolution Cat sausas ka\u010di\u0173 maistas struvit\u0173 akmen\u0173 tirpdymui"}]},{"@type":"WebSite","@id":"https:\/\/anivet.lt\/elparduotuve\/#website","url":"https:\/\/anivet.lt\/elparduotuve\/","name":"anivet.lt","description":"Viskas J\u016bs\u0173 \u0161uns, kat\u0117s prie\u017ei\u016brai","publisher":{"@id":"https:\/\/anivet.lt\/elparduotuve\/#organization"},"alternateName":"Viskas J\u016bs\u0173 \u0161uns, kat\u0117s prie\u017ei\u016brai","potentialAction":[{"@type":"SearchAction","target":{"@type":"EntryPoint","urlTemplate":"https:\/\/anivet.lt\/elparduotuve\/?s={search_term_string}"},"query-input":{"@type":"PropertyValueSpecification","valueRequired":true,"valueName":"search_term_string"}}],"inLanguage":"lt-LT"},{"@type":"Organization","@id":"https:\/\/anivet.lt\/elparduotuve\/#organization","name":"Viskas J\u016bs\u0173 \u0161uns, kat\u0117s prie\u017ei\u016brai","url":"https:\/\/anivet.lt\/elparduotuve\/","logo":{"@type":"ImageObject","inLanguage":"lt-LT","@id":"https:\/\/anivet.lt\/elparduotuve\/#\/schema\/logo\/image\/","url":"https:\/\/anivet.lt\/elparduotuve\/wp-content\/uploads\/2023\/06\/logo2.jpg","contentUrl":"https:\/\/anivet.lt\/elparduotuve\/wp-content\/uploads\/2023\/06\/logo2.jpg","width":655,"height":194,"caption":"Viskas J\u016bs\u0173 \u0161uns, kat\u0117s prie\u017ei\u016brai"},"image":{"@id":"https:\/\/anivet.lt\/elparduotuve\/#\/schema\/logo\/image\/"}}]}},"_links":{"self":[{"href":"https:\/\/anivet.lt\/elparduotuve\/wp-json\/wp\/v2\/product\/12733","targetHints":{"allow":["GET"]}}],"collection":[{"href":"https:\/\/anivet.lt\/elparduotuve\/wp-json\/wp\/v2\/product"}],"about":[{"href":"https:\/\/anivet.lt\/elparduotuve\/wp-json\/wp\/v2\/types\/product"}],"wp:featuredmedia":[{"embeddable":true,"href":"https:\/\/anivet.lt\/elparduotuve\/wp-json\/wp\/v2\/media\/12734"}],"wp:attachment":[{"href":"https:\/\/anivet.lt\/elparduotuve\/wp-json\/wp\/v2\/media?parent=12733"}],"wp:term":[{"taxonomy":"product_brand","embeddable":true,"href":"https:\/\/anivet.lt\/elparduotuve\/wp-json\/wp\/v2\/product_brand?post=12733"},{"taxonomy":"product_cat","embeddable":true,"href":"https:\/\/anivet.lt\/elparduotuve\/wp-json\/wp\/v2\/product_cat?post=12733"},{"taxonomy":"product_tag","embeddable":true,"href":"https:\/\/anivet.lt\/elparduotuve\/wp-json\/wp\/v2\/product_tag?post=12733"}],"curies":[{"name":"wp","href":"https:\/\/api.w.org\/{rel}","templated":true}]}}