{"id":12750,"date":"2024-01-15T19:31:27","date_gmt":"2024-01-15T19:31:27","guid":{"rendered":"https:\/\/anivet.lt\/elparduotuve\/?post_type=product&#038;p=12750"},"modified":"2026-02-23T22:36:36","modified_gmt":"2026-02-23T22:36:36","slug":"virbac-urology-dissolution-prevention-cat-guliasas-katems","status":"publish","type":"product","link":"https:\/\/anivet.lt\/elparduotuve\/produktas\/virbac-urology-dissolution-prevention-cat-guliasas-katems\/","title":{"rendered":"Virbac Urology Dissolution &amp; Prevention Cat gulia\u0161as kat\u0117ms"},"content":{"rendered":"<ul>\n<li><span style=\"font-weight: 400;\">Struvit\u0173 akmen\u0173 tirpdymas: Efektyvi pagalba esant \u0161lapimo tak\u0173 akmenims.<\/span><\/li>\n<li style=\"font-weight: 400;\" aria-level=\"1\"><span style=\"font-weight: 400;\">Apsauga nuo pasikartojimo: Ma\u017eina struvit\u0173 akmen\u0173 pakartotinio formavimosi tikimyb\u0119.<\/span><\/li>\n<li style=\"font-weight: 400;\" aria-level=\"1\"><span style=\"font-weight: 400;\">Slopina kalcio oksalat\u0173 susidarym\u0105: U\u017etikrina \u0161lapimo tak\u0173 sveikat\u0105.<\/span><\/li>\n<li style=\"font-weight: 400;\" aria-level=\"1\"><span style=\"font-weight: 400;\">\u017demas kalcio kiekis: Palaiko tinkam\u0105 mineral\u0173 balans\u0105.<\/span><\/li>\n<li style=\"font-weight: 400;\" aria-level=\"1\"><span style=\"font-weight: 400;\">Auk\u0161tos kokyb\u0117s ingredientai: U\u017etikrina ger\u0105 skon\u012f ir puik\u0173 \u0117damum\u0105.<\/span><\/li>\n<\/ul>\n<p><span style=\"font-weight: 400;\">\u201eVirbac Urology Dissolution &amp; Prevention Cat\u201c yra subalansuotas ir efektyvus pa\u0161aras, skirtas \u0161lapimo tak\u0173 problem\u0173 sprendimui bei prevencijai. Jo speciali formul\u0117 u\u017etikrina akmen\u0173 tirpdym\u0105, suma\u017eina j\u0173 pasikartojimo rizik\u0105 ir stiprina bendr\u0105 kat\u0117s \u0161lapimo sistemos sveikat\u0105. Puikus pasirinkimas kartu su sausu pa\u0161aru \u0161lapimo tak\u0173 problemoms spr\u0119sti.<\/span><\/p>\n","protected":false},"excerpt":{"rendered":"<p><span style=\"font-weight: 400;\">\u0160is dietinis konservuotas pa\u0161aras yra skirtas sterilizuotoms kat\u0117ms ir kastruotiems katinams nuo 1 met\u0173 am\u017eiaus. Sukurtas \u0161lapimo tak\u0173 problem\u0173 prevencijai ir gydymui, jis efektyviai tirpdo struvit\u0173 akmenis bei ma\u017eina j\u0173 pasikartojimo rizik\u0105.<\/span><\/p>\n","protected":false},"featured_media":12751,"template":"","meta":[],"product_brand":[],"product_cat":[114,102,118,348],"product_tag":[],"class_list":{"0":"post-12750","1":"product","2":"type-product","3":"status-publish","4":"has-post-thumbnail","6":"product_cat-kaciu-maistas","7":"product_cat-katems","8":"product_cat-veterinarinis-maistas-katems","9":"product_cat-virbac-kaciu-maistas","10":"pa_prekinis-zenklas-virbac","12":"first","13":"instock","14":"taxable","15":"shipping-taxable","16":"purchasable","17":"product-type-variable"},"yoast_head":"<!-- This site is optimized with the Yoast SEO Premium plugin v27.1 (Yoast SEO v27.3) - https:\/\/yoast.com\/product\/yoast-seo-premium-wordpress\/ -->\n<title>Virbac Urology Dissolution &amp; Prevention Cat gulia\u0161as kat\u0117ms - anivet.lt<\/title>\n<meta name=\"description\" content=\"\u0160is dietinis konservuotas pa\u0161aras yra skirtas sterilizuotoms kat\u0117ms ir kastruotiems katinams nuo 1 met\u0173 am\u017eiaus. Sukurtas \u0161lapimo tak\u0173 problem\u0173 prevencijai ir gydymui, jis efektyviai tirpdo struvit\u0173 akmenis bei ma\u017eina j\u0173 pasikartojimo rizik\u0105.\" \/>\n<meta name=\"robots\" content=\"index, follow, max-snippet:-1, max-image-preview:large, max-video-preview:-1\" \/>\n<link rel=\"canonical\" href=\"https:\/\/anivet.lt\/elparduotuve\/produktas\/virbac-urology-dissolution-prevention-cat-guliasas-katems\/\" \/>\n<meta property=\"og:locale\" content=\"lt_LT\" \/>\n<meta property=\"og:type\" content=\"article\" \/>\n<meta property=\"og:title\" content=\"Virbac Urology Dissolution &amp; Prevention Cat gulia\u0161as kat\u0117ms\" \/>\n<meta property=\"og:description\" content=\"\u0160is dietinis konservuotas pa\u0161aras yra skirtas sterilizuotoms kat\u0117ms ir kastruotiems katinams nuo 1 met\u0173 am\u017eiaus. Sukurtas \u0161lapimo tak\u0173 problem\u0173 prevencijai ir gydymui, jis efektyviai tirpdo struvit\u0173 akmenis bei ma\u017eina j\u0173 pasikartojimo rizik\u0105.\" \/>\n<meta property=\"og:url\" content=\"https:\/\/anivet.lt\/elparduotuve\/produktas\/virbac-urology-dissolution-prevention-cat-guliasas-katems\/\" \/>\n<meta property=\"og:site_name\" content=\"anivet.lt\" \/>\n<meta property=\"article:modified_time\" content=\"2026-02-23T22:36:36+00:00\" \/>\n<meta property=\"og:image\" content=\"https:\/\/anivet.lt\/elparduotuve\/wp-content\/uploads\/2024\/01\/Virbac-urinary-scaled.jpg\" \/>\n\t<meta property=\"og:image:width\" content=\"2560\" \/>\n\t<meta property=\"og:image:height\" content=\"2560\" \/>\n\t<meta property=\"og:image:type\" content=\"image\/jpeg\" \/>\n<meta name=\"twitter:card\" content=\"summary_large_image\" \/>\n<meta name=\"twitter:label1\" content=\"Est. reading time\" \/>\n\t<meta name=\"twitter:data1\" content=\"1 minut\u0117\" \/>\n<script type=\"application\/ld+json\" class=\"yoast-schema-graph\">{\"@context\":\"https:\\\/\\\/schema.org\",\"@graph\":[{\"@type\":\"WebPage\",\"@id\":\"https:\\\/\\\/anivet.lt\\\/elparduotuve\\\/produktas\\\/virbac-urology-dissolution-prevention-cat-guliasas-katems\\\/\",\"url\":\"https:\\\/\\\/anivet.lt\\\/elparduotuve\\\/produktas\\\/virbac-urology-dissolution-prevention-cat-guliasas-katems\\\/\",\"name\":\"Virbac Urology Dissolution &amp; Prevention Cat gulia\u0161as kat\u0117ms - anivet.lt\",\"isPartOf\":{\"@id\":\"https:\\\/\\\/anivet.lt\\\/elparduotuve\\\/#website\"},\"primaryImageOfPage\":{\"@id\":\"https:\\\/\\\/anivet.lt\\\/elparduotuve\\\/produktas\\\/virbac-urology-dissolution-prevention-cat-guliasas-katems\\\/#primaryimage\"},\"image\":{\"@id\":\"https:\\\/\\\/anivet.lt\\\/elparduotuve\\\/produktas\\\/virbac-urology-dissolution-prevention-cat-guliasas-katems\\\/#primaryimage\"},\"thumbnailUrl\":\"https:\\\/\\\/anivet.lt\\\/elparduotuve\\\/wp-content\\\/uploads\\\/2024\\\/01\\\/Virbac-urinary-scaled.jpg\",\"datePublished\":\"2024-01-15T19:31:27+00:00\",\"dateModified\":\"2026-02-23T22:36:36+00:00\",\"description\":\"\u0160is dietinis konservuotas pa\u0161aras yra skirtas sterilizuotoms kat\u0117ms ir kastruotiems katinams nuo 1 met\u0173 am\u017eiaus. Sukurtas \u0161lapimo tak\u0173 problem\u0173 prevencijai ir gydymui, jis efektyviai tirpdo struvit\u0173 akmenis bei ma\u017eina j\u0173 pasikartojimo rizik\u0105.\",\"breadcrumb\":{\"@id\":\"https:\\\/\\\/anivet.lt\\\/elparduotuve\\\/produktas\\\/virbac-urology-dissolution-prevention-cat-guliasas-katems\\\/#breadcrumb\"},\"inLanguage\":\"lt-LT\",\"potentialAction\":[{\"@type\":\"ReadAction\",\"target\":[\"https:\\\/\\\/anivet.lt\\\/elparduotuve\\\/produktas\\\/virbac-urology-dissolution-prevention-cat-guliasas-katems\\\/\"]}]},{\"@type\":\"ImageObject\",\"inLanguage\":\"lt-LT\",\"@id\":\"https:\\\/\\\/anivet.lt\\\/elparduotuve\\\/produktas\\\/virbac-urology-dissolution-prevention-cat-guliasas-katems\\\/#primaryimage\",\"url\":\"https:\\\/\\\/anivet.lt\\\/elparduotuve\\\/wp-content\\\/uploads\\\/2024\\\/01\\\/Virbac-urinary-scaled.jpg\",\"contentUrl\":\"https:\\\/\\\/anivet.lt\\\/elparduotuve\\\/wp-content\\\/uploads\\\/2024\\\/01\\\/Virbac-urinary-scaled.jpg\",\"width\":2560,\"height\":2560,\"caption\":\"Virbac Urology Dissolution &amp; Prevention Cat gulia\u0161as kat\u0117ms\"},{\"@type\":\"BreadcrumbList\",\"@id\":\"https:\\\/\\\/anivet.lt\\\/elparduotuve\\\/produktas\\\/virbac-urology-dissolution-prevention-cat-guliasas-katems\\\/#breadcrumb\",\"itemListElement\":[{\"@type\":\"ListItem\",\"position\":1,\"name\":\"Home\",\"item\":\"https:\\\/\\\/anivet.lt\\\/elparduotuve\\\/\"},{\"@type\":\"ListItem\",\"position\":2,\"name\":\"Produktai\",\"item\":\"https:\\\/\\\/anivet.lt\\\/elparduotuve\\\/produktai\\\/\"},{\"@type\":\"ListItem\",\"position\":3,\"name\":\"Virbac Urology Dissolution &amp; Prevention Cat gulia\u0161as kat\u0117ms\"}]},{\"@type\":\"WebSite\",\"@id\":\"https:\\\/\\\/anivet.lt\\\/elparduotuve\\\/#website\",\"url\":\"https:\\\/\\\/anivet.lt\\\/elparduotuve\\\/\",\"name\":\"anivet.lt\",\"description\":\"Viskas J\u016bs\u0173 \u0161uns, kat\u0117s prie\u017ei\u016brai\",\"publisher\":{\"@id\":\"https:\\\/\\\/anivet.lt\\\/elparduotuve\\\/#organization\"},\"alternateName\":\"Viskas J\u016bs\u0173 \u0161uns, kat\u0117s prie\u017ei\u016brai\",\"potentialAction\":[{\"@type\":\"SearchAction\",\"target\":{\"@type\":\"EntryPoint\",\"urlTemplate\":\"https:\\\/\\\/anivet.lt\\\/elparduotuve\\\/?s={search_term_string}\"},\"query-input\":{\"@type\":\"PropertyValueSpecification\",\"valueRequired\":true,\"valueName\":\"search_term_string\"}}],\"inLanguage\":\"lt-LT\"},{\"@type\":\"Organization\",\"@id\":\"https:\\\/\\\/anivet.lt\\\/elparduotuve\\\/#organization\",\"name\":\"Viskas J\u016bs\u0173 \u0161uns, kat\u0117s prie\u017ei\u016brai\",\"url\":\"https:\\\/\\\/anivet.lt\\\/elparduotuve\\\/\",\"logo\":{\"@type\":\"ImageObject\",\"inLanguage\":\"lt-LT\",\"@id\":\"https:\\\/\\\/anivet.lt\\\/elparduotuve\\\/#\\\/schema\\\/logo\\\/image\\\/\",\"url\":\"https:\\\/\\\/anivet.lt\\\/elparduotuve\\\/wp-content\\\/uploads\\\/2023\\\/06\\\/logo2.jpg\",\"contentUrl\":\"https:\\\/\\\/anivet.lt\\\/elparduotuve\\\/wp-content\\\/uploads\\\/2023\\\/06\\\/logo2.jpg\",\"width\":655,\"height\":194,\"caption\":\"Viskas J\u016bs\u0173 \u0161uns, kat\u0117s prie\u017ei\u016brai\"},\"image\":{\"@id\":\"https:\\\/\\\/anivet.lt\\\/elparduotuve\\\/#\\\/schema\\\/logo\\\/image\\\/\"}}]}<\/script>\n<!-- \/ Yoast SEO Premium plugin. -->","yoast_head_json":{"title":"Virbac Urology Dissolution &amp; Prevention Cat gulia\u0161as kat\u0117ms - anivet.lt","description":"\u0160is dietinis konservuotas pa\u0161aras yra skirtas sterilizuotoms kat\u0117ms ir kastruotiems katinams nuo 1 met\u0173 am\u017eiaus. Sukurtas \u0161lapimo tak\u0173 problem\u0173 prevencijai ir gydymui, jis efektyviai tirpdo struvit\u0173 akmenis bei ma\u017eina j\u0173 pasikartojimo rizik\u0105.","robots":{"index":"index","follow":"follow","max-snippet":"max-snippet:-1","max-image-preview":"max-image-preview:large","max-video-preview":"max-video-preview:-1"},"canonical":"https:\/\/anivet.lt\/elparduotuve\/produktas\/virbac-urology-dissolution-prevention-cat-guliasas-katems\/","og_locale":"lt_LT","og_type":"article","og_title":"Virbac Urology Dissolution &amp; Prevention Cat gulia\u0161as kat\u0117ms","og_description":"\u0160is dietinis konservuotas pa\u0161aras yra skirtas sterilizuotoms kat\u0117ms ir kastruotiems katinams nuo 1 met\u0173 am\u017eiaus. Sukurtas \u0161lapimo tak\u0173 problem\u0173 prevencijai ir gydymui, jis efektyviai tirpdo struvit\u0173 akmenis bei ma\u017eina j\u0173 pasikartojimo rizik\u0105.","og_url":"https:\/\/anivet.lt\/elparduotuve\/produktas\/virbac-urology-dissolution-prevention-cat-guliasas-katems\/","og_site_name":"anivet.lt","article_modified_time":"2026-02-23T22:36:36+00:00","og_image":[{"width":2560,"height":2560,"url":"https:\/\/anivet.lt\/elparduotuve\/wp-content\/uploads\/2024\/01\/Virbac-urinary-scaled.jpg","type":"image\/jpeg"}],"twitter_card":"summary_large_image","twitter_misc":{"Est. reading time":"1 minut\u0117"},"schema":{"@context":"https:\/\/schema.org","@graph":[{"@type":"WebPage","@id":"https:\/\/anivet.lt\/elparduotuve\/produktas\/virbac-urology-dissolution-prevention-cat-guliasas-katems\/","url":"https:\/\/anivet.lt\/elparduotuve\/produktas\/virbac-urology-dissolution-prevention-cat-guliasas-katems\/","name":"Virbac Urology Dissolution &amp; Prevention Cat gulia\u0161as kat\u0117ms - anivet.lt","isPartOf":{"@id":"https:\/\/anivet.lt\/elparduotuve\/#website"},"primaryImageOfPage":{"@id":"https:\/\/anivet.lt\/elparduotuve\/produktas\/virbac-urology-dissolution-prevention-cat-guliasas-katems\/#primaryimage"},"image":{"@id":"https:\/\/anivet.lt\/elparduotuve\/produktas\/virbac-urology-dissolution-prevention-cat-guliasas-katems\/#primaryimage"},"thumbnailUrl":"https:\/\/anivet.lt\/elparduotuve\/wp-content\/uploads\/2024\/01\/Virbac-urinary-scaled.jpg","datePublished":"2024-01-15T19:31:27+00:00","dateModified":"2026-02-23T22:36:36+00:00","description":"\u0160is dietinis konservuotas pa\u0161aras yra skirtas sterilizuotoms kat\u0117ms ir kastruotiems katinams nuo 1 met\u0173 am\u017eiaus. Sukurtas \u0161lapimo tak\u0173 problem\u0173 prevencijai ir gydymui, jis efektyviai tirpdo struvit\u0173 akmenis bei ma\u017eina j\u0173 pasikartojimo rizik\u0105.","breadcrumb":{"@id":"https:\/\/anivet.lt\/elparduotuve\/produktas\/virbac-urology-dissolution-prevention-cat-guliasas-katems\/#breadcrumb"},"inLanguage":"lt-LT","potentialAction":[{"@type":"ReadAction","target":["https:\/\/anivet.lt\/elparduotuve\/produktas\/virbac-urology-dissolution-prevention-cat-guliasas-katems\/"]}]},{"@type":"ImageObject","inLanguage":"lt-LT","@id":"https:\/\/anivet.lt\/elparduotuve\/produktas\/virbac-urology-dissolution-prevention-cat-guliasas-katems\/#primaryimage","url":"https:\/\/anivet.lt\/elparduotuve\/wp-content\/uploads\/2024\/01\/Virbac-urinary-scaled.jpg","contentUrl":"https:\/\/anivet.lt\/elparduotuve\/wp-content\/uploads\/2024\/01\/Virbac-urinary-scaled.jpg","width":2560,"height":2560,"caption":"Virbac Urology Dissolution &amp; Prevention Cat gulia\u0161as kat\u0117ms"},{"@type":"BreadcrumbList","@id":"https:\/\/anivet.lt\/elparduotuve\/produktas\/virbac-urology-dissolution-prevention-cat-guliasas-katems\/#breadcrumb","itemListElement":[{"@type":"ListItem","position":1,"name":"Home","item":"https:\/\/anivet.lt\/elparduotuve\/"},{"@type":"ListItem","position":2,"name":"Produktai","item":"https:\/\/anivet.lt\/elparduotuve\/produktai\/"},{"@type":"ListItem","position":3,"name":"Virbac Urology Dissolution &amp; Prevention Cat gulia\u0161as kat\u0117ms"}]},{"@type":"WebSite","@id":"https:\/\/anivet.lt\/elparduotuve\/#website","url":"https:\/\/anivet.lt\/elparduotuve\/","name":"anivet.lt","description":"Viskas J\u016bs\u0173 \u0161uns, kat\u0117s prie\u017ei\u016brai","publisher":{"@id":"https:\/\/anivet.lt\/elparduotuve\/#organization"},"alternateName":"Viskas J\u016bs\u0173 \u0161uns, kat\u0117s prie\u017ei\u016brai","potentialAction":[{"@type":"SearchAction","target":{"@type":"EntryPoint","urlTemplate":"https:\/\/anivet.lt\/elparduotuve\/?s={search_term_string}"},"query-input":{"@type":"PropertyValueSpecification","valueRequired":true,"valueName":"search_term_string"}}],"inLanguage":"lt-LT"},{"@type":"Organization","@id":"https:\/\/anivet.lt\/elparduotuve\/#organization","name":"Viskas J\u016bs\u0173 \u0161uns, kat\u0117s prie\u017ei\u016brai","url":"https:\/\/anivet.lt\/elparduotuve\/","logo":{"@type":"ImageObject","inLanguage":"lt-LT","@id":"https:\/\/anivet.lt\/elparduotuve\/#\/schema\/logo\/image\/","url":"https:\/\/anivet.lt\/elparduotuve\/wp-content\/uploads\/2023\/06\/logo2.jpg","contentUrl":"https:\/\/anivet.lt\/elparduotuve\/wp-content\/uploads\/2023\/06\/logo2.jpg","width":655,"height":194,"caption":"Viskas J\u016bs\u0173 \u0161uns, kat\u0117s prie\u017ei\u016brai"},"image":{"@id":"https:\/\/anivet.lt\/elparduotuve\/#\/schema\/logo\/image\/"}}]}},"_links":{"self":[{"href":"https:\/\/anivet.lt\/elparduotuve\/wp-json\/wp\/v2\/product\/12750","targetHints":{"allow":["GET"]}}],"collection":[{"href":"https:\/\/anivet.lt\/elparduotuve\/wp-json\/wp\/v2\/product"}],"about":[{"href":"https:\/\/anivet.lt\/elparduotuve\/wp-json\/wp\/v2\/types\/product"}],"wp:featuredmedia":[{"embeddable":true,"href":"https:\/\/anivet.lt\/elparduotuve\/wp-json\/wp\/v2\/media\/12751"}],"wp:attachment":[{"href":"https:\/\/anivet.lt\/elparduotuve\/wp-json\/wp\/v2\/media?parent=12750"}],"wp:term":[{"taxonomy":"product_brand","embeddable":true,"href":"https:\/\/anivet.lt\/elparduotuve\/wp-json\/wp\/v2\/product_brand?post=12750"},{"taxonomy":"product_cat","embeddable":true,"href":"https:\/\/anivet.lt\/elparduotuve\/wp-json\/wp\/v2\/product_cat?post=12750"},{"taxonomy":"product_tag","embeddable":true,"href":"https:\/\/anivet.lt\/elparduotuve\/wp-json\/wp\/v2\/product_tag?post=12750"}],"curies":[{"name":"wp","href":"https:\/\/api.w.org\/{rel}","templated":true}]}}