{"id":12753,"date":"2024-01-15T19:31:06","date_gmt":"2024-01-15T19:31:06","guid":{"rendered":"https:\/\/anivet.lt\/elparduotuve\/?post_type=product&#038;p=12753"},"modified":"2026-03-16T14:37:47","modified_gmt":"2026-03-16T14:37:47","slug":"trainer-natural-mini-adult-sunims-su-kumpiu","status":"publish","type":"product","link":"https:\/\/anivet.lt\/elparduotuve\/produktas\/trainer-natural-mini-adult-sunims-su-kumpiu\/","title":{"rendered":"Trainer Natural MINI ADULT \u0161unims su kumpiu"},"content":{"rendered":"<ul>\n<li style=\"font-weight: 400;\" aria-level=\"1\"><span style=\"font-weight: 400;\">Auk\u0161tos kokyb\u0117s baltymai: Itali\u0161ko vytinto kumpio ir vi\u0161tienos baltymai palaiko raumen\u0173 tonus\u0105.<\/span><\/li>\n<li style=\"font-weight: 400;\" aria-level=\"1\"><span style=\"font-weight: 400;\">Vir\u0161kinimo palaikymas: Inulinas ir d\u017eiovint\u0173 runkeli\u0173 grie\u017einiai padeda palaikyti sveik\u0105 \u017earnyno mikroflor\u0105.<\/span><\/li>\n<li style=\"font-weight: 400;\" aria-level=\"1\"><span style=\"font-weight: 400;\">Blizgus kailis ir sveika oda: S\u0117menys ir spirulinos dumbliai praturtina pa\u0161ar\u0105 Omega-3 riebal\u0173 r\u016bg\u0161timis.<\/span><\/li>\n<li style=\"font-weight: 400;\" aria-level=\"1\"><span style=\"font-weight: 400;\">Nat\u016bral\u016bs ingredientai: Sud\u0117tyje yra d\u017eiovintos cikorij\u0173 \u0161aknys, citrusini\u0173 vaisi\u0173 i\u0161spaudos bei obuoli\u0173 mink\u0161timas.<\/span><\/li>\n<li style=\"font-weight: 400;\" aria-level=\"1\"><span style=\"font-weight: 400;\">Suma\u017eintas kvapas: Jukos ekstraktas ma\u017eina i\u0161mat\u0173 kvap\u0105.<\/span><\/li>\n<\/ul>\n<p><span style=\"font-weight: 400;\">\u0160is pa\u0161aras ne tik u\u017etikrins j\u016bs\u0173 augintinio gerov\u0119, bet ir praturtins jo kasdien\u0119 mityb\u0105 sveikais bei nat\u016braliais ingredientais. Jo unikali formul\u0117, praturtinta vytinto kumpio baltymais, patiks net i\u0161rankiausiems augintiniams.<\/span><\/p>\n","protected":false},"excerpt":{"rendered":"<p><span style=\"font-weight: 400;\">Specialiai sukurtas pa\u0161aras ma\u017e\u0173 ir itin ma\u017e\u0173 veisli\u0173 suaugusiems \u0161unims, pasi\u017eymintis auk\u0161tos kokyb\u0117s sud\u0117timi ir puikiu skoniu. \u0160is pa\u0161aras u\u017etikrina optimal\u0173 energijos lyg\u012f, stiprius raumenis bei sveik\u0105 vir\u0161kinimo sistem\u0105. <\/span><\/p>\n","protected":false},"featured_media":12754,"template":"","meta":[],"product_brand":[],"product_cat":[101,103,104,328],"product_tag":[],"class_list":{"0":"post-12753","1":"product","2":"type-product","3":"status-publish","4":"has-post-thumbnail","6":"product_cat-sunims","7":"product_cat-sunu-maistas","8":"product_cat-sausas-maistas","9":"product_cat-trainer-sunu-maistas","10":"pa_prekinis-zenklas-trainer","12":"first","13":"instock","14":"taxable","15":"shipping-taxable","16":"purchasable","17":"product-type-variable"},"yoast_head":"<!-- This site is optimized with the Yoast SEO Premium plugin v27.1 (Yoast SEO v27.3) - https:\/\/yoast.com\/product\/yoast-seo-premium-wordpress\/ -->\n<title>Trainer Natural MINI ADULT \u0161unims su kumpiu - anivet.lt<\/title>\n<meta name=\"description\" content=\"Specialiai sukurtas pa\u0161aras ma\u017e\u0173 ir itin ma\u017e\u0173 veisli\u0173 suaugusiems \u0161unims, pasi\u017eymintis auk\u0161tos kokyb\u0117s sud\u0117timi ir puikiu skoniu. \u0160is pa\u0161aras u\u017etikrina optimal\u0173 energijos lyg\u012f, stiprius raumenis bei sveik\u0105 vir\u0161kinimo sistem\u0105.\" \/>\n<meta name=\"robots\" content=\"index, follow, max-snippet:-1, max-image-preview:large, max-video-preview:-1\" \/>\n<link rel=\"canonical\" href=\"https:\/\/anivet.lt\/elparduotuve\/produktas\/trainer-natural-mini-adult-sunims-su-kumpiu\/\" \/>\n<meta property=\"og:locale\" content=\"lt_LT\" \/>\n<meta property=\"og:type\" content=\"article\" \/>\n<meta property=\"og:title\" content=\"Trainer Natural MINI ADULT \u0161unims su kumpiu\" \/>\n<meta property=\"og:description\" content=\"Specialiai sukurtas pa\u0161aras ma\u017e\u0173 ir itin ma\u017e\u0173 veisli\u0173 suaugusiems \u0161unims, pasi\u017eymintis auk\u0161tos kokyb\u0117s sud\u0117timi ir puikiu skoniu. \u0160is pa\u0161aras u\u017etikrina optimal\u0173 energijos lyg\u012f, stiprius raumenis bei sveik\u0105 vir\u0161kinimo sistem\u0105.\" \/>\n<meta property=\"og:url\" content=\"https:\/\/anivet.lt\/elparduotuve\/produktas\/trainer-natural-mini-adult-sunims-su-kumpiu\/\" \/>\n<meta property=\"og:site_name\" content=\"anivet.lt\" \/>\n<meta property=\"article:modified_time\" content=\"2026-03-16T14:37:47+00:00\" \/>\n<meta property=\"og:image\" content=\"https:\/\/anivet.lt\/elparduotuve\/wp-content\/uploads\/2024\/01\/8015699006617.jpg\" \/>\n\t<meta property=\"og:image:width\" content=\"800\" \/>\n\t<meta property=\"og:image:height\" content=\"800\" \/>\n\t<meta property=\"og:image:type\" content=\"image\/jpeg\" \/>\n<meta name=\"twitter:card\" content=\"summary_large_image\" \/>\n<meta name=\"twitter:label1\" content=\"Est. reading time\" \/>\n\t<meta name=\"twitter:data1\" content=\"1 minut\u0117\" \/>\n<script type=\"application\/ld+json\" class=\"yoast-schema-graph\">{\"@context\":\"https:\\\/\\\/schema.org\",\"@graph\":[{\"@type\":\"WebPage\",\"@id\":\"https:\\\/\\\/anivet.lt\\\/elparduotuve\\\/produktas\\\/trainer-natural-mini-adult-sunims-su-kumpiu\\\/\",\"url\":\"https:\\\/\\\/anivet.lt\\\/elparduotuve\\\/produktas\\\/trainer-natural-mini-adult-sunims-su-kumpiu\\\/\",\"name\":\"Trainer Natural MINI ADULT \u0161unims su kumpiu - anivet.lt\",\"isPartOf\":{\"@id\":\"https:\\\/\\\/anivet.lt\\\/elparduotuve\\\/#website\"},\"primaryImageOfPage\":{\"@id\":\"https:\\\/\\\/anivet.lt\\\/elparduotuve\\\/produktas\\\/trainer-natural-mini-adult-sunims-su-kumpiu\\\/#primaryimage\"},\"image\":{\"@id\":\"https:\\\/\\\/anivet.lt\\\/elparduotuve\\\/produktas\\\/trainer-natural-mini-adult-sunims-su-kumpiu\\\/#primaryimage\"},\"thumbnailUrl\":\"https:\\\/\\\/anivet.lt\\\/elparduotuve\\\/wp-content\\\/uploads\\\/2024\\\/01\\\/8015699006617.jpg\",\"datePublished\":\"2024-01-15T19:31:06+00:00\",\"dateModified\":\"2026-03-16T14:37:47+00:00\",\"description\":\"Specialiai sukurtas pa\u0161aras ma\u017e\u0173 ir itin ma\u017e\u0173 veisli\u0173 suaugusiems \u0161unims, pasi\u017eymintis auk\u0161tos kokyb\u0117s sud\u0117timi ir puikiu skoniu. \u0160is pa\u0161aras u\u017etikrina optimal\u0173 energijos lyg\u012f, stiprius raumenis bei sveik\u0105 vir\u0161kinimo sistem\u0105.\",\"breadcrumb\":{\"@id\":\"https:\\\/\\\/anivet.lt\\\/elparduotuve\\\/produktas\\\/trainer-natural-mini-adult-sunims-su-kumpiu\\\/#breadcrumb\"},\"inLanguage\":\"lt-LT\",\"potentialAction\":[{\"@type\":\"ReadAction\",\"target\":[\"https:\\\/\\\/anivet.lt\\\/elparduotuve\\\/produktas\\\/trainer-natural-mini-adult-sunims-su-kumpiu\\\/\"]}]},{\"@type\":\"ImageObject\",\"inLanguage\":\"lt-LT\",\"@id\":\"https:\\\/\\\/anivet.lt\\\/elparduotuve\\\/produktas\\\/trainer-natural-mini-adult-sunims-su-kumpiu\\\/#primaryimage\",\"url\":\"https:\\\/\\\/anivet.lt\\\/elparduotuve\\\/wp-content\\\/uploads\\\/2024\\\/01\\\/8015699006617.jpg\",\"contentUrl\":\"https:\\\/\\\/anivet.lt\\\/elparduotuve\\\/wp-content\\\/uploads\\\/2024\\\/01\\\/8015699006617.jpg\",\"width\":800,\"height\":800,\"caption\":\"Trainer Natural MINI ADULT \u0161unims su kumpiu\"},{\"@type\":\"BreadcrumbList\",\"@id\":\"https:\\\/\\\/anivet.lt\\\/elparduotuve\\\/produktas\\\/trainer-natural-mini-adult-sunims-su-kumpiu\\\/#breadcrumb\",\"itemListElement\":[{\"@type\":\"ListItem\",\"position\":1,\"name\":\"Home\",\"item\":\"https:\\\/\\\/anivet.lt\\\/elparduotuve\\\/\"},{\"@type\":\"ListItem\",\"position\":2,\"name\":\"Produktai\",\"item\":\"https:\\\/\\\/anivet.lt\\\/elparduotuve\\\/produktai\\\/\"},{\"@type\":\"ListItem\",\"position\":3,\"name\":\"Trainer Natural MINI ADULT \u0161unims su kumpiu\"}]},{\"@type\":\"WebSite\",\"@id\":\"https:\\\/\\\/anivet.lt\\\/elparduotuve\\\/#website\",\"url\":\"https:\\\/\\\/anivet.lt\\\/elparduotuve\\\/\",\"name\":\"anivet.lt\",\"description\":\"Viskas J\u016bs\u0173 \u0161uns, kat\u0117s prie\u017ei\u016brai\",\"publisher\":{\"@id\":\"https:\\\/\\\/anivet.lt\\\/elparduotuve\\\/#organization\"},\"alternateName\":\"Viskas J\u016bs\u0173 \u0161uns, kat\u0117s prie\u017ei\u016brai\",\"potentialAction\":[{\"@type\":\"SearchAction\",\"target\":{\"@type\":\"EntryPoint\",\"urlTemplate\":\"https:\\\/\\\/anivet.lt\\\/elparduotuve\\\/?s={search_term_string}\"},\"query-input\":{\"@type\":\"PropertyValueSpecification\",\"valueRequired\":true,\"valueName\":\"search_term_string\"}}],\"inLanguage\":\"lt-LT\"},{\"@type\":\"Organization\",\"@id\":\"https:\\\/\\\/anivet.lt\\\/elparduotuve\\\/#organization\",\"name\":\"Viskas J\u016bs\u0173 \u0161uns, kat\u0117s prie\u017ei\u016brai\",\"url\":\"https:\\\/\\\/anivet.lt\\\/elparduotuve\\\/\",\"logo\":{\"@type\":\"ImageObject\",\"inLanguage\":\"lt-LT\",\"@id\":\"https:\\\/\\\/anivet.lt\\\/elparduotuve\\\/#\\\/schema\\\/logo\\\/image\\\/\",\"url\":\"https:\\\/\\\/anivet.lt\\\/elparduotuve\\\/wp-content\\\/uploads\\\/2023\\\/06\\\/logo2.jpg\",\"contentUrl\":\"https:\\\/\\\/anivet.lt\\\/elparduotuve\\\/wp-content\\\/uploads\\\/2023\\\/06\\\/logo2.jpg\",\"width\":655,\"height\":194,\"caption\":\"Viskas J\u016bs\u0173 \u0161uns, kat\u0117s prie\u017ei\u016brai\"},\"image\":{\"@id\":\"https:\\\/\\\/anivet.lt\\\/elparduotuve\\\/#\\\/schema\\\/logo\\\/image\\\/\"}}]}<\/script>\n<!-- \/ Yoast SEO Premium plugin. -->","yoast_head_json":{"title":"Trainer Natural MINI ADULT \u0161unims su kumpiu - anivet.lt","description":"Specialiai sukurtas pa\u0161aras ma\u017e\u0173 ir itin ma\u017e\u0173 veisli\u0173 suaugusiems \u0161unims, pasi\u017eymintis auk\u0161tos kokyb\u0117s sud\u0117timi ir puikiu skoniu. \u0160is pa\u0161aras u\u017etikrina optimal\u0173 energijos lyg\u012f, stiprius raumenis bei sveik\u0105 vir\u0161kinimo sistem\u0105.","robots":{"index":"index","follow":"follow","max-snippet":"max-snippet:-1","max-image-preview":"max-image-preview:large","max-video-preview":"max-video-preview:-1"},"canonical":"https:\/\/anivet.lt\/elparduotuve\/produktas\/trainer-natural-mini-adult-sunims-su-kumpiu\/","og_locale":"lt_LT","og_type":"article","og_title":"Trainer Natural MINI ADULT \u0161unims su kumpiu","og_description":"Specialiai sukurtas pa\u0161aras ma\u017e\u0173 ir itin ma\u017e\u0173 veisli\u0173 suaugusiems \u0161unims, pasi\u017eymintis auk\u0161tos kokyb\u0117s sud\u0117timi ir puikiu skoniu. \u0160is pa\u0161aras u\u017etikrina optimal\u0173 energijos lyg\u012f, stiprius raumenis bei sveik\u0105 vir\u0161kinimo sistem\u0105.","og_url":"https:\/\/anivet.lt\/elparduotuve\/produktas\/trainer-natural-mini-adult-sunims-su-kumpiu\/","og_site_name":"anivet.lt","article_modified_time":"2026-03-16T14:37:47+00:00","og_image":[{"width":800,"height":800,"url":"https:\/\/anivet.lt\/elparduotuve\/wp-content\/uploads\/2024\/01\/8015699006617.jpg","type":"image\/jpeg"}],"twitter_card":"summary_large_image","twitter_misc":{"Est. reading time":"1 minut\u0117"},"schema":{"@context":"https:\/\/schema.org","@graph":[{"@type":"WebPage","@id":"https:\/\/anivet.lt\/elparduotuve\/produktas\/trainer-natural-mini-adult-sunims-su-kumpiu\/","url":"https:\/\/anivet.lt\/elparduotuve\/produktas\/trainer-natural-mini-adult-sunims-su-kumpiu\/","name":"Trainer Natural MINI ADULT \u0161unims su kumpiu - anivet.lt","isPartOf":{"@id":"https:\/\/anivet.lt\/elparduotuve\/#website"},"primaryImageOfPage":{"@id":"https:\/\/anivet.lt\/elparduotuve\/produktas\/trainer-natural-mini-adult-sunims-su-kumpiu\/#primaryimage"},"image":{"@id":"https:\/\/anivet.lt\/elparduotuve\/produktas\/trainer-natural-mini-adult-sunims-su-kumpiu\/#primaryimage"},"thumbnailUrl":"https:\/\/anivet.lt\/elparduotuve\/wp-content\/uploads\/2024\/01\/8015699006617.jpg","datePublished":"2024-01-15T19:31:06+00:00","dateModified":"2026-03-16T14:37:47+00:00","description":"Specialiai sukurtas pa\u0161aras ma\u017e\u0173 ir itin ma\u017e\u0173 veisli\u0173 suaugusiems \u0161unims, pasi\u017eymintis auk\u0161tos kokyb\u0117s sud\u0117timi ir puikiu skoniu. \u0160is pa\u0161aras u\u017etikrina optimal\u0173 energijos lyg\u012f, stiprius raumenis bei sveik\u0105 vir\u0161kinimo sistem\u0105.","breadcrumb":{"@id":"https:\/\/anivet.lt\/elparduotuve\/produktas\/trainer-natural-mini-adult-sunims-su-kumpiu\/#breadcrumb"},"inLanguage":"lt-LT","potentialAction":[{"@type":"ReadAction","target":["https:\/\/anivet.lt\/elparduotuve\/produktas\/trainer-natural-mini-adult-sunims-su-kumpiu\/"]}]},{"@type":"ImageObject","inLanguage":"lt-LT","@id":"https:\/\/anivet.lt\/elparduotuve\/produktas\/trainer-natural-mini-adult-sunims-su-kumpiu\/#primaryimage","url":"https:\/\/anivet.lt\/elparduotuve\/wp-content\/uploads\/2024\/01\/8015699006617.jpg","contentUrl":"https:\/\/anivet.lt\/elparduotuve\/wp-content\/uploads\/2024\/01\/8015699006617.jpg","width":800,"height":800,"caption":"Trainer Natural MINI ADULT \u0161unims su kumpiu"},{"@type":"BreadcrumbList","@id":"https:\/\/anivet.lt\/elparduotuve\/produktas\/trainer-natural-mini-adult-sunims-su-kumpiu\/#breadcrumb","itemListElement":[{"@type":"ListItem","position":1,"name":"Home","item":"https:\/\/anivet.lt\/elparduotuve\/"},{"@type":"ListItem","position":2,"name":"Produktai","item":"https:\/\/anivet.lt\/elparduotuve\/produktai\/"},{"@type":"ListItem","position":3,"name":"Trainer Natural MINI ADULT \u0161unims su kumpiu"}]},{"@type":"WebSite","@id":"https:\/\/anivet.lt\/elparduotuve\/#website","url":"https:\/\/anivet.lt\/elparduotuve\/","name":"anivet.lt","description":"Viskas J\u016bs\u0173 \u0161uns, kat\u0117s prie\u017ei\u016brai","publisher":{"@id":"https:\/\/anivet.lt\/elparduotuve\/#organization"},"alternateName":"Viskas J\u016bs\u0173 \u0161uns, kat\u0117s prie\u017ei\u016brai","potentialAction":[{"@type":"SearchAction","target":{"@type":"EntryPoint","urlTemplate":"https:\/\/anivet.lt\/elparduotuve\/?s={search_term_string}"},"query-input":{"@type":"PropertyValueSpecification","valueRequired":true,"valueName":"search_term_string"}}],"inLanguage":"lt-LT"},{"@type":"Organization","@id":"https:\/\/anivet.lt\/elparduotuve\/#organization","name":"Viskas J\u016bs\u0173 \u0161uns, kat\u0117s prie\u017ei\u016brai","url":"https:\/\/anivet.lt\/elparduotuve\/","logo":{"@type":"ImageObject","inLanguage":"lt-LT","@id":"https:\/\/anivet.lt\/elparduotuve\/#\/schema\/logo\/image\/","url":"https:\/\/anivet.lt\/elparduotuve\/wp-content\/uploads\/2023\/06\/logo2.jpg","contentUrl":"https:\/\/anivet.lt\/elparduotuve\/wp-content\/uploads\/2023\/06\/logo2.jpg","width":655,"height":194,"caption":"Viskas J\u016bs\u0173 \u0161uns, kat\u0117s prie\u017ei\u016brai"},"image":{"@id":"https:\/\/anivet.lt\/elparduotuve\/#\/schema\/logo\/image\/"}}]}},"_links":{"self":[{"href":"https:\/\/anivet.lt\/elparduotuve\/wp-json\/wp\/v2\/product\/12753","targetHints":{"allow":["GET"]}}],"collection":[{"href":"https:\/\/anivet.lt\/elparduotuve\/wp-json\/wp\/v2\/product"}],"about":[{"href":"https:\/\/anivet.lt\/elparduotuve\/wp-json\/wp\/v2\/types\/product"}],"wp:featuredmedia":[{"embeddable":true,"href":"https:\/\/anivet.lt\/elparduotuve\/wp-json\/wp\/v2\/media\/12754"}],"wp:attachment":[{"href":"https:\/\/anivet.lt\/elparduotuve\/wp-json\/wp\/v2\/media?parent=12753"}],"wp:term":[{"taxonomy":"product_brand","embeddable":true,"href":"https:\/\/anivet.lt\/elparduotuve\/wp-json\/wp\/v2\/product_brand?post=12753"},{"taxonomy":"product_cat","embeddable":true,"href":"https:\/\/anivet.lt\/elparduotuve\/wp-json\/wp\/v2\/product_cat?post=12753"},{"taxonomy":"product_tag","embeddable":true,"href":"https:\/\/anivet.lt\/elparduotuve\/wp-json\/wp\/v2\/product_tag?post=12753"}],"curies":[{"name":"wp","href":"https:\/\/api.w.org\/{rel}","templated":true}]}}