{"id":12760,"date":"2024-01-15T19:46:06","date_gmt":"2024-01-15T19:46:06","guid":{"rendered":"https:\/\/anivet.lt\/elparduotuve\/?post_type=product&#038;p=12760"},"modified":"2026-03-03T12:51:26","modified_gmt":"2026-03-03T12:51:26","slug":"nt-adult-dog-sensitive-no-grain-m-m-pork-kiauliena-12kg","status":"publish","type":"product","link":"https:\/\/anivet.lt\/elparduotuve\/produktas\/nt-adult-dog-sensitive-no-grain-m-m-pork-kiauliena-12kg\/","title":{"rendered":"Trainer ADULT DOG SENSITIVE NO GRAIN M\/M PORK Kiauliena 12kg"},"content":{"rendered":"<ul>\n<li style=\"font-weight: 400;\" aria-level=\"1\"><span style=\"font-weight: 400;\">Be gr\u016bd\u0173: Tinka \u0161unims su gr\u016bd\u0173 netoleravimu.<\/span><\/li>\n<li style=\"font-weight: 400;\" aria-level=\"1\"><span style=\"font-weight: 400;\">Kiauliena kaip pagrindinis baltym\u0173 \u0161altinis: 10% kiaulienos ir dehidratuoti kiaulienos baltymai.<\/span><\/li>\n<li style=\"font-weight: 400;\" aria-level=\"1\"><span style=\"font-weight: 400;\">Sveikas vir\u0161kinimas: Cikorij\u0173 \u0161aknys ir ananas\u0173 stieb\u0173 koncentratas padeda palaikyti \u017earnyno sveikat\u0105.<\/span><\/li>\n<li style=\"font-weight: 400;\" aria-level=\"1\"><span style=\"font-weight: 400;\">Odos ir kailio prie\u017ei\u016bra: S\u0117menyse esan\u010dios Omega-3 ir Omega-6 riebiosios r\u016bg\u0161tys u\u017etikrina sveik\u0105 od\u0105 ir \u017evilgant\u012f kail\u012f.<\/span><\/li>\n<li style=\"font-weight: 400;\" aria-level=\"1\"><span style=\"font-weight: 400;\">Auk\u0161tos kokyb\u0117s ingredientai: Sud\u0117tyje yra nat\u016bralios kilm\u0117s produkt\u0173, toki\u0173 kaip spirulina ir bosvelij\u0173 ekstraktas.<\/span><\/li>\n<\/ul>\n<p><span style=\"font-weight: 400;\">\u201eNatural Trainer Sensitive\u201d su kiauliena \u2013 tai mitybos sprendimas \u0161unims, kurie turi jautri\u0105 vir\u0161kinimo sistem\u0105 ar specifinius poreikius. Begr\u016bdis receptas, papildytas \u017eirni\u0173 krakmolu ir bulv\u0117mis, u\u017etikrina lengv\u0105 \u012fsisavinim\u0105. Pa\u0161aras taip pat padeda palaikyti optimal\u0173 svor\u012f ir bendr\u0105 sveikat\u0105, suteikdamas j\u016bs\u0173 \u0161uniui reikiam\u0105 energij\u0105 kasdienei veiklai.<\/span><\/p>\n","protected":false},"excerpt":{"rendered":"<p><span style=\"font-weight: 400;\">Subalansuotas, begr\u016bdis pa\u0161aras, skirtas vidutini\u0173 ir dideli\u0173 veisli\u0173 suaugusiems \u0161unims. Tai puikus pasirinkimas \u0161unims, kuri\u0173 vir\u0161kinimo sistema yra jautri arba kurie netoleruoja gr\u016bd\u0173.<\/span><\/p>\n","protected":false},"featured_media":12763,"template":"","meta":[],"product_brand":[],"product_cat":[101,103,104,328],"product_tag":[],"class_list":{"0":"post-12760","1":"product","2":"type-product","3":"status-publish","4":"has-post-thumbnail","6":"product_cat-sunims","7":"product_cat-sunu-maistas","8":"product_cat-sausas-maistas","9":"product_cat-trainer-sunu-maistas","10":"pa_prekinis-zenklas-trainer","12":"first","13":"instock","14":"taxable","15":"shipping-taxable","16":"purchasable","17":"product-type-simple"},"yoast_head":"<!-- This site is optimized with the Yoast SEO Premium plugin v27.1 (Yoast SEO v27.3) - https:\/\/yoast.com\/product\/yoast-seo-premium-wordpress\/ -->\n<title>Trainer ADULT DOG SENSITIVE NO GRAIN M\/M PORK Kiauliena 12kg - anivet.lt<\/title>\n<meta name=\"description\" content=\"Subalansuotas, begr\u016bdis pa\u0161aras, skirtas vidutini\u0173 ir dideli\u0173 veisli\u0173 suaugusiems \u0161unims. Tai puikus pasirinkimas \u0161unims, kuri\u0173 vir\u0161kinimo sistema yra jautri arba kurie netoleruoja gr\u016bd\u0173.\" \/>\n<meta name=\"robots\" content=\"index, follow, max-snippet:-1, max-image-preview:large, max-video-preview:-1\" \/>\n<link rel=\"canonical\" href=\"https:\/\/anivet.lt\/elparduotuve\/produktas\/nt-adult-dog-sensitive-no-grain-m-m-pork-kiauliena-12kg\/\" \/>\n<meta property=\"og:locale\" content=\"lt_LT\" \/>\n<meta property=\"og:type\" content=\"article\" \/>\n<meta property=\"og:title\" content=\"Trainer ADULT DOG SENSITIVE NO GRAIN M\/M PORK Kiauliena 12kg\" \/>\n<meta property=\"og:description\" content=\"Subalansuotas, begr\u016bdis pa\u0161aras, skirtas vidutini\u0173 ir dideli\u0173 veisli\u0173 suaugusiems \u0161unims. Tai puikus pasirinkimas \u0161unims, kuri\u0173 vir\u0161kinimo sistema yra jautri arba kurie netoleruoja gr\u016bd\u0173.\" \/>\n<meta property=\"og:url\" content=\"https:\/\/anivet.lt\/elparduotuve\/produktas\/nt-adult-dog-sensitive-no-grain-m-m-pork-kiauliena-12kg\/\" \/>\n<meta property=\"og:site_name\" content=\"anivet.lt\" \/>\n<meta property=\"article:modified_time\" content=\"2026-03-03T12:51:26+00:00\" \/>\n<meta property=\"og:image\" content=\"https:\/\/anivet.lt\/elparduotuve\/wp-content\/uploads\/2024\/01\/927779_8059149277790.jpg\" \/>\n\t<meta property=\"og:image:width\" content=\"800\" \/>\n\t<meta property=\"og:image:height\" content=\"800\" \/>\n\t<meta property=\"og:image:type\" content=\"image\/jpeg\" \/>\n<meta name=\"twitter:card\" content=\"summary_large_image\" \/>\n<meta name=\"twitter:label1\" content=\"Est. reading time\" \/>\n\t<meta name=\"twitter:data1\" content=\"1 minut\u0117\" \/>\n<script type=\"application\/ld+json\" class=\"yoast-schema-graph\">{\"@context\":\"https:\\\/\\\/schema.org\",\"@graph\":[{\"@type\":\"WebPage\",\"@id\":\"https:\\\/\\\/anivet.lt\\\/elparduotuve\\\/produktas\\\/nt-adult-dog-sensitive-no-grain-m-m-pork-kiauliena-12kg\\\/\",\"url\":\"https:\\\/\\\/anivet.lt\\\/elparduotuve\\\/produktas\\\/nt-adult-dog-sensitive-no-grain-m-m-pork-kiauliena-12kg\\\/\",\"name\":\"Trainer ADULT DOG SENSITIVE NO GRAIN M\\\/M PORK Kiauliena 12kg - anivet.lt\",\"isPartOf\":{\"@id\":\"https:\\\/\\\/anivet.lt\\\/elparduotuve\\\/#website\"},\"primaryImageOfPage\":{\"@id\":\"https:\\\/\\\/anivet.lt\\\/elparduotuve\\\/produktas\\\/nt-adult-dog-sensitive-no-grain-m-m-pork-kiauliena-12kg\\\/#primaryimage\"},\"image\":{\"@id\":\"https:\\\/\\\/anivet.lt\\\/elparduotuve\\\/produktas\\\/nt-adult-dog-sensitive-no-grain-m-m-pork-kiauliena-12kg\\\/#primaryimage\"},\"thumbnailUrl\":\"https:\\\/\\\/anivet.lt\\\/elparduotuve\\\/wp-content\\\/uploads\\\/2024\\\/01\\\/927779_8059149277790.jpg\",\"datePublished\":\"2024-01-15T19:46:06+00:00\",\"dateModified\":\"2026-03-03T12:51:26+00:00\",\"description\":\"Subalansuotas, begr\u016bdis pa\u0161aras, skirtas vidutini\u0173 ir dideli\u0173 veisli\u0173 suaugusiems \u0161unims. Tai puikus pasirinkimas \u0161unims, kuri\u0173 vir\u0161kinimo sistema yra jautri arba kurie netoleruoja gr\u016bd\u0173.\",\"breadcrumb\":{\"@id\":\"https:\\\/\\\/anivet.lt\\\/elparduotuve\\\/produktas\\\/nt-adult-dog-sensitive-no-grain-m-m-pork-kiauliena-12kg\\\/#breadcrumb\"},\"inLanguage\":\"lt-LT\",\"potentialAction\":[{\"@type\":\"ReadAction\",\"target\":[\"https:\\\/\\\/anivet.lt\\\/elparduotuve\\\/produktas\\\/nt-adult-dog-sensitive-no-grain-m-m-pork-kiauliena-12kg\\\/\"]}]},{\"@type\":\"ImageObject\",\"inLanguage\":\"lt-LT\",\"@id\":\"https:\\\/\\\/anivet.lt\\\/elparduotuve\\\/produktas\\\/nt-adult-dog-sensitive-no-grain-m-m-pork-kiauliena-12kg\\\/#primaryimage\",\"url\":\"https:\\\/\\\/anivet.lt\\\/elparduotuve\\\/wp-content\\\/uploads\\\/2024\\\/01\\\/927779_8059149277790.jpg\",\"contentUrl\":\"https:\\\/\\\/anivet.lt\\\/elparduotuve\\\/wp-content\\\/uploads\\\/2024\\\/01\\\/927779_8059149277790.jpg\",\"width\":800,\"height\":800,\"caption\":\"NT ADULT DOG SENSITIVE NO GRAIN M\\\/M PORK Kiauliena 12kg\"},{\"@type\":\"BreadcrumbList\",\"@id\":\"https:\\\/\\\/anivet.lt\\\/elparduotuve\\\/produktas\\\/nt-adult-dog-sensitive-no-grain-m-m-pork-kiauliena-12kg\\\/#breadcrumb\",\"itemListElement\":[{\"@type\":\"ListItem\",\"position\":1,\"name\":\"Home\",\"item\":\"https:\\\/\\\/anivet.lt\\\/elparduotuve\\\/\"},{\"@type\":\"ListItem\",\"position\":2,\"name\":\"Produktai\",\"item\":\"https:\\\/\\\/anivet.lt\\\/elparduotuve\\\/produktai\\\/\"},{\"@type\":\"ListItem\",\"position\":3,\"name\":\"Trainer ADULT DOG SENSITIVE NO GRAIN M\\\/M PORK Kiauliena 12kg\"}]},{\"@type\":\"WebSite\",\"@id\":\"https:\\\/\\\/anivet.lt\\\/elparduotuve\\\/#website\",\"url\":\"https:\\\/\\\/anivet.lt\\\/elparduotuve\\\/\",\"name\":\"anivet.lt\",\"description\":\"Viskas J\u016bs\u0173 \u0161uns, kat\u0117s prie\u017ei\u016brai\",\"publisher\":{\"@id\":\"https:\\\/\\\/anivet.lt\\\/elparduotuve\\\/#organization\"},\"alternateName\":\"Viskas J\u016bs\u0173 \u0161uns, kat\u0117s prie\u017ei\u016brai\",\"potentialAction\":[{\"@type\":\"SearchAction\",\"target\":{\"@type\":\"EntryPoint\",\"urlTemplate\":\"https:\\\/\\\/anivet.lt\\\/elparduotuve\\\/?s={search_term_string}\"},\"query-input\":{\"@type\":\"PropertyValueSpecification\",\"valueRequired\":true,\"valueName\":\"search_term_string\"}}],\"inLanguage\":\"lt-LT\"},{\"@type\":\"Organization\",\"@id\":\"https:\\\/\\\/anivet.lt\\\/elparduotuve\\\/#organization\",\"name\":\"Viskas J\u016bs\u0173 \u0161uns, kat\u0117s prie\u017ei\u016brai\",\"url\":\"https:\\\/\\\/anivet.lt\\\/elparduotuve\\\/\",\"logo\":{\"@type\":\"ImageObject\",\"inLanguage\":\"lt-LT\",\"@id\":\"https:\\\/\\\/anivet.lt\\\/elparduotuve\\\/#\\\/schema\\\/logo\\\/image\\\/\",\"url\":\"https:\\\/\\\/anivet.lt\\\/elparduotuve\\\/wp-content\\\/uploads\\\/2023\\\/06\\\/logo2.jpg\",\"contentUrl\":\"https:\\\/\\\/anivet.lt\\\/elparduotuve\\\/wp-content\\\/uploads\\\/2023\\\/06\\\/logo2.jpg\",\"width\":655,\"height\":194,\"caption\":\"Viskas J\u016bs\u0173 \u0161uns, kat\u0117s prie\u017ei\u016brai\"},\"image\":{\"@id\":\"https:\\\/\\\/anivet.lt\\\/elparduotuve\\\/#\\\/schema\\\/logo\\\/image\\\/\"}}]}<\/script>\n<!-- \/ Yoast SEO Premium plugin. -->","yoast_head_json":{"title":"Trainer ADULT DOG SENSITIVE NO GRAIN M\/M PORK Kiauliena 12kg - anivet.lt","description":"Subalansuotas, begr\u016bdis pa\u0161aras, skirtas vidutini\u0173 ir dideli\u0173 veisli\u0173 suaugusiems \u0161unims. Tai puikus pasirinkimas \u0161unims, kuri\u0173 vir\u0161kinimo sistema yra jautri arba kurie netoleruoja gr\u016bd\u0173.","robots":{"index":"index","follow":"follow","max-snippet":"max-snippet:-1","max-image-preview":"max-image-preview:large","max-video-preview":"max-video-preview:-1"},"canonical":"https:\/\/anivet.lt\/elparduotuve\/produktas\/nt-adult-dog-sensitive-no-grain-m-m-pork-kiauliena-12kg\/","og_locale":"lt_LT","og_type":"article","og_title":"Trainer ADULT DOG SENSITIVE NO GRAIN M\/M PORK Kiauliena 12kg","og_description":"Subalansuotas, begr\u016bdis pa\u0161aras, skirtas vidutini\u0173 ir dideli\u0173 veisli\u0173 suaugusiems \u0161unims. Tai puikus pasirinkimas \u0161unims, kuri\u0173 vir\u0161kinimo sistema yra jautri arba kurie netoleruoja gr\u016bd\u0173.","og_url":"https:\/\/anivet.lt\/elparduotuve\/produktas\/nt-adult-dog-sensitive-no-grain-m-m-pork-kiauliena-12kg\/","og_site_name":"anivet.lt","article_modified_time":"2026-03-03T12:51:26+00:00","og_image":[{"width":800,"height":800,"url":"https:\/\/anivet.lt\/elparduotuve\/wp-content\/uploads\/2024\/01\/927779_8059149277790.jpg","type":"image\/jpeg"}],"twitter_card":"summary_large_image","twitter_misc":{"Est. reading time":"1 minut\u0117"},"schema":{"@context":"https:\/\/schema.org","@graph":[{"@type":"WebPage","@id":"https:\/\/anivet.lt\/elparduotuve\/produktas\/nt-adult-dog-sensitive-no-grain-m-m-pork-kiauliena-12kg\/","url":"https:\/\/anivet.lt\/elparduotuve\/produktas\/nt-adult-dog-sensitive-no-grain-m-m-pork-kiauliena-12kg\/","name":"Trainer ADULT DOG SENSITIVE NO GRAIN M\/M PORK Kiauliena 12kg - anivet.lt","isPartOf":{"@id":"https:\/\/anivet.lt\/elparduotuve\/#website"},"primaryImageOfPage":{"@id":"https:\/\/anivet.lt\/elparduotuve\/produktas\/nt-adult-dog-sensitive-no-grain-m-m-pork-kiauliena-12kg\/#primaryimage"},"image":{"@id":"https:\/\/anivet.lt\/elparduotuve\/produktas\/nt-adult-dog-sensitive-no-grain-m-m-pork-kiauliena-12kg\/#primaryimage"},"thumbnailUrl":"https:\/\/anivet.lt\/elparduotuve\/wp-content\/uploads\/2024\/01\/927779_8059149277790.jpg","datePublished":"2024-01-15T19:46:06+00:00","dateModified":"2026-03-03T12:51:26+00:00","description":"Subalansuotas, begr\u016bdis pa\u0161aras, skirtas vidutini\u0173 ir dideli\u0173 veisli\u0173 suaugusiems \u0161unims. Tai puikus pasirinkimas \u0161unims, kuri\u0173 vir\u0161kinimo sistema yra jautri arba kurie netoleruoja gr\u016bd\u0173.","breadcrumb":{"@id":"https:\/\/anivet.lt\/elparduotuve\/produktas\/nt-adult-dog-sensitive-no-grain-m-m-pork-kiauliena-12kg\/#breadcrumb"},"inLanguage":"lt-LT","potentialAction":[{"@type":"ReadAction","target":["https:\/\/anivet.lt\/elparduotuve\/produktas\/nt-adult-dog-sensitive-no-grain-m-m-pork-kiauliena-12kg\/"]}]},{"@type":"ImageObject","inLanguage":"lt-LT","@id":"https:\/\/anivet.lt\/elparduotuve\/produktas\/nt-adult-dog-sensitive-no-grain-m-m-pork-kiauliena-12kg\/#primaryimage","url":"https:\/\/anivet.lt\/elparduotuve\/wp-content\/uploads\/2024\/01\/927779_8059149277790.jpg","contentUrl":"https:\/\/anivet.lt\/elparduotuve\/wp-content\/uploads\/2024\/01\/927779_8059149277790.jpg","width":800,"height":800,"caption":"NT ADULT DOG SENSITIVE NO GRAIN M\/M PORK Kiauliena 12kg"},{"@type":"BreadcrumbList","@id":"https:\/\/anivet.lt\/elparduotuve\/produktas\/nt-adult-dog-sensitive-no-grain-m-m-pork-kiauliena-12kg\/#breadcrumb","itemListElement":[{"@type":"ListItem","position":1,"name":"Home","item":"https:\/\/anivet.lt\/elparduotuve\/"},{"@type":"ListItem","position":2,"name":"Produktai","item":"https:\/\/anivet.lt\/elparduotuve\/produktai\/"},{"@type":"ListItem","position":3,"name":"Trainer ADULT DOG SENSITIVE NO GRAIN M\/M PORK Kiauliena 12kg"}]},{"@type":"WebSite","@id":"https:\/\/anivet.lt\/elparduotuve\/#website","url":"https:\/\/anivet.lt\/elparduotuve\/","name":"anivet.lt","description":"Viskas J\u016bs\u0173 \u0161uns, kat\u0117s prie\u017ei\u016brai","publisher":{"@id":"https:\/\/anivet.lt\/elparduotuve\/#organization"},"alternateName":"Viskas J\u016bs\u0173 \u0161uns, kat\u0117s prie\u017ei\u016brai","potentialAction":[{"@type":"SearchAction","target":{"@type":"EntryPoint","urlTemplate":"https:\/\/anivet.lt\/elparduotuve\/?s={search_term_string}"},"query-input":{"@type":"PropertyValueSpecification","valueRequired":true,"valueName":"search_term_string"}}],"inLanguage":"lt-LT"},{"@type":"Organization","@id":"https:\/\/anivet.lt\/elparduotuve\/#organization","name":"Viskas J\u016bs\u0173 \u0161uns, kat\u0117s prie\u017ei\u016brai","url":"https:\/\/anivet.lt\/elparduotuve\/","logo":{"@type":"ImageObject","inLanguage":"lt-LT","@id":"https:\/\/anivet.lt\/elparduotuve\/#\/schema\/logo\/image\/","url":"https:\/\/anivet.lt\/elparduotuve\/wp-content\/uploads\/2023\/06\/logo2.jpg","contentUrl":"https:\/\/anivet.lt\/elparduotuve\/wp-content\/uploads\/2023\/06\/logo2.jpg","width":655,"height":194,"caption":"Viskas J\u016bs\u0173 \u0161uns, kat\u0117s prie\u017ei\u016brai"},"image":{"@id":"https:\/\/anivet.lt\/elparduotuve\/#\/schema\/logo\/image\/"}}]}},"_links":{"self":[{"href":"https:\/\/anivet.lt\/elparduotuve\/wp-json\/wp\/v2\/product\/12760","targetHints":{"allow":["GET"]}}],"collection":[{"href":"https:\/\/anivet.lt\/elparduotuve\/wp-json\/wp\/v2\/product"}],"about":[{"href":"https:\/\/anivet.lt\/elparduotuve\/wp-json\/wp\/v2\/types\/product"}],"wp:featuredmedia":[{"embeddable":true,"href":"https:\/\/anivet.lt\/elparduotuve\/wp-json\/wp\/v2\/media\/12763"}],"wp:attachment":[{"href":"https:\/\/anivet.lt\/elparduotuve\/wp-json\/wp\/v2\/media?parent=12760"}],"wp:term":[{"taxonomy":"product_brand","embeddable":true,"href":"https:\/\/anivet.lt\/elparduotuve\/wp-json\/wp\/v2\/product_brand?post=12760"},{"taxonomy":"product_cat","embeddable":true,"href":"https:\/\/anivet.lt\/elparduotuve\/wp-json\/wp\/v2\/product_cat?post=12760"},{"taxonomy":"product_tag","embeddable":true,"href":"https:\/\/anivet.lt\/elparduotuve\/wp-json\/wp\/v2\/product_tag?post=12760"}],"curies":[{"name":"wp","href":"https:\/\/api.w.org\/{rel}","templated":true}]}}