{"id":12773,"date":"2024-01-15T20:23:19","date_gmt":"2024-01-15T20:23:19","guid":{"rendered":"https:\/\/anivet.lt\/elparduotuve\/?post_type=product&#038;p=12773"},"modified":"2026-02-23T22:30:46","modified_gmt":"2026-02-23T22:30:46","slug":"virbac-w2-weight-loss-control-cat","status":"publish","type":"product","link":"https:\/\/anivet.lt\/elparduotuve\/produktas\/virbac-w2-weight-loss-control-cat\/","title":{"rendered":"Virbac W2 Weight Loss &amp; Control Cat"},"content":{"rendered":"<ul>\n<li style=\"font-weight: 400;\" aria-level=\"1\"><span style=\"font-weight: 400;\">Efektyvus svorio ma\u017einimas: Ma\u017eas energijos kiekis ir L-karnitinas padeda deginti riebalus bei palaikyti raumen\u0173 mas\u0119.<\/span><\/li>\n<li style=\"font-weight: 400;\" aria-level=\"1\"><span style=\"font-weight: 400;\">Diabetui pritaikyta sud\u0117tis: Ma\u017eas krakmolo kiekis ir HP-LC formul\u0117 padeda palaikyti stabil\u0173 gliukoz\u0117s lyg\u012f ir suma\u017einti glikemijos indeks\u0105.<\/span><\/li>\n<li style=\"font-weight: 400;\" aria-level=\"1\"><span style=\"font-weight: 400;\">Sotumo jausmas: Sud\u0117tyje esan\u010dios skaidulos reguliuoja krakmolo vir\u0161kinim\u0105, gliukoz\u0117s absorbcij\u0105 ir suteikia sotumo poj\u016bt\u012f.<\/span><\/li>\n<li style=\"font-weight: 400;\" aria-level=\"1\"><span style=\"font-weight: 400;\">Sveika oda ir kailis: Subalansuotas Omega-6 (2,2%) ir Omega-3 (0,8%) kiekis palaiko kailio b\u016bkl\u0119, net po grie\u017etos svorio ma\u017einimo programos.<\/span><\/li>\n<li style=\"font-weight: 400;\" aria-level=\"1\"><span style=\"font-weight: 400;\">\u0160lapimo tak\u0173 sveikata: Arti\u0161oko lapai ma\u017eina \u0161lapimo koncentracij\u0105, didina \u0161lapimo kiek\u012f ir skatina da\u017enesn\u012f \u0161lapinim\u0105si.<\/span><\/li>\n<\/ul>\n<p><span style=\"font-weight: 400;\">\u201eVirbac W2 Weight Loss &amp; Control Cat\u201c \u2013 tai idealus sprendimas kat\u0117ms, kurioms reikalingas svorio ma\u017einimas ar diabeto valdymas, u\u017etikrinantis optimali\u0105 mityb\u0105 ir sveik\u0105 gyvenimo kokyb\u0119.<\/span><\/p>\n<h3><b>Nerekomenduojama:<\/b><\/h3>\n<ul>\n<li style=\"font-weight: 400;\" aria-level=\"1\"><span style=\"font-weight: 400;\">Augimo laikotarpiu.<\/span><\/li>\n<li style=\"font-weight: 400;\" aria-level=\"1\"><span style=\"font-weight: 400;\">N\u0117\u0161tumo ar laktacijos metu.<\/span><\/li>\n<li style=\"font-weight: 400;\" aria-level=\"1\"><span style=\"font-weight: 400;\">Sergant l\u0117tin\u0117mis inkst\u0173 ligomis.<\/span><\/li>\n<\/ul>\n","protected":false},"excerpt":{"rendered":"<p><span style=\"font-weight: 400;\">Visavertis dietinis \u0117dalas, skirtas kat\u0117ms, kurioms reikia suma\u017einti svor\u012f, palaikyti svorio kontrol\u0119 arba kurios serga diabetu. Formul\u0117 praturtinta dideliu baltym\u0173 kiekiu ir ma\u017eai angliavandeni\u0173, kad palaikyt\u0173 sveik\u0105 raumen\u0173 tonus\u0105 ir skatint\u0173 riebal\u0173 deginim\u0105.<\/span><\/p>\n","protected":false},"featured_media":12774,"template":"","meta":[],"product_brand":[],"product_cat":[114,102,118,348],"product_tag":[],"class_list":{"0":"post-12773","1":"product","2":"type-product","3":"status-publish","4":"has-post-thumbnail","6":"product_cat-kaciu-maistas","7":"product_cat-katems","8":"product_cat-veterinarinis-maistas-katems","9":"product_cat-virbac-kaciu-maistas","10":"pa_prekinis-zenklas-virbac","12":"first","13":"instock","14":"taxable","15":"shipping-taxable","16":"purchasable","17":"product-type-variable"},"yoast_head":"<!-- This site is optimized with the Yoast SEO Premium plugin v27.1 (Yoast SEO v27.3) - https:\/\/yoast.com\/product\/yoast-seo-premium-wordpress\/ -->\n<title>Virbac W2 Weight Loss &amp; Control Cat - anivet.lt<\/title>\n<meta name=\"description\" content=\"Visavertis dietinis \u0117dalas, skirtas kat\u0117ms, kurioms reikia suma\u017einti svor\u012f, palaikyti svorio kontrol\u0119 arba kurios serga diabetu. Formul\u0117 praturtinta dideliu baltym\u0173 kiekiu ir ma\u017eai angliavandeni\u0173, kad palaikyt\u0173 sveik\u0105 raumen\u0173 tonus\u0105 ir skatint\u0173 riebal\u0173 deginim\u0105.\" \/>\n<meta name=\"robots\" content=\"index, follow, max-snippet:-1, max-image-preview:large, max-video-preview:-1\" \/>\n<link rel=\"canonical\" href=\"https:\/\/anivet.lt\/elparduotuve\/produktas\/virbac-w2-weight-loss-control-cat\/\" \/>\n<meta property=\"og:locale\" content=\"lt_LT\" \/>\n<meta property=\"og:type\" content=\"article\" \/>\n<meta property=\"og:title\" content=\"Virbac W2 Weight Loss &amp; Control Cat\" \/>\n<meta property=\"og:description\" content=\"Visavertis dietinis \u0117dalas, skirtas kat\u0117ms, kurioms reikia suma\u017einti svor\u012f, palaikyti svorio kontrol\u0119 arba kurios serga diabetu. Formul\u0117 praturtinta dideliu baltym\u0173 kiekiu ir ma\u017eai angliavandeni\u0173, kad palaikyt\u0173 sveik\u0105 raumen\u0173 tonus\u0105 ir skatint\u0173 riebal\u0173 deginim\u0105.\" \/>\n<meta property=\"og:url\" content=\"https:\/\/anivet.lt\/elparduotuve\/produktas\/virbac-w2-weight-loss-control-cat\/\" \/>\n<meta property=\"og:site_name\" content=\"anivet.lt\" \/>\n<meta property=\"article:modified_time\" content=\"2026-02-23T22:30:46+00:00\" \/>\n<meta property=\"og:image\" content=\"https:\/\/anivet.lt\/elparduotuve\/wp-content\/uploads\/2024\/01\/360096_Bag_VET-HPM_Cat-Weight-Loss-Control-3Kg_face__91651.png\" \/>\n\t<meta property=\"og:image:width\" content=\"640\" \/>\n\t<meta property=\"og:image:height\" content=\"640\" \/>\n\t<meta property=\"og:image:type\" content=\"image\/png\" \/>\n<meta name=\"twitter:card\" content=\"summary_large_image\" \/>\n<meta name=\"twitter:label1\" content=\"Est. reading time\" \/>\n\t<meta name=\"twitter:data1\" content=\"1 minut\u0117\" \/>\n<script type=\"application\/ld+json\" class=\"yoast-schema-graph\">{\"@context\":\"https:\\\/\\\/schema.org\",\"@graph\":[{\"@type\":\"WebPage\",\"@id\":\"https:\\\/\\\/anivet.lt\\\/elparduotuve\\\/produktas\\\/virbac-w2-weight-loss-control-cat\\\/\",\"url\":\"https:\\\/\\\/anivet.lt\\\/elparduotuve\\\/produktas\\\/virbac-w2-weight-loss-control-cat\\\/\",\"name\":\"Virbac W2 Weight Loss &amp; Control Cat - anivet.lt\",\"isPartOf\":{\"@id\":\"https:\\\/\\\/anivet.lt\\\/elparduotuve\\\/#website\"},\"primaryImageOfPage\":{\"@id\":\"https:\\\/\\\/anivet.lt\\\/elparduotuve\\\/produktas\\\/virbac-w2-weight-loss-control-cat\\\/#primaryimage\"},\"image\":{\"@id\":\"https:\\\/\\\/anivet.lt\\\/elparduotuve\\\/produktas\\\/virbac-w2-weight-loss-control-cat\\\/#primaryimage\"},\"thumbnailUrl\":\"https:\\\/\\\/anivet.lt\\\/elparduotuve\\\/wp-content\\\/uploads\\\/2024\\\/01\\\/360096_Bag_VET-HPM_Cat-Weight-Loss-Control-3Kg_face__91651.png\",\"datePublished\":\"2024-01-15T20:23:19+00:00\",\"dateModified\":\"2026-02-23T22:30:46+00:00\",\"description\":\"Visavertis dietinis \u0117dalas, skirtas kat\u0117ms, kurioms reikia suma\u017einti svor\u012f, palaikyti svorio kontrol\u0119 arba kurios serga diabetu. Formul\u0117 praturtinta dideliu baltym\u0173 kiekiu ir ma\u017eai angliavandeni\u0173, kad palaikyt\u0173 sveik\u0105 raumen\u0173 tonus\u0105 ir skatint\u0173 riebal\u0173 deginim\u0105.\",\"breadcrumb\":{\"@id\":\"https:\\\/\\\/anivet.lt\\\/elparduotuve\\\/produktas\\\/virbac-w2-weight-loss-control-cat\\\/#breadcrumb\"},\"inLanguage\":\"lt-LT\",\"potentialAction\":[{\"@type\":\"ReadAction\",\"target\":[\"https:\\\/\\\/anivet.lt\\\/elparduotuve\\\/produktas\\\/virbac-w2-weight-loss-control-cat\\\/\"]}]},{\"@type\":\"ImageObject\",\"inLanguage\":\"lt-LT\",\"@id\":\"https:\\\/\\\/anivet.lt\\\/elparduotuve\\\/produktas\\\/virbac-w2-weight-loss-control-cat\\\/#primaryimage\",\"url\":\"https:\\\/\\\/anivet.lt\\\/elparduotuve\\\/wp-content\\\/uploads\\\/2024\\\/01\\\/360096_Bag_VET-HPM_Cat-Weight-Loss-Control-3Kg_face__91651.png\",\"contentUrl\":\"https:\\\/\\\/anivet.lt\\\/elparduotuve\\\/wp-content\\\/uploads\\\/2024\\\/01\\\/360096_Bag_VET-HPM_Cat-Weight-Loss-Control-3Kg_face__91651.png\",\"width\":640,\"height\":640,\"caption\":\"Virbac W2 Weight Loss &amp; Control Cat\"},{\"@type\":\"BreadcrumbList\",\"@id\":\"https:\\\/\\\/anivet.lt\\\/elparduotuve\\\/produktas\\\/virbac-w2-weight-loss-control-cat\\\/#breadcrumb\",\"itemListElement\":[{\"@type\":\"ListItem\",\"position\":1,\"name\":\"Home\",\"item\":\"https:\\\/\\\/anivet.lt\\\/elparduotuve\\\/\"},{\"@type\":\"ListItem\",\"position\":2,\"name\":\"Produktai\",\"item\":\"https:\\\/\\\/anivet.lt\\\/elparduotuve\\\/produktai\\\/\"},{\"@type\":\"ListItem\",\"position\":3,\"name\":\"Virbac W2 Weight Loss &amp; Control Cat\"}]},{\"@type\":\"WebSite\",\"@id\":\"https:\\\/\\\/anivet.lt\\\/elparduotuve\\\/#website\",\"url\":\"https:\\\/\\\/anivet.lt\\\/elparduotuve\\\/\",\"name\":\"anivet.lt\",\"description\":\"Viskas J\u016bs\u0173 \u0161uns, kat\u0117s prie\u017ei\u016brai\",\"publisher\":{\"@id\":\"https:\\\/\\\/anivet.lt\\\/elparduotuve\\\/#organization\"},\"alternateName\":\"Viskas J\u016bs\u0173 \u0161uns, kat\u0117s prie\u017ei\u016brai\",\"potentialAction\":[{\"@type\":\"SearchAction\",\"target\":{\"@type\":\"EntryPoint\",\"urlTemplate\":\"https:\\\/\\\/anivet.lt\\\/elparduotuve\\\/?s={search_term_string}\"},\"query-input\":{\"@type\":\"PropertyValueSpecification\",\"valueRequired\":true,\"valueName\":\"search_term_string\"}}],\"inLanguage\":\"lt-LT\"},{\"@type\":\"Organization\",\"@id\":\"https:\\\/\\\/anivet.lt\\\/elparduotuve\\\/#organization\",\"name\":\"Viskas J\u016bs\u0173 \u0161uns, kat\u0117s prie\u017ei\u016brai\",\"url\":\"https:\\\/\\\/anivet.lt\\\/elparduotuve\\\/\",\"logo\":{\"@type\":\"ImageObject\",\"inLanguage\":\"lt-LT\",\"@id\":\"https:\\\/\\\/anivet.lt\\\/elparduotuve\\\/#\\\/schema\\\/logo\\\/image\\\/\",\"url\":\"https:\\\/\\\/anivet.lt\\\/elparduotuve\\\/wp-content\\\/uploads\\\/2023\\\/06\\\/logo2.jpg\",\"contentUrl\":\"https:\\\/\\\/anivet.lt\\\/elparduotuve\\\/wp-content\\\/uploads\\\/2023\\\/06\\\/logo2.jpg\",\"width\":655,\"height\":194,\"caption\":\"Viskas J\u016bs\u0173 \u0161uns, kat\u0117s prie\u017ei\u016brai\"},\"image\":{\"@id\":\"https:\\\/\\\/anivet.lt\\\/elparduotuve\\\/#\\\/schema\\\/logo\\\/image\\\/\"}}]}<\/script>\n<!-- \/ Yoast SEO Premium plugin. -->","yoast_head_json":{"title":"Virbac W2 Weight Loss &amp; Control Cat - anivet.lt","description":"Visavertis dietinis \u0117dalas, skirtas kat\u0117ms, kurioms reikia suma\u017einti svor\u012f, palaikyti svorio kontrol\u0119 arba kurios serga diabetu. Formul\u0117 praturtinta dideliu baltym\u0173 kiekiu ir ma\u017eai angliavandeni\u0173, kad palaikyt\u0173 sveik\u0105 raumen\u0173 tonus\u0105 ir skatint\u0173 riebal\u0173 deginim\u0105.","robots":{"index":"index","follow":"follow","max-snippet":"max-snippet:-1","max-image-preview":"max-image-preview:large","max-video-preview":"max-video-preview:-1"},"canonical":"https:\/\/anivet.lt\/elparduotuve\/produktas\/virbac-w2-weight-loss-control-cat\/","og_locale":"lt_LT","og_type":"article","og_title":"Virbac W2 Weight Loss &amp; Control Cat","og_description":"Visavertis dietinis \u0117dalas, skirtas kat\u0117ms, kurioms reikia suma\u017einti svor\u012f, palaikyti svorio kontrol\u0119 arba kurios serga diabetu. Formul\u0117 praturtinta dideliu baltym\u0173 kiekiu ir ma\u017eai angliavandeni\u0173, kad palaikyt\u0173 sveik\u0105 raumen\u0173 tonus\u0105 ir skatint\u0173 riebal\u0173 deginim\u0105.","og_url":"https:\/\/anivet.lt\/elparduotuve\/produktas\/virbac-w2-weight-loss-control-cat\/","og_site_name":"anivet.lt","article_modified_time":"2026-02-23T22:30:46+00:00","og_image":[{"width":640,"height":640,"url":"https:\/\/anivet.lt\/elparduotuve\/wp-content\/uploads\/2024\/01\/360096_Bag_VET-HPM_Cat-Weight-Loss-Control-3Kg_face__91651.png","type":"image\/png"}],"twitter_card":"summary_large_image","twitter_misc":{"Est. reading time":"1 minut\u0117"},"schema":{"@context":"https:\/\/schema.org","@graph":[{"@type":"WebPage","@id":"https:\/\/anivet.lt\/elparduotuve\/produktas\/virbac-w2-weight-loss-control-cat\/","url":"https:\/\/anivet.lt\/elparduotuve\/produktas\/virbac-w2-weight-loss-control-cat\/","name":"Virbac W2 Weight Loss &amp; Control Cat - anivet.lt","isPartOf":{"@id":"https:\/\/anivet.lt\/elparduotuve\/#website"},"primaryImageOfPage":{"@id":"https:\/\/anivet.lt\/elparduotuve\/produktas\/virbac-w2-weight-loss-control-cat\/#primaryimage"},"image":{"@id":"https:\/\/anivet.lt\/elparduotuve\/produktas\/virbac-w2-weight-loss-control-cat\/#primaryimage"},"thumbnailUrl":"https:\/\/anivet.lt\/elparduotuve\/wp-content\/uploads\/2024\/01\/360096_Bag_VET-HPM_Cat-Weight-Loss-Control-3Kg_face__91651.png","datePublished":"2024-01-15T20:23:19+00:00","dateModified":"2026-02-23T22:30:46+00:00","description":"Visavertis dietinis \u0117dalas, skirtas kat\u0117ms, kurioms reikia suma\u017einti svor\u012f, palaikyti svorio kontrol\u0119 arba kurios serga diabetu. Formul\u0117 praturtinta dideliu baltym\u0173 kiekiu ir ma\u017eai angliavandeni\u0173, kad palaikyt\u0173 sveik\u0105 raumen\u0173 tonus\u0105 ir skatint\u0173 riebal\u0173 deginim\u0105.","breadcrumb":{"@id":"https:\/\/anivet.lt\/elparduotuve\/produktas\/virbac-w2-weight-loss-control-cat\/#breadcrumb"},"inLanguage":"lt-LT","potentialAction":[{"@type":"ReadAction","target":["https:\/\/anivet.lt\/elparduotuve\/produktas\/virbac-w2-weight-loss-control-cat\/"]}]},{"@type":"ImageObject","inLanguage":"lt-LT","@id":"https:\/\/anivet.lt\/elparduotuve\/produktas\/virbac-w2-weight-loss-control-cat\/#primaryimage","url":"https:\/\/anivet.lt\/elparduotuve\/wp-content\/uploads\/2024\/01\/360096_Bag_VET-HPM_Cat-Weight-Loss-Control-3Kg_face__91651.png","contentUrl":"https:\/\/anivet.lt\/elparduotuve\/wp-content\/uploads\/2024\/01\/360096_Bag_VET-HPM_Cat-Weight-Loss-Control-3Kg_face__91651.png","width":640,"height":640,"caption":"Virbac W2 Weight Loss &amp; Control Cat"},{"@type":"BreadcrumbList","@id":"https:\/\/anivet.lt\/elparduotuve\/produktas\/virbac-w2-weight-loss-control-cat\/#breadcrumb","itemListElement":[{"@type":"ListItem","position":1,"name":"Home","item":"https:\/\/anivet.lt\/elparduotuve\/"},{"@type":"ListItem","position":2,"name":"Produktai","item":"https:\/\/anivet.lt\/elparduotuve\/produktai\/"},{"@type":"ListItem","position":3,"name":"Virbac W2 Weight Loss &amp; Control Cat"}]},{"@type":"WebSite","@id":"https:\/\/anivet.lt\/elparduotuve\/#website","url":"https:\/\/anivet.lt\/elparduotuve\/","name":"anivet.lt","description":"Viskas J\u016bs\u0173 \u0161uns, kat\u0117s prie\u017ei\u016brai","publisher":{"@id":"https:\/\/anivet.lt\/elparduotuve\/#organization"},"alternateName":"Viskas J\u016bs\u0173 \u0161uns, kat\u0117s prie\u017ei\u016brai","potentialAction":[{"@type":"SearchAction","target":{"@type":"EntryPoint","urlTemplate":"https:\/\/anivet.lt\/elparduotuve\/?s={search_term_string}"},"query-input":{"@type":"PropertyValueSpecification","valueRequired":true,"valueName":"search_term_string"}}],"inLanguage":"lt-LT"},{"@type":"Organization","@id":"https:\/\/anivet.lt\/elparduotuve\/#organization","name":"Viskas J\u016bs\u0173 \u0161uns, kat\u0117s prie\u017ei\u016brai","url":"https:\/\/anivet.lt\/elparduotuve\/","logo":{"@type":"ImageObject","inLanguage":"lt-LT","@id":"https:\/\/anivet.lt\/elparduotuve\/#\/schema\/logo\/image\/","url":"https:\/\/anivet.lt\/elparduotuve\/wp-content\/uploads\/2023\/06\/logo2.jpg","contentUrl":"https:\/\/anivet.lt\/elparduotuve\/wp-content\/uploads\/2023\/06\/logo2.jpg","width":655,"height":194,"caption":"Viskas J\u016bs\u0173 \u0161uns, kat\u0117s prie\u017ei\u016brai"},"image":{"@id":"https:\/\/anivet.lt\/elparduotuve\/#\/schema\/logo\/image\/"}}]}},"_links":{"self":[{"href":"https:\/\/anivet.lt\/elparduotuve\/wp-json\/wp\/v2\/product\/12773","targetHints":{"allow":["GET"]}}],"collection":[{"href":"https:\/\/anivet.lt\/elparduotuve\/wp-json\/wp\/v2\/product"}],"about":[{"href":"https:\/\/anivet.lt\/elparduotuve\/wp-json\/wp\/v2\/types\/product"}],"wp:featuredmedia":[{"embeddable":true,"href":"https:\/\/anivet.lt\/elparduotuve\/wp-json\/wp\/v2\/media\/12774"}],"wp:attachment":[{"href":"https:\/\/anivet.lt\/elparduotuve\/wp-json\/wp\/v2\/media?parent=12773"}],"wp:term":[{"taxonomy":"product_brand","embeddable":true,"href":"https:\/\/anivet.lt\/elparduotuve\/wp-json\/wp\/v2\/product_brand?post=12773"},{"taxonomy":"product_cat","embeddable":true,"href":"https:\/\/anivet.lt\/elparduotuve\/wp-json\/wp\/v2\/product_cat?post=12773"},{"taxonomy":"product_tag","embeddable":true,"href":"https:\/\/anivet.lt\/elparduotuve\/wp-json\/wp\/v2\/product_tag?post=12773"}],"curies":[{"name":"wp","href":"https:\/\/api.w.org\/{rel}","templated":true}]}}