{"id":12791,"date":"2024-01-16T07:55:38","date_gmt":"2024-01-16T07:55:38","guid":{"rendered":"https:\/\/anivet.lt\/elparduotuve\/?post_type=product&#038;p=12791"},"modified":"2026-03-03T11:28:16","modified_gmt":"2026-03-03T11:28:16","slug":"nt-adult-dog-sensitive-no-gluten-m-m-egg-su-kiausiniu-12kg","status":"publish","type":"product","link":"https:\/\/anivet.lt\/elparduotuve\/produktas\/nt-adult-dog-sensitive-no-gluten-m-m-egg-su-kiausiniu-12kg\/","title":{"rendered":"Trainer ADULT DOG SENSITIVE NO GLUTEN M\/M EGG su kiau\u0161iniu 12kg"},"content":{"rendered":"<ul>\n<li style=\"font-weight: 400;\" aria-level=\"1\"><span style=\"font-weight: 400;\">Lengvai vir\u0161kinami kiau\u0161iniai: Dehidratuoti kiau\u0161iniai sudaro net 15%, suteikdami auk\u0161tos kokyb\u0117s baltymus, prilygstan\u010dius 41% \u0161vie\u017ei\u0173 kiau\u0161ini\u0173.<\/span><\/li>\n<li style=\"font-weight: 400;\" aria-level=\"1\"><span style=\"font-weight: 400;\">Be glitimo: Pa\u0161aras tinka \u0161unims su jautrumu glitimui ar alergijomis, u\u017etikrinant lengv\u0105 vir\u0161kinim\u0105.<\/span><\/li>\n<li style=\"font-weight: 400;\" aria-level=\"1\"><span style=\"font-weight: 400;\">Sveiki angliavandeniai: Sud\u0117tyje esantys pilno gr\u016bdo kukur\u016bzai ir rudi ry\u017eiai suteikia ilgalaik\u0117s energijos ir palaiko ger\u0105 vir\u0161kinim\u0105.<\/span><\/li>\n<li style=\"font-weight: 400;\" aria-level=\"1\"><span style=\"font-weight: 400;\">Nat\u016bral\u016bs papildai: Cikorij\u0173 \u0161aknys (inulinas) ir spirulina padeda palaikyti sveik\u0105 \u017earnyno flor\u0105 ir bendr\u0105 imunitet\u0105.<\/span><\/li>\n<li style=\"font-weight: 400;\" aria-level=\"1\"><span style=\"font-weight: 400;\">Papildytas bosvelijos ekstraktu: \u0160is nat\u016bralus ingredientas gali pad\u0117ti palaikyti s\u0105nari\u0173 sveikat\u0105.<\/span><\/li>\n<li style=\"font-weight: 400;\" aria-level=\"1\"><span style=\"font-weight: 400;\">Omega-3 riebiosios r\u016bg\u0161tys: Skatina sveik\u0105 od\u0105 ir blizgant\u012f kail\u012f.<\/span><\/li>\n<\/ul>\n<p><span style=\"font-weight: 400;\">\u0160is pa\u0161aras yra puikus pasirinkimas j\u016bs\u0173 \u0161uniui, jei siekiate subalansuotos mitybos, ma\u017einan\u010dios vir\u0161kinimo ir alergijos problemas. Auk\u0161tos kokyb\u0117s ingredientai ir nat\u016bral\u016bs papildai u\u017etikrina j\u016bs\u0173 augintinio ger\u0105 savijaut\u0105 ir puiki\u0105 gyvenimo kokyb\u0119.<\/span><\/p>\n","protected":false},"excerpt":{"rendered":"<p><span style=\"font-weight: 400;\">Visavertis pa\u0161aras suaugusiems vidutini\u0173 ir dideli\u0173 veisli\u0173 \u0161unims, pasi\u017eymintis jautriai vir\u0161kinimo sistemai pritaikyta sud\u0117timi ir kiau\u0161ini\u0173 kaip pagrindiniu baltym\u0173 \u0161altiniu. Pa\u0161aras sukurtas siekiant u\u017etikrinti ger\u0105 sveikat\u0105 ir energingum\u0105, kartu saugant \u0161uns vir\u0161kinam\u0105j\u012f trakt\u0105.<\/span><\/p>\n","protected":false},"featured_media":12792,"template":"","meta":[],"product_brand":[],"product_cat":[104,101,103,328],"product_tag":[],"class_list":{"0":"post-12791","1":"product","2":"type-product","3":"status-publish","4":"has-post-thumbnail","6":"product_cat-sausas-maistas","7":"product_cat-sunims","8":"product_cat-sunu-maistas","9":"product_cat-trainer-sunu-maistas","10":"pa_prekinis-zenklas-trainer","12":"first","13":"instock","14":"taxable","15":"shipping-taxable","16":"purchasable","17":"product-type-simple"},"yoast_head":"<!-- This site is optimized with the Yoast SEO Premium plugin v27.1 (Yoast SEO v27.3) - https:\/\/yoast.com\/product\/yoast-seo-premium-wordpress\/ -->\n<title>Trainer ADULT DOG SENSITIVE NO GLUTEN M\/M EGG su kiau\u0161iniu 12kg - anivet.lt<\/title>\n<meta name=\"description\" content=\"Visavertis pa\u0161aras suaugusiems vidutini\u0173 ir dideli\u0173 veisli\u0173 \u0161unims, pasi\u017eymintis jautriai vir\u0161kinimo sistemai pritaikyta sud\u0117timi ir kiau\u0161ini\u0173 kaip pagrindiniu baltym\u0173 \u0161altiniu. Pa\u0161aras sukurtas siekiant u\u017etikrinti ger\u0105 sveikat\u0105 ir energingum\u0105, kartu saugant \u0161uns vir\u0161kinam\u0105j\u012f trakt\u0105.\" \/>\n<meta name=\"robots\" content=\"index, follow, max-snippet:-1, max-image-preview:large, max-video-preview:-1\" \/>\n<link rel=\"canonical\" href=\"https:\/\/anivet.lt\/elparduotuve\/produktas\/nt-adult-dog-sensitive-no-gluten-m-m-egg-su-kiausiniu-12kg\/\" \/>\n<meta property=\"og:locale\" content=\"lt_LT\" \/>\n<meta property=\"og:type\" content=\"article\" \/>\n<meta property=\"og:title\" content=\"Trainer ADULT DOG SENSITIVE NO GLUTEN M\/M EGG su kiau\u0161iniu 12kg\" \/>\n<meta property=\"og:description\" content=\"Visavertis pa\u0161aras suaugusiems vidutini\u0173 ir dideli\u0173 veisli\u0173 \u0161unims, pasi\u017eymintis jautriai vir\u0161kinimo sistemai pritaikyta sud\u0117timi ir kiau\u0161ini\u0173 kaip pagrindiniu baltym\u0173 \u0161altiniu. Pa\u0161aras sukurtas siekiant u\u017etikrinti ger\u0105 sveikat\u0105 ir energingum\u0105, kartu saugant \u0161uns vir\u0161kinam\u0105j\u012f trakt\u0105.\" \/>\n<meta property=\"og:url\" content=\"https:\/\/anivet.lt\/elparduotuve\/produktas\/nt-adult-dog-sensitive-no-gluten-m-m-egg-su-kiausiniu-12kg\/\" \/>\n<meta property=\"og:site_name\" content=\"anivet.lt\" \/>\n<meta property=\"article:modified_time\" content=\"2026-03-03T11:28:16+00:00\" \/>\n<meta property=\"og:image\" content=\"https:\/\/anivet.lt\/elparduotuve\/wp-content\/uploads\/2024\/01\/3D_125189_Sensitive_N_Gluten_M_M_Adult_Egg_12Kg.jpg\" \/>\n\t<meta property=\"og:image:width\" content=\"800\" \/>\n\t<meta property=\"og:image:height\" content=\"800\" \/>\n\t<meta property=\"og:image:type\" content=\"image\/jpeg\" \/>\n<meta name=\"twitter:card\" content=\"summary_large_image\" \/>\n<meta name=\"twitter:label1\" content=\"Est. reading time\" \/>\n\t<meta name=\"twitter:data1\" content=\"1 minut\u0117\" \/>\n<script type=\"application\/ld+json\" class=\"yoast-schema-graph\">{\"@context\":\"https:\\\/\\\/schema.org\",\"@graph\":[{\"@type\":\"WebPage\",\"@id\":\"https:\\\/\\\/anivet.lt\\\/elparduotuve\\\/produktas\\\/nt-adult-dog-sensitive-no-gluten-m-m-egg-su-kiausiniu-12kg\\\/\",\"url\":\"https:\\\/\\\/anivet.lt\\\/elparduotuve\\\/produktas\\\/nt-adult-dog-sensitive-no-gluten-m-m-egg-su-kiausiniu-12kg\\\/\",\"name\":\"Trainer ADULT DOG SENSITIVE NO GLUTEN M\\\/M EGG su kiau\u0161iniu 12kg - anivet.lt\",\"isPartOf\":{\"@id\":\"https:\\\/\\\/anivet.lt\\\/elparduotuve\\\/#website\"},\"primaryImageOfPage\":{\"@id\":\"https:\\\/\\\/anivet.lt\\\/elparduotuve\\\/produktas\\\/nt-adult-dog-sensitive-no-gluten-m-m-egg-su-kiausiniu-12kg\\\/#primaryimage\"},\"image\":{\"@id\":\"https:\\\/\\\/anivet.lt\\\/elparduotuve\\\/produktas\\\/nt-adult-dog-sensitive-no-gluten-m-m-egg-su-kiausiniu-12kg\\\/#primaryimage\"},\"thumbnailUrl\":\"https:\\\/\\\/anivet.lt\\\/elparduotuve\\\/wp-content\\\/uploads\\\/2024\\\/01\\\/3D_125189_Sensitive_N_Gluten_M_M_Adult_Egg_12Kg.jpg\",\"datePublished\":\"2024-01-16T07:55:38+00:00\",\"dateModified\":\"2026-03-03T11:28:16+00:00\",\"description\":\"Visavertis pa\u0161aras suaugusiems vidutini\u0173 ir dideli\u0173 veisli\u0173 \u0161unims, pasi\u017eymintis jautriai vir\u0161kinimo sistemai pritaikyta sud\u0117timi ir kiau\u0161ini\u0173 kaip pagrindiniu baltym\u0173 \u0161altiniu. Pa\u0161aras sukurtas siekiant u\u017etikrinti ger\u0105 sveikat\u0105 ir energingum\u0105, kartu saugant \u0161uns vir\u0161kinam\u0105j\u012f trakt\u0105.\",\"breadcrumb\":{\"@id\":\"https:\\\/\\\/anivet.lt\\\/elparduotuve\\\/produktas\\\/nt-adult-dog-sensitive-no-gluten-m-m-egg-su-kiausiniu-12kg\\\/#breadcrumb\"},\"inLanguage\":\"lt-LT\",\"potentialAction\":[{\"@type\":\"ReadAction\",\"target\":[\"https:\\\/\\\/anivet.lt\\\/elparduotuve\\\/produktas\\\/nt-adult-dog-sensitive-no-gluten-m-m-egg-su-kiausiniu-12kg\\\/\"]}]},{\"@type\":\"ImageObject\",\"inLanguage\":\"lt-LT\",\"@id\":\"https:\\\/\\\/anivet.lt\\\/elparduotuve\\\/produktas\\\/nt-adult-dog-sensitive-no-gluten-m-m-egg-su-kiausiniu-12kg\\\/#primaryimage\",\"url\":\"https:\\\/\\\/anivet.lt\\\/elparduotuve\\\/wp-content\\\/uploads\\\/2024\\\/01\\\/3D_125189_Sensitive_N_Gluten_M_M_Adult_Egg_12Kg.jpg\",\"contentUrl\":\"https:\\\/\\\/anivet.lt\\\/elparduotuve\\\/wp-content\\\/uploads\\\/2024\\\/01\\\/3D_125189_Sensitive_N_Gluten_M_M_Adult_Egg_12Kg.jpg\",\"width\":800,\"height\":800,\"caption\":\"NT ADULT DOG SENSITIVE NO GLUTEN M\\\/M EGG su kiau\u0161iniu 12kg\"},{\"@type\":\"BreadcrumbList\",\"@id\":\"https:\\\/\\\/anivet.lt\\\/elparduotuve\\\/produktas\\\/nt-adult-dog-sensitive-no-gluten-m-m-egg-su-kiausiniu-12kg\\\/#breadcrumb\",\"itemListElement\":[{\"@type\":\"ListItem\",\"position\":1,\"name\":\"Home\",\"item\":\"https:\\\/\\\/anivet.lt\\\/elparduotuve\\\/\"},{\"@type\":\"ListItem\",\"position\":2,\"name\":\"Produktai\",\"item\":\"https:\\\/\\\/anivet.lt\\\/elparduotuve\\\/produktai\\\/\"},{\"@type\":\"ListItem\",\"position\":3,\"name\":\"Trainer ADULT DOG SENSITIVE NO GLUTEN M\\\/M EGG su kiau\u0161iniu 12kg\"}]},{\"@type\":\"WebSite\",\"@id\":\"https:\\\/\\\/anivet.lt\\\/elparduotuve\\\/#website\",\"url\":\"https:\\\/\\\/anivet.lt\\\/elparduotuve\\\/\",\"name\":\"anivet.lt\",\"description\":\"Viskas J\u016bs\u0173 \u0161uns, kat\u0117s prie\u017ei\u016brai\",\"publisher\":{\"@id\":\"https:\\\/\\\/anivet.lt\\\/elparduotuve\\\/#organization\"},\"alternateName\":\"Viskas J\u016bs\u0173 \u0161uns, kat\u0117s prie\u017ei\u016brai\",\"potentialAction\":[{\"@type\":\"SearchAction\",\"target\":{\"@type\":\"EntryPoint\",\"urlTemplate\":\"https:\\\/\\\/anivet.lt\\\/elparduotuve\\\/?s={search_term_string}\"},\"query-input\":{\"@type\":\"PropertyValueSpecification\",\"valueRequired\":true,\"valueName\":\"search_term_string\"}}],\"inLanguage\":\"lt-LT\"},{\"@type\":\"Organization\",\"@id\":\"https:\\\/\\\/anivet.lt\\\/elparduotuve\\\/#organization\",\"name\":\"Viskas J\u016bs\u0173 \u0161uns, kat\u0117s prie\u017ei\u016brai\",\"url\":\"https:\\\/\\\/anivet.lt\\\/elparduotuve\\\/\",\"logo\":{\"@type\":\"ImageObject\",\"inLanguage\":\"lt-LT\",\"@id\":\"https:\\\/\\\/anivet.lt\\\/elparduotuve\\\/#\\\/schema\\\/logo\\\/image\\\/\",\"url\":\"https:\\\/\\\/anivet.lt\\\/elparduotuve\\\/wp-content\\\/uploads\\\/2023\\\/06\\\/logo2.jpg\",\"contentUrl\":\"https:\\\/\\\/anivet.lt\\\/elparduotuve\\\/wp-content\\\/uploads\\\/2023\\\/06\\\/logo2.jpg\",\"width\":655,\"height\":194,\"caption\":\"Viskas J\u016bs\u0173 \u0161uns, kat\u0117s prie\u017ei\u016brai\"},\"image\":{\"@id\":\"https:\\\/\\\/anivet.lt\\\/elparduotuve\\\/#\\\/schema\\\/logo\\\/image\\\/\"}}]}<\/script>\n<!-- \/ Yoast SEO Premium plugin. -->","yoast_head_json":{"title":"Trainer ADULT DOG SENSITIVE NO GLUTEN M\/M EGG su kiau\u0161iniu 12kg - anivet.lt","description":"Visavertis pa\u0161aras suaugusiems vidutini\u0173 ir dideli\u0173 veisli\u0173 \u0161unims, pasi\u017eymintis jautriai vir\u0161kinimo sistemai pritaikyta sud\u0117timi ir kiau\u0161ini\u0173 kaip pagrindiniu baltym\u0173 \u0161altiniu. Pa\u0161aras sukurtas siekiant u\u017etikrinti ger\u0105 sveikat\u0105 ir energingum\u0105, kartu saugant \u0161uns vir\u0161kinam\u0105j\u012f trakt\u0105.","robots":{"index":"index","follow":"follow","max-snippet":"max-snippet:-1","max-image-preview":"max-image-preview:large","max-video-preview":"max-video-preview:-1"},"canonical":"https:\/\/anivet.lt\/elparduotuve\/produktas\/nt-adult-dog-sensitive-no-gluten-m-m-egg-su-kiausiniu-12kg\/","og_locale":"lt_LT","og_type":"article","og_title":"Trainer ADULT DOG SENSITIVE NO GLUTEN M\/M EGG su kiau\u0161iniu 12kg","og_description":"Visavertis pa\u0161aras suaugusiems vidutini\u0173 ir dideli\u0173 veisli\u0173 \u0161unims, pasi\u017eymintis jautriai vir\u0161kinimo sistemai pritaikyta sud\u0117timi ir kiau\u0161ini\u0173 kaip pagrindiniu baltym\u0173 \u0161altiniu. Pa\u0161aras sukurtas siekiant u\u017etikrinti ger\u0105 sveikat\u0105 ir energingum\u0105, kartu saugant \u0161uns vir\u0161kinam\u0105j\u012f trakt\u0105.","og_url":"https:\/\/anivet.lt\/elparduotuve\/produktas\/nt-adult-dog-sensitive-no-gluten-m-m-egg-su-kiausiniu-12kg\/","og_site_name":"anivet.lt","article_modified_time":"2026-03-03T11:28:16+00:00","og_image":[{"width":800,"height":800,"url":"https:\/\/anivet.lt\/elparduotuve\/wp-content\/uploads\/2024\/01\/3D_125189_Sensitive_N_Gluten_M_M_Adult_Egg_12Kg.jpg","type":"image\/jpeg"}],"twitter_card":"summary_large_image","twitter_misc":{"Est. reading time":"1 minut\u0117"},"schema":{"@context":"https:\/\/schema.org","@graph":[{"@type":"WebPage","@id":"https:\/\/anivet.lt\/elparduotuve\/produktas\/nt-adult-dog-sensitive-no-gluten-m-m-egg-su-kiausiniu-12kg\/","url":"https:\/\/anivet.lt\/elparduotuve\/produktas\/nt-adult-dog-sensitive-no-gluten-m-m-egg-su-kiausiniu-12kg\/","name":"Trainer ADULT DOG SENSITIVE NO GLUTEN M\/M EGG su kiau\u0161iniu 12kg - anivet.lt","isPartOf":{"@id":"https:\/\/anivet.lt\/elparduotuve\/#website"},"primaryImageOfPage":{"@id":"https:\/\/anivet.lt\/elparduotuve\/produktas\/nt-adult-dog-sensitive-no-gluten-m-m-egg-su-kiausiniu-12kg\/#primaryimage"},"image":{"@id":"https:\/\/anivet.lt\/elparduotuve\/produktas\/nt-adult-dog-sensitive-no-gluten-m-m-egg-su-kiausiniu-12kg\/#primaryimage"},"thumbnailUrl":"https:\/\/anivet.lt\/elparduotuve\/wp-content\/uploads\/2024\/01\/3D_125189_Sensitive_N_Gluten_M_M_Adult_Egg_12Kg.jpg","datePublished":"2024-01-16T07:55:38+00:00","dateModified":"2026-03-03T11:28:16+00:00","description":"Visavertis pa\u0161aras suaugusiems vidutini\u0173 ir dideli\u0173 veisli\u0173 \u0161unims, pasi\u017eymintis jautriai vir\u0161kinimo sistemai pritaikyta sud\u0117timi ir kiau\u0161ini\u0173 kaip pagrindiniu baltym\u0173 \u0161altiniu. Pa\u0161aras sukurtas siekiant u\u017etikrinti ger\u0105 sveikat\u0105 ir energingum\u0105, kartu saugant \u0161uns vir\u0161kinam\u0105j\u012f trakt\u0105.","breadcrumb":{"@id":"https:\/\/anivet.lt\/elparduotuve\/produktas\/nt-adult-dog-sensitive-no-gluten-m-m-egg-su-kiausiniu-12kg\/#breadcrumb"},"inLanguage":"lt-LT","potentialAction":[{"@type":"ReadAction","target":["https:\/\/anivet.lt\/elparduotuve\/produktas\/nt-adult-dog-sensitive-no-gluten-m-m-egg-su-kiausiniu-12kg\/"]}]},{"@type":"ImageObject","inLanguage":"lt-LT","@id":"https:\/\/anivet.lt\/elparduotuve\/produktas\/nt-adult-dog-sensitive-no-gluten-m-m-egg-su-kiausiniu-12kg\/#primaryimage","url":"https:\/\/anivet.lt\/elparduotuve\/wp-content\/uploads\/2024\/01\/3D_125189_Sensitive_N_Gluten_M_M_Adult_Egg_12Kg.jpg","contentUrl":"https:\/\/anivet.lt\/elparduotuve\/wp-content\/uploads\/2024\/01\/3D_125189_Sensitive_N_Gluten_M_M_Adult_Egg_12Kg.jpg","width":800,"height":800,"caption":"NT ADULT DOG SENSITIVE NO GLUTEN M\/M EGG su kiau\u0161iniu 12kg"},{"@type":"BreadcrumbList","@id":"https:\/\/anivet.lt\/elparduotuve\/produktas\/nt-adult-dog-sensitive-no-gluten-m-m-egg-su-kiausiniu-12kg\/#breadcrumb","itemListElement":[{"@type":"ListItem","position":1,"name":"Home","item":"https:\/\/anivet.lt\/elparduotuve\/"},{"@type":"ListItem","position":2,"name":"Produktai","item":"https:\/\/anivet.lt\/elparduotuve\/produktai\/"},{"@type":"ListItem","position":3,"name":"Trainer ADULT DOG SENSITIVE NO GLUTEN M\/M EGG su kiau\u0161iniu 12kg"}]},{"@type":"WebSite","@id":"https:\/\/anivet.lt\/elparduotuve\/#website","url":"https:\/\/anivet.lt\/elparduotuve\/","name":"anivet.lt","description":"Viskas J\u016bs\u0173 \u0161uns, kat\u0117s prie\u017ei\u016brai","publisher":{"@id":"https:\/\/anivet.lt\/elparduotuve\/#organization"},"alternateName":"Viskas J\u016bs\u0173 \u0161uns, kat\u0117s prie\u017ei\u016brai","potentialAction":[{"@type":"SearchAction","target":{"@type":"EntryPoint","urlTemplate":"https:\/\/anivet.lt\/elparduotuve\/?s={search_term_string}"},"query-input":{"@type":"PropertyValueSpecification","valueRequired":true,"valueName":"search_term_string"}}],"inLanguage":"lt-LT"},{"@type":"Organization","@id":"https:\/\/anivet.lt\/elparduotuve\/#organization","name":"Viskas J\u016bs\u0173 \u0161uns, kat\u0117s prie\u017ei\u016brai","url":"https:\/\/anivet.lt\/elparduotuve\/","logo":{"@type":"ImageObject","inLanguage":"lt-LT","@id":"https:\/\/anivet.lt\/elparduotuve\/#\/schema\/logo\/image\/","url":"https:\/\/anivet.lt\/elparduotuve\/wp-content\/uploads\/2023\/06\/logo2.jpg","contentUrl":"https:\/\/anivet.lt\/elparduotuve\/wp-content\/uploads\/2023\/06\/logo2.jpg","width":655,"height":194,"caption":"Viskas J\u016bs\u0173 \u0161uns, kat\u0117s prie\u017ei\u016brai"},"image":{"@id":"https:\/\/anivet.lt\/elparduotuve\/#\/schema\/logo\/image\/"}}]}},"_links":{"self":[{"href":"https:\/\/anivet.lt\/elparduotuve\/wp-json\/wp\/v2\/product\/12791","targetHints":{"allow":["GET"]}}],"collection":[{"href":"https:\/\/anivet.lt\/elparduotuve\/wp-json\/wp\/v2\/product"}],"about":[{"href":"https:\/\/anivet.lt\/elparduotuve\/wp-json\/wp\/v2\/types\/product"}],"wp:featuredmedia":[{"embeddable":true,"href":"https:\/\/anivet.lt\/elparduotuve\/wp-json\/wp\/v2\/media\/12792"}],"wp:attachment":[{"href":"https:\/\/anivet.lt\/elparduotuve\/wp-json\/wp\/v2\/media?parent=12791"}],"wp:term":[{"taxonomy":"product_brand","embeddable":true,"href":"https:\/\/anivet.lt\/elparduotuve\/wp-json\/wp\/v2\/product_brand?post=12791"},{"taxonomy":"product_cat","embeddable":true,"href":"https:\/\/anivet.lt\/elparduotuve\/wp-json\/wp\/v2\/product_cat?post=12791"},{"taxonomy":"product_tag","embeddable":true,"href":"https:\/\/anivet.lt\/elparduotuve\/wp-json\/wp\/v2\/product_tag?post=12791"}],"curies":[{"name":"wp","href":"https:\/\/api.w.org\/{rel}","templated":true}]}}