{"id":12793,"date":"2024-01-16T08:05:40","date_gmt":"2024-01-16T08:05:40","guid":{"rendered":"https:\/\/anivet.lt\/elparduotuve\/?post_type=product&#038;p=12793"},"modified":"2025-12-31T03:00:30","modified_gmt":"2025-12-31T03:00:30","slug":"nt-adult-dog-sensitive-no-gluten-m-m-rabbit-su-triusiena","status":"publish","type":"product","link":"https:\/\/anivet.lt\/elparduotuve\/produktas\/nt-adult-dog-sensitive-no-gluten-m-m-rabbit-su-triusiena\/","title":{"rendered":"Trainer ADULT DOG SENSITIVE NO GLUTEN M\/M RABBIT su triu\u0161iena"},"content":{"rendered":"<ul>\n<li style=\"font-weight: 400;\" aria-level=\"1\"><span style=\"font-weight: 400;\">Hipoalergin\u0117 sud\u0117tis: Sud\u0117tyje esanti triu\u0161iena (13%) ir perdirbti triu\u0161i\u0173 baltymai (8%) yra lengvai vir\u0161kinami ir tinka jautriems \u0161unims.<\/span><\/li>\n<li style=\"font-weight: 400;\" aria-level=\"1\"><span style=\"font-weight: 400;\">Be glitimo: Sud\u0117tyje n\u0117ra glitimo, tod\u0117l pa\u0161aras tinkamas \u0161unims, turintiems netolerancij\u0105 arba jautrum\u0105 gr\u016bdams.<\/span><\/li>\n<li style=\"font-weight: 400;\" aria-level=\"1\"><span style=\"font-weight: 400;\">Sveikas vir\u0161kinimas: D\u017eiovintos cikorijos \u0161aknys ir lignoceliulioz\u0117 suteikia prebiotik\u0173 ir skaidul\u0173 vir\u0161kinimo sistemai palaikyti.<\/span><\/li>\n<li style=\"font-weight: 400;\" aria-level=\"1\"><span style=\"font-weight: 400;\">S\u0105nari\u0173 sveikata: Bosvelijos ekstraktas prisideda prie s\u0105nari\u0173 funkcijos palaikymo ir jud\u0117jimo komforto.<\/span><\/li>\n<li style=\"font-weight: 400;\" aria-level=\"1\"><span style=\"font-weight: 400;\">Odos ir kailio prie\u017ei\u016bra: Omega-3 riebiosios r\u016bg\u0161tys, s\u0117menys ir dumbliai (Schizochytrium spp.) padeda palaikyti sveik\u0105 od\u0105 ir blizgant\u012f kail\u012f.<\/span><\/li>\n<\/ul>\n<p><span style=\"font-weight: 400;\">\u0160is pa\u0161aras puikus pasirinkimas \u0161unims, turintiems jautri\u0105 vir\u0161kinimo sistem\u0105 ar mitybos poreiki\u0173. Gardus pa\u0161aras suteiks ne tik maisting\u0173j\u0173 med\u017eiag\u0173, bet ir komfort\u0105 j\u016bs\u0173 augintiniui kasdien.<\/span><\/p>\n","protected":false},"excerpt":{"rendered":"<p><span style=\"font-weight: 400;\">Visavertis pa\u0161aras vidutini\u0173 ir dideli\u0173 veisli\u0173 suaugusiems \u0161unims. Sukurtas jautriems \u0161unims, \u0161is pa\u0161aras su triu\u0161iena ir be glitimo padeda palaikyti ger\u0105 sveikat\u0105 bei u\u017etikrina auk\u0161t\u0105 skonio kokyb\u0119.<\/span><\/p>\n","protected":false},"featured_media":12794,"template":"","meta":[],"product_brand":[],"product_cat":[101,103,104,328],"product_tag":[],"class_list":{"0":"post-12793","1":"product","2":"type-product","3":"status-publish","4":"has-post-thumbnail","6":"product_cat-sunims","7":"product_cat-sunu-maistas","8":"product_cat-sausas-maistas","9":"product_cat-trainer-sunu-maistas","10":"pa_prekinis-zenklas-trainer","12":"first","13":"instock","14":"taxable","15":"shipping-taxable","16":"purchasable","17":"product-type-variable"},"yoast_head":"<!-- This site is optimized with the Yoast SEO Premium plugin v27.1 (Yoast SEO v27.3) - https:\/\/yoast.com\/product\/yoast-seo-premium-wordpress\/ -->\n<title>Trainer ADULT DOG SENSITIVE NO GLUTEN M\/M RABBIT su triu\u0161iena - anivet.lt<\/title>\n<meta name=\"description\" content=\"Visavertis pa\u0161aras vidutini\u0173 ir dideli\u0173 veisli\u0173 suaugusiems \u0161unims. Sukurtas jautriems \u0161unims, \u0161is pa\u0161aras su triu\u0161iena ir be glitimo padeda palaikyti ger\u0105 sveikat\u0105 bei u\u017etikrina auk\u0161t\u0105 skonio kokyb\u0119.\" \/>\n<meta name=\"robots\" content=\"index, follow, max-snippet:-1, max-image-preview:large, max-video-preview:-1\" \/>\n<link rel=\"canonical\" href=\"https:\/\/anivet.lt\/elparduotuve\/produktas\/nt-adult-dog-sensitive-no-gluten-m-m-rabbit-su-triusiena\/\" \/>\n<meta property=\"og:locale\" content=\"lt_LT\" \/>\n<meta property=\"og:type\" content=\"article\" \/>\n<meta property=\"og:title\" content=\"Trainer ADULT DOG SENSITIVE NO GLUTEN M\/M RABBIT su triu\u0161iena\" \/>\n<meta property=\"og:description\" content=\"Visavertis pa\u0161aras vidutini\u0173 ir dideli\u0173 veisli\u0173 suaugusiems \u0161unims. Sukurtas jautriems \u0161unims, \u0161is pa\u0161aras su triu\u0161iena ir be glitimo padeda palaikyti ger\u0105 sveikat\u0105 bei u\u017etikrina auk\u0161t\u0105 skonio kokyb\u0119.\" \/>\n<meta property=\"og:url\" content=\"https:\/\/anivet.lt\/elparduotuve\/produktas\/nt-adult-dog-sensitive-no-gluten-m-m-rabbit-su-triusiena\/\" \/>\n<meta property=\"og:site_name\" content=\"anivet.lt\" \/>\n<meta property=\"article:modified_time\" content=\"2025-12-31T03:00:30+00:00\" \/>\n<meta property=\"og:image\" content=\"https:\/\/anivet.lt\/elparduotuve\/wp-content\/uploads\/2024\/01\/8059149428161-triusis-12kg.jpg\" \/>\n\t<meta property=\"og:image:width\" content=\"800\" \/>\n\t<meta property=\"og:image:height\" content=\"800\" \/>\n\t<meta property=\"og:image:type\" content=\"image\/jpeg\" \/>\n<meta name=\"twitter:card\" content=\"summary_large_image\" \/>\n<meta name=\"twitter:label1\" content=\"Est. reading time\" \/>\n\t<meta name=\"twitter:data1\" content=\"1 minut\u0117\" \/>\n<script type=\"application\/ld+json\" class=\"yoast-schema-graph\">{\"@context\":\"https:\\\/\\\/schema.org\",\"@graph\":[{\"@type\":\"WebPage\",\"@id\":\"https:\\\/\\\/anivet.lt\\\/elparduotuve\\\/produktas\\\/nt-adult-dog-sensitive-no-gluten-m-m-rabbit-su-triusiena\\\/\",\"url\":\"https:\\\/\\\/anivet.lt\\\/elparduotuve\\\/produktas\\\/nt-adult-dog-sensitive-no-gluten-m-m-rabbit-su-triusiena\\\/\",\"name\":\"Trainer ADULT DOG SENSITIVE NO GLUTEN M\\\/M RABBIT su triu\u0161iena - anivet.lt\",\"isPartOf\":{\"@id\":\"https:\\\/\\\/anivet.lt\\\/elparduotuve\\\/#website\"},\"primaryImageOfPage\":{\"@id\":\"https:\\\/\\\/anivet.lt\\\/elparduotuve\\\/produktas\\\/nt-adult-dog-sensitive-no-gluten-m-m-rabbit-su-triusiena\\\/#primaryimage\"},\"image\":{\"@id\":\"https:\\\/\\\/anivet.lt\\\/elparduotuve\\\/produktas\\\/nt-adult-dog-sensitive-no-gluten-m-m-rabbit-su-triusiena\\\/#primaryimage\"},\"thumbnailUrl\":\"https:\\\/\\\/anivet.lt\\\/elparduotuve\\\/wp-content\\\/uploads\\\/2024\\\/01\\\/8059149428161-triusis-12kg.jpg\",\"datePublished\":\"2024-01-16T08:05:40+00:00\",\"dateModified\":\"2025-12-31T03:00:30+00:00\",\"description\":\"Visavertis pa\u0161aras vidutini\u0173 ir dideli\u0173 veisli\u0173 suaugusiems \u0161unims. Sukurtas jautriems \u0161unims, \u0161is pa\u0161aras su triu\u0161iena ir be glitimo padeda palaikyti ger\u0105 sveikat\u0105 bei u\u017etikrina auk\u0161t\u0105 skonio kokyb\u0119.\",\"breadcrumb\":{\"@id\":\"https:\\\/\\\/anivet.lt\\\/elparduotuve\\\/produktas\\\/nt-adult-dog-sensitive-no-gluten-m-m-rabbit-su-triusiena\\\/#breadcrumb\"},\"inLanguage\":\"lt-LT\",\"potentialAction\":[{\"@type\":\"ReadAction\",\"target\":[\"https:\\\/\\\/anivet.lt\\\/elparduotuve\\\/produktas\\\/nt-adult-dog-sensitive-no-gluten-m-m-rabbit-su-triusiena\\\/\"]}]},{\"@type\":\"ImageObject\",\"inLanguage\":\"lt-LT\",\"@id\":\"https:\\\/\\\/anivet.lt\\\/elparduotuve\\\/produktas\\\/nt-adult-dog-sensitive-no-gluten-m-m-rabbit-su-triusiena\\\/#primaryimage\",\"url\":\"https:\\\/\\\/anivet.lt\\\/elparduotuve\\\/wp-content\\\/uploads\\\/2024\\\/01\\\/8059149428161-triusis-12kg.jpg\",\"contentUrl\":\"https:\\\/\\\/anivet.lt\\\/elparduotuve\\\/wp-content\\\/uploads\\\/2024\\\/01\\\/8059149428161-triusis-12kg.jpg\",\"width\":800,\"height\":800,\"caption\":\"NT ADULT DOG SENSITIVE NO GLUTEN M\\\/M RABBIT su triu\u0161iena\"},{\"@type\":\"BreadcrumbList\",\"@id\":\"https:\\\/\\\/anivet.lt\\\/elparduotuve\\\/produktas\\\/nt-adult-dog-sensitive-no-gluten-m-m-rabbit-su-triusiena\\\/#breadcrumb\",\"itemListElement\":[{\"@type\":\"ListItem\",\"position\":1,\"name\":\"Home\",\"item\":\"https:\\\/\\\/anivet.lt\\\/elparduotuve\\\/\"},{\"@type\":\"ListItem\",\"position\":2,\"name\":\"Produktai\",\"item\":\"https:\\\/\\\/anivet.lt\\\/elparduotuve\\\/produktai\\\/\"},{\"@type\":\"ListItem\",\"position\":3,\"name\":\"Trainer ADULT DOG SENSITIVE NO GLUTEN M\\\/M RABBIT su triu\u0161iena\"}]},{\"@type\":\"WebSite\",\"@id\":\"https:\\\/\\\/anivet.lt\\\/elparduotuve\\\/#website\",\"url\":\"https:\\\/\\\/anivet.lt\\\/elparduotuve\\\/\",\"name\":\"anivet.lt\",\"description\":\"Viskas J\u016bs\u0173 \u0161uns, kat\u0117s prie\u017ei\u016brai\",\"publisher\":{\"@id\":\"https:\\\/\\\/anivet.lt\\\/elparduotuve\\\/#organization\"},\"alternateName\":\"Viskas J\u016bs\u0173 \u0161uns, kat\u0117s prie\u017ei\u016brai\",\"potentialAction\":[{\"@type\":\"SearchAction\",\"target\":{\"@type\":\"EntryPoint\",\"urlTemplate\":\"https:\\\/\\\/anivet.lt\\\/elparduotuve\\\/?s={search_term_string}\"},\"query-input\":{\"@type\":\"PropertyValueSpecification\",\"valueRequired\":true,\"valueName\":\"search_term_string\"}}],\"inLanguage\":\"lt-LT\"},{\"@type\":\"Organization\",\"@id\":\"https:\\\/\\\/anivet.lt\\\/elparduotuve\\\/#organization\",\"name\":\"Viskas J\u016bs\u0173 \u0161uns, kat\u0117s prie\u017ei\u016brai\",\"url\":\"https:\\\/\\\/anivet.lt\\\/elparduotuve\\\/\",\"logo\":{\"@type\":\"ImageObject\",\"inLanguage\":\"lt-LT\",\"@id\":\"https:\\\/\\\/anivet.lt\\\/elparduotuve\\\/#\\\/schema\\\/logo\\\/image\\\/\",\"url\":\"https:\\\/\\\/anivet.lt\\\/elparduotuve\\\/wp-content\\\/uploads\\\/2023\\\/06\\\/logo2.jpg\",\"contentUrl\":\"https:\\\/\\\/anivet.lt\\\/elparduotuve\\\/wp-content\\\/uploads\\\/2023\\\/06\\\/logo2.jpg\",\"width\":655,\"height\":194,\"caption\":\"Viskas J\u016bs\u0173 \u0161uns, kat\u0117s prie\u017ei\u016brai\"},\"image\":{\"@id\":\"https:\\\/\\\/anivet.lt\\\/elparduotuve\\\/#\\\/schema\\\/logo\\\/image\\\/\"}}]}<\/script>\n<!-- \/ Yoast SEO Premium plugin. -->","yoast_head_json":{"title":"Trainer ADULT DOG SENSITIVE NO GLUTEN M\/M RABBIT su triu\u0161iena - anivet.lt","description":"Visavertis pa\u0161aras vidutini\u0173 ir dideli\u0173 veisli\u0173 suaugusiems \u0161unims. Sukurtas jautriems \u0161unims, \u0161is pa\u0161aras su triu\u0161iena ir be glitimo padeda palaikyti ger\u0105 sveikat\u0105 bei u\u017etikrina auk\u0161t\u0105 skonio kokyb\u0119.","robots":{"index":"index","follow":"follow","max-snippet":"max-snippet:-1","max-image-preview":"max-image-preview:large","max-video-preview":"max-video-preview:-1"},"canonical":"https:\/\/anivet.lt\/elparduotuve\/produktas\/nt-adult-dog-sensitive-no-gluten-m-m-rabbit-su-triusiena\/","og_locale":"lt_LT","og_type":"article","og_title":"Trainer ADULT DOG SENSITIVE NO GLUTEN M\/M RABBIT su triu\u0161iena","og_description":"Visavertis pa\u0161aras vidutini\u0173 ir dideli\u0173 veisli\u0173 suaugusiems \u0161unims. Sukurtas jautriems \u0161unims, \u0161is pa\u0161aras su triu\u0161iena ir be glitimo padeda palaikyti ger\u0105 sveikat\u0105 bei u\u017etikrina auk\u0161t\u0105 skonio kokyb\u0119.","og_url":"https:\/\/anivet.lt\/elparduotuve\/produktas\/nt-adult-dog-sensitive-no-gluten-m-m-rabbit-su-triusiena\/","og_site_name":"anivet.lt","article_modified_time":"2025-12-31T03:00:30+00:00","og_image":[{"width":800,"height":800,"url":"https:\/\/anivet.lt\/elparduotuve\/wp-content\/uploads\/2024\/01\/8059149428161-triusis-12kg.jpg","type":"image\/jpeg"}],"twitter_card":"summary_large_image","twitter_misc":{"Est. reading time":"1 minut\u0117"},"schema":{"@context":"https:\/\/schema.org","@graph":[{"@type":"WebPage","@id":"https:\/\/anivet.lt\/elparduotuve\/produktas\/nt-adult-dog-sensitive-no-gluten-m-m-rabbit-su-triusiena\/","url":"https:\/\/anivet.lt\/elparduotuve\/produktas\/nt-adult-dog-sensitive-no-gluten-m-m-rabbit-su-triusiena\/","name":"Trainer ADULT DOG SENSITIVE NO GLUTEN M\/M RABBIT su triu\u0161iena - anivet.lt","isPartOf":{"@id":"https:\/\/anivet.lt\/elparduotuve\/#website"},"primaryImageOfPage":{"@id":"https:\/\/anivet.lt\/elparduotuve\/produktas\/nt-adult-dog-sensitive-no-gluten-m-m-rabbit-su-triusiena\/#primaryimage"},"image":{"@id":"https:\/\/anivet.lt\/elparduotuve\/produktas\/nt-adult-dog-sensitive-no-gluten-m-m-rabbit-su-triusiena\/#primaryimage"},"thumbnailUrl":"https:\/\/anivet.lt\/elparduotuve\/wp-content\/uploads\/2024\/01\/8059149428161-triusis-12kg.jpg","datePublished":"2024-01-16T08:05:40+00:00","dateModified":"2025-12-31T03:00:30+00:00","description":"Visavertis pa\u0161aras vidutini\u0173 ir dideli\u0173 veisli\u0173 suaugusiems \u0161unims. Sukurtas jautriems \u0161unims, \u0161is pa\u0161aras su triu\u0161iena ir be glitimo padeda palaikyti ger\u0105 sveikat\u0105 bei u\u017etikrina auk\u0161t\u0105 skonio kokyb\u0119.","breadcrumb":{"@id":"https:\/\/anivet.lt\/elparduotuve\/produktas\/nt-adult-dog-sensitive-no-gluten-m-m-rabbit-su-triusiena\/#breadcrumb"},"inLanguage":"lt-LT","potentialAction":[{"@type":"ReadAction","target":["https:\/\/anivet.lt\/elparduotuve\/produktas\/nt-adult-dog-sensitive-no-gluten-m-m-rabbit-su-triusiena\/"]}]},{"@type":"ImageObject","inLanguage":"lt-LT","@id":"https:\/\/anivet.lt\/elparduotuve\/produktas\/nt-adult-dog-sensitive-no-gluten-m-m-rabbit-su-triusiena\/#primaryimage","url":"https:\/\/anivet.lt\/elparduotuve\/wp-content\/uploads\/2024\/01\/8059149428161-triusis-12kg.jpg","contentUrl":"https:\/\/anivet.lt\/elparduotuve\/wp-content\/uploads\/2024\/01\/8059149428161-triusis-12kg.jpg","width":800,"height":800,"caption":"NT ADULT DOG SENSITIVE NO GLUTEN M\/M RABBIT su triu\u0161iena"},{"@type":"BreadcrumbList","@id":"https:\/\/anivet.lt\/elparduotuve\/produktas\/nt-adult-dog-sensitive-no-gluten-m-m-rabbit-su-triusiena\/#breadcrumb","itemListElement":[{"@type":"ListItem","position":1,"name":"Home","item":"https:\/\/anivet.lt\/elparduotuve\/"},{"@type":"ListItem","position":2,"name":"Produktai","item":"https:\/\/anivet.lt\/elparduotuve\/produktai\/"},{"@type":"ListItem","position":3,"name":"Trainer ADULT DOG SENSITIVE NO GLUTEN M\/M RABBIT su triu\u0161iena"}]},{"@type":"WebSite","@id":"https:\/\/anivet.lt\/elparduotuve\/#website","url":"https:\/\/anivet.lt\/elparduotuve\/","name":"anivet.lt","description":"Viskas J\u016bs\u0173 \u0161uns, kat\u0117s prie\u017ei\u016brai","publisher":{"@id":"https:\/\/anivet.lt\/elparduotuve\/#organization"},"alternateName":"Viskas J\u016bs\u0173 \u0161uns, kat\u0117s prie\u017ei\u016brai","potentialAction":[{"@type":"SearchAction","target":{"@type":"EntryPoint","urlTemplate":"https:\/\/anivet.lt\/elparduotuve\/?s={search_term_string}"},"query-input":{"@type":"PropertyValueSpecification","valueRequired":true,"valueName":"search_term_string"}}],"inLanguage":"lt-LT"},{"@type":"Organization","@id":"https:\/\/anivet.lt\/elparduotuve\/#organization","name":"Viskas J\u016bs\u0173 \u0161uns, kat\u0117s prie\u017ei\u016brai","url":"https:\/\/anivet.lt\/elparduotuve\/","logo":{"@type":"ImageObject","inLanguage":"lt-LT","@id":"https:\/\/anivet.lt\/elparduotuve\/#\/schema\/logo\/image\/","url":"https:\/\/anivet.lt\/elparduotuve\/wp-content\/uploads\/2023\/06\/logo2.jpg","contentUrl":"https:\/\/anivet.lt\/elparduotuve\/wp-content\/uploads\/2023\/06\/logo2.jpg","width":655,"height":194,"caption":"Viskas J\u016bs\u0173 \u0161uns, kat\u0117s prie\u017ei\u016brai"},"image":{"@id":"https:\/\/anivet.lt\/elparduotuve\/#\/schema\/logo\/image\/"}}]}},"_links":{"self":[{"href":"https:\/\/anivet.lt\/elparduotuve\/wp-json\/wp\/v2\/product\/12793","targetHints":{"allow":["GET"]}}],"collection":[{"href":"https:\/\/anivet.lt\/elparduotuve\/wp-json\/wp\/v2\/product"}],"about":[{"href":"https:\/\/anivet.lt\/elparduotuve\/wp-json\/wp\/v2\/types\/product"}],"wp:featuredmedia":[{"embeddable":true,"href":"https:\/\/anivet.lt\/elparduotuve\/wp-json\/wp\/v2\/media\/12794"}],"wp:attachment":[{"href":"https:\/\/anivet.lt\/elparduotuve\/wp-json\/wp\/v2\/media?parent=12793"}],"wp:term":[{"taxonomy":"product_brand","embeddable":true,"href":"https:\/\/anivet.lt\/elparduotuve\/wp-json\/wp\/v2\/product_brand?post=12793"},{"taxonomy":"product_cat","embeddable":true,"href":"https:\/\/anivet.lt\/elparduotuve\/wp-json\/wp\/v2\/product_cat?post=12793"},{"taxonomy":"product_tag","embeddable":true,"href":"https:\/\/anivet.lt\/elparduotuve\/wp-json\/wp\/v2\/product_tag?post=12793"}],"curies":[{"name":"wp","href":"https:\/\/api.w.org\/{rel}","templated":true}]}}