{"id":12799,"date":"2024-01-16T08:26:39","date_gmt":"2024-01-16T08:26:39","guid":{"rendered":"https:\/\/anivet.lt\/elparduotuve\/?post_type=product&#038;p=12799"},"modified":"2026-04-01T06:03:14","modified_gmt":"2026-04-01T06:03:14","slug":"nt-adult-dog-sensitive-no-gluten-m-m-lamb-su-eriena","status":"publish","type":"product","link":"https:\/\/anivet.lt\/elparduotuve\/produktas\/nt-adult-dog-sensitive-no-gluten-m-m-lamb-su-eriena\/","title":{"rendered":"Trainer ADULT DOG SENSITIVE NO GLUTEN M\/M LAMB su \u0117riena"},"content":{"rendered":"<ul>\n<li style=\"font-weight: 400;\" aria-level=\"1\"><span style=\"font-weight: 400;\">Hipoalergin\u0117 formul\u0117: Sud\u0117tyje n\u0117ra glitimo, tod\u0117l tinka jautriems \u0161unims.<\/span><\/li>\n<li style=\"font-weight: 400;\" aria-level=\"1\"><span style=\"font-weight: 400;\">Auk\u0161tos kokyb\u0117s baltymai: 14,5% dehidratuot\u0173 \u0117rienos baltym\u0173 ir 4% \u0161vie\u017eios \u0117rienos palaiko raumen\u0173 vystym\u0105si.<\/span><\/li>\n<li style=\"font-weight: 400;\" aria-level=\"1\"><span style=\"font-weight: 400;\">Nat\u016bral\u016bs ingredientai: Cikorijos \u0161aknys, ananaso stiebai ir vingr\u016bn\u0117 (spirulina) prisideda prie geresn\u0117s vir\u0161kinimo sveikatos.<\/span><\/li>\n<li style=\"font-weight: 400;\" aria-level=\"1\"><span style=\"font-weight: 400;\">Olibano ekstraktas: Palaiko sveikus s\u0105narius ir mobilum\u0105.<\/span><\/li>\n<li style=\"font-weight: 400;\" aria-level=\"1\"><span style=\"font-weight: 400;\">Riebal\u0173 r\u016bg\u0161\u010di\u0173 balansas: Omega-3 riebal\u0173 r\u016bg\u0161tys gerina odos ir kailio b\u016bkl\u0119.<\/span><\/li>\n<\/ul>\n<p><span style=\"font-weight: 400;\">\u201eNatural Trainer Sensitive\u201d su \u0117riena \u2013 tai nat\u016brali ir subalansuota mityba, pritaikyta \u0161unims su jautria vir\u0161kinimo sistema ar odos problemomis. Su puikiais ingredientais, tokiomis kaip spirulina ir s\u0117menys, \u0161is pa\u0161aras ne tik padeda i\u0161laikyti optimali\u0105 fizin\u0119 form\u0105, bet ir prisideda prie visapusi\u0161kos \u0161uns sveikatos.<\/span><\/p>\n","protected":false},"excerpt":{"rendered":"<p><span style=\"font-weight: 400;\">Visavertis pa\u0161aras suaugusiems vidutini\u0173 ir dideli\u0173 veisli\u0173 \u0161unims, skirtas jautresn\u0117ms vir\u0161kinimo sistemoms. Subalansuotas receptas su \u0117riena suteikia optimal\u0173 baltym\u0173 kiek\u012f ir puik\u0173 skon\u012f.<\/span><\/p>\n","protected":false},"featured_media":12800,"template":"","meta":[],"product_brand":[],"product_cat":[101,103,104,328],"product_tag":[],"class_list":{"0":"post-12799","1":"product","2":"type-product","3":"status-publish","4":"has-post-thumbnail","6":"product_cat-sunims","7":"product_cat-sunu-maistas","8":"product_cat-sausas-maistas","9":"product_cat-trainer-sunu-maistas","10":"pa_prekinis-zenklas-trainer","12":"first","13":"instock","14":"taxable","15":"shipping-taxable","16":"purchasable","17":"product-type-variable"},"yoast_head":"<!-- This site is optimized with the Yoast SEO Premium plugin v27.1 (Yoast SEO v27.3) - https:\/\/yoast.com\/product\/yoast-seo-premium-wordpress\/ -->\n<title>Trainer ADULT DOG SENSITIVE NO GLUTEN M\/M LAMB su \u0117riena - anivet.lt<\/title>\n<meta name=\"description\" content=\"Visavertis pa\u0161aras suaugusiems vidutini\u0173 ir dideli\u0173 veisli\u0173 \u0161unims, skirtas jautresn\u0117ms vir\u0161kinimo sistemoms. Subalansuotas receptas su \u0117riena suteikia optimal\u0173 baltym\u0173 kiek\u012f ir puik\u0173 skon\u012f.\" \/>\n<meta name=\"robots\" content=\"index, follow, max-snippet:-1, max-image-preview:large, max-video-preview:-1\" \/>\n<link rel=\"canonical\" href=\"https:\/\/anivet.lt\/elparduotuve\/produktas\/nt-adult-dog-sensitive-no-gluten-m-m-lamb-su-eriena\/\" \/>\n<meta property=\"og:locale\" content=\"lt_LT\" \/>\n<meta property=\"og:type\" content=\"article\" \/>\n<meta property=\"og:title\" content=\"Trainer ADULT DOG SENSITIVE NO GLUTEN M\/M LAMB su \u0117riena\" \/>\n<meta property=\"og:description\" content=\"Visavertis pa\u0161aras suaugusiems vidutini\u0173 ir dideli\u0173 veisli\u0173 \u0161unims, skirtas jautresn\u0117ms vir\u0161kinimo sistemoms. Subalansuotas receptas su \u0117riena suteikia optimal\u0173 baltym\u0173 kiek\u012f ir puik\u0173 skon\u012f.\" \/>\n<meta property=\"og:url\" content=\"https:\/\/anivet.lt\/elparduotuve\/produktas\/nt-adult-dog-sensitive-no-gluten-m-m-lamb-su-eriena\/\" \/>\n<meta property=\"og:site_name\" content=\"anivet.lt\" \/>\n<meta property=\"article:modified_time\" content=\"2026-04-01T06:03:14+00:00\" \/>\n<meta property=\"og:image\" content=\"https:\/\/anivet.lt\/elparduotuve\/wp-content\/uploads\/2024\/01\/925254_Sensitive-No-Gluten-MM-Adult-Lamb_12Kg_3D.jpg\" \/>\n\t<meta property=\"og:image:width\" content=\"800\" \/>\n\t<meta property=\"og:image:height\" content=\"800\" \/>\n\t<meta property=\"og:image:type\" content=\"image\/jpeg\" \/>\n<meta name=\"twitter:card\" content=\"summary_large_image\" \/>\n<meta name=\"twitter:label1\" content=\"Est. reading time\" \/>\n\t<meta name=\"twitter:data1\" content=\"1 minut\u0117\" \/>\n<script type=\"application\/ld+json\" class=\"yoast-schema-graph\">{\"@context\":\"https:\\\/\\\/schema.org\",\"@graph\":[{\"@type\":\"WebPage\",\"@id\":\"https:\\\/\\\/anivet.lt\\\/elparduotuve\\\/produktas\\\/nt-adult-dog-sensitive-no-gluten-m-m-lamb-su-eriena\\\/\",\"url\":\"https:\\\/\\\/anivet.lt\\\/elparduotuve\\\/produktas\\\/nt-adult-dog-sensitive-no-gluten-m-m-lamb-su-eriena\\\/\",\"name\":\"Trainer ADULT DOG SENSITIVE NO GLUTEN M\\\/M LAMB su \u0117riena - anivet.lt\",\"isPartOf\":{\"@id\":\"https:\\\/\\\/anivet.lt\\\/elparduotuve\\\/#website\"},\"primaryImageOfPage\":{\"@id\":\"https:\\\/\\\/anivet.lt\\\/elparduotuve\\\/produktas\\\/nt-adult-dog-sensitive-no-gluten-m-m-lamb-su-eriena\\\/#primaryimage\"},\"image\":{\"@id\":\"https:\\\/\\\/anivet.lt\\\/elparduotuve\\\/produktas\\\/nt-adult-dog-sensitive-no-gluten-m-m-lamb-su-eriena\\\/#primaryimage\"},\"thumbnailUrl\":\"https:\\\/\\\/anivet.lt\\\/elparduotuve\\\/wp-content\\\/uploads\\\/2024\\\/01\\\/925254_Sensitive-No-Gluten-MM-Adult-Lamb_12Kg_3D.jpg\",\"datePublished\":\"2024-01-16T08:26:39+00:00\",\"dateModified\":\"2026-04-01T06:03:14+00:00\",\"description\":\"Visavertis pa\u0161aras suaugusiems vidutini\u0173 ir dideli\u0173 veisli\u0173 \u0161unims, skirtas jautresn\u0117ms vir\u0161kinimo sistemoms. Subalansuotas receptas su \u0117riena suteikia optimal\u0173 baltym\u0173 kiek\u012f ir puik\u0173 skon\u012f.\",\"breadcrumb\":{\"@id\":\"https:\\\/\\\/anivet.lt\\\/elparduotuve\\\/produktas\\\/nt-adult-dog-sensitive-no-gluten-m-m-lamb-su-eriena\\\/#breadcrumb\"},\"inLanguage\":\"lt-LT\",\"potentialAction\":[{\"@type\":\"ReadAction\",\"target\":[\"https:\\\/\\\/anivet.lt\\\/elparduotuve\\\/produktas\\\/nt-adult-dog-sensitive-no-gluten-m-m-lamb-su-eriena\\\/\"]}]},{\"@type\":\"ImageObject\",\"inLanguage\":\"lt-LT\",\"@id\":\"https:\\\/\\\/anivet.lt\\\/elparduotuve\\\/produktas\\\/nt-adult-dog-sensitive-no-gluten-m-m-lamb-su-eriena\\\/#primaryimage\",\"url\":\"https:\\\/\\\/anivet.lt\\\/elparduotuve\\\/wp-content\\\/uploads\\\/2024\\\/01\\\/925254_Sensitive-No-Gluten-MM-Adult-Lamb_12Kg_3D.jpg\",\"contentUrl\":\"https:\\\/\\\/anivet.lt\\\/elparduotuve\\\/wp-content\\\/uploads\\\/2024\\\/01\\\/925254_Sensitive-No-Gluten-MM-Adult-Lamb_12Kg_3D.jpg\",\"width\":800,\"height\":800,\"caption\":\"NT ADULT DOG SENSITIVE NO GLUTEN M\\\/M LAMB su \u0117riena\"},{\"@type\":\"BreadcrumbList\",\"@id\":\"https:\\\/\\\/anivet.lt\\\/elparduotuve\\\/produktas\\\/nt-adult-dog-sensitive-no-gluten-m-m-lamb-su-eriena\\\/#breadcrumb\",\"itemListElement\":[{\"@type\":\"ListItem\",\"position\":1,\"name\":\"Home\",\"item\":\"https:\\\/\\\/anivet.lt\\\/elparduotuve\\\/\"},{\"@type\":\"ListItem\",\"position\":2,\"name\":\"Produktai\",\"item\":\"https:\\\/\\\/anivet.lt\\\/elparduotuve\\\/produktai\\\/\"},{\"@type\":\"ListItem\",\"position\":3,\"name\":\"Trainer ADULT DOG SENSITIVE NO GLUTEN M\\\/M LAMB su \u0117riena\"}]},{\"@type\":\"WebSite\",\"@id\":\"https:\\\/\\\/anivet.lt\\\/elparduotuve\\\/#website\",\"url\":\"https:\\\/\\\/anivet.lt\\\/elparduotuve\\\/\",\"name\":\"anivet.lt\",\"description\":\"Viskas J\u016bs\u0173 \u0161uns, kat\u0117s prie\u017ei\u016brai\",\"publisher\":{\"@id\":\"https:\\\/\\\/anivet.lt\\\/elparduotuve\\\/#organization\"},\"alternateName\":\"Viskas J\u016bs\u0173 \u0161uns, kat\u0117s prie\u017ei\u016brai\",\"potentialAction\":[{\"@type\":\"SearchAction\",\"target\":{\"@type\":\"EntryPoint\",\"urlTemplate\":\"https:\\\/\\\/anivet.lt\\\/elparduotuve\\\/?s={search_term_string}\"},\"query-input\":{\"@type\":\"PropertyValueSpecification\",\"valueRequired\":true,\"valueName\":\"search_term_string\"}}],\"inLanguage\":\"lt-LT\"},{\"@type\":\"Organization\",\"@id\":\"https:\\\/\\\/anivet.lt\\\/elparduotuve\\\/#organization\",\"name\":\"Viskas J\u016bs\u0173 \u0161uns, kat\u0117s prie\u017ei\u016brai\",\"url\":\"https:\\\/\\\/anivet.lt\\\/elparduotuve\\\/\",\"logo\":{\"@type\":\"ImageObject\",\"inLanguage\":\"lt-LT\",\"@id\":\"https:\\\/\\\/anivet.lt\\\/elparduotuve\\\/#\\\/schema\\\/logo\\\/image\\\/\",\"url\":\"https:\\\/\\\/anivet.lt\\\/elparduotuve\\\/wp-content\\\/uploads\\\/2023\\\/06\\\/logo2.jpg\",\"contentUrl\":\"https:\\\/\\\/anivet.lt\\\/elparduotuve\\\/wp-content\\\/uploads\\\/2023\\\/06\\\/logo2.jpg\",\"width\":655,\"height\":194,\"caption\":\"Viskas J\u016bs\u0173 \u0161uns, kat\u0117s prie\u017ei\u016brai\"},\"image\":{\"@id\":\"https:\\\/\\\/anivet.lt\\\/elparduotuve\\\/#\\\/schema\\\/logo\\\/image\\\/\"}}]}<\/script>\n<!-- \/ Yoast SEO Premium plugin. -->","yoast_head_json":{"title":"Trainer ADULT DOG SENSITIVE NO GLUTEN M\/M LAMB su \u0117riena - anivet.lt","description":"Visavertis pa\u0161aras suaugusiems vidutini\u0173 ir dideli\u0173 veisli\u0173 \u0161unims, skirtas jautresn\u0117ms vir\u0161kinimo sistemoms. Subalansuotas receptas su \u0117riena suteikia optimal\u0173 baltym\u0173 kiek\u012f ir puik\u0173 skon\u012f.","robots":{"index":"index","follow":"follow","max-snippet":"max-snippet:-1","max-image-preview":"max-image-preview:large","max-video-preview":"max-video-preview:-1"},"canonical":"https:\/\/anivet.lt\/elparduotuve\/produktas\/nt-adult-dog-sensitive-no-gluten-m-m-lamb-su-eriena\/","og_locale":"lt_LT","og_type":"article","og_title":"Trainer ADULT DOG SENSITIVE NO GLUTEN M\/M LAMB su \u0117riena","og_description":"Visavertis pa\u0161aras suaugusiems vidutini\u0173 ir dideli\u0173 veisli\u0173 \u0161unims, skirtas jautresn\u0117ms vir\u0161kinimo sistemoms. Subalansuotas receptas su \u0117riena suteikia optimal\u0173 baltym\u0173 kiek\u012f ir puik\u0173 skon\u012f.","og_url":"https:\/\/anivet.lt\/elparduotuve\/produktas\/nt-adult-dog-sensitive-no-gluten-m-m-lamb-su-eriena\/","og_site_name":"anivet.lt","article_modified_time":"2026-04-01T06:03:14+00:00","og_image":[{"width":800,"height":800,"url":"https:\/\/anivet.lt\/elparduotuve\/wp-content\/uploads\/2024\/01\/925254_Sensitive-No-Gluten-MM-Adult-Lamb_12Kg_3D.jpg","type":"image\/jpeg"}],"twitter_card":"summary_large_image","twitter_misc":{"Est. reading time":"1 minut\u0117"},"schema":{"@context":"https:\/\/schema.org","@graph":[{"@type":"WebPage","@id":"https:\/\/anivet.lt\/elparduotuve\/produktas\/nt-adult-dog-sensitive-no-gluten-m-m-lamb-su-eriena\/","url":"https:\/\/anivet.lt\/elparduotuve\/produktas\/nt-adult-dog-sensitive-no-gluten-m-m-lamb-su-eriena\/","name":"Trainer ADULT DOG SENSITIVE NO GLUTEN M\/M LAMB su \u0117riena - anivet.lt","isPartOf":{"@id":"https:\/\/anivet.lt\/elparduotuve\/#website"},"primaryImageOfPage":{"@id":"https:\/\/anivet.lt\/elparduotuve\/produktas\/nt-adult-dog-sensitive-no-gluten-m-m-lamb-su-eriena\/#primaryimage"},"image":{"@id":"https:\/\/anivet.lt\/elparduotuve\/produktas\/nt-adult-dog-sensitive-no-gluten-m-m-lamb-su-eriena\/#primaryimage"},"thumbnailUrl":"https:\/\/anivet.lt\/elparduotuve\/wp-content\/uploads\/2024\/01\/925254_Sensitive-No-Gluten-MM-Adult-Lamb_12Kg_3D.jpg","datePublished":"2024-01-16T08:26:39+00:00","dateModified":"2026-04-01T06:03:14+00:00","description":"Visavertis pa\u0161aras suaugusiems vidutini\u0173 ir dideli\u0173 veisli\u0173 \u0161unims, skirtas jautresn\u0117ms vir\u0161kinimo sistemoms. Subalansuotas receptas su \u0117riena suteikia optimal\u0173 baltym\u0173 kiek\u012f ir puik\u0173 skon\u012f.","breadcrumb":{"@id":"https:\/\/anivet.lt\/elparduotuve\/produktas\/nt-adult-dog-sensitive-no-gluten-m-m-lamb-su-eriena\/#breadcrumb"},"inLanguage":"lt-LT","potentialAction":[{"@type":"ReadAction","target":["https:\/\/anivet.lt\/elparduotuve\/produktas\/nt-adult-dog-sensitive-no-gluten-m-m-lamb-su-eriena\/"]}]},{"@type":"ImageObject","inLanguage":"lt-LT","@id":"https:\/\/anivet.lt\/elparduotuve\/produktas\/nt-adult-dog-sensitive-no-gluten-m-m-lamb-su-eriena\/#primaryimage","url":"https:\/\/anivet.lt\/elparduotuve\/wp-content\/uploads\/2024\/01\/925254_Sensitive-No-Gluten-MM-Adult-Lamb_12Kg_3D.jpg","contentUrl":"https:\/\/anivet.lt\/elparduotuve\/wp-content\/uploads\/2024\/01\/925254_Sensitive-No-Gluten-MM-Adult-Lamb_12Kg_3D.jpg","width":800,"height":800,"caption":"NT ADULT DOG SENSITIVE NO GLUTEN M\/M LAMB su \u0117riena"},{"@type":"BreadcrumbList","@id":"https:\/\/anivet.lt\/elparduotuve\/produktas\/nt-adult-dog-sensitive-no-gluten-m-m-lamb-su-eriena\/#breadcrumb","itemListElement":[{"@type":"ListItem","position":1,"name":"Home","item":"https:\/\/anivet.lt\/elparduotuve\/"},{"@type":"ListItem","position":2,"name":"Produktai","item":"https:\/\/anivet.lt\/elparduotuve\/produktai\/"},{"@type":"ListItem","position":3,"name":"Trainer ADULT DOG SENSITIVE NO GLUTEN M\/M LAMB su \u0117riena"}]},{"@type":"WebSite","@id":"https:\/\/anivet.lt\/elparduotuve\/#website","url":"https:\/\/anivet.lt\/elparduotuve\/","name":"anivet.lt","description":"Viskas J\u016bs\u0173 \u0161uns, kat\u0117s prie\u017ei\u016brai","publisher":{"@id":"https:\/\/anivet.lt\/elparduotuve\/#organization"},"alternateName":"Viskas J\u016bs\u0173 \u0161uns, kat\u0117s prie\u017ei\u016brai","potentialAction":[{"@type":"SearchAction","target":{"@type":"EntryPoint","urlTemplate":"https:\/\/anivet.lt\/elparduotuve\/?s={search_term_string}"},"query-input":{"@type":"PropertyValueSpecification","valueRequired":true,"valueName":"search_term_string"}}],"inLanguage":"lt-LT"},{"@type":"Organization","@id":"https:\/\/anivet.lt\/elparduotuve\/#organization","name":"Viskas J\u016bs\u0173 \u0161uns, kat\u0117s prie\u017ei\u016brai","url":"https:\/\/anivet.lt\/elparduotuve\/","logo":{"@type":"ImageObject","inLanguage":"lt-LT","@id":"https:\/\/anivet.lt\/elparduotuve\/#\/schema\/logo\/image\/","url":"https:\/\/anivet.lt\/elparduotuve\/wp-content\/uploads\/2023\/06\/logo2.jpg","contentUrl":"https:\/\/anivet.lt\/elparduotuve\/wp-content\/uploads\/2023\/06\/logo2.jpg","width":655,"height":194,"caption":"Viskas J\u016bs\u0173 \u0161uns, kat\u0117s prie\u017ei\u016brai"},"image":{"@id":"https:\/\/anivet.lt\/elparduotuve\/#\/schema\/logo\/image\/"}}]}},"_links":{"self":[{"href":"https:\/\/anivet.lt\/elparduotuve\/wp-json\/wp\/v2\/product\/12799","targetHints":{"allow":["GET"]}}],"collection":[{"href":"https:\/\/anivet.lt\/elparduotuve\/wp-json\/wp\/v2\/product"}],"about":[{"href":"https:\/\/anivet.lt\/elparduotuve\/wp-json\/wp\/v2\/types\/product"}],"wp:featuredmedia":[{"embeddable":true,"href":"https:\/\/anivet.lt\/elparduotuve\/wp-json\/wp\/v2\/media\/12800"}],"wp:attachment":[{"href":"https:\/\/anivet.lt\/elparduotuve\/wp-json\/wp\/v2\/media?parent=12799"}],"wp:term":[{"taxonomy":"product_brand","embeddable":true,"href":"https:\/\/anivet.lt\/elparduotuve\/wp-json\/wp\/v2\/product_brand?post=12799"},{"taxonomy":"product_cat","embeddable":true,"href":"https:\/\/anivet.lt\/elparduotuve\/wp-json\/wp\/v2\/product_cat?post=12799"},{"taxonomy":"product_tag","embeddable":true,"href":"https:\/\/anivet.lt\/elparduotuve\/wp-json\/wp\/v2\/product_tag?post=12799"}],"curies":[{"name":"wp","href":"https:\/\/api.w.org\/{rel}","templated":true}]}}