{"id":12807,"date":"2024-01-16T08:56:12","date_gmt":"2024-01-16T08:56:12","guid":{"rendered":"https:\/\/anivet.lt\/elparduotuve\/?post_type=product&#038;p=12807"},"modified":"2025-08-08T10:25:48","modified_gmt":"2025-08-08T10:25:48","slug":"nt-dog-sensitive-no-gluten-puppyjunior-mini-duck-su-antiena-2kg","status":"publish","type":"product","link":"https:\/\/anivet.lt\/elparduotuve\/produktas\/nt-dog-sensitive-no-gluten-puppyjunior-mini-duck-su-antiena-2kg\/","title":{"rendered":"Trainer DOG SENSITIVE NO GLUTEN PUPPY JUNIOR MINI DUCK su antiena 2kg"},"content":{"rendered":"<ul>\n<li style=\"font-weight: 400;\" aria-level=\"1\"><span style=\"font-weight: 400;\">Auk\u0161tos kokyb\u0117s baltymai: Dehidratuoti antienos baltymai (18%) ir antiena (4%) suteikia b\u016btin\u0173 aminor\u016bg\u0161\u010di\u0173 raumen\u0173 vystymuisi ir energijai.<\/span><\/li>\n<li style=\"font-weight: 400;\" aria-level=\"1\"><span style=\"font-weight: 400;\">Be glitimo: Sud\u0117tyje n\u0117ra glitimo, tod\u0117l pa\u0161aras tinkamas jautriems \u0161uniukams.<\/span><\/li>\n<li style=\"font-weight: 400;\" aria-level=\"1\"><span style=\"font-weight: 400;\">Sveikas vir\u0161kinimas: Cikorij\u0173 \u0161aknys, lignoceliulioz\u0117 ir \u017eirniai prisideda prie geros vir\u0161kinimo sistemos funkcijos ir \u017earnyno sveikatos.<\/span><\/li>\n<li style=\"font-weight: 400;\" aria-level=\"1\"><span style=\"font-weight: 400;\">Ma\u017e\u0173 veisli\u0173 poreikiams: Pritaikytos granul\u0117s lengvai kramtomos ir puikiai tinka ma\u017eiems \u0161uniukams.<\/span><\/li>\n<li style=\"font-weight: 400;\" aria-level=\"1\"><span style=\"font-weight: 400;\">Sveika oda ir kailis: S\u0117menys, omega-3 riebiosios r\u016bg\u0161tys ir d\u017eiovinta \u0161eruotoji juka (Yucca Schidigera) palaiko odos sveikat\u0105 ir kailio blizges\u012f.<\/span><\/li>\n<\/ul>\n<p><span style=\"font-weight: 400;\">Pa\u0161aras, skirtas sveikam augimui ir kasdieniam energijos palaikymui, atitinka net jautriausi\u0173 ma\u017e\u0173 \u0161uniuk\u0173 poreikius. Puikus pasirinkimas augan\u010diam j\u016bs\u0173 augintiniui.<\/span><\/p>\n","protected":false},"excerpt":{"rendered":"<p><span style=\"font-weight: 400;\">Visavertis pa\u0161aras ma\u017e\u0173 ir itin ma\u017e\u0173 veisli\u0173 \u0161uniukams nuo 2 m\u0117nesi\u0173 am\u017eiaus su antiena. \u0160is be glitimo pa\u0161aras sukurtas atsi\u017evelgiant \u012f augan\u010di\u0173 \u0161uniuk\u0173 poreikius, u\u017etikrinant j\u0173 sveik\u0105 augim\u0105 ir subalansuot\u0105 mityb\u0105.<\/span><\/p>\n","protected":false},"featured_media":12808,"template":"","meta":[],"product_brand":[],"product_cat":[101,103,104,328],"product_tag":[],"class_list":{"0":"post-12807","1":"product","2":"type-product","3":"status-publish","4":"has-post-thumbnail","6":"product_cat-sunims","7":"product_cat-sunu-maistas","8":"product_cat-sausas-maistas","9":"product_cat-trainer-sunu-maistas","10":"pa_prekinis-zenklas-trainer","12":"first","13":"outofstock","14":"taxable","15":"shipping-taxable","16":"purchasable","17":"product-type-simple"},"yoast_head":"<!-- This site is optimized with the Yoast SEO Premium plugin v27.1 (Yoast SEO v27.3) - https:\/\/yoast.com\/product\/yoast-seo-premium-wordpress\/ -->\n<title>Trainer DOG SENSITIVE NO GLUTEN PUPPY JUNIOR MINI DUCK su antiena 2kg - anivet.lt<\/title>\n<meta name=\"description\" content=\"Visavertis pa\u0161aras ma\u017e\u0173 ir itin ma\u017e\u0173 veisli\u0173 \u0161uniukams nuo 2 m\u0117nesi\u0173 am\u017eiaus su antiena. \u0160is be glitimo pa\u0161aras sukurtas atsi\u017evelgiant \u012f augan\u010di\u0173 \u0161uniuk\u0173 poreikius, u\u017etikrinant j\u0173 sveik\u0105 augim\u0105 ir subalansuot\u0105 mityb\u0105.\" \/>\n<meta name=\"robots\" content=\"index, follow, max-snippet:-1, max-image-preview:large, max-video-preview:-1\" \/>\n<link rel=\"canonical\" href=\"https:\/\/anivet.lt\/elparduotuve\/produktas\/nt-dog-sensitive-no-gluten-puppyjunior-mini-duck-su-antiena-2kg\/\" \/>\n<meta property=\"og:locale\" content=\"lt_LT\" \/>\n<meta property=\"og:type\" content=\"article\" \/>\n<meta property=\"og:title\" content=\"Trainer DOG SENSITIVE NO GLUTEN PUPPY JUNIOR MINI DUCK su antiena 2kg\" \/>\n<meta property=\"og:description\" content=\"Visavertis pa\u0161aras ma\u017e\u0173 ir itin ma\u017e\u0173 veisli\u0173 \u0161uniukams nuo 2 m\u0117nesi\u0173 am\u017eiaus su antiena. \u0160is be glitimo pa\u0161aras sukurtas atsi\u017evelgiant \u012f augan\u010di\u0173 \u0161uniuk\u0173 poreikius, u\u017etikrinant j\u0173 sveik\u0105 augim\u0105 ir subalansuot\u0105 mityb\u0105.\" \/>\n<meta property=\"og:url\" content=\"https:\/\/anivet.lt\/elparduotuve\/produktas\/nt-dog-sensitive-no-gluten-puppyjunior-mini-duck-su-antiena-2kg\/\" \/>\n<meta property=\"og:site_name\" content=\"anivet.lt\" \/>\n<meta property=\"article:modified_time\" content=\"2025-08-08T10:25:48+00:00\" \/>\n<meta property=\"og:image\" content=\"https:\/\/anivet.lt\/elparduotuve\/wp-content\/uploads\/2024\/01\/AFF_TRA09_Sensitive_N_Gluten_S_T_Puppy_Duck_2Kg_3Dlat-01.jpg\" \/>\n\t<meta property=\"og:image:width\" content=\"800\" \/>\n\t<meta property=\"og:image:height\" content=\"800\" \/>\n\t<meta property=\"og:image:type\" content=\"image\/jpeg\" \/>\n<meta name=\"twitter:card\" content=\"summary_large_image\" \/>\n<meta name=\"twitter:label1\" content=\"Est. reading time\" \/>\n\t<meta name=\"twitter:data1\" content=\"1 minut\u0117\" \/>\n<script type=\"application\/ld+json\" class=\"yoast-schema-graph\">{\"@context\":\"https:\\\/\\\/schema.org\",\"@graph\":[{\"@type\":\"WebPage\",\"@id\":\"https:\\\/\\\/anivet.lt\\\/elparduotuve\\\/produktas\\\/nt-dog-sensitive-no-gluten-puppyjunior-mini-duck-su-antiena-2kg\\\/\",\"url\":\"https:\\\/\\\/anivet.lt\\\/elparduotuve\\\/produktas\\\/nt-dog-sensitive-no-gluten-puppyjunior-mini-duck-su-antiena-2kg\\\/\",\"name\":\"Trainer DOG SENSITIVE NO GLUTEN PUPPY JUNIOR MINI DUCK su antiena 2kg - anivet.lt\",\"isPartOf\":{\"@id\":\"https:\\\/\\\/anivet.lt\\\/elparduotuve\\\/#website\"},\"primaryImageOfPage\":{\"@id\":\"https:\\\/\\\/anivet.lt\\\/elparduotuve\\\/produktas\\\/nt-dog-sensitive-no-gluten-puppyjunior-mini-duck-su-antiena-2kg\\\/#primaryimage\"},\"image\":{\"@id\":\"https:\\\/\\\/anivet.lt\\\/elparduotuve\\\/produktas\\\/nt-dog-sensitive-no-gluten-puppyjunior-mini-duck-su-antiena-2kg\\\/#primaryimage\"},\"thumbnailUrl\":\"https:\\\/\\\/anivet.lt\\\/elparduotuve\\\/wp-content\\\/uploads\\\/2024\\\/01\\\/AFF_TRA09_Sensitive_N_Gluten_S_T_Puppy_Duck_2Kg_3Dlat-01.jpg\",\"datePublished\":\"2024-01-16T08:56:12+00:00\",\"dateModified\":\"2025-08-08T10:25:48+00:00\",\"description\":\"Visavertis pa\u0161aras ma\u017e\u0173 ir itin ma\u017e\u0173 veisli\u0173 \u0161uniukams nuo 2 m\u0117nesi\u0173 am\u017eiaus su antiena. \u0160is be glitimo pa\u0161aras sukurtas atsi\u017evelgiant \u012f augan\u010di\u0173 \u0161uniuk\u0173 poreikius, u\u017etikrinant j\u0173 sveik\u0105 augim\u0105 ir subalansuot\u0105 mityb\u0105.\",\"breadcrumb\":{\"@id\":\"https:\\\/\\\/anivet.lt\\\/elparduotuve\\\/produktas\\\/nt-dog-sensitive-no-gluten-puppyjunior-mini-duck-su-antiena-2kg\\\/#breadcrumb\"},\"inLanguage\":\"lt-LT\",\"potentialAction\":[{\"@type\":\"ReadAction\",\"target\":[\"https:\\\/\\\/anivet.lt\\\/elparduotuve\\\/produktas\\\/nt-dog-sensitive-no-gluten-puppyjunior-mini-duck-su-antiena-2kg\\\/\"]}]},{\"@type\":\"ImageObject\",\"inLanguage\":\"lt-LT\",\"@id\":\"https:\\\/\\\/anivet.lt\\\/elparduotuve\\\/produktas\\\/nt-dog-sensitive-no-gluten-puppyjunior-mini-duck-su-antiena-2kg\\\/#primaryimage\",\"url\":\"https:\\\/\\\/anivet.lt\\\/elparduotuve\\\/wp-content\\\/uploads\\\/2024\\\/01\\\/AFF_TRA09_Sensitive_N_Gluten_S_T_Puppy_Duck_2Kg_3Dlat-01.jpg\",\"contentUrl\":\"https:\\\/\\\/anivet.lt\\\/elparduotuve\\\/wp-content\\\/uploads\\\/2024\\\/01\\\/AFF_TRA09_Sensitive_N_Gluten_S_T_Puppy_Duck_2Kg_3Dlat-01.jpg\",\"width\":800,\"height\":800,\"caption\":\"NT DOG SENSITIVE NO GLUTEN PUPPY JUNIOR MINI DUCK su antiena 2kg\"},{\"@type\":\"BreadcrumbList\",\"@id\":\"https:\\\/\\\/anivet.lt\\\/elparduotuve\\\/produktas\\\/nt-dog-sensitive-no-gluten-puppyjunior-mini-duck-su-antiena-2kg\\\/#breadcrumb\",\"itemListElement\":[{\"@type\":\"ListItem\",\"position\":1,\"name\":\"Home\",\"item\":\"https:\\\/\\\/anivet.lt\\\/elparduotuve\\\/\"},{\"@type\":\"ListItem\",\"position\":2,\"name\":\"Produktai\",\"item\":\"https:\\\/\\\/anivet.lt\\\/elparduotuve\\\/produktai\\\/\"},{\"@type\":\"ListItem\",\"position\":3,\"name\":\"Trainer DOG SENSITIVE NO GLUTEN PUPPY JUNIOR MINI DUCK su antiena 2kg\"}]},{\"@type\":\"WebSite\",\"@id\":\"https:\\\/\\\/anivet.lt\\\/elparduotuve\\\/#website\",\"url\":\"https:\\\/\\\/anivet.lt\\\/elparduotuve\\\/\",\"name\":\"anivet.lt\",\"description\":\"Viskas J\u016bs\u0173 \u0161uns, kat\u0117s prie\u017ei\u016brai\",\"publisher\":{\"@id\":\"https:\\\/\\\/anivet.lt\\\/elparduotuve\\\/#organization\"},\"alternateName\":\"Viskas J\u016bs\u0173 \u0161uns, kat\u0117s prie\u017ei\u016brai\",\"potentialAction\":[{\"@type\":\"SearchAction\",\"target\":{\"@type\":\"EntryPoint\",\"urlTemplate\":\"https:\\\/\\\/anivet.lt\\\/elparduotuve\\\/?s={search_term_string}\"},\"query-input\":{\"@type\":\"PropertyValueSpecification\",\"valueRequired\":true,\"valueName\":\"search_term_string\"}}],\"inLanguage\":\"lt-LT\"},{\"@type\":\"Organization\",\"@id\":\"https:\\\/\\\/anivet.lt\\\/elparduotuve\\\/#organization\",\"name\":\"Viskas J\u016bs\u0173 \u0161uns, kat\u0117s prie\u017ei\u016brai\",\"url\":\"https:\\\/\\\/anivet.lt\\\/elparduotuve\\\/\",\"logo\":{\"@type\":\"ImageObject\",\"inLanguage\":\"lt-LT\",\"@id\":\"https:\\\/\\\/anivet.lt\\\/elparduotuve\\\/#\\\/schema\\\/logo\\\/image\\\/\",\"url\":\"https:\\\/\\\/anivet.lt\\\/elparduotuve\\\/wp-content\\\/uploads\\\/2023\\\/06\\\/logo2.jpg\",\"contentUrl\":\"https:\\\/\\\/anivet.lt\\\/elparduotuve\\\/wp-content\\\/uploads\\\/2023\\\/06\\\/logo2.jpg\",\"width\":655,\"height\":194,\"caption\":\"Viskas J\u016bs\u0173 \u0161uns, kat\u0117s prie\u017ei\u016brai\"},\"image\":{\"@id\":\"https:\\\/\\\/anivet.lt\\\/elparduotuve\\\/#\\\/schema\\\/logo\\\/image\\\/\"}}]}<\/script>\n<!-- \/ Yoast SEO Premium plugin. -->","yoast_head_json":{"title":"Trainer DOG SENSITIVE NO GLUTEN PUPPY JUNIOR MINI DUCK su antiena 2kg - anivet.lt","description":"Visavertis pa\u0161aras ma\u017e\u0173 ir itin ma\u017e\u0173 veisli\u0173 \u0161uniukams nuo 2 m\u0117nesi\u0173 am\u017eiaus su antiena. \u0160is be glitimo pa\u0161aras sukurtas atsi\u017evelgiant \u012f augan\u010di\u0173 \u0161uniuk\u0173 poreikius, u\u017etikrinant j\u0173 sveik\u0105 augim\u0105 ir subalansuot\u0105 mityb\u0105.","robots":{"index":"index","follow":"follow","max-snippet":"max-snippet:-1","max-image-preview":"max-image-preview:large","max-video-preview":"max-video-preview:-1"},"canonical":"https:\/\/anivet.lt\/elparduotuve\/produktas\/nt-dog-sensitive-no-gluten-puppyjunior-mini-duck-su-antiena-2kg\/","og_locale":"lt_LT","og_type":"article","og_title":"Trainer DOG SENSITIVE NO GLUTEN PUPPY JUNIOR MINI DUCK su antiena 2kg","og_description":"Visavertis pa\u0161aras ma\u017e\u0173 ir itin ma\u017e\u0173 veisli\u0173 \u0161uniukams nuo 2 m\u0117nesi\u0173 am\u017eiaus su antiena. \u0160is be glitimo pa\u0161aras sukurtas atsi\u017evelgiant \u012f augan\u010di\u0173 \u0161uniuk\u0173 poreikius, u\u017etikrinant j\u0173 sveik\u0105 augim\u0105 ir subalansuot\u0105 mityb\u0105.","og_url":"https:\/\/anivet.lt\/elparduotuve\/produktas\/nt-dog-sensitive-no-gluten-puppyjunior-mini-duck-su-antiena-2kg\/","og_site_name":"anivet.lt","article_modified_time":"2025-08-08T10:25:48+00:00","og_image":[{"width":800,"height":800,"url":"https:\/\/anivet.lt\/elparduotuve\/wp-content\/uploads\/2024\/01\/AFF_TRA09_Sensitive_N_Gluten_S_T_Puppy_Duck_2Kg_3Dlat-01.jpg","type":"image\/jpeg"}],"twitter_card":"summary_large_image","twitter_misc":{"Est. reading time":"1 minut\u0117"},"schema":{"@context":"https:\/\/schema.org","@graph":[{"@type":"WebPage","@id":"https:\/\/anivet.lt\/elparduotuve\/produktas\/nt-dog-sensitive-no-gluten-puppyjunior-mini-duck-su-antiena-2kg\/","url":"https:\/\/anivet.lt\/elparduotuve\/produktas\/nt-dog-sensitive-no-gluten-puppyjunior-mini-duck-su-antiena-2kg\/","name":"Trainer DOG SENSITIVE NO GLUTEN PUPPY JUNIOR MINI DUCK su antiena 2kg - anivet.lt","isPartOf":{"@id":"https:\/\/anivet.lt\/elparduotuve\/#website"},"primaryImageOfPage":{"@id":"https:\/\/anivet.lt\/elparduotuve\/produktas\/nt-dog-sensitive-no-gluten-puppyjunior-mini-duck-su-antiena-2kg\/#primaryimage"},"image":{"@id":"https:\/\/anivet.lt\/elparduotuve\/produktas\/nt-dog-sensitive-no-gluten-puppyjunior-mini-duck-su-antiena-2kg\/#primaryimage"},"thumbnailUrl":"https:\/\/anivet.lt\/elparduotuve\/wp-content\/uploads\/2024\/01\/AFF_TRA09_Sensitive_N_Gluten_S_T_Puppy_Duck_2Kg_3Dlat-01.jpg","datePublished":"2024-01-16T08:56:12+00:00","dateModified":"2025-08-08T10:25:48+00:00","description":"Visavertis pa\u0161aras ma\u017e\u0173 ir itin ma\u017e\u0173 veisli\u0173 \u0161uniukams nuo 2 m\u0117nesi\u0173 am\u017eiaus su antiena. \u0160is be glitimo pa\u0161aras sukurtas atsi\u017evelgiant \u012f augan\u010di\u0173 \u0161uniuk\u0173 poreikius, u\u017etikrinant j\u0173 sveik\u0105 augim\u0105 ir subalansuot\u0105 mityb\u0105.","breadcrumb":{"@id":"https:\/\/anivet.lt\/elparduotuve\/produktas\/nt-dog-sensitive-no-gluten-puppyjunior-mini-duck-su-antiena-2kg\/#breadcrumb"},"inLanguage":"lt-LT","potentialAction":[{"@type":"ReadAction","target":["https:\/\/anivet.lt\/elparduotuve\/produktas\/nt-dog-sensitive-no-gluten-puppyjunior-mini-duck-su-antiena-2kg\/"]}]},{"@type":"ImageObject","inLanguage":"lt-LT","@id":"https:\/\/anivet.lt\/elparduotuve\/produktas\/nt-dog-sensitive-no-gluten-puppyjunior-mini-duck-su-antiena-2kg\/#primaryimage","url":"https:\/\/anivet.lt\/elparduotuve\/wp-content\/uploads\/2024\/01\/AFF_TRA09_Sensitive_N_Gluten_S_T_Puppy_Duck_2Kg_3Dlat-01.jpg","contentUrl":"https:\/\/anivet.lt\/elparduotuve\/wp-content\/uploads\/2024\/01\/AFF_TRA09_Sensitive_N_Gluten_S_T_Puppy_Duck_2Kg_3Dlat-01.jpg","width":800,"height":800,"caption":"NT DOG SENSITIVE NO GLUTEN PUPPY JUNIOR MINI DUCK su antiena 2kg"},{"@type":"BreadcrumbList","@id":"https:\/\/anivet.lt\/elparduotuve\/produktas\/nt-dog-sensitive-no-gluten-puppyjunior-mini-duck-su-antiena-2kg\/#breadcrumb","itemListElement":[{"@type":"ListItem","position":1,"name":"Home","item":"https:\/\/anivet.lt\/elparduotuve\/"},{"@type":"ListItem","position":2,"name":"Produktai","item":"https:\/\/anivet.lt\/elparduotuve\/produktai\/"},{"@type":"ListItem","position":3,"name":"Trainer DOG SENSITIVE NO GLUTEN PUPPY JUNIOR MINI DUCK su antiena 2kg"}]},{"@type":"WebSite","@id":"https:\/\/anivet.lt\/elparduotuve\/#website","url":"https:\/\/anivet.lt\/elparduotuve\/","name":"anivet.lt","description":"Viskas J\u016bs\u0173 \u0161uns, kat\u0117s prie\u017ei\u016brai","publisher":{"@id":"https:\/\/anivet.lt\/elparduotuve\/#organization"},"alternateName":"Viskas J\u016bs\u0173 \u0161uns, kat\u0117s prie\u017ei\u016brai","potentialAction":[{"@type":"SearchAction","target":{"@type":"EntryPoint","urlTemplate":"https:\/\/anivet.lt\/elparduotuve\/?s={search_term_string}"},"query-input":{"@type":"PropertyValueSpecification","valueRequired":true,"valueName":"search_term_string"}}],"inLanguage":"lt-LT"},{"@type":"Organization","@id":"https:\/\/anivet.lt\/elparduotuve\/#organization","name":"Viskas J\u016bs\u0173 \u0161uns, kat\u0117s prie\u017ei\u016brai","url":"https:\/\/anivet.lt\/elparduotuve\/","logo":{"@type":"ImageObject","inLanguage":"lt-LT","@id":"https:\/\/anivet.lt\/elparduotuve\/#\/schema\/logo\/image\/","url":"https:\/\/anivet.lt\/elparduotuve\/wp-content\/uploads\/2023\/06\/logo2.jpg","contentUrl":"https:\/\/anivet.lt\/elparduotuve\/wp-content\/uploads\/2023\/06\/logo2.jpg","width":655,"height":194,"caption":"Viskas J\u016bs\u0173 \u0161uns, kat\u0117s prie\u017ei\u016brai"},"image":{"@id":"https:\/\/anivet.lt\/elparduotuve\/#\/schema\/logo\/image\/"}}]}},"_links":{"self":[{"href":"https:\/\/anivet.lt\/elparduotuve\/wp-json\/wp\/v2\/product\/12807","targetHints":{"allow":["GET"]}}],"collection":[{"href":"https:\/\/anivet.lt\/elparduotuve\/wp-json\/wp\/v2\/product"}],"about":[{"href":"https:\/\/anivet.lt\/elparduotuve\/wp-json\/wp\/v2\/types\/product"}],"wp:featuredmedia":[{"embeddable":true,"href":"https:\/\/anivet.lt\/elparduotuve\/wp-json\/wp\/v2\/media\/12808"}],"wp:attachment":[{"href":"https:\/\/anivet.lt\/elparduotuve\/wp-json\/wp\/v2\/media?parent=12807"}],"wp:term":[{"taxonomy":"product_brand","embeddable":true,"href":"https:\/\/anivet.lt\/elparduotuve\/wp-json\/wp\/v2\/product_brand?post=12807"},{"taxonomy":"product_cat","embeddable":true,"href":"https:\/\/anivet.lt\/elparduotuve\/wp-json\/wp\/v2\/product_cat?post=12807"},{"taxonomy":"product_tag","embeddable":true,"href":"https:\/\/anivet.lt\/elparduotuve\/wp-json\/wp\/v2\/product_tag?post=12807"}],"curies":[{"name":"wp","href":"https:\/\/api.w.org\/{rel}","templated":true}]}}