{"id":12809,"date":"2024-01-16T09:03:56","date_gmt":"2024-01-16T09:03:56","guid":{"rendered":"https:\/\/anivet.lt\/elparduotuve\/?post_type=product&#038;p=12809"},"modified":"2026-04-01T06:27:31","modified_gmt":"2026-04-01T06:27:31","slug":"nt-dog-sensitive-no-gluten-puppy-junior-mini-salmon-su-lasisa-2kg","status":"publish","type":"product","link":"https:\/\/anivet.lt\/elparduotuve\/produktas\/nt-dog-sensitive-no-gluten-puppy-junior-mini-salmon-su-lasisa-2kg\/","title":{"rendered":"Trainer DOG SENSITIVE NO GLUTEN PUPPY JUNIOR MINI SALMON su la\u0161i\u0161a 2kg"},"content":{"rendered":"<p><span style=\"font-weight: 400;\">Visavertis, subalansuotas sausas Trainer pa\u0161aras, specialiai sukurtas ma\u017e\u0173 ir itin ma\u017e\u0173 veisli\u0173 \u0161uniukams nuo 2 m\u0117nesi\u0173. Su la\u0161i\u0161a kaip vieninteliu gyv\u016bnin\u0117s kilm\u0117s baltym\u0173 \u0161altiniu, u\u017etikrinant ger\u0105 vir\u0161kinim\u0105 ir maistini\u0173 med\u017eiag\u0173 \u012fsisavinim\u0105.<\/span><\/p>\n<ul>\n<li style=\"font-weight: 400;\" aria-level=\"1\"><span style=\"font-weight: 400;\">Vienas baltym\u0173 \u0161altinis: La\u0161i\u0161a kaip vienintelis gyv\u016bnin\u0117s kilm\u0117s baltym\u0173 \u0161altinis, tinkama jautriems \u0161uniukams.<\/span><\/li>\n<li style=\"font-weight: 400;\" aria-level=\"1\"><span style=\"font-weight: 400;\">Be glitimo: Pa\u0161aras lengvai vir\u0161kinamas, idealiai tinka \u0161unims su jautria vir\u0161kinimo sistema.<\/span><\/li>\n<li style=\"font-weight: 400;\" aria-level=\"1\"><span style=\"font-weight: 400;\">Praturtintas nat\u016braliais ingredientais: Sud\u0117tyje yra tr\u016bka\u017eoli\u0173, lin\u0173 s\u0117men\u0173 ir ananas\u0173 ekstrakto, palaikan\u010di\u0173 vir\u0161kinim\u0105 ir imunitet\u0105.<\/span><\/li>\n<li style=\"font-weight: 400;\" aria-level=\"1\"><span style=\"font-weight: 400;\">Subalansuotas maistini\u0173 med\u017eiag\u0173 kiekis: Puikiai pritaikytas ma\u017e\u0173 veisli\u0173 \u0161uniuk\u0173 energijos ir vystymosi poreikiams.<\/span><\/li>\n<li style=\"font-weight: 400;\" aria-level=\"1\"><span style=\"font-weight: 400;\">Puikus odai ir kailiui: Lin\u0173 s\u0117menys ir la\u0161i\u0161\u0173 riebalai yra nat\u016bralus omega-3 ir omega-6 riebal\u0173 r\u016bg\u0161\u010di\u0173 \u0161altinis, palaikantis sveik\u0105 od\u0105 ir blizgant\u012f kail\u012f.<\/span><\/li>\n<\/ul>\n<p><span style=\"font-weight: 400;\">\u0160is maistas u\u017etikrina optimal\u0173 ma\u017e\u0173 \u0161uniuk\u0173 augim\u0105 ir vystym\u0105si. Naudojami tik auk\u0161tos kokyb\u0117s ingredientai ir nat\u016bral\u016bs priedai, tod\u0117l pa\u0161aras ne tik skanus, bet ir sveikas. Be to, jis tinka net jautriausiems \u0161uniukams, nes yra be glitimo ir turintis vien\u0105 baltym\u0173 \u0161altin\u012f, kuris suma\u017eina alergini\u0173 reakcij\u0173 rizik\u0105.<\/span><\/p>\n","protected":false},"excerpt":{"rendered":"<p>Visavertis, subalansuotas sausas Trainer pa\u0161aras, specialiai sukurtas ma\u017e\u0173 ir itin ma\u017e\u0173 veisli\u0173 \u0161uniukams nuo 2 m\u0117nesi\u0173. Su la\u0161i\u0161a kaip vieninteliu<\/p>\n","protected":false},"featured_media":12810,"template":"","meta":[],"product_brand":[],"product_cat":[104,101,103,328],"product_tag":[],"class_list":{"0":"post-12809","1":"product","2":"type-product","3":"status-publish","4":"has-post-thumbnail","6":"product_cat-sausas-maistas","7":"product_cat-sunims","8":"product_cat-sunu-maistas","9":"product_cat-trainer-sunu-maistas","10":"pa_prekinis-zenklas-trainer","12":"first","13":"instock","14":"sale","15":"taxable","16":"shipping-taxable","17":"purchasable","18":"product-type-simple"},"yoast_head":"<!-- This site is optimized with the Yoast SEO Premium plugin v27.1 (Yoast SEO v27.3) - https:\/\/yoast.com\/product\/yoast-seo-premium-wordpress\/ -->\n<title>Trainer DOG SENSITIVE NO GLUTEN PUPPY JUNIOR MINI SALMON su la\u0161i\u0161a 2kg - anivet.lt<\/title>\n<meta name=\"description\" content=\"Visavertis, subalansuotas sausas Trainer pa\u0161aras, specialiai sukurtas ma\u017e\u0173 ir itin ma\u017e\u0173 veisli\u0173 \u0161uniukams nuo 2 m\u0117nesi\u0173. Su la\u0161i\u0161a kaip vieninteliu\" \/>\n<meta name=\"robots\" content=\"index, follow, max-snippet:-1, max-image-preview:large, max-video-preview:-1\" \/>\n<link rel=\"canonical\" href=\"https:\/\/anivet.lt\/elparduotuve\/produktas\/nt-dog-sensitive-no-gluten-puppy-junior-mini-salmon-su-lasisa-2kg\/\" \/>\n<meta property=\"og:locale\" content=\"lt_LT\" \/>\n<meta property=\"og:type\" content=\"article\" \/>\n<meta property=\"og:title\" content=\"Trainer DOG SENSITIVE NO GLUTEN PUPPY JUNIOR MINI SALMON su la\u0161i\u0161a 2kg\" \/>\n<meta property=\"og:description\" content=\"Visavertis, subalansuotas sausas Trainer pa\u0161aras, specialiai sukurtas ma\u017e\u0173 ir itin ma\u017e\u0173 veisli\u0173 \u0161uniukams nuo 2 m\u0117nesi\u0173. Su la\u0161i\u0161a kaip vieninteliu\" \/>\n<meta property=\"og:url\" content=\"https:\/\/anivet.lt\/elparduotuve\/produktas\/nt-dog-sensitive-no-gluten-puppy-junior-mini-salmon-su-lasisa-2kg\/\" \/>\n<meta property=\"og:site_name\" content=\"anivet.lt\" \/>\n<meta property=\"article:modified_time\" content=\"2026-04-01T06:27:31+00:00\" \/>\n<meta property=\"og:image\" content=\"https:\/\/anivet.lt\/elparduotuve\/wp-content\/uploads\/2024\/01\/MATERIALES_126146_AffinityNTD_SensitiveNoGlutenSTPuppySalmon_2kg_TRZ_3D.jpg\" \/>\n\t<meta property=\"og:image:width\" content=\"800\" \/>\n\t<meta property=\"og:image:height\" content=\"800\" \/>\n\t<meta property=\"og:image:type\" content=\"image\/jpeg\" \/>\n<meta name=\"twitter:card\" content=\"summary_large_image\" \/>\n<meta name=\"twitter:label1\" content=\"Est. reading time\" \/>\n\t<meta name=\"twitter:data1\" content=\"2 minut\u0117s\" \/>\n<script type=\"application\/ld+json\" class=\"yoast-schema-graph\">{\"@context\":\"https:\\\/\\\/schema.org\",\"@graph\":[{\"@type\":\"WebPage\",\"@id\":\"https:\\\/\\\/anivet.lt\\\/elparduotuve\\\/produktas\\\/nt-dog-sensitive-no-gluten-puppy-junior-mini-salmon-su-lasisa-2kg\\\/\",\"url\":\"https:\\\/\\\/anivet.lt\\\/elparduotuve\\\/produktas\\\/nt-dog-sensitive-no-gluten-puppy-junior-mini-salmon-su-lasisa-2kg\\\/\",\"name\":\"Trainer DOG SENSITIVE NO GLUTEN PUPPY JUNIOR MINI SALMON su la\u0161i\u0161a 2kg - anivet.lt\",\"isPartOf\":{\"@id\":\"https:\\\/\\\/anivet.lt\\\/elparduotuve\\\/#website\"},\"primaryImageOfPage\":{\"@id\":\"https:\\\/\\\/anivet.lt\\\/elparduotuve\\\/produktas\\\/nt-dog-sensitive-no-gluten-puppy-junior-mini-salmon-su-lasisa-2kg\\\/#primaryimage\"},\"image\":{\"@id\":\"https:\\\/\\\/anivet.lt\\\/elparduotuve\\\/produktas\\\/nt-dog-sensitive-no-gluten-puppy-junior-mini-salmon-su-lasisa-2kg\\\/#primaryimage\"},\"thumbnailUrl\":\"https:\\\/\\\/anivet.lt\\\/elparduotuve\\\/wp-content\\\/uploads\\\/2024\\\/01\\\/MATERIALES_126146_AffinityNTD_SensitiveNoGlutenSTPuppySalmon_2kg_TRZ_3D.jpg\",\"datePublished\":\"2024-01-16T09:03:56+00:00\",\"dateModified\":\"2026-04-01T06:27:31+00:00\",\"description\":\"Visavertis, subalansuotas sausas Trainer pa\u0161aras, specialiai sukurtas ma\u017e\u0173 ir itin ma\u017e\u0173 veisli\u0173 \u0161uniukams nuo 2 m\u0117nesi\u0173. Su la\u0161i\u0161a kaip vieninteliu\",\"breadcrumb\":{\"@id\":\"https:\\\/\\\/anivet.lt\\\/elparduotuve\\\/produktas\\\/nt-dog-sensitive-no-gluten-puppy-junior-mini-salmon-su-lasisa-2kg\\\/#breadcrumb\"},\"inLanguage\":\"lt-LT\",\"potentialAction\":[{\"@type\":\"ReadAction\",\"target\":[\"https:\\\/\\\/anivet.lt\\\/elparduotuve\\\/produktas\\\/nt-dog-sensitive-no-gluten-puppy-junior-mini-salmon-su-lasisa-2kg\\\/\"]}]},{\"@type\":\"ImageObject\",\"inLanguage\":\"lt-LT\",\"@id\":\"https:\\\/\\\/anivet.lt\\\/elparduotuve\\\/produktas\\\/nt-dog-sensitive-no-gluten-puppy-junior-mini-salmon-su-lasisa-2kg\\\/#primaryimage\",\"url\":\"https:\\\/\\\/anivet.lt\\\/elparduotuve\\\/wp-content\\\/uploads\\\/2024\\\/01\\\/MATERIALES_126146_AffinityNTD_SensitiveNoGlutenSTPuppySalmon_2kg_TRZ_3D.jpg\",\"contentUrl\":\"https:\\\/\\\/anivet.lt\\\/elparduotuve\\\/wp-content\\\/uploads\\\/2024\\\/01\\\/MATERIALES_126146_AffinityNTD_SensitiveNoGlutenSTPuppySalmon_2kg_TRZ_3D.jpg\",\"width\":800,\"height\":800,\"caption\":\"NT DOG SENSITIVE NO GLUTEN PUPPY JUNIOR MINI SALMON su la\u0161i\u0161a 2kg\"},{\"@type\":\"BreadcrumbList\",\"@id\":\"https:\\\/\\\/anivet.lt\\\/elparduotuve\\\/produktas\\\/nt-dog-sensitive-no-gluten-puppy-junior-mini-salmon-su-lasisa-2kg\\\/#breadcrumb\",\"itemListElement\":[{\"@type\":\"ListItem\",\"position\":1,\"name\":\"Home\",\"item\":\"https:\\\/\\\/anivet.lt\\\/elparduotuve\\\/\"},{\"@type\":\"ListItem\",\"position\":2,\"name\":\"Produktai\",\"item\":\"https:\\\/\\\/anivet.lt\\\/elparduotuve\\\/produktai\\\/\"},{\"@type\":\"ListItem\",\"position\":3,\"name\":\"Trainer DOG SENSITIVE NO GLUTEN PUPPY JUNIOR MINI SALMON su la\u0161i\u0161a 2kg\"}]},{\"@type\":\"WebSite\",\"@id\":\"https:\\\/\\\/anivet.lt\\\/elparduotuve\\\/#website\",\"url\":\"https:\\\/\\\/anivet.lt\\\/elparduotuve\\\/\",\"name\":\"anivet.lt\",\"description\":\"Viskas J\u016bs\u0173 \u0161uns, kat\u0117s prie\u017ei\u016brai\",\"publisher\":{\"@id\":\"https:\\\/\\\/anivet.lt\\\/elparduotuve\\\/#organization\"},\"alternateName\":\"Viskas J\u016bs\u0173 \u0161uns, kat\u0117s prie\u017ei\u016brai\",\"potentialAction\":[{\"@type\":\"SearchAction\",\"target\":{\"@type\":\"EntryPoint\",\"urlTemplate\":\"https:\\\/\\\/anivet.lt\\\/elparduotuve\\\/?s={search_term_string}\"},\"query-input\":{\"@type\":\"PropertyValueSpecification\",\"valueRequired\":true,\"valueName\":\"search_term_string\"}}],\"inLanguage\":\"lt-LT\"},{\"@type\":\"Organization\",\"@id\":\"https:\\\/\\\/anivet.lt\\\/elparduotuve\\\/#organization\",\"name\":\"Viskas J\u016bs\u0173 \u0161uns, kat\u0117s prie\u017ei\u016brai\",\"url\":\"https:\\\/\\\/anivet.lt\\\/elparduotuve\\\/\",\"logo\":{\"@type\":\"ImageObject\",\"inLanguage\":\"lt-LT\",\"@id\":\"https:\\\/\\\/anivet.lt\\\/elparduotuve\\\/#\\\/schema\\\/logo\\\/image\\\/\",\"url\":\"https:\\\/\\\/anivet.lt\\\/elparduotuve\\\/wp-content\\\/uploads\\\/2023\\\/06\\\/logo2.jpg\",\"contentUrl\":\"https:\\\/\\\/anivet.lt\\\/elparduotuve\\\/wp-content\\\/uploads\\\/2023\\\/06\\\/logo2.jpg\",\"width\":655,\"height\":194,\"caption\":\"Viskas J\u016bs\u0173 \u0161uns, kat\u0117s prie\u017ei\u016brai\"},\"image\":{\"@id\":\"https:\\\/\\\/anivet.lt\\\/elparduotuve\\\/#\\\/schema\\\/logo\\\/image\\\/\"}}]}<\/script>\n<!-- \/ Yoast SEO Premium plugin. -->","yoast_head_json":{"title":"Trainer DOG SENSITIVE NO GLUTEN PUPPY JUNIOR MINI SALMON su la\u0161i\u0161a 2kg - anivet.lt","description":"Visavertis, subalansuotas sausas Trainer pa\u0161aras, specialiai sukurtas ma\u017e\u0173 ir itin ma\u017e\u0173 veisli\u0173 \u0161uniukams nuo 2 m\u0117nesi\u0173. Su la\u0161i\u0161a kaip vieninteliu","robots":{"index":"index","follow":"follow","max-snippet":"max-snippet:-1","max-image-preview":"max-image-preview:large","max-video-preview":"max-video-preview:-1"},"canonical":"https:\/\/anivet.lt\/elparduotuve\/produktas\/nt-dog-sensitive-no-gluten-puppy-junior-mini-salmon-su-lasisa-2kg\/","og_locale":"lt_LT","og_type":"article","og_title":"Trainer DOG SENSITIVE NO GLUTEN PUPPY JUNIOR MINI SALMON su la\u0161i\u0161a 2kg","og_description":"Visavertis, subalansuotas sausas Trainer pa\u0161aras, specialiai sukurtas ma\u017e\u0173 ir itin ma\u017e\u0173 veisli\u0173 \u0161uniukams nuo 2 m\u0117nesi\u0173. Su la\u0161i\u0161a kaip vieninteliu","og_url":"https:\/\/anivet.lt\/elparduotuve\/produktas\/nt-dog-sensitive-no-gluten-puppy-junior-mini-salmon-su-lasisa-2kg\/","og_site_name":"anivet.lt","article_modified_time":"2026-04-01T06:27:31+00:00","og_image":[{"width":800,"height":800,"url":"https:\/\/anivet.lt\/elparduotuve\/wp-content\/uploads\/2024\/01\/MATERIALES_126146_AffinityNTD_SensitiveNoGlutenSTPuppySalmon_2kg_TRZ_3D.jpg","type":"image\/jpeg"}],"twitter_card":"summary_large_image","twitter_misc":{"Est. reading time":"2 minut\u0117s"},"schema":{"@context":"https:\/\/schema.org","@graph":[{"@type":"WebPage","@id":"https:\/\/anivet.lt\/elparduotuve\/produktas\/nt-dog-sensitive-no-gluten-puppy-junior-mini-salmon-su-lasisa-2kg\/","url":"https:\/\/anivet.lt\/elparduotuve\/produktas\/nt-dog-sensitive-no-gluten-puppy-junior-mini-salmon-su-lasisa-2kg\/","name":"Trainer DOG SENSITIVE NO GLUTEN PUPPY JUNIOR MINI SALMON su la\u0161i\u0161a 2kg - anivet.lt","isPartOf":{"@id":"https:\/\/anivet.lt\/elparduotuve\/#website"},"primaryImageOfPage":{"@id":"https:\/\/anivet.lt\/elparduotuve\/produktas\/nt-dog-sensitive-no-gluten-puppy-junior-mini-salmon-su-lasisa-2kg\/#primaryimage"},"image":{"@id":"https:\/\/anivet.lt\/elparduotuve\/produktas\/nt-dog-sensitive-no-gluten-puppy-junior-mini-salmon-su-lasisa-2kg\/#primaryimage"},"thumbnailUrl":"https:\/\/anivet.lt\/elparduotuve\/wp-content\/uploads\/2024\/01\/MATERIALES_126146_AffinityNTD_SensitiveNoGlutenSTPuppySalmon_2kg_TRZ_3D.jpg","datePublished":"2024-01-16T09:03:56+00:00","dateModified":"2026-04-01T06:27:31+00:00","description":"Visavertis, subalansuotas sausas Trainer pa\u0161aras, specialiai sukurtas ma\u017e\u0173 ir itin ma\u017e\u0173 veisli\u0173 \u0161uniukams nuo 2 m\u0117nesi\u0173. Su la\u0161i\u0161a kaip vieninteliu","breadcrumb":{"@id":"https:\/\/anivet.lt\/elparduotuve\/produktas\/nt-dog-sensitive-no-gluten-puppy-junior-mini-salmon-su-lasisa-2kg\/#breadcrumb"},"inLanguage":"lt-LT","potentialAction":[{"@type":"ReadAction","target":["https:\/\/anivet.lt\/elparduotuve\/produktas\/nt-dog-sensitive-no-gluten-puppy-junior-mini-salmon-su-lasisa-2kg\/"]}]},{"@type":"ImageObject","inLanguage":"lt-LT","@id":"https:\/\/anivet.lt\/elparduotuve\/produktas\/nt-dog-sensitive-no-gluten-puppy-junior-mini-salmon-su-lasisa-2kg\/#primaryimage","url":"https:\/\/anivet.lt\/elparduotuve\/wp-content\/uploads\/2024\/01\/MATERIALES_126146_AffinityNTD_SensitiveNoGlutenSTPuppySalmon_2kg_TRZ_3D.jpg","contentUrl":"https:\/\/anivet.lt\/elparduotuve\/wp-content\/uploads\/2024\/01\/MATERIALES_126146_AffinityNTD_SensitiveNoGlutenSTPuppySalmon_2kg_TRZ_3D.jpg","width":800,"height":800,"caption":"NT DOG SENSITIVE NO GLUTEN PUPPY JUNIOR MINI SALMON su la\u0161i\u0161a 2kg"},{"@type":"BreadcrumbList","@id":"https:\/\/anivet.lt\/elparduotuve\/produktas\/nt-dog-sensitive-no-gluten-puppy-junior-mini-salmon-su-lasisa-2kg\/#breadcrumb","itemListElement":[{"@type":"ListItem","position":1,"name":"Home","item":"https:\/\/anivet.lt\/elparduotuve\/"},{"@type":"ListItem","position":2,"name":"Produktai","item":"https:\/\/anivet.lt\/elparduotuve\/produktai\/"},{"@type":"ListItem","position":3,"name":"Trainer DOG SENSITIVE NO GLUTEN PUPPY JUNIOR MINI SALMON su la\u0161i\u0161a 2kg"}]},{"@type":"WebSite","@id":"https:\/\/anivet.lt\/elparduotuve\/#website","url":"https:\/\/anivet.lt\/elparduotuve\/","name":"anivet.lt","description":"Viskas J\u016bs\u0173 \u0161uns, kat\u0117s prie\u017ei\u016brai","publisher":{"@id":"https:\/\/anivet.lt\/elparduotuve\/#organization"},"alternateName":"Viskas J\u016bs\u0173 \u0161uns, kat\u0117s prie\u017ei\u016brai","potentialAction":[{"@type":"SearchAction","target":{"@type":"EntryPoint","urlTemplate":"https:\/\/anivet.lt\/elparduotuve\/?s={search_term_string}"},"query-input":{"@type":"PropertyValueSpecification","valueRequired":true,"valueName":"search_term_string"}}],"inLanguage":"lt-LT"},{"@type":"Organization","@id":"https:\/\/anivet.lt\/elparduotuve\/#organization","name":"Viskas J\u016bs\u0173 \u0161uns, kat\u0117s prie\u017ei\u016brai","url":"https:\/\/anivet.lt\/elparduotuve\/","logo":{"@type":"ImageObject","inLanguage":"lt-LT","@id":"https:\/\/anivet.lt\/elparduotuve\/#\/schema\/logo\/image\/","url":"https:\/\/anivet.lt\/elparduotuve\/wp-content\/uploads\/2023\/06\/logo2.jpg","contentUrl":"https:\/\/anivet.lt\/elparduotuve\/wp-content\/uploads\/2023\/06\/logo2.jpg","width":655,"height":194,"caption":"Viskas J\u016bs\u0173 \u0161uns, kat\u0117s prie\u017ei\u016brai"},"image":{"@id":"https:\/\/anivet.lt\/elparduotuve\/#\/schema\/logo\/image\/"}}]}},"_links":{"self":[{"href":"https:\/\/anivet.lt\/elparduotuve\/wp-json\/wp\/v2\/product\/12809","targetHints":{"allow":["GET"]}}],"collection":[{"href":"https:\/\/anivet.lt\/elparduotuve\/wp-json\/wp\/v2\/product"}],"about":[{"href":"https:\/\/anivet.lt\/elparduotuve\/wp-json\/wp\/v2\/types\/product"}],"wp:featuredmedia":[{"embeddable":true,"href":"https:\/\/anivet.lt\/elparduotuve\/wp-json\/wp\/v2\/media\/12810"}],"wp:attachment":[{"href":"https:\/\/anivet.lt\/elparduotuve\/wp-json\/wp\/v2\/media?parent=12809"}],"wp:term":[{"taxonomy":"product_brand","embeddable":true,"href":"https:\/\/anivet.lt\/elparduotuve\/wp-json\/wp\/v2\/product_brand?post=12809"},{"taxonomy":"product_cat","embeddable":true,"href":"https:\/\/anivet.lt\/elparduotuve\/wp-json\/wp\/v2\/product_cat?post=12809"},{"taxonomy":"product_tag","embeddable":true,"href":"https:\/\/anivet.lt\/elparduotuve\/wp-json\/wp\/v2\/product_tag?post=12809"}],"curies":[{"name":"wp","href":"https:\/\/api.w.org\/{rel}","templated":true}]}}