{"id":12815,"date":"2024-01-16T11:00:45","date_gmt":"2024-01-16T11:00:45","guid":{"rendered":"https:\/\/anivet.lt\/elparduotuve\/?post_type=product&#038;p=12815"},"modified":"2026-03-03T12:44:00","modified_gmt":"2026-03-03T12:44:00","slug":"nt-adult-dog-sensitive-no-grain-mini-trout-su-upetakiu-2kg","status":"publish","type":"product","link":"https:\/\/anivet.lt\/elparduotuve\/produktas\/nt-adult-dog-sensitive-no-grain-mini-trout-su-upetakiu-2kg\/","title":{"rendered":"Trainer ADULT DOG SENSITIVE NO GRAIN Mini TROUT su up\u0117takiu 2kg"},"content":{"rendered":"<ul>\n<li style=\"font-weight: 400;\" aria-level=\"1\"><span style=\"font-weight: 400;\">Be gr\u016bd\u0173: Idealus \u0161unims, turintiems jautr\u0173 vir\u0161kinim\u0105 ar gr\u016bd\u0173 netoleravim\u0105.<\/span><\/li>\n<li style=\"font-weight: 400;\" aria-level=\"1\"><span style=\"font-weight: 400;\">Auk\u0161tos kokyb\u0117s baltymai: Up\u0117takis (10%) ir dehidratuoti up\u0117takio baltymai suteikia lengvai vir\u0161kinam\u0105 ir maisting\u0105 baltym\u0173 \u0161altin\u012f.<\/span><\/li>\n<li style=\"font-weight: 400;\" aria-level=\"1\"><span style=\"font-weight: 400;\">Nat\u016bral\u016bs priedai: Spirulina ir d\u017eiovintos cikorij\u0173 \u0161aknys palaiko sveik\u0105 \u017earnyno mikroflor\u0105.<\/span><\/li>\n<li style=\"font-weight: 400;\" aria-level=\"1\"><span style=\"font-weight: 400;\">Odos ir kailio sveikatai: S\u0117menys ir kukur\u016bz\u0173 aliejus yra nat\u016bral\u016bs omega riebal\u0173 r\u016bg\u0161\u010di\u0173 \u0161altiniai.<\/span><\/li>\n<li style=\"font-weight: 400;\" aria-level=\"1\"><span style=\"font-weight: 400;\">Subalansuota sud\u0117tis: Vitaminai ir mineralai u\u017etikrina optimali\u0105 kasdien\u0119 mityb\u0105.<\/span><\/li>\n<\/ul>\n<p><span style=\"font-weight: 400;\">\u0160is pa\u0161aras ne tik suteikia auk\u0161tos kokyb\u0117s maistines med\u017eiagas, bet ir yra sukurtas specialiai ma\u017e\u0173 veisli\u0173 \u0161unims, atsi\u017evelgiant \u012f j\u0173 jautrius vir\u0161kinimo poreikius. Nat\u016bral\u016bs ingredientai ir gr\u016bd\u0173 nebuvimas daro j\u012f puikiu pasirinkimu norint u\u017etikrinti augintinio ger\u0105 savijaut\u0105 ir energij\u0105 kiekvien\u0105 dien\u0105.<\/span><\/p>\n","protected":false},"excerpt":{"rendered":"<p><span style=\"font-weight: 400;\">Visavertis pa\u0161aras ma\u017e\u0173 ir itin ma\u017e\u0173 veisli\u0173 suaugusiems \u0161unims. \u0160is maistas pagamintas i\u0161 nat\u016brali\u0173 ingredient\u0173, praturtintas lengvai vir\u0161kinamais up\u0117takio baltymais ir neturintis gr\u016bd\u0173.<\/span><\/p>\n","protected":false},"featured_media":12818,"template":"","meta":[],"product_brand":[],"product_cat":[101,103,104,328],"product_tag":[],"class_list":{"0":"post-12815","1":"product","2":"type-product","3":"status-publish","4":"has-post-thumbnail","6":"product_cat-sunims","7":"product_cat-sunu-maistas","8":"product_cat-sausas-maistas","9":"product_cat-trainer-sunu-maistas","10":"pa_prekinis-zenklas-trainer","12":"first","13":"instock","14":"taxable","15":"shipping-taxable","16":"purchasable","17":"product-type-simple"},"yoast_head":"<!-- This site is optimized with the Yoast SEO Premium plugin v27.1 (Yoast SEO v27.5) - https:\/\/yoast.com\/product\/yoast-seo-premium-wordpress\/ -->\n<title>Trainer ADULT DOG SENSITIVE NO GRAIN Mini TROUT su up\u0117takiu 2kg - anivet.lt<\/title>\n<meta name=\"description\" content=\"Visavertis pa\u0161aras ma\u017e\u0173 ir itin ma\u017e\u0173 veisli\u0173 suaugusiems \u0161unims. \u0160is maistas pagamintas i\u0161 nat\u016brali\u0173 ingredient\u0173, praturtintas lengvai vir\u0161kinamais up\u0117takio baltymais ir neturintis gr\u016bd\u0173.\" \/>\n<meta name=\"robots\" content=\"index, follow, max-snippet:-1, max-image-preview:large, max-video-preview:-1\" \/>\n<link rel=\"canonical\" href=\"https:\/\/anivet.lt\/elparduotuve\/produktas\/nt-adult-dog-sensitive-no-grain-mini-trout-su-upetakiu-2kg\/\" \/>\n<meta property=\"og:locale\" content=\"lt_LT\" \/>\n<meta property=\"og:type\" content=\"article\" \/>\n<meta property=\"og:title\" content=\"Trainer ADULT DOG SENSITIVE NO GRAIN Mini TROUT su up\u0117takiu 2kg\" \/>\n<meta property=\"og:description\" content=\"Visavertis pa\u0161aras ma\u017e\u0173 ir itin ma\u017e\u0173 veisli\u0173 suaugusiems \u0161unims. \u0160is maistas pagamintas i\u0161 nat\u016brali\u0173 ingredient\u0173, praturtintas lengvai vir\u0161kinamais up\u0117takio baltymais ir neturintis gr\u016bd\u0173.\" \/>\n<meta property=\"og:url\" content=\"https:\/\/anivet.lt\/elparduotuve\/produktas\/nt-adult-dog-sensitive-no-grain-mini-trout-su-upetakiu-2kg\/\" \/>\n<meta property=\"og:site_name\" content=\"anivet.lt\" \/>\n<meta property=\"article:modified_time\" content=\"2026-03-03T12:44:00+00:00\" \/>\n<meta property=\"og:image\" content=\"https:\/\/anivet.lt\/elparduotuve\/wp-content\/uploads\/2024\/01\/927775-trout.jpg\" \/>\n\t<meta property=\"og:image:width\" content=\"800\" \/>\n\t<meta property=\"og:image:height\" content=\"800\" \/>\n\t<meta property=\"og:image:type\" content=\"image\/jpeg\" \/>\n<meta name=\"twitter:card\" content=\"summary_large_image\" \/>\n<meta name=\"twitter:label1\" content=\"Est. reading time\" \/>\n\t<meta name=\"twitter:data1\" content=\"1 minut\u0117\" \/>\n<script type=\"application\/ld+json\" class=\"yoast-schema-graph\">{\"@context\":\"https:\\\/\\\/schema.org\",\"@graph\":[{\"@type\":\"WebPage\",\"@id\":\"https:\\\/\\\/anivet.lt\\\/elparduotuve\\\/produktas\\\/nt-adult-dog-sensitive-no-grain-mini-trout-su-upetakiu-2kg\\\/\",\"url\":\"https:\\\/\\\/anivet.lt\\\/elparduotuve\\\/produktas\\\/nt-adult-dog-sensitive-no-grain-mini-trout-su-upetakiu-2kg\\\/\",\"name\":\"Trainer ADULT DOG SENSITIVE NO GRAIN Mini TROUT su up\u0117takiu 2kg - anivet.lt\",\"isPartOf\":{\"@id\":\"https:\\\/\\\/anivet.lt\\\/elparduotuve\\\/#website\"},\"primaryImageOfPage\":{\"@id\":\"https:\\\/\\\/anivet.lt\\\/elparduotuve\\\/produktas\\\/nt-adult-dog-sensitive-no-grain-mini-trout-su-upetakiu-2kg\\\/#primaryimage\"},\"image\":{\"@id\":\"https:\\\/\\\/anivet.lt\\\/elparduotuve\\\/produktas\\\/nt-adult-dog-sensitive-no-grain-mini-trout-su-upetakiu-2kg\\\/#primaryimage\"},\"thumbnailUrl\":\"https:\\\/\\\/anivet.lt\\\/elparduotuve\\\/wp-content\\\/uploads\\\/2024\\\/01\\\/927775-trout.jpg\",\"datePublished\":\"2024-01-16T11:00:45+00:00\",\"dateModified\":\"2026-03-03T12:44:00+00:00\",\"description\":\"Visavertis pa\u0161aras ma\u017e\u0173 ir itin ma\u017e\u0173 veisli\u0173 suaugusiems \u0161unims. \u0160is maistas pagamintas i\u0161 nat\u016brali\u0173 ingredient\u0173, praturtintas lengvai vir\u0161kinamais up\u0117takio baltymais ir neturintis gr\u016bd\u0173.\",\"breadcrumb\":{\"@id\":\"https:\\\/\\\/anivet.lt\\\/elparduotuve\\\/produktas\\\/nt-adult-dog-sensitive-no-grain-mini-trout-su-upetakiu-2kg\\\/#breadcrumb\"},\"inLanguage\":\"lt-LT\",\"potentialAction\":[{\"@type\":\"ReadAction\",\"target\":[\"https:\\\/\\\/anivet.lt\\\/elparduotuve\\\/produktas\\\/nt-adult-dog-sensitive-no-grain-mini-trout-su-upetakiu-2kg\\\/\"]}]},{\"@type\":\"ImageObject\",\"inLanguage\":\"lt-LT\",\"@id\":\"https:\\\/\\\/anivet.lt\\\/elparduotuve\\\/produktas\\\/nt-adult-dog-sensitive-no-grain-mini-trout-su-upetakiu-2kg\\\/#primaryimage\",\"url\":\"https:\\\/\\\/anivet.lt\\\/elparduotuve\\\/wp-content\\\/uploads\\\/2024\\\/01\\\/927775-trout.jpg\",\"contentUrl\":\"https:\\\/\\\/anivet.lt\\\/elparduotuve\\\/wp-content\\\/uploads\\\/2024\\\/01\\\/927775-trout.jpg\",\"width\":800,\"height\":800,\"caption\":\"NT ADULT DOG SENSITIVE NO GRAIN Mini TROUT su up\u0117takiu 2kg\"},{\"@type\":\"BreadcrumbList\",\"@id\":\"https:\\\/\\\/anivet.lt\\\/elparduotuve\\\/produktas\\\/nt-adult-dog-sensitive-no-grain-mini-trout-su-upetakiu-2kg\\\/#breadcrumb\",\"itemListElement\":[{\"@type\":\"ListItem\",\"position\":1,\"name\":\"Home\",\"item\":\"https:\\\/\\\/anivet.lt\\\/elparduotuve\\\/\"},{\"@type\":\"ListItem\",\"position\":2,\"name\":\"Produktai\",\"item\":\"https:\\\/\\\/anivet.lt\\\/elparduotuve\\\/produktai\\\/\"},{\"@type\":\"ListItem\",\"position\":3,\"name\":\"Trainer ADULT DOG SENSITIVE NO GRAIN Mini TROUT su up\u0117takiu 2kg\"}]},{\"@type\":\"WebSite\",\"@id\":\"https:\\\/\\\/anivet.lt\\\/elparduotuve\\\/#website\",\"url\":\"https:\\\/\\\/anivet.lt\\\/elparduotuve\\\/\",\"name\":\"anivet.lt\",\"description\":\"Viskas J\u016bs\u0173 \u0161uns, kat\u0117s prie\u017ei\u016brai\",\"publisher\":{\"@id\":\"https:\\\/\\\/anivet.lt\\\/elparduotuve\\\/#organization\"},\"alternateName\":\"Viskas J\u016bs\u0173 \u0161uns, kat\u0117s prie\u017ei\u016brai\",\"potentialAction\":[{\"@type\":\"SearchAction\",\"target\":{\"@type\":\"EntryPoint\",\"urlTemplate\":\"https:\\\/\\\/anivet.lt\\\/elparduotuve\\\/?s={search_term_string}\"},\"query-input\":{\"@type\":\"PropertyValueSpecification\",\"valueRequired\":true,\"valueName\":\"search_term_string\"}}],\"inLanguage\":\"lt-LT\"},{\"@type\":\"Organization\",\"@id\":\"https:\\\/\\\/anivet.lt\\\/elparduotuve\\\/#organization\",\"name\":\"Viskas J\u016bs\u0173 \u0161uns, kat\u0117s prie\u017ei\u016brai\",\"url\":\"https:\\\/\\\/anivet.lt\\\/elparduotuve\\\/\",\"logo\":{\"@type\":\"ImageObject\",\"inLanguage\":\"lt-LT\",\"@id\":\"https:\\\/\\\/anivet.lt\\\/elparduotuve\\\/#\\\/schema\\\/logo\\\/image\\\/\",\"url\":\"https:\\\/\\\/anivet.lt\\\/elparduotuve\\\/wp-content\\\/uploads\\\/2023\\\/06\\\/logo2.jpg\",\"contentUrl\":\"https:\\\/\\\/anivet.lt\\\/elparduotuve\\\/wp-content\\\/uploads\\\/2023\\\/06\\\/logo2.jpg\",\"width\":655,\"height\":194,\"caption\":\"Viskas J\u016bs\u0173 \u0161uns, kat\u0117s prie\u017ei\u016brai\"},\"image\":{\"@id\":\"https:\\\/\\\/anivet.lt\\\/elparduotuve\\\/#\\\/schema\\\/logo\\\/image\\\/\"}}]}<\/script>\n<!-- \/ Yoast SEO Premium plugin. -->","yoast_head_json":{"title":"Trainer ADULT DOG SENSITIVE NO GRAIN Mini TROUT su up\u0117takiu 2kg - anivet.lt","description":"Visavertis pa\u0161aras ma\u017e\u0173 ir itin ma\u017e\u0173 veisli\u0173 suaugusiems \u0161unims. \u0160is maistas pagamintas i\u0161 nat\u016brali\u0173 ingredient\u0173, praturtintas lengvai vir\u0161kinamais up\u0117takio baltymais ir neturintis gr\u016bd\u0173.","robots":{"index":"index","follow":"follow","max-snippet":"max-snippet:-1","max-image-preview":"max-image-preview:large","max-video-preview":"max-video-preview:-1"},"canonical":"https:\/\/anivet.lt\/elparduotuve\/produktas\/nt-adult-dog-sensitive-no-grain-mini-trout-su-upetakiu-2kg\/","og_locale":"lt_LT","og_type":"article","og_title":"Trainer ADULT DOG SENSITIVE NO GRAIN Mini TROUT su up\u0117takiu 2kg","og_description":"Visavertis pa\u0161aras ma\u017e\u0173 ir itin ma\u017e\u0173 veisli\u0173 suaugusiems \u0161unims. \u0160is maistas pagamintas i\u0161 nat\u016brali\u0173 ingredient\u0173, praturtintas lengvai vir\u0161kinamais up\u0117takio baltymais ir neturintis gr\u016bd\u0173.","og_url":"https:\/\/anivet.lt\/elparduotuve\/produktas\/nt-adult-dog-sensitive-no-grain-mini-trout-su-upetakiu-2kg\/","og_site_name":"anivet.lt","article_modified_time":"2026-03-03T12:44:00+00:00","og_image":[{"width":800,"height":800,"url":"https:\/\/anivet.lt\/elparduotuve\/wp-content\/uploads\/2024\/01\/927775-trout.jpg","type":"image\/jpeg"}],"twitter_card":"summary_large_image","twitter_misc":{"Est. reading time":"1 minut\u0117"},"schema":{"@context":"https:\/\/schema.org","@graph":[{"@type":"WebPage","@id":"https:\/\/anivet.lt\/elparduotuve\/produktas\/nt-adult-dog-sensitive-no-grain-mini-trout-su-upetakiu-2kg\/","url":"https:\/\/anivet.lt\/elparduotuve\/produktas\/nt-adult-dog-sensitive-no-grain-mini-trout-su-upetakiu-2kg\/","name":"Trainer ADULT DOG SENSITIVE NO GRAIN Mini TROUT su up\u0117takiu 2kg - anivet.lt","isPartOf":{"@id":"https:\/\/anivet.lt\/elparduotuve\/#website"},"primaryImageOfPage":{"@id":"https:\/\/anivet.lt\/elparduotuve\/produktas\/nt-adult-dog-sensitive-no-grain-mini-trout-su-upetakiu-2kg\/#primaryimage"},"image":{"@id":"https:\/\/anivet.lt\/elparduotuve\/produktas\/nt-adult-dog-sensitive-no-grain-mini-trout-su-upetakiu-2kg\/#primaryimage"},"thumbnailUrl":"https:\/\/anivet.lt\/elparduotuve\/wp-content\/uploads\/2024\/01\/927775-trout.jpg","datePublished":"2024-01-16T11:00:45+00:00","dateModified":"2026-03-03T12:44:00+00:00","description":"Visavertis pa\u0161aras ma\u017e\u0173 ir itin ma\u017e\u0173 veisli\u0173 suaugusiems \u0161unims. \u0160is maistas pagamintas i\u0161 nat\u016brali\u0173 ingredient\u0173, praturtintas lengvai vir\u0161kinamais up\u0117takio baltymais ir neturintis gr\u016bd\u0173.","breadcrumb":{"@id":"https:\/\/anivet.lt\/elparduotuve\/produktas\/nt-adult-dog-sensitive-no-grain-mini-trout-su-upetakiu-2kg\/#breadcrumb"},"inLanguage":"lt-LT","potentialAction":[{"@type":"ReadAction","target":["https:\/\/anivet.lt\/elparduotuve\/produktas\/nt-adult-dog-sensitive-no-grain-mini-trout-su-upetakiu-2kg\/"]}]},{"@type":"ImageObject","inLanguage":"lt-LT","@id":"https:\/\/anivet.lt\/elparduotuve\/produktas\/nt-adult-dog-sensitive-no-grain-mini-trout-su-upetakiu-2kg\/#primaryimage","url":"https:\/\/anivet.lt\/elparduotuve\/wp-content\/uploads\/2024\/01\/927775-trout.jpg","contentUrl":"https:\/\/anivet.lt\/elparduotuve\/wp-content\/uploads\/2024\/01\/927775-trout.jpg","width":800,"height":800,"caption":"NT ADULT DOG SENSITIVE NO GRAIN Mini TROUT su up\u0117takiu 2kg"},{"@type":"BreadcrumbList","@id":"https:\/\/anivet.lt\/elparduotuve\/produktas\/nt-adult-dog-sensitive-no-grain-mini-trout-su-upetakiu-2kg\/#breadcrumb","itemListElement":[{"@type":"ListItem","position":1,"name":"Home","item":"https:\/\/anivet.lt\/elparduotuve\/"},{"@type":"ListItem","position":2,"name":"Produktai","item":"https:\/\/anivet.lt\/elparduotuve\/produktai\/"},{"@type":"ListItem","position":3,"name":"Trainer ADULT DOG SENSITIVE NO GRAIN Mini TROUT su up\u0117takiu 2kg"}]},{"@type":"WebSite","@id":"https:\/\/anivet.lt\/elparduotuve\/#website","url":"https:\/\/anivet.lt\/elparduotuve\/","name":"anivet.lt","description":"Viskas J\u016bs\u0173 \u0161uns, kat\u0117s prie\u017ei\u016brai","publisher":{"@id":"https:\/\/anivet.lt\/elparduotuve\/#organization"},"alternateName":"Viskas J\u016bs\u0173 \u0161uns, kat\u0117s prie\u017ei\u016brai","potentialAction":[{"@type":"SearchAction","target":{"@type":"EntryPoint","urlTemplate":"https:\/\/anivet.lt\/elparduotuve\/?s={search_term_string}"},"query-input":{"@type":"PropertyValueSpecification","valueRequired":true,"valueName":"search_term_string"}}],"inLanguage":"lt-LT"},{"@type":"Organization","@id":"https:\/\/anivet.lt\/elparduotuve\/#organization","name":"Viskas J\u016bs\u0173 \u0161uns, kat\u0117s prie\u017ei\u016brai","url":"https:\/\/anivet.lt\/elparduotuve\/","logo":{"@type":"ImageObject","inLanguage":"lt-LT","@id":"https:\/\/anivet.lt\/elparduotuve\/#\/schema\/logo\/image\/","url":"https:\/\/anivet.lt\/elparduotuve\/wp-content\/uploads\/2023\/06\/logo2.jpg","contentUrl":"https:\/\/anivet.lt\/elparduotuve\/wp-content\/uploads\/2023\/06\/logo2.jpg","width":655,"height":194,"caption":"Viskas J\u016bs\u0173 \u0161uns, kat\u0117s prie\u017ei\u016brai"},"image":{"@id":"https:\/\/anivet.lt\/elparduotuve\/#\/schema\/logo\/image\/"}}]}},"_links":{"self":[{"href":"https:\/\/anivet.lt\/elparduotuve\/wp-json\/wp\/v2\/product\/12815","targetHints":{"allow":["GET"]}}],"collection":[{"href":"https:\/\/anivet.lt\/elparduotuve\/wp-json\/wp\/v2\/product"}],"about":[{"href":"https:\/\/anivet.lt\/elparduotuve\/wp-json\/wp\/v2\/types\/product"}],"wp:featuredmedia":[{"embeddable":true,"href":"https:\/\/anivet.lt\/elparduotuve\/wp-json\/wp\/v2\/media\/12818"}],"wp:attachment":[{"href":"https:\/\/anivet.lt\/elparduotuve\/wp-json\/wp\/v2\/media?parent=12815"}],"wp:term":[{"taxonomy":"product_brand","embeddable":true,"href":"https:\/\/anivet.lt\/elparduotuve\/wp-json\/wp\/v2\/product_brand?post=12815"},{"taxonomy":"product_cat","embeddable":true,"href":"https:\/\/anivet.lt\/elparduotuve\/wp-json\/wp\/v2\/product_cat?post=12815"},{"taxonomy":"product_tag","embeddable":true,"href":"https:\/\/anivet.lt\/elparduotuve\/wp-json\/wp\/v2\/product_tag?post=12815"}],"curies":[{"name":"wp","href":"https:\/\/api.w.org\/{rel}","templated":true}]}}