{"id":12824,"date":"2024-01-16T11:40:02","date_gmt":"2024-01-16T11:40:02","guid":{"rendered":"https:\/\/anivet.lt\/elparduotuve\/?post_type=product&#038;p=12824"},"modified":"2026-01-30T03:51:29","modified_gmt":"2026-01-30T03:51:29","slug":"nt-adult-dog-sensitive-no-gluten-mini-lamb-su-eriena","status":"publish","type":"product","link":"https:\/\/anivet.lt\/elparduotuve\/produktas\/nt-adult-dog-sensitive-no-gluten-mini-lamb-su-eriena\/","title":{"rendered":"Trainer ADULT DOG SENSITIVE NO GLUTEN MINI LAMB su \u0117riena"},"content":{"rendered":"<ul>\n<li style=\"font-weight: 400;\" aria-level=\"1\"><span style=\"font-weight: 400;\">Hipoalergin\u0117 formul\u0117: Be glitimo, pritaikyta jautriems ma\u017e\u0173 veisli\u0173 \u0161unims.<\/span><\/li>\n<li style=\"font-weight: 400;\" aria-level=\"1\"><span style=\"font-weight: 400;\">Auk\u0161tos kokyb\u0117s baltymai: 14,5% dehidratuot\u0173 \u0117rienos baltym\u0173 ir 4% \u0161vie\u017eios \u0117rienos \u2013 puikus baltym\u0173 \u0161altinis.<\/span><\/li>\n<li style=\"font-weight: 400;\" aria-level=\"1\"><span style=\"font-weight: 400;\">Odos ir kailio prie\u017ei\u016bra: Omega-3 ir Omega-6 r\u016bg\u0161tys i\u0161 s\u0117men\u0173 ir kukur\u016bz\u0173 aliejaus.<\/span><\/li>\n<li style=\"font-weight: 400;\" aria-level=\"1\"><span style=\"font-weight: 400;\">Sveikas vir\u0161kinimas: Cikorijos ir ananas\u0173 stieb\u0173 koncentratas palaiko \u017earnyno veikl\u0105.<\/span><\/li>\n<li style=\"font-weight: 400;\" aria-level=\"1\"><span style=\"font-weight: 400;\">Nat\u016bral\u016bs ingredientai: Spirulina ir \u0161eriuotoji juka prisideda prie bendros augintinio sveikatos.<\/span><\/li>\n<\/ul>\n<p><span style=\"font-weight: 400;\">\u0160is pa\u0161aras suteikia visas reikalingas maistines med\u017eiagas ma\u017e\u0173 veisli\u0173 \u0161unims, kartu r\u016bpindamasis j\u0173 jautria vir\u0161kinimo sistema. Subalansuota sud\u0117tis su \u0117riena u\u017etikrina puik\u0173 skon\u012f ir ger\u0105 \u012fsisavinim\u0105, o nat\u016bral\u016bs papildai padeda palaikyti odos, kailio ir \u017earnyno sveikat\u0105.<\/span><\/p>\n","protected":false},"excerpt":{"rendered":"<p><span style=\"font-weight: 400;\">Visavertis pa\u0161aras, specialiai sukurtas suaugusiems ma\u017e\u0173 ir itin ma\u017e\u0173 veisli\u0173 \u0161unims, kuri\u0173 jautri vir\u0161kinimo sistema reikalauja ypatingo d\u0117mesio. Pritaikytas ma\u017e\u0173 augintini\u0173 poreikiams ir sud\u0117tyje n\u0117ra glitimo.<\/span><\/p>\n","protected":false},"featured_media":12825,"template":"","meta":[],"product_brand":[],"product_cat":[101,103,104,328],"product_tag":[],"class_list":{"0":"post-12824","1":"product","2":"type-product","3":"status-publish","4":"has-post-thumbnail","6":"product_cat-sunims","7":"product_cat-sunu-maistas","8":"product_cat-sausas-maistas","9":"product_cat-trainer-sunu-maistas","10":"pa_prekinis-zenklas-trainer","12":"first","13":"instock","14":"taxable","15":"shipping-taxable","16":"purchasable","17":"product-type-variable"},"yoast_head":"<!-- This site is optimized with the Yoast SEO Premium plugin v27.1 (Yoast SEO v27.3) - https:\/\/yoast.com\/product\/yoast-seo-premium-wordpress\/ -->\n<title>Trainer ADULT DOG SENSITIVE NO GLUTEN MINI LAMB su \u0117riena - anivet.lt<\/title>\n<meta name=\"description\" content=\"Visavertis pa\u0161aras, specialiai sukurtas suaugusiems ma\u017e\u0173 ir itin ma\u017e\u0173 veisli\u0173 \u0161unims, kuri\u0173 jautri vir\u0161kinimo sistema reikalauja ypatingo d\u0117mesio. Pritaikytas ma\u017e\u0173 augintini\u0173 poreikiams ir sud\u0117tyje n\u0117ra glitimo.\" \/>\n<meta name=\"robots\" content=\"index, follow, max-snippet:-1, max-image-preview:large, max-video-preview:-1\" \/>\n<link rel=\"canonical\" href=\"https:\/\/anivet.lt\/elparduotuve\/produktas\/nt-adult-dog-sensitive-no-gluten-mini-lamb-su-eriena\/\" \/>\n<meta property=\"og:locale\" content=\"lt_LT\" \/>\n<meta property=\"og:type\" content=\"article\" \/>\n<meta property=\"og:title\" content=\"Trainer ADULT DOG SENSITIVE NO GLUTEN MINI LAMB su \u0117riena\" \/>\n<meta property=\"og:description\" content=\"Visavertis pa\u0161aras, specialiai sukurtas suaugusiems ma\u017e\u0173 ir itin ma\u017e\u0173 veisli\u0173 \u0161unims, kuri\u0173 jautri vir\u0161kinimo sistema reikalauja ypatingo d\u0117mesio. Pritaikytas ma\u017e\u0173 augintini\u0173 poreikiams ir sud\u0117tyje n\u0117ra glitimo.\" \/>\n<meta property=\"og:url\" content=\"https:\/\/anivet.lt\/elparduotuve\/produktas\/nt-adult-dog-sensitive-no-gluten-mini-lamb-su-eriena\/\" \/>\n<meta property=\"og:site_name\" content=\"anivet.lt\" \/>\n<meta property=\"article:modified_time\" content=\"2026-01-30T03:51:29+00:00\" \/>\n<meta property=\"og:image\" content=\"https:\/\/anivet.lt\/elparduotuve\/wp-content\/uploads\/2024\/01\/8059149252407_925240-eriena-mini-2.jpg\" \/>\n\t<meta property=\"og:image:width\" content=\"800\" \/>\n\t<meta property=\"og:image:height\" content=\"800\" \/>\n\t<meta property=\"og:image:type\" content=\"image\/jpeg\" \/>\n<meta name=\"twitter:card\" content=\"summary_large_image\" \/>\n<meta name=\"twitter:label1\" content=\"Est. reading time\" \/>\n\t<meta name=\"twitter:data1\" content=\"1 minut\u0117\" \/>\n<script type=\"application\/ld+json\" class=\"yoast-schema-graph\">{\"@context\":\"https:\\\/\\\/schema.org\",\"@graph\":[{\"@type\":\"WebPage\",\"@id\":\"https:\\\/\\\/anivet.lt\\\/elparduotuve\\\/produktas\\\/nt-adult-dog-sensitive-no-gluten-mini-lamb-su-eriena\\\/\",\"url\":\"https:\\\/\\\/anivet.lt\\\/elparduotuve\\\/produktas\\\/nt-adult-dog-sensitive-no-gluten-mini-lamb-su-eriena\\\/\",\"name\":\"Trainer ADULT DOG SENSITIVE NO GLUTEN MINI LAMB su \u0117riena - anivet.lt\",\"isPartOf\":{\"@id\":\"https:\\\/\\\/anivet.lt\\\/elparduotuve\\\/#website\"},\"primaryImageOfPage\":{\"@id\":\"https:\\\/\\\/anivet.lt\\\/elparduotuve\\\/produktas\\\/nt-adult-dog-sensitive-no-gluten-mini-lamb-su-eriena\\\/#primaryimage\"},\"image\":{\"@id\":\"https:\\\/\\\/anivet.lt\\\/elparduotuve\\\/produktas\\\/nt-adult-dog-sensitive-no-gluten-mini-lamb-su-eriena\\\/#primaryimage\"},\"thumbnailUrl\":\"https:\\\/\\\/anivet.lt\\\/elparduotuve\\\/wp-content\\\/uploads\\\/2024\\\/01\\\/8059149252407_925240-eriena-mini-2.jpg\",\"datePublished\":\"2024-01-16T11:40:02+00:00\",\"dateModified\":\"2026-01-30T03:51:29+00:00\",\"description\":\"Visavertis pa\u0161aras, specialiai sukurtas suaugusiems ma\u017e\u0173 ir itin ma\u017e\u0173 veisli\u0173 \u0161unims, kuri\u0173 jautri vir\u0161kinimo sistema reikalauja ypatingo d\u0117mesio. Pritaikytas ma\u017e\u0173 augintini\u0173 poreikiams ir sud\u0117tyje n\u0117ra glitimo.\",\"breadcrumb\":{\"@id\":\"https:\\\/\\\/anivet.lt\\\/elparduotuve\\\/produktas\\\/nt-adult-dog-sensitive-no-gluten-mini-lamb-su-eriena\\\/#breadcrumb\"},\"inLanguage\":\"lt-LT\",\"potentialAction\":[{\"@type\":\"ReadAction\",\"target\":[\"https:\\\/\\\/anivet.lt\\\/elparduotuve\\\/produktas\\\/nt-adult-dog-sensitive-no-gluten-mini-lamb-su-eriena\\\/\"]}]},{\"@type\":\"ImageObject\",\"inLanguage\":\"lt-LT\",\"@id\":\"https:\\\/\\\/anivet.lt\\\/elparduotuve\\\/produktas\\\/nt-adult-dog-sensitive-no-gluten-mini-lamb-su-eriena\\\/#primaryimage\",\"url\":\"https:\\\/\\\/anivet.lt\\\/elparduotuve\\\/wp-content\\\/uploads\\\/2024\\\/01\\\/8059149252407_925240-eriena-mini-2.jpg\",\"contentUrl\":\"https:\\\/\\\/anivet.lt\\\/elparduotuve\\\/wp-content\\\/uploads\\\/2024\\\/01\\\/8059149252407_925240-eriena-mini-2.jpg\",\"width\":800,\"height\":800,\"caption\":\"NT ADULT DOG SENSITIVE NO GLUTEN MINI LAMB su \u0117riena\"},{\"@type\":\"BreadcrumbList\",\"@id\":\"https:\\\/\\\/anivet.lt\\\/elparduotuve\\\/produktas\\\/nt-adult-dog-sensitive-no-gluten-mini-lamb-su-eriena\\\/#breadcrumb\",\"itemListElement\":[{\"@type\":\"ListItem\",\"position\":1,\"name\":\"Home\",\"item\":\"https:\\\/\\\/anivet.lt\\\/elparduotuve\\\/\"},{\"@type\":\"ListItem\",\"position\":2,\"name\":\"Produktai\",\"item\":\"https:\\\/\\\/anivet.lt\\\/elparduotuve\\\/produktai\\\/\"},{\"@type\":\"ListItem\",\"position\":3,\"name\":\"Trainer ADULT DOG SENSITIVE NO GLUTEN MINI LAMB su \u0117riena\"}]},{\"@type\":\"WebSite\",\"@id\":\"https:\\\/\\\/anivet.lt\\\/elparduotuve\\\/#website\",\"url\":\"https:\\\/\\\/anivet.lt\\\/elparduotuve\\\/\",\"name\":\"anivet.lt\",\"description\":\"Viskas J\u016bs\u0173 \u0161uns, kat\u0117s prie\u017ei\u016brai\",\"publisher\":{\"@id\":\"https:\\\/\\\/anivet.lt\\\/elparduotuve\\\/#organization\"},\"alternateName\":\"Viskas J\u016bs\u0173 \u0161uns, kat\u0117s prie\u017ei\u016brai\",\"potentialAction\":[{\"@type\":\"SearchAction\",\"target\":{\"@type\":\"EntryPoint\",\"urlTemplate\":\"https:\\\/\\\/anivet.lt\\\/elparduotuve\\\/?s={search_term_string}\"},\"query-input\":{\"@type\":\"PropertyValueSpecification\",\"valueRequired\":true,\"valueName\":\"search_term_string\"}}],\"inLanguage\":\"lt-LT\"},{\"@type\":\"Organization\",\"@id\":\"https:\\\/\\\/anivet.lt\\\/elparduotuve\\\/#organization\",\"name\":\"Viskas J\u016bs\u0173 \u0161uns, kat\u0117s prie\u017ei\u016brai\",\"url\":\"https:\\\/\\\/anivet.lt\\\/elparduotuve\\\/\",\"logo\":{\"@type\":\"ImageObject\",\"inLanguage\":\"lt-LT\",\"@id\":\"https:\\\/\\\/anivet.lt\\\/elparduotuve\\\/#\\\/schema\\\/logo\\\/image\\\/\",\"url\":\"https:\\\/\\\/anivet.lt\\\/elparduotuve\\\/wp-content\\\/uploads\\\/2023\\\/06\\\/logo2.jpg\",\"contentUrl\":\"https:\\\/\\\/anivet.lt\\\/elparduotuve\\\/wp-content\\\/uploads\\\/2023\\\/06\\\/logo2.jpg\",\"width\":655,\"height\":194,\"caption\":\"Viskas J\u016bs\u0173 \u0161uns, kat\u0117s prie\u017ei\u016brai\"},\"image\":{\"@id\":\"https:\\\/\\\/anivet.lt\\\/elparduotuve\\\/#\\\/schema\\\/logo\\\/image\\\/\"}}]}<\/script>\n<!-- \/ Yoast SEO Premium plugin. -->","yoast_head_json":{"title":"Trainer ADULT DOG SENSITIVE NO GLUTEN MINI LAMB su \u0117riena - anivet.lt","description":"Visavertis pa\u0161aras, specialiai sukurtas suaugusiems ma\u017e\u0173 ir itin ma\u017e\u0173 veisli\u0173 \u0161unims, kuri\u0173 jautri vir\u0161kinimo sistema reikalauja ypatingo d\u0117mesio. Pritaikytas ma\u017e\u0173 augintini\u0173 poreikiams ir sud\u0117tyje n\u0117ra glitimo.","robots":{"index":"index","follow":"follow","max-snippet":"max-snippet:-1","max-image-preview":"max-image-preview:large","max-video-preview":"max-video-preview:-1"},"canonical":"https:\/\/anivet.lt\/elparduotuve\/produktas\/nt-adult-dog-sensitive-no-gluten-mini-lamb-su-eriena\/","og_locale":"lt_LT","og_type":"article","og_title":"Trainer ADULT DOG SENSITIVE NO GLUTEN MINI LAMB su \u0117riena","og_description":"Visavertis pa\u0161aras, specialiai sukurtas suaugusiems ma\u017e\u0173 ir itin ma\u017e\u0173 veisli\u0173 \u0161unims, kuri\u0173 jautri vir\u0161kinimo sistema reikalauja ypatingo d\u0117mesio. Pritaikytas ma\u017e\u0173 augintini\u0173 poreikiams ir sud\u0117tyje n\u0117ra glitimo.","og_url":"https:\/\/anivet.lt\/elparduotuve\/produktas\/nt-adult-dog-sensitive-no-gluten-mini-lamb-su-eriena\/","og_site_name":"anivet.lt","article_modified_time":"2026-01-30T03:51:29+00:00","og_image":[{"width":800,"height":800,"url":"https:\/\/anivet.lt\/elparduotuve\/wp-content\/uploads\/2024\/01\/8059149252407_925240-eriena-mini-2.jpg","type":"image\/jpeg"}],"twitter_card":"summary_large_image","twitter_misc":{"Est. reading time":"1 minut\u0117"},"schema":{"@context":"https:\/\/schema.org","@graph":[{"@type":"WebPage","@id":"https:\/\/anivet.lt\/elparduotuve\/produktas\/nt-adult-dog-sensitive-no-gluten-mini-lamb-su-eriena\/","url":"https:\/\/anivet.lt\/elparduotuve\/produktas\/nt-adult-dog-sensitive-no-gluten-mini-lamb-su-eriena\/","name":"Trainer ADULT DOG SENSITIVE NO GLUTEN MINI LAMB su \u0117riena - anivet.lt","isPartOf":{"@id":"https:\/\/anivet.lt\/elparduotuve\/#website"},"primaryImageOfPage":{"@id":"https:\/\/anivet.lt\/elparduotuve\/produktas\/nt-adult-dog-sensitive-no-gluten-mini-lamb-su-eriena\/#primaryimage"},"image":{"@id":"https:\/\/anivet.lt\/elparduotuve\/produktas\/nt-adult-dog-sensitive-no-gluten-mini-lamb-su-eriena\/#primaryimage"},"thumbnailUrl":"https:\/\/anivet.lt\/elparduotuve\/wp-content\/uploads\/2024\/01\/8059149252407_925240-eriena-mini-2.jpg","datePublished":"2024-01-16T11:40:02+00:00","dateModified":"2026-01-30T03:51:29+00:00","description":"Visavertis pa\u0161aras, specialiai sukurtas suaugusiems ma\u017e\u0173 ir itin ma\u017e\u0173 veisli\u0173 \u0161unims, kuri\u0173 jautri vir\u0161kinimo sistema reikalauja ypatingo d\u0117mesio. Pritaikytas ma\u017e\u0173 augintini\u0173 poreikiams ir sud\u0117tyje n\u0117ra glitimo.","breadcrumb":{"@id":"https:\/\/anivet.lt\/elparduotuve\/produktas\/nt-adult-dog-sensitive-no-gluten-mini-lamb-su-eriena\/#breadcrumb"},"inLanguage":"lt-LT","potentialAction":[{"@type":"ReadAction","target":["https:\/\/anivet.lt\/elparduotuve\/produktas\/nt-adult-dog-sensitive-no-gluten-mini-lamb-su-eriena\/"]}]},{"@type":"ImageObject","inLanguage":"lt-LT","@id":"https:\/\/anivet.lt\/elparduotuve\/produktas\/nt-adult-dog-sensitive-no-gluten-mini-lamb-su-eriena\/#primaryimage","url":"https:\/\/anivet.lt\/elparduotuve\/wp-content\/uploads\/2024\/01\/8059149252407_925240-eriena-mini-2.jpg","contentUrl":"https:\/\/anivet.lt\/elparduotuve\/wp-content\/uploads\/2024\/01\/8059149252407_925240-eriena-mini-2.jpg","width":800,"height":800,"caption":"NT ADULT DOG SENSITIVE NO GLUTEN MINI LAMB su \u0117riena"},{"@type":"BreadcrumbList","@id":"https:\/\/anivet.lt\/elparduotuve\/produktas\/nt-adult-dog-sensitive-no-gluten-mini-lamb-su-eriena\/#breadcrumb","itemListElement":[{"@type":"ListItem","position":1,"name":"Home","item":"https:\/\/anivet.lt\/elparduotuve\/"},{"@type":"ListItem","position":2,"name":"Produktai","item":"https:\/\/anivet.lt\/elparduotuve\/produktai\/"},{"@type":"ListItem","position":3,"name":"Trainer ADULT DOG SENSITIVE NO GLUTEN MINI LAMB su \u0117riena"}]},{"@type":"WebSite","@id":"https:\/\/anivet.lt\/elparduotuve\/#website","url":"https:\/\/anivet.lt\/elparduotuve\/","name":"anivet.lt","description":"Viskas J\u016bs\u0173 \u0161uns, kat\u0117s prie\u017ei\u016brai","publisher":{"@id":"https:\/\/anivet.lt\/elparduotuve\/#organization"},"alternateName":"Viskas J\u016bs\u0173 \u0161uns, kat\u0117s prie\u017ei\u016brai","potentialAction":[{"@type":"SearchAction","target":{"@type":"EntryPoint","urlTemplate":"https:\/\/anivet.lt\/elparduotuve\/?s={search_term_string}"},"query-input":{"@type":"PropertyValueSpecification","valueRequired":true,"valueName":"search_term_string"}}],"inLanguage":"lt-LT"},{"@type":"Organization","@id":"https:\/\/anivet.lt\/elparduotuve\/#organization","name":"Viskas J\u016bs\u0173 \u0161uns, kat\u0117s prie\u017ei\u016brai","url":"https:\/\/anivet.lt\/elparduotuve\/","logo":{"@type":"ImageObject","inLanguage":"lt-LT","@id":"https:\/\/anivet.lt\/elparduotuve\/#\/schema\/logo\/image\/","url":"https:\/\/anivet.lt\/elparduotuve\/wp-content\/uploads\/2023\/06\/logo2.jpg","contentUrl":"https:\/\/anivet.lt\/elparduotuve\/wp-content\/uploads\/2023\/06\/logo2.jpg","width":655,"height":194,"caption":"Viskas J\u016bs\u0173 \u0161uns, kat\u0117s prie\u017ei\u016brai"},"image":{"@id":"https:\/\/anivet.lt\/elparduotuve\/#\/schema\/logo\/image\/"}}]}},"_links":{"self":[{"href":"https:\/\/anivet.lt\/elparduotuve\/wp-json\/wp\/v2\/product\/12824","targetHints":{"allow":["GET"]}}],"collection":[{"href":"https:\/\/anivet.lt\/elparduotuve\/wp-json\/wp\/v2\/product"}],"about":[{"href":"https:\/\/anivet.lt\/elparduotuve\/wp-json\/wp\/v2\/types\/product"}],"wp:featuredmedia":[{"embeddable":true,"href":"https:\/\/anivet.lt\/elparduotuve\/wp-json\/wp\/v2\/media\/12825"}],"wp:attachment":[{"href":"https:\/\/anivet.lt\/elparduotuve\/wp-json\/wp\/v2\/media?parent=12824"}],"wp:term":[{"taxonomy":"product_brand","embeddable":true,"href":"https:\/\/anivet.lt\/elparduotuve\/wp-json\/wp\/v2\/product_brand?post=12824"},{"taxonomy":"product_cat","embeddable":true,"href":"https:\/\/anivet.lt\/elparduotuve\/wp-json\/wp\/v2\/product_cat?post=12824"},{"taxonomy":"product_tag","embeddable":true,"href":"https:\/\/anivet.lt\/elparduotuve\/wp-json\/wp\/v2\/product_tag?post=12824"}],"curies":[{"name":"wp","href":"https:\/\/api.w.org\/{rel}","templated":true}]}}