{"id":12829,"date":"2024-01-16T12:16:11","date_gmt":"2024-01-16T12:16:11","guid":{"rendered":"https:\/\/anivet.lt\/elparduotuve\/?post_type=product&#038;p=12829"},"modified":"2026-01-30T03:51:29","modified_gmt":"2026-01-30T03:51:29","slug":"nt-adult-dog-sensitive-no-gluten-mini-salmon-su-lasisa","status":"publish","type":"product","link":"https:\/\/anivet.lt\/elparduotuve\/produktas\/nt-adult-dog-sensitive-no-gluten-mini-salmon-su-lasisa\/","title":{"rendered":"Trainer ADULT DOG SENSITIVE NO GLUTEN MINI SALMON su la\u0161i\u0161a"},"content":{"rendered":"<ul>\n<li style=\"font-weight: 400;\" aria-level=\"1\"><span style=\"font-weight: 400;\">La\u0161i\u0161a kaip pagrindinis baltymas: 14% dehidratuot\u0173 la\u0161i\u0161os baltym\u0173 ir 6,5% \u0161vie\u017eios la\u0161i\u0161os suteikia lengvai vir\u0161kinam\u0105 ir auk\u0161tos kokyb\u0117s baltym\u0173 \u0161altin\u012f.<\/span><\/li>\n<li style=\"font-weight: 400;\" aria-level=\"1\"><span style=\"font-weight: 400;\">Be glitimo: Pa\u0161aras puikiai tinka \u0161unims, kuri\u0173 vir\u0161kinimas jautrus glitimui ar gr\u016bdams.<\/span><\/li>\n<li style=\"font-weight: 400;\" aria-level=\"1\"><span style=\"font-weight: 400;\">Sveikas kailis ir oda: S\u0117menys ir la\u0161i\u0161a prisideda prie blizgaus kailio ir sveikos odos.<\/span><\/li>\n<li style=\"font-weight: 400;\" aria-level=\"1\"><span style=\"font-weight: 400;\">Vir\u0161kinimo sveikata: Cikorijos \u0161akn\u0173 inulinas ir ananas\u0173 ekstraktas skatina sveik\u0105 \u017earnyno mikroflor\u0105.<\/span><\/li>\n<li style=\"font-weight: 400;\" aria-level=\"1\"><span style=\"font-weight: 400;\">Kvap\u0173 kontrol\u0117: Jukos ekstraktas padeda suma\u017einti nemalonius kvapus.<\/span><\/li>\n<li style=\"font-weight: 400;\" aria-level=\"1\"><span style=\"font-weight: 400;\">Mini granul\u0117s: Specialiai pritaikytos ma\u017e\u0173 \u0161un\u0173 \u017eandikauliams.<\/span><\/li>\n<\/ul>\n<p><span style=\"font-weight: 400;\">\u0160is pa\u0161aras u\u017etikrina j\u016bs\u0173 ma\u017eo augintinio gerov\u0119, patenkina visus jo mitybos poreikius ir palaiko sveik\u0105 gyvenimo b\u016bd\u0105. Idealiai tinka \u0161unims, kurie yra jautr\u016bs ar turi specifinius mitybos poreikius<\/span><\/p>\n","protected":false},"excerpt":{"rendered":"<p><span style=\"font-weight: 400;\">Visavertis Trainer \u0161un\u0173 maistas, specialiai sukurtas ma\u017e\u0173 ir itin ma\u017e\u0173 veisli\u0173 suaugusiems \u0161unims. \u0160io pa\u0161aro sud\u0117tis praturtinta la\u0161i\u0161a, u\u017etikrinant auk\u0161t\u0105 maistin\u0119 vert\u0119 ir i\u0161skirtin\u012f skon\u012f.<\/span><\/p>\n","protected":false},"featured_media":12830,"template":"","meta":[],"product_brand":[],"product_cat":[101,103,104,328],"product_tag":[],"class_list":{"0":"post-12829","1":"product","2":"type-product","3":"status-publish","4":"has-post-thumbnail","6":"product_cat-sunims","7":"product_cat-sunu-maistas","8":"product_cat-sausas-maistas","9":"product_cat-trainer-sunu-maistas","10":"pa_prekinis-zenklas-trainer","12":"first","13":"instock","14":"taxable","15":"shipping-taxable","16":"purchasable","17":"product-type-variable"},"yoast_head":"<!-- This site is optimized with the Yoast SEO Premium plugin v27.1 (Yoast SEO v27.3) - https:\/\/yoast.com\/product\/yoast-seo-premium-wordpress\/ -->\n<title>Trainer ADULT DOG SENSITIVE NO GLUTEN MINI SALMON su la\u0161i\u0161a - anivet.lt<\/title>\n<meta name=\"description\" content=\"Visavertis Trainer \u0161un\u0173 maistas, specialiai sukurtas ma\u017e\u0173 ir itin ma\u017e\u0173 veisli\u0173 suaugusiems \u0161unims. \u0160io pa\u0161aro sud\u0117tis praturtinta la\u0161i\u0161a, u\u017etikrinant auk\u0161t\u0105 maistin\u0119 vert\u0119 ir i\u0161skirtin\u012f skon\u012f.\" \/>\n<meta name=\"robots\" content=\"index, follow, max-snippet:-1, max-image-preview:large, max-video-preview:-1\" \/>\n<link rel=\"canonical\" href=\"https:\/\/anivet.lt\/elparduotuve\/produktas\/nt-adult-dog-sensitive-no-gluten-mini-salmon-su-lasisa\/\" \/>\n<meta property=\"og:locale\" content=\"lt_LT\" \/>\n<meta property=\"og:type\" content=\"article\" \/>\n<meta property=\"og:title\" content=\"Trainer ADULT DOG SENSITIVE NO GLUTEN MINI SALMON su la\u0161i\u0161a\" \/>\n<meta property=\"og:description\" content=\"Visavertis Trainer \u0161un\u0173 maistas, specialiai sukurtas ma\u017e\u0173 ir itin ma\u017e\u0173 veisli\u0173 suaugusiems \u0161unims. \u0160io pa\u0161aro sud\u0117tis praturtinta la\u0161i\u0161a, u\u017etikrinant auk\u0161t\u0105 maistin\u0119 vert\u0119 ir i\u0161skirtin\u012f skon\u012f.\" \/>\n<meta property=\"og:url\" content=\"https:\/\/anivet.lt\/elparduotuve\/produktas\/nt-adult-dog-sensitive-no-gluten-mini-salmon-su-lasisa\/\" \/>\n<meta property=\"og:site_name\" content=\"anivet.lt\" \/>\n<meta property=\"article:modified_time\" content=\"2026-01-30T03:51:29+00:00\" \/>\n<meta property=\"og:image\" content=\"https:\/\/anivet.lt\/elparduotuve\/wp-content\/uploads\/2024\/01\/925239_AffinityNTD_SensitiveNoGlutenSTAdultSalmon_2kg_TRZ_3D.jpg\" \/>\n\t<meta property=\"og:image:width\" content=\"800\" \/>\n\t<meta property=\"og:image:height\" content=\"800\" \/>\n\t<meta property=\"og:image:type\" content=\"image\/jpeg\" \/>\n<meta name=\"twitter:card\" content=\"summary_large_image\" \/>\n<meta name=\"twitter:label1\" content=\"Est. reading time\" \/>\n\t<meta name=\"twitter:data1\" content=\"1 minut\u0117\" \/>\n<script type=\"application\/ld+json\" class=\"yoast-schema-graph\">{\"@context\":\"https:\\\/\\\/schema.org\",\"@graph\":[{\"@type\":\"WebPage\",\"@id\":\"https:\\\/\\\/anivet.lt\\\/elparduotuve\\\/produktas\\\/nt-adult-dog-sensitive-no-gluten-mini-salmon-su-lasisa\\\/\",\"url\":\"https:\\\/\\\/anivet.lt\\\/elparduotuve\\\/produktas\\\/nt-adult-dog-sensitive-no-gluten-mini-salmon-su-lasisa\\\/\",\"name\":\"Trainer ADULT DOG SENSITIVE NO GLUTEN MINI SALMON su la\u0161i\u0161a - anivet.lt\",\"isPartOf\":{\"@id\":\"https:\\\/\\\/anivet.lt\\\/elparduotuve\\\/#website\"},\"primaryImageOfPage\":{\"@id\":\"https:\\\/\\\/anivet.lt\\\/elparduotuve\\\/produktas\\\/nt-adult-dog-sensitive-no-gluten-mini-salmon-su-lasisa\\\/#primaryimage\"},\"image\":{\"@id\":\"https:\\\/\\\/anivet.lt\\\/elparduotuve\\\/produktas\\\/nt-adult-dog-sensitive-no-gluten-mini-salmon-su-lasisa\\\/#primaryimage\"},\"thumbnailUrl\":\"https:\\\/\\\/anivet.lt\\\/elparduotuve\\\/wp-content\\\/uploads\\\/2024\\\/01\\\/925239_AffinityNTD_SensitiveNoGlutenSTAdultSalmon_2kg_TRZ_3D.jpg\",\"datePublished\":\"2024-01-16T12:16:11+00:00\",\"dateModified\":\"2026-01-30T03:51:29+00:00\",\"description\":\"Visavertis Trainer \u0161un\u0173 maistas, specialiai sukurtas ma\u017e\u0173 ir itin ma\u017e\u0173 veisli\u0173 suaugusiems \u0161unims. \u0160io pa\u0161aro sud\u0117tis praturtinta la\u0161i\u0161a, u\u017etikrinant auk\u0161t\u0105 maistin\u0119 vert\u0119 ir i\u0161skirtin\u012f skon\u012f.\",\"breadcrumb\":{\"@id\":\"https:\\\/\\\/anivet.lt\\\/elparduotuve\\\/produktas\\\/nt-adult-dog-sensitive-no-gluten-mini-salmon-su-lasisa\\\/#breadcrumb\"},\"inLanguage\":\"lt-LT\",\"potentialAction\":[{\"@type\":\"ReadAction\",\"target\":[\"https:\\\/\\\/anivet.lt\\\/elparduotuve\\\/produktas\\\/nt-adult-dog-sensitive-no-gluten-mini-salmon-su-lasisa\\\/\"]}]},{\"@type\":\"ImageObject\",\"inLanguage\":\"lt-LT\",\"@id\":\"https:\\\/\\\/anivet.lt\\\/elparduotuve\\\/produktas\\\/nt-adult-dog-sensitive-no-gluten-mini-salmon-su-lasisa\\\/#primaryimage\",\"url\":\"https:\\\/\\\/anivet.lt\\\/elparduotuve\\\/wp-content\\\/uploads\\\/2024\\\/01\\\/925239_AffinityNTD_SensitiveNoGlutenSTAdultSalmon_2kg_TRZ_3D.jpg\",\"contentUrl\":\"https:\\\/\\\/anivet.lt\\\/elparduotuve\\\/wp-content\\\/uploads\\\/2024\\\/01\\\/925239_AffinityNTD_SensitiveNoGlutenSTAdultSalmon_2kg_TRZ_3D.jpg\",\"width\":800,\"height\":800,\"caption\":\"NT ADULT DOG SENSITIVE NO GLUTEN MINI SALMON su la\u0161i\u0161a\"},{\"@type\":\"BreadcrumbList\",\"@id\":\"https:\\\/\\\/anivet.lt\\\/elparduotuve\\\/produktas\\\/nt-adult-dog-sensitive-no-gluten-mini-salmon-su-lasisa\\\/#breadcrumb\",\"itemListElement\":[{\"@type\":\"ListItem\",\"position\":1,\"name\":\"Home\",\"item\":\"https:\\\/\\\/anivet.lt\\\/elparduotuve\\\/\"},{\"@type\":\"ListItem\",\"position\":2,\"name\":\"Produktai\",\"item\":\"https:\\\/\\\/anivet.lt\\\/elparduotuve\\\/produktai\\\/\"},{\"@type\":\"ListItem\",\"position\":3,\"name\":\"Trainer ADULT DOG SENSITIVE NO GLUTEN MINI SALMON su la\u0161i\u0161a\"}]},{\"@type\":\"WebSite\",\"@id\":\"https:\\\/\\\/anivet.lt\\\/elparduotuve\\\/#website\",\"url\":\"https:\\\/\\\/anivet.lt\\\/elparduotuve\\\/\",\"name\":\"anivet.lt\",\"description\":\"Viskas J\u016bs\u0173 \u0161uns, kat\u0117s prie\u017ei\u016brai\",\"publisher\":{\"@id\":\"https:\\\/\\\/anivet.lt\\\/elparduotuve\\\/#organization\"},\"alternateName\":\"Viskas J\u016bs\u0173 \u0161uns, kat\u0117s prie\u017ei\u016brai\",\"potentialAction\":[{\"@type\":\"SearchAction\",\"target\":{\"@type\":\"EntryPoint\",\"urlTemplate\":\"https:\\\/\\\/anivet.lt\\\/elparduotuve\\\/?s={search_term_string}\"},\"query-input\":{\"@type\":\"PropertyValueSpecification\",\"valueRequired\":true,\"valueName\":\"search_term_string\"}}],\"inLanguage\":\"lt-LT\"},{\"@type\":\"Organization\",\"@id\":\"https:\\\/\\\/anivet.lt\\\/elparduotuve\\\/#organization\",\"name\":\"Viskas J\u016bs\u0173 \u0161uns, kat\u0117s prie\u017ei\u016brai\",\"url\":\"https:\\\/\\\/anivet.lt\\\/elparduotuve\\\/\",\"logo\":{\"@type\":\"ImageObject\",\"inLanguage\":\"lt-LT\",\"@id\":\"https:\\\/\\\/anivet.lt\\\/elparduotuve\\\/#\\\/schema\\\/logo\\\/image\\\/\",\"url\":\"https:\\\/\\\/anivet.lt\\\/elparduotuve\\\/wp-content\\\/uploads\\\/2023\\\/06\\\/logo2.jpg\",\"contentUrl\":\"https:\\\/\\\/anivet.lt\\\/elparduotuve\\\/wp-content\\\/uploads\\\/2023\\\/06\\\/logo2.jpg\",\"width\":655,\"height\":194,\"caption\":\"Viskas J\u016bs\u0173 \u0161uns, kat\u0117s prie\u017ei\u016brai\"},\"image\":{\"@id\":\"https:\\\/\\\/anivet.lt\\\/elparduotuve\\\/#\\\/schema\\\/logo\\\/image\\\/\"}}]}<\/script>\n<!-- \/ Yoast SEO Premium plugin. -->","yoast_head_json":{"title":"Trainer ADULT DOG SENSITIVE NO GLUTEN MINI SALMON su la\u0161i\u0161a - anivet.lt","description":"Visavertis Trainer \u0161un\u0173 maistas, specialiai sukurtas ma\u017e\u0173 ir itin ma\u017e\u0173 veisli\u0173 suaugusiems \u0161unims. \u0160io pa\u0161aro sud\u0117tis praturtinta la\u0161i\u0161a, u\u017etikrinant auk\u0161t\u0105 maistin\u0119 vert\u0119 ir i\u0161skirtin\u012f skon\u012f.","robots":{"index":"index","follow":"follow","max-snippet":"max-snippet:-1","max-image-preview":"max-image-preview:large","max-video-preview":"max-video-preview:-1"},"canonical":"https:\/\/anivet.lt\/elparduotuve\/produktas\/nt-adult-dog-sensitive-no-gluten-mini-salmon-su-lasisa\/","og_locale":"lt_LT","og_type":"article","og_title":"Trainer ADULT DOG SENSITIVE NO GLUTEN MINI SALMON su la\u0161i\u0161a","og_description":"Visavertis Trainer \u0161un\u0173 maistas, specialiai sukurtas ma\u017e\u0173 ir itin ma\u017e\u0173 veisli\u0173 suaugusiems \u0161unims. \u0160io pa\u0161aro sud\u0117tis praturtinta la\u0161i\u0161a, u\u017etikrinant auk\u0161t\u0105 maistin\u0119 vert\u0119 ir i\u0161skirtin\u012f skon\u012f.","og_url":"https:\/\/anivet.lt\/elparduotuve\/produktas\/nt-adult-dog-sensitive-no-gluten-mini-salmon-su-lasisa\/","og_site_name":"anivet.lt","article_modified_time":"2026-01-30T03:51:29+00:00","og_image":[{"width":800,"height":800,"url":"https:\/\/anivet.lt\/elparduotuve\/wp-content\/uploads\/2024\/01\/925239_AffinityNTD_SensitiveNoGlutenSTAdultSalmon_2kg_TRZ_3D.jpg","type":"image\/jpeg"}],"twitter_card":"summary_large_image","twitter_misc":{"Est. reading time":"1 minut\u0117"},"schema":{"@context":"https:\/\/schema.org","@graph":[{"@type":"WebPage","@id":"https:\/\/anivet.lt\/elparduotuve\/produktas\/nt-adult-dog-sensitive-no-gluten-mini-salmon-su-lasisa\/","url":"https:\/\/anivet.lt\/elparduotuve\/produktas\/nt-adult-dog-sensitive-no-gluten-mini-salmon-su-lasisa\/","name":"Trainer ADULT DOG SENSITIVE NO GLUTEN MINI SALMON su la\u0161i\u0161a - anivet.lt","isPartOf":{"@id":"https:\/\/anivet.lt\/elparduotuve\/#website"},"primaryImageOfPage":{"@id":"https:\/\/anivet.lt\/elparduotuve\/produktas\/nt-adult-dog-sensitive-no-gluten-mini-salmon-su-lasisa\/#primaryimage"},"image":{"@id":"https:\/\/anivet.lt\/elparduotuve\/produktas\/nt-adult-dog-sensitive-no-gluten-mini-salmon-su-lasisa\/#primaryimage"},"thumbnailUrl":"https:\/\/anivet.lt\/elparduotuve\/wp-content\/uploads\/2024\/01\/925239_AffinityNTD_SensitiveNoGlutenSTAdultSalmon_2kg_TRZ_3D.jpg","datePublished":"2024-01-16T12:16:11+00:00","dateModified":"2026-01-30T03:51:29+00:00","description":"Visavertis Trainer \u0161un\u0173 maistas, specialiai sukurtas ma\u017e\u0173 ir itin ma\u017e\u0173 veisli\u0173 suaugusiems \u0161unims. \u0160io pa\u0161aro sud\u0117tis praturtinta la\u0161i\u0161a, u\u017etikrinant auk\u0161t\u0105 maistin\u0119 vert\u0119 ir i\u0161skirtin\u012f skon\u012f.","breadcrumb":{"@id":"https:\/\/anivet.lt\/elparduotuve\/produktas\/nt-adult-dog-sensitive-no-gluten-mini-salmon-su-lasisa\/#breadcrumb"},"inLanguage":"lt-LT","potentialAction":[{"@type":"ReadAction","target":["https:\/\/anivet.lt\/elparduotuve\/produktas\/nt-adult-dog-sensitive-no-gluten-mini-salmon-su-lasisa\/"]}]},{"@type":"ImageObject","inLanguage":"lt-LT","@id":"https:\/\/anivet.lt\/elparduotuve\/produktas\/nt-adult-dog-sensitive-no-gluten-mini-salmon-su-lasisa\/#primaryimage","url":"https:\/\/anivet.lt\/elparduotuve\/wp-content\/uploads\/2024\/01\/925239_AffinityNTD_SensitiveNoGlutenSTAdultSalmon_2kg_TRZ_3D.jpg","contentUrl":"https:\/\/anivet.lt\/elparduotuve\/wp-content\/uploads\/2024\/01\/925239_AffinityNTD_SensitiveNoGlutenSTAdultSalmon_2kg_TRZ_3D.jpg","width":800,"height":800,"caption":"NT ADULT DOG SENSITIVE NO GLUTEN MINI SALMON su la\u0161i\u0161a"},{"@type":"BreadcrumbList","@id":"https:\/\/anivet.lt\/elparduotuve\/produktas\/nt-adult-dog-sensitive-no-gluten-mini-salmon-su-lasisa\/#breadcrumb","itemListElement":[{"@type":"ListItem","position":1,"name":"Home","item":"https:\/\/anivet.lt\/elparduotuve\/"},{"@type":"ListItem","position":2,"name":"Produktai","item":"https:\/\/anivet.lt\/elparduotuve\/produktai\/"},{"@type":"ListItem","position":3,"name":"Trainer ADULT DOG SENSITIVE NO GLUTEN MINI SALMON su la\u0161i\u0161a"}]},{"@type":"WebSite","@id":"https:\/\/anivet.lt\/elparduotuve\/#website","url":"https:\/\/anivet.lt\/elparduotuve\/","name":"anivet.lt","description":"Viskas J\u016bs\u0173 \u0161uns, kat\u0117s prie\u017ei\u016brai","publisher":{"@id":"https:\/\/anivet.lt\/elparduotuve\/#organization"},"alternateName":"Viskas J\u016bs\u0173 \u0161uns, kat\u0117s prie\u017ei\u016brai","potentialAction":[{"@type":"SearchAction","target":{"@type":"EntryPoint","urlTemplate":"https:\/\/anivet.lt\/elparduotuve\/?s={search_term_string}"},"query-input":{"@type":"PropertyValueSpecification","valueRequired":true,"valueName":"search_term_string"}}],"inLanguage":"lt-LT"},{"@type":"Organization","@id":"https:\/\/anivet.lt\/elparduotuve\/#organization","name":"Viskas J\u016bs\u0173 \u0161uns, kat\u0117s prie\u017ei\u016brai","url":"https:\/\/anivet.lt\/elparduotuve\/","logo":{"@type":"ImageObject","inLanguage":"lt-LT","@id":"https:\/\/anivet.lt\/elparduotuve\/#\/schema\/logo\/image\/","url":"https:\/\/anivet.lt\/elparduotuve\/wp-content\/uploads\/2023\/06\/logo2.jpg","contentUrl":"https:\/\/anivet.lt\/elparduotuve\/wp-content\/uploads\/2023\/06\/logo2.jpg","width":655,"height":194,"caption":"Viskas J\u016bs\u0173 \u0161uns, kat\u0117s prie\u017ei\u016brai"},"image":{"@id":"https:\/\/anivet.lt\/elparduotuve\/#\/schema\/logo\/image\/"}}]}},"_links":{"self":[{"href":"https:\/\/anivet.lt\/elparduotuve\/wp-json\/wp\/v2\/product\/12829","targetHints":{"allow":["GET"]}}],"collection":[{"href":"https:\/\/anivet.lt\/elparduotuve\/wp-json\/wp\/v2\/product"}],"about":[{"href":"https:\/\/anivet.lt\/elparduotuve\/wp-json\/wp\/v2\/types\/product"}],"wp:featuredmedia":[{"embeddable":true,"href":"https:\/\/anivet.lt\/elparduotuve\/wp-json\/wp\/v2\/media\/12830"}],"wp:attachment":[{"href":"https:\/\/anivet.lt\/elparduotuve\/wp-json\/wp\/v2\/media?parent=12829"}],"wp:term":[{"taxonomy":"product_brand","embeddable":true,"href":"https:\/\/anivet.lt\/elparduotuve\/wp-json\/wp\/v2\/product_brand?post=12829"},{"taxonomy":"product_cat","embeddable":true,"href":"https:\/\/anivet.lt\/elparduotuve\/wp-json\/wp\/v2\/product_cat?post=12829"},{"taxonomy":"product_tag","embeddable":true,"href":"https:\/\/anivet.lt\/elparduotuve\/wp-json\/wp\/v2\/product_tag?post=12829"}],"curies":[{"name":"wp","href":"https:\/\/api.w.org\/{rel}","templated":true}]}}