{"id":12839,"date":"2024-01-16T12:49:24","date_gmt":"2024-01-16T12:49:24","guid":{"rendered":"https:\/\/anivet.lt\/elparduotuve\/?post_type=product&#038;p=12839"},"modified":"2025-08-08T10:25:45","modified_gmt":"2025-08-08T10:25:45","slug":"nt-dog-sensitive-no-gluten-puppy-junior-m-m-duck-su-antiena-12kg","status":"publish","type":"product","link":"https:\/\/anivet.lt\/elparduotuve\/produktas\/nt-dog-sensitive-no-gluten-puppy-junior-m-m-duck-su-antiena-12kg\/","title":{"rendered":"Trainer DOG SENSITIVE NO GLUTEN PUPPY JUNIOR M\/M DUCK su antiena 12kg"},"content":{"rendered":"<ul>\n<li style=\"font-weight: 400;\" aria-level=\"1\"><span style=\"font-weight: 400;\">Auk\u0161tos kokyb\u0117s baltymai: Antiena (4%) ir perdirbti antienos baltymai (17%) suteikia b\u016btin\u0173 maistini\u0173 med\u017eiag\u0173 sveikam augimui ir raumen\u0173 vystymuisi.<\/span><\/li>\n<li style=\"font-weight: 400;\" aria-level=\"1\"><span style=\"font-weight: 400;\">Be glitimo: Pa\u0161aras tinka \u0161uniukams, jautriems glitimui, u\u017etikrindamas lengvai vir\u0161kinam\u0105 mityb\u0105.<\/span><\/li>\n<li style=\"font-weight: 400;\" aria-level=\"1\"><span style=\"font-weight: 400;\">Sveikas vir\u0161kinimas: D\u017eiovintos cikorij\u0173 \u0161aknys, lignoceliulioz\u0117 ir \u017eirniai palaiko ger\u0105 vir\u0161kinim\u0105 ir \u017earnyno sveikat\u0105.<\/span><\/li>\n<li style=\"font-weight: 400;\" aria-level=\"1\"><span style=\"font-weight: 400;\">S\u0105nari\u0173 ir jud\u0117jimo palaikymas: Bosvelijos ekstraktas padeda palaikyti sveikus s\u0105narius ir ger\u0105 jud\u0117jimo komfort\u0105 augimo laikotarpiu.<\/span><\/li>\n<li style=\"font-weight: 400;\" aria-level=\"1\"><span style=\"font-weight: 400;\">Sveika oda ir kailis: S\u0117menys, omega-3 riebiosios r\u016bg\u0161tys ir dumbliai (Schizochytrium spp.) prisideda prie sveikos odos ir blizgaus kailio.<\/span><\/li>\n<\/ul>\n<p><span style=\"font-weight: 400;\">Gardus ir maistingas pa\u0161aras, pritaikytas augantiems \u0161uniukams, suteikia energijos ir visas reikalingas med\u017eiagas sveikam vystymuisi. Puikiai tinka kasdieniam naudojimui.<\/span><\/p>\n","protected":false},"excerpt":{"rendered":"<p><span style=\"font-weight: 400;\">Visavertis pa\u0161aras vidutini\u0173 ir dideli\u0173 veisli\u0173 \u0161uniukams nuo 2 m\u0117nesi\u0173 am\u017eiaus su antiena, be glitimo. \u0160is pa\u0161aras u\u017etikrina optimal\u0173 augim\u0105 ir subalansuot\u0105 mityb\u0105 jautriems \u0161uniukams.<\/span><\/p>\n","protected":false},"featured_media":12840,"template":"","meta":[],"product_brand":[],"product_cat":[101,103,104,328],"product_tag":[],"class_list":{"0":"post-12839","1":"product","2":"type-product","3":"status-publish","4":"has-post-thumbnail","6":"product_cat-sunims","7":"product_cat-sunu-maistas","8":"product_cat-sausas-maistas","9":"product_cat-trainer-sunu-maistas","10":"pa_prekinis-zenklas-trainer","12":"first","13":"outofstock","14":"taxable","15":"shipping-taxable","16":"purchasable","17":"product-type-simple"},"yoast_head":"<!-- This site is optimized with the Yoast SEO Premium plugin v27.1 (Yoast SEO v27.3) - https:\/\/yoast.com\/product\/yoast-seo-premium-wordpress\/ -->\n<title>Trainer DOG SENSITIVE NO GLUTEN PUPPY JUNIOR M\/M DUCK su antiena 12kg - anivet.lt<\/title>\n<meta name=\"description\" content=\"Visavertis pa\u0161aras vidutini\u0173 ir dideli\u0173 veisli\u0173 \u0161uniukams nuo 2 m\u0117nesi\u0173 am\u017eiaus su antiena, be glitimo. \u0160is pa\u0161aras u\u017etikrina optimal\u0173 augim\u0105 ir subalansuot\u0105 mityb\u0105 jautriems \u0161uniukams.\" \/>\n<meta name=\"robots\" content=\"index, follow, max-snippet:-1, max-image-preview:large, max-video-preview:-1\" \/>\n<link rel=\"canonical\" href=\"https:\/\/anivet.lt\/elparduotuve\/produktas\/nt-dog-sensitive-no-gluten-puppy-junior-m-m-duck-su-antiena-12kg\/\" \/>\n<meta property=\"og:locale\" content=\"lt_LT\" \/>\n<meta property=\"og:type\" content=\"article\" \/>\n<meta property=\"og:title\" content=\"Trainer DOG SENSITIVE NO GLUTEN PUPPY JUNIOR M\/M DUCK su antiena 12kg\" \/>\n<meta property=\"og:description\" content=\"Visavertis pa\u0161aras vidutini\u0173 ir dideli\u0173 veisli\u0173 \u0161uniukams nuo 2 m\u0117nesi\u0173 am\u017eiaus su antiena, be glitimo. \u0160is pa\u0161aras u\u017etikrina optimal\u0173 augim\u0105 ir subalansuot\u0105 mityb\u0105 jautriems \u0161uniukams.\" \/>\n<meta property=\"og:url\" content=\"https:\/\/anivet.lt\/elparduotuve\/produktas\/nt-dog-sensitive-no-gluten-puppy-junior-m-m-duck-su-antiena-12kg\/\" \/>\n<meta property=\"og:site_name\" content=\"anivet.lt\" \/>\n<meta property=\"article:modified_time\" content=\"2025-08-08T10:25:45+00:00\" \/>\n<meta property=\"og:image\" content=\"https:\/\/anivet.lt\/elparduotuve\/wp-content\/uploads\/2024\/01\/AFF_TRA09_Sensitive_N_Gluten_M_M_Puppy_Duck_12Kg_Y_3Dlat-01.jpg\" \/>\n\t<meta property=\"og:image:width\" content=\"800\" \/>\n\t<meta property=\"og:image:height\" content=\"800\" \/>\n\t<meta property=\"og:image:type\" content=\"image\/jpeg\" \/>\n<meta name=\"twitter:card\" content=\"summary_large_image\" \/>\n<meta name=\"twitter:label1\" content=\"Est. reading time\" \/>\n\t<meta name=\"twitter:data1\" content=\"1 minut\u0117\" \/>\n<script type=\"application\/ld+json\" class=\"yoast-schema-graph\">{\"@context\":\"https:\\\/\\\/schema.org\",\"@graph\":[{\"@type\":\"WebPage\",\"@id\":\"https:\\\/\\\/anivet.lt\\\/elparduotuve\\\/produktas\\\/nt-dog-sensitive-no-gluten-puppy-junior-m-m-duck-su-antiena-12kg\\\/\",\"url\":\"https:\\\/\\\/anivet.lt\\\/elparduotuve\\\/produktas\\\/nt-dog-sensitive-no-gluten-puppy-junior-m-m-duck-su-antiena-12kg\\\/\",\"name\":\"Trainer DOG SENSITIVE NO GLUTEN PUPPY JUNIOR M\\\/M DUCK su antiena 12kg - anivet.lt\",\"isPartOf\":{\"@id\":\"https:\\\/\\\/anivet.lt\\\/elparduotuve\\\/#website\"},\"primaryImageOfPage\":{\"@id\":\"https:\\\/\\\/anivet.lt\\\/elparduotuve\\\/produktas\\\/nt-dog-sensitive-no-gluten-puppy-junior-m-m-duck-su-antiena-12kg\\\/#primaryimage\"},\"image\":{\"@id\":\"https:\\\/\\\/anivet.lt\\\/elparduotuve\\\/produktas\\\/nt-dog-sensitive-no-gluten-puppy-junior-m-m-duck-su-antiena-12kg\\\/#primaryimage\"},\"thumbnailUrl\":\"https:\\\/\\\/anivet.lt\\\/elparduotuve\\\/wp-content\\\/uploads\\\/2024\\\/01\\\/AFF_TRA09_Sensitive_N_Gluten_M_M_Puppy_Duck_12Kg_Y_3Dlat-01.jpg\",\"datePublished\":\"2024-01-16T12:49:24+00:00\",\"dateModified\":\"2025-08-08T10:25:45+00:00\",\"description\":\"Visavertis pa\u0161aras vidutini\u0173 ir dideli\u0173 veisli\u0173 \u0161uniukams nuo 2 m\u0117nesi\u0173 am\u017eiaus su antiena, be glitimo. \u0160is pa\u0161aras u\u017etikrina optimal\u0173 augim\u0105 ir subalansuot\u0105 mityb\u0105 jautriems \u0161uniukams.\",\"breadcrumb\":{\"@id\":\"https:\\\/\\\/anivet.lt\\\/elparduotuve\\\/produktas\\\/nt-dog-sensitive-no-gluten-puppy-junior-m-m-duck-su-antiena-12kg\\\/#breadcrumb\"},\"inLanguage\":\"lt-LT\",\"potentialAction\":[{\"@type\":\"ReadAction\",\"target\":[\"https:\\\/\\\/anivet.lt\\\/elparduotuve\\\/produktas\\\/nt-dog-sensitive-no-gluten-puppy-junior-m-m-duck-su-antiena-12kg\\\/\"]}]},{\"@type\":\"ImageObject\",\"inLanguage\":\"lt-LT\",\"@id\":\"https:\\\/\\\/anivet.lt\\\/elparduotuve\\\/produktas\\\/nt-dog-sensitive-no-gluten-puppy-junior-m-m-duck-su-antiena-12kg\\\/#primaryimage\",\"url\":\"https:\\\/\\\/anivet.lt\\\/elparduotuve\\\/wp-content\\\/uploads\\\/2024\\\/01\\\/AFF_TRA09_Sensitive_N_Gluten_M_M_Puppy_Duck_12Kg_Y_3Dlat-01.jpg\",\"contentUrl\":\"https:\\\/\\\/anivet.lt\\\/elparduotuve\\\/wp-content\\\/uploads\\\/2024\\\/01\\\/AFF_TRA09_Sensitive_N_Gluten_M_M_Puppy_Duck_12Kg_Y_3Dlat-01.jpg\",\"width\":800,\"height\":800,\"caption\":\"NT DOG SENSITIVE NO GLUTEN PUPPY JUNIOR M\\\/M DUCK su antiena 12kg\"},{\"@type\":\"BreadcrumbList\",\"@id\":\"https:\\\/\\\/anivet.lt\\\/elparduotuve\\\/produktas\\\/nt-dog-sensitive-no-gluten-puppy-junior-m-m-duck-su-antiena-12kg\\\/#breadcrumb\",\"itemListElement\":[{\"@type\":\"ListItem\",\"position\":1,\"name\":\"Home\",\"item\":\"https:\\\/\\\/anivet.lt\\\/elparduotuve\\\/\"},{\"@type\":\"ListItem\",\"position\":2,\"name\":\"Produktai\",\"item\":\"https:\\\/\\\/anivet.lt\\\/elparduotuve\\\/produktai\\\/\"},{\"@type\":\"ListItem\",\"position\":3,\"name\":\"Trainer DOG SENSITIVE NO GLUTEN PUPPY JUNIOR M\\\/M DUCK su antiena 12kg\"}]},{\"@type\":\"WebSite\",\"@id\":\"https:\\\/\\\/anivet.lt\\\/elparduotuve\\\/#website\",\"url\":\"https:\\\/\\\/anivet.lt\\\/elparduotuve\\\/\",\"name\":\"anivet.lt\",\"description\":\"Viskas J\u016bs\u0173 \u0161uns, kat\u0117s prie\u017ei\u016brai\",\"publisher\":{\"@id\":\"https:\\\/\\\/anivet.lt\\\/elparduotuve\\\/#organization\"},\"alternateName\":\"Viskas J\u016bs\u0173 \u0161uns, kat\u0117s prie\u017ei\u016brai\",\"potentialAction\":[{\"@type\":\"SearchAction\",\"target\":{\"@type\":\"EntryPoint\",\"urlTemplate\":\"https:\\\/\\\/anivet.lt\\\/elparduotuve\\\/?s={search_term_string}\"},\"query-input\":{\"@type\":\"PropertyValueSpecification\",\"valueRequired\":true,\"valueName\":\"search_term_string\"}}],\"inLanguage\":\"lt-LT\"},{\"@type\":\"Organization\",\"@id\":\"https:\\\/\\\/anivet.lt\\\/elparduotuve\\\/#organization\",\"name\":\"Viskas J\u016bs\u0173 \u0161uns, kat\u0117s prie\u017ei\u016brai\",\"url\":\"https:\\\/\\\/anivet.lt\\\/elparduotuve\\\/\",\"logo\":{\"@type\":\"ImageObject\",\"inLanguage\":\"lt-LT\",\"@id\":\"https:\\\/\\\/anivet.lt\\\/elparduotuve\\\/#\\\/schema\\\/logo\\\/image\\\/\",\"url\":\"https:\\\/\\\/anivet.lt\\\/elparduotuve\\\/wp-content\\\/uploads\\\/2023\\\/06\\\/logo2.jpg\",\"contentUrl\":\"https:\\\/\\\/anivet.lt\\\/elparduotuve\\\/wp-content\\\/uploads\\\/2023\\\/06\\\/logo2.jpg\",\"width\":655,\"height\":194,\"caption\":\"Viskas J\u016bs\u0173 \u0161uns, kat\u0117s prie\u017ei\u016brai\"},\"image\":{\"@id\":\"https:\\\/\\\/anivet.lt\\\/elparduotuve\\\/#\\\/schema\\\/logo\\\/image\\\/\"}}]}<\/script>\n<!-- \/ Yoast SEO Premium plugin. -->","yoast_head_json":{"title":"Trainer DOG SENSITIVE NO GLUTEN PUPPY JUNIOR M\/M DUCK su antiena 12kg - anivet.lt","description":"Visavertis pa\u0161aras vidutini\u0173 ir dideli\u0173 veisli\u0173 \u0161uniukams nuo 2 m\u0117nesi\u0173 am\u017eiaus su antiena, be glitimo. \u0160is pa\u0161aras u\u017etikrina optimal\u0173 augim\u0105 ir subalansuot\u0105 mityb\u0105 jautriems \u0161uniukams.","robots":{"index":"index","follow":"follow","max-snippet":"max-snippet:-1","max-image-preview":"max-image-preview:large","max-video-preview":"max-video-preview:-1"},"canonical":"https:\/\/anivet.lt\/elparduotuve\/produktas\/nt-dog-sensitive-no-gluten-puppy-junior-m-m-duck-su-antiena-12kg\/","og_locale":"lt_LT","og_type":"article","og_title":"Trainer DOG SENSITIVE NO GLUTEN PUPPY JUNIOR M\/M DUCK su antiena 12kg","og_description":"Visavertis pa\u0161aras vidutini\u0173 ir dideli\u0173 veisli\u0173 \u0161uniukams nuo 2 m\u0117nesi\u0173 am\u017eiaus su antiena, be glitimo. \u0160is pa\u0161aras u\u017etikrina optimal\u0173 augim\u0105 ir subalansuot\u0105 mityb\u0105 jautriems \u0161uniukams.","og_url":"https:\/\/anivet.lt\/elparduotuve\/produktas\/nt-dog-sensitive-no-gluten-puppy-junior-m-m-duck-su-antiena-12kg\/","og_site_name":"anivet.lt","article_modified_time":"2025-08-08T10:25:45+00:00","og_image":[{"width":800,"height":800,"url":"https:\/\/anivet.lt\/elparduotuve\/wp-content\/uploads\/2024\/01\/AFF_TRA09_Sensitive_N_Gluten_M_M_Puppy_Duck_12Kg_Y_3Dlat-01.jpg","type":"image\/jpeg"}],"twitter_card":"summary_large_image","twitter_misc":{"Est. reading time":"1 minut\u0117"},"schema":{"@context":"https:\/\/schema.org","@graph":[{"@type":"WebPage","@id":"https:\/\/anivet.lt\/elparduotuve\/produktas\/nt-dog-sensitive-no-gluten-puppy-junior-m-m-duck-su-antiena-12kg\/","url":"https:\/\/anivet.lt\/elparduotuve\/produktas\/nt-dog-sensitive-no-gluten-puppy-junior-m-m-duck-su-antiena-12kg\/","name":"Trainer DOG SENSITIVE NO GLUTEN PUPPY JUNIOR M\/M DUCK su antiena 12kg - anivet.lt","isPartOf":{"@id":"https:\/\/anivet.lt\/elparduotuve\/#website"},"primaryImageOfPage":{"@id":"https:\/\/anivet.lt\/elparduotuve\/produktas\/nt-dog-sensitive-no-gluten-puppy-junior-m-m-duck-su-antiena-12kg\/#primaryimage"},"image":{"@id":"https:\/\/anivet.lt\/elparduotuve\/produktas\/nt-dog-sensitive-no-gluten-puppy-junior-m-m-duck-su-antiena-12kg\/#primaryimage"},"thumbnailUrl":"https:\/\/anivet.lt\/elparduotuve\/wp-content\/uploads\/2024\/01\/AFF_TRA09_Sensitive_N_Gluten_M_M_Puppy_Duck_12Kg_Y_3Dlat-01.jpg","datePublished":"2024-01-16T12:49:24+00:00","dateModified":"2025-08-08T10:25:45+00:00","description":"Visavertis pa\u0161aras vidutini\u0173 ir dideli\u0173 veisli\u0173 \u0161uniukams nuo 2 m\u0117nesi\u0173 am\u017eiaus su antiena, be glitimo. \u0160is pa\u0161aras u\u017etikrina optimal\u0173 augim\u0105 ir subalansuot\u0105 mityb\u0105 jautriems \u0161uniukams.","breadcrumb":{"@id":"https:\/\/anivet.lt\/elparduotuve\/produktas\/nt-dog-sensitive-no-gluten-puppy-junior-m-m-duck-su-antiena-12kg\/#breadcrumb"},"inLanguage":"lt-LT","potentialAction":[{"@type":"ReadAction","target":["https:\/\/anivet.lt\/elparduotuve\/produktas\/nt-dog-sensitive-no-gluten-puppy-junior-m-m-duck-su-antiena-12kg\/"]}]},{"@type":"ImageObject","inLanguage":"lt-LT","@id":"https:\/\/anivet.lt\/elparduotuve\/produktas\/nt-dog-sensitive-no-gluten-puppy-junior-m-m-duck-su-antiena-12kg\/#primaryimage","url":"https:\/\/anivet.lt\/elparduotuve\/wp-content\/uploads\/2024\/01\/AFF_TRA09_Sensitive_N_Gluten_M_M_Puppy_Duck_12Kg_Y_3Dlat-01.jpg","contentUrl":"https:\/\/anivet.lt\/elparduotuve\/wp-content\/uploads\/2024\/01\/AFF_TRA09_Sensitive_N_Gluten_M_M_Puppy_Duck_12Kg_Y_3Dlat-01.jpg","width":800,"height":800,"caption":"NT DOG SENSITIVE NO GLUTEN PUPPY JUNIOR M\/M DUCK su antiena 12kg"},{"@type":"BreadcrumbList","@id":"https:\/\/anivet.lt\/elparduotuve\/produktas\/nt-dog-sensitive-no-gluten-puppy-junior-m-m-duck-su-antiena-12kg\/#breadcrumb","itemListElement":[{"@type":"ListItem","position":1,"name":"Home","item":"https:\/\/anivet.lt\/elparduotuve\/"},{"@type":"ListItem","position":2,"name":"Produktai","item":"https:\/\/anivet.lt\/elparduotuve\/produktai\/"},{"@type":"ListItem","position":3,"name":"Trainer DOG SENSITIVE NO GLUTEN PUPPY JUNIOR M\/M DUCK su antiena 12kg"}]},{"@type":"WebSite","@id":"https:\/\/anivet.lt\/elparduotuve\/#website","url":"https:\/\/anivet.lt\/elparduotuve\/","name":"anivet.lt","description":"Viskas J\u016bs\u0173 \u0161uns, kat\u0117s prie\u017ei\u016brai","publisher":{"@id":"https:\/\/anivet.lt\/elparduotuve\/#organization"},"alternateName":"Viskas J\u016bs\u0173 \u0161uns, kat\u0117s prie\u017ei\u016brai","potentialAction":[{"@type":"SearchAction","target":{"@type":"EntryPoint","urlTemplate":"https:\/\/anivet.lt\/elparduotuve\/?s={search_term_string}"},"query-input":{"@type":"PropertyValueSpecification","valueRequired":true,"valueName":"search_term_string"}}],"inLanguage":"lt-LT"},{"@type":"Organization","@id":"https:\/\/anivet.lt\/elparduotuve\/#organization","name":"Viskas J\u016bs\u0173 \u0161uns, kat\u0117s prie\u017ei\u016brai","url":"https:\/\/anivet.lt\/elparduotuve\/","logo":{"@type":"ImageObject","inLanguage":"lt-LT","@id":"https:\/\/anivet.lt\/elparduotuve\/#\/schema\/logo\/image\/","url":"https:\/\/anivet.lt\/elparduotuve\/wp-content\/uploads\/2023\/06\/logo2.jpg","contentUrl":"https:\/\/anivet.lt\/elparduotuve\/wp-content\/uploads\/2023\/06\/logo2.jpg","width":655,"height":194,"caption":"Viskas J\u016bs\u0173 \u0161uns, kat\u0117s prie\u017ei\u016brai"},"image":{"@id":"https:\/\/anivet.lt\/elparduotuve\/#\/schema\/logo\/image\/"}}]}},"_links":{"self":[{"href":"https:\/\/anivet.lt\/elparduotuve\/wp-json\/wp\/v2\/product\/12839","targetHints":{"allow":["GET"]}}],"collection":[{"href":"https:\/\/anivet.lt\/elparduotuve\/wp-json\/wp\/v2\/product"}],"about":[{"href":"https:\/\/anivet.lt\/elparduotuve\/wp-json\/wp\/v2\/types\/product"}],"wp:featuredmedia":[{"embeddable":true,"href":"https:\/\/anivet.lt\/elparduotuve\/wp-json\/wp\/v2\/media\/12840"}],"wp:attachment":[{"href":"https:\/\/anivet.lt\/elparduotuve\/wp-json\/wp\/v2\/media?parent=12839"}],"wp:term":[{"taxonomy":"product_brand","embeddable":true,"href":"https:\/\/anivet.lt\/elparduotuve\/wp-json\/wp\/v2\/product_brand?post=12839"},{"taxonomy":"product_cat","embeddable":true,"href":"https:\/\/anivet.lt\/elparduotuve\/wp-json\/wp\/v2\/product_cat?post=12839"},{"taxonomy":"product_tag","embeddable":true,"href":"https:\/\/anivet.lt\/elparduotuve\/wp-json\/wp\/v2\/product_tag?post=12839"}],"curies":[{"name":"wp","href":"https:\/\/api.w.org\/{rel}","templated":true}]}}