{"id":12841,"date":"2024-01-16T13:02:54","date_gmt":"2024-01-16T13:02:54","guid":{"rendered":"https:\/\/anivet.lt\/elparduotuve\/?post_type=product&#038;p=12841"},"modified":"2026-05-02T11:47:54","modified_gmt":"2026-05-02T11:47:54","slug":"nt-dog-sensitive-no-gluten-puppy-junior-m-m-salmon-su-lasisa","status":"publish","type":"product","link":"https:\/\/anivet.lt\/elparduotuve\/produktas\/nt-dog-sensitive-no-gluten-puppy-junior-m-m-salmon-su-lasisa\/","title":{"rendered":"Trainer DOG SENSITIVE NO GLUTEN PUPPY JUNIOR M\/M SALMON su la\u0161i\u0161a"},"content":{"rendered":"<ul>\n<li style=\"font-weight: 400;\" aria-level=\"1\"><span style=\"font-weight: 400;\">Be glitimo: Puikiai tinka \u0161uniukams, turintiems jautr\u0173 vir\u0161kinim\u0105 ar netolerancij\u0105 glitimui.<\/span><\/li>\n<li style=\"font-weight: 400;\" aria-level=\"1\"><span style=\"font-weight: 400;\">La\u0161i\u0161a \u2013 auk\u0161tos kokyb\u0117s baltymai: 16% perdirbt\u0173 la\u0161i\u0161os baltym\u0173 ir 4% la\u0161i\u0161os suteikia subalansuot\u0105 maistin\u0119 vert\u0119.<\/span><\/li>\n<li style=\"font-weight: 400;\" aria-level=\"1\"><span style=\"font-weight: 400;\">Nat\u016bral\u016bs ingredientai: Cikorij\u0173 \u0161aknys (inulinas), dumbliai ir s\u0117menys palaiko sveik\u0105 \u017earnyno veikl\u0105 ir odos b\u016bkl\u0119.<\/span><\/li>\n<li style=\"font-weight: 400;\" aria-level=\"1\"><span style=\"font-weight: 400;\">Praturtintas vitaminais ir mineralais: Vitaminai A, D\u2083, E ir svarb\u016bs mikroelementai skatina augim\u0105 bei stiprina imunin\u0119 sistem\u0105.<\/span><\/li>\n<li style=\"font-weight: 400;\" aria-level=\"1\"><span style=\"font-weight: 400;\">Omega-3 r\u016bg\u0161tys: Palaiko smegen\u0173 vystym\u0105si, kailio blizges\u012f ir s\u0105nari\u0173 sveikat\u0105.<\/span><\/li>\n<\/ul>\n<p><span style=\"font-weight: 400;\">\u0160is pa\u0161aras ne tik apr\u016bpina \u0161uniuk\u0105 visomis reikalingomis maistin\u0117mis med\u017eiagomis, bet ir yra kruop\u0161\u010diai sukurtas, kad palaikyt\u0173 sveik\u0105 vystym\u0105si ir energij\u0105 augan\u010diam organizmui. Pa\u0161aras be glitimo ir su nat\u016braliais ingredientais u\u017etikrina lengv\u0105 vir\u0161kinim\u0105 bei ma\u017eina alergij\u0173 rizik\u0105.<\/span><\/p>\n","protected":false},"excerpt":{"rendered":"<p><span style=\"font-weight: 400;\">Visavertis Trainer pa\u0161aras vidutini\u0173 ir dideli\u0173 veisli\u0173 \u0161uniukams nuo 2 m\u0117nesi\u0173 am\u017eiaus. \u0160is produktas yra puikus pasirinkimas, siekiant u\u017etikrinti sveik\u0105 augim\u0105 ir ger\u0105 \u0161uniuk\u0173 savijaut\u0105.<\/span><\/p>\n","protected":false},"featured_media":12842,"template":"","meta":[],"product_brand":[],"product_cat":[101,103,104,328],"product_tag":[],"class_list":{"0":"post-12841","1":"product","2":"type-product","3":"status-publish","4":"has-post-thumbnail","6":"product_cat-sunims","7":"product_cat-sunu-maistas","8":"product_cat-sausas-maistas","9":"product_cat-trainer-sunu-maistas","10":"pa_prekinis-zenklas-trainer","12":"first","13":"instock","14":"taxable","15":"shipping-taxable","16":"purchasable","17":"product-type-variable"},"yoast_head":"<!-- This site is optimized with the Yoast SEO Premium plugin v27.1 (Yoast SEO v27.5) - https:\/\/yoast.com\/product\/yoast-seo-premium-wordpress\/ -->\n<title>Trainer DOG SENSITIVE NO GLUTEN PUPPY JUNIOR M\/M SALMON su la\u0161i\u0161a - anivet.lt<\/title>\n<meta name=\"description\" content=\"Visavertis Trainer pa\u0161aras vidutini\u0173 ir dideli\u0173 veisli\u0173 \u0161uniukams nuo 2 m\u0117nesi\u0173 am\u017eiaus. \u0160is produktas yra puikus pasirinkimas, siekiant u\u017etikrinti sveik\u0105 augim\u0105 ir ger\u0105 \u0161uniuk\u0173 savijaut\u0105.\" \/>\n<meta name=\"robots\" content=\"index, follow, max-snippet:-1, max-image-preview:large, max-video-preview:-1\" \/>\n<link rel=\"canonical\" href=\"https:\/\/anivet.lt\/elparduotuve\/produktas\/nt-dog-sensitive-no-gluten-puppy-junior-m-m-salmon-su-lasisa\/\" \/>\n<meta property=\"og:locale\" content=\"lt_LT\" \/>\n<meta property=\"og:type\" content=\"article\" \/>\n<meta property=\"og:title\" content=\"Trainer DOG SENSITIVE NO GLUTEN PUPPY JUNIOR M\/M SALMON su la\u0161i\u0161a\" \/>\n<meta property=\"og:description\" content=\"Visavertis Trainer pa\u0161aras vidutini\u0173 ir dideli\u0173 veisli\u0173 \u0161uniukams nuo 2 m\u0117nesi\u0173 am\u017eiaus. \u0160is produktas yra puikus pasirinkimas, siekiant u\u017etikrinti sveik\u0105 augim\u0105 ir ger\u0105 \u0161uniuk\u0173 savijaut\u0105.\" \/>\n<meta property=\"og:url\" content=\"https:\/\/anivet.lt\/elparduotuve\/produktas\/nt-dog-sensitive-no-gluten-puppy-junior-m-m-salmon-su-lasisa\/\" \/>\n<meta property=\"og:site_name\" content=\"anivet.lt\" \/>\n<meta property=\"article:modified_time\" content=\"2026-05-02T11:47:54+00:00\" \/>\n<meta property=\"og:image\" content=\"https:\/\/anivet.lt\/elparduotuve\/wp-content\/uploads\/2024\/01\/AFF_TRA09_Sensitive_N_Gluten_M_M_Puppy_Salmon_12Kg_Y_3Dlat-01.jpg\" \/>\n\t<meta property=\"og:image:width\" content=\"800\" \/>\n\t<meta property=\"og:image:height\" content=\"800\" \/>\n\t<meta property=\"og:image:type\" content=\"image\/jpeg\" \/>\n<meta name=\"twitter:card\" content=\"summary_large_image\" \/>\n<meta name=\"twitter:label1\" content=\"Est. reading time\" \/>\n\t<meta name=\"twitter:data1\" content=\"1 minut\u0117\" \/>\n<script type=\"application\/ld+json\" class=\"yoast-schema-graph\">{\"@context\":\"https:\\\/\\\/schema.org\",\"@graph\":[{\"@type\":\"WebPage\",\"@id\":\"https:\\\/\\\/anivet.lt\\\/elparduotuve\\\/produktas\\\/nt-dog-sensitive-no-gluten-puppy-junior-m-m-salmon-su-lasisa\\\/\",\"url\":\"https:\\\/\\\/anivet.lt\\\/elparduotuve\\\/produktas\\\/nt-dog-sensitive-no-gluten-puppy-junior-m-m-salmon-su-lasisa\\\/\",\"name\":\"Trainer DOG SENSITIVE NO GLUTEN PUPPY JUNIOR M\\\/M SALMON su la\u0161i\u0161a - anivet.lt\",\"isPartOf\":{\"@id\":\"https:\\\/\\\/anivet.lt\\\/elparduotuve\\\/#website\"},\"primaryImageOfPage\":{\"@id\":\"https:\\\/\\\/anivet.lt\\\/elparduotuve\\\/produktas\\\/nt-dog-sensitive-no-gluten-puppy-junior-m-m-salmon-su-lasisa\\\/#primaryimage\"},\"image\":{\"@id\":\"https:\\\/\\\/anivet.lt\\\/elparduotuve\\\/produktas\\\/nt-dog-sensitive-no-gluten-puppy-junior-m-m-salmon-su-lasisa\\\/#primaryimage\"},\"thumbnailUrl\":\"https:\\\/\\\/anivet.lt\\\/elparduotuve\\\/wp-content\\\/uploads\\\/2024\\\/01\\\/AFF_TRA09_Sensitive_N_Gluten_M_M_Puppy_Salmon_12Kg_Y_3Dlat-01.jpg\",\"datePublished\":\"2024-01-16T13:02:54+00:00\",\"dateModified\":\"2026-05-02T11:47:54+00:00\",\"description\":\"Visavertis Trainer pa\u0161aras vidutini\u0173 ir dideli\u0173 veisli\u0173 \u0161uniukams nuo 2 m\u0117nesi\u0173 am\u017eiaus. \u0160is produktas yra puikus pasirinkimas, siekiant u\u017etikrinti sveik\u0105 augim\u0105 ir ger\u0105 \u0161uniuk\u0173 savijaut\u0105.\",\"breadcrumb\":{\"@id\":\"https:\\\/\\\/anivet.lt\\\/elparduotuve\\\/produktas\\\/nt-dog-sensitive-no-gluten-puppy-junior-m-m-salmon-su-lasisa\\\/#breadcrumb\"},\"inLanguage\":\"lt-LT\",\"potentialAction\":[{\"@type\":\"ReadAction\",\"target\":[\"https:\\\/\\\/anivet.lt\\\/elparduotuve\\\/produktas\\\/nt-dog-sensitive-no-gluten-puppy-junior-m-m-salmon-su-lasisa\\\/\"]}]},{\"@type\":\"ImageObject\",\"inLanguage\":\"lt-LT\",\"@id\":\"https:\\\/\\\/anivet.lt\\\/elparduotuve\\\/produktas\\\/nt-dog-sensitive-no-gluten-puppy-junior-m-m-salmon-su-lasisa\\\/#primaryimage\",\"url\":\"https:\\\/\\\/anivet.lt\\\/elparduotuve\\\/wp-content\\\/uploads\\\/2024\\\/01\\\/AFF_TRA09_Sensitive_N_Gluten_M_M_Puppy_Salmon_12Kg_Y_3Dlat-01.jpg\",\"contentUrl\":\"https:\\\/\\\/anivet.lt\\\/elparduotuve\\\/wp-content\\\/uploads\\\/2024\\\/01\\\/AFF_TRA09_Sensitive_N_Gluten_M_M_Puppy_Salmon_12Kg_Y_3Dlat-01.jpg\",\"width\":800,\"height\":800,\"caption\":\"NT DOG SENSITIVE NO GLUTEN PUPPY JUNIOR M\\\/M SALMON su la\u0161i\u0161a\"},{\"@type\":\"BreadcrumbList\",\"@id\":\"https:\\\/\\\/anivet.lt\\\/elparduotuve\\\/produktas\\\/nt-dog-sensitive-no-gluten-puppy-junior-m-m-salmon-su-lasisa\\\/#breadcrumb\",\"itemListElement\":[{\"@type\":\"ListItem\",\"position\":1,\"name\":\"Home\",\"item\":\"https:\\\/\\\/anivet.lt\\\/elparduotuve\\\/\"},{\"@type\":\"ListItem\",\"position\":2,\"name\":\"Produktai\",\"item\":\"https:\\\/\\\/anivet.lt\\\/elparduotuve\\\/produktai\\\/\"},{\"@type\":\"ListItem\",\"position\":3,\"name\":\"Trainer DOG SENSITIVE NO GLUTEN PUPPY JUNIOR M\\\/M SALMON su la\u0161i\u0161a\"}]},{\"@type\":\"WebSite\",\"@id\":\"https:\\\/\\\/anivet.lt\\\/elparduotuve\\\/#website\",\"url\":\"https:\\\/\\\/anivet.lt\\\/elparduotuve\\\/\",\"name\":\"anivet.lt\",\"description\":\"Viskas J\u016bs\u0173 \u0161uns, kat\u0117s prie\u017ei\u016brai\",\"publisher\":{\"@id\":\"https:\\\/\\\/anivet.lt\\\/elparduotuve\\\/#organization\"},\"alternateName\":\"Viskas J\u016bs\u0173 \u0161uns, kat\u0117s prie\u017ei\u016brai\",\"potentialAction\":[{\"@type\":\"SearchAction\",\"target\":{\"@type\":\"EntryPoint\",\"urlTemplate\":\"https:\\\/\\\/anivet.lt\\\/elparduotuve\\\/?s={search_term_string}\"},\"query-input\":{\"@type\":\"PropertyValueSpecification\",\"valueRequired\":true,\"valueName\":\"search_term_string\"}}],\"inLanguage\":\"lt-LT\"},{\"@type\":\"Organization\",\"@id\":\"https:\\\/\\\/anivet.lt\\\/elparduotuve\\\/#organization\",\"name\":\"Viskas J\u016bs\u0173 \u0161uns, kat\u0117s prie\u017ei\u016brai\",\"url\":\"https:\\\/\\\/anivet.lt\\\/elparduotuve\\\/\",\"logo\":{\"@type\":\"ImageObject\",\"inLanguage\":\"lt-LT\",\"@id\":\"https:\\\/\\\/anivet.lt\\\/elparduotuve\\\/#\\\/schema\\\/logo\\\/image\\\/\",\"url\":\"https:\\\/\\\/anivet.lt\\\/elparduotuve\\\/wp-content\\\/uploads\\\/2023\\\/06\\\/logo2.jpg\",\"contentUrl\":\"https:\\\/\\\/anivet.lt\\\/elparduotuve\\\/wp-content\\\/uploads\\\/2023\\\/06\\\/logo2.jpg\",\"width\":655,\"height\":194,\"caption\":\"Viskas J\u016bs\u0173 \u0161uns, kat\u0117s prie\u017ei\u016brai\"},\"image\":{\"@id\":\"https:\\\/\\\/anivet.lt\\\/elparduotuve\\\/#\\\/schema\\\/logo\\\/image\\\/\"}}]}<\/script>\n<!-- \/ Yoast SEO Premium plugin. -->","yoast_head_json":{"title":"Trainer DOG SENSITIVE NO GLUTEN PUPPY JUNIOR M\/M SALMON su la\u0161i\u0161a - anivet.lt","description":"Visavertis Trainer pa\u0161aras vidutini\u0173 ir dideli\u0173 veisli\u0173 \u0161uniukams nuo 2 m\u0117nesi\u0173 am\u017eiaus. \u0160is produktas yra puikus pasirinkimas, siekiant u\u017etikrinti sveik\u0105 augim\u0105 ir ger\u0105 \u0161uniuk\u0173 savijaut\u0105.","robots":{"index":"index","follow":"follow","max-snippet":"max-snippet:-1","max-image-preview":"max-image-preview:large","max-video-preview":"max-video-preview:-1"},"canonical":"https:\/\/anivet.lt\/elparduotuve\/produktas\/nt-dog-sensitive-no-gluten-puppy-junior-m-m-salmon-su-lasisa\/","og_locale":"lt_LT","og_type":"article","og_title":"Trainer DOG SENSITIVE NO GLUTEN PUPPY JUNIOR M\/M SALMON su la\u0161i\u0161a","og_description":"Visavertis Trainer pa\u0161aras vidutini\u0173 ir dideli\u0173 veisli\u0173 \u0161uniukams nuo 2 m\u0117nesi\u0173 am\u017eiaus. \u0160is produktas yra puikus pasirinkimas, siekiant u\u017etikrinti sveik\u0105 augim\u0105 ir ger\u0105 \u0161uniuk\u0173 savijaut\u0105.","og_url":"https:\/\/anivet.lt\/elparduotuve\/produktas\/nt-dog-sensitive-no-gluten-puppy-junior-m-m-salmon-su-lasisa\/","og_site_name":"anivet.lt","article_modified_time":"2026-05-02T11:47:54+00:00","og_image":[{"width":800,"height":800,"url":"https:\/\/anivet.lt\/elparduotuve\/wp-content\/uploads\/2024\/01\/AFF_TRA09_Sensitive_N_Gluten_M_M_Puppy_Salmon_12Kg_Y_3Dlat-01.jpg","type":"image\/jpeg"}],"twitter_card":"summary_large_image","twitter_misc":{"Est. reading time":"1 minut\u0117"},"schema":{"@context":"https:\/\/schema.org","@graph":[{"@type":"WebPage","@id":"https:\/\/anivet.lt\/elparduotuve\/produktas\/nt-dog-sensitive-no-gluten-puppy-junior-m-m-salmon-su-lasisa\/","url":"https:\/\/anivet.lt\/elparduotuve\/produktas\/nt-dog-sensitive-no-gluten-puppy-junior-m-m-salmon-su-lasisa\/","name":"Trainer DOG SENSITIVE NO GLUTEN PUPPY JUNIOR M\/M SALMON su la\u0161i\u0161a - anivet.lt","isPartOf":{"@id":"https:\/\/anivet.lt\/elparduotuve\/#website"},"primaryImageOfPage":{"@id":"https:\/\/anivet.lt\/elparduotuve\/produktas\/nt-dog-sensitive-no-gluten-puppy-junior-m-m-salmon-su-lasisa\/#primaryimage"},"image":{"@id":"https:\/\/anivet.lt\/elparduotuve\/produktas\/nt-dog-sensitive-no-gluten-puppy-junior-m-m-salmon-su-lasisa\/#primaryimage"},"thumbnailUrl":"https:\/\/anivet.lt\/elparduotuve\/wp-content\/uploads\/2024\/01\/AFF_TRA09_Sensitive_N_Gluten_M_M_Puppy_Salmon_12Kg_Y_3Dlat-01.jpg","datePublished":"2024-01-16T13:02:54+00:00","dateModified":"2026-05-02T11:47:54+00:00","description":"Visavertis Trainer pa\u0161aras vidutini\u0173 ir dideli\u0173 veisli\u0173 \u0161uniukams nuo 2 m\u0117nesi\u0173 am\u017eiaus. \u0160is produktas yra puikus pasirinkimas, siekiant u\u017etikrinti sveik\u0105 augim\u0105 ir ger\u0105 \u0161uniuk\u0173 savijaut\u0105.","breadcrumb":{"@id":"https:\/\/anivet.lt\/elparduotuve\/produktas\/nt-dog-sensitive-no-gluten-puppy-junior-m-m-salmon-su-lasisa\/#breadcrumb"},"inLanguage":"lt-LT","potentialAction":[{"@type":"ReadAction","target":["https:\/\/anivet.lt\/elparduotuve\/produktas\/nt-dog-sensitive-no-gluten-puppy-junior-m-m-salmon-su-lasisa\/"]}]},{"@type":"ImageObject","inLanguage":"lt-LT","@id":"https:\/\/anivet.lt\/elparduotuve\/produktas\/nt-dog-sensitive-no-gluten-puppy-junior-m-m-salmon-su-lasisa\/#primaryimage","url":"https:\/\/anivet.lt\/elparduotuve\/wp-content\/uploads\/2024\/01\/AFF_TRA09_Sensitive_N_Gluten_M_M_Puppy_Salmon_12Kg_Y_3Dlat-01.jpg","contentUrl":"https:\/\/anivet.lt\/elparduotuve\/wp-content\/uploads\/2024\/01\/AFF_TRA09_Sensitive_N_Gluten_M_M_Puppy_Salmon_12Kg_Y_3Dlat-01.jpg","width":800,"height":800,"caption":"NT DOG SENSITIVE NO GLUTEN PUPPY JUNIOR M\/M SALMON su la\u0161i\u0161a"},{"@type":"BreadcrumbList","@id":"https:\/\/anivet.lt\/elparduotuve\/produktas\/nt-dog-sensitive-no-gluten-puppy-junior-m-m-salmon-su-lasisa\/#breadcrumb","itemListElement":[{"@type":"ListItem","position":1,"name":"Home","item":"https:\/\/anivet.lt\/elparduotuve\/"},{"@type":"ListItem","position":2,"name":"Produktai","item":"https:\/\/anivet.lt\/elparduotuve\/produktai\/"},{"@type":"ListItem","position":3,"name":"Trainer DOG SENSITIVE NO GLUTEN PUPPY JUNIOR M\/M SALMON su la\u0161i\u0161a"}]},{"@type":"WebSite","@id":"https:\/\/anivet.lt\/elparduotuve\/#website","url":"https:\/\/anivet.lt\/elparduotuve\/","name":"anivet.lt","description":"Viskas J\u016bs\u0173 \u0161uns, kat\u0117s prie\u017ei\u016brai","publisher":{"@id":"https:\/\/anivet.lt\/elparduotuve\/#organization"},"alternateName":"Viskas J\u016bs\u0173 \u0161uns, kat\u0117s prie\u017ei\u016brai","potentialAction":[{"@type":"SearchAction","target":{"@type":"EntryPoint","urlTemplate":"https:\/\/anivet.lt\/elparduotuve\/?s={search_term_string}"},"query-input":{"@type":"PropertyValueSpecification","valueRequired":true,"valueName":"search_term_string"}}],"inLanguage":"lt-LT"},{"@type":"Organization","@id":"https:\/\/anivet.lt\/elparduotuve\/#organization","name":"Viskas J\u016bs\u0173 \u0161uns, kat\u0117s prie\u017ei\u016brai","url":"https:\/\/anivet.lt\/elparduotuve\/","logo":{"@type":"ImageObject","inLanguage":"lt-LT","@id":"https:\/\/anivet.lt\/elparduotuve\/#\/schema\/logo\/image\/","url":"https:\/\/anivet.lt\/elparduotuve\/wp-content\/uploads\/2023\/06\/logo2.jpg","contentUrl":"https:\/\/anivet.lt\/elparduotuve\/wp-content\/uploads\/2023\/06\/logo2.jpg","width":655,"height":194,"caption":"Viskas J\u016bs\u0173 \u0161uns, kat\u0117s prie\u017ei\u016brai"},"image":{"@id":"https:\/\/anivet.lt\/elparduotuve\/#\/schema\/logo\/image\/"}}]}},"_links":{"self":[{"href":"https:\/\/anivet.lt\/elparduotuve\/wp-json\/wp\/v2\/product\/12841","targetHints":{"allow":["GET"]}}],"collection":[{"href":"https:\/\/anivet.lt\/elparduotuve\/wp-json\/wp\/v2\/product"}],"about":[{"href":"https:\/\/anivet.lt\/elparduotuve\/wp-json\/wp\/v2\/types\/product"}],"wp:featuredmedia":[{"embeddable":true,"href":"https:\/\/anivet.lt\/elparduotuve\/wp-json\/wp\/v2\/media\/12842"}],"wp:attachment":[{"href":"https:\/\/anivet.lt\/elparduotuve\/wp-json\/wp\/v2\/media?parent=12841"}],"wp:term":[{"taxonomy":"product_brand","embeddable":true,"href":"https:\/\/anivet.lt\/elparduotuve\/wp-json\/wp\/v2\/product_brand?post=12841"},{"taxonomy":"product_cat","embeddable":true,"href":"https:\/\/anivet.lt\/elparduotuve\/wp-json\/wp\/v2\/product_cat?post=12841"},{"taxonomy":"product_tag","embeddable":true,"href":"https:\/\/anivet.lt\/elparduotuve\/wp-json\/wp\/v2\/product_tag?post=12841"}],"curies":[{"name":"wp","href":"https:\/\/api.w.org\/{rel}","templated":true}]}}