{"id":12848,"date":"2024-01-16T14:05:40","date_gmt":"2024-01-16T14:05:40","guid":{"rendered":"https:\/\/anivet.lt\/elparduotuve\/?post_type=product&#038;p=12848"},"modified":"2026-05-06T08:58:26","modified_gmt":"2026-05-06T08:58:26","slug":"natural-trainer-cat-adult-chicken-su-vistiena","status":"publish","type":"product","link":"https:\/\/anivet.lt\/elparduotuve\/produktas\/natural-trainer-cat-adult-chicken-su-vistiena\/","title":{"rendered":"NATURAL TRAINER CAT ADULT CHICKEN su vi\u0161tiena"},"content":{"rendered":"<ul>\n<li style=\"font-weight: 400;\" aria-level=\"1\"><span style=\"font-weight: 400;\">Auk\u0161tos kokyb\u0117s baltymai: Sud\u0117tyje yra \u0161vie\u017eios vi\u0161tienos (17%) ir dehidratuot\u0173 vi\u0161tienos bei kalakutienos baltym\u0173 (15%), u\u017etikrinan\u010di\u0173 puiki\u0105 baltym\u0173 kokyb\u0119.<\/span><\/li>\n<li style=\"font-weight: 400;\" aria-level=\"1\"><span style=\"font-weight: 400;\">Palaiko sveik\u0105 vir\u0161kinim\u0105: Praturtintas nat\u016braliomis skaidulomis, cikorij\u0173 \u0161aknimis ir spanguoli\u0173 ekstraktais, gerinan\u010diais vir\u0161kinim\u0105 ir \u0161lapimo sistemos sveikat\u0105.<\/span><\/li>\n<li style=\"font-weight: 400;\" aria-level=\"1\"><span style=\"font-weight: 400;\">Subalansuota mityba: Pa\u0161aras papildytas Omega-3 ir Omega-6 riebiosiomis r\u016bg\u0161timis, kurios palaiko sveik\u0105 od\u0105 ir \u017evilgant\u012f kail\u012f.<\/span><\/li>\n<li style=\"font-weight: 400;\" aria-level=\"1\"><span style=\"font-weight: 400;\">Papildytas vitaminais ir mineralais: Taurinas, vitaminas A ir cinkas u\u017etikrina stipri\u0105 imunin\u0119 sistem\u0105 ir gyvybingum\u0105.<\/span><\/li>\n<\/ul>\n<p><span style=\"font-weight: 400;\">\u0160is pa\u0161aras ne tik patenkins j\u016bs\u0173 kat\u0117s mitybos poreikius, bet ir u\u017etikrins jos energij\u0105, sveikat\u0105 ir bendr\u0105 gerov\u0119. \u201eTrainer Natural\u201d su vi\u0161tiena yra puikus pasirinkimas tiems, kurie nori pasir\u016bpinti savo augintiniu auk\u0161\u010diausios kokyb\u0117s mityba.<\/span><\/p>\n<p align=\"left\">\n","protected":false},"excerpt":{"rendered":"<p><span style=\"font-weight: 400;\">Visavertis pa\u0161aras, sukurtas specialiai suaugusioms kat\u0117ms nuo 1 met\u0173 am\u017eiaus, taip pat puikiai tinkantis sterilizuotoms kat\u0117ms. \u0160is pa\u0161aras u\u017etikrina subalansuot\u0105 mityb\u0105, prisideda prie energijos palaikymo ir bendros sveikatos gerinimo.<\/span><\/p>\n","protected":false},"featured_media":12849,"template":"","meta":[],"product_brand":[],"product_cat":[114,115,102,347],"product_tag":[],"class_list":{"0":"post-12848","1":"product","2":"type-product","3":"status-publish","4":"has-post-thumbnail","6":"product_cat-kaciu-maistas","7":"product_cat-sausas-maistas-ir-skanestai-katems","8":"product_cat-katems","9":"product_cat-trainer-kaciu-maistas","10":"pa_prekinis-zenklas-trainer","12":"first","13":"instock","14":"sale","15":"taxable","16":"shipping-taxable","17":"purchasable","18":"product-type-variable"},"yoast_head":"<!-- This site is optimized with the Yoast SEO Premium plugin v27.1 (Yoast SEO v27.5) - https:\/\/yoast.com\/product\/yoast-seo-premium-wordpress\/ -->\n<title>NATURAL TRAINER CAT ADULT CHICKEN su vi\u0161tiena - anivet.lt<\/title>\n<meta name=\"description\" content=\"Visavertis pa\u0161aras, sukurtas specialiai suaugusioms kat\u0117ms nuo 1 met\u0173 am\u017eiaus, taip pat puikiai tinkantis sterilizuotoms kat\u0117ms. \u0160is pa\u0161aras u\u017etikrina subalansuot\u0105 mityb\u0105, prisideda prie energijos palaikymo ir bendros sveikatos gerinimo.\" \/>\n<meta name=\"robots\" content=\"index, follow, max-snippet:-1, max-image-preview:large, max-video-preview:-1\" \/>\n<link rel=\"canonical\" href=\"https:\/\/anivet.lt\/elparduotuve\/produktas\/natural-trainer-cat-adult-chicken-su-vistiena\/\" \/>\n<meta property=\"og:locale\" content=\"lt_LT\" \/>\n<meta property=\"og:type\" content=\"article\" \/>\n<meta property=\"og:title\" content=\"NATURAL TRAINER CAT ADULT CHICKEN su vi\u0161tiena\" \/>\n<meta property=\"og:description\" content=\"Visavertis pa\u0161aras, sukurtas specialiai suaugusioms kat\u0117ms nuo 1 met\u0173 am\u017eiaus, taip pat puikiai tinkantis sterilizuotoms kat\u0117ms. \u0160is pa\u0161aras u\u017etikrina subalansuot\u0105 mityb\u0105, prisideda prie energijos palaikymo ir bendros sveikatos gerinimo.\" \/>\n<meta property=\"og:url\" content=\"https:\/\/anivet.lt\/elparduotuve\/produktas\/natural-trainer-cat-adult-chicken-su-vistiena\/\" \/>\n<meta property=\"og:site_name\" content=\"anivet.lt\" \/>\n<meta property=\"article:modified_time\" content=\"2026-05-06T08:58:26+00:00\" \/>\n<meta property=\"og:image\" content=\"https:\/\/anivet.lt\/elparduotuve\/wp-content\/uploads\/2024\/01\/924915_8059149029627-cat-vista-15kg.jpg\" \/>\n\t<meta property=\"og:image:width\" content=\"800\" \/>\n\t<meta property=\"og:image:height\" content=\"800\" \/>\n\t<meta property=\"og:image:type\" content=\"image\/jpeg\" \/>\n<meta name=\"twitter:card\" content=\"summary_large_image\" \/>\n<meta name=\"twitter:label1\" content=\"Est. reading time\" \/>\n\t<meta name=\"twitter:data1\" content=\"1 minut\u0117\" \/>\n<script type=\"application\/ld+json\" class=\"yoast-schema-graph\">{\"@context\":\"https:\\\/\\\/schema.org\",\"@graph\":[{\"@type\":\"WebPage\",\"@id\":\"https:\\\/\\\/anivet.lt\\\/elparduotuve\\\/produktas\\\/natural-trainer-cat-adult-chicken-su-vistiena\\\/\",\"url\":\"https:\\\/\\\/anivet.lt\\\/elparduotuve\\\/produktas\\\/natural-trainer-cat-adult-chicken-su-vistiena\\\/\",\"name\":\"NATURAL TRAINER CAT ADULT CHICKEN su vi\u0161tiena - anivet.lt\",\"isPartOf\":{\"@id\":\"https:\\\/\\\/anivet.lt\\\/elparduotuve\\\/#website\"},\"primaryImageOfPage\":{\"@id\":\"https:\\\/\\\/anivet.lt\\\/elparduotuve\\\/produktas\\\/natural-trainer-cat-adult-chicken-su-vistiena\\\/#primaryimage\"},\"image\":{\"@id\":\"https:\\\/\\\/anivet.lt\\\/elparduotuve\\\/produktas\\\/natural-trainer-cat-adult-chicken-su-vistiena\\\/#primaryimage\"},\"thumbnailUrl\":\"https:\\\/\\\/anivet.lt\\\/elparduotuve\\\/wp-content\\\/uploads\\\/2024\\\/01\\\/924915_8059149029627-cat-vista-15kg.jpg\",\"datePublished\":\"2024-01-16T14:05:40+00:00\",\"dateModified\":\"2026-05-06T08:58:26+00:00\",\"description\":\"Visavertis pa\u0161aras, sukurtas specialiai suaugusioms kat\u0117ms nuo 1 met\u0173 am\u017eiaus, taip pat puikiai tinkantis sterilizuotoms kat\u0117ms. \u0160is pa\u0161aras u\u017etikrina subalansuot\u0105 mityb\u0105, prisideda prie energijos palaikymo ir bendros sveikatos gerinimo.\",\"breadcrumb\":{\"@id\":\"https:\\\/\\\/anivet.lt\\\/elparduotuve\\\/produktas\\\/natural-trainer-cat-adult-chicken-su-vistiena\\\/#breadcrumb\"},\"inLanguage\":\"lt-LT\",\"potentialAction\":[{\"@type\":\"ReadAction\",\"target\":[\"https:\\\/\\\/anivet.lt\\\/elparduotuve\\\/produktas\\\/natural-trainer-cat-adult-chicken-su-vistiena\\\/\"]}]},{\"@type\":\"ImageObject\",\"inLanguage\":\"lt-LT\",\"@id\":\"https:\\\/\\\/anivet.lt\\\/elparduotuve\\\/produktas\\\/natural-trainer-cat-adult-chicken-su-vistiena\\\/#primaryimage\",\"url\":\"https:\\\/\\\/anivet.lt\\\/elparduotuve\\\/wp-content\\\/uploads\\\/2024\\\/01\\\/924915_8059149029627-cat-vista-15kg.jpg\",\"contentUrl\":\"https:\\\/\\\/anivet.lt\\\/elparduotuve\\\/wp-content\\\/uploads\\\/2024\\\/01\\\/924915_8059149029627-cat-vista-15kg.jpg\",\"width\":800,\"height\":800,\"caption\":\"NATURAL TRAINER CAT ADULT CHICKEN su vi\u0161tiena\"},{\"@type\":\"BreadcrumbList\",\"@id\":\"https:\\\/\\\/anivet.lt\\\/elparduotuve\\\/produktas\\\/natural-trainer-cat-adult-chicken-su-vistiena\\\/#breadcrumb\",\"itemListElement\":[{\"@type\":\"ListItem\",\"position\":1,\"name\":\"Home\",\"item\":\"https:\\\/\\\/anivet.lt\\\/elparduotuve\\\/\"},{\"@type\":\"ListItem\",\"position\":2,\"name\":\"Produktai\",\"item\":\"https:\\\/\\\/anivet.lt\\\/elparduotuve\\\/produktai\\\/\"},{\"@type\":\"ListItem\",\"position\":3,\"name\":\"NATURAL TRAINER CAT ADULT CHICKEN su vi\u0161tiena\"}]},{\"@type\":\"WebSite\",\"@id\":\"https:\\\/\\\/anivet.lt\\\/elparduotuve\\\/#website\",\"url\":\"https:\\\/\\\/anivet.lt\\\/elparduotuve\\\/\",\"name\":\"anivet.lt\",\"description\":\"Viskas J\u016bs\u0173 \u0161uns, kat\u0117s prie\u017ei\u016brai\",\"publisher\":{\"@id\":\"https:\\\/\\\/anivet.lt\\\/elparduotuve\\\/#organization\"},\"alternateName\":\"Viskas J\u016bs\u0173 \u0161uns, kat\u0117s prie\u017ei\u016brai\",\"potentialAction\":[{\"@type\":\"SearchAction\",\"target\":{\"@type\":\"EntryPoint\",\"urlTemplate\":\"https:\\\/\\\/anivet.lt\\\/elparduotuve\\\/?s={search_term_string}\"},\"query-input\":{\"@type\":\"PropertyValueSpecification\",\"valueRequired\":true,\"valueName\":\"search_term_string\"}}],\"inLanguage\":\"lt-LT\"},{\"@type\":\"Organization\",\"@id\":\"https:\\\/\\\/anivet.lt\\\/elparduotuve\\\/#organization\",\"name\":\"Viskas J\u016bs\u0173 \u0161uns, kat\u0117s prie\u017ei\u016brai\",\"url\":\"https:\\\/\\\/anivet.lt\\\/elparduotuve\\\/\",\"logo\":{\"@type\":\"ImageObject\",\"inLanguage\":\"lt-LT\",\"@id\":\"https:\\\/\\\/anivet.lt\\\/elparduotuve\\\/#\\\/schema\\\/logo\\\/image\\\/\",\"url\":\"https:\\\/\\\/anivet.lt\\\/elparduotuve\\\/wp-content\\\/uploads\\\/2023\\\/06\\\/logo2.jpg\",\"contentUrl\":\"https:\\\/\\\/anivet.lt\\\/elparduotuve\\\/wp-content\\\/uploads\\\/2023\\\/06\\\/logo2.jpg\",\"width\":655,\"height\":194,\"caption\":\"Viskas J\u016bs\u0173 \u0161uns, kat\u0117s prie\u017ei\u016brai\"},\"image\":{\"@id\":\"https:\\\/\\\/anivet.lt\\\/elparduotuve\\\/#\\\/schema\\\/logo\\\/image\\\/\"}}]}<\/script>\n<!-- \/ Yoast SEO Premium plugin. -->","yoast_head_json":{"title":"NATURAL TRAINER CAT ADULT CHICKEN su vi\u0161tiena - anivet.lt","description":"Visavertis pa\u0161aras, sukurtas specialiai suaugusioms kat\u0117ms nuo 1 met\u0173 am\u017eiaus, taip pat puikiai tinkantis sterilizuotoms kat\u0117ms. \u0160is pa\u0161aras u\u017etikrina subalansuot\u0105 mityb\u0105, prisideda prie energijos palaikymo ir bendros sveikatos gerinimo.","robots":{"index":"index","follow":"follow","max-snippet":"max-snippet:-1","max-image-preview":"max-image-preview:large","max-video-preview":"max-video-preview:-1"},"canonical":"https:\/\/anivet.lt\/elparduotuve\/produktas\/natural-trainer-cat-adult-chicken-su-vistiena\/","og_locale":"lt_LT","og_type":"article","og_title":"NATURAL TRAINER CAT ADULT CHICKEN su vi\u0161tiena","og_description":"Visavertis pa\u0161aras, sukurtas specialiai suaugusioms kat\u0117ms nuo 1 met\u0173 am\u017eiaus, taip pat puikiai tinkantis sterilizuotoms kat\u0117ms. \u0160is pa\u0161aras u\u017etikrina subalansuot\u0105 mityb\u0105, prisideda prie energijos palaikymo ir bendros sveikatos gerinimo.","og_url":"https:\/\/anivet.lt\/elparduotuve\/produktas\/natural-trainer-cat-adult-chicken-su-vistiena\/","og_site_name":"anivet.lt","article_modified_time":"2026-05-06T08:58:26+00:00","og_image":[{"width":800,"height":800,"url":"https:\/\/anivet.lt\/elparduotuve\/wp-content\/uploads\/2024\/01\/924915_8059149029627-cat-vista-15kg.jpg","type":"image\/jpeg"}],"twitter_card":"summary_large_image","twitter_misc":{"Est. reading time":"1 minut\u0117"},"schema":{"@context":"https:\/\/schema.org","@graph":[{"@type":"WebPage","@id":"https:\/\/anivet.lt\/elparduotuve\/produktas\/natural-trainer-cat-adult-chicken-su-vistiena\/","url":"https:\/\/anivet.lt\/elparduotuve\/produktas\/natural-trainer-cat-adult-chicken-su-vistiena\/","name":"NATURAL TRAINER CAT ADULT CHICKEN su vi\u0161tiena - anivet.lt","isPartOf":{"@id":"https:\/\/anivet.lt\/elparduotuve\/#website"},"primaryImageOfPage":{"@id":"https:\/\/anivet.lt\/elparduotuve\/produktas\/natural-trainer-cat-adult-chicken-su-vistiena\/#primaryimage"},"image":{"@id":"https:\/\/anivet.lt\/elparduotuve\/produktas\/natural-trainer-cat-adult-chicken-su-vistiena\/#primaryimage"},"thumbnailUrl":"https:\/\/anivet.lt\/elparduotuve\/wp-content\/uploads\/2024\/01\/924915_8059149029627-cat-vista-15kg.jpg","datePublished":"2024-01-16T14:05:40+00:00","dateModified":"2026-05-06T08:58:26+00:00","description":"Visavertis pa\u0161aras, sukurtas specialiai suaugusioms kat\u0117ms nuo 1 met\u0173 am\u017eiaus, taip pat puikiai tinkantis sterilizuotoms kat\u0117ms. \u0160is pa\u0161aras u\u017etikrina subalansuot\u0105 mityb\u0105, prisideda prie energijos palaikymo ir bendros sveikatos gerinimo.","breadcrumb":{"@id":"https:\/\/anivet.lt\/elparduotuve\/produktas\/natural-trainer-cat-adult-chicken-su-vistiena\/#breadcrumb"},"inLanguage":"lt-LT","potentialAction":[{"@type":"ReadAction","target":["https:\/\/anivet.lt\/elparduotuve\/produktas\/natural-trainer-cat-adult-chicken-su-vistiena\/"]}]},{"@type":"ImageObject","inLanguage":"lt-LT","@id":"https:\/\/anivet.lt\/elparduotuve\/produktas\/natural-trainer-cat-adult-chicken-su-vistiena\/#primaryimage","url":"https:\/\/anivet.lt\/elparduotuve\/wp-content\/uploads\/2024\/01\/924915_8059149029627-cat-vista-15kg.jpg","contentUrl":"https:\/\/anivet.lt\/elparduotuve\/wp-content\/uploads\/2024\/01\/924915_8059149029627-cat-vista-15kg.jpg","width":800,"height":800,"caption":"NATURAL TRAINER CAT ADULT CHICKEN su vi\u0161tiena"},{"@type":"BreadcrumbList","@id":"https:\/\/anivet.lt\/elparduotuve\/produktas\/natural-trainer-cat-adult-chicken-su-vistiena\/#breadcrumb","itemListElement":[{"@type":"ListItem","position":1,"name":"Home","item":"https:\/\/anivet.lt\/elparduotuve\/"},{"@type":"ListItem","position":2,"name":"Produktai","item":"https:\/\/anivet.lt\/elparduotuve\/produktai\/"},{"@type":"ListItem","position":3,"name":"NATURAL TRAINER CAT ADULT CHICKEN su vi\u0161tiena"}]},{"@type":"WebSite","@id":"https:\/\/anivet.lt\/elparduotuve\/#website","url":"https:\/\/anivet.lt\/elparduotuve\/","name":"anivet.lt","description":"Viskas J\u016bs\u0173 \u0161uns, kat\u0117s prie\u017ei\u016brai","publisher":{"@id":"https:\/\/anivet.lt\/elparduotuve\/#organization"},"alternateName":"Viskas J\u016bs\u0173 \u0161uns, kat\u0117s prie\u017ei\u016brai","potentialAction":[{"@type":"SearchAction","target":{"@type":"EntryPoint","urlTemplate":"https:\/\/anivet.lt\/elparduotuve\/?s={search_term_string}"},"query-input":{"@type":"PropertyValueSpecification","valueRequired":true,"valueName":"search_term_string"}}],"inLanguage":"lt-LT"},{"@type":"Organization","@id":"https:\/\/anivet.lt\/elparduotuve\/#organization","name":"Viskas J\u016bs\u0173 \u0161uns, kat\u0117s prie\u017ei\u016brai","url":"https:\/\/anivet.lt\/elparduotuve\/","logo":{"@type":"ImageObject","inLanguage":"lt-LT","@id":"https:\/\/anivet.lt\/elparduotuve\/#\/schema\/logo\/image\/","url":"https:\/\/anivet.lt\/elparduotuve\/wp-content\/uploads\/2023\/06\/logo2.jpg","contentUrl":"https:\/\/anivet.lt\/elparduotuve\/wp-content\/uploads\/2023\/06\/logo2.jpg","width":655,"height":194,"caption":"Viskas J\u016bs\u0173 \u0161uns, kat\u0117s prie\u017ei\u016brai"},"image":{"@id":"https:\/\/anivet.lt\/elparduotuve\/#\/schema\/logo\/image\/"}}]}},"_links":{"self":[{"href":"https:\/\/anivet.lt\/elparduotuve\/wp-json\/wp\/v2\/product\/12848","targetHints":{"allow":["GET"]}}],"collection":[{"href":"https:\/\/anivet.lt\/elparduotuve\/wp-json\/wp\/v2\/product"}],"about":[{"href":"https:\/\/anivet.lt\/elparduotuve\/wp-json\/wp\/v2\/types\/product"}],"wp:featuredmedia":[{"embeddable":true,"href":"https:\/\/anivet.lt\/elparduotuve\/wp-json\/wp\/v2\/media\/12849"}],"wp:attachment":[{"href":"https:\/\/anivet.lt\/elparduotuve\/wp-json\/wp\/v2\/media?parent=12848"}],"wp:term":[{"taxonomy":"product_brand","embeddable":true,"href":"https:\/\/anivet.lt\/elparduotuve\/wp-json\/wp\/v2\/product_brand?post=12848"},{"taxonomy":"product_cat","embeddable":true,"href":"https:\/\/anivet.lt\/elparduotuve\/wp-json\/wp\/v2\/product_cat?post=12848"},{"taxonomy":"product_tag","embeddable":true,"href":"https:\/\/anivet.lt\/elparduotuve\/wp-json\/wp\/v2\/product_tag?post=12848"}],"curies":[{"name":"wp","href":"https:\/\/api.w.org\/{rel}","templated":true}]}}