{"id":12853,"date":"2024-01-16T14:20:04","date_gmt":"2024-01-16T14:20:04","guid":{"rendered":"https:\/\/anivet.lt\/elparduotuve\/?post_type=product&#038;p=12853"},"modified":"2026-05-06T08:56:34","modified_gmt":"2026-05-06T08:56:34","slug":"natural-trainer-cat-adult-sterilised-ham-su-vytintu-kumpiu","status":"publish","type":"product","link":"https:\/\/anivet.lt\/elparduotuve\/produktas\/natural-trainer-cat-adult-sterilised-ham-su-vytintu-kumpiu\/","title":{"rendered":"NATURAL TRAINER Cat Adult Sterilised HAM su vytintu kumpiu"},"content":{"rendered":"<ul>\n<li style=\"font-weight: 400;\" aria-level=\"1\"><span style=\"font-weight: 400;\">Auk\u0161tos kokyb\u0117s baltymai: Sud\u0117tyje yra 100% itali\u0161ko d\u017eiovinto-vytinto kumpio baltym\u0173 (6,5%) ir \u0161vie\u017eios vi\u0161tienos, kurie palaiko raumen\u0173 sveikat\u0105 ir stiprum\u0105.<\/span><\/li>\n<li style=\"font-weight: 400;\" aria-level=\"1\"><span style=\"font-weight: 400;\">Sveika vir\u0161kinimo sistema: Pa\u0161aras praturtintas cikorijos \u0161aknimis (inulino \u0161altiniu), spanguoli\u0173 ekstraktu ir \u017eirni\u0173 l\u0105steliena, kurie skatina ger\u0105 \u017earnyno mikrofloros veikl\u0105.<\/span><\/li>\n<li style=\"font-weight: 400;\" aria-level=\"1\"><span style=\"font-weight: 400;\">Odos ir kailio sveikata: Omega-3 ir Omega-6 riebiosios r\u016bg\u0161tys padeda i\u0161laikyti blizgant\u012f kail\u012f ir sveik\u0105 od\u0105.<\/span><\/li>\n<li style=\"font-weight: 400;\" aria-level=\"1\"><span style=\"font-weight: 400;\">Tinka sterilizuotoms kat\u0117ms: Amonio chloridas padeda palaikyti sveik\u0105 \u0161lapimo tak\u0173 sistem\u0105.<\/span><\/li>\n<li style=\"font-weight: 400;\" aria-level=\"1\"><span style=\"font-weight: 400;\">Subalansuota sud\u0117tis: Priedai, tokie kaip taurinas ir vitaminai A, D3, bei E, u\u017etikrina ger\u0105 reg\u0117jim\u0105, stipr\u0173 imunitet\u0105 ir bendr\u0105 sveikat\u0105.<\/span><\/li>\n<\/ul>\n<p><span style=\"font-weight: 400;\">\u0160is pa\u0161aras ne tik u\u017etikrins j\u016bs\u0173 kat\u0117s optimali\u0105 mityb\u0105, bet ir pad\u0117s i\u0161laikyti sveik\u0105 k\u016bno svor\u012f bei gyvybingum\u0105.\u00a0<\/span><\/p>\n","protected":false},"excerpt":{"rendered":"<p><span style=\"font-weight: 400;\">Visavertis pa\u0161aras, skirtas sterilizuotoms suaugusioms kat\u0117ms nuo 1 met\u0173 am\u017eiaus. Taip pat tinka nesterilizuotoms kat\u0117ms, gyvenan\u010dioms namuose. \u0160is auk\u0161\u010diausios kokyb\u0117s pa\u0161aras u\u017etikrina j\u016bs\u0173 augintinio energij\u0105 ir ger\u0105 savijaut\u0105 kasdien.<\/span><\/p>\n","protected":false},"featured_media":12856,"template":"","meta":[],"product_brand":[],"product_cat":[114,115,102,347],"product_tag":[],"class_list":{"0":"post-12853","1":"product","2":"type-product","3":"status-publish","4":"has-post-thumbnail","6":"product_cat-kaciu-maistas","7":"product_cat-sausas-maistas-ir-skanestai-katems","8":"product_cat-katems","9":"product_cat-trainer-kaciu-maistas","10":"pa_prekinis-zenklas-trainer","12":"first","13":"instock","14":"sale","15":"taxable","16":"shipping-taxable","17":"purchasable","18":"product-type-variable"},"yoast_head":"<!-- This site is optimized with the Yoast SEO Premium plugin v27.1 (Yoast SEO v27.5) - https:\/\/yoast.com\/product\/yoast-seo-premium-wordpress\/ -->\n<title>NATURAL TRAINER Cat Adult Sterilised HAM su vytintu kumpiu - anivet.lt<\/title>\n<meta name=\"description\" content=\"Visavertis pa\u0161aras, skirtas sterilizuotoms suaugusioms kat\u0117ms nuo 1 met\u0173 am\u017eiaus. Taip pat tinka nesterilizuotoms kat\u0117ms, gyvenan\u010dioms namuose. \u0160is auk\u0161\u010diausios kokyb\u0117s pa\u0161aras u\u017etikrina j\u016bs\u0173 augintinio energij\u0105 ir ger\u0105 savijaut\u0105 kasdien.\" \/>\n<meta name=\"robots\" content=\"index, follow, max-snippet:-1, max-image-preview:large, max-video-preview:-1\" \/>\n<link rel=\"canonical\" href=\"https:\/\/anivet.lt\/elparduotuve\/produktas\/natural-trainer-cat-adult-sterilised-ham-su-vytintu-kumpiu\/\" \/>\n<meta property=\"og:locale\" content=\"lt_LT\" \/>\n<meta property=\"og:type\" content=\"article\" \/>\n<meta property=\"og:title\" content=\"NATURAL TRAINER Cat Adult Sterilised HAM su vytintu kumpiu\" \/>\n<meta property=\"og:description\" content=\"Visavertis pa\u0161aras, skirtas sterilizuotoms suaugusioms kat\u0117ms nuo 1 met\u0173 am\u017eiaus. Taip pat tinka nesterilizuotoms kat\u0117ms, gyvenan\u010dioms namuose. \u0160is auk\u0161\u010diausios kokyb\u0117s pa\u0161aras u\u017etikrina j\u016bs\u0173 augintinio energij\u0105 ir ger\u0105 savijaut\u0105 kasdien.\" \/>\n<meta property=\"og:url\" content=\"https:\/\/anivet.lt\/elparduotuve\/produktas\/natural-trainer-cat-adult-sterilised-ham-su-vytintu-kumpiu\/\" \/>\n<meta property=\"og:site_name\" content=\"anivet.lt\" \/>\n<meta property=\"article:modified_time\" content=\"2026-05-06T08:56:34+00:00\" \/>\n<meta property=\"og:image\" content=\"https:\/\/anivet.lt\/elparduotuve\/wp-content\/uploads\/2024\/01\/AFF_TRA07_Sterilized_Ham_15Kg_3D-02.jpg\" \/>\n\t<meta property=\"og:image:width\" content=\"800\" \/>\n\t<meta property=\"og:image:height\" content=\"800\" \/>\n\t<meta property=\"og:image:type\" content=\"image\/jpeg\" \/>\n<meta name=\"twitter:card\" content=\"summary_large_image\" \/>\n<meta name=\"twitter:label1\" content=\"Est. reading time\" \/>\n\t<meta name=\"twitter:data1\" content=\"1 minut\u0117\" \/>\n<script type=\"application\/ld+json\" class=\"yoast-schema-graph\">{\"@context\":\"https:\\\/\\\/schema.org\",\"@graph\":[{\"@type\":\"WebPage\",\"@id\":\"https:\\\/\\\/anivet.lt\\\/elparduotuve\\\/produktas\\\/natural-trainer-cat-adult-sterilised-ham-su-vytintu-kumpiu\\\/\",\"url\":\"https:\\\/\\\/anivet.lt\\\/elparduotuve\\\/produktas\\\/natural-trainer-cat-adult-sterilised-ham-su-vytintu-kumpiu\\\/\",\"name\":\"NATURAL TRAINER Cat Adult Sterilised HAM su vytintu kumpiu - anivet.lt\",\"isPartOf\":{\"@id\":\"https:\\\/\\\/anivet.lt\\\/elparduotuve\\\/#website\"},\"primaryImageOfPage\":{\"@id\":\"https:\\\/\\\/anivet.lt\\\/elparduotuve\\\/produktas\\\/natural-trainer-cat-adult-sterilised-ham-su-vytintu-kumpiu\\\/#primaryimage\"},\"image\":{\"@id\":\"https:\\\/\\\/anivet.lt\\\/elparduotuve\\\/produktas\\\/natural-trainer-cat-adult-sterilised-ham-su-vytintu-kumpiu\\\/#primaryimage\"},\"thumbnailUrl\":\"https:\\\/\\\/anivet.lt\\\/elparduotuve\\\/wp-content\\\/uploads\\\/2024\\\/01\\\/AFF_TRA07_Sterilized_Ham_15Kg_3D-02.jpg\",\"datePublished\":\"2024-01-16T14:20:04+00:00\",\"dateModified\":\"2026-05-06T08:56:34+00:00\",\"description\":\"Visavertis pa\u0161aras, skirtas sterilizuotoms suaugusioms kat\u0117ms nuo 1 met\u0173 am\u017eiaus. Taip pat tinka nesterilizuotoms kat\u0117ms, gyvenan\u010dioms namuose. \u0160is auk\u0161\u010diausios kokyb\u0117s pa\u0161aras u\u017etikrina j\u016bs\u0173 augintinio energij\u0105 ir ger\u0105 savijaut\u0105 kasdien.\",\"breadcrumb\":{\"@id\":\"https:\\\/\\\/anivet.lt\\\/elparduotuve\\\/produktas\\\/natural-trainer-cat-adult-sterilised-ham-su-vytintu-kumpiu\\\/#breadcrumb\"},\"inLanguage\":\"lt-LT\",\"potentialAction\":[{\"@type\":\"ReadAction\",\"target\":[\"https:\\\/\\\/anivet.lt\\\/elparduotuve\\\/produktas\\\/natural-trainer-cat-adult-sterilised-ham-su-vytintu-kumpiu\\\/\"]}]},{\"@type\":\"ImageObject\",\"inLanguage\":\"lt-LT\",\"@id\":\"https:\\\/\\\/anivet.lt\\\/elparduotuve\\\/produktas\\\/natural-trainer-cat-adult-sterilised-ham-su-vytintu-kumpiu\\\/#primaryimage\",\"url\":\"https:\\\/\\\/anivet.lt\\\/elparduotuve\\\/wp-content\\\/uploads\\\/2024\\\/01\\\/AFF_TRA07_Sterilized_Ham_15Kg_3D-02.jpg\",\"contentUrl\":\"https:\\\/\\\/anivet.lt\\\/elparduotuve\\\/wp-content\\\/uploads\\\/2024\\\/01\\\/AFF_TRA07_Sterilized_Ham_15Kg_3D-02.jpg\",\"width\":800,\"height\":800,\"caption\":\"NATURAL TRAINER Cat Adult Sterilised HAM su vytintu kumpiu\"},{\"@type\":\"BreadcrumbList\",\"@id\":\"https:\\\/\\\/anivet.lt\\\/elparduotuve\\\/produktas\\\/natural-trainer-cat-adult-sterilised-ham-su-vytintu-kumpiu\\\/#breadcrumb\",\"itemListElement\":[{\"@type\":\"ListItem\",\"position\":1,\"name\":\"Home\",\"item\":\"https:\\\/\\\/anivet.lt\\\/elparduotuve\\\/\"},{\"@type\":\"ListItem\",\"position\":2,\"name\":\"Produktai\",\"item\":\"https:\\\/\\\/anivet.lt\\\/elparduotuve\\\/produktai\\\/\"},{\"@type\":\"ListItem\",\"position\":3,\"name\":\"NATURAL TRAINER Cat Adult Sterilised HAM su vytintu kumpiu\"}]},{\"@type\":\"WebSite\",\"@id\":\"https:\\\/\\\/anivet.lt\\\/elparduotuve\\\/#website\",\"url\":\"https:\\\/\\\/anivet.lt\\\/elparduotuve\\\/\",\"name\":\"anivet.lt\",\"description\":\"Viskas J\u016bs\u0173 \u0161uns, kat\u0117s prie\u017ei\u016brai\",\"publisher\":{\"@id\":\"https:\\\/\\\/anivet.lt\\\/elparduotuve\\\/#organization\"},\"alternateName\":\"Viskas J\u016bs\u0173 \u0161uns, kat\u0117s prie\u017ei\u016brai\",\"potentialAction\":[{\"@type\":\"SearchAction\",\"target\":{\"@type\":\"EntryPoint\",\"urlTemplate\":\"https:\\\/\\\/anivet.lt\\\/elparduotuve\\\/?s={search_term_string}\"},\"query-input\":{\"@type\":\"PropertyValueSpecification\",\"valueRequired\":true,\"valueName\":\"search_term_string\"}}],\"inLanguage\":\"lt-LT\"},{\"@type\":\"Organization\",\"@id\":\"https:\\\/\\\/anivet.lt\\\/elparduotuve\\\/#organization\",\"name\":\"Viskas J\u016bs\u0173 \u0161uns, kat\u0117s prie\u017ei\u016brai\",\"url\":\"https:\\\/\\\/anivet.lt\\\/elparduotuve\\\/\",\"logo\":{\"@type\":\"ImageObject\",\"inLanguage\":\"lt-LT\",\"@id\":\"https:\\\/\\\/anivet.lt\\\/elparduotuve\\\/#\\\/schema\\\/logo\\\/image\\\/\",\"url\":\"https:\\\/\\\/anivet.lt\\\/elparduotuve\\\/wp-content\\\/uploads\\\/2023\\\/06\\\/logo2.jpg\",\"contentUrl\":\"https:\\\/\\\/anivet.lt\\\/elparduotuve\\\/wp-content\\\/uploads\\\/2023\\\/06\\\/logo2.jpg\",\"width\":655,\"height\":194,\"caption\":\"Viskas J\u016bs\u0173 \u0161uns, kat\u0117s prie\u017ei\u016brai\"},\"image\":{\"@id\":\"https:\\\/\\\/anivet.lt\\\/elparduotuve\\\/#\\\/schema\\\/logo\\\/image\\\/\"}}]}<\/script>\n<!-- \/ Yoast SEO Premium plugin. -->","yoast_head_json":{"title":"NATURAL TRAINER Cat Adult Sterilised HAM su vytintu kumpiu - anivet.lt","description":"Visavertis pa\u0161aras, skirtas sterilizuotoms suaugusioms kat\u0117ms nuo 1 met\u0173 am\u017eiaus. Taip pat tinka nesterilizuotoms kat\u0117ms, gyvenan\u010dioms namuose. \u0160is auk\u0161\u010diausios kokyb\u0117s pa\u0161aras u\u017etikrina j\u016bs\u0173 augintinio energij\u0105 ir ger\u0105 savijaut\u0105 kasdien.","robots":{"index":"index","follow":"follow","max-snippet":"max-snippet:-1","max-image-preview":"max-image-preview:large","max-video-preview":"max-video-preview:-1"},"canonical":"https:\/\/anivet.lt\/elparduotuve\/produktas\/natural-trainer-cat-adult-sterilised-ham-su-vytintu-kumpiu\/","og_locale":"lt_LT","og_type":"article","og_title":"NATURAL TRAINER Cat Adult Sterilised HAM su vytintu kumpiu","og_description":"Visavertis pa\u0161aras, skirtas sterilizuotoms suaugusioms kat\u0117ms nuo 1 met\u0173 am\u017eiaus. Taip pat tinka nesterilizuotoms kat\u0117ms, gyvenan\u010dioms namuose. \u0160is auk\u0161\u010diausios kokyb\u0117s pa\u0161aras u\u017etikrina j\u016bs\u0173 augintinio energij\u0105 ir ger\u0105 savijaut\u0105 kasdien.","og_url":"https:\/\/anivet.lt\/elparduotuve\/produktas\/natural-trainer-cat-adult-sterilised-ham-su-vytintu-kumpiu\/","og_site_name":"anivet.lt","article_modified_time":"2026-05-06T08:56:34+00:00","og_image":[{"width":800,"height":800,"url":"https:\/\/anivet.lt\/elparduotuve\/wp-content\/uploads\/2024\/01\/AFF_TRA07_Sterilized_Ham_15Kg_3D-02.jpg","type":"image\/jpeg"}],"twitter_card":"summary_large_image","twitter_misc":{"Est. reading time":"1 minut\u0117"},"schema":{"@context":"https:\/\/schema.org","@graph":[{"@type":"WebPage","@id":"https:\/\/anivet.lt\/elparduotuve\/produktas\/natural-trainer-cat-adult-sterilised-ham-su-vytintu-kumpiu\/","url":"https:\/\/anivet.lt\/elparduotuve\/produktas\/natural-trainer-cat-adult-sterilised-ham-su-vytintu-kumpiu\/","name":"NATURAL TRAINER Cat Adult Sterilised HAM su vytintu kumpiu - anivet.lt","isPartOf":{"@id":"https:\/\/anivet.lt\/elparduotuve\/#website"},"primaryImageOfPage":{"@id":"https:\/\/anivet.lt\/elparduotuve\/produktas\/natural-trainer-cat-adult-sterilised-ham-su-vytintu-kumpiu\/#primaryimage"},"image":{"@id":"https:\/\/anivet.lt\/elparduotuve\/produktas\/natural-trainer-cat-adult-sterilised-ham-su-vytintu-kumpiu\/#primaryimage"},"thumbnailUrl":"https:\/\/anivet.lt\/elparduotuve\/wp-content\/uploads\/2024\/01\/AFF_TRA07_Sterilized_Ham_15Kg_3D-02.jpg","datePublished":"2024-01-16T14:20:04+00:00","dateModified":"2026-05-06T08:56:34+00:00","description":"Visavertis pa\u0161aras, skirtas sterilizuotoms suaugusioms kat\u0117ms nuo 1 met\u0173 am\u017eiaus. Taip pat tinka nesterilizuotoms kat\u0117ms, gyvenan\u010dioms namuose. \u0160is auk\u0161\u010diausios kokyb\u0117s pa\u0161aras u\u017etikrina j\u016bs\u0173 augintinio energij\u0105 ir ger\u0105 savijaut\u0105 kasdien.","breadcrumb":{"@id":"https:\/\/anivet.lt\/elparduotuve\/produktas\/natural-trainer-cat-adult-sterilised-ham-su-vytintu-kumpiu\/#breadcrumb"},"inLanguage":"lt-LT","potentialAction":[{"@type":"ReadAction","target":["https:\/\/anivet.lt\/elparduotuve\/produktas\/natural-trainer-cat-adult-sterilised-ham-su-vytintu-kumpiu\/"]}]},{"@type":"ImageObject","inLanguage":"lt-LT","@id":"https:\/\/anivet.lt\/elparduotuve\/produktas\/natural-trainer-cat-adult-sterilised-ham-su-vytintu-kumpiu\/#primaryimage","url":"https:\/\/anivet.lt\/elparduotuve\/wp-content\/uploads\/2024\/01\/AFF_TRA07_Sterilized_Ham_15Kg_3D-02.jpg","contentUrl":"https:\/\/anivet.lt\/elparduotuve\/wp-content\/uploads\/2024\/01\/AFF_TRA07_Sterilized_Ham_15Kg_3D-02.jpg","width":800,"height":800,"caption":"NATURAL TRAINER Cat Adult Sterilised HAM su vytintu kumpiu"},{"@type":"BreadcrumbList","@id":"https:\/\/anivet.lt\/elparduotuve\/produktas\/natural-trainer-cat-adult-sterilised-ham-su-vytintu-kumpiu\/#breadcrumb","itemListElement":[{"@type":"ListItem","position":1,"name":"Home","item":"https:\/\/anivet.lt\/elparduotuve\/"},{"@type":"ListItem","position":2,"name":"Produktai","item":"https:\/\/anivet.lt\/elparduotuve\/produktai\/"},{"@type":"ListItem","position":3,"name":"NATURAL TRAINER Cat Adult Sterilised HAM su vytintu kumpiu"}]},{"@type":"WebSite","@id":"https:\/\/anivet.lt\/elparduotuve\/#website","url":"https:\/\/anivet.lt\/elparduotuve\/","name":"anivet.lt","description":"Viskas J\u016bs\u0173 \u0161uns, kat\u0117s prie\u017ei\u016brai","publisher":{"@id":"https:\/\/anivet.lt\/elparduotuve\/#organization"},"alternateName":"Viskas J\u016bs\u0173 \u0161uns, kat\u0117s prie\u017ei\u016brai","potentialAction":[{"@type":"SearchAction","target":{"@type":"EntryPoint","urlTemplate":"https:\/\/anivet.lt\/elparduotuve\/?s={search_term_string}"},"query-input":{"@type":"PropertyValueSpecification","valueRequired":true,"valueName":"search_term_string"}}],"inLanguage":"lt-LT"},{"@type":"Organization","@id":"https:\/\/anivet.lt\/elparduotuve\/#organization","name":"Viskas J\u016bs\u0173 \u0161uns, kat\u0117s prie\u017ei\u016brai","url":"https:\/\/anivet.lt\/elparduotuve\/","logo":{"@type":"ImageObject","inLanguage":"lt-LT","@id":"https:\/\/anivet.lt\/elparduotuve\/#\/schema\/logo\/image\/","url":"https:\/\/anivet.lt\/elparduotuve\/wp-content\/uploads\/2023\/06\/logo2.jpg","contentUrl":"https:\/\/anivet.lt\/elparduotuve\/wp-content\/uploads\/2023\/06\/logo2.jpg","width":655,"height":194,"caption":"Viskas J\u016bs\u0173 \u0161uns, kat\u0117s prie\u017ei\u016brai"},"image":{"@id":"https:\/\/anivet.lt\/elparduotuve\/#\/schema\/logo\/image\/"}}]}},"_links":{"self":[{"href":"https:\/\/anivet.lt\/elparduotuve\/wp-json\/wp\/v2\/product\/12853","targetHints":{"allow":["GET"]}}],"collection":[{"href":"https:\/\/anivet.lt\/elparduotuve\/wp-json\/wp\/v2\/product"}],"about":[{"href":"https:\/\/anivet.lt\/elparduotuve\/wp-json\/wp\/v2\/types\/product"}],"wp:featuredmedia":[{"embeddable":true,"href":"https:\/\/anivet.lt\/elparduotuve\/wp-json\/wp\/v2\/media\/12856"}],"wp:attachment":[{"href":"https:\/\/anivet.lt\/elparduotuve\/wp-json\/wp\/v2\/media?parent=12853"}],"wp:term":[{"taxonomy":"product_brand","embeddable":true,"href":"https:\/\/anivet.lt\/elparduotuve\/wp-json\/wp\/v2\/product_brand?post=12853"},{"taxonomy":"product_cat","embeddable":true,"href":"https:\/\/anivet.lt\/elparduotuve\/wp-json\/wp\/v2\/product_cat?post=12853"},{"taxonomy":"product_tag","embeddable":true,"href":"https:\/\/anivet.lt\/elparduotuve\/wp-json\/wp\/v2\/product_tag?post=12853"}],"curies":[{"name":"wp","href":"https:\/\/api.w.org\/{rel}","templated":true}]}}