{"id":12858,"date":"2024-01-16T15:14:28","date_gmt":"2024-01-16T15:14:28","guid":{"rendered":"https:\/\/anivet.lt\/elparduotuve\/?post_type=product&#038;p=12858"},"modified":"2026-05-06T08:54:58","modified_gmt":"2026-05-06T08:54:58","slug":"natural-trainer-cat-adult-sterilised-salmon-su-lasisa","status":"publish","type":"product","link":"https:\/\/anivet.lt\/elparduotuve\/produktas\/natural-trainer-cat-adult-sterilised-salmon-su-lasisa\/","title":{"rendered":"NATURAL TRAINER Cat Adult Sterilised Salmon su la\u0161i\u0161a"},"content":{"rendered":"<ul>\n<li style=\"font-weight: 400;\" aria-level=\"1\"><span style=\"font-weight: 400;\">Su la\u0161i\u0161a: Auk\u0161tos kokyb\u0117s la\u0161i\u0161os baltymai (10%) ir riebiosios r\u016bg\u0161tys padeda i\u0161laikyti sveik\u0105 kail\u012f ir od\u0105.<\/span><\/li>\n<li style=\"font-weight: 400;\" aria-level=\"1\"><span style=\"font-weight: 400;\">Ma\u017eai riebal\u0173: Tik 12% riebal\u0173, u\u017etikrinant tinkam\u0105 k\u016bno svorio palaikym\u0105.<\/span><\/li>\n<li style=\"font-weight: 400;\" aria-level=\"1\"><span style=\"font-weight: 400;\">Subalansuota mityba: Sud\u0117tyje yra vitamin\u0173 A, D3, E ir taurino, kurie palaiko reg\u0117jim\u0105, \u0161irdies veikl\u0105 bei bendr\u0105 sveikat\u0105.<\/span><\/li>\n<li style=\"font-weight: 400;\" aria-level=\"1\"><span style=\"font-weight: 400;\">Prebiotikai: D\u017eiovintos cikorijos \u0161aknys kaip inulino \u0161altinis palaiko sveik\u0105 \u017earnyno mikroflor\u0105.<\/span><\/li>\n<li style=\"font-weight: 400;\" aria-level=\"1\"><span style=\"font-weight: 400;\">Omega-3 ir Omega-6: Svarbios riebiosios r\u016bg\u0161tys gerina odos ir kailio b\u016bkl\u0119.<\/span><\/li>\n<li style=\"font-weight: 400;\" aria-level=\"1\"><span style=\"font-weight: 400;\">Antibakterin\u0117 formul\u0117: Spanguoli\u0173 i\u0161spaudos padeda palaikyti sveikus \u0161lapimo takus.<\/span><\/li>\n<\/ul>\n<p><span style=\"font-weight: 400;\">\u201eNatural Trainer Cat Salmon\u201d pa\u0161aras u\u017etikrina subalansuot\u0105 mityb\u0105, pritaikyt\u0105 sterilizuot\u0173 ir namuose gyvenan\u010di\u0173 ka\u010di\u0173 poreikiams. Auk\u0161tos kokyb\u0117s ingredientai ir papildomi sveikatai naudingi priedai pad\u0117s i\u0161laikyti j\u016bs\u0173 kat\u0117s gyvybingum\u0105, sveik\u0105 kail\u012f ir optimali\u0105 savijaut\u0105.<\/span><\/p>\n","protected":false},"excerpt":{"rendered":"<p><span style=\"font-weight: 400;\">Subalansuotas pa\u0161aras su la\u0161i\u0161a, sukurtas atsi\u017evelgiant \u012f sterilizuot\u0173 ir kastruot\u0173 ka\u010di\u0173 poreikius. Tinkamas ir nesterilizuotoms kat\u0117ms, gyvenan\u010dioms patalpose, d\u0117l savo lengvai vir\u0161kinamos sud\u0117ties ir praturtintos maistini\u0173 med\u017eiag\u0173 formul\u0117s.<\/span><\/p>\n","protected":false},"featured_media":12859,"template":"","meta":[],"product_brand":[],"product_cat":[114,115,102,347],"product_tag":[],"class_list":{"0":"post-12858","1":"product","2":"type-product","3":"status-publish","4":"has-post-thumbnail","6":"product_cat-kaciu-maistas","7":"product_cat-sausas-maistas-ir-skanestai-katems","8":"product_cat-katems","9":"product_cat-trainer-kaciu-maistas","10":"pa_prekinis-zenklas-trainer","12":"first","13":"instock","14":"sale","15":"taxable","16":"shipping-taxable","17":"purchasable","18":"product-type-variable"},"yoast_head":"<!-- This site is optimized with the Yoast SEO Premium plugin v27.1 (Yoast SEO v27.5) - https:\/\/yoast.com\/product\/yoast-seo-premium-wordpress\/ -->\n<title>NATURAL TRAINER Cat Adult Sterilised Salmon su la\u0161i\u0161a - anivet.lt<\/title>\n<meta name=\"description\" content=\"Subalansuotas pa\u0161aras su la\u0161i\u0161a, sukurtas atsi\u017evelgiant \u012f sterilizuot\u0173 ir kastruot\u0173 ka\u010di\u0173 poreikius. Tinkamas ir nesterilizuotoms kat\u0117ms, gyvenan\u010dioms patalpose, d\u0117l savo lengvai vir\u0161kinamos sud\u0117ties ir praturtintos maistini\u0173 med\u017eiag\u0173 formul\u0117s.\" \/>\n<meta name=\"robots\" content=\"index, follow, max-snippet:-1, max-image-preview:large, max-video-preview:-1\" \/>\n<link rel=\"canonical\" href=\"https:\/\/anivet.lt\/elparduotuve\/produktas\/natural-trainer-cat-adult-sterilised-salmon-su-lasisa\/\" \/>\n<meta property=\"og:locale\" content=\"lt_LT\" \/>\n<meta property=\"og:type\" content=\"article\" \/>\n<meta property=\"og:title\" content=\"NATURAL TRAINER Cat Adult Sterilised Salmon su la\u0161i\u0161a\" \/>\n<meta property=\"og:description\" content=\"Subalansuotas pa\u0161aras su la\u0161i\u0161a, sukurtas atsi\u017evelgiant \u012f sterilizuot\u0173 ir kastruot\u0173 ka\u010di\u0173 poreikius. Tinkamas ir nesterilizuotoms kat\u0117ms, gyvenan\u010dioms patalpose, d\u0117l savo lengvai vir\u0161kinamos sud\u0117ties ir praturtintos maistini\u0173 med\u017eiag\u0173 formul\u0117s.\" \/>\n<meta property=\"og:url\" content=\"https:\/\/anivet.lt\/elparduotuve\/produktas\/natural-trainer-cat-adult-sterilised-salmon-su-lasisa\/\" \/>\n<meta property=\"og:site_name\" content=\"anivet.lt\" \/>\n<meta property=\"article:modified_time\" content=\"2026-05-06T08:54:58+00:00\" \/>\n<meta property=\"og:image\" content=\"https:\/\/anivet.lt\/elparduotuve\/wp-content\/uploads\/2024\/01\/924913-salmon-15kg.png\" \/>\n\t<meta property=\"og:image:width\" content=\"1024\" \/>\n\t<meta property=\"og:image:height\" content=\"1448\" \/>\n\t<meta property=\"og:image:type\" content=\"image\/png\" \/>\n<meta name=\"twitter:card\" content=\"summary_large_image\" \/>\n<meta name=\"twitter:label1\" content=\"Est. reading time\" \/>\n\t<meta name=\"twitter:data1\" content=\"1 minut\u0117\" \/>\n<script type=\"application\/ld+json\" class=\"yoast-schema-graph\">{\"@context\":\"https:\\\/\\\/schema.org\",\"@graph\":[{\"@type\":\"WebPage\",\"@id\":\"https:\\\/\\\/anivet.lt\\\/elparduotuve\\\/produktas\\\/natural-trainer-cat-adult-sterilised-salmon-su-lasisa\\\/\",\"url\":\"https:\\\/\\\/anivet.lt\\\/elparduotuve\\\/produktas\\\/natural-trainer-cat-adult-sterilised-salmon-su-lasisa\\\/\",\"name\":\"NATURAL TRAINER Cat Adult Sterilised Salmon su la\u0161i\u0161a - anivet.lt\",\"isPartOf\":{\"@id\":\"https:\\\/\\\/anivet.lt\\\/elparduotuve\\\/#website\"},\"primaryImageOfPage\":{\"@id\":\"https:\\\/\\\/anivet.lt\\\/elparduotuve\\\/produktas\\\/natural-trainer-cat-adult-sterilised-salmon-su-lasisa\\\/#primaryimage\"},\"image\":{\"@id\":\"https:\\\/\\\/anivet.lt\\\/elparduotuve\\\/produktas\\\/natural-trainer-cat-adult-sterilised-salmon-su-lasisa\\\/#primaryimage\"},\"thumbnailUrl\":\"https:\\\/\\\/anivet.lt\\\/elparduotuve\\\/wp-content\\\/uploads\\\/2024\\\/01\\\/924913-salmon-15kg.png\",\"datePublished\":\"2024-01-16T15:14:28+00:00\",\"dateModified\":\"2026-05-06T08:54:58+00:00\",\"description\":\"Subalansuotas pa\u0161aras su la\u0161i\u0161a, sukurtas atsi\u017evelgiant \u012f sterilizuot\u0173 ir kastruot\u0173 ka\u010di\u0173 poreikius. Tinkamas ir nesterilizuotoms kat\u0117ms, gyvenan\u010dioms patalpose, d\u0117l savo lengvai vir\u0161kinamos sud\u0117ties ir praturtintos maistini\u0173 med\u017eiag\u0173 formul\u0117s.\",\"breadcrumb\":{\"@id\":\"https:\\\/\\\/anivet.lt\\\/elparduotuve\\\/produktas\\\/natural-trainer-cat-adult-sterilised-salmon-su-lasisa\\\/#breadcrumb\"},\"inLanguage\":\"lt-LT\",\"potentialAction\":[{\"@type\":\"ReadAction\",\"target\":[\"https:\\\/\\\/anivet.lt\\\/elparduotuve\\\/produktas\\\/natural-trainer-cat-adult-sterilised-salmon-su-lasisa\\\/\"]}]},{\"@type\":\"ImageObject\",\"inLanguage\":\"lt-LT\",\"@id\":\"https:\\\/\\\/anivet.lt\\\/elparduotuve\\\/produktas\\\/natural-trainer-cat-adult-sterilised-salmon-su-lasisa\\\/#primaryimage\",\"url\":\"https:\\\/\\\/anivet.lt\\\/elparduotuve\\\/wp-content\\\/uploads\\\/2024\\\/01\\\/924913-salmon-15kg.png\",\"contentUrl\":\"https:\\\/\\\/anivet.lt\\\/elparduotuve\\\/wp-content\\\/uploads\\\/2024\\\/01\\\/924913-salmon-15kg.png\",\"width\":1024,\"height\":1448,\"caption\":\"NATURAL TRAINER Cat Adult Sterilised Salmon su la\u0161i\u0161a\"},{\"@type\":\"BreadcrumbList\",\"@id\":\"https:\\\/\\\/anivet.lt\\\/elparduotuve\\\/produktas\\\/natural-trainer-cat-adult-sterilised-salmon-su-lasisa\\\/#breadcrumb\",\"itemListElement\":[{\"@type\":\"ListItem\",\"position\":1,\"name\":\"Home\",\"item\":\"https:\\\/\\\/anivet.lt\\\/elparduotuve\\\/\"},{\"@type\":\"ListItem\",\"position\":2,\"name\":\"Produktai\",\"item\":\"https:\\\/\\\/anivet.lt\\\/elparduotuve\\\/produktai\\\/\"},{\"@type\":\"ListItem\",\"position\":3,\"name\":\"NATURAL TRAINER Cat Adult Sterilised Salmon su la\u0161i\u0161a\"}]},{\"@type\":\"WebSite\",\"@id\":\"https:\\\/\\\/anivet.lt\\\/elparduotuve\\\/#website\",\"url\":\"https:\\\/\\\/anivet.lt\\\/elparduotuve\\\/\",\"name\":\"anivet.lt\",\"description\":\"Viskas J\u016bs\u0173 \u0161uns, kat\u0117s prie\u017ei\u016brai\",\"publisher\":{\"@id\":\"https:\\\/\\\/anivet.lt\\\/elparduotuve\\\/#organization\"},\"alternateName\":\"Viskas J\u016bs\u0173 \u0161uns, kat\u0117s prie\u017ei\u016brai\",\"potentialAction\":[{\"@type\":\"SearchAction\",\"target\":{\"@type\":\"EntryPoint\",\"urlTemplate\":\"https:\\\/\\\/anivet.lt\\\/elparduotuve\\\/?s={search_term_string}\"},\"query-input\":{\"@type\":\"PropertyValueSpecification\",\"valueRequired\":true,\"valueName\":\"search_term_string\"}}],\"inLanguage\":\"lt-LT\"},{\"@type\":\"Organization\",\"@id\":\"https:\\\/\\\/anivet.lt\\\/elparduotuve\\\/#organization\",\"name\":\"Viskas J\u016bs\u0173 \u0161uns, kat\u0117s prie\u017ei\u016brai\",\"url\":\"https:\\\/\\\/anivet.lt\\\/elparduotuve\\\/\",\"logo\":{\"@type\":\"ImageObject\",\"inLanguage\":\"lt-LT\",\"@id\":\"https:\\\/\\\/anivet.lt\\\/elparduotuve\\\/#\\\/schema\\\/logo\\\/image\\\/\",\"url\":\"https:\\\/\\\/anivet.lt\\\/elparduotuve\\\/wp-content\\\/uploads\\\/2023\\\/06\\\/logo2.jpg\",\"contentUrl\":\"https:\\\/\\\/anivet.lt\\\/elparduotuve\\\/wp-content\\\/uploads\\\/2023\\\/06\\\/logo2.jpg\",\"width\":655,\"height\":194,\"caption\":\"Viskas J\u016bs\u0173 \u0161uns, kat\u0117s prie\u017ei\u016brai\"},\"image\":{\"@id\":\"https:\\\/\\\/anivet.lt\\\/elparduotuve\\\/#\\\/schema\\\/logo\\\/image\\\/\"}}]}<\/script>\n<!-- \/ Yoast SEO Premium plugin. -->","yoast_head_json":{"title":"NATURAL TRAINER Cat Adult Sterilised Salmon su la\u0161i\u0161a - anivet.lt","description":"Subalansuotas pa\u0161aras su la\u0161i\u0161a, sukurtas atsi\u017evelgiant \u012f sterilizuot\u0173 ir kastruot\u0173 ka\u010di\u0173 poreikius. Tinkamas ir nesterilizuotoms kat\u0117ms, gyvenan\u010dioms patalpose, d\u0117l savo lengvai vir\u0161kinamos sud\u0117ties ir praturtintos maistini\u0173 med\u017eiag\u0173 formul\u0117s.","robots":{"index":"index","follow":"follow","max-snippet":"max-snippet:-1","max-image-preview":"max-image-preview:large","max-video-preview":"max-video-preview:-1"},"canonical":"https:\/\/anivet.lt\/elparduotuve\/produktas\/natural-trainer-cat-adult-sterilised-salmon-su-lasisa\/","og_locale":"lt_LT","og_type":"article","og_title":"NATURAL TRAINER Cat Adult Sterilised Salmon su la\u0161i\u0161a","og_description":"Subalansuotas pa\u0161aras su la\u0161i\u0161a, sukurtas atsi\u017evelgiant \u012f sterilizuot\u0173 ir kastruot\u0173 ka\u010di\u0173 poreikius. Tinkamas ir nesterilizuotoms kat\u0117ms, gyvenan\u010dioms patalpose, d\u0117l savo lengvai vir\u0161kinamos sud\u0117ties ir praturtintos maistini\u0173 med\u017eiag\u0173 formul\u0117s.","og_url":"https:\/\/anivet.lt\/elparduotuve\/produktas\/natural-trainer-cat-adult-sterilised-salmon-su-lasisa\/","og_site_name":"anivet.lt","article_modified_time":"2026-05-06T08:54:58+00:00","og_image":[{"width":1024,"height":1448,"url":"https:\/\/anivet.lt\/elparduotuve\/wp-content\/uploads\/2024\/01\/924913-salmon-15kg.png","type":"image\/png"}],"twitter_card":"summary_large_image","twitter_misc":{"Est. reading time":"1 minut\u0117"},"schema":{"@context":"https:\/\/schema.org","@graph":[{"@type":"WebPage","@id":"https:\/\/anivet.lt\/elparduotuve\/produktas\/natural-trainer-cat-adult-sterilised-salmon-su-lasisa\/","url":"https:\/\/anivet.lt\/elparduotuve\/produktas\/natural-trainer-cat-adult-sterilised-salmon-su-lasisa\/","name":"NATURAL TRAINER Cat Adult Sterilised Salmon su la\u0161i\u0161a - anivet.lt","isPartOf":{"@id":"https:\/\/anivet.lt\/elparduotuve\/#website"},"primaryImageOfPage":{"@id":"https:\/\/anivet.lt\/elparduotuve\/produktas\/natural-trainer-cat-adult-sterilised-salmon-su-lasisa\/#primaryimage"},"image":{"@id":"https:\/\/anivet.lt\/elparduotuve\/produktas\/natural-trainer-cat-adult-sterilised-salmon-su-lasisa\/#primaryimage"},"thumbnailUrl":"https:\/\/anivet.lt\/elparduotuve\/wp-content\/uploads\/2024\/01\/924913-salmon-15kg.png","datePublished":"2024-01-16T15:14:28+00:00","dateModified":"2026-05-06T08:54:58+00:00","description":"Subalansuotas pa\u0161aras su la\u0161i\u0161a, sukurtas atsi\u017evelgiant \u012f sterilizuot\u0173 ir kastruot\u0173 ka\u010di\u0173 poreikius. Tinkamas ir nesterilizuotoms kat\u0117ms, gyvenan\u010dioms patalpose, d\u0117l savo lengvai vir\u0161kinamos sud\u0117ties ir praturtintos maistini\u0173 med\u017eiag\u0173 formul\u0117s.","breadcrumb":{"@id":"https:\/\/anivet.lt\/elparduotuve\/produktas\/natural-trainer-cat-adult-sterilised-salmon-su-lasisa\/#breadcrumb"},"inLanguage":"lt-LT","potentialAction":[{"@type":"ReadAction","target":["https:\/\/anivet.lt\/elparduotuve\/produktas\/natural-trainer-cat-adult-sterilised-salmon-su-lasisa\/"]}]},{"@type":"ImageObject","inLanguage":"lt-LT","@id":"https:\/\/anivet.lt\/elparduotuve\/produktas\/natural-trainer-cat-adult-sterilised-salmon-su-lasisa\/#primaryimage","url":"https:\/\/anivet.lt\/elparduotuve\/wp-content\/uploads\/2024\/01\/924913-salmon-15kg.png","contentUrl":"https:\/\/anivet.lt\/elparduotuve\/wp-content\/uploads\/2024\/01\/924913-salmon-15kg.png","width":1024,"height":1448,"caption":"NATURAL TRAINER Cat Adult Sterilised Salmon su la\u0161i\u0161a"},{"@type":"BreadcrumbList","@id":"https:\/\/anivet.lt\/elparduotuve\/produktas\/natural-trainer-cat-adult-sterilised-salmon-su-lasisa\/#breadcrumb","itemListElement":[{"@type":"ListItem","position":1,"name":"Home","item":"https:\/\/anivet.lt\/elparduotuve\/"},{"@type":"ListItem","position":2,"name":"Produktai","item":"https:\/\/anivet.lt\/elparduotuve\/produktai\/"},{"@type":"ListItem","position":3,"name":"NATURAL TRAINER Cat Adult Sterilised Salmon su la\u0161i\u0161a"}]},{"@type":"WebSite","@id":"https:\/\/anivet.lt\/elparduotuve\/#website","url":"https:\/\/anivet.lt\/elparduotuve\/","name":"anivet.lt","description":"Viskas J\u016bs\u0173 \u0161uns, kat\u0117s prie\u017ei\u016brai","publisher":{"@id":"https:\/\/anivet.lt\/elparduotuve\/#organization"},"alternateName":"Viskas J\u016bs\u0173 \u0161uns, kat\u0117s prie\u017ei\u016brai","potentialAction":[{"@type":"SearchAction","target":{"@type":"EntryPoint","urlTemplate":"https:\/\/anivet.lt\/elparduotuve\/?s={search_term_string}"},"query-input":{"@type":"PropertyValueSpecification","valueRequired":true,"valueName":"search_term_string"}}],"inLanguage":"lt-LT"},{"@type":"Organization","@id":"https:\/\/anivet.lt\/elparduotuve\/#organization","name":"Viskas J\u016bs\u0173 \u0161uns, kat\u0117s prie\u017ei\u016brai","url":"https:\/\/anivet.lt\/elparduotuve\/","logo":{"@type":"ImageObject","inLanguage":"lt-LT","@id":"https:\/\/anivet.lt\/elparduotuve\/#\/schema\/logo\/image\/","url":"https:\/\/anivet.lt\/elparduotuve\/wp-content\/uploads\/2023\/06\/logo2.jpg","contentUrl":"https:\/\/anivet.lt\/elparduotuve\/wp-content\/uploads\/2023\/06\/logo2.jpg","width":655,"height":194,"caption":"Viskas J\u016bs\u0173 \u0161uns, kat\u0117s prie\u017ei\u016brai"},"image":{"@id":"https:\/\/anivet.lt\/elparduotuve\/#\/schema\/logo\/image\/"}}]}},"_links":{"self":[{"href":"https:\/\/anivet.lt\/elparduotuve\/wp-json\/wp\/v2\/product\/12858","targetHints":{"allow":["GET"]}}],"collection":[{"href":"https:\/\/anivet.lt\/elparduotuve\/wp-json\/wp\/v2\/product"}],"about":[{"href":"https:\/\/anivet.lt\/elparduotuve\/wp-json\/wp\/v2\/types\/product"}],"wp:featuredmedia":[{"embeddable":true,"href":"https:\/\/anivet.lt\/elparduotuve\/wp-json\/wp\/v2\/media\/12859"}],"wp:attachment":[{"href":"https:\/\/anivet.lt\/elparduotuve\/wp-json\/wp\/v2\/media?parent=12858"}],"wp:term":[{"taxonomy":"product_brand","embeddable":true,"href":"https:\/\/anivet.lt\/elparduotuve\/wp-json\/wp\/v2\/product_brand?post=12858"},{"taxonomy":"product_cat","embeddable":true,"href":"https:\/\/anivet.lt\/elparduotuve\/wp-json\/wp\/v2\/product_cat?post=12858"},{"taxonomy":"product_tag","embeddable":true,"href":"https:\/\/anivet.lt\/elparduotuve\/wp-json\/wp\/v2\/product_tag?post=12858"}],"curies":[{"name":"wp","href":"https:\/\/api.w.org\/{rel}","templated":true}]}}