{"id":12866,"date":"2024-01-17T07:57:04","date_gmt":"2024-01-17T07:57:04","guid":{"rendered":"https:\/\/anivet.lt\/elparduotuve\/?post_type=product&#038;p=12866"},"modified":"2026-05-08T07:40:57","modified_gmt":"2026-05-08T07:40:57","slug":"alpha-spirit-wild-fish-dregnas-zuvies-pasaras-sunims-9kg","status":"publish","type":"product","link":"https:\/\/anivet.lt\/elparduotuve\/produktas\/alpha-spirit-wild-fish-dregnas-zuvies-pasaras-sunims-9kg\/","title":{"rendered":"ALPHA SPIRIT WILD FISH Dr\u0117gnas \u017duvies Pa\u0161aras \u0160unims"},"content":{"rendered":"<ul>\n<li style=\"font-weight: 400;\" aria-level=\"1\"><span style=\"font-weight: 400;\">Auk\u0161ta \u017euvies dalis: 85% sud\u0117ties sudaro \u0161vie\u017eia \u017euvis, \u012fskaitant sardines, skumbres ir staurides \u2013 puikus baltym\u0173 ir omega-3 riebal\u0173 r\u016bg\u0161\u010di\u0173 \u0161altinis.<\/span><\/li>\n<li style=\"font-weight: 400;\" aria-level=\"1\"><span style=\"font-weight: 400;\">Nat\u016bral\u016bs ingredientai: Pa\u0161aras praturtintas moli\u016bgu, kriau\u0161\u0117mis, ananasu bei prieskoniais, kaip kuminas, kalendra ir ciber\u017eol\u0117, kurie palaiko ger\u0105 vir\u0161kinim\u0105.<\/span><\/li>\n<li style=\"font-weight: 400;\" aria-level=\"1\"><span style=\"font-weight: 400;\">Papildomi maistiniai priedai: Taurinas ir gliukozaminas padeda palaikyti s\u0105nari\u0173 sveikat\u0105, \u0161irdies funkcij\u0105 ir bendr\u0105 augintinio gerov\u0119.<\/span><\/li>\n<li style=\"font-weight: 400;\" aria-level=\"1\"><span style=\"font-weight: 400;\">Sveikas riebal\u0173 ir baltym\u0173 santykis: Baltymai (29%) ir riebalai (14,5%) suteikia energijos bei prisideda prie raumen\u0173 vystymosi ir blizgan\u010dio kailio.<\/span><\/li>\n<li style=\"font-weight: 400;\" aria-level=\"1\"><span style=\"font-weight: 400;\">Unikali pakuot\u0117: 200 g d\u0117\u017eut\u0117 su pakartotinio u\u017eklijavimo galimybe u\u017etikrina patogum\u0105 ir pa\u0161aro \u0161vie\u017eum\u0105.<\/span><\/li>\n<\/ul>\n<p><span style=\"font-weight: 400;\">\u201eALPHA SPIRIT\u201d pa\u0161aras yra nat\u016bralus ir subalansuotas pasirinkimas, kuris tiks tiek jaun\u0173, tiek suaugusi\u0173, tiek senjor\u0173 \u0161un\u0173 mitybai. Leiskite savo augintiniui m\u0117gautis puikiu skoniu ir visomis b\u016btinomis maistin\u0117mis med\u017eiagomis kasdieniame racione.<\/span><\/p>\n","protected":false},"excerpt":{"rendered":"<p><span style=\"font-weight: 400;\">\u0160is dr\u0117gnas pa\u0161aras yra puikus pasirinkimas vis\u0173 veisli\u0173 ir am\u017eiaus \u0161unims. Pagamintas i\u0161 85% \u0161vie\u017eios \u017euvies, praturtintas nat\u016braliais ingredientais ir papildytas maistin\u0117mis med\u017eiagomis, jis u\u017etikrina subalansuot\u0105 mityb\u0105. Unikali pakuot\u0117 su pakartotinio u\u017eklijavimo galimybe leid\u017eia patogiai naudoti kasdien.<\/span><\/p>\n","protected":false},"featured_media":12867,"template":"","meta":[],"product_brand":[],"product_cat":[101,103,104,331],"product_tag":[],"class_list":{"0":"post-12866","1":"product","2":"type-product","3":"status-publish","4":"has-post-thumbnail","6":"product_cat-sunims","7":"product_cat-sunu-maistas","8":"product_cat-sausas-maistas","9":"product_cat-alpha-spirit-maistas","10":"pa_prekinis-zenklas-alpha-spirit","12":"first","13":"instock","14":"taxable","15":"shipping-taxable","16":"purchasable","17":"product-type-variable"},"yoast_head":"<!-- This site is optimized with the Yoast SEO Premium plugin v27.1 (Yoast SEO v27.5) - https:\/\/yoast.com\/product\/yoast-seo-premium-wordpress\/ -->\n<title>ALPHA SPIRIT WILD FISH Dr\u0117gnas \u017duvies Pa\u0161aras \u0160unims - anivet.lt<\/title>\n<meta name=\"description\" content=\"\u0160is dr\u0117gnas pa\u0161aras yra puikus pasirinkimas vis\u0173 veisli\u0173 ir am\u017eiaus \u0161unims. Pagamintas i\u0161 85% \u0161vie\u017eios \u017euvies, praturtintas nat\u016braliais ingredientais ir papildytas maistin\u0117mis med\u017eiagomis, jis u\u017etikrina subalansuot\u0105 mityb\u0105. Unikali pakuot\u0117 su pakartotinio u\u017eklijavimo galimybe leid\u017eia patogiai naudoti kasdien.\" \/>\n<meta name=\"robots\" content=\"index, follow, max-snippet:-1, max-image-preview:large, max-video-preview:-1\" \/>\n<link rel=\"canonical\" href=\"https:\/\/anivet.lt\/elparduotuve\/produktas\/alpha-spirit-wild-fish-dregnas-zuvies-pasaras-sunims-9kg\/\" \/>\n<meta property=\"og:locale\" content=\"lt_LT\" \/>\n<meta property=\"og:type\" content=\"article\" \/>\n<meta property=\"og:title\" content=\"ALPHA SPIRIT WILD FISH Dr\u0117gnas \u017duvies Pa\u0161aras \u0160unims\" \/>\n<meta property=\"og:description\" content=\"\u0160is dr\u0117gnas pa\u0161aras yra puikus pasirinkimas vis\u0173 veisli\u0173 ir am\u017eiaus \u0161unims. Pagamintas i\u0161 85% \u0161vie\u017eios \u017euvies, praturtintas nat\u016braliais ingredientais ir papildytas maistin\u0117mis med\u017eiagomis, jis u\u017etikrina subalansuot\u0105 mityb\u0105. Unikali pakuot\u0117 su pakartotinio u\u017eklijavimo galimybe leid\u017eia patogiai naudoti kasdien.\" \/>\n<meta property=\"og:url\" content=\"https:\/\/anivet.lt\/elparduotuve\/produktas\/alpha-spirit-wild-fish-dregnas-zuvies-pasaras-sunims-9kg\/\" \/>\n<meta property=\"og:site_name\" content=\"anivet.lt\" \/>\n<meta property=\"article:modified_time\" content=\"2026-05-08T07:40:57+00:00\" \/>\n<meta property=\"og:image\" content=\"https:\/\/anivet.lt\/elparduotuve\/wp-content\/uploads\/2024\/01\/alpha-spirit-wild-fish-9kg-dregnas.jpg\" \/>\n\t<meta property=\"og:image:width\" content=\"658\" \/>\n\t<meta property=\"og:image:height\" content=\"1000\" \/>\n\t<meta property=\"og:image:type\" content=\"image\/jpeg\" \/>\n<meta name=\"twitter:card\" content=\"summary_large_image\" \/>\n<meta name=\"twitter:label1\" content=\"Est. reading time\" \/>\n\t<meta name=\"twitter:data1\" content=\"1 minut\u0117\" \/>\n<script type=\"application\/ld+json\" class=\"yoast-schema-graph\">{\"@context\":\"https:\\\/\\\/schema.org\",\"@graph\":[{\"@type\":\"WebPage\",\"@id\":\"https:\\\/\\\/anivet.lt\\\/elparduotuve\\\/produktas\\\/alpha-spirit-wild-fish-dregnas-zuvies-pasaras-sunims-9kg\\\/\",\"url\":\"https:\\\/\\\/anivet.lt\\\/elparduotuve\\\/produktas\\\/alpha-spirit-wild-fish-dregnas-zuvies-pasaras-sunims-9kg\\\/\",\"name\":\"ALPHA SPIRIT WILD FISH Dr\u0117gnas \u017duvies Pa\u0161aras \u0160unims - anivet.lt\",\"isPartOf\":{\"@id\":\"https:\\\/\\\/anivet.lt\\\/elparduotuve\\\/#website\"},\"primaryImageOfPage\":{\"@id\":\"https:\\\/\\\/anivet.lt\\\/elparduotuve\\\/produktas\\\/alpha-spirit-wild-fish-dregnas-zuvies-pasaras-sunims-9kg\\\/#primaryimage\"},\"image\":{\"@id\":\"https:\\\/\\\/anivet.lt\\\/elparduotuve\\\/produktas\\\/alpha-spirit-wild-fish-dregnas-zuvies-pasaras-sunims-9kg\\\/#primaryimage\"},\"thumbnailUrl\":\"https:\\\/\\\/anivet.lt\\\/elparduotuve\\\/wp-content\\\/uploads\\\/2024\\\/01\\\/alpha-spirit-wild-fish-9kg-dregnas.jpg\",\"datePublished\":\"2024-01-17T07:57:04+00:00\",\"dateModified\":\"2026-05-08T07:40:57+00:00\",\"description\":\"\u0160is dr\u0117gnas pa\u0161aras yra puikus pasirinkimas vis\u0173 veisli\u0173 ir am\u017eiaus \u0161unims. Pagamintas i\u0161 85% \u0161vie\u017eios \u017euvies, praturtintas nat\u016braliais ingredientais ir papildytas maistin\u0117mis med\u017eiagomis, jis u\u017etikrina subalansuot\u0105 mityb\u0105. Unikali pakuot\u0117 su pakartotinio u\u017eklijavimo galimybe leid\u017eia patogiai naudoti kasdien.\",\"breadcrumb\":{\"@id\":\"https:\\\/\\\/anivet.lt\\\/elparduotuve\\\/produktas\\\/alpha-spirit-wild-fish-dregnas-zuvies-pasaras-sunims-9kg\\\/#breadcrumb\"},\"inLanguage\":\"lt-LT\",\"potentialAction\":[{\"@type\":\"ReadAction\",\"target\":[\"https:\\\/\\\/anivet.lt\\\/elparduotuve\\\/produktas\\\/alpha-spirit-wild-fish-dregnas-zuvies-pasaras-sunims-9kg\\\/\"]}]},{\"@type\":\"ImageObject\",\"inLanguage\":\"lt-LT\",\"@id\":\"https:\\\/\\\/anivet.lt\\\/elparduotuve\\\/produktas\\\/alpha-spirit-wild-fish-dregnas-zuvies-pasaras-sunims-9kg\\\/#primaryimage\",\"url\":\"https:\\\/\\\/anivet.lt\\\/elparduotuve\\\/wp-content\\\/uploads\\\/2024\\\/01\\\/alpha-spirit-wild-fish-9kg-dregnas.jpg\",\"contentUrl\":\"https:\\\/\\\/anivet.lt\\\/elparduotuve\\\/wp-content\\\/uploads\\\/2024\\\/01\\\/alpha-spirit-wild-fish-9kg-dregnas.jpg\",\"width\":658,\"height\":1000,\"caption\":\"ALPHA SPIRIT WILD FISH Dr\u0117gnas \u017duvies Pa\u0161aras \u0160unims\"},{\"@type\":\"BreadcrumbList\",\"@id\":\"https:\\\/\\\/anivet.lt\\\/elparduotuve\\\/produktas\\\/alpha-spirit-wild-fish-dregnas-zuvies-pasaras-sunims-9kg\\\/#breadcrumb\",\"itemListElement\":[{\"@type\":\"ListItem\",\"position\":1,\"name\":\"Home\",\"item\":\"https:\\\/\\\/anivet.lt\\\/elparduotuve\\\/\"},{\"@type\":\"ListItem\",\"position\":2,\"name\":\"Produktai\",\"item\":\"https:\\\/\\\/anivet.lt\\\/elparduotuve\\\/produktai\\\/\"},{\"@type\":\"ListItem\",\"position\":3,\"name\":\"ALPHA SPIRIT WILD FISH Dr\u0117gnas \u017duvies Pa\u0161aras \u0160unims\"}]},{\"@type\":\"WebSite\",\"@id\":\"https:\\\/\\\/anivet.lt\\\/elparduotuve\\\/#website\",\"url\":\"https:\\\/\\\/anivet.lt\\\/elparduotuve\\\/\",\"name\":\"anivet.lt\",\"description\":\"Viskas J\u016bs\u0173 \u0161uns, kat\u0117s prie\u017ei\u016brai\",\"publisher\":{\"@id\":\"https:\\\/\\\/anivet.lt\\\/elparduotuve\\\/#organization\"},\"alternateName\":\"Viskas J\u016bs\u0173 \u0161uns, kat\u0117s prie\u017ei\u016brai\",\"potentialAction\":[{\"@type\":\"SearchAction\",\"target\":{\"@type\":\"EntryPoint\",\"urlTemplate\":\"https:\\\/\\\/anivet.lt\\\/elparduotuve\\\/?s={search_term_string}\"},\"query-input\":{\"@type\":\"PropertyValueSpecification\",\"valueRequired\":true,\"valueName\":\"search_term_string\"}}],\"inLanguage\":\"lt-LT\"},{\"@type\":\"Organization\",\"@id\":\"https:\\\/\\\/anivet.lt\\\/elparduotuve\\\/#organization\",\"name\":\"Viskas J\u016bs\u0173 \u0161uns, kat\u0117s prie\u017ei\u016brai\",\"url\":\"https:\\\/\\\/anivet.lt\\\/elparduotuve\\\/\",\"logo\":{\"@type\":\"ImageObject\",\"inLanguage\":\"lt-LT\",\"@id\":\"https:\\\/\\\/anivet.lt\\\/elparduotuve\\\/#\\\/schema\\\/logo\\\/image\\\/\",\"url\":\"https:\\\/\\\/anivet.lt\\\/elparduotuve\\\/wp-content\\\/uploads\\\/2023\\\/06\\\/logo2.jpg\",\"contentUrl\":\"https:\\\/\\\/anivet.lt\\\/elparduotuve\\\/wp-content\\\/uploads\\\/2023\\\/06\\\/logo2.jpg\",\"width\":655,\"height\":194,\"caption\":\"Viskas J\u016bs\u0173 \u0161uns, kat\u0117s prie\u017ei\u016brai\"},\"image\":{\"@id\":\"https:\\\/\\\/anivet.lt\\\/elparduotuve\\\/#\\\/schema\\\/logo\\\/image\\\/\"}}]}<\/script>\n<!-- \/ Yoast SEO Premium plugin. -->","yoast_head_json":{"title":"ALPHA SPIRIT WILD FISH Dr\u0117gnas \u017duvies Pa\u0161aras \u0160unims - anivet.lt","description":"\u0160is dr\u0117gnas pa\u0161aras yra puikus pasirinkimas vis\u0173 veisli\u0173 ir am\u017eiaus \u0161unims. Pagamintas i\u0161 85% \u0161vie\u017eios \u017euvies, praturtintas nat\u016braliais ingredientais ir papildytas maistin\u0117mis med\u017eiagomis, jis u\u017etikrina subalansuot\u0105 mityb\u0105. Unikali pakuot\u0117 su pakartotinio u\u017eklijavimo galimybe leid\u017eia patogiai naudoti kasdien.","robots":{"index":"index","follow":"follow","max-snippet":"max-snippet:-1","max-image-preview":"max-image-preview:large","max-video-preview":"max-video-preview:-1"},"canonical":"https:\/\/anivet.lt\/elparduotuve\/produktas\/alpha-spirit-wild-fish-dregnas-zuvies-pasaras-sunims-9kg\/","og_locale":"lt_LT","og_type":"article","og_title":"ALPHA SPIRIT WILD FISH Dr\u0117gnas \u017duvies Pa\u0161aras \u0160unims","og_description":"\u0160is dr\u0117gnas pa\u0161aras yra puikus pasirinkimas vis\u0173 veisli\u0173 ir am\u017eiaus \u0161unims. Pagamintas i\u0161 85% \u0161vie\u017eios \u017euvies, praturtintas nat\u016braliais ingredientais ir papildytas maistin\u0117mis med\u017eiagomis, jis u\u017etikrina subalansuot\u0105 mityb\u0105. Unikali pakuot\u0117 su pakartotinio u\u017eklijavimo galimybe leid\u017eia patogiai naudoti kasdien.","og_url":"https:\/\/anivet.lt\/elparduotuve\/produktas\/alpha-spirit-wild-fish-dregnas-zuvies-pasaras-sunims-9kg\/","og_site_name":"anivet.lt","article_modified_time":"2026-05-08T07:40:57+00:00","og_image":[{"width":658,"height":1000,"url":"https:\/\/anivet.lt\/elparduotuve\/wp-content\/uploads\/2024\/01\/alpha-spirit-wild-fish-9kg-dregnas.jpg","type":"image\/jpeg"}],"twitter_card":"summary_large_image","twitter_misc":{"Est. reading time":"1 minut\u0117"},"schema":{"@context":"https:\/\/schema.org","@graph":[{"@type":"WebPage","@id":"https:\/\/anivet.lt\/elparduotuve\/produktas\/alpha-spirit-wild-fish-dregnas-zuvies-pasaras-sunims-9kg\/","url":"https:\/\/anivet.lt\/elparduotuve\/produktas\/alpha-spirit-wild-fish-dregnas-zuvies-pasaras-sunims-9kg\/","name":"ALPHA SPIRIT WILD FISH Dr\u0117gnas \u017duvies Pa\u0161aras \u0160unims - anivet.lt","isPartOf":{"@id":"https:\/\/anivet.lt\/elparduotuve\/#website"},"primaryImageOfPage":{"@id":"https:\/\/anivet.lt\/elparduotuve\/produktas\/alpha-spirit-wild-fish-dregnas-zuvies-pasaras-sunims-9kg\/#primaryimage"},"image":{"@id":"https:\/\/anivet.lt\/elparduotuve\/produktas\/alpha-spirit-wild-fish-dregnas-zuvies-pasaras-sunims-9kg\/#primaryimage"},"thumbnailUrl":"https:\/\/anivet.lt\/elparduotuve\/wp-content\/uploads\/2024\/01\/alpha-spirit-wild-fish-9kg-dregnas.jpg","datePublished":"2024-01-17T07:57:04+00:00","dateModified":"2026-05-08T07:40:57+00:00","description":"\u0160is dr\u0117gnas pa\u0161aras yra puikus pasirinkimas vis\u0173 veisli\u0173 ir am\u017eiaus \u0161unims. Pagamintas i\u0161 85% \u0161vie\u017eios \u017euvies, praturtintas nat\u016braliais ingredientais ir papildytas maistin\u0117mis med\u017eiagomis, jis u\u017etikrina subalansuot\u0105 mityb\u0105. Unikali pakuot\u0117 su pakartotinio u\u017eklijavimo galimybe leid\u017eia patogiai naudoti kasdien.","breadcrumb":{"@id":"https:\/\/anivet.lt\/elparduotuve\/produktas\/alpha-spirit-wild-fish-dregnas-zuvies-pasaras-sunims-9kg\/#breadcrumb"},"inLanguage":"lt-LT","potentialAction":[{"@type":"ReadAction","target":["https:\/\/anivet.lt\/elparduotuve\/produktas\/alpha-spirit-wild-fish-dregnas-zuvies-pasaras-sunims-9kg\/"]}]},{"@type":"ImageObject","inLanguage":"lt-LT","@id":"https:\/\/anivet.lt\/elparduotuve\/produktas\/alpha-spirit-wild-fish-dregnas-zuvies-pasaras-sunims-9kg\/#primaryimage","url":"https:\/\/anivet.lt\/elparduotuve\/wp-content\/uploads\/2024\/01\/alpha-spirit-wild-fish-9kg-dregnas.jpg","contentUrl":"https:\/\/anivet.lt\/elparduotuve\/wp-content\/uploads\/2024\/01\/alpha-spirit-wild-fish-9kg-dregnas.jpg","width":658,"height":1000,"caption":"ALPHA SPIRIT WILD FISH Dr\u0117gnas \u017duvies Pa\u0161aras \u0160unims"},{"@type":"BreadcrumbList","@id":"https:\/\/anivet.lt\/elparduotuve\/produktas\/alpha-spirit-wild-fish-dregnas-zuvies-pasaras-sunims-9kg\/#breadcrumb","itemListElement":[{"@type":"ListItem","position":1,"name":"Home","item":"https:\/\/anivet.lt\/elparduotuve\/"},{"@type":"ListItem","position":2,"name":"Produktai","item":"https:\/\/anivet.lt\/elparduotuve\/produktai\/"},{"@type":"ListItem","position":3,"name":"ALPHA SPIRIT WILD FISH Dr\u0117gnas \u017duvies Pa\u0161aras \u0160unims"}]},{"@type":"WebSite","@id":"https:\/\/anivet.lt\/elparduotuve\/#website","url":"https:\/\/anivet.lt\/elparduotuve\/","name":"anivet.lt","description":"Viskas J\u016bs\u0173 \u0161uns, kat\u0117s prie\u017ei\u016brai","publisher":{"@id":"https:\/\/anivet.lt\/elparduotuve\/#organization"},"alternateName":"Viskas J\u016bs\u0173 \u0161uns, kat\u0117s prie\u017ei\u016brai","potentialAction":[{"@type":"SearchAction","target":{"@type":"EntryPoint","urlTemplate":"https:\/\/anivet.lt\/elparduotuve\/?s={search_term_string}"},"query-input":{"@type":"PropertyValueSpecification","valueRequired":true,"valueName":"search_term_string"}}],"inLanguage":"lt-LT"},{"@type":"Organization","@id":"https:\/\/anivet.lt\/elparduotuve\/#organization","name":"Viskas J\u016bs\u0173 \u0161uns, kat\u0117s prie\u017ei\u016brai","url":"https:\/\/anivet.lt\/elparduotuve\/","logo":{"@type":"ImageObject","inLanguage":"lt-LT","@id":"https:\/\/anivet.lt\/elparduotuve\/#\/schema\/logo\/image\/","url":"https:\/\/anivet.lt\/elparduotuve\/wp-content\/uploads\/2023\/06\/logo2.jpg","contentUrl":"https:\/\/anivet.lt\/elparduotuve\/wp-content\/uploads\/2023\/06\/logo2.jpg","width":655,"height":194,"caption":"Viskas J\u016bs\u0173 \u0161uns, kat\u0117s prie\u017ei\u016brai"},"image":{"@id":"https:\/\/anivet.lt\/elparduotuve\/#\/schema\/logo\/image\/"}}]}},"_links":{"self":[{"href":"https:\/\/anivet.lt\/elparduotuve\/wp-json\/wp\/v2\/product\/12866","targetHints":{"allow":["GET"]}}],"collection":[{"href":"https:\/\/anivet.lt\/elparduotuve\/wp-json\/wp\/v2\/product"}],"about":[{"href":"https:\/\/anivet.lt\/elparduotuve\/wp-json\/wp\/v2\/types\/product"}],"wp:featuredmedia":[{"embeddable":true,"href":"https:\/\/anivet.lt\/elparduotuve\/wp-json\/wp\/v2\/media\/12867"}],"wp:attachment":[{"href":"https:\/\/anivet.lt\/elparduotuve\/wp-json\/wp\/v2\/media?parent=12866"}],"wp:term":[{"taxonomy":"product_brand","embeddable":true,"href":"https:\/\/anivet.lt\/elparduotuve\/wp-json\/wp\/v2\/product_brand?post=12866"},{"taxonomy":"product_cat","embeddable":true,"href":"https:\/\/anivet.lt\/elparduotuve\/wp-json\/wp\/v2\/product_cat?post=12866"},{"taxonomy":"product_tag","embeddable":true,"href":"https:\/\/anivet.lt\/elparduotuve\/wp-json\/wp\/v2\/product_tag?post=12866"}],"curies":[{"name":"wp","href":"https:\/\/api.w.org\/{rel}","templated":true}]}}