{"id":12869,"date":"2024-01-17T08:18:53","date_gmt":"2024-01-17T08:18:53","guid":{"rendered":"https:\/\/anivet.lt\/elparduotuve\/?post_type=product&#038;p=12869"},"modified":"2025-12-31T03:00:30","modified_gmt":"2025-12-31T03:00:30","slug":"alpha-spirit-7-days-visavertis-sausas-pasaras-sunims","status":"publish","type":"product","link":"https:\/\/anivet.lt\/elparduotuve\/produktas\/alpha-spirit-7-days-visavertis-sausas-pasaras-sunims\/","title":{"rendered":"ALPHA SPIRIT 7 DAYS Visavertis Sausas Pa\u0161aras \u0160unims"},"content":{"rendered":"<ul>\n<li style=\"font-weight: 400;\" aria-level=\"1\"><span style=\"font-weight: 400;\">Nat\u016brali sud\u0117tis: 45% \u0161vie\u017eios kiaulienos, 25% \u0161vie\u017eios vi\u0161tienos, 10% \u0161vie\u017eios \u017euvies ir 5% \u0161vie\u017ei\u0173 kiaulienos kepen\u0117li\u0173.<\/span><\/li>\n<li style=\"font-weight: 400;\" aria-level=\"1\"><span style=\"font-weight: 400;\">Praturtintas naudingais ingredientais: Kiau\u0161iniai, sald\u017eiosios bulv\u0117s, bananai bei prieskonin\u0117s \u017eolel\u0117s, tokios kaip ciber\u017eol\u0117, imbieras ir kuminas.<\/span><\/li>\n<li style=\"font-weight: 400;\" aria-level=\"1\"><span style=\"font-weight: 400;\">Sveikam s\u0105nari\u0173 funkcionavimui: Papildytas gliukozaminu (4400 mg) ir Omega-3 riebal\u0173 r\u016bg\u0161timis (2000 mg).<\/span><\/li>\n<li style=\"font-weight: 400;\" aria-level=\"1\"><span style=\"font-weight: 400;\">Be dirbtini\u0173 pried\u0173: Visos maistin\u0117s med\u017eiagos nat\u016braliai i\u0161gaunamos i\u0161 \u017ealiav\u0173, be sintetini\u0173 ingredient\u0173.<\/span><\/li>\n<li style=\"font-weight: 400;\" aria-level=\"1\"><span style=\"font-weight: 400;\">Puikiai vir\u0161kinamas: Auk\u0161tos kokyb\u0117s baltymai ir nat\u016bral\u016bs angliavandeni\u0173 \u0161altiniai u\u017etikrina lengv\u0105 vir\u0161kinim\u0105.<\/span><\/li>\n<\/ul>\n<p><span style=\"font-weight: 400;\">\u0160is pa\u0161aras puikiai tinka vis\u0173 veisli\u0173 suaugusiems \u0161unims, u\u017etikrindamas j\u0173 kasdienius mitybos poreikius. Jo sud\u0117tyje esantys nat\u016bral\u016bs ingredientai padeda palaikyti \u0161uns sveikat\u0105, gerina kailio b\u016bkl\u0119, s\u0105nari\u0173 funkcij\u0105 ir bendr\u0105 savijaut\u0105. Be dirbtini\u0173 pried\u0173 pagamintas pa\u0161aras ne tik sveikas, bet ir itin skanus \u2013 tinkamas net i\u0161rankiausiems augintiniams.<\/span><\/p>\n","protected":false},"excerpt":{"rendered":"<p><span style=\"font-weight: 400;\">Visavertis sausas pa\u0161aras vis\u0173 veisli\u0173 suaugusiems \u0161unims, sukurtas nat\u016braliai ir subalansuotai mitybai u\u017etikrinti. Pa\u0161aro sud\u0117tyje gausu \u0161vie\u017eios m\u0117sos ir \u017euvies, tod\u0117l jis puikiai tinka kasdienei mitybai.<\/span><\/p>\n","protected":false},"featured_media":12870,"template":"","meta":[],"product_brand":[],"product_cat":[101,103,104,331],"product_tag":[],"class_list":{"0":"post-12869","1":"product","2":"type-product","3":"status-publish","4":"has-post-thumbnail","6":"product_cat-sunims","7":"product_cat-sunu-maistas","8":"product_cat-sausas-maistas","9":"product_cat-alpha-spirit-maistas","10":"pa_prekinis-zenklas-alpha-spirit","12":"first","13":"instock","14":"taxable","15":"shipping-taxable","16":"purchasable","17":"product-type-variable"},"yoast_head":"<!-- This site is optimized with the Yoast SEO Premium plugin v27.1 (Yoast SEO v27.5) - https:\/\/yoast.com\/product\/yoast-seo-premium-wordpress\/ -->\n<title>ALPHA SPIRIT 7 DAYS Visavertis Sausas Pa\u0161aras \u0160unims - anivet.lt<\/title>\n<meta name=\"description\" content=\"Visavertis sausas pa\u0161aras vis\u0173 veisli\u0173 suaugusiems \u0161unims, sukurtas nat\u016braliai ir subalansuotai mitybai u\u017etikrinti. Pa\u0161aro sud\u0117tyje gausu \u0161vie\u017eios m\u0117sos ir \u017euvies, tod\u0117l jis puikiai tinka kasdienei mitybai.\" \/>\n<meta name=\"robots\" content=\"index, follow, max-snippet:-1, max-image-preview:large, max-video-preview:-1\" \/>\n<link rel=\"canonical\" href=\"https:\/\/anivet.lt\/elparduotuve\/produktas\/alpha-spirit-7-days-visavertis-sausas-pasaras-sunims\/\" \/>\n<meta property=\"og:locale\" content=\"lt_LT\" \/>\n<meta property=\"og:type\" content=\"article\" \/>\n<meta property=\"og:title\" content=\"ALPHA SPIRIT 7 DAYS Visavertis Sausas Pa\u0161aras \u0160unims\" \/>\n<meta property=\"og:description\" content=\"Visavertis sausas pa\u0161aras vis\u0173 veisli\u0173 suaugusiems \u0161unims, sukurtas nat\u016braliai ir subalansuotai mitybai u\u017etikrinti. Pa\u0161aro sud\u0117tyje gausu \u0161vie\u017eios m\u0117sos ir \u017euvies, tod\u0117l jis puikiai tinka kasdienei mitybai.\" \/>\n<meta property=\"og:url\" content=\"https:\/\/anivet.lt\/elparduotuve\/produktas\/alpha-spirit-7-days-visavertis-sausas-pasaras-sunims\/\" \/>\n<meta property=\"og:site_name\" content=\"anivet.lt\" \/>\n<meta property=\"article:modified_time\" content=\"2025-12-31T03:00:30+00:00\" \/>\n<meta property=\"og:image\" content=\"https:\/\/anivet.lt\/elparduotuve\/wp-content\/uploads\/2024\/01\/alpha-spirit-7-days-12-kg.jpg\" \/>\n\t<meta property=\"og:image:width\" content=\"800\" \/>\n\t<meta property=\"og:image:height\" content=\"800\" \/>\n\t<meta property=\"og:image:type\" content=\"image\/jpeg\" \/>\n<meta name=\"twitter:card\" content=\"summary_large_image\" \/>\n<meta name=\"twitter:label1\" content=\"Est. reading time\" \/>\n\t<meta name=\"twitter:data1\" content=\"1 minut\u0117\" \/>\n<script type=\"application\/ld+json\" class=\"yoast-schema-graph\">{\"@context\":\"https:\\\/\\\/schema.org\",\"@graph\":[{\"@type\":\"WebPage\",\"@id\":\"https:\\\/\\\/anivet.lt\\\/elparduotuve\\\/produktas\\\/alpha-spirit-7-days-visavertis-sausas-pasaras-sunims\\\/\",\"url\":\"https:\\\/\\\/anivet.lt\\\/elparduotuve\\\/produktas\\\/alpha-spirit-7-days-visavertis-sausas-pasaras-sunims\\\/\",\"name\":\"ALPHA SPIRIT 7 DAYS Visavertis Sausas Pa\u0161aras \u0160unims - anivet.lt\",\"isPartOf\":{\"@id\":\"https:\\\/\\\/anivet.lt\\\/elparduotuve\\\/#website\"},\"primaryImageOfPage\":{\"@id\":\"https:\\\/\\\/anivet.lt\\\/elparduotuve\\\/produktas\\\/alpha-spirit-7-days-visavertis-sausas-pasaras-sunims\\\/#primaryimage\"},\"image\":{\"@id\":\"https:\\\/\\\/anivet.lt\\\/elparduotuve\\\/produktas\\\/alpha-spirit-7-days-visavertis-sausas-pasaras-sunims\\\/#primaryimage\"},\"thumbnailUrl\":\"https:\\\/\\\/anivet.lt\\\/elparduotuve\\\/wp-content\\\/uploads\\\/2024\\\/01\\\/alpha-spirit-7-days-12-kg.jpg\",\"datePublished\":\"2024-01-17T08:18:53+00:00\",\"dateModified\":\"2025-12-31T03:00:30+00:00\",\"description\":\"Visavertis sausas pa\u0161aras vis\u0173 veisli\u0173 suaugusiems \u0161unims, sukurtas nat\u016braliai ir subalansuotai mitybai u\u017etikrinti. Pa\u0161aro sud\u0117tyje gausu \u0161vie\u017eios m\u0117sos ir \u017euvies, tod\u0117l jis puikiai tinka kasdienei mitybai.\",\"breadcrumb\":{\"@id\":\"https:\\\/\\\/anivet.lt\\\/elparduotuve\\\/produktas\\\/alpha-spirit-7-days-visavertis-sausas-pasaras-sunims\\\/#breadcrumb\"},\"inLanguage\":\"lt-LT\",\"potentialAction\":[{\"@type\":\"ReadAction\",\"target\":[\"https:\\\/\\\/anivet.lt\\\/elparduotuve\\\/produktas\\\/alpha-spirit-7-days-visavertis-sausas-pasaras-sunims\\\/\"]}]},{\"@type\":\"ImageObject\",\"inLanguage\":\"lt-LT\",\"@id\":\"https:\\\/\\\/anivet.lt\\\/elparduotuve\\\/produktas\\\/alpha-spirit-7-days-visavertis-sausas-pasaras-sunims\\\/#primaryimage\",\"url\":\"https:\\\/\\\/anivet.lt\\\/elparduotuve\\\/wp-content\\\/uploads\\\/2024\\\/01\\\/alpha-spirit-7-days-12-kg.jpg\",\"contentUrl\":\"https:\\\/\\\/anivet.lt\\\/elparduotuve\\\/wp-content\\\/uploads\\\/2024\\\/01\\\/alpha-spirit-7-days-12-kg.jpg\",\"width\":800,\"height\":800,\"caption\":\"ALPHA SPIRIT 7 DAYS Visavertis Sausas Pa\u0161aras \u0160unims\"},{\"@type\":\"BreadcrumbList\",\"@id\":\"https:\\\/\\\/anivet.lt\\\/elparduotuve\\\/produktas\\\/alpha-spirit-7-days-visavertis-sausas-pasaras-sunims\\\/#breadcrumb\",\"itemListElement\":[{\"@type\":\"ListItem\",\"position\":1,\"name\":\"Home\",\"item\":\"https:\\\/\\\/anivet.lt\\\/elparduotuve\\\/\"},{\"@type\":\"ListItem\",\"position\":2,\"name\":\"Produktai\",\"item\":\"https:\\\/\\\/anivet.lt\\\/elparduotuve\\\/produktai\\\/\"},{\"@type\":\"ListItem\",\"position\":3,\"name\":\"ALPHA SPIRIT 7 DAYS Visavertis Sausas Pa\u0161aras \u0160unims\"}]},{\"@type\":\"WebSite\",\"@id\":\"https:\\\/\\\/anivet.lt\\\/elparduotuve\\\/#website\",\"url\":\"https:\\\/\\\/anivet.lt\\\/elparduotuve\\\/\",\"name\":\"anivet.lt\",\"description\":\"Viskas J\u016bs\u0173 \u0161uns, kat\u0117s prie\u017ei\u016brai\",\"publisher\":{\"@id\":\"https:\\\/\\\/anivet.lt\\\/elparduotuve\\\/#organization\"},\"alternateName\":\"Viskas J\u016bs\u0173 \u0161uns, kat\u0117s prie\u017ei\u016brai\",\"potentialAction\":[{\"@type\":\"SearchAction\",\"target\":{\"@type\":\"EntryPoint\",\"urlTemplate\":\"https:\\\/\\\/anivet.lt\\\/elparduotuve\\\/?s={search_term_string}\"},\"query-input\":{\"@type\":\"PropertyValueSpecification\",\"valueRequired\":true,\"valueName\":\"search_term_string\"}}],\"inLanguage\":\"lt-LT\"},{\"@type\":\"Organization\",\"@id\":\"https:\\\/\\\/anivet.lt\\\/elparduotuve\\\/#organization\",\"name\":\"Viskas J\u016bs\u0173 \u0161uns, kat\u0117s prie\u017ei\u016brai\",\"url\":\"https:\\\/\\\/anivet.lt\\\/elparduotuve\\\/\",\"logo\":{\"@type\":\"ImageObject\",\"inLanguage\":\"lt-LT\",\"@id\":\"https:\\\/\\\/anivet.lt\\\/elparduotuve\\\/#\\\/schema\\\/logo\\\/image\\\/\",\"url\":\"https:\\\/\\\/anivet.lt\\\/elparduotuve\\\/wp-content\\\/uploads\\\/2023\\\/06\\\/logo2.jpg\",\"contentUrl\":\"https:\\\/\\\/anivet.lt\\\/elparduotuve\\\/wp-content\\\/uploads\\\/2023\\\/06\\\/logo2.jpg\",\"width\":655,\"height\":194,\"caption\":\"Viskas J\u016bs\u0173 \u0161uns, kat\u0117s prie\u017ei\u016brai\"},\"image\":{\"@id\":\"https:\\\/\\\/anivet.lt\\\/elparduotuve\\\/#\\\/schema\\\/logo\\\/image\\\/\"}}]}<\/script>\n<!-- \/ Yoast SEO Premium plugin. -->","yoast_head_json":{"title":"ALPHA SPIRIT 7 DAYS Visavertis Sausas Pa\u0161aras \u0160unims - anivet.lt","description":"Visavertis sausas pa\u0161aras vis\u0173 veisli\u0173 suaugusiems \u0161unims, sukurtas nat\u016braliai ir subalansuotai mitybai u\u017etikrinti. Pa\u0161aro sud\u0117tyje gausu \u0161vie\u017eios m\u0117sos ir \u017euvies, tod\u0117l jis puikiai tinka kasdienei mitybai.","robots":{"index":"index","follow":"follow","max-snippet":"max-snippet:-1","max-image-preview":"max-image-preview:large","max-video-preview":"max-video-preview:-1"},"canonical":"https:\/\/anivet.lt\/elparduotuve\/produktas\/alpha-spirit-7-days-visavertis-sausas-pasaras-sunims\/","og_locale":"lt_LT","og_type":"article","og_title":"ALPHA SPIRIT 7 DAYS Visavertis Sausas Pa\u0161aras \u0160unims","og_description":"Visavertis sausas pa\u0161aras vis\u0173 veisli\u0173 suaugusiems \u0161unims, sukurtas nat\u016braliai ir subalansuotai mitybai u\u017etikrinti. Pa\u0161aro sud\u0117tyje gausu \u0161vie\u017eios m\u0117sos ir \u017euvies, tod\u0117l jis puikiai tinka kasdienei mitybai.","og_url":"https:\/\/anivet.lt\/elparduotuve\/produktas\/alpha-spirit-7-days-visavertis-sausas-pasaras-sunims\/","og_site_name":"anivet.lt","article_modified_time":"2025-12-31T03:00:30+00:00","og_image":[{"width":800,"height":800,"url":"https:\/\/anivet.lt\/elparduotuve\/wp-content\/uploads\/2024\/01\/alpha-spirit-7-days-12-kg.jpg","type":"image\/jpeg"}],"twitter_card":"summary_large_image","twitter_misc":{"Est. reading time":"1 minut\u0117"},"schema":{"@context":"https:\/\/schema.org","@graph":[{"@type":"WebPage","@id":"https:\/\/anivet.lt\/elparduotuve\/produktas\/alpha-spirit-7-days-visavertis-sausas-pasaras-sunims\/","url":"https:\/\/anivet.lt\/elparduotuve\/produktas\/alpha-spirit-7-days-visavertis-sausas-pasaras-sunims\/","name":"ALPHA SPIRIT 7 DAYS Visavertis Sausas Pa\u0161aras \u0160unims - anivet.lt","isPartOf":{"@id":"https:\/\/anivet.lt\/elparduotuve\/#website"},"primaryImageOfPage":{"@id":"https:\/\/anivet.lt\/elparduotuve\/produktas\/alpha-spirit-7-days-visavertis-sausas-pasaras-sunims\/#primaryimage"},"image":{"@id":"https:\/\/anivet.lt\/elparduotuve\/produktas\/alpha-spirit-7-days-visavertis-sausas-pasaras-sunims\/#primaryimage"},"thumbnailUrl":"https:\/\/anivet.lt\/elparduotuve\/wp-content\/uploads\/2024\/01\/alpha-spirit-7-days-12-kg.jpg","datePublished":"2024-01-17T08:18:53+00:00","dateModified":"2025-12-31T03:00:30+00:00","description":"Visavertis sausas pa\u0161aras vis\u0173 veisli\u0173 suaugusiems \u0161unims, sukurtas nat\u016braliai ir subalansuotai mitybai u\u017etikrinti. Pa\u0161aro sud\u0117tyje gausu \u0161vie\u017eios m\u0117sos ir \u017euvies, tod\u0117l jis puikiai tinka kasdienei mitybai.","breadcrumb":{"@id":"https:\/\/anivet.lt\/elparduotuve\/produktas\/alpha-spirit-7-days-visavertis-sausas-pasaras-sunims\/#breadcrumb"},"inLanguage":"lt-LT","potentialAction":[{"@type":"ReadAction","target":["https:\/\/anivet.lt\/elparduotuve\/produktas\/alpha-spirit-7-days-visavertis-sausas-pasaras-sunims\/"]}]},{"@type":"ImageObject","inLanguage":"lt-LT","@id":"https:\/\/anivet.lt\/elparduotuve\/produktas\/alpha-spirit-7-days-visavertis-sausas-pasaras-sunims\/#primaryimage","url":"https:\/\/anivet.lt\/elparduotuve\/wp-content\/uploads\/2024\/01\/alpha-spirit-7-days-12-kg.jpg","contentUrl":"https:\/\/anivet.lt\/elparduotuve\/wp-content\/uploads\/2024\/01\/alpha-spirit-7-days-12-kg.jpg","width":800,"height":800,"caption":"ALPHA SPIRIT 7 DAYS Visavertis Sausas Pa\u0161aras \u0160unims"},{"@type":"BreadcrumbList","@id":"https:\/\/anivet.lt\/elparduotuve\/produktas\/alpha-spirit-7-days-visavertis-sausas-pasaras-sunims\/#breadcrumb","itemListElement":[{"@type":"ListItem","position":1,"name":"Home","item":"https:\/\/anivet.lt\/elparduotuve\/"},{"@type":"ListItem","position":2,"name":"Produktai","item":"https:\/\/anivet.lt\/elparduotuve\/produktai\/"},{"@type":"ListItem","position":3,"name":"ALPHA SPIRIT 7 DAYS Visavertis Sausas Pa\u0161aras \u0160unims"}]},{"@type":"WebSite","@id":"https:\/\/anivet.lt\/elparduotuve\/#website","url":"https:\/\/anivet.lt\/elparduotuve\/","name":"anivet.lt","description":"Viskas J\u016bs\u0173 \u0161uns, kat\u0117s prie\u017ei\u016brai","publisher":{"@id":"https:\/\/anivet.lt\/elparduotuve\/#organization"},"alternateName":"Viskas J\u016bs\u0173 \u0161uns, kat\u0117s prie\u017ei\u016brai","potentialAction":[{"@type":"SearchAction","target":{"@type":"EntryPoint","urlTemplate":"https:\/\/anivet.lt\/elparduotuve\/?s={search_term_string}"},"query-input":{"@type":"PropertyValueSpecification","valueRequired":true,"valueName":"search_term_string"}}],"inLanguage":"lt-LT"},{"@type":"Organization","@id":"https:\/\/anivet.lt\/elparduotuve\/#organization","name":"Viskas J\u016bs\u0173 \u0161uns, kat\u0117s prie\u017ei\u016brai","url":"https:\/\/anivet.lt\/elparduotuve\/","logo":{"@type":"ImageObject","inLanguage":"lt-LT","@id":"https:\/\/anivet.lt\/elparduotuve\/#\/schema\/logo\/image\/","url":"https:\/\/anivet.lt\/elparduotuve\/wp-content\/uploads\/2023\/06\/logo2.jpg","contentUrl":"https:\/\/anivet.lt\/elparduotuve\/wp-content\/uploads\/2023\/06\/logo2.jpg","width":655,"height":194,"caption":"Viskas J\u016bs\u0173 \u0161uns, kat\u0117s prie\u017ei\u016brai"},"image":{"@id":"https:\/\/anivet.lt\/elparduotuve\/#\/schema\/logo\/image\/"}}]}},"_links":{"self":[{"href":"https:\/\/anivet.lt\/elparduotuve\/wp-json\/wp\/v2\/product\/12869","targetHints":{"allow":["GET"]}}],"collection":[{"href":"https:\/\/anivet.lt\/elparduotuve\/wp-json\/wp\/v2\/product"}],"about":[{"href":"https:\/\/anivet.lt\/elparduotuve\/wp-json\/wp\/v2\/types\/product"}],"wp:featuredmedia":[{"embeddable":true,"href":"https:\/\/anivet.lt\/elparduotuve\/wp-json\/wp\/v2\/media\/12870"}],"wp:attachment":[{"href":"https:\/\/anivet.lt\/elparduotuve\/wp-json\/wp\/v2\/media?parent=12869"}],"wp:term":[{"taxonomy":"product_brand","embeddable":true,"href":"https:\/\/anivet.lt\/elparduotuve\/wp-json\/wp\/v2\/product_brand?post=12869"},{"taxonomy":"product_cat","embeddable":true,"href":"https:\/\/anivet.lt\/elparduotuve\/wp-json\/wp\/v2\/product_cat?post=12869"},{"taxonomy":"product_tag","embeddable":true,"href":"https:\/\/anivet.lt\/elparduotuve\/wp-json\/wp\/v2\/product_tag?post=12869"}],"curies":[{"name":"wp","href":"https:\/\/api.w.org\/{rel}","templated":true}]}}