{"id":12888,"date":"2024-01-17T09:35:52","date_gmt":"2024-01-17T09:35:52","guid":{"rendered":"https:\/\/anivet.lt\/elparduotuve\/?post_type=product&#038;p=12888"},"modified":"2026-05-06T07:47:52","modified_gmt":"2026-05-06T07:47:52","slug":"alpha-spirit-wild-fish-pasaras-sunims-su-zuvimi","status":"publish","type":"product","link":"https:\/\/anivet.lt\/elparduotuve\/produktas\/alpha-spirit-wild-fish-pasaras-sunims-su-zuvimi\/","title":{"rendered":"ALPHA SPIRIT WILD FISH pa\u0161aras \u0161unims su \u017euvimi"},"content":{"rendered":"<ul>\n<li style=\"font-weight: 400;\" aria-level=\"1\"><span style=\"font-weight: 400;\">85% \u0161vie\u017eios \u017euvies: Sardin\u0117l\u0117s, skumbr\u0117s, staurid\u0117s ir sardin\u0117s suteikia nat\u016bral\u0173 skon\u012f bei auk\u0161tos kokyb\u0117s baltymus.<\/span><\/li>\n<li style=\"font-weight: 400;\" aria-level=\"1\"><span style=\"font-weight: 400;\">Nat\u016bral\u016bs ingredientai: Papildytas moli\u016bgais, kriau\u0161\u0117mis, ananasais ir aromatingais prieskoniais, kaip \u010diobreliai, kalendra ir kmynai.<\/span><\/li>\n<li style=\"font-weight: 400;\" aria-level=\"1\"><span style=\"font-weight: 400;\">Auk\u0161tas baltym\u0173 kiekis (30,5%): Padeda palaikyti raumen\u0173 mas\u0119 ir energij\u0105.<\/span><\/li>\n<li style=\"font-weight: 400;\" aria-level=\"1\"><span style=\"font-weight: 400;\">Praturtintas omega-3 r\u016bg\u0161timis (EPA+DHA 2000 mg): Skatina sveik\u0105 od\u0105, kail\u012f ir \u0161irdies funkcij\u0105.<\/span><\/li>\n<li style=\"font-weight: 400;\" aria-level=\"1\"><span style=\"font-weight: 400;\">Gliukozaminas (4400 mg): Palaiko s\u0105nari\u0173 sveikat\u0105 ir judrum\u0105.<\/span><\/li>\n<li style=\"font-weight: 400;\" aria-level=\"1\"><span style=\"font-weight: 400;\">Be glitimo ir dirbtini\u0173 pried\u0173: Tinka jautriems \u0161unims.<\/span><\/li>\n<\/ul>\n<p><span style=\"font-weight: 400;\">\u201eAlpha Spirit Wild Fish\u201d pa\u0161aras u\u017etikrina auk\u0161tos kokyb\u0117s mityb\u0105 su dideliu nat\u016bralios \u017euvies kiekiu, kuris suteikia svarbi\u0173 maistini\u0173 med\u017eiag\u0173. Sud\u0117tis papildyta nat\u016braliais priedais, kurie ne tik prisideda prie sveikos odos ir kailio, bet ir palaiko s\u0105nari\u0173 sveikat\u0105. \u0160is pa\u0161aras puikiai tinka tiek aktyviems, tiek jautriems \u0161unims.<\/span><\/p>\n","protected":false},"excerpt":{"rendered":"<p><span style=\"font-weight: 400;\">\u0160is pa\u0161aras yra puikus pasirinkimas vis\u0173 veisli\u0173 suaugusiems \u0161unims, ie\u0161kantiems subalansuoto ir auk\u0161tos kokyb\u0117s mitybos su gausiu \u017euvies kiekiu.<\/span><\/p>\n","protected":false},"featured_media":18530,"template":"","meta":[],"product_brand":[],"product_cat":[101,103,104,331],"product_tag":[],"class_list":{"0":"post-12888","1":"product","2":"type-product","3":"status-publish","4":"has-post-thumbnail","6":"product_cat-sunims","7":"product_cat-sunu-maistas","8":"product_cat-sausas-maistas","9":"product_cat-alpha-spirit-maistas","10":"pa_prekinis-zenklas-alpha-spirit","12":"first","13":"instock","14":"taxable","15":"shipping-taxable","16":"purchasable","17":"product-type-variable"},"yoast_head":"<!-- This site is optimized with the Yoast SEO Premium plugin v27.1 (Yoast SEO v27.5) - https:\/\/yoast.com\/product\/yoast-seo-premium-wordpress\/ -->\n<title>ALPHA SPIRIT WILD FISH pa\u0161aras \u0161unims su \u017euvimi - anivet.lt<\/title>\n<meta name=\"description\" content=\"\u0160is pa\u0161aras yra puikus pasirinkimas vis\u0173 veisli\u0173 suaugusiems \u0161unims, ie\u0161kantiems subalansuoto ir auk\u0161tos kokyb\u0117s mitybos su gausiu \u017euvies kiekiu.\" \/>\n<meta name=\"robots\" content=\"index, follow, max-snippet:-1, max-image-preview:large, max-video-preview:-1\" \/>\n<link rel=\"canonical\" href=\"https:\/\/anivet.lt\/elparduotuve\/produktas\/alpha-spirit-wild-fish-pasaras-sunims-su-zuvimi\/\" \/>\n<meta property=\"og:locale\" content=\"lt_LT\" \/>\n<meta property=\"og:type\" content=\"article\" \/>\n<meta property=\"og:title\" content=\"ALPHA SPIRIT WILD FISH pa\u0161aras \u0161unims su \u017euvimi\" \/>\n<meta property=\"og:description\" content=\"\u0160is pa\u0161aras yra puikus pasirinkimas vis\u0173 veisli\u0173 suaugusiems \u0161unims, ie\u0161kantiems subalansuoto ir auk\u0161tos kokyb\u0117s mitybos su gausiu \u017euvies kiekiu.\" \/>\n<meta property=\"og:url\" content=\"https:\/\/anivet.lt\/elparduotuve\/produktas\/alpha-spirit-wild-fish-pasaras-sunims-su-zuvimi\/\" \/>\n<meta property=\"og:site_name\" content=\"anivet.lt\" \/>\n<meta property=\"article:modified_time\" content=\"2026-05-06T07:47:52+00:00\" \/>\n<meta property=\"og:image\" content=\"https:\/\/anivet.lt\/elparduotuve\/wp-content\/uploads\/2024\/01\/ALPHA-SPIRIT-WILD-FISH-pasaras-sunims-su-zuvimi.jpg\" \/>\n\t<meta property=\"og:image:width\" content=\"650\" \/>\n\t<meta property=\"og:image:height\" content=\"650\" \/>\n\t<meta property=\"og:image:type\" content=\"image\/jpeg\" \/>\n<meta name=\"twitter:card\" content=\"summary_large_image\" \/>\n<meta name=\"twitter:label1\" content=\"Est. reading time\" \/>\n\t<meta name=\"twitter:data1\" content=\"1 minut\u0117\" \/>\n<script type=\"application\/ld+json\" class=\"yoast-schema-graph\">{\"@context\":\"https:\\\/\\\/schema.org\",\"@graph\":[{\"@type\":\"WebPage\",\"@id\":\"https:\\\/\\\/anivet.lt\\\/elparduotuve\\\/produktas\\\/alpha-spirit-wild-fish-pasaras-sunims-su-zuvimi\\\/\",\"url\":\"https:\\\/\\\/anivet.lt\\\/elparduotuve\\\/produktas\\\/alpha-spirit-wild-fish-pasaras-sunims-su-zuvimi\\\/\",\"name\":\"ALPHA SPIRIT WILD FISH pa\u0161aras \u0161unims su \u017euvimi - anivet.lt\",\"isPartOf\":{\"@id\":\"https:\\\/\\\/anivet.lt\\\/elparduotuve\\\/#website\"},\"primaryImageOfPage\":{\"@id\":\"https:\\\/\\\/anivet.lt\\\/elparduotuve\\\/produktas\\\/alpha-spirit-wild-fish-pasaras-sunims-su-zuvimi\\\/#primaryimage\"},\"image\":{\"@id\":\"https:\\\/\\\/anivet.lt\\\/elparduotuve\\\/produktas\\\/alpha-spirit-wild-fish-pasaras-sunims-su-zuvimi\\\/#primaryimage\"},\"thumbnailUrl\":\"https:\\\/\\\/anivet.lt\\\/elparduotuve\\\/wp-content\\\/uploads\\\/2024\\\/01\\\/ALPHA-SPIRIT-WILD-FISH-pasaras-sunims-su-zuvimi.jpg\",\"datePublished\":\"2024-01-17T09:35:52+00:00\",\"dateModified\":\"2026-05-06T07:47:52+00:00\",\"description\":\"\u0160is pa\u0161aras yra puikus pasirinkimas vis\u0173 veisli\u0173 suaugusiems \u0161unims, ie\u0161kantiems subalansuoto ir auk\u0161tos kokyb\u0117s mitybos su gausiu \u017euvies kiekiu.\",\"breadcrumb\":{\"@id\":\"https:\\\/\\\/anivet.lt\\\/elparduotuve\\\/produktas\\\/alpha-spirit-wild-fish-pasaras-sunims-su-zuvimi\\\/#breadcrumb\"},\"inLanguage\":\"lt-LT\",\"potentialAction\":[{\"@type\":\"ReadAction\",\"target\":[\"https:\\\/\\\/anivet.lt\\\/elparduotuve\\\/produktas\\\/alpha-spirit-wild-fish-pasaras-sunims-su-zuvimi\\\/\"]}]},{\"@type\":\"ImageObject\",\"inLanguage\":\"lt-LT\",\"@id\":\"https:\\\/\\\/anivet.lt\\\/elparduotuve\\\/produktas\\\/alpha-spirit-wild-fish-pasaras-sunims-su-zuvimi\\\/#primaryimage\",\"url\":\"https:\\\/\\\/anivet.lt\\\/elparduotuve\\\/wp-content\\\/uploads\\\/2024\\\/01\\\/ALPHA-SPIRIT-WILD-FISH-pasaras-sunims-su-zuvimi.jpg\",\"contentUrl\":\"https:\\\/\\\/anivet.lt\\\/elparduotuve\\\/wp-content\\\/uploads\\\/2024\\\/01\\\/ALPHA-SPIRIT-WILD-FISH-pasaras-sunims-su-zuvimi.jpg\",\"width\":650,\"height\":650,\"caption\":\"ALPHA SPIRIT WILD FISH pa\u0161aras \u0161unims su \u017euvimi\"},{\"@type\":\"BreadcrumbList\",\"@id\":\"https:\\\/\\\/anivet.lt\\\/elparduotuve\\\/produktas\\\/alpha-spirit-wild-fish-pasaras-sunims-su-zuvimi\\\/#breadcrumb\",\"itemListElement\":[{\"@type\":\"ListItem\",\"position\":1,\"name\":\"Home\",\"item\":\"https:\\\/\\\/anivet.lt\\\/elparduotuve\\\/\"},{\"@type\":\"ListItem\",\"position\":2,\"name\":\"Produktai\",\"item\":\"https:\\\/\\\/anivet.lt\\\/elparduotuve\\\/produktai\\\/\"},{\"@type\":\"ListItem\",\"position\":3,\"name\":\"ALPHA SPIRIT WILD FISH pa\u0161aras \u0161unims su \u017euvimi\"}]},{\"@type\":\"WebSite\",\"@id\":\"https:\\\/\\\/anivet.lt\\\/elparduotuve\\\/#website\",\"url\":\"https:\\\/\\\/anivet.lt\\\/elparduotuve\\\/\",\"name\":\"anivet.lt\",\"description\":\"Viskas J\u016bs\u0173 \u0161uns, kat\u0117s prie\u017ei\u016brai\",\"publisher\":{\"@id\":\"https:\\\/\\\/anivet.lt\\\/elparduotuve\\\/#organization\"},\"alternateName\":\"Viskas J\u016bs\u0173 \u0161uns, kat\u0117s prie\u017ei\u016brai\",\"potentialAction\":[{\"@type\":\"SearchAction\",\"target\":{\"@type\":\"EntryPoint\",\"urlTemplate\":\"https:\\\/\\\/anivet.lt\\\/elparduotuve\\\/?s={search_term_string}\"},\"query-input\":{\"@type\":\"PropertyValueSpecification\",\"valueRequired\":true,\"valueName\":\"search_term_string\"}}],\"inLanguage\":\"lt-LT\"},{\"@type\":\"Organization\",\"@id\":\"https:\\\/\\\/anivet.lt\\\/elparduotuve\\\/#organization\",\"name\":\"Viskas J\u016bs\u0173 \u0161uns, kat\u0117s prie\u017ei\u016brai\",\"url\":\"https:\\\/\\\/anivet.lt\\\/elparduotuve\\\/\",\"logo\":{\"@type\":\"ImageObject\",\"inLanguage\":\"lt-LT\",\"@id\":\"https:\\\/\\\/anivet.lt\\\/elparduotuve\\\/#\\\/schema\\\/logo\\\/image\\\/\",\"url\":\"https:\\\/\\\/anivet.lt\\\/elparduotuve\\\/wp-content\\\/uploads\\\/2023\\\/06\\\/logo2.jpg\",\"contentUrl\":\"https:\\\/\\\/anivet.lt\\\/elparduotuve\\\/wp-content\\\/uploads\\\/2023\\\/06\\\/logo2.jpg\",\"width\":655,\"height\":194,\"caption\":\"Viskas J\u016bs\u0173 \u0161uns, kat\u0117s prie\u017ei\u016brai\"},\"image\":{\"@id\":\"https:\\\/\\\/anivet.lt\\\/elparduotuve\\\/#\\\/schema\\\/logo\\\/image\\\/\"}}]}<\/script>\n<!-- \/ Yoast SEO Premium plugin. -->","yoast_head_json":{"title":"ALPHA SPIRIT WILD FISH pa\u0161aras \u0161unims su \u017euvimi - anivet.lt","description":"\u0160is pa\u0161aras yra puikus pasirinkimas vis\u0173 veisli\u0173 suaugusiems \u0161unims, ie\u0161kantiems subalansuoto ir auk\u0161tos kokyb\u0117s mitybos su gausiu \u017euvies kiekiu.","robots":{"index":"index","follow":"follow","max-snippet":"max-snippet:-1","max-image-preview":"max-image-preview:large","max-video-preview":"max-video-preview:-1"},"canonical":"https:\/\/anivet.lt\/elparduotuve\/produktas\/alpha-spirit-wild-fish-pasaras-sunims-su-zuvimi\/","og_locale":"lt_LT","og_type":"article","og_title":"ALPHA SPIRIT WILD FISH pa\u0161aras \u0161unims su \u017euvimi","og_description":"\u0160is pa\u0161aras yra puikus pasirinkimas vis\u0173 veisli\u0173 suaugusiems \u0161unims, ie\u0161kantiems subalansuoto ir auk\u0161tos kokyb\u0117s mitybos su gausiu \u017euvies kiekiu.","og_url":"https:\/\/anivet.lt\/elparduotuve\/produktas\/alpha-spirit-wild-fish-pasaras-sunims-su-zuvimi\/","og_site_name":"anivet.lt","article_modified_time":"2026-05-06T07:47:52+00:00","og_image":[{"width":650,"height":650,"url":"https:\/\/anivet.lt\/elparduotuve\/wp-content\/uploads\/2024\/01\/ALPHA-SPIRIT-WILD-FISH-pasaras-sunims-su-zuvimi.jpg","type":"image\/jpeg"}],"twitter_card":"summary_large_image","twitter_misc":{"Est. reading time":"1 minut\u0117"},"schema":{"@context":"https:\/\/schema.org","@graph":[{"@type":"WebPage","@id":"https:\/\/anivet.lt\/elparduotuve\/produktas\/alpha-spirit-wild-fish-pasaras-sunims-su-zuvimi\/","url":"https:\/\/anivet.lt\/elparduotuve\/produktas\/alpha-spirit-wild-fish-pasaras-sunims-su-zuvimi\/","name":"ALPHA SPIRIT WILD FISH pa\u0161aras \u0161unims su \u017euvimi - anivet.lt","isPartOf":{"@id":"https:\/\/anivet.lt\/elparduotuve\/#website"},"primaryImageOfPage":{"@id":"https:\/\/anivet.lt\/elparduotuve\/produktas\/alpha-spirit-wild-fish-pasaras-sunims-su-zuvimi\/#primaryimage"},"image":{"@id":"https:\/\/anivet.lt\/elparduotuve\/produktas\/alpha-spirit-wild-fish-pasaras-sunims-su-zuvimi\/#primaryimage"},"thumbnailUrl":"https:\/\/anivet.lt\/elparduotuve\/wp-content\/uploads\/2024\/01\/ALPHA-SPIRIT-WILD-FISH-pasaras-sunims-su-zuvimi.jpg","datePublished":"2024-01-17T09:35:52+00:00","dateModified":"2026-05-06T07:47:52+00:00","description":"\u0160is pa\u0161aras yra puikus pasirinkimas vis\u0173 veisli\u0173 suaugusiems \u0161unims, ie\u0161kantiems subalansuoto ir auk\u0161tos kokyb\u0117s mitybos su gausiu \u017euvies kiekiu.","breadcrumb":{"@id":"https:\/\/anivet.lt\/elparduotuve\/produktas\/alpha-spirit-wild-fish-pasaras-sunims-su-zuvimi\/#breadcrumb"},"inLanguage":"lt-LT","potentialAction":[{"@type":"ReadAction","target":["https:\/\/anivet.lt\/elparduotuve\/produktas\/alpha-spirit-wild-fish-pasaras-sunims-su-zuvimi\/"]}]},{"@type":"ImageObject","inLanguage":"lt-LT","@id":"https:\/\/anivet.lt\/elparduotuve\/produktas\/alpha-spirit-wild-fish-pasaras-sunims-su-zuvimi\/#primaryimage","url":"https:\/\/anivet.lt\/elparduotuve\/wp-content\/uploads\/2024\/01\/ALPHA-SPIRIT-WILD-FISH-pasaras-sunims-su-zuvimi.jpg","contentUrl":"https:\/\/anivet.lt\/elparduotuve\/wp-content\/uploads\/2024\/01\/ALPHA-SPIRIT-WILD-FISH-pasaras-sunims-su-zuvimi.jpg","width":650,"height":650,"caption":"ALPHA SPIRIT WILD FISH pa\u0161aras \u0161unims su \u017euvimi"},{"@type":"BreadcrumbList","@id":"https:\/\/anivet.lt\/elparduotuve\/produktas\/alpha-spirit-wild-fish-pasaras-sunims-su-zuvimi\/#breadcrumb","itemListElement":[{"@type":"ListItem","position":1,"name":"Home","item":"https:\/\/anivet.lt\/elparduotuve\/"},{"@type":"ListItem","position":2,"name":"Produktai","item":"https:\/\/anivet.lt\/elparduotuve\/produktai\/"},{"@type":"ListItem","position":3,"name":"ALPHA SPIRIT WILD FISH pa\u0161aras \u0161unims su \u017euvimi"}]},{"@type":"WebSite","@id":"https:\/\/anivet.lt\/elparduotuve\/#website","url":"https:\/\/anivet.lt\/elparduotuve\/","name":"anivet.lt","description":"Viskas J\u016bs\u0173 \u0161uns, kat\u0117s prie\u017ei\u016brai","publisher":{"@id":"https:\/\/anivet.lt\/elparduotuve\/#organization"},"alternateName":"Viskas J\u016bs\u0173 \u0161uns, kat\u0117s prie\u017ei\u016brai","potentialAction":[{"@type":"SearchAction","target":{"@type":"EntryPoint","urlTemplate":"https:\/\/anivet.lt\/elparduotuve\/?s={search_term_string}"},"query-input":{"@type":"PropertyValueSpecification","valueRequired":true,"valueName":"search_term_string"}}],"inLanguage":"lt-LT"},{"@type":"Organization","@id":"https:\/\/anivet.lt\/elparduotuve\/#organization","name":"Viskas J\u016bs\u0173 \u0161uns, kat\u0117s prie\u017ei\u016brai","url":"https:\/\/anivet.lt\/elparduotuve\/","logo":{"@type":"ImageObject","inLanguage":"lt-LT","@id":"https:\/\/anivet.lt\/elparduotuve\/#\/schema\/logo\/image\/","url":"https:\/\/anivet.lt\/elparduotuve\/wp-content\/uploads\/2023\/06\/logo2.jpg","contentUrl":"https:\/\/anivet.lt\/elparduotuve\/wp-content\/uploads\/2023\/06\/logo2.jpg","width":655,"height":194,"caption":"Viskas J\u016bs\u0173 \u0161uns, kat\u0117s prie\u017ei\u016brai"},"image":{"@id":"https:\/\/anivet.lt\/elparduotuve\/#\/schema\/logo\/image\/"}}]}},"_links":{"self":[{"href":"https:\/\/anivet.lt\/elparduotuve\/wp-json\/wp\/v2\/product\/12888","targetHints":{"allow":["GET"]}}],"collection":[{"href":"https:\/\/anivet.lt\/elparduotuve\/wp-json\/wp\/v2\/product"}],"about":[{"href":"https:\/\/anivet.lt\/elparduotuve\/wp-json\/wp\/v2\/types\/product"}],"wp:featuredmedia":[{"embeddable":true,"href":"https:\/\/anivet.lt\/elparduotuve\/wp-json\/wp\/v2\/media\/18530"}],"wp:attachment":[{"href":"https:\/\/anivet.lt\/elparduotuve\/wp-json\/wp\/v2\/media?parent=12888"}],"wp:term":[{"taxonomy":"product_brand","embeddable":true,"href":"https:\/\/anivet.lt\/elparduotuve\/wp-json\/wp\/v2\/product_brand?post=12888"},{"taxonomy":"product_cat","embeddable":true,"href":"https:\/\/anivet.lt\/elparduotuve\/wp-json\/wp\/v2\/product_cat?post=12888"},{"taxonomy":"product_tag","embeddable":true,"href":"https:\/\/anivet.lt\/elparduotuve\/wp-json\/wp\/v2\/product_tag?post=12888"}],"curies":[{"name":"wp","href":"https:\/\/api.w.org\/{rel}","templated":true}]}}