{"id":12926,"date":"2024-01-17T13:36:37","date_gmt":"2024-01-17T13:36:37","guid":{"rendered":"https:\/\/anivet.lt\/elparduotuve\/?post_type=product&#038;p=12926"},"modified":"2026-05-06T07:45:27","modified_gmt":"2026-05-06T07:45:27","slug":"alpha-spirit-konservai-katems-su-jautiena-200g","status":"publish","type":"product","link":"https:\/\/anivet.lt\/elparduotuve\/produktas\/alpha-spirit-konservai-katems-su-jautiena-200g\/","title":{"rendered":"Alpha Spirit Konservai Kat\u0117ms Su Jautiena 200g"},"content":{"rendered":"<ul>\n<li style=\"font-weight: 400;\" aria-level=\"1\"><span style=\"font-weight: 400;\">Auk\u0161tos kokyb\u0117s jautiena (94%): Puikus gyv\u016bnini\u0173 baltym\u0173 \u0161altinis, skatinantis raumen\u0173 stiprum\u0105 ir energij\u0105.<\/span><\/li>\n<li style=\"font-weight: 400;\" aria-level=\"1\"><span style=\"font-weight: 400;\">Prid\u0117tas taurinas: B\u016btinas sveikai \u0161irdies funkcijai, reg\u0117jimui ir bendrai gerovei palaikyti.<\/span><\/li>\n<li style=\"font-weight: 400;\" aria-level=\"1\"><span style=\"font-weight: 400;\">Vitamin\u0173 ir mineral\u0173 kompleksas: Vitaminai A, D3, E bei cinkas, manganas ir gele\u017eis prisideda prie stiprios imunin\u0117s sistemos.<\/span><\/li>\n<li style=\"font-weight: 400;\" aria-level=\"1\"><span style=\"font-weight: 400;\">Nat\u016bral\u016bs ingredientai: Sud\u0117tyje esantys dar\u017eov\u0117s, maniokai ir cukrini\u0173 runkeli\u0173 mink\u0161timas pagerina vir\u0161kinim\u0105 ir u\u017etikrina papildom\u0173 maistini\u0173 med\u017eiag\u0173.<\/span><\/li>\n<li style=\"font-weight: 400;\" aria-level=\"1\"><span style=\"font-weight: 400;\">Be dirbtini\u0173 pried\u0173: Sud\u0117tyje n\u0117ra dirbtini\u0173 da\u017eikli\u0173, kvapi\u0173j\u0173 med\u017eiag\u0173 ar konservant\u0173.<\/span><\/li>\n<\/ul>\n<p><span style=\"font-weight: 400;\">\u0160is pa\u0161aras yra puikus pasirinkimas kasdieniam naudojimui, u\u017etikrinant kat\u0117s energij\u0105, ger\u0105 savijaut\u0105 ir ilgalaik\u0119 sveikat\u0105. Tinka vis\u0173 veisli\u0173 kat\u0117ms.<\/span><\/p>\n","protected":false},"excerpt":{"rendered":"<p><span style=\"font-weight: 400;\">Visavertis pa\u0161aras, praturtintas auk\u0161tos kokyb\u0117s jautiena, u\u017etikrinantis subalansuot\u0105 mityb\u0105 ir puiki\u0105 j\u016bs\u0173 kat\u0117s sveikat\u0105. \u0160is nat\u016bralus ir maistingas maistas patiks net i\u0161rankiausiems augintiniams.<\/span><\/p>\n","protected":false},"featured_media":12927,"template":"","meta":[],"product_brand":[],"product_cat":[114,102,116],"product_tag":[],"class_list":{"0":"post-12926","1":"product","2":"type-product","3":"status-publish","4":"has-post-thumbnail","6":"product_cat-kaciu-maistas","7":"product_cat-katems","8":"product_cat-konservai-katems","9":"pa_prekinis-zenklas-alpha-spirit","11":"first","12":"outofstock","13":"taxable","14":"shipping-taxable","15":"purchasable","16":"product-type-variable"},"yoast_head":"<!-- This site is optimized with the Yoast SEO Premium plugin v27.1 (Yoast SEO v27.5) - https:\/\/yoast.com\/product\/yoast-seo-premium-wordpress\/ -->\n<title>Alpha Spirit Konservai Kat\u0117ms Su Jautiena 200g - anivet.lt<\/title>\n<meta name=\"description\" content=\"Visavertis pa\u0161aras, praturtintas auk\u0161tos kokyb\u0117s jautiena, u\u017etikrinantis subalansuot\u0105 mityb\u0105 ir puiki\u0105 j\u016bs\u0173 kat\u0117s sveikat\u0105. \u0160is nat\u016bralus ir maistingas maistas patiks net i\u0161rankiausiems augintiniams.\" \/>\n<meta name=\"robots\" content=\"index, follow, max-snippet:-1, max-image-preview:large, max-video-preview:-1\" \/>\n<link rel=\"canonical\" href=\"https:\/\/anivet.lt\/elparduotuve\/produktas\/alpha-spirit-konservai-katems-su-jautiena-200g\/\" \/>\n<meta property=\"og:locale\" content=\"lt_LT\" \/>\n<meta property=\"og:type\" content=\"article\" \/>\n<meta property=\"og:title\" content=\"Alpha Spirit Konservai Kat\u0117ms Su Jautiena 200g\" \/>\n<meta property=\"og:description\" content=\"Visavertis pa\u0161aras, praturtintas auk\u0161tos kokyb\u0117s jautiena, u\u017etikrinantis subalansuot\u0105 mityb\u0105 ir puiki\u0105 j\u016bs\u0173 kat\u0117s sveikat\u0105. \u0160is nat\u016bralus ir maistingas maistas patiks net i\u0161rankiausiems augintiniams.\" \/>\n<meta property=\"og:url\" content=\"https:\/\/anivet.lt\/elparduotuve\/produktas\/alpha-spirit-konservai-katems-su-jautiena-200g\/\" \/>\n<meta property=\"og:site_name\" content=\"anivet.lt\" \/>\n<meta property=\"article:modified_time\" content=\"2026-05-06T07:45:27+00:00\" \/>\n<meta property=\"og:image\" content=\"https:\/\/anivet.lt\/elparduotuve\/wp-content\/uploads\/2024\/01\/as-su-jautiena.jpg\" \/>\n\t<meta property=\"og:image:width\" content=\"800\" \/>\n\t<meta property=\"og:image:height\" content=\"800\" \/>\n\t<meta property=\"og:image:type\" content=\"image\/jpeg\" \/>\n<meta name=\"twitter:card\" content=\"summary_large_image\" \/>\n<meta name=\"twitter:label1\" content=\"Est. reading time\" \/>\n\t<meta name=\"twitter:data1\" content=\"1 minut\u0117\" \/>\n<script type=\"application\/ld+json\" class=\"yoast-schema-graph\">{\"@context\":\"https:\\\/\\\/schema.org\",\"@graph\":[{\"@type\":\"WebPage\",\"@id\":\"https:\\\/\\\/anivet.lt\\\/elparduotuve\\\/produktas\\\/alpha-spirit-konservai-katems-su-jautiena-200g\\\/\",\"url\":\"https:\\\/\\\/anivet.lt\\\/elparduotuve\\\/produktas\\\/alpha-spirit-konservai-katems-su-jautiena-200g\\\/\",\"name\":\"Alpha Spirit Konservai Kat\u0117ms Su Jautiena 200g - anivet.lt\",\"isPartOf\":{\"@id\":\"https:\\\/\\\/anivet.lt\\\/elparduotuve\\\/#website\"},\"primaryImageOfPage\":{\"@id\":\"https:\\\/\\\/anivet.lt\\\/elparduotuve\\\/produktas\\\/alpha-spirit-konservai-katems-su-jautiena-200g\\\/#primaryimage\"},\"image\":{\"@id\":\"https:\\\/\\\/anivet.lt\\\/elparduotuve\\\/produktas\\\/alpha-spirit-konservai-katems-su-jautiena-200g\\\/#primaryimage\"},\"thumbnailUrl\":\"https:\\\/\\\/anivet.lt\\\/elparduotuve\\\/wp-content\\\/uploads\\\/2024\\\/01\\\/as-su-jautiena.jpg\",\"datePublished\":\"2024-01-17T13:36:37+00:00\",\"dateModified\":\"2026-05-06T07:45:27+00:00\",\"description\":\"Visavertis pa\u0161aras, praturtintas auk\u0161tos kokyb\u0117s jautiena, u\u017etikrinantis subalansuot\u0105 mityb\u0105 ir puiki\u0105 j\u016bs\u0173 kat\u0117s sveikat\u0105. \u0160is nat\u016bralus ir maistingas maistas patiks net i\u0161rankiausiems augintiniams.\",\"breadcrumb\":{\"@id\":\"https:\\\/\\\/anivet.lt\\\/elparduotuve\\\/produktas\\\/alpha-spirit-konservai-katems-su-jautiena-200g\\\/#breadcrumb\"},\"inLanguage\":\"lt-LT\",\"potentialAction\":[{\"@type\":\"ReadAction\",\"target\":[\"https:\\\/\\\/anivet.lt\\\/elparduotuve\\\/produktas\\\/alpha-spirit-konservai-katems-su-jautiena-200g\\\/\"]}]},{\"@type\":\"ImageObject\",\"inLanguage\":\"lt-LT\",\"@id\":\"https:\\\/\\\/anivet.lt\\\/elparduotuve\\\/produktas\\\/alpha-spirit-konservai-katems-su-jautiena-200g\\\/#primaryimage\",\"url\":\"https:\\\/\\\/anivet.lt\\\/elparduotuve\\\/wp-content\\\/uploads\\\/2024\\\/01\\\/as-su-jautiena.jpg\",\"contentUrl\":\"https:\\\/\\\/anivet.lt\\\/elparduotuve\\\/wp-content\\\/uploads\\\/2024\\\/01\\\/as-su-jautiena.jpg\",\"width\":800,\"height\":800,\"caption\":\"Alpha Spirit Konservai Kat\u0117ms Su Jautiena 200g\"},{\"@type\":\"BreadcrumbList\",\"@id\":\"https:\\\/\\\/anivet.lt\\\/elparduotuve\\\/produktas\\\/alpha-spirit-konservai-katems-su-jautiena-200g\\\/#breadcrumb\",\"itemListElement\":[{\"@type\":\"ListItem\",\"position\":1,\"name\":\"Home\",\"item\":\"https:\\\/\\\/anivet.lt\\\/elparduotuve\\\/\"},{\"@type\":\"ListItem\",\"position\":2,\"name\":\"Produktai\",\"item\":\"https:\\\/\\\/anivet.lt\\\/elparduotuve\\\/produktai\\\/\"},{\"@type\":\"ListItem\",\"position\":3,\"name\":\"Alpha Spirit Konservai Kat\u0117ms Su Jautiena 200g\"}]},{\"@type\":\"WebSite\",\"@id\":\"https:\\\/\\\/anivet.lt\\\/elparduotuve\\\/#website\",\"url\":\"https:\\\/\\\/anivet.lt\\\/elparduotuve\\\/\",\"name\":\"anivet.lt\",\"description\":\"Viskas J\u016bs\u0173 \u0161uns, kat\u0117s prie\u017ei\u016brai\",\"publisher\":{\"@id\":\"https:\\\/\\\/anivet.lt\\\/elparduotuve\\\/#organization\"},\"alternateName\":\"Viskas J\u016bs\u0173 \u0161uns, kat\u0117s prie\u017ei\u016brai\",\"potentialAction\":[{\"@type\":\"SearchAction\",\"target\":{\"@type\":\"EntryPoint\",\"urlTemplate\":\"https:\\\/\\\/anivet.lt\\\/elparduotuve\\\/?s={search_term_string}\"},\"query-input\":{\"@type\":\"PropertyValueSpecification\",\"valueRequired\":true,\"valueName\":\"search_term_string\"}}],\"inLanguage\":\"lt-LT\"},{\"@type\":\"Organization\",\"@id\":\"https:\\\/\\\/anivet.lt\\\/elparduotuve\\\/#organization\",\"name\":\"Viskas J\u016bs\u0173 \u0161uns, kat\u0117s prie\u017ei\u016brai\",\"url\":\"https:\\\/\\\/anivet.lt\\\/elparduotuve\\\/\",\"logo\":{\"@type\":\"ImageObject\",\"inLanguage\":\"lt-LT\",\"@id\":\"https:\\\/\\\/anivet.lt\\\/elparduotuve\\\/#\\\/schema\\\/logo\\\/image\\\/\",\"url\":\"https:\\\/\\\/anivet.lt\\\/elparduotuve\\\/wp-content\\\/uploads\\\/2023\\\/06\\\/logo2.jpg\",\"contentUrl\":\"https:\\\/\\\/anivet.lt\\\/elparduotuve\\\/wp-content\\\/uploads\\\/2023\\\/06\\\/logo2.jpg\",\"width\":655,\"height\":194,\"caption\":\"Viskas J\u016bs\u0173 \u0161uns, kat\u0117s prie\u017ei\u016brai\"},\"image\":{\"@id\":\"https:\\\/\\\/anivet.lt\\\/elparduotuve\\\/#\\\/schema\\\/logo\\\/image\\\/\"}}]}<\/script>\n<!-- \/ Yoast SEO Premium plugin. -->","yoast_head_json":{"title":"Alpha Spirit Konservai Kat\u0117ms Su Jautiena 200g - anivet.lt","description":"Visavertis pa\u0161aras, praturtintas auk\u0161tos kokyb\u0117s jautiena, u\u017etikrinantis subalansuot\u0105 mityb\u0105 ir puiki\u0105 j\u016bs\u0173 kat\u0117s sveikat\u0105. \u0160is nat\u016bralus ir maistingas maistas patiks net i\u0161rankiausiems augintiniams.","robots":{"index":"index","follow":"follow","max-snippet":"max-snippet:-1","max-image-preview":"max-image-preview:large","max-video-preview":"max-video-preview:-1"},"canonical":"https:\/\/anivet.lt\/elparduotuve\/produktas\/alpha-spirit-konservai-katems-su-jautiena-200g\/","og_locale":"lt_LT","og_type":"article","og_title":"Alpha Spirit Konservai Kat\u0117ms Su Jautiena 200g","og_description":"Visavertis pa\u0161aras, praturtintas auk\u0161tos kokyb\u0117s jautiena, u\u017etikrinantis subalansuot\u0105 mityb\u0105 ir puiki\u0105 j\u016bs\u0173 kat\u0117s sveikat\u0105. \u0160is nat\u016bralus ir maistingas maistas patiks net i\u0161rankiausiems augintiniams.","og_url":"https:\/\/anivet.lt\/elparduotuve\/produktas\/alpha-spirit-konservai-katems-su-jautiena-200g\/","og_site_name":"anivet.lt","article_modified_time":"2026-05-06T07:45:27+00:00","og_image":[{"width":800,"height":800,"url":"https:\/\/anivet.lt\/elparduotuve\/wp-content\/uploads\/2024\/01\/as-su-jautiena.jpg","type":"image\/jpeg"}],"twitter_card":"summary_large_image","twitter_misc":{"Est. reading time":"1 minut\u0117"},"schema":{"@context":"https:\/\/schema.org","@graph":[{"@type":"WebPage","@id":"https:\/\/anivet.lt\/elparduotuve\/produktas\/alpha-spirit-konservai-katems-su-jautiena-200g\/","url":"https:\/\/anivet.lt\/elparduotuve\/produktas\/alpha-spirit-konservai-katems-su-jautiena-200g\/","name":"Alpha Spirit Konservai Kat\u0117ms Su Jautiena 200g - anivet.lt","isPartOf":{"@id":"https:\/\/anivet.lt\/elparduotuve\/#website"},"primaryImageOfPage":{"@id":"https:\/\/anivet.lt\/elparduotuve\/produktas\/alpha-spirit-konservai-katems-su-jautiena-200g\/#primaryimage"},"image":{"@id":"https:\/\/anivet.lt\/elparduotuve\/produktas\/alpha-spirit-konservai-katems-su-jautiena-200g\/#primaryimage"},"thumbnailUrl":"https:\/\/anivet.lt\/elparduotuve\/wp-content\/uploads\/2024\/01\/as-su-jautiena.jpg","datePublished":"2024-01-17T13:36:37+00:00","dateModified":"2026-05-06T07:45:27+00:00","description":"Visavertis pa\u0161aras, praturtintas auk\u0161tos kokyb\u0117s jautiena, u\u017etikrinantis subalansuot\u0105 mityb\u0105 ir puiki\u0105 j\u016bs\u0173 kat\u0117s sveikat\u0105. \u0160is nat\u016bralus ir maistingas maistas patiks net i\u0161rankiausiems augintiniams.","breadcrumb":{"@id":"https:\/\/anivet.lt\/elparduotuve\/produktas\/alpha-spirit-konservai-katems-su-jautiena-200g\/#breadcrumb"},"inLanguage":"lt-LT","potentialAction":[{"@type":"ReadAction","target":["https:\/\/anivet.lt\/elparduotuve\/produktas\/alpha-spirit-konservai-katems-su-jautiena-200g\/"]}]},{"@type":"ImageObject","inLanguage":"lt-LT","@id":"https:\/\/anivet.lt\/elparduotuve\/produktas\/alpha-spirit-konservai-katems-su-jautiena-200g\/#primaryimage","url":"https:\/\/anivet.lt\/elparduotuve\/wp-content\/uploads\/2024\/01\/as-su-jautiena.jpg","contentUrl":"https:\/\/anivet.lt\/elparduotuve\/wp-content\/uploads\/2024\/01\/as-su-jautiena.jpg","width":800,"height":800,"caption":"Alpha Spirit Konservai Kat\u0117ms Su Jautiena 200g"},{"@type":"BreadcrumbList","@id":"https:\/\/anivet.lt\/elparduotuve\/produktas\/alpha-spirit-konservai-katems-su-jautiena-200g\/#breadcrumb","itemListElement":[{"@type":"ListItem","position":1,"name":"Home","item":"https:\/\/anivet.lt\/elparduotuve\/"},{"@type":"ListItem","position":2,"name":"Produktai","item":"https:\/\/anivet.lt\/elparduotuve\/produktai\/"},{"@type":"ListItem","position":3,"name":"Alpha Spirit Konservai Kat\u0117ms Su Jautiena 200g"}]},{"@type":"WebSite","@id":"https:\/\/anivet.lt\/elparduotuve\/#website","url":"https:\/\/anivet.lt\/elparduotuve\/","name":"anivet.lt","description":"Viskas J\u016bs\u0173 \u0161uns, kat\u0117s prie\u017ei\u016brai","publisher":{"@id":"https:\/\/anivet.lt\/elparduotuve\/#organization"},"alternateName":"Viskas J\u016bs\u0173 \u0161uns, kat\u0117s prie\u017ei\u016brai","potentialAction":[{"@type":"SearchAction","target":{"@type":"EntryPoint","urlTemplate":"https:\/\/anivet.lt\/elparduotuve\/?s={search_term_string}"},"query-input":{"@type":"PropertyValueSpecification","valueRequired":true,"valueName":"search_term_string"}}],"inLanguage":"lt-LT"},{"@type":"Organization","@id":"https:\/\/anivet.lt\/elparduotuve\/#organization","name":"Viskas J\u016bs\u0173 \u0161uns, kat\u0117s prie\u017ei\u016brai","url":"https:\/\/anivet.lt\/elparduotuve\/","logo":{"@type":"ImageObject","inLanguage":"lt-LT","@id":"https:\/\/anivet.lt\/elparduotuve\/#\/schema\/logo\/image\/","url":"https:\/\/anivet.lt\/elparduotuve\/wp-content\/uploads\/2023\/06\/logo2.jpg","contentUrl":"https:\/\/anivet.lt\/elparduotuve\/wp-content\/uploads\/2023\/06\/logo2.jpg","width":655,"height":194,"caption":"Viskas J\u016bs\u0173 \u0161uns, kat\u0117s prie\u017ei\u016brai"},"image":{"@id":"https:\/\/anivet.lt\/elparduotuve\/#\/schema\/logo\/image\/"}}]}},"_links":{"self":[{"href":"https:\/\/anivet.lt\/elparduotuve\/wp-json\/wp\/v2\/product\/12926","targetHints":{"allow":["GET"]}}],"collection":[{"href":"https:\/\/anivet.lt\/elparduotuve\/wp-json\/wp\/v2\/product"}],"about":[{"href":"https:\/\/anivet.lt\/elparduotuve\/wp-json\/wp\/v2\/types\/product"}],"wp:featuredmedia":[{"embeddable":true,"href":"https:\/\/anivet.lt\/elparduotuve\/wp-json\/wp\/v2\/media\/12927"}],"wp:attachment":[{"href":"https:\/\/anivet.lt\/elparduotuve\/wp-json\/wp\/v2\/media?parent=12926"}],"wp:term":[{"taxonomy":"product_brand","embeddable":true,"href":"https:\/\/anivet.lt\/elparduotuve\/wp-json\/wp\/v2\/product_brand?post=12926"},{"taxonomy":"product_cat","embeddable":true,"href":"https:\/\/anivet.lt\/elparduotuve\/wp-json\/wp\/v2\/product_cat?post=12926"},{"taxonomy":"product_tag","embeddable":true,"href":"https:\/\/anivet.lt\/elparduotuve\/wp-json\/wp\/v2\/product_tag?post=12926"}],"curies":[{"name":"wp","href":"https:\/\/api.w.org\/{rel}","templated":true}]}}